{"id":997,"date":"2024-10-25T14:34:57","date_gmt":"2024-10-25T07:34:57","guid":{"rendered":"https:\/\/nge.123websitedev.com\/san-pham\/quat-so-4020-blower-fan-24v-cho-may-in-3d\/"},"modified":"2024-10-29T17:17:06","modified_gmt":"2024-10-29T10:17:06","slug":"quat-so-4020-blower-fan-24v-cho-may-in-3d","status":"publish","type":"product","link":"https:\/\/nge.vn\/en\/product\/quat-so-4020-blower-fan-24v-cho-may-in-3d\/","title":{"rendered":"Qu\u1ea1t s\u00f2 4020 Blower Fan 24V cho m\u00e1y in 3D"},"content":{"rendered":"<p>Qu\u1ea1t s\u00f2 4020 Blower Fan 24V cho m\u00e1y in 3D<\/p>\n<p>_Thay th\u1ebf d\u1ec5 d\u00e0ng<br \/>\n_T\u1ea3n nhi\u1ec7t hi\u1ec7u qu\u1ea3<br \/>\n_Im l\u1eb7ng v\u00e0 ti\u1ebfng \u1ed3n th\u1ea5p<\/p>\n<p>Ba l\u1ee3i th\u1ebf c\u1ed1t l\u00f5i<br \/>\nT\u0103ng c\u01b0\u1eddng to\u00e0n di\u1ec7n<\/p>\n<p>_C\u00e0i \u0111\u1eb7t d\u1ec5 d\u00e0ng ch\u1ec9 v\u1edbi 4 b\u01b0\u1edbc:<br \/>\nKh\u00f4ng c\u1ea7n th\u00e1o r\u1eddi bo m\u1ea1ch ch\u1ee7, d\u00e2y n\u1ecbt, v.v. m\u00e0 ch\u1ec9 c\u1ea7n thay d\u00e2y k\u1ebft n\u1ed1i<\/p>\n<p>T\u1ea3n nhi\u1ec7t l\u00f5i c\u1ee9ng \u0111\u1ec3 t\u0103ng t\u1ed1c qu\u00e1 tr\u00ecnh b\u1ea3o d\u01b0\u1ee1ng m\u00f4 h\u00ecnh<br \/>\nN\u0103ng l\u01b0\u1ee3ng gi\u00f3 m\u1ea1nh, m\u00f4 h\u00ecnh in nhanh ch\u00f3ng \u0111\u00f3ng r\u1eafn v\u00e0 \u0111\u00fac \u1ed5n \u0111\u1ecbnh<\/p>\n<p>_Product Information:<br \/>\n+Product name: 4020 Blower Cooling Fan<br \/>\n+Voltage: 24V<br \/>\n+Product Size: Blower Cooling Fan: 40*20mm<br \/>\n                        Wire length:  150mm<br \/>\n+Weight: Net Weight: 24g<br \/>\n               Gross Weight: 28<\/p>\n<p>_S\u1eed d\u1ee5ng cho (Compatible Models):<br \/>\n+Motherboard: Ender-6, CR-5 Pro H(CT-380), CR-5 Pro, CR-X, CR-X Pro, CR-10S Pro V2<br \/>\n+Hotend: CR-10 Max, CR-2020, CR20 Pro, CR-10S Pro V2, Ender-7, CR-10 Max, CR-10S PRO, Sermoon D1<\/p>\n<p>**\u0110\u1ec3 \u0111\u01b0\u1ee3c nh\u1eadn h\u1ed9 tr\u1ee3 th\u00eam v\u1ec1 Gi\u00e1 v\u00e0 Th\u00f4ng tin c\u1ee7a s\u1ea3n ph\u1ea9m, vui l\u00f2ng li\u00ean h\u1ec7:<br \/>\n    0913.939.775 g\u1eb7p A. Qu\u00e2n (for English)<br \/>\n    094.144.0951 contact A.Quynh<br \/>\n**Selling price does not include VAT (+10% if VAT invoice is issued)<\/p>","protected":false},"excerpt":{"rendered":"<p>Qu\u1ea1t s\u00f2 4020 Blower Fan 24V cho m\u00e1y in 3D<\/p>","protected":false},"featured_media":988,"comment_status":"open","ping_status":"closed","template":"","meta":{"inline_featured_image":false},"product_brand":[],"product_cat":[40,459],"product_tag":[],"class_list":{"0":"post-997","1":"product","2":"type-product","3":"status-publish","4":"has-post-thumbnail","6":"product_cat-linh-kien-va-phu-kien","7":"product_cat-quat-va-day-belt-truc","9":"first","10":"instock","11":"taxable","12":"shipping-taxable","13":"purchasable","14":"product-type-simple"},"yoast_head":"<!-- This site is optimized with the Yoast SEO Premium plugin v22.8 (Yoast SEO v26.9) - https:\/\/yoast.com\/product\/yoast-seo-premium-wordpress\/ -->\n<title>Qu\u1ea1t s\u00f2 4020 Blower Fan 24V cho m\u00e1y in 3D - NGE 3D Printers Services<\/title>\n<meta name=\"robots\" content=\"index, follow, max-snippet:-1, max-image-preview:large, max-video-preview:-1\" \/>\n<link rel=\"canonical\" href=\"https:\/\/nge.vn\/en\/product\/quat-so-4020-blower-fan-24v-cho-may-in-3d\/\" \/>\n<meta property=\"og:locale\" content=\"en_US\" \/>\n<meta property=\"og:type\" content=\"article\" \/>\n<meta property=\"og:title\" content=\"Qu\u1ea1t s\u00f2 4020 Blower Fan 24V cho m\u00e1y in 3D\" \/>\n<meta property=\"og:description\" content=\"Qu\u1ea1t s\u00f2 4020 Blower Fan 24V cho m\u00e1y in 3D\" \/>\n<meta property=\"og:url\" content=\"https:\/\/nge.vn\/en\/product\/quat-so-4020-blower-fan-24v-cho-may-in-3d\/\" \/>\n<meta property=\"og:site_name\" content=\"NGE 3D Printers Services\" \/>\n<meta property=\"article:modified_time\" content=\"2024-10-29T10:17:06+00:00\" \/>\n<meta property=\"og:image\" content=\"https:\/\/nge.vn\/wp-content\/uploads\/2024\/10\/images-upload-woo2Fe3157e42fcf1dc3e297f2344d3e166bc.jpg\" \/>\n\t<meta property=\"og:image:width\" content=\"1000\" \/>\n\t<meta property=\"og:image:height\" content=\"1000\" \/>\n\t<meta property=\"og:image:type\" content=\"image\/jpeg\" \/>\n<meta name=\"twitter:card\" content=\"summary_large_image\" \/>\n<meta name=\"twitter:label1\" content=\"Est. reading time\" \/>\n\t<meta name=\"twitter:data1\" content=\"1 minute\" \/>\n<script type=\"application\/ld+json\" class=\"yoast-schema-graph\">{\"@context\":\"https:\/\/schema.org\",\"@graph\":[{\"@type\":\"WebPage\",\"@id\":\"https:\/\/nge.vn\/san-pham\/quat-so-4020-blower-fan-24v-cho-may-in-3d\/\",\"url\":\"https:\/\/nge.vn\/san-pham\/quat-so-4020-blower-fan-24v-cho-may-in-3d\/\",\"name\":\"Qu\u1ea1t s\u00f2 4020 Blower Fan 24V cho m\u00e1y in 3D - NGE 3D Printers Services\",\"isPartOf\":{\"@id\":\"https:\/\/nge.vn\/#website\"},\"primaryImageOfPage\":{\"@id\":\"https:\/\/nge.vn\/san-pham\/quat-so-4020-blower-fan-24v-cho-may-in-3d\/#primaryimage\"},\"image\":{\"@id\":\"https:\/\/nge.vn\/san-pham\/quat-so-4020-blower-fan-24v-cho-may-in-3d\/#primaryimage\"},\"thumbnailUrl\":\"https:\/\/nge.vn\/wp-content\/uploads\/2024\/10\/images-upload-woo2Fe3157e42fcf1dc3e297f2344d3e166bc.jpg\",\"datePublished\":\"2024-10-25T07:34:57+00:00\",\"dateModified\":\"2024-10-29T10:17:06+00:00\",\"breadcrumb\":{\"@id\":\"https:\/\/nge.vn\/san-pham\/quat-so-4020-blower-fan-24v-cho-may-in-3d\/#breadcrumb\"},\"inLanguage\":\"en-US\",\"potentialAction\":[{\"@type\":\"ReadAction\",\"target\":[\"https:\/\/nge.vn\/san-pham\/quat-so-4020-blower-fan-24v-cho-may-in-3d\/\"]}]},{\"@type\":\"ImageObject\",\"inLanguage\":\"en-US\",\"@id\":\"https:\/\/nge.vn\/san-pham\/quat-so-4020-blower-fan-24v-cho-may-in-3d\/#primaryimage\",\"url\":\"https:\/\/nge.vn\/wp-content\/uploads\/2024\/10\/images-upload-woo2Fe3157e42fcf1dc3e297f2344d3e166bc.jpg\",\"contentUrl\":\"https:\/\/nge.vn\/wp-content\/uploads\/2024\/10\/images-upload-woo2Fe3157e42fcf1dc3e297f2344d3e166bc.jpg\",\"width\":1000,\"height\":1000},{\"@type\":\"BreadcrumbList\",\"@id\":\"https:\/\/nge.vn\/san-pham\/quat-so-4020-blower-fan-24v-cho-may-in-3d\/#breadcrumb\",\"itemListElement\":[{\"@type\":\"ListItem\",\"position\":1,\"name\":\"Trang ch\u1ee7\",\"item\":\"https:\/\/nge.vn\/\"},{\"@type\":\"ListItem\",\"position\":2,\"name\":\"S\u1ea3n ph\u1ea9m\",\"item\":\"https:\/\/nge.vn\/san-pham\/\"},{\"@type\":\"ListItem\",\"position\":3,\"name\":\"Qu\u1ea1t s\u00f2 4020 Blower Fan 24V cho m\u00e1y in 3D\"}]},{\"@type\":\"WebSite\",\"@id\":\"https:\/\/nge.vn\/#website\",\"url\":\"https:\/\/nge.vn\/\",\"name\":\"NGE 3D Printers Services\",\"description\":\"\",\"potentialAction\":[{\"@type\":\"SearchAction\",\"target\":{\"@type\":\"EntryPoint\",\"urlTemplate\":\"https:\/\/nge.vn\/?s={search_term_string}\"},\"query-input\":{\"@type\":\"PropertyValueSpecification\",\"valueRequired\":true,\"valueName\":\"search_term_string\"}}],\"inLanguage\":\"en-US\"}]}<\/script>\n<!-- \/ Yoast SEO Premium plugin. -->","yoast_head_json":{"title":"Qu\u1ea1t s\u00f2 4020 Blower Fan 24V cho m\u00e1y in 3D - NGE 3D Printers Services","robots":{"index":"index","follow":"follow","max-snippet":"max-snippet:-1","max-image-preview":"max-image-preview:large","max-video-preview":"max-video-preview:-1"},"canonical":"https:\/\/nge.vn\/en\/product\/quat-so-4020-blower-fan-24v-cho-may-in-3d\/","og_locale":"en_US","og_type":"article","og_title":"Qu\u1ea1t s\u00f2 4020 Blower Fan 24V cho m\u00e1y in 3D","og_description":"Qu\u1ea1t s\u00f2 4020 Blower Fan 24V cho m\u00e1y in 3D","og_url":"https:\/\/nge.vn\/en\/product\/quat-so-4020-blower-fan-24v-cho-may-in-3d\/","og_site_name":"NGE 3D Printers Services","article_modified_time":"2024-10-29T10:17:06+00:00","og_image":[{"width":1000,"height":1000,"url":"https:\/\/nge.vn\/wp-content\/uploads\/2024\/10\/images-upload-woo2Fe3157e42fcf1dc3e297f2344d3e166bc.jpg","type":"image\/jpeg"}],"twitter_card":"summary_large_image","twitter_misc":{"Est. reading time":"1 minute"},"schema":{"@context":"https:\/\/schema.org","@graph":[{"@type":"WebPage","@id":"https:\/\/nge.vn\/san-pham\/quat-so-4020-blower-fan-24v-cho-may-in-3d\/","url":"https:\/\/nge.vn\/san-pham\/quat-so-4020-blower-fan-24v-cho-may-in-3d\/","name":"Qu\u1ea1t s\u00f2 4020 Blower Fan 24V cho m\u00e1y in 3D - NGE 3D Printers Services","isPartOf":{"@id":"https:\/\/nge.vn\/#website"},"primaryImageOfPage":{"@id":"https:\/\/nge.vn\/san-pham\/quat-so-4020-blower-fan-24v-cho-may-in-3d\/#primaryimage"},"image":{"@id":"https:\/\/nge.vn\/san-pham\/quat-so-4020-blower-fan-24v-cho-may-in-3d\/#primaryimage"},"thumbnailUrl":"https:\/\/nge.vn\/wp-content\/uploads\/2024\/10\/images-upload-woo2Fe3157e42fcf1dc3e297f2344d3e166bc.jpg","datePublished":"2024-10-25T07:34:57+00:00","dateModified":"2024-10-29T10:17:06+00:00","breadcrumb":{"@id":"https:\/\/nge.vn\/san-pham\/quat-so-4020-blower-fan-24v-cho-may-in-3d\/#breadcrumb"},"inLanguage":"en-US","potentialAction":[{"@type":"ReadAction","target":["https:\/\/nge.vn\/san-pham\/quat-so-4020-blower-fan-24v-cho-may-in-3d\/"]}]},{"@type":"ImageObject","inLanguage":"en-US","@id":"https:\/\/nge.vn\/san-pham\/quat-so-4020-blower-fan-24v-cho-may-in-3d\/#primaryimage","url":"https:\/\/nge.vn\/wp-content\/uploads\/2024\/10\/images-upload-woo2Fe3157e42fcf1dc3e297f2344d3e166bc.jpg","contentUrl":"https:\/\/nge.vn\/wp-content\/uploads\/2024\/10\/images-upload-woo2Fe3157e42fcf1dc3e297f2344d3e166bc.jpg","width":1000,"height":1000},{"@type":"BreadcrumbList","@id":"https:\/\/nge.vn\/san-pham\/quat-so-4020-blower-fan-24v-cho-may-in-3d\/#breadcrumb","itemListElement":[{"@type":"ListItem","position":1,"name":"Trang ch\u1ee7","item":"https:\/\/nge.vn\/"},{"@type":"ListItem","position":2,"name":"S\u1ea3n ph\u1ea9m","item":"https:\/\/nge.vn\/san-pham\/"},{"@type":"ListItem","position":3,"name":"Qu\u1ea1t s\u00f2 4020 Blower Fan 24V cho m\u00e1y in 3D"}]},{"@type":"WebSite","@id":"https:\/\/nge.vn\/#website","url":"https:\/\/nge.vn\/","name":"NGE 3D Printers Services","description":"","potentialAction":[{"@type":"SearchAction","target":{"@type":"EntryPoint","urlTemplate":"https:\/\/nge.vn\/?s={search_term_string}"},"query-input":{"@type":"PropertyValueSpecification","valueRequired":true,"valueName":"search_term_string"}}],"inLanguage":"en-US"}]}},"_links":{"self":[{"href":"https:\/\/nge.vn\/en\/wp-json\/wp\/v2\/product\/997","targetHints":{"allow":["GET"]}}],"collection":[{"href":"https:\/\/nge.vn\/en\/wp-json\/wp\/v2\/product"}],"about":[{"href":"https:\/\/nge.vn\/en\/wp-json\/wp\/v2\/types\/product"}],"replies":[{"embeddable":true,"href":"https:\/\/nge.vn\/en\/wp-json\/wp\/v2\/comments?post=997"}],"wp:featuredmedia":[{"embeddable":true,"href":"https:\/\/nge.vn\/en\/wp-json\/wp\/v2\/media\/988"}],"wp:attachment":[{"href":"https:\/\/nge.vn\/en\/wp-json\/wp\/v2\/media?parent=997"}],"wp:term":[{"taxonomy":"product_brand","embeddable":true,"href":"https:\/\/nge.vn\/en\/wp-json\/wp\/v2\/product_brand?post=997"},{"taxonomy":"product_cat","embeddable":true,"href":"https:\/\/nge.vn\/en\/wp-json\/wp\/v2\/product_cat?post=997"},{"taxonomy":"product_tag","embeddable":true,"href":"https:\/\/nge.vn\/en\/wp-json\/wp\/v2\/product_tag?post=997"}],"curies":[{"name":"wp","href":"https:\/\/api.w.org\/{rel}","templated":true}]}}