{"id":987,"date":"2024-10-25T14:33:01","date_gmt":"2024-10-25T07:33:01","guid":{"rendered":"https:\/\/nge.123websitedev.com\/san-pham\/day-dai-timing-belt-2gt-ban-w6-dai-l2000mm-cho-may-in-3d\/"},"modified":"2024-10-29T17:16:38","modified_gmt":"2024-10-29T10:16:38","slug":"day-dai-timing-belt-2gt-ban-w6-dai-l2000mm-cho-may-in-3d","status":"publish","type":"product","link":"https:\/\/nge.vn\/en\/product\/day-dai-timing-belt-2gt-ban-w6-dai-l2000mm-cho-may-in-3d\/","title":{"rendered":"D\u00e2y \u0111ai Timing Belt 2GT b\u1ea3n W6 d\u00e0i L2000mm cho m\u00e1y in 3d"},"content":{"rendered":"<p>D\u00e2y \u0111ai Timing Belt 2GT b\u1ea3n W6 d\u00e0i L2000mm cho m\u00e1y in 3d<br \/>\n_\u0110ai th\u1eddi gian 2GT b\u1ea3n r\u1ed9ng W6 c\u00f3 chi\u1ec1u d\u00e0i L2000mm v\u1edbi 2 chi\u1ebfc tay \u00e1o b\u1eb1ng \u0111\u1ed3ng<br \/>\n_Product Information:<br \/>\n+Packing Size\uff1a180+50\u00d7180mm<br \/>\n+G.W\uff1a123g<br \/>\n+N.W.\uff1a98g<br \/>\n+Material: Rubber<\/p>\n<p>_S\u1eed d\u1ee5ng cho c\u00e1c m\u00e1y in 3d: CR-10S5, CR-10S, Ender-5 Plus, CR-10S4, CR-6 MAX, CR-10, CR-10 Max, CR-10 V2, CR-10 V3, CR-5 Pro H, CR-5 Pro, Ender-2 Pro&#8230;c\u1ee7a Creality v\u00e0 m\u00e1y FLSUN Q5&#8230;.v\u00e0 c\u00e1c lo\u1ea1i m\u00e1y in 3d DIY tr\u00ean th\u1ecb tr\u01b0\u1eddng<\/p>\n<p>_Package Includes:<br \/>\n1* Timing Belt 2GT W6 L2000<br \/>\n2* Copper Buckles<\/p>\n<p>**\u0110\u1ec3 \u0111\u01b0\u1ee3c nh\u1eadn h\u1ed9 tr\u1ee3 th\u00eam v\u1ec1 Gi\u00e1 v\u00e0 Th\u00f4ng tin c\u1ee7a s\u1ea3n ph\u1ea9m, vui l\u00f2ng li\u00ean h\u1ec7:<br \/>\n           0913.939.775 g\u1eb7p A. Qu\u00e2n (for English)<br \/>\n           094.144.0951 contact A.Quynh<br \/>\n**Selling price does not include VAT (+10% if VAT invoice is issued)<\/p>","protected":false},"excerpt":{"rendered":"<p>D\u00e2y \u0111ai Timing Belt 2GT b\u1ea3n W6 d\u00e0i L2000mm cho m\u00e1y in 3d<\/p>","protected":false},"featured_media":981,"comment_status":"open","ping_status":"closed","template":"","meta":{"inline_featured_image":false},"product_brand":[],"product_cat":[40],"product_tag":[],"class_list":{"0":"post-987","1":"product","2":"type-product","3":"status-publish","4":"has-post-thumbnail","6":"product_cat-linh-kien-va-phu-kien","8":"first","9":"instock","10":"taxable","11":"shipping-taxable","12":"purchasable","13":"product-type-simple"},"yoast_head":"<!-- This site is optimized with the Yoast SEO Premium plugin v22.8 (Yoast SEO v26.9) - https:\/\/yoast.com\/product\/yoast-seo-premium-wordpress\/ -->\n<title>D\u00e2y \u0111ai Timing Belt 2GT b\u1ea3n W6 d\u00e0i L2000mm cho m\u00e1y in 3d - NGE 3D Printers Services<\/title>\n<meta name=\"robots\" content=\"index, follow, max-snippet:-1, max-image-preview:large, max-video-preview:-1\" \/>\n<link rel=\"canonical\" href=\"https:\/\/nge.vn\/en\/product\/day-dai-timing-belt-2gt-ban-w6-dai-l2000mm-cho-may-in-3d\/\" \/>\n<meta property=\"og:locale\" content=\"en_US\" \/>\n<meta property=\"og:type\" content=\"article\" \/>\n<meta property=\"og:title\" content=\"D\u00e2y \u0111ai Timing Belt 2GT b\u1ea3n W6 d\u00e0i L2000mm cho m\u00e1y in 3d\" \/>\n<meta property=\"og:description\" content=\"D\u00e2y \u0111ai Timing Belt 2GT b\u1ea3n W6 d\u00e0i L2000mm cho m\u00e1y in 3d\" \/>\n<meta property=\"og:url\" content=\"https:\/\/nge.vn\/en\/product\/day-dai-timing-belt-2gt-ban-w6-dai-l2000mm-cho-may-in-3d\/\" \/>\n<meta property=\"og:site_name\" content=\"NGE 3D Printers Services\" \/>\n<meta property=\"article:modified_time\" content=\"2024-10-29T10:16:38+00:00\" \/>\n<meta property=\"og:image\" content=\"https:\/\/nge.vn\/wp-content\/uploads\/2024\/10\/images-upload-woo2F942f1e341f71696f9dd1d7a06fbffea7.jpg\" \/>\n\t<meta property=\"og:image:width\" content=\"720\" \/>\n\t<meta property=\"og:image:height\" content=\"720\" \/>\n\t<meta property=\"og:image:type\" content=\"image\/jpeg\" \/>\n<meta name=\"twitter:card\" content=\"summary_large_image\" \/>\n<meta name=\"twitter:label1\" content=\"Est. reading time\" \/>\n\t<meta name=\"twitter:data1\" content=\"1 minute\" \/>\n<script type=\"application\/ld+json\" class=\"yoast-schema-graph\">{\"@context\":\"https:\/\/schema.org\",\"@graph\":[{\"@type\":\"WebPage\",\"@id\":\"https:\/\/nge.vn\/san-pham\/day-dai-timing-belt-2gt-ban-w6-dai-l2000mm-cho-may-in-3d\/\",\"url\":\"https:\/\/nge.vn\/san-pham\/day-dai-timing-belt-2gt-ban-w6-dai-l2000mm-cho-may-in-3d\/\",\"name\":\"D\u00e2y \u0111ai Timing Belt 2GT b\u1ea3n W6 d\u00e0i L2000mm cho m\u00e1y in 3d - NGE 3D Printers Services\",\"isPartOf\":{\"@id\":\"https:\/\/nge.vn\/#website\"},\"primaryImageOfPage\":{\"@id\":\"https:\/\/nge.vn\/san-pham\/day-dai-timing-belt-2gt-ban-w6-dai-l2000mm-cho-may-in-3d\/#primaryimage\"},\"image\":{\"@id\":\"https:\/\/nge.vn\/san-pham\/day-dai-timing-belt-2gt-ban-w6-dai-l2000mm-cho-may-in-3d\/#primaryimage\"},\"thumbnailUrl\":\"https:\/\/nge.vn\/wp-content\/uploads\/2024\/10\/images-upload-woo2F942f1e341f71696f9dd1d7a06fbffea7.jpg\",\"datePublished\":\"2024-10-25T07:33:01+00:00\",\"dateModified\":\"2024-10-29T10:16:38+00:00\",\"breadcrumb\":{\"@id\":\"https:\/\/nge.vn\/san-pham\/day-dai-timing-belt-2gt-ban-w6-dai-l2000mm-cho-may-in-3d\/#breadcrumb\"},\"inLanguage\":\"en-US\",\"potentialAction\":[{\"@type\":\"ReadAction\",\"target\":[\"https:\/\/nge.vn\/san-pham\/day-dai-timing-belt-2gt-ban-w6-dai-l2000mm-cho-may-in-3d\/\"]}]},{\"@type\":\"ImageObject\",\"inLanguage\":\"en-US\",\"@id\":\"https:\/\/nge.vn\/san-pham\/day-dai-timing-belt-2gt-ban-w6-dai-l2000mm-cho-may-in-3d\/#primaryimage\",\"url\":\"https:\/\/nge.vn\/wp-content\/uploads\/2024\/10\/images-upload-woo2F942f1e341f71696f9dd1d7a06fbffea7.jpg\",\"contentUrl\":\"https:\/\/nge.vn\/wp-content\/uploads\/2024\/10\/images-upload-woo2F942f1e341f71696f9dd1d7a06fbffea7.jpg\",\"width\":720,\"height\":720},{\"@type\":\"BreadcrumbList\",\"@id\":\"https:\/\/nge.vn\/san-pham\/day-dai-timing-belt-2gt-ban-w6-dai-l2000mm-cho-may-in-3d\/#breadcrumb\",\"itemListElement\":[{\"@type\":\"ListItem\",\"position\":1,\"name\":\"Trang ch\u1ee7\",\"item\":\"https:\/\/nge.vn\/\"},{\"@type\":\"ListItem\",\"position\":2,\"name\":\"S\u1ea3n ph\u1ea9m\",\"item\":\"https:\/\/nge.vn\/san-pham\/\"},{\"@type\":\"ListItem\",\"position\":3,\"name\":\"D\u00e2y \u0111ai Timing Belt 2GT b\u1ea3n W6 d\u00e0i L2000mm cho m\u00e1y in 3d\"}]},{\"@type\":\"WebSite\",\"@id\":\"https:\/\/nge.vn\/#website\",\"url\":\"https:\/\/nge.vn\/\",\"name\":\"NGE 3D Printers Services\",\"description\":\"\",\"potentialAction\":[{\"@type\":\"SearchAction\",\"target\":{\"@type\":\"EntryPoint\",\"urlTemplate\":\"https:\/\/nge.vn\/?s={search_term_string}\"},\"query-input\":{\"@type\":\"PropertyValueSpecification\",\"valueRequired\":true,\"valueName\":\"search_term_string\"}}],\"inLanguage\":\"en-US\"}]}<\/script>\n<!-- \/ Yoast SEO Premium plugin. -->","yoast_head_json":{"title":"D\u00e2y \u0111ai Timing Belt 2GT b\u1ea3n W6 d\u00e0i L2000mm cho m\u00e1y in 3d - NGE 3D Printers Services","robots":{"index":"index","follow":"follow","max-snippet":"max-snippet:-1","max-image-preview":"max-image-preview:large","max-video-preview":"max-video-preview:-1"},"canonical":"https:\/\/nge.vn\/en\/product\/day-dai-timing-belt-2gt-ban-w6-dai-l2000mm-cho-may-in-3d\/","og_locale":"en_US","og_type":"article","og_title":"D\u00e2y \u0111ai Timing Belt 2GT b\u1ea3n W6 d\u00e0i L2000mm cho m\u00e1y in 3d","og_description":"D\u00e2y \u0111ai Timing Belt 2GT b\u1ea3n W6 d\u00e0i L2000mm cho m\u00e1y in 3d","og_url":"https:\/\/nge.vn\/en\/product\/day-dai-timing-belt-2gt-ban-w6-dai-l2000mm-cho-may-in-3d\/","og_site_name":"NGE 3D Printers Services","article_modified_time":"2024-10-29T10:16:38+00:00","og_image":[{"width":720,"height":720,"url":"https:\/\/nge.vn\/wp-content\/uploads\/2024\/10\/images-upload-woo2F942f1e341f71696f9dd1d7a06fbffea7.jpg","type":"image\/jpeg"}],"twitter_card":"summary_large_image","twitter_misc":{"Est. reading time":"1 minute"},"schema":{"@context":"https:\/\/schema.org","@graph":[{"@type":"WebPage","@id":"https:\/\/nge.vn\/san-pham\/day-dai-timing-belt-2gt-ban-w6-dai-l2000mm-cho-may-in-3d\/","url":"https:\/\/nge.vn\/san-pham\/day-dai-timing-belt-2gt-ban-w6-dai-l2000mm-cho-may-in-3d\/","name":"D\u00e2y \u0111ai Timing Belt 2GT b\u1ea3n W6 d\u00e0i L2000mm cho m\u00e1y in 3d - NGE 3D Printers Services","isPartOf":{"@id":"https:\/\/nge.vn\/#website"},"primaryImageOfPage":{"@id":"https:\/\/nge.vn\/san-pham\/day-dai-timing-belt-2gt-ban-w6-dai-l2000mm-cho-may-in-3d\/#primaryimage"},"image":{"@id":"https:\/\/nge.vn\/san-pham\/day-dai-timing-belt-2gt-ban-w6-dai-l2000mm-cho-may-in-3d\/#primaryimage"},"thumbnailUrl":"https:\/\/nge.vn\/wp-content\/uploads\/2024\/10\/images-upload-woo2F942f1e341f71696f9dd1d7a06fbffea7.jpg","datePublished":"2024-10-25T07:33:01+00:00","dateModified":"2024-10-29T10:16:38+00:00","breadcrumb":{"@id":"https:\/\/nge.vn\/san-pham\/day-dai-timing-belt-2gt-ban-w6-dai-l2000mm-cho-may-in-3d\/#breadcrumb"},"inLanguage":"en-US","potentialAction":[{"@type":"ReadAction","target":["https:\/\/nge.vn\/san-pham\/day-dai-timing-belt-2gt-ban-w6-dai-l2000mm-cho-may-in-3d\/"]}]},{"@type":"ImageObject","inLanguage":"en-US","@id":"https:\/\/nge.vn\/san-pham\/day-dai-timing-belt-2gt-ban-w6-dai-l2000mm-cho-may-in-3d\/#primaryimage","url":"https:\/\/nge.vn\/wp-content\/uploads\/2024\/10\/images-upload-woo2F942f1e341f71696f9dd1d7a06fbffea7.jpg","contentUrl":"https:\/\/nge.vn\/wp-content\/uploads\/2024\/10\/images-upload-woo2F942f1e341f71696f9dd1d7a06fbffea7.jpg","width":720,"height":720},{"@type":"BreadcrumbList","@id":"https:\/\/nge.vn\/san-pham\/day-dai-timing-belt-2gt-ban-w6-dai-l2000mm-cho-may-in-3d\/#breadcrumb","itemListElement":[{"@type":"ListItem","position":1,"name":"Trang ch\u1ee7","item":"https:\/\/nge.vn\/"},{"@type":"ListItem","position":2,"name":"S\u1ea3n ph\u1ea9m","item":"https:\/\/nge.vn\/san-pham\/"},{"@type":"ListItem","position":3,"name":"D\u00e2y \u0111ai Timing Belt 2GT b\u1ea3n W6 d\u00e0i L2000mm cho m\u00e1y in 3d"}]},{"@type":"WebSite","@id":"https:\/\/nge.vn\/#website","url":"https:\/\/nge.vn\/","name":"NGE 3D Printers Services","description":"","potentialAction":[{"@type":"SearchAction","target":{"@type":"EntryPoint","urlTemplate":"https:\/\/nge.vn\/?s={search_term_string}"},"query-input":{"@type":"PropertyValueSpecification","valueRequired":true,"valueName":"search_term_string"}}],"inLanguage":"en-US"}]}},"_links":{"self":[{"href":"https:\/\/nge.vn\/en\/wp-json\/wp\/v2\/product\/987","targetHints":{"allow":["GET"]}}],"collection":[{"href":"https:\/\/nge.vn\/en\/wp-json\/wp\/v2\/product"}],"about":[{"href":"https:\/\/nge.vn\/en\/wp-json\/wp\/v2\/types\/product"}],"replies":[{"embeddable":true,"href":"https:\/\/nge.vn\/en\/wp-json\/wp\/v2\/comments?post=987"}],"wp:featuredmedia":[{"embeddable":true,"href":"https:\/\/nge.vn\/en\/wp-json\/wp\/v2\/media\/981"}],"wp:attachment":[{"href":"https:\/\/nge.vn\/en\/wp-json\/wp\/v2\/media?parent=987"}],"wp:term":[{"taxonomy":"product_brand","embeddable":true,"href":"https:\/\/nge.vn\/en\/wp-json\/wp\/v2\/product_brand?post=987"},{"taxonomy":"product_cat","embeddable":true,"href":"https:\/\/nge.vn\/en\/wp-json\/wp\/v2\/product_cat?post=987"},{"taxonomy":"product_tag","embeddable":true,"href":"https:\/\/nge.vn\/en\/wp-json\/wp\/v2\/product_tag?post=987"}],"curies":[{"name":"wp","href":"https:\/\/api.w.org\/{rel}","templated":true}]}}