{"id":950,"date":"2024-10-25T14:21:29","date_gmt":"2024-10-25T07:21:29","guid":{"rendered":"https:\/\/nge.123websitedev.com\/san-pham\/nhua-in-3d-esun-wood-natural-mau-go-tu-nhien-1kg-cuon\/"},"modified":"2024-10-28T14:43:38","modified_gmt":"2024-10-28T07:43:38","slug":"nhua-in-3d-esun-wood-natural-mau-go-tu-nhien-1kg-cuon","status":"publish","type":"product","link":"https:\/\/nge.vn\/en\/product\/nhua-in-3d-esun-wood-natural-mau-go-tu-nhien-1kg-cuon\/","title":{"rendered":"Nh\u1ef1a in 3d eSun Wood Natural m\u00e0u G\u1ed7 t\u1ef1 nhi\u00ean 1kg\/Cu\u1ed9n"},"content":{"rendered":"<p>Nh\u1ef1a in 3d eSun Wood Natural m\u00e0u G\u1ed7 t\u1ef1 nhi\u00ean 1kg\/Cu\u1ed9n<br \/>\n_\u0110\u00e2y l\u00e0 v\u1eadt li\u1ec7u in 3D d\u1ef1a tr\u00ean PLA v\u1edbi v\u1ebb ngo\u00e0i m\u00e1t m\u1ebb nh\u01b0 g\u1ed7.<br \/>\n_\u0110\u1eb7c \u0111i\u1ec3m d\u1ec5 in v\u00e0 b\u1ec1 m\u1eb7t m\u1ecbn nh\u01b0 PLA.<br \/>\n_C\u00f4ng ngh\u1ec7 t\u1ea1o b\u1ecdt t\u00edch c\u1ef1c ph\u00f9 h\u1ee3p v\u1edbi c\u00f4ng ngh\u1ec7 t\u1ea1o b\u1ecdt ch\u1ee7 \u0111\u1ed9ng \u0111\u1ec3 \u0111\u1ea1t \u0111\u01b0\u1ee3c v\u1ebb ngo\u00e0i nh\u01b0 g\u1ed7 v\u1edbi PLA m\u1eadt \u0111\u1ed9 th\u1ea5p 0,7g \/ cm3.<br \/>\n+B\u1ec1 ngo\u00e0i m\u00e1t m\u1ebb nh\u01b0 g\u1ed7.<br \/>\n+PLA m\u1eadt \u0111\u1ed9 th\u1ea5p 0,7g \/ cm3.<br \/>\n+D\u1ec5 s\u01a1n.<br \/>\n+D\u1ec5 d\u00e0ng in nh\u01b0 PLA.<\/p>\n<p>_B\u1ea3ng thu\u1ed9c t\u00ednh s\u1ee3i nh\u1ef1a<br \/>\n+3D PRINTING FILAMENT\tWood<br \/>\n+Density(g\/cm3)\t0.7<br \/>\n+Heat Distortion Temp(\u2103,0.45MPa)\t45<br \/>\n+Melt Flow Index(g\/10min)\t17(190\u2103\/2.16kg)<br \/>\n+Tensile Strength(MPa)\t\/<br \/>\n+Elongation at Break(%)\t\/<br \/>\n+Flexural Strength(MPa)\t\/<br \/>\n+Flexural Modulus(MPa)\t\/<br \/>\n+IZOD Impact Strength(kJ\/\u33a1)\t\/<br \/>\n+Durability\t4\/10<br \/>\n+Printability\t9\/10<\/p>\n<p>_C\u00e1c th\u00f4ng s\u1ed1 in \u0111\u1ec1 xu\u1ea5t:<br \/>\n+Extruder Temperature(\u2103)\t210 \u2013 230\u2103<br \/>\n+Recommended temperature\uff1a210\u2103<br \/>\n+Bed temperature(\u2103)\t 45 \u2013 60\u00b0C<br \/>\n+Fan Speed\t 100%<br \/>\n+Printing Speed\t 40 \u2013 100mm\/s<br \/>\n+Heated Bed\t Optional<br \/>\n+Recommended Build Surfaces\tMasking paper, PVP solid glue, PEI<\/p>\n<p>**\u0110\u1ec3 \u0111\u01b0\u1ee3c nh\u1eadn h\u1ed9 tr\u1ee3 th\u00eam v\u1ec1 Gi\u00e1 v\u00e0 Th\u00f4ng tin c\u1ee7a s\u1ea3n ph\u1ea9m, vui l\u00f2ng li\u00ean h\u1ec7:<br \/>\n          0913.939.775 g\u1eb7p A. Qu\u00e2n (for English)<br \/>\n          094.144.0951 contact A.Quynh<br \/>\n**Selling price does not include VAT (+10% if VAT invoice is issued)<\/p>","protected":false},"excerpt":{"rendered":"<p>Nh\u1ef1a in 3d eSun Wood Natural m\u00e0u G\u1ed7 t\u1ef1 nhi\u00ean 1kg\/Cu\u1ed9n<\/p>","protected":false},"featured_media":941,"comment_status":"open","ping_status":"closed","template":"","meta":{"inline_featured_image":false},"product_brand":[],"product_cat":[43],"product_tag":[],"class_list":{"0":"post-950","1":"product","2":"type-product","3":"status-publish","4":"has-post-thumbnail","6":"product_cat-nhua-in-3d-resin","8":"first","9":"instock","10":"taxable","11":"shipping-taxable","12":"purchasable","13":"product-type-simple"},"yoast_head":"<!-- This site is optimized with the Yoast SEO Premium plugin v22.8 (Yoast SEO v26.9) - https:\/\/yoast.com\/product\/yoast-seo-premium-wordpress\/ -->\n<title>Nh\u1ef1a in 3d eSun Wood Natural m\u00e0u G\u1ed7 t\u1ef1 nhi\u00ean 1kg\/Cu\u1ed9n - NGE 3D Printers Services<\/title>\n<meta name=\"robots\" content=\"index, follow, max-snippet:-1, max-image-preview:large, max-video-preview:-1\" \/>\n<link rel=\"canonical\" href=\"https:\/\/nge.vn\/en\/product\/nhua-in-3d-esun-wood-natural-mau-go-tu-nhien-1kg-cuon\/\" \/>\n<meta property=\"og:locale\" content=\"en_US\" \/>\n<meta property=\"og:type\" content=\"article\" \/>\n<meta property=\"og:title\" content=\"Nh\u1ef1a in 3d eSun Wood Natural m\u00e0u G\u1ed7 t\u1ef1 nhi\u00ean 1kg\/Cu\u1ed9n\" \/>\n<meta property=\"og:description\" content=\"Nh\u1ef1a in 3d eSun Wood Natural m\u00e0u G\u1ed7 t\u1ef1 nhi\u00ean 1kg\/Cu\u1ed9n\" \/>\n<meta property=\"og:url\" content=\"https:\/\/nge.vn\/en\/product\/nhua-in-3d-esun-wood-natural-mau-go-tu-nhien-1kg-cuon\/\" \/>\n<meta property=\"og:site_name\" content=\"NGE 3D Printers Services\" \/>\n<meta property=\"article:modified_time\" content=\"2024-10-28T07:43:38+00:00\" \/>\n<meta property=\"og:image\" content=\"https:\/\/nge.vn\/wp-content\/uploads\/2024\/10\/images-upload-woo2Ff2042318889df4eea194bbbf09b64565.jpg\" \/>\n\t<meta property=\"og:image:width\" content=\"936\" \/>\n\t<meta property=\"og:image:height\" content=\"936\" \/>\n\t<meta property=\"og:image:type\" content=\"image\/jpeg\" \/>\n<meta name=\"twitter:card\" content=\"summary_large_image\" \/>\n<meta name=\"twitter:label1\" content=\"Est. reading time\" \/>\n\t<meta name=\"twitter:data1\" content=\"1 minute\" \/>\n<script type=\"application\/ld+json\" class=\"yoast-schema-graph\">{\"@context\":\"https:\/\/schema.org\",\"@graph\":[{\"@type\":\"WebPage\",\"@id\":\"https:\/\/nge.vn\/san-pham\/nhua-in-3d-esun-wood-natural-mau-go-tu-nhien-1kg-cuon\/\",\"url\":\"https:\/\/nge.vn\/san-pham\/nhua-in-3d-esun-wood-natural-mau-go-tu-nhien-1kg-cuon\/\",\"name\":\"Nh\u1ef1a in 3d eSun Wood Natural m\u00e0u G\u1ed7 t\u1ef1 nhi\u00ean 1kg\/Cu\u1ed9n - NGE 3D Printers Services\",\"isPartOf\":{\"@id\":\"https:\/\/nge.vn\/#website\"},\"primaryImageOfPage\":{\"@id\":\"https:\/\/nge.vn\/san-pham\/nhua-in-3d-esun-wood-natural-mau-go-tu-nhien-1kg-cuon\/#primaryimage\"},\"image\":{\"@id\":\"https:\/\/nge.vn\/san-pham\/nhua-in-3d-esun-wood-natural-mau-go-tu-nhien-1kg-cuon\/#primaryimage\"},\"thumbnailUrl\":\"https:\/\/nge.vn\/wp-content\/uploads\/2024\/10\/images-upload-woo2Ff2042318889df4eea194bbbf09b64565.jpg\",\"datePublished\":\"2024-10-25T07:21:29+00:00\",\"dateModified\":\"2024-10-28T07:43:38+00:00\",\"breadcrumb\":{\"@id\":\"https:\/\/nge.vn\/san-pham\/nhua-in-3d-esun-wood-natural-mau-go-tu-nhien-1kg-cuon\/#breadcrumb\"},\"inLanguage\":\"en-US\",\"potentialAction\":[{\"@type\":\"ReadAction\",\"target\":[\"https:\/\/nge.vn\/san-pham\/nhua-in-3d-esun-wood-natural-mau-go-tu-nhien-1kg-cuon\/\"]}]},{\"@type\":\"ImageObject\",\"inLanguage\":\"en-US\",\"@id\":\"https:\/\/nge.vn\/san-pham\/nhua-in-3d-esun-wood-natural-mau-go-tu-nhien-1kg-cuon\/#primaryimage\",\"url\":\"https:\/\/nge.vn\/wp-content\/uploads\/2024\/10\/images-upload-woo2Ff2042318889df4eea194bbbf09b64565.jpg\",\"contentUrl\":\"https:\/\/nge.vn\/wp-content\/uploads\/2024\/10\/images-upload-woo2Ff2042318889df4eea194bbbf09b64565.jpg\",\"width\":936,\"height\":936},{\"@type\":\"BreadcrumbList\",\"@id\":\"https:\/\/nge.vn\/san-pham\/nhua-in-3d-esun-wood-natural-mau-go-tu-nhien-1kg-cuon\/#breadcrumb\",\"itemListElement\":[{\"@type\":\"ListItem\",\"position\":1,\"name\":\"Trang ch\u1ee7\",\"item\":\"https:\/\/nge.vn\/\"},{\"@type\":\"ListItem\",\"position\":2,\"name\":\"S\u1ea3n ph\u1ea9m\",\"item\":\"https:\/\/nge.vn\/san-pham\/\"},{\"@type\":\"ListItem\",\"position\":3,\"name\":\"Nh\u1ef1a in 3d eSun Wood Natural m\u00e0u G\u1ed7 t\u1ef1 nhi\u00ean 1kg\/Cu\u1ed9n\"}]},{\"@type\":\"WebSite\",\"@id\":\"https:\/\/nge.vn\/#website\",\"url\":\"https:\/\/nge.vn\/\",\"name\":\"NGE 3D Printers Services\",\"description\":\"\",\"potentialAction\":[{\"@type\":\"SearchAction\",\"target\":{\"@type\":\"EntryPoint\",\"urlTemplate\":\"https:\/\/nge.vn\/?s={search_term_string}\"},\"query-input\":{\"@type\":\"PropertyValueSpecification\",\"valueRequired\":true,\"valueName\":\"search_term_string\"}}],\"inLanguage\":\"en-US\"}]}<\/script>\n<!-- \/ Yoast SEO Premium plugin. -->","yoast_head_json":{"title":"Nh\u1ef1a in 3d eSun Wood Natural m\u00e0u G\u1ed7 t\u1ef1 nhi\u00ean 1kg\/Cu\u1ed9n - NGE 3D Printers Services","robots":{"index":"index","follow":"follow","max-snippet":"max-snippet:-1","max-image-preview":"max-image-preview:large","max-video-preview":"max-video-preview:-1"},"canonical":"https:\/\/nge.vn\/en\/product\/nhua-in-3d-esun-wood-natural-mau-go-tu-nhien-1kg-cuon\/","og_locale":"en_US","og_type":"article","og_title":"Nh\u1ef1a in 3d eSun Wood Natural m\u00e0u G\u1ed7 t\u1ef1 nhi\u00ean 1kg\/Cu\u1ed9n","og_description":"Nh\u1ef1a in 3d eSun Wood Natural m\u00e0u G\u1ed7 t\u1ef1 nhi\u00ean 1kg\/Cu\u1ed9n","og_url":"https:\/\/nge.vn\/en\/product\/nhua-in-3d-esun-wood-natural-mau-go-tu-nhien-1kg-cuon\/","og_site_name":"NGE 3D Printers Services","article_modified_time":"2024-10-28T07:43:38+00:00","og_image":[{"width":936,"height":936,"url":"https:\/\/nge.vn\/wp-content\/uploads\/2024\/10\/images-upload-woo2Ff2042318889df4eea194bbbf09b64565.jpg","type":"image\/jpeg"}],"twitter_card":"summary_large_image","twitter_misc":{"Est. reading time":"1 minute"},"schema":{"@context":"https:\/\/schema.org","@graph":[{"@type":"WebPage","@id":"https:\/\/nge.vn\/san-pham\/nhua-in-3d-esun-wood-natural-mau-go-tu-nhien-1kg-cuon\/","url":"https:\/\/nge.vn\/san-pham\/nhua-in-3d-esun-wood-natural-mau-go-tu-nhien-1kg-cuon\/","name":"Nh\u1ef1a in 3d eSun Wood Natural m\u00e0u G\u1ed7 t\u1ef1 nhi\u00ean 1kg\/Cu\u1ed9n - NGE 3D Printers Services","isPartOf":{"@id":"https:\/\/nge.vn\/#website"},"primaryImageOfPage":{"@id":"https:\/\/nge.vn\/san-pham\/nhua-in-3d-esun-wood-natural-mau-go-tu-nhien-1kg-cuon\/#primaryimage"},"image":{"@id":"https:\/\/nge.vn\/san-pham\/nhua-in-3d-esun-wood-natural-mau-go-tu-nhien-1kg-cuon\/#primaryimage"},"thumbnailUrl":"https:\/\/nge.vn\/wp-content\/uploads\/2024\/10\/images-upload-woo2Ff2042318889df4eea194bbbf09b64565.jpg","datePublished":"2024-10-25T07:21:29+00:00","dateModified":"2024-10-28T07:43:38+00:00","breadcrumb":{"@id":"https:\/\/nge.vn\/san-pham\/nhua-in-3d-esun-wood-natural-mau-go-tu-nhien-1kg-cuon\/#breadcrumb"},"inLanguage":"en-US","potentialAction":[{"@type":"ReadAction","target":["https:\/\/nge.vn\/san-pham\/nhua-in-3d-esun-wood-natural-mau-go-tu-nhien-1kg-cuon\/"]}]},{"@type":"ImageObject","inLanguage":"en-US","@id":"https:\/\/nge.vn\/san-pham\/nhua-in-3d-esun-wood-natural-mau-go-tu-nhien-1kg-cuon\/#primaryimage","url":"https:\/\/nge.vn\/wp-content\/uploads\/2024\/10\/images-upload-woo2Ff2042318889df4eea194bbbf09b64565.jpg","contentUrl":"https:\/\/nge.vn\/wp-content\/uploads\/2024\/10\/images-upload-woo2Ff2042318889df4eea194bbbf09b64565.jpg","width":936,"height":936},{"@type":"BreadcrumbList","@id":"https:\/\/nge.vn\/san-pham\/nhua-in-3d-esun-wood-natural-mau-go-tu-nhien-1kg-cuon\/#breadcrumb","itemListElement":[{"@type":"ListItem","position":1,"name":"Trang ch\u1ee7","item":"https:\/\/nge.vn\/"},{"@type":"ListItem","position":2,"name":"S\u1ea3n ph\u1ea9m","item":"https:\/\/nge.vn\/san-pham\/"},{"@type":"ListItem","position":3,"name":"Nh\u1ef1a in 3d eSun Wood Natural m\u00e0u G\u1ed7 t\u1ef1 nhi\u00ean 1kg\/Cu\u1ed9n"}]},{"@type":"WebSite","@id":"https:\/\/nge.vn\/#website","url":"https:\/\/nge.vn\/","name":"NGE 3D Printers Services","description":"","potentialAction":[{"@type":"SearchAction","target":{"@type":"EntryPoint","urlTemplate":"https:\/\/nge.vn\/?s={search_term_string}"},"query-input":{"@type":"PropertyValueSpecification","valueRequired":true,"valueName":"search_term_string"}}],"inLanguage":"en-US"}]}},"_links":{"self":[{"href":"https:\/\/nge.vn\/en\/wp-json\/wp\/v2\/product\/950","targetHints":{"allow":["GET"]}}],"collection":[{"href":"https:\/\/nge.vn\/en\/wp-json\/wp\/v2\/product"}],"about":[{"href":"https:\/\/nge.vn\/en\/wp-json\/wp\/v2\/types\/product"}],"replies":[{"embeddable":true,"href":"https:\/\/nge.vn\/en\/wp-json\/wp\/v2\/comments?post=950"}],"wp:featuredmedia":[{"embeddable":true,"href":"https:\/\/nge.vn\/en\/wp-json\/wp\/v2\/media\/941"}],"wp:attachment":[{"href":"https:\/\/nge.vn\/en\/wp-json\/wp\/v2\/media?parent=950"}],"wp:term":[{"taxonomy":"product_brand","embeddable":true,"href":"https:\/\/nge.vn\/en\/wp-json\/wp\/v2\/product_brand?post=950"},{"taxonomy":"product_cat","embeddable":true,"href":"https:\/\/nge.vn\/en\/wp-json\/wp\/v2\/product_cat?post=950"},{"taxonomy":"product_tag","embeddable":true,"href":"https:\/\/nge.vn\/en\/wp-json\/wp\/v2\/product_tag?post=950"}],"curies":[{"name":"wp","href":"https:\/\/api.w.org\/{rel}","templated":true}]}}