{"id":940,"date":"2024-10-25T14:18:43","date_gmt":"2024-10-25T07:18:43","guid":{"rendered":"https:\/\/nge.123websitedev.com\/san-pham\/bo-dun-nhua-extruder-kit-red-double-gear-cao-cap\/"},"modified":"2024-10-29T17:26:34","modified_gmt":"2024-10-29T10:26:34","slug":"bo-dun-nhua-extruder-kit-red-double-gear-cao-cap","status":"publish","type":"product","link":"https:\/\/nge.vn\/en\/product\/bo-dun-nhua-extruder-kit-red-double-gear-cao-cap\/","title":{"rendered":"B\u1ed9 \u0111\u00f9n nh\u1ef1a Extruder Kit Red Double Gear cao c\u1ea5p"},"content":{"rendered":"<p>B\u1ed9 \u0111\u00f9n nh\u1ef1a Creality Extruder Kit Red Double Gear cao c\u1ea5p<br \/>\n_L\u1ef1c \u00e9p \u0111\u00f9n c\u00f3 th\u1ec3 \u0111i\u1ec1u ch\u1ec9nh<br \/>\n_H\u1ee3p kim nh\u00f4m ch\u1ea5t l\u01b0\u1ee3ng cao<br \/>\n_B\u1ec1 m\u1eb7t phun c\u00e1t \u00f4xy h\u00f3a<\/p>\n<p>_Kim lo\u1ea1i \u0111\u1ecf<br \/>\nM\u00e0u s\u1eafc t\u01b0\u01a1i s\u00e1ng v\u00e0 h\u00ecnh th\u1ee9c trang nh\u00e3<\/p>\n<p>_M\u00e1y \u0111\u00f9n kim lo\u1ea1i<br \/>\nL\u1ef1c \u0111\u00f9n m\u1ea1nh h\u01a1n v\u1edbi hi\u1ec7u su\u1ea5t \u1ed5n \u0111\u1ecbnh<br \/>\nM\u00e1y \u0111\u00f9n kim lo\u1ea1i b\u1eb1ng h\u1ee3p kim nh\u00f4m ch\u1ea5t l\u01b0\u1ee3ng cao c\u00f3 l\u1ef1c \u0111\u00f9n m\u1ea1nh h\u01a1n, \u0111\u01b0a v\u00e0o \u1ed5n \u0111\u1ecbnh. N\u00f3 h\u1ed7 tr\u1ee3 c\u00e1c s\u1ee3i m\u1ec1m<\/p>\n<p>_Nh\u1eadp nguy\u00ean li\u1ec7u tr\u01a1n tru v\u00e0 ch\u00ednh x\u00e1c<br \/>\nB\u00e1nh r\u0103ng \u0111\u00f9n v\u00e0 \u1ed5 bi ph\u00f9 h\u1ee3p ch\u1eb7t ch\u1ebd v\u1edbi m\u1eadt \u0111\u1ed9 b\u00e1nh r\u0103ng cao v\u00e0 l\u1ef1c \u0111\u00f9n m\u1ea1nh h\u01a1n. N\u1ea1p nguy\u00ean li\u1ec7u v\u00e0o \u0111\u1ed3ng \u0111\u1ec1u tr\u00e1nh tr\u01b0\u1ee3t v\u00e0 m\u00e0i<\/p>\n<p>_L\u1ef1c xo\u1eafn c\u00f3 th\u1ec3 \u0111i\u1ec1u ch\u1ec9nh<br \/>\n+D\u1ec5 s\u1eed d\u1ee5ng, c\u00f3 th\u1ec3 \u0111i\u1ec1u ch\u1ec9nh l\u1ef1c \u0111\u00f9n<br \/>\n+M\u00e1y \u0111\u00f9n \u0111\u01b0\u1ee3c t\u1ed1i \u01b0u h\u00f3a d\u1ec5 d\u00e0ng c\u00e0i \u0111\u1eb7t v\u00e0 \u0111i\u1ec1u ch\u1ec9nh. L\u1ef1c b\u00e1nh r\u0103ng c\u1ee7a m\u00e1y \u0111\u00f9n c\u00f3 th\u1ec3 \u0111\u01b0\u1ee3c \u0111i\u1ec1u ch\u1ec9nh ngay l\u1eadp t\u1ee9c b\u1eb1ng c\u00e1ch \u0111i\u1ec1u ch\u1ec9nh k\u1eb9p \u0111\u00f9n. Gi\u1ea3m b\u1edbt lo l\u1eafng v\u1ec1 l\u1ed7i in<br \/>\n+L\u1ef1c b\u00e1nh r\u0103ng c\u1ee7a m\u00e1y \u0111\u00f9n c\u00f3 th\u1ec3 \u0111\u01b0\u1ee3c \u0111i\u1ec1u ch\u1ec9nh ngay l\u1eadp t\u1ee9c b\u1eb1ng c\u00e1ch \u0111i\u1ec1u ch\u1ec9nh bu l\u00f4ng<\/p>\n<p>+Product name: Extruder kit (Red double gear)<br \/>\n+Packing Size: 110\u00d780\u00d765mm<br \/>\n+G.W: 78g<br \/>\n+N.W.: 73g<br \/>\n+Product material: Aluminium alloy<\/p>\n<p>_C\u00f3 th\u1ec3 s\u1eed d\u1ee5ng cho c\u00e1c d\u00f2ng m\u00e1y in c\u1ee7a Creality v\u00e0 FDM c\u00f3 tr\u00ean th\u1ecb tr\u01b0\u1eddng&#8230;<\/p>\n<p>**\u0110\u1ec3 \u0111\u01b0\u1ee3c nh\u1eadn h\u1ed9 tr\u1ee3 th\u00eam v\u1ec1 Gi\u00e1 v\u00e0 Th\u00f4ng tin c\u1ee7a s\u1ea3n ph\u1ea9m, vui l\u00f2ng li\u00ean h\u1ec7:<br \/>\n       0913.939.775 g\u1eb7p A. Qu\u00e2n (for English)<br \/>\n       094.144.0951 contact A.Quynh<br \/>\n**Selling price does not include VAT (+10% if VAT invoice is issued)<\/p>","protected":false},"excerpt":{"rendered":"<p>B\u1ed9 \u0111\u00f9n nh\u1ef1a Extruder Kit Red Double Gear cao c\u1ea5p<\/p>","protected":false},"featured_media":931,"comment_status":"open","ping_status":"closed","template":"","meta":{"inline_featured_image":false},"product_brand":[],"product_cat":[461,40],"product_tag":[],"class_list":{"0":"post-940","1":"product","2":"type-product","3":"status-publish","4":"has-post-thumbnail","6":"product_cat-linh-kien-cum-dun-va-cam-bien","7":"product_cat-linh-kien-va-phu-kien","9":"first","10":"instock","11":"taxable","12":"shipping-taxable","13":"purchasable","14":"product-type-simple"},"yoast_head":"<!-- This site is optimized with the Yoast SEO Premium plugin v22.8 (Yoast SEO v26.9) - https:\/\/yoast.com\/product\/yoast-seo-premium-wordpress\/ -->\n<title>B\u1ed9 \u0111\u00f9n nh\u1ef1a Extruder Kit Red Double Gear cao c\u1ea5p - NGE 3D Printers Services<\/title>\n<meta name=\"robots\" content=\"index, follow, max-snippet:-1, max-image-preview:large, max-video-preview:-1\" \/>\n<link rel=\"canonical\" href=\"https:\/\/nge.vn\/en\/product\/bo-dun-nhua-extruder-kit-red-double-gear-cao-cap\/\" \/>\n<meta property=\"og:locale\" content=\"en_US\" \/>\n<meta property=\"og:type\" content=\"article\" \/>\n<meta property=\"og:title\" content=\"B\u1ed9 \u0111\u00f9n nh\u1ef1a Extruder Kit Red Double Gear cao c\u1ea5p\" \/>\n<meta property=\"og:description\" content=\"B\u1ed9 \u0111\u00f9n nh\u1ef1a Extruder Kit Red Double Gear cao c\u1ea5p\" \/>\n<meta property=\"og:url\" content=\"https:\/\/nge.vn\/en\/product\/bo-dun-nhua-extruder-kit-red-double-gear-cao-cap\/\" \/>\n<meta property=\"og:site_name\" content=\"NGE 3D Printers Services\" \/>\n<meta property=\"article:modified_time\" content=\"2024-10-29T10:26:34+00:00\" \/>\n<meta property=\"og:image\" content=\"https:\/\/nge.vn\/wp-content\/uploads\/2024\/10\/images-upload-woo2F103c4545e068facb178d475873b7ed15.jpg\" \/>\n\t<meta property=\"og:image:width\" content=\"715\" \/>\n\t<meta property=\"og:image:height\" content=\"715\" \/>\n\t<meta property=\"og:image:type\" content=\"image\/jpeg\" \/>\n<meta name=\"twitter:card\" content=\"summary_large_image\" \/>\n<meta name=\"twitter:label1\" content=\"Est. reading time\" \/>\n\t<meta name=\"twitter:data1\" content=\"2 minutes\" \/>\n<script type=\"application\/ld+json\" class=\"yoast-schema-graph\">{\"@context\":\"https:\/\/schema.org\",\"@graph\":[{\"@type\":\"WebPage\",\"@id\":\"https:\/\/nge.vn\/san-pham\/bo-dun-nhua-extruder-kit-red-double-gear-cao-cap\/\",\"url\":\"https:\/\/nge.vn\/san-pham\/bo-dun-nhua-extruder-kit-red-double-gear-cao-cap\/\",\"name\":\"B\u1ed9 \u0111\u00f9n nh\u1ef1a Extruder Kit Red Double Gear cao c\u1ea5p - NGE 3D Printers Services\",\"isPartOf\":{\"@id\":\"https:\/\/nge.vn\/#website\"},\"primaryImageOfPage\":{\"@id\":\"https:\/\/nge.vn\/san-pham\/bo-dun-nhua-extruder-kit-red-double-gear-cao-cap\/#primaryimage\"},\"image\":{\"@id\":\"https:\/\/nge.vn\/san-pham\/bo-dun-nhua-extruder-kit-red-double-gear-cao-cap\/#primaryimage\"},\"thumbnailUrl\":\"https:\/\/nge.vn\/wp-content\/uploads\/2024\/10\/images-upload-woo2F103c4545e068facb178d475873b7ed15.jpg\",\"datePublished\":\"2024-10-25T07:18:43+00:00\",\"dateModified\":\"2024-10-29T10:26:34+00:00\",\"breadcrumb\":{\"@id\":\"https:\/\/nge.vn\/san-pham\/bo-dun-nhua-extruder-kit-red-double-gear-cao-cap\/#breadcrumb\"},\"inLanguage\":\"en-US\",\"potentialAction\":[{\"@type\":\"ReadAction\",\"target\":[\"https:\/\/nge.vn\/san-pham\/bo-dun-nhua-extruder-kit-red-double-gear-cao-cap\/\"]}]},{\"@type\":\"ImageObject\",\"inLanguage\":\"en-US\",\"@id\":\"https:\/\/nge.vn\/san-pham\/bo-dun-nhua-extruder-kit-red-double-gear-cao-cap\/#primaryimage\",\"url\":\"https:\/\/nge.vn\/wp-content\/uploads\/2024\/10\/images-upload-woo2F103c4545e068facb178d475873b7ed15.jpg\",\"contentUrl\":\"https:\/\/nge.vn\/wp-content\/uploads\/2024\/10\/images-upload-woo2F103c4545e068facb178d475873b7ed15.jpg\",\"width\":715,\"height\":715},{\"@type\":\"BreadcrumbList\",\"@id\":\"https:\/\/nge.vn\/san-pham\/bo-dun-nhua-extruder-kit-red-double-gear-cao-cap\/#breadcrumb\",\"itemListElement\":[{\"@type\":\"ListItem\",\"position\":1,\"name\":\"Trang ch\u1ee7\",\"item\":\"https:\/\/nge.vn\/\"},{\"@type\":\"ListItem\",\"position\":2,\"name\":\"S\u1ea3n ph\u1ea9m\",\"item\":\"https:\/\/nge.vn\/san-pham\/\"},{\"@type\":\"ListItem\",\"position\":3,\"name\":\"B\u1ed9 \u0111\u00f9n nh\u1ef1a Extruder Kit Red Double Gear cao c\u1ea5p\"}]},{\"@type\":\"WebSite\",\"@id\":\"https:\/\/nge.vn\/#website\",\"url\":\"https:\/\/nge.vn\/\",\"name\":\"NGE 3D Printers Services\",\"description\":\"\",\"potentialAction\":[{\"@type\":\"SearchAction\",\"target\":{\"@type\":\"EntryPoint\",\"urlTemplate\":\"https:\/\/nge.vn\/?s={search_term_string}\"},\"query-input\":{\"@type\":\"PropertyValueSpecification\",\"valueRequired\":true,\"valueName\":\"search_term_string\"}}],\"inLanguage\":\"en-US\"}]}<\/script>\n<!-- \/ Yoast SEO Premium plugin. -->","yoast_head_json":{"title":"B\u1ed9 \u0111\u00f9n nh\u1ef1a Extruder Kit Red Double Gear cao c\u1ea5p - NGE 3D Printers Services","robots":{"index":"index","follow":"follow","max-snippet":"max-snippet:-1","max-image-preview":"max-image-preview:large","max-video-preview":"max-video-preview:-1"},"canonical":"https:\/\/nge.vn\/en\/product\/bo-dun-nhua-extruder-kit-red-double-gear-cao-cap\/","og_locale":"en_US","og_type":"article","og_title":"B\u1ed9 \u0111\u00f9n nh\u1ef1a Extruder Kit Red Double Gear cao c\u1ea5p","og_description":"B\u1ed9 \u0111\u00f9n nh\u1ef1a Extruder Kit Red Double Gear cao c\u1ea5p","og_url":"https:\/\/nge.vn\/en\/product\/bo-dun-nhua-extruder-kit-red-double-gear-cao-cap\/","og_site_name":"NGE 3D Printers Services","article_modified_time":"2024-10-29T10:26:34+00:00","og_image":[{"width":715,"height":715,"url":"https:\/\/nge.vn\/wp-content\/uploads\/2024\/10\/images-upload-woo2F103c4545e068facb178d475873b7ed15.jpg","type":"image\/jpeg"}],"twitter_card":"summary_large_image","twitter_misc":{"Est. reading time":"2 minutes"},"schema":{"@context":"https:\/\/schema.org","@graph":[{"@type":"WebPage","@id":"https:\/\/nge.vn\/san-pham\/bo-dun-nhua-extruder-kit-red-double-gear-cao-cap\/","url":"https:\/\/nge.vn\/san-pham\/bo-dun-nhua-extruder-kit-red-double-gear-cao-cap\/","name":"B\u1ed9 \u0111\u00f9n nh\u1ef1a Extruder Kit Red Double Gear cao c\u1ea5p - NGE 3D Printers Services","isPartOf":{"@id":"https:\/\/nge.vn\/#website"},"primaryImageOfPage":{"@id":"https:\/\/nge.vn\/san-pham\/bo-dun-nhua-extruder-kit-red-double-gear-cao-cap\/#primaryimage"},"image":{"@id":"https:\/\/nge.vn\/san-pham\/bo-dun-nhua-extruder-kit-red-double-gear-cao-cap\/#primaryimage"},"thumbnailUrl":"https:\/\/nge.vn\/wp-content\/uploads\/2024\/10\/images-upload-woo2F103c4545e068facb178d475873b7ed15.jpg","datePublished":"2024-10-25T07:18:43+00:00","dateModified":"2024-10-29T10:26:34+00:00","breadcrumb":{"@id":"https:\/\/nge.vn\/san-pham\/bo-dun-nhua-extruder-kit-red-double-gear-cao-cap\/#breadcrumb"},"inLanguage":"en-US","potentialAction":[{"@type":"ReadAction","target":["https:\/\/nge.vn\/san-pham\/bo-dun-nhua-extruder-kit-red-double-gear-cao-cap\/"]}]},{"@type":"ImageObject","inLanguage":"en-US","@id":"https:\/\/nge.vn\/san-pham\/bo-dun-nhua-extruder-kit-red-double-gear-cao-cap\/#primaryimage","url":"https:\/\/nge.vn\/wp-content\/uploads\/2024\/10\/images-upload-woo2F103c4545e068facb178d475873b7ed15.jpg","contentUrl":"https:\/\/nge.vn\/wp-content\/uploads\/2024\/10\/images-upload-woo2F103c4545e068facb178d475873b7ed15.jpg","width":715,"height":715},{"@type":"BreadcrumbList","@id":"https:\/\/nge.vn\/san-pham\/bo-dun-nhua-extruder-kit-red-double-gear-cao-cap\/#breadcrumb","itemListElement":[{"@type":"ListItem","position":1,"name":"Trang ch\u1ee7","item":"https:\/\/nge.vn\/"},{"@type":"ListItem","position":2,"name":"S\u1ea3n ph\u1ea9m","item":"https:\/\/nge.vn\/san-pham\/"},{"@type":"ListItem","position":3,"name":"B\u1ed9 \u0111\u00f9n nh\u1ef1a Extruder Kit Red Double Gear cao c\u1ea5p"}]},{"@type":"WebSite","@id":"https:\/\/nge.vn\/#website","url":"https:\/\/nge.vn\/","name":"NGE 3D Printers Services","description":"","potentialAction":[{"@type":"SearchAction","target":{"@type":"EntryPoint","urlTemplate":"https:\/\/nge.vn\/?s={search_term_string}"},"query-input":{"@type":"PropertyValueSpecification","valueRequired":true,"valueName":"search_term_string"}}],"inLanguage":"en-US"}]}},"_links":{"self":[{"href":"https:\/\/nge.vn\/en\/wp-json\/wp\/v2\/product\/940","targetHints":{"allow":["GET"]}}],"collection":[{"href":"https:\/\/nge.vn\/en\/wp-json\/wp\/v2\/product"}],"about":[{"href":"https:\/\/nge.vn\/en\/wp-json\/wp\/v2\/types\/product"}],"replies":[{"embeddable":true,"href":"https:\/\/nge.vn\/en\/wp-json\/wp\/v2\/comments?post=940"}],"wp:featuredmedia":[{"embeddable":true,"href":"https:\/\/nge.vn\/en\/wp-json\/wp\/v2\/media\/931"}],"wp:attachment":[{"href":"https:\/\/nge.vn\/en\/wp-json\/wp\/v2\/media?parent=940"}],"wp:term":[{"taxonomy":"product_brand","embeddable":true,"href":"https:\/\/nge.vn\/en\/wp-json\/wp\/v2\/product_brand?post=940"},{"taxonomy":"product_cat","embeddable":true,"href":"https:\/\/nge.vn\/en\/wp-json\/wp\/v2\/product_cat?post=940"},{"taxonomy":"product_tag","embeddable":true,"href":"https:\/\/nge.vn\/en\/wp-json\/wp\/v2\/product_tag?post=940"}],"curies":[{"name":"wp","href":"https:\/\/api.w.org\/{rel}","templated":true}]}}