{"id":913,"date":"2024-10-25T14:12:58","date_gmt":"2024-10-25T07:12:58","guid":{"rendered":"https:\/\/nge.123websitedev.com\/san-pham\/bo-ban-nhiet-va-kinh-carbon-dung-cho-may-in-3d-flsun-q5-hot-bed-215215mm\/"},"modified":"2024-10-29T17:24:30","modified_gmt":"2024-10-29T10:24:30","slug":"bo-ban-nhiet-va-kinh-carbon-dung-cho-may-in-3d-flsun-q5-hot-bed-215215mm","status":"publish","type":"product","link":"https:\/\/nge.vn\/en\/product\/bo-ban-nhiet-va-kinh-carbon-dung-cho-may-in-3d-flsun-q5-hot-bed-215215mm\/","title":{"rendered":"Hot bed and carbon glass set for FLSUN Q5 3d printer Hot bed 215*215mm"},"content":{"rendered":"<p>B\u1ed9 b\u00e0n nhi\u1ec7t v\u00e0 k\u00ednh carbon d\u00f9ng cho m\u00e1y in 3d FLSUN Q5 Hot bed<br \/>\nL\u00e0 b\u1ed9 b\u00e0n nhi\u1ec7t v\u00e0 t\u1ea5m k\u00ednh Carbon \u0111\u01b0\u1ee3c g\u1eafn c\u1ed1 \u0111\u1ecbnh s\u1eb5n v\u1edbi nhau<\/p>\n<p>+Th\u01b0\u01a1ng hi\u1ec7u: Flsun<br \/>\n+Xu\u1ea5t x\u1ee9: china<br \/>\n+Lo\u1ea1i s\u1ea3n ph\u1ea9m: Heatbed<br \/>\n+S\u1ed1 m\u00f4 h\u00ecnh: FLSUN Q5 Hot Bed<br \/>\n+Size: 215*215mm<br \/>\n+Color: Black<br \/>\n+Voltage: 24V<\/p>\n<p>**\u0110\u1ec3 \u0111\u01b0\u1ee3c nh\u1eadn h\u1ed9 tr\u1ee3 th\u00eam v\u1ec1 Gi\u00e1 v\u00e0 Th\u00f4ng tin c\u1ee7a s\u1ea3n ph\u1ea9m, vui l\u00f2ng li\u00ean h\u1ec7:<br \/>\n    0913.939.775 g\u1eb7p A. Qu\u00e2n (for English)<br \/>\n    094.144.0951 contact A.Quynh<br \/>\n**Selling price does not include VAT (+10% if VAT invoice is issued)<\/p>","protected":false},"excerpt":{"rendered":"<p>Hot bed and carbon glass set for FLSUN Q5 3d printer Hot bed 215*215mm<\/p>","protected":false},"featured_media":905,"comment_status":"open","ping_status":"closed","template":"","meta":{"inline_featured_image":false},"product_brand":[],"product_cat":[40],"product_tag":[],"class_list":{"0":"post-913","1":"product","2":"type-product","3":"status-publish","4":"has-post-thumbnail","6":"product_cat-linh-kien-va-phu-kien","8":"first","9":"instock","10":"taxable","11":"shipping-taxable","12":"purchasable","13":"product-type-simple"},"yoast_head":"<!-- This site is optimized with the Yoast SEO Premium plugin v22.8 (Yoast SEO v26.9) - https:\/\/yoast.com\/product\/yoast-seo-premium-wordpress\/ -->\n<title>B\u1ed9 b\u00e0n nhi\u1ec7t v\u00e0 k\u00ednh carbon d\u00f9ng cho m\u00e1y in 3d FLSUN Q5 Hot bed 215*215mm - NGE 3D Printers Services<\/title>\n<meta name=\"robots\" content=\"index, follow, max-snippet:-1, max-image-preview:large, max-video-preview:-1\" \/>\n<link rel=\"canonical\" href=\"https:\/\/nge.vn\/en\/product\/bo-ban-nhiet-va-kinh-carbon-dung-cho-may-in-3d-flsun-q5-hot-bed-215215mm\/\" \/>\n<meta property=\"og:locale\" content=\"en_US\" \/>\n<meta property=\"og:type\" content=\"article\" \/>\n<meta property=\"og:title\" content=\"B\u1ed9 b\u00e0n nhi\u1ec7t v\u00e0 k\u00ednh carbon d\u00f9ng cho m\u00e1y in 3d FLSUN Q5 Hot bed 215*215mm\" \/>\n<meta property=\"og:description\" content=\"B\u1ed9 b\u00e0n nhi\u1ec7t v\u00e0 k\u00ednh carbon d\u00f9ng cho m\u00e1y in 3d FLSUN Q5 Hot bed 215*215mm\" \/>\n<meta property=\"og:url\" content=\"https:\/\/nge.vn\/en\/product\/bo-ban-nhiet-va-kinh-carbon-dung-cho-may-in-3d-flsun-q5-hot-bed-215215mm\/\" \/>\n<meta property=\"og:site_name\" content=\"NGE 3D Printers Services\" \/>\n<meta property=\"article:modified_time\" content=\"2024-10-29T10:24:30+00:00\" \/>\n<meta property=\"og:image\" content=\"https:\/\/nge.vn\/wp-content\/uploads\/2024\/10\/images-upload-woo2Fcf19dbb032f4e136a837f23bca091d30.jpg\" \/>\n\t<meta property=\"og:image:width\" content=\"515\" \/>\n\t<meta property=\"og:image:height\" content=\"515\" \/>\n\t<meta property=\"og:image:type\" content=\"image\/jpeg\" \/>\n<meta name=\"twitter:card\" content=\"summary_large_image\" \/>\n<meta name=\"twitter:label1\" content=\"Est. reading time\" \/>\n\t<meta name=\"twitter:data1\" content=\"1 minute\" \/>\n<script type=\"application\/ld+json\" class=\"yoast-schema-graph\">{\"@context\":\"https:\/\/schema.org\",\"@graph\":[{\"@type\":\"WebPage\",\"@id\":\"https:\/\/nge.vn\/san-pham\/bo-ban-nhiet-va-kinh-carbon-dung-cho-may-in-3d-flsun-q5-hot-bed-215215mm\/\",\"url\":\"https:\/\/nge.vn\/san-pham\/bo-ban-nhiet-va-kinh-carbon-dung-cho-may-in-3d-flsun-q5-hot-bed-215215mm\/\",\"name\":\"B\u1ed9 b\u00e0n nhi\u1ec7t v\u00e0 k\u00ednh carbon d\u00f9ng cho m\u00e1y in 3d FLSUN Q5 Hot bed 215*215mm - NGE 3D Printers Services\",\"isPartOf\":{\"@id\":\"https:\/\/nge.vn\/#website\"},\"primaryImageOfPage\":{\"@id\":\"https:\/\/nge.vn\/san-pham\/bo-ban-nhiet-va-kinh-carbon-dung-cho-may-in-3d-flsun-q5-hot-bed-215215mm\/#primaryimage\"},\"image\":{\"@id\":\"https:\/\/nge.vn\/san-pham\/bo-ban-nhiet-va-kinh-carbon-dung-cho-may-in-3d-flsun-q5-hot-bed-215215mm\/#primaryimage\"},\"thumbnailUrl\":\"https:\/\/nge.vn\/wp-content\/uploads\/2024\/10\/images-upload-woo2Fcf19dbb032f4e136a837f23bca091d30.jpg\",\"datePublished\":\"2024-10-25T07:12:58+00:00\",\"dateModified\":\"2024-10-29T10:24:30+00:00\",\"breadcrumb\":{\"@id\":\"https:\/\/nge.vn\/san-pham\/bo-ban-nhiet-va-kinh-carbon-dung-cho-may-in-3d-flsun-q5-hot-bed-215215mm\/#breadcrumb\"},\"inLanguage\":\"en-US\",\"potentialAction\":[{\"@type\":\"ReadAction\",\"target\":[\"https:\/\/nge.vn\/san-pham\/bo-ban-nhiet-va-kinh-carbon-dung-cho-may-in-3d-flsun-q5-hot-bed-215215mm\/\"]}]},{\"@type\":\"ImageObject\",\"inLanguage\":\"en-US\",\"@id\":\"https:\/\/nge.vn\/san-pham\/bo-ban-nhiet-va-kinh-carbon-dung-cho-may-in-3d-flsun-q5-hot-bed-215215mm\/#primaryimage\",\"url\":\"https:\/\/nge.vn\/wp-content\/uploads\/2024\/10\/images-upload-woo2Fcf19dbb032f4e136a837f23bca091d30.jpg\",\"contentUrl\":\"https:\/\/nge.vn\/wp-content\/uploads\/2024\/10\/images-upload-woo2Fcf19dbb032f4e136a837f23bca091d30.jpg\",\"width\":515,\"height\":515},{\"@type\":\"BreadcrumbList\",\"@id\":\"https:\/\/nge.vn\/san-pham\/bo-ban-nhiet-va-kinh-carbon-dung-cho-may-in-3d-flsun-q5-hot-bed-215215mm\/#breadcrumb\",\"itemListElement\":[{\"@type\":\"ListItem\",\"position\":1,\"name\":\"Trang ch\u1ee7\",\"item\":\"https:\/\/nge.vn\/\"},{\"@type\":\"ListItem\",\"position\":2,\"name\":\"S\u1ea3n ph\u1ea9m\",\"item\":\"https:\/\/nge.vn\/san-pham\/\"},{\"@type\":\"ListItem\",\"position\":3,\"name\":\"B\u1ed9 b\u00e0n nhi\u1ec7t v\u00e0 k\u00ednh carbon d\u00f9ng cho m\u00e1y in 3d FLSUN Q5 Hot bed 215*215mm\"}]},{\"@type\":\"WebSite\",\"@id\":\"https:\/\/nge.vn\/#website\",\"url\":\"https:\/\/nge.vn\/\",\"name\":\"NGE 3D Printers Services\",\"description\":\"\",\"potentialAction\":[{\"@type\":\"SearchAction\",\"target\":{\"@type\":\"EntryPoint\",\"urlTemplate\":\"https:\/\/nge.vn\/?s={search_term_string}\"},\"query-input\":{\"@type\":\"PropertyValueSpecification\",\"valueRequired\":true,\"valueName\":\"search_term_string\"}}],\"inLanguage\":\"en-US\"}]}<\/script>\n<!-- \/ Yoast SEO Premium plugin. -->","yoast_head_json":{"title":"B\u1ed9 b\u00e0n nhi\u1ec7t v\u00e0 k\u00ednh carbon d\u00f9ng cho m\u00e1y in 3d FLSUN Q5 Hot bed 215*215mm - NGE 3D Printers Services","robots":{"index":"index","follow":"follow","max-snippet":"max-snippet:-1","max-image-preview":"max-image-preview:large","max-video-preview":"max-video-preview:-1"},"canonical":"https:\/\/nge.vn\/en\/product\/bo-ban-nhiet-va-kinh-carbon-dung-cho-may-in-3d-flsun-q5-hot-bed-215215mm\/","og_locale":"en_US","og_type":"article","og_title":"B\u1ed9 b\u00e0n nhi\u1ec7t v\u00e0 k\u00ednh carbon d\u00f9ng cho m\u00e1y in 3d FLSUN Q5 Hot bed 215*215mm","og_description":"B\u1ed9 b\u00e0n nhi\u1ec7t v\u00e0 k\u00ednh carbon d\u00f9ng cho m\u00e1y in 3d FLSUN Q5 Hot bed 215*215mm","og_url":"https:\/\/nge.vn\/en\/product\/bo-ban-nhiet-va-kinh-carbon-dung-cho-may-in-3d-flsun-q5-hot-bed-215215mm\/","og_site_name":"NGE 3D Printers Services","article_modified_time":"2024-10-29T10:24:30+00:00","og_image":[{"width":515,"height":515,"url":"https:\/\/nge.vn\/wp-content\/uploads\/2024\/10\/images-upload-woo2Fcf19dbb032f4e136a837f23bca091d30.jpg","type":"image\/jpeg"}],"twitter_card":"summary_large_image","twitter_misc":{"Est. reading time":"1 minute"},"schema":{"@context":"https:\/\/schema.org","@graph":[{"@type":"WebPage","@id":"https:\/\/nge.vn\/san-pham\/bo-ban-nhiet-va-kinh-carbon-dung-cho-may-in-3d-flsun-q5-hot-bed-215215mm\/","url":"https:\/\/nge.vn\/san-pham\/bo-ban-nhiet-va-kinh-carbon-dung-cho-may-in-3d-flsun-q5-hot-bed-215215mm\/","name":"B\u1ed9 b\u00e0n nhi\u1ec7t v\u00e0 k\u00ednh carbon d\u00f9ng cho m\u00e1y in 3d FLSUN Q5 Hot bed 215*215mm - NGE 3D Printers Services","isPartOf":{"@id":"https:\/\/nge.vn\/#website"},"primaryImageOfPage":{"@id":"https:\/\/nge.vn\/san-pham\/bo-ban-nhiet-va-kinh-carbon-dung-cho-may-in-3d-flsun-q5-hot-bed-215215mm\/#primaryimage"},"image":{"@id":"https:\/\/nge.vn\/san-pham\/bo-ban-nhiet-va-kinh-carbon-dung-cho-may-in-3d-flsun-q5-hot-bed-215215mm\/#primaryimage"},"thumbnailUrl":"https:\/\/nge.vn\/wp-content\/uploads\/2024\/10\/images-upload-woo2Fcf19dbb032f4e136a837f23bca091d30.jpg","datePublished":"2024-10-25T07:12:58+00:00","dateModified":"2024-10-29T10:24:30+00:00","breadcrumb":{"@id":"https:\/\/nge.vn\/san-pham\/bo-ban-nhiet-va-kinh-carbon-dung-cho-may-in-3d-flsun-q5-hot-bed-215215mm\/#breadcrumb"},"inLanguage":"en-US","potentialAction":[{"@type":"ReadAction","target":["https:\/\/nge.vn\/san-pham\/bo-ban-nhiet-va-kinh-carbon-dung-cho-may-in-3d-flsun-q5-hot-bed-215215mm\/"]}]},{"@type":"ImageObject","inLanguage":"en-US","@id":"https:\/\/nge.vn\/san-pham\/bo-ban-nhiet-va-kinh-carbon-dung-cho-may-in-3d-flsun-q5-hot-bed-215215mm\/#primaryimage","url":"https:\/\/nge.vn\/wp-content\/uploads\/2024\/10\/images-upload-woo2Fcf19dbb032f4e136a837f23bca091d30.jpg","contentUrl":"https:\/\/nge.vn\/wp-content\/uploads\/2024\/10\/images-upload-woo2Fcf19dbb032f4e136a837f23bca091d30.jpg","width":515,"height":515},{"@type":"BreadcrumbList","@id":"https:\/\/nge.vn\/san-pham\/bo-ban-nhiet-va-kinh-carbon-dung-cho-may-in-3d-flsun-q5-hot-bed-215215mm\/#breadcrumb","itemListElement":[{"@type":"ListItem","position":1,"name":"Trang ch\u1ee7","item":"https:\/\/nge.vn\/"},{"@type":"ListItem","position":2,"name":"S\u1ea3n ph\u1ea9m","item":"https:\/\/nge.vn\/san-pham\/"},{"@type":"ListItem","position":3,"name":"B\u1ed9 b\u00e0n nhi\u1ec7t v\u00e0 k\u00ednh carbon d\u00f9ng cho m\u00e1y in 3d FLSUN Q5 Hot bed 215*215mm"}]},{"@type":"WebSite","@id":"https:\/\/nge.vn\/#website","url":"https:\/\/nge.vn\/","name":"NGE 3D Printers Services","description":"","potentialAction":[{"@type":"SearchAction","target":{"@type":"EntryPoint","urlTemplate":"https:\/\/nge.vn\/?s={search_term_string}"},"query-input":{"@type":"PropertyValueSpecification","valueRequired":true,"valueName":"search_term_string"}}],"inLanguage":"en-US"}]}},"_links":{"self":[{"href":"https:\/\/nge.vn\/en\/wp-json\/wp\/v2\/product\/913","targetHints":{"allow":["GET"]}}],"collection":[{"href":"https:\/\/nge.vn\/en\/wp-json\/wp\/v2\/product"}],"about":[{"href":"https:\/\/nge.vn\/en\/wp-json\/wp\/v2\/types\/product"}],"replies":[{"embeddable":true,"href":"https:\/\/nge.vn\/en\/wp-json\/wp\/v2\/comments?post=913"}],"wp:featuredmedia":[{"embeddable":true,"href":"https:\/\/nge.vn\/en\/wp-json\/wp\/v2\/media\/905"}],"wp:attachment":[{"href":"https:\/\/nge.vn\/en\/wp-json\/wp\/v2\/media?parent=913"}],"wp:term":[{"taxonomy":"product_brand","embeddable":true,"href":"https:\/\/nge.vn\/en\/wp-json\/wp\/v2\/product_brand?post=913"},{"taxonomy":"product_cat","embeddable":true,"href":"https:\/\/nge.vn\/en\/wp-json\/wp\/v2\/product_cat?post=913"},{"taxonomy":"product_tag","embeddable":true,"href":"https:\/\/nge.vn\/en\/wp-json\/wp\/v2\/product_tag?post=913"}],"curies":[{"name":"wp","href":"https:\/\/api.w.org\/{rel}","templated":true}]}}