{"id":894,"date":"2024-10-25T14:08:43","date_gmt":"2024-10-25T07:08:43","guid":{"rendered":"https:\/\/nge.123websitedev.com\/san-pham\/day-gia-nhiet-heating-rod-cho-may-in-3d-flsun-sr-va-q5\/"},"modified":"2024-10-29T17:22:21","modified_gmt":"2024-10-29T10:22:21","slug":"day-gia-nhiet-heating-rod-cho-may-in-3d-flsun-sr-va-q5","status":"publish","type":"product","link":"https:\/\/nge.vn\/en\/product\/day-gia-nhiet-heating-rod-cho-may-in-3d-flsun-sr-va-q5\/","title":{"rendered":"D\u00e2y gia nhi\u1ec7t Heating Rod cho m\u00e1y in 3d Flsun SR v\u00e0 Q5"},"content":{"rendered":"<p>D\u00e2y gia nhi\u1ec7t Heating Rod cho c\u1ee5m \u0111\u00f9n c\u1ee7a m\u00e1y in 3d Flsun Super Racer v\u00e0 Q5<br \/>\n+D\u00e2y d\u00e0i 21cm<br \/>\n+K\u00edch th\u01b0\u1edbc: \u0111\u1ea7u gia nhi\u1ec7t: \u03c66*20mm<br \/>\n+\u0110i\u1ec7n \u00e1p ngu\u1ed3n: 24V<br \/>\n+C\u00f4ng su\u1ea5t \u0111\u1ecbnh m\u1ee9c: 40W<br \/>\n+V\u1eadt li\u1ec7u l\u00e0m n\u00f3ng: L\u00f5i g\u1ed1m (ceramic), Th\u00e9p kh\u00f4ng g\u1ec9 304 ch\u1ed1ng \u0103n m\u00f2n cao<br \/>\n+\u0110\u1ea7u nung c\u00f3 tu\u1ed5i th\u1ecd cao, d\u00e2y d\u1eabn \u0111\u1ea3m b\u1ea3o kh\u1ea3 n\u0103ng ch\u1ecbu d\u00f2ng \u0111i\u1ec7n l\u1edbn trong th\u1eddi gian d\u00e0i.<br \/>\n+\u0110\u1ea7u nung nh\u1ef1a in 3d 24V 40W trong c\u00e1c m\u00e1y in 3D c\u00f3 nhi\u1ec7m v\u1ee5 nung n\u00f3ng \u0111\u1ea7u \u0111\u00f9n c\u00f9ng v\u1edbi nh\u1ef1a in, chuy\u1ec3n nh\u1ef1a in t\u1eeb th\u1ec3 r\u1eafn sang d\u1ea1ng d\u1ebbo \u0111\u1ec3 c\u00f3 th\u1ec3 in 3D<br \/>\n+D\u00e2y \u0111\u01b0\u1ee3c b\u1ea5m s\u1eb5n: \u0111\u1ea7u Jack SM 2.54 2pin<\/p>\n<p>_C\u00f2n g\u1ecdi l\u00e0 \u0111\u1ea7u nung nh\u1ef1a, Heating Tube&#8230; \u0111\u01b0\u1ee3c d\u00f9ng cho nhi\u1ec1u m\u00e1y in 3d FDM s\u1eed d\u1ee5ng c\u1ee5m \u0111\u00f9n V6, J-Head&#8230;Volcano<\/p>\n<p>**\u0110\u1ec3 \u0111\u01b0\u1ee3c nh\u1eadn h\u1ed9 tr\u1ee3 th\u00eam v\u1ec1 Gi\u00e1 v\u00e0 Th\u00f4ng tin c\u1ee7a s\u1ea3n ph\u1ea9m, vui l\u00f2ng li\u00ean h\u1ec7:<br \/>\n          0913.939.775 g\u1eb7p A. Qu\u00e2n (for English)<br \/>\n          094.144.0951 contact A.Quynh<br \/>\n**Selling price does not include VAT (+10% if VAT invoice is issued)<\/p>","protected":false},"excerpt":{"rendered":"<p>D\u00e2y gia nhi\u1ec7t Heating Rod cho m\u00e1y in 3d Flsun SR v\u00e0 Q5<\/p>","protected":false},"featured_media":890,"comment_status":"open","ping_status":"closed","template":"","meta":{"inline_featured_image":false},"product_brand":[],"product_cat":[57,40],"product_tag":[],"class_list":{"0":"post-894","1":"product","2":"type-product","3":"status-publish","4":"has-post-thumbnail","6":"product_cat-linh-kien-may-in-3d-flsun","7":"product_cat-linh-kien-va-phu-kien","9":"first","10":"instock","11":"taxable","12":"shipping-taxable","13":"purchasable","14":"product-type-simple"},"yoast_head":"<!-- This site is optimized with the Yoast SEO Premium plugin v22.8 (Yoast SEO v26.9) - https:\/\/yoast.com\/product\/yoast-seo-premium-wordpress\/ -->\n<title>D\u00e2y gia nhi\u1ec7t Heating Rod cho m\u00e1y in 3d Flsun SR v\u00e0 Q5 - NGE 3D Printers Services<\/title>\n<meta name=\"robots\" content=\"index, follow, max-snippet:-1, max-image-preview:large, max-video-preview:-1\" \/>\n<link rel=\"canonical\" href=\"https:\/\/nge.vn\/en\/product\/day-gia-nhiet-heating-rod-cho-may-in-3d-flsun-sr-va-q5\/\" \/>\n<meta property=\"og:locale\" content=\"en_US\" \/>\n<meta property=\"og:type\" content=\"article\" \/>\n<meta property=\"og:title\" content=\"D\u00e2y gia nhi\u1ec7t Heating Rod cho m\u00e1y in 3d Flsun SR v\u00e0 Q5\" \/>\n<meta property=\"og:description\" content=\"D\u00e2y gia nhi\u1ec7t Heating Rod cho m\u00e1y in 3d Flsun SR v\u00e0 Q5\" \/>\n<meta property=\"og:url\" content=\"https:\/\/nge.vn\/en\/product\/day-gia-nhiet-heating-rod-cho-may-in-3d-flsun-sr-va-q5\/\" \/>\n<meta property=\"og:site_name\" content=\"NGE 3D Printers Services\" \/>\n<meta property=\"article:modified_time\" content=\"2024-10-29T10:22:21+00:00\" \/>\n<meta property=\"og:image\" content=\"https:\/\/nge.vn\/wp-content\/uploads\/2024\/10\/images-upload-woo2F1c95b721c9d46281686f3ca00b92baf1.jpg\" \/>\n\t<meta property=\"og:image:width\" content=\"720\" \/>\n\t<meta property=\"og:image:height\" content=\"720\" \/>\n\t<meta property=\"og:image:type\" content=\"image\/jpeg\" \/>\n<meta name=\"twitter:card\" content=\"summary_large_image\" \/>\n<meta name=\"twitter:label1\" content=\"Est. reading time\" \/>\n\t<meta name=\"twitter:data1\" content=\"1 minute\" \/>\n<script type=\"application\/ld+json\" class=\"yoast-schema-graph\">{\"@context\":\"https:\/\/schema.org\",\"@graph\":[{\"@type\":\"WebPage\",\"@id\":\"https:\/\/nge.vn\/san-pham\/day-gia-nhiet-heating-rod-cho-may-in-3d-flsun-sr-va-q5\/\",\"url\":\"https:\/\/nge.vn\/san-pham\/day-gia-nhiet-heating-rod-cho-may-in-3d-flsun-sr-va-q5\/\",\"name\":\"D\u00e2y gia nhi\u1ec7t Heating Rod cho m\u00e1y in 3d Flsun SR v\u00e0 Q5 - NGE 3D Printers Services\",\"isPartOf\":{\"@id\":\"https:\/\/nge.vn\/#website\"},\"primaryImageOfPage\":{\"@id\":\"https:\/\/nge.vn\/san-pham\/day-gia-nhiet-heating-rod-cho-may-in-3d-flsun-sr-va-q5\/#primaryimage\"},\"image\":{\"@id\":\"https:\/\/nge.vn\/san-pham\/day-gia-nhiet-heating-rod-cho-may-in-3d-flsun-sr-va-q5\/#primaryimage\"},\"thumbnailUrl\":\"https:\/\/nge.vn\/wp-content\/uploads\/2024\/10\/images-upload-woo2F1c95b721c9d46281686f3ca00b92baf1.jpg\",\"datePublished\":\"2024-10-25T07:08:43+00:00\",\"dateModified\":\"2024-10-29T10:22:21+00:00\",\"breadcrumb\":{\"@id\":\"https:\/\/nge.vn\/san-pham\/day-gia-nhiet-heating-rod-cho-may-in-3d-flsun-sr-va-q5\/#breadcrumb\"},\"inLanguage\":\"en-US\",\"potentialAction\":[{\"@type\":\"ReadAction\",\"target\":[\"https:\/\/nge.vn\/san-pham\/day-gia-nhiet-heating-rod-cho-may-in-3d-flsun-sr-va-q5\/\"]}]},{\"@type\":\"ImageObject\",\"inLanguage\":\"en-US\",\"@id\":\"https:\/\/nge.vn\/san-pham\/day-gia-nhiet-heating-rod-cho-may-in-3d-flsun-sr-va-q5\/#primaryimage\",\"url\":\"https:\/\/nge.vn\/wp-content\/uploads\/2024\/10\/images-upload-woo2F1c95b721c9d46281686f3ca00b92baf1.jpg\",\"contentUrl\":\"https:\/\/nge.vn\/wp-content\/uploads\/2024\/10\/images-upload-woo2F1c95b721c9d46281686f3ca00b92baf1.jpg\",\"width\":720,\"height\":720},{\"@type\":\"BreadcrumbList\",\"@id\":\"https:\/\/nge.vn\/san-pham\/day-gia-nhiet-heating-rod-cho-may-in-3d-flsun-sr-va-q5\/#breadcrumb\",\"itemListElement\":[{\"@type\":\"ListItem\",\"position\":1,\"name\":\"Trang ch\u1ee7\",\"item\":\"https:\/\/nge.vn\/\"},{\"@type\":\"ListItem\",\"position\":2,\"name\":\"S\u1ea3n ph\u1ea9m\",\"item\":\"https:\/\/nge.vn\/san-pham\/\"},{\"@type\":\"ListItem\",\"position\":3,\"name\":\"D\u00e2y gia nhi\u1ec7t Heating Rod cho m\u00e1y in 3d Flsun SR v\u00e0 Q5\"}]},{\"@type\":\"WebSite\",\"@id\":\"https:\/\/nge.vn\/#website\",\"url\":\"https:\/\/nge.vn\/\",\"name\":\"NGE 3D Printers Services\",\"description\":\"\",\"potentialAction\":[{\"@type\":\"SearchAction\",\"target\":{\"@type\":\"EntryPoint\",\"urlTemplate\":\"https:\/\/nge.vn\/?s={search_term_string}\"},\"query-input\":{\"@type\":\"PropertyValueSpecification\",\"valueRequired\":true,\"valueName\":\"search_term_string\"}}],\"inLanguage\":\"en-US\"}]}<\/script>\n<!-- \/ Yoast SEO Premium plugin. -->","yoast_head_json":{"title":"D\u00e2y gia nhi\u1ec7t Heating Rod cho m\u00e1y in 3d Flsun SR v\u00e0 Q5 - NGE 3D Printers Services","robots":{"index":"index","follow":"follow","max-snippet":"max-snippet:-1","max-image-preview":"max-image-preview:large","max-video-preview":"max-video-preview:-1"},"canonical":"https:\/\/nge.vn\/en\/product\/day-gia-nhiet-heating-rod-cho-may-in-3d-flsun-sr-va-q5\/","og_locale":"en_US","og_type":"article","og_title":"D\u00e2y gia nhi\u1ec7t Heating Rod cho m\u00e1y in 3d Flsun SR v\u00e0 Q5","og_description":"D\u00e2y gia nhi\u1ec7t Heating Rod cho m\u00e1y in 3d Flsun SR v\u00e0 Q5","og_url":"https:\/\/nge.vn\/en\/product\/day-gia-nhiet-heating-rod-cho-may-in-3d-flsun-sr-va-q5\/","og_site_name":"NGE 3D Printers Services","article_modified_time":"2024-10-29T10:22:21+00:00","og_image":[{"width":720,"height":720,"url":"https:\/\/nge.vn\/wp-content\/uploads\/2024\/10\/images-upload-woo2F1c95b721c9d46281686f3ca00b92baf1.jpg","type":"image\/jpeg"}],"twitter_card":"summary_large_image","twitter_misc":{"Est. reading time":"1 minute"},"schema":{"@context":"https:\/\/schema.org","@graph":[{"@type":"WebPage","@id":"https:\/\/nge.vn\/san-pham\/day-gia-nhiet-heating-rod-cho-may-in-3d-flsun-sr-va-q5\/","url":"https:\/\/nge.vn\/san-pham\/day-gia-nhiet-heating-rod-cho-may-in-3d-flsun-sr-va-q5\/","name":"D\u00e2y gia nhi\u1ec7t Heating Rod cho m\u00e1y in 3d Flsun SR v\u00e0 Q5 - NGE 3D Printers Services","isPartOf":{"@id":"https:\/\/nge.vn\/#website"},"primaryImageOfPage":{"@id":"https:\/\/nge.vn\/san-pham\/day-gia-nhiet-heating-rod-cho-may-in-3d-flsun-sr-va-q5\/#primaryimage"},"image":{"@id":"https:\/\/nge.vn\/san-pham\/day-gia-nhiet-heating-rod-cho-may-in-3d-flsun-sr-va-q5\/#primaryimage"},"thumbnailUrl":"https:\/\/nge.vn\/wp-content\/uploads\/2024\/10\/images-upload-woo2F1c95b721c9d46281686f3ca00b92baf1.jpg","datePublished":"2024-10-25T07:08:43+00:00","dateModified":"2024-10-29T10:22:21+00:00","breadcrumb":{"@id":"https:\/\/nge.vn\/san-pham\/day-gia-nhiet-heating-rod-cho-may-in-3d-flsun-sr-va-q5\/#breadcrumb"},"inLanguage":"en-US","potentialAction":[{"@type":"ReadAction","target":["https:\/\/nge.vn\/san-pham\/day-gia-nhiet-heating-rod-cho-may-in-3d-flsun-sr-va-q5\/"]}]},{"@type":"ImageObject","inLanguage":"en-US","@id":"https:\/\/nge.vn\/san-pham\/day-gia-nhiet-heating-rod-cho-may-in-3d-flsun-sr-va-q5\/#primaryimage","url":"https:\/\/nge.vn\/wp-content\/uploads\/2024\/10\/images-upload-woo2F1c95b721c9d46281686f3ca00b92baf1.jpg","contentUrl":"https:\/\/nge.vn\/wp-content\/uploads\/2024\/10\/images-upload-woo2F1c95b721c9d46281686f3ca00b92baf1.jpg","width":720,"height":720},{"@type":"BreadcrumbList","@id":"https:\/\/nge.vn\/san-pham\/day-gia-nhiet-heating-rod-cho-may-in-3d-flsun-sr-va-q5\/#breadcrumb","itemListElement":[{"@type":"ListItem","position":1,"name":"Trang ch\u1ee7","item":"https:\/\/nge.vn\/"},{"@type":"ListItem","position":2,"name":"S\u1ea3n ph\u1ea9m","item":"https:\/\/nge.vn\/san-pham\/"},{"@type":"ListItem","position":3,"name":"D\u00e2y gia nhi\u1ec7t Heating Rod cho m\u00e1y in 3d Flsun SR v\u00e0 Q5"}]},{"@type":"WebSite","@id":"https:\/\/nge.vn\/#website","url":"https:\/\/nge.vn\/","name":"NGE 3D Printers Services","description":"","potentialAction":[{"@type":"SearchAction","target":{"@type":"EntryPoint","urlTemplate":"https:\/\/nge.vn\/?s={search_term_string}"},"query-input":{"@type":"PropertyValueSpecification","valueRequired":true,"valueName":"search_term_string"}}],"inLanguage":"en-US"}]}},"_links":{"self":[{"href":"https:\/\/nge.vn\/en\/wp-json\/wp\/v2\/product\/894","targetHints":{"allow":["GET"]}}],"collection":[{"href":"https:\/\/nge.vn\/en\/wp-json\/wp\/v2\/product"}],"about":[{"href":"https:\/\/nge.vn\/en\/wp-json\/wp\/v2\/types\/product"}],"replies":[{"embeddable":true,"href":"https:\/\/nge.vn\/en\/wp-json\/wp\/v2\/comments?post=894"}],"wp:featuredmedia":[{"embeddable":true,"href":"https:\/\/nge.vn\/en\/wp-json\/wp\/v2\/media\/890"}],"wp:attachment":[{"href":"https:\/\/nge.vn\/en\/wp-json\/wp\/v2\/media?parent=894"}],"wp:term":[{"taxonomy":"product_brand","embeddable":true,"href":"https:\/\/nge.vn\/en\/wp-json\/wp\/v2\/product_brand?post=894"},{"taxonomy":"product_cat","embeddable":true,"href":"https:\/\/nge.vn\/en\/wp-json\/wp\/v2\/product_cat?post=894"},{"taxonomy":"product_tag","embeddable":true,"href":"https:\/\/nge.vn\/en\/wp-json\/wp\/v2\/product_tag?post=894"}],"curies":[{"name":"wp","href":"https:\/\/api.w.org\/{rel}","templated":true}]}}