{"id":878,"date":"2024-10-25T14:04:37","date_gmt":"2024-10-25T07:04:37","guid":{"rendered":"https:\/\/nge.123websitedev.com\/san-pham\/cam-bien-het-soi-nhua-filament-detection-cho-may-in-3d-fdm\/"},"modified":"2024-10-29T17:22:38","modified_gmt":"2024-10-29T10:22:38","slug":"cam-bien-het-soi-nhua-filament-detection-cho-may-in-3d-fdm","status":"publish","type":"product","link":"https:\/\/nge.vn\/en\/product\/cam-bien-het-soi-nhua-filament-detection-cho-may-in-3d-fdm\/","title":{"rendered":"C\u1ea3m bi\u1ebfn h\u1ebft s\u1ee3i nh\u1ef1a Filament Detection cho m\u00e1y in 3d FDM"},"content":{"rendered":"<p>C\u1ea3m bi\u1ebfn h\u1ebft nh\u1ef1a d\u00f9ng cho m\u00e1y in 3d FDM<\/p>\n<p>_M\u00f4-\u0111un th\u00f4ng minh \u0111\u01b0\u1ee3c thi\u1ebft k\u1ebf m\u1edbi, n\u00f3 t\u1ef1 \u0111\u1ed9ng d\u1eebng m\u00e1y in 3D khi h\u1ebft s\u1ee3i nh\u1ef1a.<br \/>\n_M\u00f4-\u0111un c\u1ea3m bi\u1ebfn ph\u00e1t hi\u1ec7n s\u1ee3i r\u1ea5t thi\u1ebft th\u1ef1c, ph\u1ee5 ki\u1ec7n l\u00fd t\u01b0\u1edfng cho m\u00e1y in 3D, gi\u00fap c\u00f4ng vi\u1ec7c in \u1ea5n c\u1ee7a b\u1ea1n tr\u1edf n\u00ean tr\u01a1n tru v\u00e0 nh\u1eb9 nh\u00f5m.<br \/>\n_Thi\u1ebft k\u1ebf kh\u1edbp n\u1ed1i gi\u1eefa \u0111\u1ebf v\u00e0 v\u1ecf ngo\u00e0i gi\u00fap l\u1eafp r\u00e1p d\u1ec5 d\u00e0ng.<br \/>\n_M\u00f4-\u0111un ph\u00e1t hi\u1ec7n v\u1eadt li\u1ec7u s\u1eed d\u1ee5ng ph\u01b0\u01a1ng ph\u00e1p ph\u00e1t hi\u1ec7n b\u01b0\u1edbc nh\u1ea3y m\u1ee9c. Khi c\u00f3 v\u1eadt li\u1ec7u, t\u00edn hi\u1ec7u m\u1ee9c c\u1ee7a c\u1ed5ng ph\u00e1t hi\u1ec7n ph\u1ea3i \u1edf m\u1ee9c cao. Khi kh\u00f4ng c\u00f3 v\u1eadt li\u1ec7u, t\u00edn hi\u1ec7u m\u1ee9c c\u1ee7a c\u1ed5ng v\u1eadt li\u1ec7u s\u1ebd th\u1ea5p. N\u1ebfu qu\u00e1 tr\u00ecnh chuy\u1ec3n \u0111\u1ed5i t\u1eeb cao xu\u1ed1ng th\u1ea5p \u0111\u01b0\u1ee3c x\u00e1c \u0111\u1ecbnh, v\u1eadt li\u1ec7u \u0111\u01b0\u1ee3c coi l\u00e0 c\u1ea1n ki\u1ec7t v\u00e0 l\u1ec7nh t\u1ea1m d\u1eebng \u0111\u01b0\u1ee3c th\u1ef1c hi\u1ec7n. Sau khi con ng\u01b0\u1eddi thay th\u1ebf v\u1eadt li\u1ec7u, m\u00e1y in ti\u1ebfp t\u1ee5c in.<br \/>\n_C\u1ea3m bi\u1ebfn h\u1ebft s\u1ee3i nh\u1ef1a Filament Detection \u0111\u01b0\u1ee3c d\u00f9ng cho m\u00e1y in 3d FLSUN Super Racer v\u00e0 t\u1ea5t c\u1ea3 c\u00e1c lo\u1ea1i m\u00e1y in 3d FDM c\u00f3 tr\u00ean th\u1ecb tr\u01b0\u1eddng<\/p>\n<p>_Specification:<br \/>\n+Color\uff1ablack<br \/>\n+Material: PC+ABS<br \/>\n+Applicable filament diameter: 1.75mm\/0.069inch<br \/>\n+Mounting hole size: 3.5mm\/0.14inch<br \/>\n+Mounting hole distance: 20mm\/0.79inch<br \/>\n+Wire length: 50cm<br \/>\n+Module size: 38 * 30 * 12.7 mm\/1.50 * 1.18 * 0.5inch<\/p>\n<p>_G\u00f3i bao g\u1ed3m:<br \/>\n1 x Filament Detection Sensor<br \/>\n1 x Cable<br \/>\nCh\u1ec9 c\u00f3 n\u1ed9i dung g\u00f3i tr\u00ean, c\u00e1c s\u1ea3n ph\u1ea9m kh\u00e1c kh\u00f4ng \u0111\u01b0\u1ee3c bao g\u1ed3m.<\/p>\n<p>***Note: hi\u1ec7n tr\u00ean th\u1ecb tr\u01b0\u1eddng c\u00f3 nhi\u1ec1u lo\u1ea1i t\u01b0\u01a1ng t\u1ef1 (gi\u1ed1ng g\u1ea7n 90%) nh\u01b0ng kh\u00f4ng ph\u1ea3i lo\u1ea1i n\u00e0o c\u0169ng t\u01b0\u01a1ng th\u00edch \u0111\u01b0\u1ee3c v\u1edbi m\u00e1y FLSUN Super Racer, v\u00ec khi g\u1eafn v\u00e0o thi\u1ebft b\u1ecb s\u1ebd kh\u00f4ng t\u01b0\u01a1ng th\u00edch v\u00e0 kh\u00f4ng b\u00e1o d\u00e8n v\u00e0 d\u1eebng khi h\u1ebft nh\u1ef1a<\/p>\n<p>**\u0110\u1ec3 \u0111\u01b0\u1ee3c nh\u1eadn h\u1ed9 tr\u1ee3 th\u00eam v\u1ec1 Gi\u00e1 v\u00e0 Th\u00f4ng tin c\u1ee7a s\u1ea3n ph\u1ea9m, vui l\u00f2ng li\u00ean h\u1ec7:<br \/>\n       0913.939.775 &#8211; 0934.156.173 g\u1eb7p A. Qu\u00e2n (for English)<br \/>\n       094.144.0951 contact A.Quynh<br \/>\n**Selling price does not include VAT (+10% if VAT invoice is issued)<\/p>","protected":false},"excerpt":{"rendered":"<p>C\u1ea3m bi\u1ebfn h\u1ebft s\u1ee3i nh\u1ef1a Filament Detection cho m\u00e1y in 3d FDM<\/p>","protected":false},"featured_media":869,"comment_status":"open","ping_status":"closed","template":"","meta":{"inline_featured_image":false},"product_brand":[],"product_cat":[40],"product_tag":[],"class_list":{"0":"post-878","1":"product","2":"type-product","3":"status-publish","4":"has-post-thumbnail","6":"product_cat-linh-kien-va-phu-kien","8":"first","9":"instock","10":"taxable","11":"shipping-taxable","12":"purchasable","13":"product-type-simple"},"yoast_head":"<!-- This site is optimized with the Yoast SEO Premium plugin v22.8 (Yoast SEO v26.9) - https:\/\/yoast.com\/product\/yoast-seo-premium-wordpress\/ -->\n<title>C\u1ea3m bi\u1ebfn h\u1ebft s\u1ee3i nh\u1ef1a Filament Detection cho m\u00e1y in 3d FDM - NGE 3D Printers Services<\/title>\n<meta name=\"robots\" content=\"index, follow, max-snippet:-1, max-image-preview:large, max-video-preview:-1\" \/>\n<link rel=\"canonical\" href=\"https:\/\/nge.vn\/en\/product\/cam-bien-het-soi-nhua-filament-detection-cho-may-in-3d-fdm\/\" \/>\n<meta property=\"og:locale\" content=\"en_US\" \/>\n<meta property=\"og:type\" content=\"article\" \/>\n<meta property=\"og:title\" content=\"C\u1ea3m bi\u1ebfn h\u1ebft s\u1ee3i nh\u1ef1a Filament Detection cho m\u00e1y in 3d FDM\" \/>\n<meta property=\"og:description\" content=\"C\u1ea3m bi\u1ebfn h\u1ebft s\u1ee3i nh\u1ef1a Filament Detection cho m\u00e1y in 3d FDM\" \/>\n<meta property=\"og:url\" content=\"https:\/\/nge.vn\/en\/product\/cam-bien-het-soi-nhua-filament-detection-cho-may-in-3d-fdm\/\" \/>\n<meta property=\"og:site_name\" content=\"NGE 3D Printers Services\" \/>\n<meta property=\"article:modified_time\" content=\"2024-10-29T10:22:38+00:00\" \/>\n<meta property=\"og:image\" content=\"https:\/\/nge.vn\/wp-content\/uploads\/2024\/10\/images-upload-woo2F5ef1da33fafae232db56f42229b087e9.jpg\" \/>\n\t<meta property=\"og:image:width\" content=\"662\" \/>\n\t<meta property=\"og:image:height\" content=\"662\" \/>\n\t<meta property=\"og:image:type\" content=\"image\/jpeg\" \/>\n<meta name=\"twitter:card\" content=\"summary_large_image\" \/>\n<meta name=\"twitter:label1\" content=\"Est. reading time\" \/>\n\t<meta name=\"twitter:data1\" content=\"2 minutes\" \/>\n<script type=\"application\/ld+json\" class=\"yoast-schema-graph\">{\"@context\":\"https:\/\/schema.org\",\"@graph\":[{\"@type\":\"WebPage\",\"@id\":\"https:\/\/nge.vn\/san-pham\/cam-bien-het-soi-nhua-filament-detection-cho-may-in-3d-fdm\/\",\"url\":\"https:\/\/nge.vn\/san-pham\/cam-bien-het-soi-nhua-filament-detection-cho-may-in-3d-fdm\/\",\"name\":\"C\u1ea3m bi\u1ebfn h\u1ebft s\u1ee3i nh\u1ef1a Filament Detection cho m\u00e1y in 3d FDM - NGE 3D Printers Services\",\"isPartOf\":{\"@id\":\"https:\/\/nge.vn\/#website\"},\"primaryImageOfPage\":{\"@id\":\"https:\/\/nge.vn\/san-pham\/cam-bien-het-soi-nhua-filament-detection-cho-may-in-3d-fdm\/#primaryimage\"},\"image\":{\"@id\":\"https:\/\/nge.vn\/san-pham\/cam-bien-het-soi-nhua-filament-detection-cho-may-in-3d-fdm\/#primaryimage\"},\"thumbnailUrl\":\"https:\/\/nge.vn\/wp-content\/uploads\/2024\/10\/images-upload-woo2F5ef1da33fafae232db56f42229b087e9.jpg\",\"datePublished\":\"2024-10-25T07:04:37+00:00\",\"dateModified\":\"2024-10-29T10:22:38+00:00\",\"breadcrumb\":{\"@id\":\"https:\/\/nge.vn\/san-pham\/cam-bien-het-soi-nhua-filament-detection-cho-may-in-3d-fdm\/#breadcrumb\"},\"inLanguage\":\"en-US\",\"potentialAction\":[{\"@type\":\"ReadAction\",\"target\":[\"https:\/\/nge.vn\/san-pham\/cam-bien-het-soi-nhua-filament-detection-cho-may-in-3d-fdm\/\"]}]},{\"@type\":\"ImageObject\",\"inLanguage\":\"en-US\",\"@id\":\"https:\/\/nge.vn\/san-pham\/cam-bien-het-soi-nhua-filament-detection-cho-may-in-3d-fdm\/#primaryimage\",\"url\":\"https:\/\/nge.vn\/wp-content\/uploads\/2024\/10\/images-upload-woo2F5ef1da33fafae232db56f42229b087e9.jpg\",\"contentUrl\":\"https:\/\/nge.vn\/wp-content\/uploads\/2024\/10\/images-upload-woo2F5ef1da33fafae232db56f42229b087e9.jpg\",\"width\":662,\"height\":662},{\"@type\":\"BreadcrumbList\",\"@id\":\"https:\/\/nge.vn\/san-pham\/cam-bien-het-soi-nhua-filament-detection-cho-may-in-3d-fdm\/#breadcrumb\",\"itemListElement\":[{\"@type\":\"ListItem\",\"position\":1,\"name\":\"Trang ch\u1ee7\",\"item\":\"https:\/\/nge.vn\/\"},{\"@type\":\"ListItem\",\"position\":2,\"name\":\"S\u1ea3n ph\u1ea9m\",\"item\":\"https:\/\/nge.vn\/san-pham\/\"},{\"@type\":\"ListItem\",\"position\":3,\"name\":\"C\u1ea3m bi\u1ebfn h\u1ebft s\u1ee3i nh\u1ef1a Filament Detection cho m\u00e1y in 3d FDM\"}]},{\"@type\":\"WebSite\",\"@id\":\"https:\/\/nge.vn\/#website\",\"url\":\"https:\/\/nge.vn\/\",\"name\":\"NGE 3D Printers Services\",\"description\":\"\",\"potentialAction\":[{\"@type\":\"SearchAction\",\"target\":{\"@type\":\"EntryPoint\",\"urlTemplate\":\"https:\/\/nge.vn\/?s={search_term_string}\"},\"query-input\":{\"@type\":\"PropertyValueSpecification\",\"valueRequired\":true,\"valueName\":\"search_term_string\"}}],\"inLanguage\":\"en-US\"}]}<\/script>\n<!-- \/ Yoast SEO Premium plugin. -->","yoast_head_json":{"title":"C\u1ea3m bi\u1ebfn h\u1ebft s\u1ee3i nh\u1ef1a Filament Detection cho m\u00e1y in 3d FDM - NGE 3D Printers Services","robots":{"index":"index","follow":"follow","max-snippet":"max-snippet:-1","max-image-preview":"max-image-preview:large","max-video-preview":"max-video-preview:-1"},"canonical":"https:\/\/nge.vn\/en\/product\/cam-bien-het-soi-nhua-filament-detection-cho-may-in-3d-fdm\/","og_locale":"en_US","og_type":"article","og_title":"C\u1ea3m bi\u1ebfn h\u1ebft s\u1ee3i nh\u1ef1a Filament Detection cho m\u00e1y in 3d FDM","og_description":"C\u1ea3m bi\u1ebfn h\u1ebft s\u1ee3i nh\u1ef1a Filament Detection cho m\u00e1y in 3d FDM","og_url":"https:\/\/nge.vn\/en\/product\/cam-bien-het-soi-nhua-filament-detection-cho-may-in-3d-fdm\/","og_site_name":"NGE 3D Printers Services","article_modified_time":"2024-10-29T10:22:38+00:00","og_image":[{"width":662,"height":662,"url":"https:\/\/nge.vn\/wp-content\/uploads\/2024\/10\/images-upload-woo2F5ef1da33fafae232db56f42229b087e9.jpg","type":"image\/jpeg"}],"twitter_card":"summary_large_image","twitter_misc":{"Est. reading time":"2 minutes"},"schema":{"@context":"https:\/\/schema.org","@graph":[{"@type":"WebPage","@id":"https:\/\/nge.vn\/san-pham\/cam-bien-het-soi-nhua-filament-detection-cho-may-in-3d-fdm\/","url":"https:\/\/nge.vn\/san-pham\/cam-bien-het-soi-nhua-filament-detection-cho-may-in-3d-fdm\/","name":"C\u1ea3m bi\u1ebfn h\u1ebft s\u1ee3i nh\u1ef1a Filament Detection cho m\u00e1y in 3d FDM - NGE 3D Printers Services","isPartOf":{"@id":"https:\/\/nge.vn\/#website"},"primaryImageOfPage":{"@id":"https:\/\/nge.vn\/san-pham\/cam-bien-het-soi-nhua-filament-detection-cho-may-in-3d-fdm\/#primaryimage"},"image":{"@id":"https:\/\/nge.vn\/san-pham\/cam-bien-het-soi-nhua-filament-detection-cho-may-in-3d-fdm\/#primaryimage"},"thumbnailUrl":"https:\/\/nge.vn\/wp-content\/uploads\/2024\/10\/images-upload-woo2F5ef1da33fafae232db56f42229b087e9.jpg","datePublished":"2024-10-25T07:04:37+00:00","dateModified":"2024-10-29T10:22:38+00:00","breadcrumb":{"@id":"https:\/\/nge.vn\/san-pham\/cam-bien-het-soi-nhua-filament-detection-cho-may-in-3d-fdm\/#breadcrumb"},"inLanguage":"en-US","potentialAction":[{"@type":"ReadAction","target":["https:\/\/nge.vn\/san-pham\/cam-bien-het-soi-nhua-filament-detection-cho-may-in-3d-fdm\/"]}]},{"@type":"ImageObject","inLanguage":"en-US","@id":"https:\/\/nge.vn\/san-pham\/cam-bien-het-soi-nhua-filament-detection-cho-may-in-3d-fdm\/#primaryimage","url":"https:\/\/nge.vn\/wp-content\/uploads\/2024\/10\/images-upload-woo2F5ef1da33fafae232db56f42229b087e9.jpg","contentUrl":"https:\/\/nge.vn\/wp-content\/uploads\/2024\/10\/images-upload-woo2F5ef1da33fafae232db56f42229b087e9.jpg","width":662,"height":662},{"@type":"BreadcrumbList","@id":"https:\/\/nge.vn\/san-pham\/cam-bien-het-soi-nhua-filament-detection-cho-may-in-3d-fdm\/#breadcrumb","itemListElement":[{"@type":"ListItem","position":1,"name":"Trang ch\u1ee7","item":"https:\/\/nge.vn\/"},{"@type":"ListItem","position":2,"name":"S\u1ea3n ph\u1ea9m","item":"https:\/\/nge.vn\/san-pham\/"},{"@type":"ListItem","position":3,"name":"C\u1ea3m bi\u1ebfn h\u1ebft s\u1ee3i nh\u1ef1a Filament Detection cho m\u00e1y in 3d FDM"}]},{"@type":"WebSite","@id":"https:\/\/nge.vn\/#website","url":"https:\/\/nge.vn\/","name":"NGE 3D Printers Services","description":"","potentialAction":[{"@type":"SearchAction","target":{"@type":"EntryPoint","urlTemplate":"https:\/\/nge.vn\/?s={search_term_string}"},"query-input":{"@type":"PropertyValueSpecification","valueRequired":true,"valueName":"search_term_string"}}],"inLanguage":"en-US"}]}},"_links":{"self":[{"href":"https:\/\/nge.vn\/en\/wp-json\/wp\/v2\/product\/878","targetHints":{"allow":["GET"]}}],"collection":[{"href":"https:\/\/nge.vn\/en\/wp-json\/wp\/v2\/product"}],"about":[{"href":"https:\/\/nge.vn\/en\/wp-json\/wp\/v2\/types\/product"}],"replies":[{"embeddable":true,"href":"https:\/\/nge.vn\/en\/wp-json\/wp\/v2\/comments?post=878"}],"wp:featuredmedia":[{"embeddable":true,"href":"https:\/\/nge.vn\/en\/wp-json\/wp\/v2\/media\/869"}],"wp:attachment":[{"href":"https:\/\/nge.vn\/en\/wp-json\/wp\/v2\/media?parent=878"}],"wp:term":[{"taxonomy":"product_brand","embeddable":true,"href":"https:\/\/nge.vn\/en\/wp-json\/wp\/v2\/product_brand?post=878"},{"taxonomy":"product_cat","embeddable":true,"href":"https:\/\/nge.vn\/en\/wp-json\/wp\/v2\/product_cat?post=878"},{"taxonomy":"product_tag","embeddable":true,"href":"https:\/\/nge.vn\/en\/wp-json\/wp\/v2\/product_tag?post=878"}],"curies":[{"name":"wp","href":"https:\/\/api.w.org\/{rel}","templated":true}]}}