{"id":868,"date":"2024-10-25T14:02:26","date_gmt":"2024-10-25T07:02:26","guid":{"rendered":"https:\/\/nge.123websitedev.com\/san-pham\/bo-dun-nhua-bmg-extruder-dung-cho-may-in-3d-flsun-super-racer-va-cac-dong-may-fdm\/"},"modified":"2024-10-29T17:21:54","modified_gmt":"2024-10-29T10:21:54","slug":"bo-dun-nhua-bmg-extruder-dung-cho-may-in-3d-flsun-super-racer-va-cac-dong-may-fdm","status":"publish","type":"product","link":"https:\/\/nge.vn\/en\/product\/bo-dun-nhua-bmg-extruder-dung-cho-may-in-3d-flsun-super-racer-va-cac-dong-may-fdm\/","title":{"rendered":"B\u1ed9 \u0111\u00f9n nh\u1ef1a BMG Extruder d\u00f9ng cho m\u00e1y in 3d FLSUN Super Racer v\u00e0 c\u00e1c d\u00f2ng m\u00e1y FDM&#8230;"},"content":{"rendered":"<p>B\u1ed9 \u0111\u00f9n nh\u1ef1a BMG d\u00f9ng cho m\u00e1y in 3d Flsun SR Extruder<br \/>\n_B\u1ed9 \u0111\u00f9n nh\u1ef1a BMG dual gear ba\u0301nh r\u0103ng ke\u0301p cho m\u00e1y In 3d<br \/>\n_S\u1eed d\u1ee5ng c\u01a1 c\u1ea5u \u0111u\u0300n ba\u0301nh r\u0103ng ke\u0301p giu\u0301p ha\u0323n ch\u00ea\u0301 t\u00f4\u0301i \u0111a l\u00f4\u0303i tr\u01b0\u01a1\u0323t nh\u01b0\u0323a va\u0300 tra\u0300o ng\u01b0\u01a1\u0323c s\u01a1\u0323i nh\u01b0\u0323a.<br \/>\n_Gi\u00fap gi\u1ea3m thi\u1ebfu r\u1ee7i ro k\u1eb9t nh\u1ef1a do sai s\u1ed1 c\u1ee7a s\u1ee3i nh\u1ef1a, t\u0103ng s\u1ee9c m\u1ea1nh cho \u0111\u1ed9ng c\u01a1 \u0111\u00f9n nh\u1edd ch\u1ea1y b\u00e1nh r\u0103ng v\u1edbi t\u1ec9 s\u1ed1 truy\u1ec1n 3:1 n\u00ean b\u1ea1n ho\u00e0n to\u00e0n c\u00f3 th\u1ec3 s\u1eed d\u1ee5ng \u0111\u1ed9ng c\u01a1 step lo\u1ea1i nh\u1ecf \u0111\u1ec3 ch\u1ea1y h\u1ec7 th\u1ed1ng \u0111\u00f9n tr\u1ef1c ti\u1ebfp.<br \/>\n_M\u00e1y \u0111\u00f9n \u0111\u01b0\u1ee3c thi\u1ebft k\u1ebf v\u1edbi m\u1ed9t n\u00fam m\u1edf \u1edf b\u00ean gi\u1eef m\u1ed9t trong c\u00e1c b\u00e1nh r\u0103ng d\u1eabn \u0111\u1ed9ng k\u00e9p. N\u00fam v\u1eb7n n\u00e0y \u0111\u01b0\u1ee3c \u0111\u00f3ng b\u1eb1ng m\u1ed9t v\u00edt xo\u1eafn c\u00f3 l\u00f2 xo c\u0103ng. N\u00fat v\u1eb7n n\u00e0y cho ph\u00e9p t\u1ea1o l\u1ef1c c\u0103ng ch\u00ednh x\u00e1c c\u1ee7a c\u00e1c b\u00e1nh r\u0103ng truy\u1ec1n \u0111\u1ed9ng \u0111\u1ec3 gi\u1eef \u0111\u00fang d\u00e2y t\u00f3c, v\u1edbi kh\u1ea3 n\u0103ng gi\u1ea3i ph\u00f3ng l\u1ef1c c\u0103ng v\u00e0 ch\u1ec9 c\u1ea7n t\u1ea3i ho\u1eb7c d\u1ee1 d\u00e2y t\u00f3c.<br \/>\n_Nh\u00e2n \u0111\u00f4i c\u00e1c b\u00e1nh r\u0103ng v\u00e0 nh\u00e2n \u0111\u00f4i ni\u1ec1m vui, hai b\u00e1nh xe d\u1eabn \u0111\u1ed9ng l\u1ea5y d\u00e2y t\u00f3c t\u1eeb m\u1ed7i b\u00ean \u0111\u1ec3 cung c\u1ea5p ngu\u1ed3n c\u1ea5p li\u1ec7u ch\u1eafc ch\u1eafn v\u00e0 \u0111\u00e1ng tin c\u1eady cho \u0111\u1ea7u n\u00f3ng. .<br \/>\nC\u00e1c b\u00e1nh r\u0103ng truy\u1ec1n \u0111\u1ed9ng k\u00e9p c\u1ee7a m\u00e1y \u0111\u00f9n c\u00f3 th\u1ec3 cung c\u1ea5p lu\u1ed3ng d\u00e2y t\u00f3c linh ho\u1ea1t nh\u1ea5t qu\u00e1n trong c\u1ea5u h\u00ecnh truy\u1ec1n \u0111\u1ed9ng tr\u1ef1c ti\u1ebfp ho\u1eb7c Bowden.<br \/>\nKi\u1ec3u d\u00e1ng tr\u1ecdng l\u01b0\u1ee3ng nh\u1eb9 c\u1ee7a m\u00e1y \u0111\u00f9n Truy\u1ec1n \u0111\u1ed9ng k\u00e9p l\u00e0m cho n\u00f3 h\u1eefu \u00edch cho c\u00e1c c\u1ea5u h\u00ecnh truy\u1ec1n \u0111\u1ed9ng tr\u1ef1c ti\u1ebfp.<\/p>\n<p>_Name: BMG Extruder Gear<br \/>\n_Support Filament: PLA\/TPU\/ABS\/PETG<br \/>\n_Filament Diameter Supported: 1.75mm<\/p>\n<p>**\u0110\u1ec3 \u0111\u01b0\u1ee3c nh\u1eadn h\u1ed9 tr\u1ee3 th\u00eam v\u1ec1 Gi\u00e1 v\u00e0 Th\u00f4ng tin c\u1ee7a s\u1ea3n ph\u1ea9m, vui l\u00f2ng li\u00ean h\u1ec7:<br \/>\n          0913.939.775 g\u1eb7p A. Qu\u00e2n (for English)<br \/>\n          094.144.0951 contact A.Quynh<br \/>\n**Selling price does not include VAT (+10% if VAT invoice is issued)<\/p>","protected":false},"excerpt":{"rendered":"<p>B\u1ed9 \u0111\u00f9n nh\u1ef1a BMG Extruder d\u00f9ng cho m\u00e1y in 3d FLSUN Super Racer v\u00e0 c\u00e1c d\u00f2ng m\u00e1y FDM&#8230;<\/p>","protected":false},"featured_media":860,"comment_status":"open","ping_status":"closed","template":"","meta":{"inline_featured_image":false},"product_brand":[],"product_cat":[461,40],"product_tag":[],"class_list":{"0":"post-868","1":"product","2":"type-product","3":"status-publish","4":"has-post-thumbnail","6":"product_cat-linh-kien-cum-dun-va-cam-bien","7":"product_cat-linh-kien-va-phu-kien","9":"first","10":"instock","11":"taxable","12":"shipping-taxable","13":"purchasable","14":"product-type-simple"},"yoast_head":"<!-- This site is optimized with the Yoast SEO Premium plugin v22.8 (Yoast SEO v26.9) - https:\/\/yoast.com\/product\/yoast-seo-premium-wordpress\/ -->\n<title>B\u1ed9 \u0111\u00f9n nh\u1ef1a BMG Extruder d\u00f9ng cho m\u00e1y in 3d FLSUN Super Racer v\u00e0 c\u00e1c d\u00f2ng m\u00e1y FDM... - NGE 3D Printers Services<\/title>\n<meta name=\"robots\" content=\"index, follow, max-snippet:-1, max-image-preview:large, max-video-preview:-1\" \/>\n<link rel=\"canonical\" href=\"https:\/\/nge.vn\/en\/product\/bo-dun-nhua-bmg-extruder-dung-cho-may-in-3d-flsun-super-racer-va-cac-dong-may-fdm\/\" \/>\n<meta property=\"og:locale\" content=\"en_US\" \/>\n<meta property=\"og:type\" content=\"article\" \/>\n<meta property=\"og:title\" content=\"B\u1ed9 \u0111\u00f9n nh\u1ef1a BMG Extruder d\u00f9ng cho m\u00e1y in 3d FLSUN Super Racer v\u00e0 c\u00e1c d\u00f2ng m\u00e1y FDM...\" \/>\n<meta property=\"og:description\" content=\"B\u1ed9 \u0111\u00f9n nh\u1ef1a BMG Extruder d\u00f9ng cho m\u00e1y in 3d FLSUN Super Racer v\u00e0 c\u00e1c d\u00f2ng m\u00e1y FDM...\" \/>\n<meta property=\"og:url\" content=\"https:\/\/nge.vn\/en\/product\/bo-dun-nhua-bmg-extruder-dung-cho-may-in-3d-flsun-super-racer-va-cac-dong-may-fdm\/\" \/>\n<meta property=\"og:site_name\" content=\"NGE 3D Printers Services\" \/>\n<meta property=\"article:modified_time\" content=\"2024-10-29T10:21:54+00:00\" \/>\n<meta property=\"og:image\" content=\"https:\/\/nge.vn\/wp-content\/uploads\/2024\/10\/images-upload-woo2Fba2093ca307e55f7b5dd1a7dd19c001f.jpg\" \/>\n\t<meta property=\"og:image:width\" content=\"1000\" \/>\n\t<meta property=\"og:image:height\" content=\"1000\" \/>\n\t<meta property=\"og:image:type\" content=\"image\/jpeg\" \/>\n<meta name=\"twitter:card\" content=\"summary_large_image\" \/>\n<meta name=\"twitter:label1\" content=\"Est. reading time\" \/>\n\t<meta name=\"twitter:data1\" content=\"2 minutes\" \/>\n<script type=\"application\/ld+json\" class=\"yoast-schema-graph\">{\"@context\":\"https:\/\/schema.org\",\"@graph\":[{\"@type\":\"WebPage\",\"@id\":\"https:\/\/nge.vn\/san-pham\/bo-dun-nhua-bmg-extruder-dung-cho-may-in-3d-flsun-super-racer-va-cac-dong-may-fdm\/\",\"url\":\"https:\/\/nge.vn\/san-pham\/bo-dun-nhua-bmg-extruder-dung-cho-may-in-3d-flsun-super-racer-va-cac-dong-may-fdm\/\",\"name\":\"B\u1ed9 \u0111\u00f9n nh\u1ef1a BMG Extruder d\u00f9ng cho m\u00e1y in 3d FLSUN Super Racer v\u00e0 c\u00e1c d\u00f2ng m\u00e1y FDM... - NGE 3D Printers Services\",\"isPartOf\":{\"@id\":\"https:\/\/nge.vn\/#website\"},\"primaryImageOfPage\":{\"@id\":\"https:\/\/nge.vn\/san-pham\/bo-dun-nhua-bmg-extruder-dung-cho-may-in-3d-flsun-super-racer-va-cac-dong-may-fdm\/#primaryimage\"},\"image\":{\"@id\":\"https:\/\/nge.vn\/san-pham\/bo-dun-nhua-bmg-extruder-dung-cho-may-in-3d-flsun-super-racer-va-cac-dong-may-fdm\/#primaryimage\"},\"thumbnailUrl\":\"https:\/\/nge.vn\/wp-content\/uploads\/2024\/10\/images-upload-woo2Fba2093ca307e55f7b5dd1a7dd19c001f.jpg\",\"datePublished\":\"2024-10-25T07:02:26+00:00\",\"dateModified\":\"2024-10-29T10:21:54+00:00\",\"breadcrumb\":{\"@id\":\"https:\/\/nge.vn\/san-pham\/bo-dun-nhua-bmg-extruder-dung-cho-may-in-3d-flsun-super-racer-va-cac-dong-may-fdm\/#breadcrumb\"},\"inLanguage\":\"en-US\",\"potentialAction\":[{\"@type\":\"ReadAction\",\"target\":[\"https:\/\/nge.vn\/san-pham\/bo-dun-nhua-bmg-extruder-dung-cho-may-in-3d-flsun-super-racer-va-cac-dong-may-fdm\/\"]}]},{\"@type\":\"ImageObject\",\"inLanguage\":\"en-US\",\"@id\":\"https:\/\/nge.vn\/san-pham\/bo-dun-nhua-bmg-extruder-dung-cho-may-in-3d-flsun-super-racer-va-cac-dong-may-fdm\/#primaryimage\",\"url\":\"https:\/\/nge.vn\/wp-content\/uploads\/2024\/10\/images-upload-woo2Fba2093ca307e55f7b5dd1a7dd19c001f.jpg\",\"contentUrl\":\"https:\/\/nge.vn\/wp-content\/uploads\/2024\/10\/images-upload-woo2Fba2093ca307e55f7b5dd1a7dd19c001f.jpg\",\"width\":1000,\"height\":1000},{\"@type\":\"BreadcrumbList\",\"@id\":\"https:\/\/nge.vn\/san-pham\/bo-dun-nhua-bmg-extruder-dung-cho-may-in-3d-flsun-super-racer-va-cac-dong-may-fdm\/#breadcrumb\",\"itemListElement\":[{\"@type\":\"ListItem\",\"position\":1,\"name\":\"Trang ch\u1ee7\",\"item\":\"https:\/\/nge.vn\/\"},{\"@type\":\"ListItem\",\"position\":2,\"name\":\"S\u1ea3n ph\u1ea9m\",\"item\":\"https:\/\/nge.vn\/san-pham\/\"},{\"@type\":\"ListItem\",\"position\":3,\"name\":\"B\u1ed9 \u0111\u00f9n nh\u1ef1a BMG Extruder d\u00f9ng cho m\u00e1y in 3d FLSUN Super Racer v\u00e0 c\u00e1c d\u00f2ng m\u00e1y FDM&#8230;\"}]},{\"@type\":\"WebSite\",\"@id\":\"https:\/\/nge.vn\/#website\",\"url\":\"https:\/\/nge.vn\/\",\"name\":\"NGE 3D Printers Services\",\"description\":\"\",\"potentialAction\":[{\"@type\":\"SearchAction\",\"target\":{\"@type\":\"EntryPoint\",\"urlTemplate\":\"https:\/\/nge.vn\/?s={search_term_string}\"},\"query-input\":{\"@type\":\"PropertyValueSpecification\",\"valueRequired\":true,\"valueName\":\"search_term_string\"}}],\"inLanguage\":\"en-US\"}]}<\/script>\n<!-- \/ Yoast SEO Premium plugin. -->","yoast_head_json":{"title":"B\u1ed9 \u0111\u00f9n nh\u1ef1a BMG Extruder d\u00f9ng cho m\u00e1y in 3d FLSUN Super Racer v\u00e0 c\u00e1c d\u00f2ng m\u00e1y FDM... - NGE 3D Printers Services","robots":{"index":"index","follow":"follow","max-snippet":"max-snippet:-1","max-image-preview":"max-image-preview:large","max-video-preview":"max-video-preview:-1"},"canonical":"https:\/\/nge.vn\/en\/product\/bo-dun-nhua-bmg-extruder-dung-cho-may-in-3d-flsun-super-racer-va-cac-dong-may-fdm\/","og_locale":"en_US","og_type":"article","og_title":"B\u1ed9 \u0111\u00f9n nh\u1ef1a BMG Extruder d\u00f9ng cho m\u00e1y in 3d FLSUN Super Racer v\u00e0 c\u00e1c d\u00f2ng m\u00e1y FDM...","og_description":"B\u1ed9 \u0111\u00f9n nh\u1ef1a BMG Extruder d\u00f9ng cho m\u00e1y in 3d FLSUN Super Racer v\u00e0 c\u00e1c d\u00f2ng m\u00e1y FDM...","og_url":"https:\/\/nge.vn\/en\/product\/bo-dun-nhua-bmg-extruder-dung-cho-may-in-3d-flsun-super-racer-va-cac-dong-may-fdm\/","og_site_name":"NGE 3D Printers Services","article_modified_time":"2024-10-29T10:21:54+00:00","og_image":[{"width":1000,"height":1000,"url":"https:\/\/nge.vn\/wp-content\/uploads\/2024\/10\/images-upload-woo2Fba2093ca307e55f7b5dd1a7dd19c001f.jpg","type":"image\/jpeg"}],"twitter_card":"summary_large_image","twitter_misc":{"Est. reading time":"2 minutes"},"schema":{"@context":"https:\/\/schema.org","@graph":[{"@type":"WebPage","@id":"https:\/\/nge.vn\/san-pham\/bo-dun-nhua-bmg-extruder-dung-cho-may-in-3d-flsun-super-racer-va-cac-dong-may-fdm\/","url":"https:\/\/nge.vn\/san-pham\/bo-dun-nhua-bmg-extruder-dung-cho-may-in-3d-flsun-super-racer-va-cac-dong-may-fdm\/","name":"B\u1ed9 \u0111\u00f9n nh\u1ef1a BMG Extruder d\u00f9ng cho m\u00e1y in 3d FLSUN Super Racer v\u00e0 c\u00e1c d\u00f2ng m\u00e1y FDM... - NGE 3D Printers Services","isPartOf":{"@id":"https:\/\/nge.vn\/#website"},"primaryImageOfPage":{"@id":"https:\/\/nge.vn\/san-pham\/bo-dun-nhua-bmg-extruder-dung-cho-may-in-3d-flsun-super-racer-va-cac-dong-may-fdm\/#primaryimage"},"image":{"@id":"https:\/\/nge.vn\/san-pham\/bo-dun-nhua-bmg-extruder-dung-cho-may-in-3d-flsun-super-racer-va-cac-dong-may-fdm\/#primaryimage"},"thumbnailUrl":"https:\/\/nge.vn\/wp-content\/uploads\/2024\/10\/images-upload-woo2Fba2093ca307e55f7b5dd1a7dd19c001f.jpg","datePublished":"2024-10-25T07:02:26+00:00","dateModified":"2024-10-29T10:21:54+00:00","breadcrumb":{"@id":"https:\/\/nge.vn\/san-pham\/bo-dun-nhua-bmg-extruder-dung-cho-may-in-3d-flsun-super-racer-va-cac-dong-may-fdm\/#breadcrumb"},"inLanguage":"en-US","potentialAction":[{"@type":"ReadAction","target":["https:\/\/nge.vn\/san-pham\/bo-dun-nhua-bmg-extruder-dung-cho-may-in-3d-flsun-super-racer-va-cac-dong-may-fdm\/"]}]},{"@type":"ImageObject","inLanguage":"en-US","@id":"https:\/\/nge.vn\/san-pham\/bo-dun-nhua-bmg-extruder-dung-cho-may-in-3d-flsun-super-racer-va-cac-dong-may-fdm\/#primaryimage","url":"https:\/\/nge.vn\/wp-content\/uploads\/2024\/10\/images-upload-woo2Fba2093ca307e55f7b5dd1a7dd19c001f.jpg","contentUrl":"https:\/\/nge.vn\/wp-content\/uploads\/2024\/10\/images-upload-woo2Fba2093ca307e55f7b5dd1a7dd19c001f.jpg","width":1000,"height":1000},{"@type":"BreadcrumbList","@id":"https:\/\/nge.vn\/san-pham\/bo-dun-nhua-bmg-extruder-dung-cho-may-in-3d-flsun-super-racer-va-cac-dong-may-fdm\/#breadcrumb","itemListElement":[{"@type":"ListItem","position":1,"name":"Trang ch\u1ee7","item":"https:\/\/nge.vn\/"},{"@type":"ListItem","position":2,"name":"S\u1ea3n ph\u1ea9m","item":"https:\/\/nge.vn\/san-pham\/"},{"@type":"ListItem","position":3,"name":"B\u1ed9 \u0111\u00f9n nh\u1ef1a BMG Extruder d\u00f9ng cho m\u00e1y in 3d FLSUN Super Racer v\u00e0 c\u00e1c d\u00f2ng m\u00e1y FDM&#8230;"}]},{"@type":"WebSite","@id":"https:\/\/nge.vn\/#website","url":"https:\/\/nge.vn\/","name":"NGE 3D Printers Services","description":"","potentialAction":[{"@type":"SearchAction","target":{"@type":"EntryPoint","urlTemplate":"https:\/\/nge.vn\/?s={search_term_string}"},"query-input":{"@type":"PropertyValueSpecification","valueRequired":true,"valueName":"search_term_string"}}],"inLanguage":"en-US"}]}},"_links":{"self":[{"href":"https:\/\/nge.vn\/en\/wp-json\/wp\/v2\/product\/868","targetHints":{"allow":["GET"]}}],"collection":[{"href":"https:\/\/nge.vn\/en\/wp-json\/wp\/v2\/product"}],"about":[{"href":"https:\/\/nge.vn\/en\/wp-json\/wp\/v2\/types\/product"}],"replies":[{"embeddable":true,"href":"https:\/\/nge.vn\/en\/wp-json\/wp\/v2\/comments?post=868"}],"wp:featuredmedia":[{"embeddable":true,"href":"https:\/\/nge.vn\/en\/wp-json\/wp\/v2\/media\/860"}],"wp:attachment":[{"href":"https:\/\/nge.vn\/en\/wp-json\/wp\/v2\/media?parent=868"}],"wp:term":[{"taxonomy":"product_brand","embeddable":true,"href":"https:\/\/nge.vn\/en\/wp-json\/wp\/v2\/product_brand?post=868"},{"taxonomy":"product_cat","embeddable":true,"href":"https:\/\/nge.vn\/en\/wp-json\/wp\/v2\/product_cat?post=868"},{"taxonomy":"product_tag","embeddable":true,"href":"https:\/\/nge.vn\/en\/wp-json\/wp\/v2\/product_tag?post=868"}],"curies":[{"name":"wp","href":"https:\/\/api.w.org\/{rel}","templated":true}]}}