{"id":854,"date":"2024-10-25T13:58:51","date_gmt":"2024-10-25T06:58:51","guid":{"rendered":"https:\/\/nge.123websitedev.com\/san-pham\/board-dieu-khien-may-in-3d-motherboard-makerbase-mks-robin-nano-v3-0-32bit-va-4-tmc2209\/"},"modified":"2024-10-29T17:22:52","modified_gmt":"2024-10-29T10:22:52","slug":"board-dieu-khien-may-in-3d-motherboard-makerbase-mks-robin-nano-v3-0-32bit-va-4-tmc2209","status":"publish","type":"product","link":"https:\/\/nge.vn\/en\/product\/board-dieu-khien-may-in-3d-motherboard-makerbase-mks-robin-nano-v3-0-32bit-va-4-tmc2209\/","title":{"rendered":"Board \u0111i\u1ec1u khi\u1ec3n m\u00e1y in 3d MotherBoard Makerbase MKS Robin Nano V3.0 32Bit v\u00e0 4 TMC2209"},"content":{"rendered":"<p>Board \u0111i\u1ec1u khi\u1ec3n m\u00e1y in 3d MotherBoard Makerbase MKS Robin Nano V3.0 32Bit v\u00e0 4 TMC2209<br \/>\n***\u0110\u01b0\u1ee3c s\u1eed d\u1ee5ng cho m\u00e1y in 3d FLSUN Super Racer v\u00e0 t\u1ea5t c\u1ea3 c\u00e1c lo\u1ea1i m\u00e1y in FDM c\u00e1c H\u00e3ng&#8230; v\u00e0 DIY..<\/p>\n<p>_Board MKS Robin Nano V3.0 c\u00f3 nhi\u1ec1u \u0111i\u1ec3m n\u1ed5i b\u1eadt v\u00e0 n\u00e2ng c\u1ea5p quan tr\u1ecdng so v\u1edbi MKS Robin Nano V2.0. N\u00e2ng c\u1ea5p MCU l\u00ean STM32F407VGT6, H\u1ed7 tr\u1ee3 cho \u0111\u0129a USB v\u00e0 th\u1ebb SD. M\u1edf r\u1ed9ng k\u00e9p z v\u00e0 \u0111\u1ea7u ra qu\u1ea1t PWM k\u00e9p. Marlin 2.x, h\u1ed7 tr\u1ee3 ch\u1ebf \u0111\u1ed9 \u1ed5 uart \/ spi, h\u1ed7 tr\u1ee3 TS35 v\u00e0 ba ki\u1ec3u hi\u1ec3n th\u1ecb giao di\u1ec7n ng\u01b0\u1eddi d\u00f9ng., v\u1edbi EEPROM 4k t\u00edch h\u1ee3p &#8230; v.v.<\/p>\n<p>_Support Marlin2.X firmware,32-bit 168MHz MCU STM32F407VGT6<br \/>\n_Support TF Card,USB Disk,Virtural USB Device,PWM TTL,Power TVS Protect<br \/>\n_3.5 inches Touch screen Support 3 types of UI<br \/>\n_With TS35 Touch screen,Robin WIFI and 5pcs MKS TMC2209<\/p>\n<p>_Hardware:<br \/>\n+The hardware design is openned source on :<br \/>\nhttps:\/\/github.com\/makerbase-mks\/MKS-Robin-Nano-V3.X\/tree\/main\/hardware<\/p>\n<p>**G\u00f3i s\u1ea3n ph\u1ea9m g\u1ed3m:<br \/>\n+Board MKS Robin Nano V3.0 * 1<br \/>\n+TMC 2209 * 4<br \/>\n+Heat Sink * 4<br \/>\n**Note: \u0111\u00e3 g\u1eafn k\u1ebft n\u1ed1i v\u00e0o s\u1eb5n v\u1edbi board<\/p>\n<p>**\u0110\u1ec3 \u0111\u01b0\u1ee3c nh\u1eadn h\u1ed9 tr\u1ee3 th\u00eam v\u1ec1 Gi\u00e1 v\u00e0 Th\u00f4ng tin c\u1ee7a s\u1ea3n ph\u1ea9m, vui l\u00f2ng li\u00ean h\u1ec7:<br \/>\n    0913.939.775 g\u1eb7p A. Qu\u00e2n (for English)<br \/>\n    094.144.0951 contact A.Quynh<br \/>\n**Selling price does not include VAT (+10% if VAT invoice is issued)<\/p>","protected":false},"excerpt":{"rendered":"<p>Board \u0111i\u1ec1u khi\u1ec3n m\u00e1y in 3d MotherBoard Makerbase MKS Robin Nano V3.0 32Bit v\u00e0 4 TMC2209<\/p>","protected":false},"featured_media":845,"comment_status":"open","ping_status":"closed","template":"","meta":{"inline_featured_image":false},"product_brand":[],"product_cat":[462,40],"product_tag":[],"class_list":{"0":"post-854","1":"product","2":"type-product","3":"status-publish","4":"has-post-thumbnail","6":"product_cat-board-va-man-hinh-dieu-khien","7":"product_cat-linh-kien-va-phu-kien","9":"first","10":"instock","11":"taxable","12":"shipping-taxable","13":"purchasable","14":"product-type-simple"},"yoast_head":"<!-- This site is optimized with the Yoast SEO Premium plugin v22.8 (Yoast SEO v26.9) - https:\/\/yoast.com\/product\/yoast-seo-premium-wordpress\/ -->\n<title>Board \u0111i\u1ec1u khi\u1ec3n m\u00e1y in 3d MotherBoard Makerbase MKS Robin Nano V3.0 32Bit v\u00e0 4 TMC2209 - NGE 3D Printers Services<\/title>\n<meta name=\"robots\" content=\"index, follow, max-snippet:-1, max-image-preview:large, max-video-preview:-1\" \/>\n<link rel=\"canonical\" href=\"https:\/\/nge.vn\/en\/product\/board-dieu-khien-may-in-3d-motherboard-makerbase-mks-robin-nano-v3-0-32bit-va-4-tmc2209\/\" \/>\n<meta property=\"og:locale\" content=\"en_US\" \/>\n<meta property=\"og:type\" content=\"article\" \/>\n<meta property=\"og:title\" content=\"Board \u0111i\u1ec1u khi\u1ec3n m\u00e1y in 3d MotherBoard Makerbase MKS Robin Nano V3.0 32Bit v\u00e0 4 TMC2209\" \/>\n<meta property=\"og:description\" content=\"Board \u0111i\u1ec1u khi\u1ec3n m\u00e1y in 3d MotherBoard Makerbase MKS Robin Nano V3.0 32Bit v\u00e0 4 TMC2209\" \/>\n<meta property=\"og:url\" content=\"https:\/\/nge.vn\/en\/product\/board-dieu-khien-may-in-3d-motherboard-makerbase-mks-robin-nano-v3-0-32bit-va-4-tmc2209\/\" \/>\n<meta property=\"og:site_name\" content=\"NGE 3D Printers Services\" \/>\n<meta property=\"article:modified_time\" content=\"2024-10-29T10:22:52+00:00\" \/>\n<meta property=\"og:image\" content=\"https:\/\/nge.vn\/wp-content\/uploads\/2024\/10\/images-upload-woo2F1dd692d1d0f69ac1880cde09a39ef062.jpg\" \/>\n\t<meta property=\"og:image:width\" content=\"797\" \/>\n\t<meta property=\"og:image:height\" content=\"797\" \/>\n\t<meta property=\"og:image:type\" content=\"image\/jpeg\" \/>\n<meta name=\"twitter:card\" content=\"summary_large_image\" \/>\n<meta name=\"twitter:label1\" content=\"Est. reading time\" \/>\n\t<meta name=\"twitter:data1\" content=\"1 minute\" \/>\n<script type=\"application\/ld+json\" class=\"yoast-schema-graph\">{\"@context\":\"https:\/\/schema.org\",\"@graph\":[{\"@type\":\"WebPage\",\"@id\":\"https:\/\/nge.vn\/san-pham\/board-dieu-khien-may-in-3d-motherboard-makerbase-mks-robin-nano-v3-0-32bit-va-4-tmc2209\/\",\"url\":\"https:\/\/nge.vn\/san-pham\/board-dieu-khien-may-in-3d-motherboard-makerbase-mks-robin-nano-v3-0-32bit-va-4-tmc2209\/\",\"name\":\"Board \u0111i\u1ec1u khi\u1ec3n m\u00e1y in 3d MotherBoard Makerbase MKS Robin Nano V3.0 32Bit v\u00e0 4 TMC2209 - NGE 3D Printers Services\",\"isPartOf\":{\"@id\":\"https:\/\/nge.vn\/#website\"},\"primaryImageOfPage\":{\"@id\":\"https:\/\/nge.vn\/san-pham\/board-dieu-khien-may-in-3d-motherboard-makerbase-mks-robin-nano-v3-0-32bit-va-4-tmc2209\/#primaryimage\"},\"image\":{\"@id\":\"https:\/\/nge.vn\/san-pham\/board-dieu-khien-may-in-3d-motherboard-makerbase-mks-robin-nano-v3-0-32bit-va-4-tmc2209\/#primaryimage\"},\"thumbnailUrl\":\"https:\/\/nge.vn\/wp-content\/uploads\/2024\/10\/images-upload-woo2F1dd692d1d0f69ac1880cde09a39ef062.jpg\",\"datePublished\":\"2024-10-25T06:58:51+00:00\",\"dateModified\":\"2024-10-29T10:22:52+00:00\",\"breadcrumb\":{\"@id\":\"https:\/\/nge.vn\/san-pham\/board-dieu-khien-may-in-3d-motherboard-makerbase-mks-robin-nano-v3-0-32bit-va-4-tmc2209\/#breadcrumb\"},\"inLanguage\":\"en-US\",\"potentialAction\":[{\"@type\":\"ReadAction\",\"target\":[\"https:\/\/nge.vn\/san-pham\/board-dieu-khien-may-in-3d-motherboard-makerbase-mks-robin-nano-v3-0-32bit-va-4-tmc2209\/\"]}]},{\"@type\":\"ImageObject\",\"inLanguage\":\"en-US\",\"@id\":\"https:\/\/nge.vn\/san-pham\/board-dieu-khien-may-in-3d-motherboard-makerbase-mks-robin-nano-v3-0-32bit-va-4-tmc2209\/#primaryimage\",\"url\":\"https:\/\/nge.vn\/wp-content\/uploads\/2024\/10\/images-upload-woo2F1dd692d1d0f69ac1880cde09a39ef062.jpg\",\"contentUrl\":\"https:\/\/nge.vn\/wp-content\/uploads\/2024\/10\/images-upload-woo2F1dd692d1d0f69ac1880cde09a39ef062.jpg\",\"width\":797,\"height\":797},{\"@type\":\"BreadcrumbList\",\"@id\":\"https:\/\/nge.vn\/san-pham\/board-dieu-khien-may-in-3d-motherboard-makerbase-mks-robin-nano-v3-0-32bit-va-4-tmc2209\/#breadcrumb\",\"itemListElement\":[{\"@type\":\"ListItem\",\"position\":1,\"name\":\"Trang ch\u1ee7\",\"item\":\"https:\/\/nge.vn\/\"},{\"@type\":\"ListItem\",\"position\":2,\"name\":\"S\u1ea3n ph\u1ea9m\",\"item\":\"https:\/\/nge.vn\/san-pham\/\"},{\"@type\":\"ListItem\",\"position\":3,\"name\":\"Board \u0111i\u1ec1u khi\u1ec3n m\u00e1y in 3d MotherBoard Makerbase MKS Robin Nano V3.0 32Bit v\u00e0 4 TMC2209\"}]},{\"@type\":\"WebSite\",\"@id\":\"https:\/\/nge.vn\/#website\",\"url\":\"https:\/\/nge.vn\/\",\"name\":\"NGE 3D Printers Services\",\"description\":\"\",\"potentialAction\":[{\"@type\":\"SearchAction\",\"target\":{\"@type\":\"EntryPoint\",\"urlTemplate\":\"https:\/\/nge.vn\/?s={search_term_string}\"},\"query-input\":{\"@type\":\"PropertyValueSpecification\",\"valueRequired\":true,\"valueName\":\"search_term_string\"}}],\"inLanguage\":\"en-US\"}]}<\/script>\n<!-- \/ Yoast SEO Premium plugin. -->","yoast_head_json":{"title":"Board \u0111i\u1ec1u khi\u1ec3n m\u00e1y in 3d MotherBoard Makerbase MKS Robin Nano V3.0 32Bit v\u00e0 4 TMC2209 - NGE 3D Printers Services","robots":{"index":"index","follow":"follow","max-snippet":"max-snippet:-1","max-image-preview":"max-image-preview:large","max-video-preview":"max-video-preview:-1"},"canonical":"https:\/\/nge.vn\/en\/product\/board-dieu-khien-may-in-3d-motherboard-makerbase-mks-robin-nano-v3-0-32bit-va-4-tmc2209\/","og_locale":"en_US","og_type":"article","og_title":"Board \u0111i\u1ec1u khi\u1ec3n m\u00e1y in 3d MotherBoard Makerbase MKS Robin Nano V3.0 32Bit v\u00e0 4 TMC2209","og_description":"Board \u0111i\u1ec1u khi\u1ec3n m\u00e1y in 3d MotherBoard Makerbase MKS Robin Nano V3.0 32Bit v\u00e0 4 TMC2209","og_url":"https:\/\/nge.vn\/en\/product\/board-dieu-khien-may-in-3d-motherboard-makerbase-mks-robin-nano-v3-0-32bit-va-4-tmc2209\/","og_site_name":"NGE 3D Printers Services","article_modified_time":"2024-10-29T10:22:52+00:00","og_image":[{"width":797,"height":797,"url":"https:\/\/nge.vn\/wp-content\/uploads\/2024\/10\/images-upload-woo2F1dd692d1d0f69ac1880cde09a39ef062.jpg","type":"image\/jpeg"}],"twitter_card":"summary_large_image","twitter_misc":{"Est. reading time":"1 minute"},"schema":{"@context":"https:\/\/schema.org","@graph":[{"@type":"WebPage","@id":"https:\/\/nge.vn\/san-pham\/board-dieu-khien-may-in-3d-motherboard-makerbase-mks-robin-nano-v3-0-32bit-va-4-tmc2209\/","url":"https:\/\/nge.vn\/san-pham\/board-dieu-khien-may-in-3d-motherboard-makerbase-mks-robin-nano-v3-0-32bit-va-4-tmc2209\/","name":"Board \u0111i\u1ec1u khi\u1ec3n m\u00e1y in 3d MotherBoard Makerbase MKS Robin Nano V3.0 32Bit v\u00e0 4 TMC2209 - NGE 3D Printers Services","isPartOf":{"@id":"https:\/\/nge.vn\/#website"},"primaryImageOfPage":{"@id":"https:\/\/nge.vn\/san-pham\/board-dieu-khien-may-in-3d-motherboard-makerbase-mks-robin-nano-v3-0-32bit-va-4-tmc2209\/#primaryimage"},"image":{"@id":"https:\/\/nge.vn\/san-pham\/board-dieu-khien-may-in-3d-motherboard-makerbase-mks-robin-nano-v3-0-32bit-va-4-tmc2209\/#primaryimage"},"thumbnailUrl":"https:\/\/nge.vn\/wp-content\/uploads\/2024\/10\/images-upload-woo2F1dd692d1d0f69ac1880cde09a39ef062.jpg","datePublished":"2024-10-25T06:58:51+00:00","dateModified":"2024-10-29T10:22:52+00:00","breadcrumb":{"@id":"https:\/\/nge.vn\/san-pham\/board-dieu-khien-may-in-3d-motherboard-makerbase-mks-robin-nano-v3-0-32bit-va-4-tmc2209\/#breadcrumb"},"inLanguage":"en-US","potentialAction":[{"@type":"ReadAction","target":["https:\/\/nge.vn\/san-pham\/board-dieu-khien-may-in-3d-motherboard-makerbase-mks-robin-nano-v3-0-32bit-va-4-tmc2209\/"]}]},{"@type":"ImageObject","inLanguage":"en-US","@id":"https:\/\/nge.vn\/san-pham\/board-dieu-khien-may-in-3d-motherboard-makerbase-mks-robin-nano-v3-0-32bit-va-4-tmc2209\/#primaryimage","url":"https:\/\/nge.vn\/wp-content\/uploads\/2024\/10\/images-upload-woo2F1dd692d1d0f69ac1880cde09a39ef062.jpg","contentUrl":"https:\/\/nge.vn\/wp-content\/uploads\/2024\/10\/images-upload-woo2F1dd692d1d0f69ac1880cde09a39ef062.jpg","width":797,"height":797},{"@type":"BreadcrumbList","@id":"https:\/\/nge.vn\/san-pham\/board-dieu-khien-may-in-3d-motherboard-makerbase-mks-robin-nano-v3-0-32bit-va-4-tmc2209\/#breadcrumb","itemListElement":[{"@type":"ListItem","position":1,"name":"Trang ch\u1ee7","item":"https:\/\/nge.vn\/"},{"@type":"ListItem","position":2,"name":"S\u1ea3n ph\u1ea9m","item":"https:\/\/nge.vn\/san-pham\/"},{"@type":"ListItem","position":3,"name":"Board \u0111i\u1ec1u khi\u1ec3n m\u00e1y in 3d MotherBoard Makerbase MKS Robin Nano V3.0 32Bit v\u00e0 4 TMC2209"}]},{"@type":"WebSite","@id":"https:\/\/nge.vn\/#website","url":"https:\/\/nge.vn\/","name":"NGE 3D Printers Services","description":"","potentialAction":[{"@type":"SearchAction","target":{"@type":"EntryPoint","urlTemplate":"https:\/\/nge.vn\/?s={search_term_string}"},"query-input":{"@type":"PropertyValueSpecification","valueRequired":true,"valueName":"search_term_string"}}],"inLanguage":"en-US"}]}},"_links":{"self":[{"href":"https:\/\/nge.vn\/en\/wp-json\/wp\/v2\/product\/854","targetHints":{"allow":["GET"]}}],"collection":[{"href":"https:\/\/nge.vn\/en\/wp-json\/wp\/v2\/product"}],"about":[{"href":"https:\/\/nge.vn\/en\/wp-json\/wp\/v2\/types\/product"}],"replies":[{"embeddable":true,"href":"https:\/\/nge.vn\/en\/wp-json\/wp\/v2\/comments?post=854"}],"wp:featuredmedia":[{"embeddable":true,"href":"https:\/\/nge.vn\/en\/wp-json\/wp\/v2\/media\/845"}],"wp:attachment":[{"href":"https:\/\/nge.vn\/en\/wp-json\/wp\/v2\/media?parent=854"}],"wp:term":[{"taxonomy":"product_brand","embeddable":true,"href":"https:\/\/nge.vn\/en\/wp-json\/wp\/v2\/product_brand?post=854"},{"taxonomy":"product_cat","embeddable":true,"href":"https:\/\/nge.vn\/en\/wp-json\/wp\/v2\/product_cat?post=854"},{"taxonomy":"product_tag","embeddable":true,"href":"https:\/\/nge.vn\/en\/wp-json\/wp\/v2\/product_tag?post=854"}],"curies":[{"name":"wp","href":"https:\/\/api.w.org\/{rel}","templated":true}]}}