{"id":844,"date":"2024-10-25T13:56:01","date_gmt":"2024-10-25T06:56:01","guid":{"rendered":"https:\/\/nge.123websitedev.com\/san-pham\/bo-man-hinh-cam-ung-dieu-khien-may-in-3d-flsun-super-racer\/"},"modified":"2024-10-29T15:17:39","modified_gmt":"2024-10-29T08:17:39","slug":"bo-man-hinh-cam-ung-dieu-khien-may-in-3d-flsun-super-racer","status":"publish","type":"product","link":"https:\/\/nge.vn\/en\/product\/bo-man-hinh-cam-ung-dieu-khien-may-in-3d-flsun-super-racer\/","title":{"rendered":"B\u1ed9 M\u00e0n h\u00ecnh c\u1ea3m \u1ee9ng \u0111i\u1ec1u khi\u1ec3n m\u00e1y in 3d FLSUN Super Racer"},"content":{"rendered":"<p>B\u1ed9 M\u00e0n h\u00ecnh c\u1ea3m \u1ee9ng \u0111i\u1ec1u khi\u1ec3n 3.5 inch m\u00e1y in 3d FLSUN Super Racer<\/p>\n<p>_SR \u0111i k\u00e8m v\u1edbi m\u1ed9t m\u00e0n h\u00ecnh c\u1ea3m \u1ee9ng nh\u1ecf c\u00f3 th\u1ec3 g\u1eafn v\u00e0o khung c\u1ee7a m\u00e1y in th\u00f4ng qua m\u1ed9t nam ch\u00e2m. B\u1ea1n c\u00f3 th\u1ec3 th\u00e1o n\u00f3 ra v\u00e0 di chuy\u1ec3n n\u00f3 xung quanh; n\u00f3 v\u1eabn \u0111\u01b0\u1ee3c g\u1eafn v\u00e0o SR th\u00f4ng qua m\u1ed9t s\u1ee3i d\u00e2y co gi\u00e3n u\u1ed1n l\u01b0\u1ee3n.<\/p>\n<p>_V\u1edbi k\u00edch th\u01b0\u1edbc 3,5 inch, \u0111\u00e2y kh\u00f4ng ph\u1ea3i l\u00e0 m\u00e0n h\u00ecnh c\u1ea3m \u1ee9ng l\u1edbn nh\u1ea5t hi\u1ec7n c\u00f3, nh\u01b0ng d\u00e2y v\u00e0 kh\u1ea3 n\u0103ng di chuy\u1ec3n m\u00e0n h\u00ecnh c\u00f3 th\u1ec3 h\u1eefu \u00edch \u0111\u1ed1i v\u1edbi m\u1ed9t s\u1ed1 ng\u01b0\u1eddi. Mi\u1ec5n l\u00e0 n\u00f3 \u0111\u00e1p \u1ee9ng v\u00e0 d\u1ec5 s\u1eed d\u1ee5ng, c\u00f3 ai th\u1ef1c s\u1ef1 quan t\u00e2m kh\u00f4ng?<\/p>\n<p>**\u0110\u1ec3 \u0111\u01b0\u1ee3c nh\u1eadn h\u1ed9 tr\u1ee3 th\u00eam v\u1ec1 Gi\u00e1 v\u00e0 Th\u00f4ng tin c\u1ee7a s\u1ea3n ph\u1ea9m, vui l\u00f2ng li\u00ean h\u1ec7:<br \/>\n    0913.939.775 g\u1eb7p A. Qu\u00e2n (for English)<br \/>\n    094.144.0951 contact A.Quynh<br \/>\n**Selling price does not include VAT (+10% if VAT invoice is issued)<\/p>","protected":false},"excerpt":{"rendered":"<p>B\u1ed9 M\u00e0n h\u00ecnh c\u1ea3m \u1ee9ng \u0111i\u1ec1u khi\u1ec3n m\u00e1y in 3d FLSUN Super Racer<\/p>","protected":false},"featured_media":840,"comment_status":"open","ping_status":"closed","template":"","meta":{"inline_featured_image":false},"product_brand":[],"product_cat":[462,57],"product_tag":[],"class_list":{"0":"post-844","1":"product","2":"type-product","3":"status-publish","4":"has-post-thumbnail","6":"product_cat-board-va-man-hinh-dieu-khien","7":"product_cat-linh-kien-may-in-3d-flsun","9":"first","10":"instock","11":"taxable","12":"shipping-taxable","13":"purchasable","14":"product-type-simple"},"yoast_head":"<!-- This site is optimized with the Yoast SEO Premium plugin v22.8 (Yoast SEO v26.9) - https:\/\/yoast.com\/product\/yoast-seo-premium-wordpress\/ -->\n<title>B\u1ed9 M\u00e0n h\u00ecnh c\u1ea3m \u1ee9ng \u0111i\u1ec1u khi\u1ec3n m\u00e1y in 3d FLSUN Super Racer - NGE 3D Printers Services<\/title>\n<meta name=\"robots\" content=\"index, follow, max-snippet:-1, max-image-preview:large, max-video-preview:-1\" \/>\n<link rel=\"canonical\" href=\"https:\/\/nge.vn\/en\/product\/bo-man-hinh-cam-ung-dieu-khien-may-in-3d-flsun-super-racer\/\" \/>\n<meta property=\"og:locale\" content=\"en_US\" \/>\n<meta property=\"og:type\" content=\"article\" \/>\n<meta property=\"og:title\" content=\"B\u1ed9 M\u00e0n h\u00ecnh c\u1ea3m \u1ee9ng \u0111i\u1ec1u khi\u1ec3n m\u00e1y in 3d FLSUN Super Racer\" \/>\n<meta property=\"og:description\" content=\"B\u1ed9 M\u00e0n h\u00ecnh c\u1ea3m \u1ee9ng \u0111i\u1ec1u khi\u1ec3n m\u00e1y in 3d FLSUN Super Racer\" \/>\n<meta property=\"og:url\" content=\"https:\/\/nge.vn\/en\/product\/bo-man-hinh-cam-ung-dieu-khien-may-in-3d-flsun-super-racer\/\" \/>\n<meta property=\"og:site_name\" content=\"NGE 3D Printers Services\" \/>\n<meta property=\"article:modified_time\" content=\"2024-10-29T08:17:39+00:00\" \/>\n<meta property=\"og:image\" content=\"https:\/\/nge.vn\/wp-content\/uploads\/2024\/10\/images-upload-woo2F77dc0e7fa2b34c1700b0a953a9c263b5.jpg\" \/>\n\t<meta property=\"og:image:width\" content=\"849\" \/>\n\t<meta property=\"og:image:height\" content=\"849\" \/>\n\t<meta property=\"og:image:type\" content=\"image\/jpeg\" \/>\n<meta name=\"twitter:card\" content=\"summary_large_image\" \/>\n<meta name=\"twitter:label1\" content=\"Est. reading time\" \/>\n\t<meta name=\"twitter:data1\" content=\"1 minute\" \/>\n<script type=\"application\/ld+json\" class=\"yoast-schema-graph\">{\"@context\":\"https:\/\/schema.org\",\"@graph\":[{\"@type\":\"WebPage\",\"@id\":\"https:\/\/nge.vn\/san-pham\/bo-man-hinh-cam-ung-dieu-khien-may-in-3d-flsun-super-racer\/\",\"url\":\"https:\/\/nge.vn\/san-pham\/bo-man-hinh-cam-ung-dieu-khien-may-in-3d-flsun-super-racer\/\",\"name\":\"B\u1ed9 M\u00e0n h\u00ecnh c\u1ea3m \u1ee9ng \u0111i\u1ec1u khi\u1ec3n m\u00e1y in 3d FLSUN Super Racer - NGE 3D Printers Services\",\"isPartOf\":{\"@id\":\"https:\/\/nge.vn\/#website\"},\"primaryImageOfPage\":{\"@id\":\"https:\/\/nge.vn\/san-pham\/bo-man-hinh-cam-ung-dieu-khien-may-in-3d-flsun-super-racer\/#primaryimage\"},\"image\":{\"@id\":\"https:\/\/nge.vn\/san-pham\/bo-man-hinh-cam-ung-dieu-khien-may-in-3d-flsun-super-racer\/#primaryimage\"},\"thumbnailUrl\":\"https:\/\/nge.vn\/wp-content\/uploads\/2024\/10\/images-upload-woo2F77dc0e7fa2b34c1700b0a953a9c263b5.jpg\",\"datePublished\":\"2024-10-25T06:56:01+00:00\",\"dateModified\":\"2024-10-29T08:17:39+00:00\",\"breadcrumb\":{\"@id\":\"https:\/\/nge.vn\/san-pham\/bo-man-hinh-cam-ung-dieu-khien-may-in-3d-flsun-super-racer\/#breadcrumb\"},\"inLanguage\":\"en-US\",\"potentialAction\":[{\"@type\":\"ReadAction\",\"target\":[\"https:\/\/nge.vn\/san-pham\/bo-man-hinh-cam-ung-dieu-khien-may-in-3d-flsun-super-racer\/\"]}]},{\"@type\":\"ImageObject\",\"inLanguage\":\"en-US\",\"@id\":\"https:\/\/nge.vn\/san-pham\/bo-man-hinh-cam-ung-dieu-khien-may-in-3d-flsun-super-racer\/#primaryimage\",\"url\":\"https:\/\/nge.vn\/wp-content\/uploads\/2024\/10\/images-upload-woo2F77dc0e7fa2b34c1700b0a953a9c263b5.jpg\",\"contentUrl\":\"https:\/\/nge.vn\/wp-content\/uploads\/2024\/10\/images-upload-woo2F77dc0e7fa2b34c1700b0a953a9c263b5.jpg\",\"width\":849,\"height\":849},{\"@type\":\"BreadcrumbList\",\"@id\":\"https:\/\/nge.vn\/san-pham\/bo-man-hinh-cam-ung-dieu-khien-may-in-3d-flsun-super-racer\/#breadcrumb\",\"itemListElement\":[{\"@type\":\"ListItem\",\"position\":1,\"name\":\"Trang ch\u1ee7\",\"item\":\"https:\/\/nge.vn\/\"},{\"@type\":\"ListItem\",\"position\":2,\"name\":\"S\u1ea3n ph\u1ea9m\",\"item\":\"https:\/\/nge.vn\/san-pham\/\"},{\"@type\":\"ListItem\",\"position\":3,\"name\":\"B\u1ed9 M\u00e0n h\u00ecnh c\u1ea3m \u1ee9ng \u0111i\u1ec1u khi\u1ec3n m\u00e1y in 3d FLSUN Super Racer\"}]},{\"@type\":\"WebSite\",\"@id\":\"https:\/\/nge.vn\/#website\",\"url\":\"https:\/\/nge.vn\/\",\"name\":\"NGE 3D Printers Services\",\"description\":\"\",\"potentialAction\":[{\"@type\":\"SearchAction\",\"target\":{\"@type\":\"EntryPoint\",\"urlTemplate\":\"https:\/\/nge.vn\/?s={search_term_string}\"},\"query-input\":{\"@type\":\"PropertyValueSpecification\",\"valueRequired\":true,\"valueName\":\"search_term_string\"}}],\"inLanguage\":\"en-US\"}]}<\/script>\n<!-- \/ Yoast SEO Premium plugin. -->","yoast_head_json":{"title":"B\u1ed9 M\u00e0n h\u00ecnh c\u1ea3m \u1ee9ng \u0111i\u1ec1u khi\u1ec3n m\u00e1y in 3d FLSUN Super Racer - NGE 3D Printers Services","robots":{"index":"index","follow":"follow","max-snippet":"max-snippet:-1","max-image-preview":"max-image-preview:large","max-video-preview":"max-video-preview:-1"},"canonical":"https:\/\/nge.vn\/en\/product\/bo-man-hinh-cam-ung-dieu-khien-may-in-3d-flsun-super-racer\/","og_locale":"en_US","og_type":"article","og_title":"B\u1ed9 M\u00e0n h\u00ecnh c\u1ea3m \u1ee9ng \u0111i\u1ec1u khi\u1ec3n m\u00e1y in 3d FLSUN Super Racer","og_description":"B\u1ed9 M\u00e0n h\u00ecnh c\u1ea3m \u1ee9ng \u0111i\u1ec1u khi\u1ec3n m\u00e1y in 3d FLSUN Super Racer","og_url":"https:\/\/nge.vn\/en\/product\/bo-man-hinh-cam-ung-dieu-khien-may-in-3d-flsun-super-racer\/","og_site_name":"NGE 3D Printers Services","article_modified_time":"2024-10-29T08:17:39+00:00","og_image":[{"width":849,"height":849,"url":"https:\/\/nge.vn\/wp-content\/uploads\/2024\/10\/images-upload-woo2F77dc0e7fa2b34c1700b0a953a9c263b5.jpg","type":"image\/jpeg"}],"twitter_card":"summary_large_image","twitter_misc":{"Est. reading time":"1 minute"},"schema":{"@context":"https:\/\/schema.org","@graph":[{"@type":"WebPage","@id":"https:\/\/nge.vn\/san-pham\/bo-man-hinh-cam-ung-dieu-khien-may-in-3d-flsun-super-racer\/","url":"https:\/\/nge.vn\/san-pham\/bo-man-hinh-cam-ung-dieu-khien-may-in-3d-flsun-super-racer\/","name":"B\u1ed9 M\u00e0n h\u00ecnh c\u1ea3m \u1ee9ng \u0111i\u1ec1u khi\u1ec3n m\u00e1y in 3d FLSUN Super Racer - NGE 3D Printers Services","isPartOf":{"@id":"https:\/\/nge.vn\/#website"},"primaryImageOfPage":{"@id":"https:\/\/nge.vn\/san-pham\/bo-man-hinh-cam-ung-dieu-khien-may-in-3d-flsun-super-racer\/#primaryimage"},"image":{"@id":"https:\/\/nge.vn\/san-pham\/bo-man-hinh-cam-ung-dieu-khien-may-in-3d-flsun-super-racer\/#primaryimage"},"thumbnailUrl":"https:\/\/nge.vn\/wp-content\/uploads\/2024\/10\/images-upload-woo2F77dc0e7fa2b34c1700b0a953a9c263b5.jpg","datePublished":"2024-10-25T06:56:01+00:00","dateModified":"2024-10-29T08:17:39+00:00","breadcrumb":{"@id":"https:\/\/nge.vn\/san-pham\/bo-man-hinh-cam-ung-dieu-khien-may-in-3d-flsun-super-racer\/#breadcrumb"},"inLanguage":"en-US","potentialAction":[{"@type":"ReadAction","target":["https:\/\/nge.vn\/san-pham\/bo-man-hinh-cam-ung-dieu-khien-may-in-3d-flsun-super-racer\/"]}]},{"@type":"ImageObject","inLanguage":"en-US","@id":"https:\/\/nge.vn\/san-pham\/bo-man-hinh-cam-ung-dieu-khien-may-in-3d-flsun-super-racer\/#primaryimage","url":"https:\/\/nge.vn\/wp-content\/uploads\/2024\/10\/images-upload-woo2F77dc0e7fa2b34c1700b0a953a9c263b5.jpg","contentUrl":"https:\/\/nge.vn\/wp-content\/uploads\/2024\/10\/images-upload-woo2F77dc0e7fa2b34c1700b0a953a9c263b5.jpg","width":849,"height":849},{"@type":"BreadcrumbList","@id":"https:\/\/nge.vn\/san-pham\/bo-man-hinh-cam-ung-dieu-khien-may-in-3d-flsun-super-racer\/#breadcrumb","itemListElement":[{"@type":"ListItem","position":1,"name":"Trang ch\u1ee7","item":"https:\/\/nge.vn\/"},{"@type":"ListItem","position":2,"name":"S\u1ea3n ph\u1ea9m","item":"https:\/\/nge.vn\/san-pham\/"},{"@type":"ListItem","position":3,"name":"B\u1ed9 M\u00e0n h\u00ecnh c\u1ea3m \u1ee9ng \u0111i\u1ec1u khi\u1ec3n m\u00e1y in 3d FLSUN Super Racer"}]},{"@type":"WebSite","@id":"https:\/\/nge.vn\/#website","url":"https:\/\/nge.vn\/","name":"NGE 3D Printers Services","description":"","potentialAction":[{"@type":"SearchAction","target":{"@type":"EntryPoint","urlTemplate":"https:\/\/nge.vn\/?s={search_term_string}"},"query-input":{"@type":"PropertyValueSpecification","valueRequired":true,"valueName":"search_term_string"}}],"inLanguage":"en-US"}]}},"_links":{"self":[{"href":"https:\/\/nge.vn\/en\/wp-json\/wp\/v2\/product\/844","targetHints":{"allow":["GET"]}}],"collection":[{"href":"https:\/\/nge.vn\/en\/wp-json\/wp\/v2\/product"}],"about":[{"href":"https:\/\/nge.vn\/en\/wp-json\/wp\/v2\/types\/product"}],"replies":[{"embeddable":true,"href":"https:\/\/nge.vn\/en\/wp-json\/wp\/v2\/comments?post=844"}],"wp:featuredmedia":[{"embeddable":true,"href":"https:\/\/nge.vn\/en\/wp-json\/wp\/v2\/media\/840"}],"wp:attachment":[{"href":"https:\/\/nge.vn\/en\/wp-json\/wp\/v2\/media?parent=844"}],"wp:term":[{"taxonomy":"product_brand","embeddable":true,"href":"https:\/\/nge.vn\/en\/wp-json\/wp\/v2\/product_brand?post=844"},{"taxonomy":"product_cat","embeddable":true,"href":"https:\/\/nge.vn\/en\/wp-json\/wp\/v2\/product_cat?post=844"},{"taxonomy":"product_tag","embeddable":true,"href":"https:\/\/nge.vn\/en\/wp-json\/wp\/v2\/product_tag?post=844"}],"curies":[{"name":"wp","href":"https:\/\/api.w.org\/{rel}","templated":true}]}}