{"id":829,"date":"2024-10-25T13:53:01","date_gmt":"2024-10-25T06:53:01","guid":{"rendered":"https:\/\/nge.123websitedev.com\/san-pham\/tam-ban-in-kinh-carbon-glass-platform-cho-may-in-3d-flsun-super-racer\/"},"modified":"2024-10-29T15:18:42","modified_gmt":"2024-10-29T08:18:42","slug":"tam-ban-in-kinh-carbon-glass-platform-cho-may-in-3d-flsun-super-racer","status":"publish","type":"product","link":"https:\/\/nge.vn\/en\/product\/tam-ban-in-kinh-carbon-glass-platform-cho-may-in-3d-flsun-super-racer\/","title":{"rendered":"T\u1ea5m b\u00e0n in k\u00ednh Carbon Glass Platform cho m\u00e1y in 3d FLSUN Super Racer"},"content":{"rendered":"<p>T\u1ea5m b\u00e0n in k\u00ednh Carbon Glass Platform cho m\u00e1y in 3d FLSUN SR<\/p>\n<p>_K\u00ednh l\u01b0\u1edbi v\u00e0 t\u1ea5m nh\u00f4m c\u1ed1 \u0111\u1ecbnh ri\u00eang bi\u1ec7t, thu\u1eadn ti\u1ec7n cho vi\u1ec7c v\u1ec7 sinh, b\u1ea3o tr\u00ec v\u00e0 th\u00e1o l\u1eafp. Gi\u01b0\u1eddng n\u00f3ng c\u00f3 th\u1ec3 l\u00e0m n\u00f3ng l\u00ean \u0111\u1ebfn 100\u2103 v\u00e0 n\u00f3 c\u00f3 hi\u1ec7u qu\u1ea3 b\u00e1m d\u00ednh t\u1ed1t cho d\u00f9 \u0111\u00f3 l\u00e0 in PLA ho\u1eb7c PETG&#8230;<br \/>\n_\u0110\u1ed9 ph\u1eb3ng tuy\u1ec7t v\u1eddi, kh\u00f4ng cong v\u00eanh c\u1ea1nh, \u0111\u1ed9 c\u1ee9ng v\u00e0 \u0111\u1ed9 b\u1ec1n cao, t\u01b0\u01a1ng th\u00edch r\u1ed9ng r\u00e3i<\/p>\n<p>**\u0110\u00f3ng g\u00f3i: 1* t\u1ea5m k\u00ednh b\u00e0n in<\/p>\n<p>+Diameter: 270mm<br \/>\n+Thickness: 4mm<\/p>\n<p>**\u0110\u1ec3 \u0111\u01b0\u1ee3c nh\u1eadn h\u1ed9 tr\u1ee3 th\u00eam v\u1ec1 Gi\u00e1 v\u00e0 Th\u00f4ng tin c\u1ee7a s\u1ea3n ph\u1ea9m, vui l\u00f2ng li\u00ean h\u1ec7:<br \/>\n          0913.939.775 g\u1eb7p A. Qu\u00e2n (for English)<br \/>\n          094.144.0951 contact A.Quynh<br \/>\n**Selling price does not include VAT (+10% if VAT invoice is issued)<\/p>","protected":false},"excerpt":{"rendered":"<p>T\u1ea5m b\u00e0n in k\u00ednh Carbon Glass Platform cho m\u00e1y in 3d FLSUN Super Racer<\/p>","protected":false},"featured_media":827,"comment_status":"open","ping_status":"closed","template":"","meta":{"inline_featured_image":false},"product_brand":[],"product_cat":[57,40],"product_tag":[],"class_list":{"0":"post-829","1":"product","2":"type-product","3":"status-publish","4":"has-post-thumbnail","6":"product_cat-linh-kien-may-in-3d-flsun","7":"product_cat-linh-kien-va-phu-kien","9":"first","10":"instock","11":"taxable","12":"shipping-taxable","13":"purchasable","14":"product-type-simple"},"yoast_head":"<!-- This site is optimized with the Yoast SEO Premium plugin v22.8 (Yoast SEO v26.9) - https:\/\/yoast.com\/product\/yoast-seo-premium-wordpress\/ -->\n<title>T\u1ea5m b\u00e0n in k\u00ednh Carbon Glass Platform cho m\u00e1y in 3d FLSUN Super Racer - NGE 3D Printers Services<\/title>\n<meta name=\"robots\" content=\"index, follow, max-snippet:-1, max-image-preview:large, max-video-preview:-1\" \/>\n<link rel=\"canonical\" href=\"https:\/\/nge.vn\/en\/product\/tam-ban-in-kinh-carbon-glass-platform-cho-may-in-3d-flsun-super-racer\/\" \/>\n<meta property=\"og:locale\" content=\"en_US\" \/>\n<meta property=\"og:type\" content=\"article\" \/>\n<meta property=\"og:title\" content=\"T\u1ea5m b\u00e0n in k\u00ednh Carbon Glass Platform cho m\u00e1y in 3d FLSUN Super Racer\" \/>\n<meta property=\"og:description\" content=\"T\u1ea5m b\u00e0n in k\u00ednh Carbon Glass Platform cho m\u00e1y in 3d FLSUN Super Racer\" \/>\n<meta property=\"og:url\" content=\"https:\/\/nge.vn\/en\/product\/tam-ban-in-kinh-carbon-glass-platform-cho-may-in-3d-flsun-super-racer\/\" \/>\n<meta property=\"og:site_name\" content=\"NGE 3D Printers Services\" \/>\n<meta property=\"article:modified_time\" content=\"2024-10-29T08:18:42+00:00\" \/>\n<meta property=\"og:image\" content=\"https:\/\/nge.vn\/wp-content\/uploads\/2024\/10\/images-upload-woo2Ff04a0abc908e4dccc67db01bf09976ec.jpg\" \/>\n\t<meta property=\"og:image:width\" content=\"421\" \/>\n\t<meta property=\"og:image:height\" content=\"421\" \/>\n\t<meta property=\"og:image:type\" content=\"image\/jpeg\" \/>\n<meta name=\"twitter:card\" content=\"summary_large_image\" \/>\n<meta name=\"twitter:label1\" content=\"Est. reading time\" \/>\n\t<meta name=\"twitter:data1\" content=\"1 minute\" \/>\n<script type=\"application\/ld+json\" class=\"yoast-schema-graph\">{\"@context\":\"https:\/\/schema.org\",\"@graph\":[{\"@type\":\"WebPage\",\"@id\":\"https:\/\/nge.vn\/san-pham\/tam-ban-in-kinh-carbon-glass-platform-cho-may-in-3d-flsun-super-racer\/\",\"url\":\"https:\/\/nge.vn\/san-pham\/tam-ban-in-kinh-carbon-glass-platform-cho-may-in-3d-flsun-super-racer\/\",\"name\":\"T\u1ea5m b\u00e0n in k\u00ednh Carbon Glass Platform cho m\u00e1y in 3d FLSUN Super Racer - NGE 3D Printers Services\",\"isPartOf\":{\"@id\":\"https:\/\/nge.vn\/#website\"},\"primaryImageOfPage\":{\"@id\":\"https:\/\/nge.vn\/san-pham\/tam-ban-in-kinh-carbon-glass-platform-cho-may-in-3d-flsun-super-racer\/#primaryimage\"},\"image\":{\"@id\":\"https:\/\/nge.vn\/san-pham\/tam-ban-in-kinh-carbon-glass-platform-cho-may-in-3d-flsun-super-racer\/#primaryimage\"},\"thumbnailUrl\":\"https:\/\/nge.vn\/wp-content\/uploads\/2024\/10\/images-upload-woo2Ff04a0abc908e4dccc67db01bf09976ec.jpg\",\"datePublished\":\"2024-10-25T06:53:01+00:00\",\"dateModified\":\"2024-10-29T08:18:42+00:00\",\"breadcrumb\":{\"@id\":\"https:\/\/nge.vn\/san-pham\/tam-ban-in-kinh-carbon-glass-platform-cho-may-in-3d-flsun-super-racer\/#breadcrumb\"},\"inLanguage\":\"en-US\",\"potentialAction\":[{\"@type\":\"ReadAction\",\"target\":[\"https:\/\/nge.vn\/san-pham\/tam-ban-in-kinh-carbon-glass-platform-cho-may-in-3d-flsun-super-racer\/\"]}]},{\"@type\":\"ImageObject\",\"inLanguage\":\"en-US\",\"@id\":\"https:\/\/nge.vn\/san-pham\/tam-ban-in-kinh-carbon-glass-platform-cho-may-in-3d-flsun-super-racer\/#primaryimage\",\"url\":\"https:\/\/nge.vn\/wp-content\/uploads\/2024\/10\/images-upload-woo2Ff04a0abc908e4dccc67db01bf09976ec.jpg\",\"contentUrl\":\"https:\/\/nge.vn\/wp-content\/uploads\/2024\/10\/images-upload-woo2Ff04a0abc908e4dccc67db01bf09976ec.jpg\",\"width\":421,\"height\":421},{\"@type\":\"BreadcrumbList\",\"@id\":\"https:\/\/nge.vn\/san-pham\/tam-ban-in-kinh-carbon-glass-platform-cho-may-in-3d-flsun-super-racer\/#breadcrumb\",\"itemListElement\":[{\"@type\":\"ListItem\",\"position\":1,\"name\":\"Trang ch\u1ee7\",\"item\":\"https:\/\/nge.vn\/\"},{\"@type\":\"ListItem\",\"position\":2,\"name\":\"S\u1ea3n ph\u1ea9m\",\"item\":\"https:\/\/nge.vn\/san-pham\/\"},{\"@type\":\"ListItem\",\"position\":3,\"name\":\"T\u1ea5m b\u00e0n in k\u00ednh Carbon Glass Platform cho m\u00e1y in 3d FLSUN Super Racer\"}]},{\"@type\":\"WebSite\",\"@id\":\"https:\/\/nge.vn\/#website\",\"url\":\"https:\/\/nge.vn\/\",\"name\":\"NGE 3D Printers Services\",\"description\":\"\",\"potentialAction\":[{\"@type\":\"SearchAction\",\"target\":{\"@type\":\"EntryPoint\",\"urlTemplate\":\"https:\/\/nge.vn\/?s={search_term_string}\"},\"query-input\":{\"@type\":\"PropertyValueSpecification\",\"valueRequired\":true,\"valueName\":\"search_term_string\"}}],\"inLanguage\":\"en-US\"}]}<\/script>\n<!-- \/ Yoast SEO Premium plugin. -->","yoast_head_json":{"title":"T\u1ea5m b\u00e0n in k\u00ednh Carbon Glass Platform cho m\u00e1y in 3d FLSUN Super Racer - NGE 3D Printers Services","robots":{"index":"index","follow":"follow","max-snippet":"max-snippet:-1","max-image-preview":"max-image-preview:large","max-video-preview":"max-video-preview:-1"},"canonical":"https:\/\/nge.vn\/en\/product\/tam-ban-in-kinh-carbon-glass-platform-cho-may-in-3d-flsun-super-racer\/","og_locale":"en_US","og_type":"article","og_title":"T\u1ea5m b\u00e0n in k\u00ednh Carbon Glass Platform cho m\u00e1y in 3d FLSUN Super Racer","og_description":"T\u1ea5m b\u00e0n in k\u00ednh Carbon Glass Platform cho m\u00e1y in 3d FLSUN Super Racer","og_url":"https:\/\/nge.vn\/en\/product\/tam-ban-in-kinh-carbon-glass-platform-cho-may-in-3d-flsun-super-racer\/","og_site_name":"NGE 3D Printers Services","article_modified_time":"2024-10-29T08:18:42+00:00","og_image":[{"width":421,"height":421,"url":"https:\/\/nge.vn\/wp-content\/uploads\/2024\/10\/images-upload-woo2Ff04a0abc908e4dccc67db01bf09976ec.jpg","type":"image\/jpeg"}],"twitter_card":"summary_large_image","twitter_misc":{"Est. reading time":"1 minute"},"schema":{"@context":"https:\/\/schema.org","@graph":[{"@type":"WebPage","@id":"https:\/\/nge.vn\/san-pham\/tam-ban-in-kinh-carbon-glass-platform-cho-may-in-3d-flsun-super-racer\/","url":"https:\/\/nge.vn\/san-pham\/tam-ban-in-kinh-carbon-glass-platform-cho-may-in-3d-flsun-super-racer\/","name":"T\u1ea5m b\u00e0n in k\u00ednh Carbon Glass Platform cho m\u00e1y in 3d FLSUN Super Racer - NGE 3D Printers Services","isPartOf":{"@id":"https:\/\/nge.vn\/#website"},"primaryImageOfPage":{"@id":"https:\/\/nge.vn\/san-pham\/tam-ban-in-kinh-carbon-glass-platform-cho-may-in-3d-flsun-super-racer\/#primaryimage"},"image":{"@id":"https:\/\/nge.vn\/san-pham\/tam-ban-in-kinh-carbon-glass-platform-cho-may-in-3d-flsun-super-racer\/#primaryimage"},"thumbnailUrl":"https:\/\/nge.vn\/wp-content\/uploads\/2024\/10\/images-upload-woo2Ff04a0abc908e4dccc67db01bf09976ec.jpg","datePublished":"2024-10-25T06:53:01+00:00","dateModified":"2024-10-29T08:18:42+00:00","breadcrumb":{"@id":"https:\/\/nge.vn\/san-pham\/tam-ban-in-kinh-carbon-glass-platform-cho-may-in-3d-flsun-super-racer\/#breadcrumb"},"inLanguage":"en-US","potentialAction":[{"@type":"ReadAction","target":["https:\/\/nge.vn\/san-pham\/tam-ban-in-kinh-carbon-glass-platform-cho-may-in-3d-flsun-super-racer\/"]}]},{"@type":"ImageObject","inLanguage":"en-US","@id":"https:\/\/nge.vn\/san-pham\/tam-ban-in-kinh-carbon-glass-platform-cho-may-in-3d-flsun-super-racer\/#primaryimage","url":"https:\/\/nge.vn\/wp-content\/uploads\/2024\/10\/images-upload-woo2Ff04a0abc908e4dccc67db01bf09976ec.jpg","contentUrl":"https:\/\/nge.vn\/wp-content\/uploads\/2024\/10\/images-upload-woo2Ff04a0abc908e4dccc67db01bf09976ec.jpg","width":421,"height":421},{"@type":"BreadcrumbList","@id":"https:\/\/nge.vn\/san-pham\/tam-ban-in-kinh-carbon-glass-platform-cho-may-in-3d-flsun-super-racer\/#breadcrumb","itemListElement":[{"@type":"ListItem","position":1,"name":"Trang ch\u1ee7","item":"https:\/\/nge.vn\/"},{"@type":"ListItem","position":2,"name":"S\u1ea3n ph\u1ea9m","item":"https:\/\/nge.vn\/san-pham\/"},{"@type":"ListItem","position":3,"name":"T\u1ea5m b\u00e0n in k\u00ednh Carbon Glass Platform cho m\u00e1y in 3d FLSUN Super Racer"}]},{"@type":"WebSite","@id":"https:\/\/nge.vn\/#website","url":"https:\/\/nge.vn\/","name":"NGE 3D Printers Services","description":"","potentialAction":[{"@type":"SearchAction","target":{"@type":"EntryPoint","urlTemplate":"https:\/\/nge.vn\/?s={search_term_string}"},"query-input":{"@type":"PropertyValueSpecification","valueRequired":true,"valueName":"search_term_string"}}],"inLanguage":"en-US"}]}},"_links":{"self":[{"href":"https:\/\/nge.vn\/en\/wp-json\/wp\/v2\/product\/829","targetHints":{"allow":["GET"]}}],"collection":[{"href":"https:\/\/nge.vn\/en\/wp-json\/wp\/v2\/product"}],"about":[{"href":"https:\/\/nge.vn\/en\/wp-json\/wp\/v2\/types\/product"}],"replies":[{"embeddable":true,"href":"https:\/\/nge.vn\/en\/wp-json\/wp\/v2\/comments?post=829"}],"wp:featuredmedia":[{"embeddable":true,"href":"https:\/\/nge.vn\/en\/wp-json\/wp\/v2\/media\/827"}],"wp:attachment":[{"href":"https:\/\/nge.vn\/en\/wp-json\/wp\/v2\/media?parent=829"}],"wp:term":[{"taxonomy":"product_brand","embeddable":true,"href":"https:\/\/nge.vn\/en\/wp-json\/wp\/v2\/product_brand?post=829"},{"taxonomy":"product_cat","embeddable":true,"href":"https:\/\/nge.vn\/en\/wp-json\/wp\/v2\/product_cat?post=829"},{"taxonomy":"product_tag","embeddable":true,"href":"https:\/\/nge.vn\/en\/wp-json\/wp\/v2\/product_tag?post=829"}],"curies":[{"name":"wp","href":"https:\/\/api.w.org\/{rel}","templated":true}]}}