{"id":808,"date":"2024-10-25T13:52:24","date_gmt":"2024-10-25T06:52:24","guid":{"rendered":"https:\/\/nge.123websitedev.com\/san-pham\/nhua-in-chan-chu-3d-cao-cap-flashforge-outdoor-sign-chuyen-in-san-pham-ngoai-troi-chan-chu-quang-cao-1kg-cuon\/"},"modified":"2024-10-28T14:33:59","modified_gmt":"2024-10-28T07:33:59","slug":"nhua-in-chan-chu-3d-cao-cap-flashforge-outdoor-sign-chuyen-in-san-pham-ngoai-troi-chan-chu-quang-cao-1kg-cuon","status":"publish","type":"product","link":"https:\/\/nge.vn\/en\/product\/nhua-in-chan-chu-3d-cao-cap-flashforge-outdoor-sign-chuyen-in-san-pham-ngoai-troi-chan-chu-quang-cao-1kg-cuon\/","title":{"rendered":"Nh\u1ef1a in ch\u00e2n ch\u1eef 3d Cao c\u1ea5p Flashforge OutDoor Sign chuy\u00ean in s\u1ea3n ph\u1ea9m ngo\u00e0i tr\u1eddi Ch\u00e2n Ch\u1eef Qu\u1ea3ng C\u00e1o 1kg\/cu\u1ed9n"},"content":{"rendered":"<p>Nh\u1ef1a in 3d Cao c\u1ea5p Flashforge OutDoor Sign l\u00e0 nh\u1ef1a ch\u1ecbu nhi\u1ec7t cao chuy\u00ean d\u00f9ng in s\u1ea3n ph\u1ea9m ngo\u00e0i tr\u1eddi Ch\u00e2n Ch\u1eef Qu\u1ea3ng C\u00e1o 1kg\/Cu\u1ed9n<br \/>\n+Filament Diameter (\u0111\u01b0\u1eddng k\u00ednh s\u1ee3i): 1.75mm<br \/>\n+Printing Temperature (Nhi\u1ec7t \u0111\u1ed9 \u0111\u1ea7u in): 230~240\u2103<br \/>\n+Printing Speed (T\u1ed1c \u0111\u1ed9 in): 90~110mm\/s<br \/>\n+Printing Layer Height (Chi\u1ec1u cao l\u1edbp in): 0.25mm<br \/>\n+Plateform Temperaturer (Nhi\u1ec7t \u0111\u1ed9 b\u00e0n nhi\u1ec7t): 80~100\u2103<br \/>\n+Raft (b\u00e8 bottom s\u1ea3n ph\u1ea9m in): Not necessary<br \/>\n+Package (\u0111\u00f3ng g\u00f3i): 1.0Kg<br \/>\n+Density (T\u1ec9 tr\u1ecdng): 1.27\u00b10.05g\/cm3<br \/>\n+The melt flow rate (190\u2103\uff0c2.16Kg) (T\u1ed1c \u0111\u1ed9 d\u00f2ng ch\u1ea3y): 5~7g\/10min<br \/>\n+Water absorption rate\uff08\u9971\u548c\uff0c23\u2103\uff09(T\u1ef7 l\u1ec7 h\u1ea5p th\u1ee5 n\u01b0\u1edbc) (B\u00e3o h\u00f2a, 23\u2103): 0,30%<br \/>\n+Tensile Strength (S\u1ee9c c\u0103ng): \u226552MPa<br \/>\n+Bending strength (L\u1ef1c b\u1ebb cong): \u226588MPa<br \/>\n+Flexural modulus (M\u00f4 \u0111un u\u1ed1n): \u22652200MPa<br \/>\n+Notched impact strength(IZOD,23\u2103) (C\u01b0\u1eddng \u0111\u1ed9 va \u0111\u1eadp): \u2014\u2014<br \/>\n+Percentage of breaking elongation (ph\u1ea7n tr\u0103m \u0111\u1ed9 gi\u00e3n d\u00e0i \u0111\u1ee9t): \u2265150.0%<br \/>\n+Heat deformation temperature (Nhi\u1ec7t \u0111\u1ed9 bi\u1ebfn d\u1ea1ng): \u226570\u2103<br \/>\n+Diameter Deviance (\u0110\u1ed9 l\u1ec7ch \u0111\u01b0\u1eddng k\u00ednh): \u00b10.05mm<br \/>\n+Roundness Deviance (\u0110\u1ed9 l\u1ec7ch tr\u00f2n): \u2264 0.05mm<\/p>\n<p>**Nh\u1ef1a OutDoor Sign l\u00e0 lo\u1ea1i nh\u1ef1a ch\u1ecbu nhi\u1ec7t \u0111\u1ed9 cao \u0111\u01b0\u1ee3c ph\u00e1t tri\u1ec3n t\u1eeb nh\u1ef1a PETG chuy\u00ean d\u00f9ng cho in c\u00e1c s\u1ea3n ph\u1ea9m \u0111\u1ec3 ngo\u00e0i tr\u1eddi nh\u01b0 in c\u00e1c b\u00ecnh hoa, bi\u1ec3n hi\u1ec7u, ch\u00e2n ch\u1eef tr\u00ean bi\u1ec3n qu\u1ea3ng c\u00e1o&#8230;<\/p>\n<p>**\u0110\u1ec3 \u0111\u01b0\u1ee3c nh\u1eadn h\u1ed9 tr\u1ee3 th\u00eam v\u1ec1 Gi\u00e1 v\u00e0 Th\u00f4ng tin c\u1ee7a s\u1ea3n ph\u1ea9m, vui l\u00f2ng li\u00ean h\u1ec7:<br \/>\n0913.939.775 &#8211; 0934.156.173 g\u1eb7p A. Qu\u00e2n (for English)<br \/>\n094.144.0951 contact A.Quynh<br \/>\n**Selling price does not include VAT (+10% if VAT invoice is issued)<\/p>","protected":false},"excerpt":{"rendered":"<p>Nh\u1ef1a in ch\u00e2n ch\u1eef 3d Cao c\u1ea5p Flashforge OutDoor Sign chuy\u00ean in s\u1ea3n ph\u1ea9m ngo\u00e0i tr\u1eddi Ch\u00e2n Ch\u1eef Qu\u1ea3ng C\u00e1o 1kg\/cu\u1ed9n<\/p>","protected":false},"featured_media":799,"comment_status":"open","ping_status":"closed","template":"","meta":{"inline_featured_image":false},"product_brand":[],"product_cat":[43],"product_tag":[],"class_list":{"0":"post-808","1":"product","2":"type-product","3":"status-publish","4":"has-post-thumbnail","6":"product_cat-nhua-in-3d-resin","8":"first","9":"instock","10":"taxable","11":"shipping-taxable","12":"purchasable","13":"product-type-variable"},"yoast_head":"<!-- This site is optimized with the Yoast SEO Premium plugin v22.8 (Yoast SEO v26.9) - https:\/\/yoast.com\/product\/yoast-seo-premium-wordpress\/ -->\n<title>Nh\u1ef1a in ch\u00e2n ch\u1eef 3d Cao c\u1ea5p Flashforge OutDoor Sign chuy\u00ean in s\u1ea3n ph\u1ea9m ngo\u00e0i tr\u1eddi Ch\u00e2n Ch\u1eef Qu\u1ea3ng C\u00e1o 1kg\/cu\u1ed9n - NGE 3D Printers Services<\/title>\n<meta name=\"robots\" content=\"index, follow, max-snippet:-1, max-image-preview:large, max-video-preview:-1\" \/>\n<link rel=\"canonical\" href=\"https:\/\/nge.vn\/en\/product\/nhua-in-chan-chu-3d-cao-cap-flashforge-outdoor-sign-chuyen-in-san-pham-ngoai-troi-chan-chu-quang-cao-1kg-cuon\/\" \/>\n<meta property=\"og:locale\" content=\"en_US\" \/>\n<meta property=\"og:type\" content=\"article\" \/>\n<meta property=\"og:title\" content=\"Nh\u1ef1a in ch\u00e2n ch\u1eef 3d Cao c\u1ea5p Flashforge OutDoor Sign chuy\u00ean in s\u1ea3n ph\u1ea9m ngo\u00e0i tr\u1eddi Ch\u00e2n Ch\u1eef Qu\u1ea3ng C\u00e1o 1kg\/cu\u1ed9n\" \/>\n<meta property=\"og:description\" content=\"Nh\u1ef1a in ch\u00e2n ch\u1eef 3d Cao c\u1ea5p Flashforge OutDoor Sign chuy\u00ean in s\u1ea3n ph\u1ea9m ngo\u00e0i tr\u1eddi Ch\u00e2n Ch\u1eef Qu\u1ea3ng C\u00e1o 1kg\/cu\u1ed9n\" \/>\n<meta property=\"og:url\" content=\"https:\/\/nge.vn\/en\/product\/nhua-in-chan-chu-3d-cao-cap-flashforge-outdoor-sign-chuyen-in-san-pham-ngoai-troi-chan-chu-quang-cao-1kg-cuon\/\" \/>\n<meta property=\"og:site_name\" content=\"NGE 3D Printers Services\" \/>\n<meta property=\"article:modified_time\" content=\"2024-10-28T07:33:59+00:00\" \/>\n<meta property=\"og:image\" content=\"https:\/\/nge.vn\/wp-content\/uploads\/2024\/10\/images-upload-woo2F150cbeab76a6a227769cd3f4df485e27.jpg\" \/>\n\t<meta property=\"og:image:width\" content=\"688\" \/>\n\t<meta property=\"og:image:height\" content=\"688\" \/>\n\t<meta property=\"og:image:type\" content=\"image\/jpeg\" \/>\n<meta name=\"twitter:card\" content=\"summary_large_image\" \/>\n<meta name=\"twitter:label1\" content=\"Est. reading time\" \/>\n\t<meta name=\"twitter:data1\" content=\"2 minutes\" \/>\n<script type=\"application\/ld+json\" class=\"yoast-schema-graph\">{\"@context\":\"https:\/\/schema.org\",\"@graph\":[{\"@type\":\"WebPage\",\"@id\":\"https:\/\/nge.vn\/san-pham\/nhua-in-chan-chu-3d-cao-cap-flashforge-outdoor-sign-chuyen-in-san-pham-ngoai-troi-chan-chu-quang-cao-1kg-cuon\/\",\"url\":\"https:\/\/nge.vn\/san-pham\/nhua-in-chan-chu-3d-cao-cap-flashforge-outdoor-sign-chuyen-in-san-pham-ngoai-troi-chan-chu-quang-cao-1kg-cuon\/\",\"name\":\"Nh\u1ef1a in ch\u00e2n ch\u1eef 3d Cao c\u1ea5p Flashforge OutDoor Sign chuy\u00ean in s\u1ea3n ph\u1ea9m ngo\u00e0i tr\u1eddi Ch\u00e2n Ch\u1eef Qu\u1ea3ng C\u00e1o 1kg\/cu\u1ed9n - NGE 3D Printers Services\",\"isPartOf\":{\"@id\":\"https:\/\/nge.vn\/#website\"},\"primaryImageOfPage\":{\"@id\":\"https:\/\/nge.vn\/san-pham\/nhua-in-chan-chu-3d-cao-cap-flashforge-outdoor-sign-chuyen-in-san-pham-ngoai-troi-chan-chu-quang-cao-1kg-cuon\/#primaryimage\"},\"image\":{\"@id\":\"https:\/\/nge.vn\/san-pham\/nhua-in-chan-chu-3d-cao-cap-flashforge-outdoor-sign-chuyen-in-san-pham-ngoai-troi-chan-chu-quang-cao-1kg-cuon\/#primaryimage\"},\"thumbnailUrl\":\"https:\/\/nge.vn\/wp-content\/uploads\/2024\/10\/images-upload-woo2F150cbeab76a6a227769cd3f4df485e27.jpg\",\"datePublished\":\"2024-10-25T06:52:24+00:00\",\"dateModified\":\"2024-10-28T07:33:59+00:00\",\"breadcrumb\":{\"@id\":\"https:\/\/nge.vn\/san-pham\/nhua-in-chan-chu-3d-cao-cap-flashforge-outdoor-sign-chuyen-in-san-pham-ngoai-troi-chan-chu-quang-cao-1kg-cuon\/#breadcrumb\"},\"inLanguage\":\"en-US\",\"potentialAction\":[{\"@type\":\"ReadAction\",\"target\":[\"https:\/\/nge.vn\/san-pham\/nhua-in-chan-chu-3d-cao-cap-flashforge-outdoor-sign-chuyen-in-san-pham-ngoai-troi-chan-chu-quang-cao-1kg-cuon\/\"]}]},{\"@type\":\"ImageObject\",\"inLanguage\":\"en-US\",\"@id\":\"https:\/\/nge.vn\/san-pham\/nhua-in-chan-chu-3d-cao-cap-flashforge-outdoor-sign-chuyen-in-san-pham-ngoai-troi-chan-chu-quang-cao-1kg-cuon\/#primaryimage\",\"url\":\"https:\/\/nge.vn\/wp-content\/uploads\/2024\/10\/images-upload-woo2F150cbeab76a6a227769cd3f4df485e27.jpg\",\"contentUrl\":\"https:\/\/nge.vn\/wp-content\/uploads\/2024\/10\/images-upload-woo2F150cbeab76a6a227769cd3f4df485e27.jpg\",\"width\":688,\"height\":688},{\"@type\":\"BreadcrumbList\",\"@id\":\"https:\/\/nge.vn\/san-pham\/nhua-in-chan-chu-3d-cao-cap-flashforge-outdoor-sign-chuyen-in-san-pham-ngoai-troi-chan-chu-quang-cao-1kg-cuon\/#breadcrumb\",\"itemListElement\":[{\"@type\":\"ListItem\",\"position\":1,\"name\":\"Trang ch\u1ee7\",\"item\":\"https:\/\/nge.vn\/\"},{\"@type\":\"ListItem\",\"position\":2,\"name\":\"S\u1ea3n ph\u1ea9m\",\"item\":\"https:\/\/nge.vn\/san-pham\/\"},{\"@type\":\"ListItem\",\"position\":3,\"name\":\"Nh\u1ef1a in ch\u00e2n ch\u1eef 3d Cao c\u1ea5p Flashforge OutDoor Sign chuy\u00ean in s\u1ea3n ph\u1ea9m ngo\u00e0i tr\u1eddi Ch\u00e2n Ch\u1eef Qu\u1ea3ng C\u00e1o 1kg\/cu\u1ed9n\"}]},{\"@type\":\"WebSite\",\"@id\":\"https:\/\/nge.vn\/#website\",\"url\":\"https:\/\/nge.vn\/\",\"name\":\"NGE 3D Printers Services\",\"description\":\"\",\"potentialAction\":[{\"@type\":\"SearchAction\",\"target\":{\"@type\":\"EntryPoint\",\"urlTemplate\":\"https:\/\/nge.vn\/?s={search_term_string}\"},\"query-input\":{\"@type\":\"PropertyValueSpecification\",\"valueRequired\":true,\"valueName\":\"search_term_string\"}}],\"inLanguage\":\"en-US\"}]}<\/script>\n<!-- \/ Yoast SEO Premium plugin. -->","yoast_head_json":{"title":"Nh\u1ef1a in ch\u00e2n ch\u1eef 3d Cao c\u1ea5p Flashforge OutDoor Sign chuy\u00ean in s\u1ea3n ph\u1ea9m ngo\u00e0i tr\u1eddi Ch\u00e2n Ch\u1eef Qu\u1ea3ng C\u00e1o 1kg\/cu\u1ed9n - NGE 3D Printers Services","robots":{"index":"index","follow":"follow","max-snippet":"max-snippet:-1","max-image-preview":"max-image-preview:large","max-video-preview":"max-video-preview:-1"},"canonical":"https:\/\/nge.vn\/en\/product\/nhua-in-chan-chu-3d-cao-cap-flashforge-outdoor-sign-chuyen-in-san-pham-ngoai-troi-chan-chu-quang-cao-1kg-cuon\/","og_locale":"en_US","og_type":"article","og_title":"Nh\u1ef1a in ch\u00e2n ch\u1eef 3d Cao c\u1ea5p Flashforge OutDoor Sign chuy\u00ean in s\u1ea3n ph\u1ea9m ngo\u00e0i tr\u1eddi Ch\u00e2n Ch\u1eef Qu\u1ea3ng C\u00e1o 1kg\/cu\u1ed9n","og_description":"Nh\u1ef1a in ch\u00e2n ch\u1eef 3d Cao c\u1ea5p Flashforge OutDoor Sign chuy\u00ean in s\u1ea3n ph\u1ea9m ngo\u00e0i tr\u1eddi Ch\u00e2n Ch\u1eef Qu\u1ea3ng C\u00e1o 1kg\/cu\u1ed9n","og_url":"https:\/\/nge.vn\/en\/product\/nhua-in-chan-chu-3d-cao-cap-flashforge-outdoor-sign-chuyen-in-san-pham-ngoai-troi-chan-chu-quang-cao-1kg-cuon\/","og_site_name":"NGE 3D Printers Services","article_modified_time":"2024-10-28T07:33:59+00:00","og_image":[{"width":688,"height":688,"url":"https:\/\/nge.vn\/wp-content\/uploads\/2024\/10\/images-upload-woo2F150cbeab76a6a227769cd3f4df485e27.jpg","type":"image\/jpeg"}],"twitter_card":"summary_large_image","twitter_misc":{"Est. reading time":"2 minutes"},"schema":{"@context":"https:\/\/schema.org","@graph":[{"@type":"WebPage","@id":"https:\/\/nge.vn\/san-pham\/nhua-in-chan-chu-3d-cao-cap-flashforge-outdoor-sign-chuyen-in-san-pham-ngoai-troi-chan-chu-quang-cao-1kg-cuon\/","url":"https:\/\/nge.vn\/san-pham\/nhua-in-chan-chu-3d-cao-cap-flashforge-outdoor-sign-chuyen-in-san-pham-ngoai-troi-chan-chu-quang-cao-1kg-cuon\/","name":"Nh\u1ef1a in ch\u00e2n ch\u1eef 3d Cao c\u1ea5p Flashforge OutDoor Sign chuy\u00ean in s\u1ea3n ph\u1ea9m ngo\u00e0i tr\u1eddi Ch\u00e2n Ch\u1eef Qu\u1ea3ng C\u00e1o 1kg\/cu\u1ed9n - NGE 3D Printers Services","isPartOf":{"@id":"https:\/\/nge.vn\/#website"},"primaryImageOfPage":{"@id":"https:\/\/nge.vn\/san-pham\/nhua-in-chan-chu-3d-cao-cap-flashforge-outdoor-sign-chuyen-in-san-pham-ngoai-troi-chan-chu-quang-cao-1kg-cuon\/#primaryimage"},"image":{"@id":"https:\/\/nge.vn\/san-pham\/nhua-in-chan-chu-3d-cao-cap-flashforge-outdoor-sign-chuyen-in-san-pham-ngoai-troi-chan-chu-quang-cao-1kg-cuon\/#primaryimage"},"thumbnailUrl":"https:\/\/nge.vn\/wp-content\/uploads\/2024\/10\/images-upload-woo2F150cbeab76a6a227769cd3f4df485e27.jpg","datePublished":"2024-10-25T06:52:24+00:00","dateModified":"2024-10-28T07:33:59+00:00","breadcrumb":{"@id":"https:\/\/nge.vn\/san-pham\/nhua-in-chan-chu-3d-cao-cap-flashforge-outdoor-sign-chuyen-in-san-pham-ngoai-troi-chan-chu-quang-cao-1kg-cuon\/#breadcrumb"},"inLanguage":"en-US","potentialAction":[{"@type":"ReadAction","target":["https:\/\/nge.vn\/san-pham\/nhua-in-chan-chu-3d-cao-cap-flashforge-outdoor-sign-chuyen-in-san-pham-ngoai-troi-chan-chu-quang-cao-1kg-cuon\/"]}]},{"@type":"ImageObject","inLanguage":"en-US","@id":"https:\/\/nge.vn\/san-pham\/nhua-in-chan-chu-3d-cao-cap-flashforge-outdoor-sign-chuyen-in-san-pham-ngoai-troi-chan-chu-quang-cao-1kg-cuon\/#primaryimage","url":"https:\/\/nge.vn\/wp-content\/uploads\/2024\/10\/images-upload-woo2F150cbeab76a6a227769cd3f4df485e27.jpg","contentUrl":"https:\/\/nge.vn\/wp-content\/uploads\/2024\/10\/images-upload-woo2F150cbeab76a6a227769cd3f4df485e27.jpg","width":688,"height":688},{"@type":"BreadcrumbList","@id":"https:\/\/nge.vn\/san-pham\/nhua-in-chan-chu-3d-cao-cap-flashforge-outdoor-sign-chuyen-in-san-pham-ngoai-troi-chan-chu-quang-cao-1kg-cuon\/#breadcrumb","itemListElement":[{"@type":"ListItem","position":1,"name":"Trang ch\u1ee7","item":"https:\/\/nge.vn\/"},{"@type":"ListItem","position":2,"name":"S\u1ea3n ph\u1ea9m","item":"https:\/\/nge.vn\/san-pham\/"},{"@type":"ListItem","position":3,"name":"Nh\u1ef1a in ch\u00e2n ch\u1eef 3d Cao c\u1ea5p Flashforge OutDoor Sign chuy\u00ean in s\u1ea3n ph\u1ea9m ngo\u00e0i tr\u1eddi Ch\u00e2n Ch\u1eef Qu\u1ea3ng C\u00e1o 1kg\/cu\u1ed9n"}]},{"@type":"WebSite","@id":"https:\/\/nge.vn\/#website","url":"https:\/\/nge.vn\/","name":"NGE 3D Printers Services","description":"","potentialAction":[{"@type":"SearchAction","target":{"@type":"EntryPoint","urlTemplate":"https:\/\/nge.vn\/?s={search_term_string}"},"query-input":{"@type":"PropertyValueSpecification","valueRequired":true,"valueName":"search_term_string"}}],"inLanguage":"en-US"}]}},"_links":{"self":[{"href":"https:\/\/nge.vn\/en\/wp-json\/wp\/v2\/product\/808","targetHints":{"allow":["GET"]}}],"collection":[{"href":"https:\/\/nge.vn\/en\/wp-json\/wp\/v2\/product"}],"about":[{"href":"https:\/\/nge.vn\/en\/wp-json\/wp\/v2\/types\/product"}],"replies":[{"embeddable":true,"href":"https:\/\/nge.vn\/en\/wp-json\/wp\/v2\/comments?post=808"}],"wp:featuredmedia":[{"embeddable":true,"href":"https:\/\/nge.vn\/en\/wp-json\/wp\/v2\/media\/799"}],"wp:attachment":[{"href":"https:\/\/nge.vn\/en\/wp-json\/wp\/v2\/media?parent=808"}],"wp:term":[{"taxonomy":"product_brand","embeddable":true,"href":"https:\/\/nge.vn\/en\/wp-json\/wp\/v2\/product_brand?post=808"},{"taxonomy":"product_cat","embeddable":true,"href":"https:\/\/nge.vn\/en\/wp-json\/wp\/v2\/product_cat?post=808"},{"taxonomy":"product_tag","embeddable":true,"href":"https:\/\/nge.vn\/en\/wp-json\/wp\/v2\/product_tag?post=808"}],"curies":[{"name":"wp","href":"https:\/\/api.w.org\/{rel}","templated":true}]}}