{"id":798,"date":"2024-10-25T13:48:50","date_gmt":"2024-10-25T06:48:50","guid":{"rendered":"https:\/\/nge.123websitedev.com\/san-pham\/bo-3-canh-tay-don-parallel-arm-bang-soi-carbon-cho-may-in-3d-flsun-super-racer\/"},"modified":"2024-10-29T17:23:00","modified_gmt":"2024-10-29T10:23:00","slug":"bo-3-canh-tay-don-parallel-arm-bang-soi-carbon-cho-may-in-3d-flsun-super-racer","status":"publish","type":"product","link":"https:\/\/nge.vn\/en\/product\/bo-3-canh-tay-don-parallel-arm-bang-soi-carbon-cho-may-in-3d-flsun-super-racer\/","title":{"rendered":"Set of 3 Carbon Fiber Parallel Arms for FLSUN Super Racer 3d printer"},"content":{"rendered":"<p>B\u1ed9 c\u00e1nh tay \u0111\u00f2n Parallel Arm b\u1eb1ng s\u1ee3i Carbon cho m\u00e1y in 3d FLSUN Super Racer<br \/>\n_M\u00e1y in Delta \u0111\u01b0\u1ee3c h\u01b0\u1edfng l\u1ee3i r\u1ea5t nhi\u1ec1u t\u1eeb c\u00e1c b\u1ed9 ph\u1eadn chuy\u1ec3n \u0111\u1ed9ng nh\u1eb9 v\u00e0 \u0111\u1ec3 c\u1ea3i thi\u1ec7n \u0111i\u1ec1u n\u00e0y, Flsun Super Racer \u0111i k\u00e8m v\u1edbi c\u00e1c thanh s\u1ee3i carbon. Gi\u1eefa m\u1ed7i c\u1eb7p thanh s\u1ee3i carbon, ch\u00fang ta c\u00f3 hai l\u00f2 xo \u0111\u1ec3 gi\u1eef ch\u00fang c\u1ed1 \u0111\u1ecbnh.<br \/>\n_Tr\u1ecdng l\u01b0\u1ee3ng c\u1ee7a nh\u1eefng thanh s\u1ee3i carbon n\u00e0y ch\u1ec9 177 gram.<\/p>\n<p>+G\u00f3i s\u1ea3n ph\u1ea9m: 3 * c\u00e1nh tay \u0111\u00f2n song song<\/p>\n<p>**\u0110\u1ec3 \u0111\u01b0\u1ee3c nh\u1eadn h\u1ed9 tr\u1ee3 th\u00eam v\u1ec1 Gi\u00e1 v\u00e0 Th\u00f4ng tin c\u1ee7a s\u1ea3n ph\u1ea9m, vui l\u00f2ng li\u00ean h\u1ec7:<br \/>\n    0913.939.775 g\u1eb7p A. Qu\u00e2n (for English)<br \/>\n    094.144.0951 contact A.Quynh<br \/>\n**Selling price does not include VAT (+10% if VAT invoice is issued)<\/p>","protected":false},"excerpt":{"rendered":"<p>Set of 3 Carbon Fiber Parallel Arms for FLSUN Super Racer 3d printer<\/p>","protected":false},"featured_media":795,"comment_status":"open","ping_status":"closed","template":"","meta":{"inline_featured_image":false},"product_brand":[],"product_cat":[57,40],"product_tag":[],"class_list":{"0":"post-798","1":"product","2":"type-product","3":"status-publish","4":"has-post-thumbnail","6":"product_cat-linh-kien-may-in-3d-flsun","7":"product_cat-linh-kien-va-phu-kien","9":"first","10":"instock","11":"taxable","12":"shipping-taxable","13":"purchasable","14":"product-type-simple"},"yoast_head":"<!-- This site is optimized with the Yoast SEO Premium plugin v22.8 (Yoast SEO v26.9) - https:\/\/yoast.com\/product\/yoast-seo-premium-wordpress\/ -->\n<title>B\u1ed9 3 c\u00e1nh tay \u0111\u00f2n Parallel Arm b\u1eb1ng s\u1ee3i Carbon cho m\u00e1y in 3d FLSUN Super Racer - NGE 3D Printers Services<\/title>\n<meta name=\"robots\" content=\"index, follow, max-snippet:-1, max-image-preview:large, max-video-preview:-1\" \/>\n<link rel=\"canonical\" href=\"https:\/\/nge.vn\/en\/product\/bo-3-canh-tay-don-parallel-arm-bang-soi-carbon-cho-may-in-3d-flsun-super-racer\/\" \/>\n<meta property=\"og:locale\" content=\"en_US\" \/>\n<meta property=\"og:type\" content=\"article\" \/>\n<meta property=\"og:title\" content=\"B\u1ed9 3 c\u00e1nh tay \u0111\u00f2n Parallel Arm b\u1eb1ng s\u1ee3i Carbon cho m\u00e1y in 3d FLSUN Super Racer\" \/>\n<meta property=\"og:description\" content=\"B\u1ed9 3 c\u00e1nh tay \u0111\u00f2n Parallel Arm b\u1eb1ng s\u1ee3i Carbon cho m\u00e1y in 3d FLSUN Super Racer\" \/>\n<meta property=\"og:url\" content=\"https:\/\/nge.vn\/en\/product\/bo-3-canh-tay-don-parallel-arm-bang-soi-carbon-cho-may-in-3d-flsun-super-racer\/\" \/>\n<meta property=\"og:site_name\" content=\"NGE 3D Printers Services\" \/>\n<meta property=\"article:modified_time\" content=\"2024-10-29T10:23:00+00:00\" \/>\n<meta property=\"og:image\" content=\"https:\/\/nge.vn\/wp-content\/uploads\/2024\/10\/images-upload-woo2F373ceba80afef0698dc81e09e3123a01.jpg\" \/>\n\t<meta property=\"og:image:width\" content=\"1024\" \/>\n\t<meta property=\"og:image:height\" content=\"1024\" \/>\n\t<meta property=\"og:image:type\" content=\"image\/jpeg\" \/>\n<meta name=\"twitter:card\" content=\"summary_large_image\" \/>\n<meta name=\"twitter:label1\" content=\"Est. reading time\" \/>\n\t<meta name=\"twitter:data1\" content=\"1 minute\" \/>\n<script type=\"application\/ld+json\" class=\"yoast-schema-graph\">{\"@context\":\"https:\/\/schema.org\",\"@graph\":[{\"@type\":\"WebPage\",\"@id\":\"https:\/\/nge.vn\/san-pham\/bo-3-canh-tay-don-parallel-arm-bang-soi-carbon-cho-may-in-3d-flsun-super-racer\/\",\"url\":\"https:\/\/nge.vn\/san-pham\/bo-3-canh-tay-don-parallel-arm-bang-soi-carbon-cho-may-in-3d-flsun-super-racer\/\",\"name\":\"B\u1ed9 3 c\u00e1nh tay \u0111\u00f2n Parallel Arm b\u1eb1ng s\u1ee3i Carbon cho m\u00e1y in 3d FLSUN Super Racer - NGE 3D Printers Services\",\"isPartOf\":{\"@id\":\"https:\/\/nge.vn\/#website\"},\"primaryImageOfPage\":{\"@id\":\"https:\/\/nge.vn\/san-pham\/bo-3-canh-tay-don-parallel-arm-bang-soi-carbon-cho-may-in-3d-flsun-super-racer\/#primaryimage\"},\"image\":{\"@id\":\"https:\/\/nge.vn\/san-pham\/bo-3-canh-tay-don-parallel-arm-bang-soi-carbon-cho-may-in-3d-flsun-super-racer\/#primaryimage\"},\"thumbnailUrl\":\"https:\/\/nge.vn\/wp-content\/uploads\/2024\/10\/images-upload-woo2F373ceba80afef0698dc81e09e3123a01.jpg\",\"datePublished\":\"2024-10-25T06:48:50+00:00\",\"dateModified\":\"2024-10-29T10:23:00+00:00\",\"breadcrumb\":{\"@id\":\"https:\/\/nge.vn\/san-pham\/bo-3-canh-tay-don-parallel-arm-bang-soi-carbon-cho-may-in-3d-flsun-super-racer\/#breadcrumb\"},\"inLanguage\":\"en-US\",\"potentialAction\":[{\"@type\":\"ReadAction\",\"target\":[\"https:\/\/nge.vn\/san-pham\/bo-3-canh-tay-don-parallel-arm-bang-soi-carbon-cho-may-in-3d-flsun-super-racer\/\"]}]},{\"@type\":\"ImageObject\",\"inLanguage\":\"en-US\",\"@id\":\"https:\/\/nge.vn\/san-pham\/bo-3-canh-tay-don-parallel-arm-bang-soi-carbon-cho-may-in-3d-flsun-super-racer\/#primaryimage\",\"url\":\"https:\/\/nge.vn\/wp-content\/uploads\/2024\/10\/images-upload-woo2F373ceba80afef0698dc81e09e3123a01.jpg\",\"contentUrl\":\"https:\/\/nge.vn\/wp-content\/uploads\/2024\/10\/images-upload-woo2F373ceba80afef0698dc81e09e3123a01.jpg\",\"width\":1024,\"height\":1024},{\"@type\":\"BreadcrumbList\",\"@id\":\"https:\/\/nge.vn\/san-pham\/bo-3-canh-tay-don-parallel-arm-bang-soi-carbon-cho-may-in-3d-flsun-super-racer\/#breadcrumb\",\"itemListElement\":[{\"@type\":\"ListItem\",\"position\":1,\"name\":\"Trang ch\u1ee7\",\"item\":\"https:\/\/nge.vn\/\"},{\"@type\":\"ListItem\",\"position\":2,\"name\":\"S\u1ea3n ph\u1ea9m\",\"item\":\"https:\/\/nge.vn\/san-pham\/\"},{\"@type\":\"ListItem\",\"position\":3,\"name\":\"B\u1ed9 3 c\u00e1nh tay \u0111\u00f2n Parallel Arm b\u1eb1ng s\u1ee3i Carbon cho m\u00e1y in 3d FLSUN Super Racer\"}]},{\"@type\":\"WebSite\",\"@id\":\"https:\/\/nge.vn\/#website\",\"url\":\"https:\/\/nge.vn\/\",\"name\":\"NGE 3D Printers Services\",\"description\":\"\",\"potentialAction\":[{\"@type\":\"SearchAction\",\"target\":{\"@type\":\"EntryPoint\",\"urlTemplate\":\"https:\/\/nge.vn\/?s={search_term_string}\"},\"query-input\":{\"@type\":\"PropertyValueSpecification\",\"valueRequired\":true,\"valueName\":\"search_term_string\"}}],\"inLanguage\":\"en-US\"}]}<\/script>\n<!-- \/ Yoast SEO Premium plugin. -->","yoast_head_json":{"title":"B\u1ed9 3 c\u00e1nh tay \u0111\u00f2n Parallel Arm b\u1eb1ng s\u1ee3i Carbon cho m\u00e1y in 3d FLSUN Super Racer - NGE 3D Printers Services","robots":{"index":"index","follow":"follow","max-snippet":"max-snippet:-1","max-image-preview":"max-image-preview:large","max-video-preview":"max-video-preview:-1"},"canonical":"https:\/\/nge.vn\/en\/product\/bo-3-canh-tay-don-parallel-arm-bang-soi-carbon-cho-may-in-3d-flsun-super-racer\/","og_locale":"en_US","og_type":"article","og_title":"B\u1ed9 3 c\u00e1nh tay \u0111\u00f2n Parallel Arm b\u1eb1ng s\u1ee3i Carbon cho m\u00e1y in 3d FLSUN Super Racer","og_description":"B\u1ed9 3 c\u00e1nh tay \u0111\u00f2n Parallel Arm b\u1eb1ng s\u1ee3i Carbon cho m\u00e1y in 3d FLSUN Super Racer","og_url":"https:\/\/nge.vn\/en\/product\/bo-3-canh-tay-don-parallel-arm-bang-soi-carbon-cho-may-in-3d-flsun-super-racer\/","og_site_name":"NGE 3D Printers Services","article_modified_time":"2024-10-29T10:23:00+00:00","og_image":[{"width":1024,"height":1024,"url":"https:\/\/nge.vn\/wp-content\/uploads\/2024\/10\/images-upload-woo2F373ceba80afef0698dc81e09e3123a01.jpg","type":"image\/jpeg"}],"twitter_card":"summary_large_image","twitter_misc":{"Est. reading time":"1 minute"},"schema":{"@context":"https:\/\/schema.org","@graph":[{"@type":"WebPage","@id":"https:\/\/nge.vn\/san-pham\/bo-3-canh-tay-don-parallel-arm-bang-soi-carbon-cho-may-in-3d-flsun-super-racer\/","url":"https:\/\/nge.vn\/san-pham\/bo-3-canh-tay-don-parallel-arm-bang-soi-carbon-cho-may-in-3d-flsun-super-racer\/","name":"B\u1ed9 3 c\u00e1nh tay \u0111\u00f2n Parallel Arm b\u1eb1ng s\u1ee3i Carbon cho m\u00e1y in 3d FLSUN Super Racer - NGE 3D Printers Services","isPartOf":{"@id":"https:\/\/nge.vn\/#website"},"primaryImageOfPage":{"@id":"https:\/\/nge.vn\/san-pham\/bo-3-canh-tay-don-parallel-arm-bang-soi-carbon-cho-may-in-3d-flsun-super-racer\/#primaryimage"},"image":{"@id":"https:\/\/nge.vn\/san-pham\/bo-3-canh-tay-don-parallel-arm-bang-soi-carbon-cho-may-in-3d-flsun-super-racer\/#primaryimage"},"thumbnailUrl":"https:\/\/nge.vn\/wp-content\/uploads\/2024\/10\/images-upload-woo2F373ceba80afef0698dc81e09e3123a01.jpg","datePublished":"2024-10-25T06:48:50+00:00","dateModified":"2024-10-29T10:23:00+00:00","breadcrumb":{"@id":"https:\/\/nge.vn\/san-pham\/bo-3-canh-tay-don-parallel-arm-bang-soi-carbon-cho-may-in-3d-flsun-super-racer\/#breadcrumb"},"inLanguage":"en-US","potentialAction":[{"@type":"ReadAction","target":["https:\/\/nge.vn\/san-pham\/bo-3-canh-tay-don-parallel-arm-bang-soi-carbon-cho-may-in-3d-flsun-super-racer\/"]}]},{"@type":"ImageObject","inLanguage":"en-US","@id":"https:\/\/nge.vn\/san-pham\/bo-3-canh-tay-don-parallel-arm-bang-soi-carbon-cho-may-in-3d-flsun-super-racer\/#primaryimage","url":"https:\/\/nge.vn\/wp-content\/uploads\/2024\/10\/images-upload-woo2F373ceba80afef0698dc81e09e3123a01.jpg","contentUrl":"https:\/\/nge.vn\/wp-content\/uploads\/2024\/10\/images-upload-woo2F373ceba80afef0698dc81e09e3123a01.jpg","width":1024,"height":1024},{"@type":"BreadcrumbList","@id":"https:\/\/nge.vn\/san-pham\/bo-3-canh-tay-don-parallel-arm-bang-soi-carbon-cho-may-in-3d-flsun-super-racer\/#breadcrumb","itemListElement":[{"@type":"ListItem","position":1,"name":"Trang ch\u1ee7","item":"https:\/\/nge.vn\/"},{"@type":"ListItem","position":2,"name":"S\u1ea3n ph\u1ea9m","item":"https:\/\/nge.vn\/san-pham\/"},{"@type":"ListItem","position":3,"name":"B\u1ed9 3 c\u00e1nh tay \u0111\u00f2n Parallel Arm b\u1eb1ng s\u1ee3i Carbon cho m\u00e1y in 3d FLSUN Super Racer"}]},{"@type":"WebSite","@id":"https:\/\/nge.vn\/#website","url":"https:\/\/nge.vn\/","name":"NGE 3D Printers Services","description":"","potentialAction":[{"@type":"SearchAction","target":{"@type":"EntryPoint","urlTemplate":"https:\/\/nge.vn\/?s={search_term_string}"},"query-input":{"@type":"PropertyValueSpecification","valueRequired":true,"valueName":"search_term_string"}}],"inLanguage":"en-US"}]}},"_links":{"self":[{"href":"https:\/\/nge.vn\/en\/wp-json\/wp\/v2\/product\/798","targetHints":{"allow":["GET"]}}],"collection":[{"href":"https:\/\/nge.vn\/en\/wp-json\/wp\/v2\/product"}],"about":[{"href":"https:\/\/nge.vn\/en\/wp-json\/wp\/v2\/types\/product"}],"replies":[{"embeddable":true,"href":"https:\/\/nge.vn\/en\/wp-json\/wp\/v2\/comments?post=798"}],"wp:featuredmedia":[{"embeddable":true,"href":"https:\/\/nge.vn\/en\/wp-json\/wp\/v2\/media\/795"}],"wp:attachment":[{"href":"https:\/\/nge.vn\/en\/wp-json\/wp\/v2\/media?parent=798"}],"wp:term":[{"taxonomy":"product_brand","embeddable":true,"href":"https:\/\/nge.vn\/en\/wp-json\/wp\/v2\/product_brand?post=798"},{"taxonomy":"product_cat","embeddable":true,"href":"https:\/\/nge.vn\/en\/wp-json\/wp\/v2\/product_cat?post=798"},{"taxonomy":"product_tag","embeddable":true,"href":"https:\/\/nge.vn\/en\/wp-json\/wp\/v2\/product_tag?post=798"}],"curies":[{"name":"wp","href":"https:\/\/api.w.org\/{rel}","templated":true}]}}