{"id":786,"date":"2024-10-25T13:46:00","date_gmt":"2024-10-25T06:46:00","guid":{"rendered":"https:\/\/nge.123websitedev.com\/san-pham\/dau-dun-nhua-nozzle-0-4mm-cho-may-in-3d\/"},"modified":"2024-10-29T17:21:41","modified_gmt":"2024-10-29T10:21:41","slug":"dau-dun-nhua-nozzle-0-4mm-cho-may-in-3d","status":"publish","type":"product","link":"https:\/\/nge.vn\/en\/product\/dau-dun-nhua-nozzle-0-4mm-cho-may-in-3d\/","title":{"rendered":"\u0110\u1ea7u \u0111\u00f9n nh\u1ef1a Nozzle 0.4mm cho m\u00e1y in 3d"},"content":{"rendered":"<p>\u0110\u1ea7u \u0111\u00f9n nh\u1ef1a Nozzle 0.4mm cho m\u00e1y in 3d<br \/>\n ***\u0110\u1ea7u phun nh\u1ef1a b\u1eb1ng \u0111\u1ed3ng s\u1eed d\u1ee5ng cho t\u1ea5t c\u1ea3 c\u00e1c m\u00e1y in 3D FDM v\u00e0 m\u00e1y in 3d FLSUN Q5<br \/>\n_\u0110\u00fac ch\u00ednh x\u00e1c: th\u00e0nh b\u00ean trong m\u1ecbn m\u00e0 kh\u00f4ng l\u00f2i l\u00f5m gi\u00fap \u0111\u1ea9y s\u1ee3i nh\u1ef1a ra m\u01b0\u1ee3t m\u00e0 h\u01a1n<br \/>\n_V\u00e1t m\u00e9p th\u1ee7 c\u00f4ng: M\u0169i c\u00f3 v\u00e1t, v\u00f2i tr\u00f2n<br \/>\n_\u0110\u01b0\u1eddng giao nhau li\u1ec1n m\u1ea1ch: M\u1ed1i n\u1ed1i li\u1ec1n m\u1ea1ch ng\u0103n ng\u1eeba r\u00f2 r\u1ec9 s\u1ee3i nh\u1ef1a t\u1eeb \u0111\u1ea7u v\u00f2i phun<br \/>\n_\u0110\u1ed9 d\u1eabn nhi\u1ec7t t\u1ed1t h\u01a1n, \u0111\u1ed9 c\u1ee9ng cao h\u01a1n<br \/>\n_Ch\u1ea5t l\u01b0\u1ee3ng in t\u1ed1t h\u01a1n v\u1edbi kh\u1ea3 n\u0103ng d\u1eabn nhi\u1ec7t v\u00e0 ch\u1ed1ng m\u00e0i m\u00f2n tuy\u1ec7t v\u1eddi<br \/>\n_B\u1ec1 m\u1eb7t nh\u1eb5n m\u1ecbn<br \/>\n_Kh\u1ea3 n\u0103ng t\u01b0\u01a1ng th\u00edch v\u00e0 \u1ee9ng d\u1ee5ng t\u1ed1t h\u01a1n: \u0110\u1ea7u phun c\u00f3 th\u1ec3 \u0111\u01b0\u1ee3c s\u1eed d\u1ee5ng v\u1edbi h\u1ea7u h\u1ebft c\u00e1c kh\u1ed1i gia nhi\u1ec7t nh\u01b0 E3D, mk8, v.v.<br \/>\n_N\u00f3 c\u0169ng ph\u00f9 h\u1ee3p v\u1edbi t\u1ea5t c\u1ea3 c\u00e1c m\u00f4 h\u00ecnh c\u1ee7a Flsun<\/p>\n<p>**\u0110\u1ec3 \u0111\u01b0\u1ee3c nh\u1eadn h\u1ed9 tr\u1ee3 th\u00eam v\u1ec1 Gi\u00e1 v\u00e0 Th\u00f4ng tin c\u1ee7a s\u1ea3n ph\u1ea9m, vui l\u00f2ng li\u00ean h\u1ec7:<br \/>\n          0913.939.775 g\u1eb7p A. Qu\u00e2n (for English)<br \/>\n          094.144.0951 contact A.Quynh<br \/>\n**Selling price does not include VAT (+10% if VAT invoice is issued)<\/p>","protected":false},"excerpt":{"rendered":"<p>\u0110\u1ea7u \u0111\u00f9n nh\u1ef1a Nozzle 0.4mm cho m\u00e1y in 3d<\/p>","protected":false},"featured_media":785,"comment_status":"open","ping_status":"closed","template":"","meta":{"inline_featured_image":false},"product_brand":[],"product_cat":[461,40],"product_tag":[],"class_list":{"0":"post-786","1":"product","2":"type-product","3":"status-publish","4":"has-post-thumbnail","6":"product_cat-linh-kien-cum-dun-va-cam-bien","7":"product_cat-linh-kien-va-phu-kien","9":"first","10":"instock","11":"taxable","12":"shipping-taxable","13":"purchasable","14":"product-type-simple"},"yoast_head":"<!-- This site is optimized with the Yoast SEO Premium plugin v22.8 (Yoast SEO v26.9) - https:\/\/yoast.com\/product\/yoast-seo-premium-wordpress\/ -->\n<title>\u0110\u1ea7u \u0111\u00f9n nh\u1ef1a Nozzle 0.4mm cho m\u00e1y in 3d - NGE 3D Printers Services<\/title>\n<meta name=\"robots\" content=\"index, follow, max-snippet:-1, max-image-preview:large, max-video-preview:-1\" \/>\n<link rel=\"canonical\" href=\"https:\/\/nge.vn\/en\/product\/dau-dun-nhua-nozzle-0-4mm-cho-may-in-3d\/\" \/>\n<meta property=\"og:locale\" content=\"en_US\" \/>\n<meta property=\"og:type\" content=\"article\" \/>\n<meta property=\"og:title\" content=\"\u0110\u1ea7u \u0111\u00f9n nh\u1ef1a Nozzle 0.4mm cho m\u00e1y in 3d\" \/>\n<meta property=\"og:description\" content=\"\u0110\u1ea7u \u0111\u00f9n nh\u1ef1a Nozzle 0.4mm cho m\u00e1y in 3d\" \/>\n<meta property=\"og:url\" content=\"https:\/\/nge.vn\/en\/product\/dau-dun-nhua-nozzle-0-4mm-cho-may-in-3d\/\" \/>\n<meta property=\"og:site_name\" content=\"NGE 3D Printers Services\" \/>\n<meta property=\"article:modified_time\" content=\"2024-10-29T10:21:41+00:00\" \/>\n<meta property=\"og:image\" content=\"https:\/\/nge.vn\/wp-content\/uploads\/2024\/10\/images-upload-woo2Fdf8034eb5eccfe330e3899cb37badc07.jpg\" \/>\n\t<meta property=\"og:image:width\" content=\"720\" \/>\n\t<meta property=\"og:image:height\" content=\"720\" \/>\n\t<meta property=\"og:image:type\" content=\"image\/jpeg\" \/>\n<meta name=\"twitter:card\" content=\"summary_large_image\" \/>\n<meta name=\"twitter:label1\" content=\"Est. reading time\" \/>\n\t<meta name=\"twitter:data1\" content=\"1 minute\" \/>\n<script type=\"application\/ld+json\" class=\"yoast-schema-graph\">{\"@context\":\"https:\/\/schema.org\",\"@graph\":[{\"@type\":\"WebPage\",\"@id\":\"https:\/\/nge.vn\/san-pham\/dau-dun-nhua-nozzle-0-4mm-cho-may-in-3d\/\",\"url\":\"https:\/\/nge.vn\/san-pham\/dau-dun-nhua-nozzle-0-4mm-cho-may-in-3d\/\",\"name\":\"\u0110\u1ea7u \u0111\u00f9n nh\u1ef1a Nozzle 0.4mm cho m\u00e1y in 3d - NGE 3D Printers Services\",\"isPartOf\":{\"@id\":\"https:\/\/nge.vn\/#website\"},\"primaryImageOfPage\":{\"@id\":\"https:\/\/nge.vn\/san-pham\/dau-dun-nhua-nozzle-0-4mm-cho-may-in-3d\/#primaryimage\"},\"image\":{\"@id\":\"https:\/\/nge.vn\/san-pham\/dau-dun-nhua-nozzle-0-4mm-cho-may-in-3d\/#primaryimage\"},\"thumbnailUrl\":\"https:\/\/nge.vn\/wp-content\/uploads\/2024\/10\/images-upload-woo2Fdf8034eb5eccfe330e3899cb37badc07.jpg\",\"datePublished\":\"2024-10-25T06:46:00+00:00\",\"dateModified\":\"2024-10-29T10:21:41+00:00\",\"breadcrumb\":{\"@id\":\"https:\/\/nge.vn\/san-pham\/dau-dun-nhua-nozzle-0-4mm-cho-may-in-3d\/#breadcrumb\"},\"inLanguage\":\"en-US\",\"potentialAction\":[{\"@type\":\"ReadAction\",\"target\":[\"https:\/\/nge.vn\/san-pham\/dau-dun-nhua-nozzle-0-4mm-cho-may-in-3d\/\"]}]},{\"@type\":\"ImageObject\",\"inLanguage\":\"en-US\",\"@id\":\"https:\/\/nge.vn\/san-pham\/dau-dun-nhua-nozzle-0-4mm-cho-may-in-3d\/#primaryimage\",\"url\":\"https:\/\/nge.vn\/wp-content\/uploads\/2024\/10\/images-upload-woo2Fdf8034eb5eccfe330e3899cb37badc07.jpg\",\"contentUrl\":\"https:\/\/nge.vn\/wp-content\/uploads\/2024\/10\/images-upload-woo2Fdf8034eb5eccfe330e3899cb37badc07.jpg\",\"width\":720,\"height\":720},{\"@type\":\"BreadcrumbList\",\"@id\":\"https:\/\/nge.vn\/san-pham\/dau-dun-nhua-nozzle-0-4mm-cho-may-in-3d\/#breadcrumb\",\"itemListElement\":[{\"@type\":\"ListItem\",\"position\":1,\"name\":\"Trang ch\u1ee7\",\"item\":\"https:\/\/nge.vn\/\"},{\"@type\":\"ListItem\",\"position\":2,\"name\":\"S\u1ea3n ph\u1ea9m\",\"item\":\"https:\/\/nge.vn\/san-pham\/\"},{\"@type\":\"ListItem\",\"position\":3,\"name\":\"\u0110\u1ea7u \u0111\u00f9n nh\u1ef1a Nozzle 0.4mm cho m\u00e1y in 3d\"}]},{\"@type\":\"WebSite\",\"@id\":\"https:\/\/nge.vn\/#website\",\"url\":\"https:\/\/nge.vn\/\",\"name\":\"NGE 3D Printers Services\",\"description\":\"\",\"potentialAction\":[{\"@type\":\"SearchAction\",\"target\":{\"@type\":\"EntryPoint\",\"urlTemplate\":\"https:\/\/nge.vn\/?s={search_term_string}\"},\"query-input\":{\"@type\":\"PropertyValueSpecification\",\"valueRequired\":true,\"valueName\":\"search_term_string\"}}],\"inLanguage\":\"en-US\"}]}<\/script>\n<!-- \/ Yoast SEO Premium plugin. -->","yoast_head_json":{"title":"\u0110\u1ea7u \u0111\u00f9n nh\u1ef1a Nozzle 0.4mm cho m\u00e1y in 3d - NGE 3D Printers Services","robots":{"index":"index","follow":"follow","max-snippet":"max-snippet:-1","max-image-preview":"max-image-preview:large","max-video-preview":"max-video-preview:-1"},"canonical":"https:\/\/nge.vn\/en\/product\/dau-dun-nhua-nozzle-0-4mm-cho-may-in-3d\/","og_locale":"en_US","og_type":"article","og_title":"\u0110\u1ea7u \u0111\u00f9n nh\u1ef1a Nozzle 0.4mm cho m\u00e1y in 3d","og_description":"\u0110\u1ea7u \u0111\u00f9n nh\u1ef1a Nozzle 0.4mm cho m\u00e1y in 3d","og_url":"https:\/\/nge.vn\/en\/product\/dau-dun-nhua-nozzle-0-4mm-cho-may-in-3d\/","og_site_name":"NGE 3D Printers Services","article_modified_time":"2024-10-29T10:21:41+00:00","og_image":[{"width":720,"height":720,"url":"https:\/\/nge.vn\/wp-content\/uploads\/2024\/10\/images-upload-woo2Fdf8034eb5eccfe330e3899cb37badc07.jpg","type":"image\/jpeg"}],"twitter_card":"summary_large_image","twitter_misc":{"Est. reading time":"1 minute"},"schema":{"@context":"https:\/\/schema.org","@graph":[{"@type":"WebPage","@id":"https:\/\/nge.vn\/san-pham\/dau-dun-nhua-nozzle-0-4mm-cho-may-in-3d\/","url":"https:\/\/nge.vn\/san-pham\/dau-dun-nhua-nozzle-0-4mm-cho-may-in-3d\/","name":"\u0110\u1ea7u \u0111\u00f9n nh\u1ef1a Nozzle 0.4mm cho m\u00e1y in 3d - NGE 3D Printers Services","isPartOf":{"@id":"https:\/\/nge.vn\/#website"},"primaryImageOfPage":{"@id":"https:\/\/nge.vn\/san-pham\/dau-dun-nhua-nozzle-0-4mm-cho-may-in-3d\/#primaryimage"},"image":{"@id":"https:\/\/nge.vn\/san-pham\/dau-dun-nhua-nozzle-0-4mm-cho-may-in-3d\/#primaryimage"},"thumbnailUrl":"https:\/\/nge.vn\/wp-content\/uploads\/2024\/10\/images-upload-woo2Fdf8034eb5eccfe330e3899cb37badc07.jpg","datePublished":"2024-10-25T06:46:00+00:00","dateModified":"2024-10-29T10:21:41+00:00","breadcrumb":{"@id":"https:\/\/nge.vn\/san-pham\/dau-dun-nhua-nozzle-0-4mm-cho-may-in-3d\/#breadcrumb"},"inLanguage":"en-US","potentialAction":[{"@type":"ReadAction","target":["https:\/\/nge.vn\/san-pham\/dau-dun-nhua-nozzle-0-4mm-cho-may-in-3d\/"]}]},{"@type":"ImageObject","inLanguage":"en-US","@id":"https:\/\/nge.vn\/san-pham\/dau-dun-nhua-nozzle-0-4mm-cho-may-in-3d\/#primaryimage","url":"https:\/\/nge.vn\/wp-content\/uploads\/2024\/10\/images-upload-woo2Fdf8034eb5eccfe330e3899cb37badc07.jpg","contentUrl":"https:\/\/nge.vn\/wp-content\/uploads\/2024\/10\/images-upload-woo2Fdf8034eb5eccfe330e3899cb37badc07.jpg","width":720,"height":720},{"@type":"BreadcrumbList","@id":"https:\/\/nge.vn\/san-pham\/dau-dun-nhua-nozzle-0-4mm-cho-may-in-3d\/#breadcrumb","itemListElement":[{"@type":"ListItem","position":1,"name":"Trang ch\u1ee7","item":"https:\/\/nge.vn\/"},{"@type":"ListItem","position":2,"name":"S\u1ea3n ph\u1ea9m","item":"https:\/\/nge.vn\/san-pham\/"},{"@type":"ListItem","position":3,"name":"\u0110\u1ea7u \u0111\u00f9n nh\u1ef1a Nozzle 0.4mm cho m\u00e1y in 3d"}]},{"@type":"WebSite","@id":"https:\/\/nge.vn\/#website","url":"https:\/\/nge.vn\/","name":"NGE 3D Printers Services","description":"","potentialAction":[{"@type":"SearchAction","target":{"@type":"EntryPoint","urlTemplate":"https:\/\/nge.vn\/?s={search_term_string}"},"query-input":{"@type":"PropertyValueSpecification","valueRequired":true,"valueName":"search_term_string"}}],"inLanguage":"en-US"}]}},"_links":{"self":[{"href":"https:\/\/nge.vn\/en\/wp-json\/wp\/v2\/product\/786","targetHints":{"allow":["GET"]}}],"collection":[{"href":"https:\/\/nge.vn\/en\/wp-json\/wp\/v2\/product"}],"about":[{"href":"https:\/\/nge.vn\/en\/wp-json\/wp\/v2\/types\/product"}],"replies":[{"embeddable":true,"href":"https:\/\/nge.vn\/en\/wp-json\/wp\/v2\/comments?post=786"}],"wp:featuredmedia":[{"embeddable":true,"href":"https:\/\/nge.vn\/en\/wp-json\/wp\/v2\/media\/785"}],"wp:attachment":[{"href":"https:\/\/nge.vn\/en\/wp-json\/wp\/v2\/media?parent=786"}],"wp:term":[{"taxonomy":"product_brand","embeddable":true,"href":"https:\/\/nge.vn\/en\/wp-json\/wp\/v2\/product_brand?post=786"},{"taxonomy":"product_cat","embeddable":true,"href":"https:\/\/nge.vn\/en\/wp-json\/wp\/v2\/product_cat?post=786"},{"taxonomy":"product_tag","embeddable":true,"href":"https:\/\/nge.vn\/en\/wp-json\/wp\/v2\/product_tag?post=786"}],"curies":[{"name":"wp","href":"https:\/\/api.w.org\/{rel}","templated":true}]}}