{"id":784,"date":"2024-10-25T13:45:45","date_gmt":"2024-10-25T06:45:45","guid":{"rendered":"https:\/\/nge.123websitedev.com\/san-pham\/cong-tac-hanh-trinh-limit-switch-kit-z-axis-y-axis-x-axis-cho-may-in-3d\/"},"modified":"2024-10-29T17:23:16","modified_gmt":"2024-10-29T10:23:16","slug":"cong-tac-hanh-trinh-limit-switch-kit-z-axis-y-axis-x-axis-cho-may-in-3d","status":"publish","type":"product","link":"https:\/\/nge.vn\/en\/product\/cong-tac-hanh-trinh-limit-switch-kit-z-axis-y-axis-x-axis-cho-may-in-3d\/","title":{"rendered":"C\u00f4ng t\u1eafc h\u00e0nh tr\u00ecnh Limit Switch Kit Z-axis\/ Y-axis\/ X-axis cho m\u00e1y in 3d"},"content":{"rendered":"<p>C\u00f4ng t\u1eafc h\u00e0nh tr\u00ecnh Limit Switch Kit Z-axis\/ Y-axis\/ X-axis cho m\u00e1y in 3d<br \/>\nNh\u1ecf v\u00e0 tinh t\u1ebf, K\u00edch ho\u1ea1t nh\u1ea1y, Ti\u1ebfng \u1ed3n th\u1ea5p, \u0110\u1ed9 ch\u00ednh x\u00e1c \u0111\u1ecbnh v\u1ecb l\u1eb7p l\u1ea1i cao.<\/p>\n<p>_C\u00f4ng t\u1eafc gi\u1edbi h\u1ea1n:<br \/>\nC\u00e1c y\u1ebfu t\u1ed1 chuy\u1ec3n m\u1ea1ch ch\u1ea5t l\u01b0\u1ee3ng cao<\/p>\n<p>_K\u00edch ho\u1ea1t nh\u1ea1y, \u0111\u1ed9 ch\u00ednh x\u00e1c cao y\u00ean t\u0129nh<br \/>\nNh\u1ecf v\u00e0 tinh t\u1ebf, K\u00edch ho\u1ea1t nh\u1ea1y, Ti\u1ebfng \u1ed3n th\u1ea5p, \u0110\u1ed9 ch\u00ednh x\u00e1c \u0111\u1ecbnh v\u1ecb l\u1eb7p l\u1ea1i cao.<\/p>\n<p>_\u0110\u1ed9 b\u1ec1n hi\u1ec7u su\u1ea5t \u0111\u00e1ng tin c\u1eady:<br \/>\nHi\u1ec7u su\u1ea5t \u0111\u00e1ng tin c\u1eady, d\u1ec5 s\u1eed d\u1ee5ng, b\u1ec1n, tu\u1ed5i th\u1ecd d\u00e0i<\/p>\n<p>_Th\u00f4ng s\u1ed1 s\u1ea3n ph\u1ea9m:<br \/>\n+H\u00e3ng s\u1ea3n xu\u1ea5t\uff1aCreality<br \/>\n+T\u00ean s\u1ea3n ph\u1ea9m: c\u00f4ng t\u1eafc h\u00e0nh tr\u00ecnh<br \/>\n+Kh\u1ed1i l\u01b0\u1ee3ng t\u1ecbnh c\u1ee7a s\u1ea3n ph\u1ea9m: 9g<br \/>\n+K\u00edch th\u01b0\u1edbc \u0111\u00f3ng g\u00f3i\uff1a110\u00d780\u00d765mm<br \/>\n+M\u00f4 h\u00ecnh \u00e1p d\u1ee5ng: s\u1eed d\u1ee5ng \u0111\u01b0\u1ee3c cho t\u1ea5t c\u1ea3 c\u00e1c m\u00e1y in 3d Creality, nh\u01b0 =&gt; Ender-5 S1_Ender-3 Neo_Ender-2 Pro_Ender-3_Ender-3 Pro_Ender-3 V2_Ender-3S_CR20__Ender-3 Max_Ender-5_CR-10_CR-10 V3_CR-10 S4_SV01_SV02_SV03__Ender-5 Plus_Ender-5 Pro_Ender-3 S1 Plus_Ender-3 S1_Ender-3 S1 Pro_CR-10 Max_CR-10S Pro V2_CR-Laser Falcon (CV-30)_Ender-3 Max Neo_Ender-3 V2 Neo_CR-M4<\/p>\n<p>**\u0110\u1ec3 \u0111\u01b0\u1ee3c nh\u1eadn h\u1ed9 tr\u1ee3 th\u00eam v\u1ec1 Gi\u00e1 v\u00e0 Th\u00f4ng tin c\u1ee7a s\u1ea3n ph\u1ea9m, vui l\u00f2ng li\u00ean h\u1ec7:<br \/>\n          0913.939.775 g\u1eb7p A. Qu\u00e2n (for English)<br \/>\n          094.144.0951 contact A.Quynh<br \/>\n**Selling price does not include VAT (+10% if VAT invoice is issued)<\/p>","protected":false},"excerpt":{"rendered":"<p>C\u00f4ng t\u1eafc h\u00e0nh tr\u00ecnh Limit Switch Kit Z-axis\/ Y-axis\/ X-axis cho m\u00e1y in 3d<\/p>","protected":false},"featured_media":775,"comment_status":"open","ping_status":"closed","template":"","meta":{"inline_featured_image":false},"product_brand":[],"product_cat":[40],"product_tag":[],"class_list":{"0":"post-784","1":"product","2":"type-product","3":"status-publish","4":"has-post-thumbnail","6":"product_cat-linh-kien-va-phu-kien","8":"first","9":"instock","10":"taxable","11":"shipping-taxable","12":"purchasable","13":"product-type-simple"},"yoast_head":"<!-- This site is optimized with the Yoast SEO Premium plugin v22.8 (Yoast SEO v26.9) - https:\/\/yoast.com\/product\/yoast-seo-premium-wordpress\/ -->\n<title>C\u00f4ng t\u1eafc h\u00e0nh tr\u00ecnh Limit Switch Kit Z-axis\/ Y-axis\/ X-axis cho m\u00e1y in 3d - NGE 3D Printers Services<\/title>\n<meta name=\"robots\" content=\"index, follow, max-snippet:-1, max-image-preview:large, max-video-preview:-1\" \/>\n<link rel=\"canonical\" href=\"https:\/\/nge.vn\/en\/product\/cong-tac-hanh-trinh-limit-switch-kit-z-axis-y-axis-x-axis-cho-may-in-3d\/\" \/>\n<meta property=\"og:locale\" content=\"en_US\" \/>\n<meta property=\"og:type\" content=\"article\" \/>\n<meta property=\"og:title\" content=\"C\u00f4ng t\u1eafc h\u00e0nh tr\u00ecnh Limit Switch Kit Z-axis\/ Y-axis\/ X-axis cho m\u00e1y in 3d\" \/>\n<meta property=\"og:description\" content=\"C\u00f4ng t\u1eafc h\u00e0nh tr\u00ecnh Limit Switch Kit Z-axis\/ Y-axis\/ X-axis cho m\u00e1y in 3d\" \/>\n<meta property=\"og:url\" content=\"https:\/\/nge.vn\/en\/product\/cong-tac-hanh-trinh-limit-switch-kit-z-axis-y-axis-x-axis-cho-may-in-3d\/\" \/>\n<meta property=\"og:site_name\" content=\"NGE 3D Printers Services\" \/>\n<meta property=\"article:modified_time\" content=\"2024-10-29T10:23:16+00:00\" \/>\n<meta property=\"og:image\" content=\"https:\/\/nge.vn\/wp-content\/uploads\/2024\/10\/images-upload-woo2Fe6d334881539f557ad8a2382c90fd5d2.jpg\" \/>\n\t<meta property=\"og:image:width\" content=\"744\" \/>\n\t<meta property=\"og:image:height\" content=\"744\" \/>\n\t<meta property=\"og:image:type\" content=\"image\/jpeg\" \/>\n<meta name=\"twitter:card\" content=\"summary_large_image\" \/>\n<meta name=\"twitter:label1\" content=\"Est. reading time\" \/>\n\t<meta name=\"twitter:data1\" content=\"2 minutes\" \/>\n<script type=\"application\/ld+json\" class=\"yoast-schema-graph\">{\"@context\":\"https:\/\/schema.org\",\"@graph\":[{\"@type\":\"WebPage\",\"@id\":\"https:\/\/nge.vn\/san-pham\/cong-tac-hanh-trinh-limit-switch-kit-z-axis-y-axis-x-axis-cho-may-in-3d\/\",\"url\":\"https:\/\/nge.vn\/san-pham\/cong-tac-hanh-trinh-limit-switch-kit-z-axis-y-axis-x-axis-cho-may-in-3d\/\",\"name\":\"C\u00f4ng t\u1eafc h\u00e0nh tr\u00ecnh Limit Switch Kit Z-axis\/ Y-axis\/ X-axis cho m\u00e1y in 3d - NGE 3D Printers Services\",\"isPartOf\":{\"@id\":\"https:\/\/nge.vn\/#website\"},\"primaryImageOfPage\":{\"@id\":\"https:\/\/nge.vn\/san-pham\/cong-tac-hanh-trinh-limit-switch-kit-z-axis-y-axis-x-axis-cho-may-in-3d\/#primaryimage\"},\"image\":{\"@id\":\"https:\/\/nge.vn\/san-pham\/cong-tac-hanh-trinh-limit-switch-kit-z-axis-y-axis-x-axis-cho-may-in-3d\/#primaryimage\"},\"thumbnailUrl\":\"https:\/\/nge.vn\/wp-content\/uploads\/2024\/10\/images-upload-woo2Fe6d334881539f557ad8a2382c90fd5d2.jpg\",\"datePublished\":\"2024-10-25T06:45:45+00:00\",\"dateModified\":\"2024-10-29T10:23:16+00:00\",\"breadcrumb\":{\"@id\":\"https:\/\/nge.vn\/san-pham\/cong-tac-hanh-trinh-limit-switch-kit-z-axis-y-axis-x-axis-cho-may-in-3d\/#breadcrumb\"},\"inLanguage\":\"en-US\",\"potentialAction\":[{\"@type\":\"ReadAction\",\"target\":[\"https:\/\/nge.vn\/san-pham\/cong-tac-hanh-trinh-limit-switch-kit-z-axis-y-axis-x-axis-cho-may-in-3d\/\"]}]},{\"@type\":\"ImageObject\",\"inLanguage\":\"en-US\",\"@id\":\"https:\/\/nge.vn\/san-pham\/cong-tac-hanh-trinh-limit-switch-kit-z-axis-y-axis-x-axis-cho-may-in-3d\/#primaryimage\",\"url\":\"https:\/\/nge.vn\/wp-content\/uploads\/2024\/10\/images-upload-woo2Fe6d334881539f557ad8a2382c90fd5d2.jpg\",\"contentUrl\":\"https:\/\/nge.vn\/wp-content\/uploads\/2024\/10\/images-upload-woo2Fe6d334881539f557ad8a2382c90fd5d2.jpg\",\"width\":744,\"height\":744},{\"@type\":\"BreadcrumbList\",\"@id\":\"https:\/\/nge.vn\/san-pham\/cong-tac-hanh-trinh-limit-switch-kit-z-axis-y-axis-x-axis-cho-may-in-3d\/#breadcrumb\",\"itemListElement\":[{\"@type\":\"ListItem\",\"position\":1,\"name\":\"Trang ch\u1ee7\",\"item\":\"https:\/\/nge.vn\/\"},{\"@type\":\"ListItem\",\"position\":2,\"name\":\"S\u1ea3n ph\u1ea9m\",\"item\":\"https:\/\/nge.vn\/san-pham\/\"},{\"@type\":\"ListItem\",\"position\":3,\"name\":\"C\u00f4ng t\u1eafc h\u00e0nh tr\u00ecnh Limit Switch Kit Z-axis\/ Y-axis\/ X-axis cho m\u00e1y in 3d\"}]},{\"@type\":\"WebSite\",\"@id\":\"https:\/\/nge.vn\/#website\",\"url\":\"https:\/\/nge.vn\/\",\"name\":\"NGE 3D Printers Services\",\"description\":\"\",\"potentialAction\":[{\"@type\":\"SearchAction\",\"target\":{\"@type\":\"EntryPoint\",\"urlTemplate\":\"https:\/\/nge.vn\/?s={search_term_string}\"},\"query-input\":{\"@type\":\"PropertyValueSpecification\",\"valueRequired\":true,\"valueName\":\"search_term_string\"}}],\"inLanguage\":\"en-US\"}]}<\/script>\n<!-- \/ Yoast SEO Premium plugin. -->","yoast_head_json":{"title":"C\u00f4ng t\u1eafc h\u00e0nh tr\u00ecnh Limit Switch Kit Z-axis\/ Y-axis\/ X-axis cho m\u00e1y in 3d - NGE 3D Printers Services","robots":{"index":"index","follow":"follow","max-snippet":"max-snippet:-1","max-image-preview":"max-image-preview:large","max-video-preview":"max-video-preview:-1"},"canonical":"https:\/\/nge.vn\/en\/product\/cong-tac-hanh-trinh-limit-switch-kit-z-axis-y-axis-x-axis-cho-may-in-3d\/","og_locale":"en_US","og_type":"article","og_title":"C\u00f4ng t\u1eafc h\u00e0nh tr\u00ecnh Limit Switch Kit Z-axis\/ Y-axis\/ X-axis cho m\u00e1y in 3d","og_description":"C\u00f4ng t\u1eafc h\u00e0nh tr\u00ecnh Limit Switch Kit Z-axis\/ Y-axis\/ X-axis cho m\u00e1y in 3d","og_url":"https:\/\/nge.vn\/en\/product\/cong-tac-hanh-trinh-limit-switch-kit-z-axis-y-axis-x-axis-cho-may-in-3d\/","og_site_name":"NGE 3D Printers Services","article_modified_time":"2024-10-29T10:23:16+00:00","og_image":[{"width":744,"height":744,"url":"https:\/\/nge.vn\/wp-content\/uploads\/2024\/10\/images-upload-woo2Fe6d334881539f557ad8a2382c90fd5d2.jpg","type":"image\/jpeg"}],"twitter_card":"summary_large_image","twitter_misc":{"Est. reading time":"2 minutes"},"schema":{"@context":"https:\/\/schema.org","@graph":[{"@type":"WebPage","@id":"https:\/\/nge.vn\/san-pham\/cong-tac-hanh-trinh-limit-switch-kit-z-axis-y-axis-x-axis-cho-may-in-3d\/","url":"https:\/\/nge.vn\/san-pham\/cong-tac-hanh-trinh-limit-switch-kit-z-axis-y-axis-x-axis-cho-may-in-3d\/","name":"C\u00f4ng t\u1eafc h\u00e0nh tr\u00ecnh Limit Switch Kit Z-axis\/ Y-axis\/ X-axis cho m\u00e1y in 3d - NGE 3D Printers Services","isPartOf":{"@id":"https:\/\/nge.vn\/#website"},"primaryImageOfPage":{"@id":"https:\/\/nge.vn\/san-pham\/cong-tac-hanh-trinh-limit-switch-kit-z-axis-y-axis-x-axis-cho-may-in-3d\/#primaryimage"},"image":{"@id":"https:\/\/nge.vn\/san-pham\/cong-tac-hanh-trinh-limit-switch-kit-z-axis-y-axis-x-axis-cho-may-in-3d\/#primaryimage"},"thumbnailUrl":"https:\/\/nge.vn\/wp-content\/uploads\/2024\/10\/images-upload-woo2Fe6d334881539f557ad8a2382c90fd5d2.jpg","datePublished":"2024-10-25T06:45:45+00:00","dateModified":"2024-10-29T10:23:16+00:00","breadcrumb":{"@id":"https:\/\/nge.vn\/san-pham\/cong-tac-hanh-trinh-limit-switch-kit-z-axis-y-axis-x-axis-cho-may-in-3d\/#breadcrumb"},"inLanguage":"en-US","potentialAction":[{"@type":"ReadAction","target":["https:\/\/nge.vn\/san-pham\/cong-tac-hanh-trinh-limit-switch-kit-z-axis-y-axis-x-axis-cho-may-in-3d\/"]}]},{"@type":"ImageObject","inLanguage":"en-US","@id":"https:\/\/nge.vn\/san-pham\/cong-tac-hanh-trinh-limit-switch-kit-z-axis-y-axis-x-axis-cho-may-in-3d\/#primaryimage","url":"https:\/\/nge.vn\/wp-content\/uploads\/2024\/10\/images-upload-woo2Fe6d334881539f557ad8a2382c90fd5d2.jpg","contentUrl":"https:\/\/nge.vn\/wp-content\/uploads\/2024\/10\/images-upload-woo2Fe6d334881539f557ad8a2382c90fd5d2.jpg","width":744,"height":744},{"@type":"BreadcrumbList","@id":"https:\/\/nge.vn\/san-pham\/cong-tac-hanh-trinh-limit-switch-kit-z-axis-y-axis-x-axis-cho-may-in-3d\/#breadcrumb","itemListElement":[{"@type":"ListItem","position":1,"name":"Trang ch\u1ee7","item":"https:\/\/nge.vn\/"},{"@type":"ListItem","position":2,"name":"S\u1ea3n ph\u1ea9m","item":"https:\/\/nge.vn\/san-pham\/"},{"@type":"ListItem","position":3,"name":"C\u00f4ng t\u1eafc h\u00e0nh tr\u00ecnh Limit Switch Kit Z-axis\/ Y-axis\/ X-axis cho m\u00e1y in 3d"}]},{"@type":"WebSite","@id":"https:\/\/nge.vn\/#website","url":"https:\/\/nge.vn\/","name":"NGE 3D Printers Services","description":"","potentialAction":[{"@type":"SearchAction","target":{"@type":"EntryPoint","urlTemplate":"https:\/\/nge.vn\/?s={search_term_string}"},"query-input":{"@type":"PropertyValueSpecification","valueRequired":true,"valueName":"search_term_string"}}],"inLanguage":"en-US"}]}},"_links":{"self":[{"href":"https:\/\/nge.vn\/en\/wp-json\/wp\/v2\/product\/784","targetHints":{"allow":["GET"]}}],"collection":[{"href":"https:\/\/nge.vn\/en\/wp-json\/wp\/v2\/product"}],"about":[{"href":"https:\/\/nge.vn\/en\/wp-json\/wp\/v2\/types\/product"}],"replies":[{"embeddable":true,"href":"https:\/\/nge.vn\/en\/wp-json\/wp\/v2\/comments?post=784"}],"wp:featuredmedia":[{"embeddable":true,"href":"https:\/\/nge.vn\/en\/wp-json\/wp\/v2\/media\/775"}],"wp:attachment":[{"href":"https:\/\/nge.vn\/en\/wp-json\/wp\/v2\/media?parent=784"}],"wp:term":[{"taxonomy":"product_brand","embeddable":true,"href":"https:\/\/nge.vn\/en\/wp-json\/wp\/v2\/product_brand?post=784"},{"taxonomy":"product_cat","embeddable":true,"href":"https:\/\/nge.vn\/en\/wp-json\/wp\/v2\/product_cat?post=784"},{"taxonomy":"product_tag","embeddable":true,"href":"https:\/\/nge.vn\/en\/wp-json\/wp\/v2\/product_tag?post=784"}],"curies":[{"name":"wp","href":"https:\/\/api.w.org\/{rel}","templated":true}]}}