{"id":764,"date":"2024-10-25T13:28:56","date_gmt":"2024-10-25T06:28:56","guid":{"rendered":"https:\/\/nge.123websitedev.com\/san-pham\/loi-dan-nhua-3d-printer-throat-tube-kit-1-pcs\/"},"modified":"2024-10-29T17:26:20","modified_gmt":"2024-10-29T10:26:20","slug":"loi-dan-nhua-3d-printer-throat-tube-kit-1-pcs","status":"publish","type":"product","link":"https:\/\/nge.vn\/en\/product\/loi-dan-nhua-3d-printer-throat-tube-kit-1-pcs\/","title":{"rendered":"L\u00f5i d\u1eabn nh\u1ef1a 3D Printer Throat Tube Kit \/1 pcs"},"content":{"rendered":"<p>L\u00f5i d\u1eabn nh\u1ef1a 3D Printer Throat Tube Kit<br \/>\n_Th\u00e9p kh\u00f4ng g\u1ec9 ch\u1ea5t l\u01b0\u1ee3ng cao \u0111\u01b0\u1ee3c ch\u1ecdn l\u1ecdc, v\u1edbi k\u00edch th\u01b0\u1edbc ch\u00ednh x\u00e1c v\u00e0 kh\u00f4ng c\u00f3 g\u1edd r\u00f5 r\u00e0ng<\/p>\n<p>_Throat Tube (l\u00f5i d\u1eabn nh\u1ef1a):<br \/>\nTh\u00e9p kh\u00f4ng g\u1ec9 ch\u1ea5t l\u01b0\u1ee3ng cao<\/p>\n<p>_Ch\u1ea5t li\u1ec7u th\u00e9p kh\u00f4ng g\u1ec9 cao c\u1ea5p<br \/>\nTh\u00e9p kh\u00f4ng g\u1ec9 ch\u1ea5t l\u01b0\u1ee3ng cao \u0111\u01b0\u1ee3c ch\u1ecdn l\u1ecdc, v\u1edbi k\u00edch th\u01b0\u1edbc ch\u00ednh x\u00e1c v\u00e0 kh\u00f4ng c\u00f3 g\u1edd r\u00f5 r\u00e0ng.<\/p>\n<p>_Th\u00f4ng s\u1ed1 s\u1ea3n ph\u1ea9m:<br \/>\n+ T\u00ean s\u1ea3n ph\u1ea9m: Throat Tube (l\u00f5i d\u1eabn nh\u1ef1a)<br \/>\n+ Ch\u1ea5t li\u1ec7u: Th\u00e9p kh\u00f4ng g\u1ec9<br \/>\n+ M\u00f4 h\u00ecnh \u00e1p d\u1ee5ng: Chung<br \/>\n+ N.W: 42g<br \/>\n+G.W\uff1a60+50\u00d7100mm<br \/>\n+ K\u00edch th\u01b0\u1edbc s\u1ea3n ph\u1ea9m: D7 * M6 * L27mm<\/p>\n<p>**D\u00f3ng g\u00f3i: 1 * Throat Tube (l\u00f5i d\u1eabn nh\u1ef1a)<\/p>\n<p>**\u0110\u1ec3 \u0111\u01b0\u1ee3c nh\u1eadn h\u1ed9 tr\u1ee3 th\u00eam v\u1ec1 Gi\u00e1 v\u00e0 Th\u00f4ng tin c\u1ee7a s\u1ea3n ph\u1ea9m, vui l\u00f2ng li\u00ean h\u1ec7:<br \/>\n          0913.939.775 g\u1eb7p A. Qu\u00e2n (for English)<br \/>\n          094.144.0951 contact A.Quynh<br \/>\n**Selling price does not include VAT (+10% if VAT invoice is issued)<\/p>","protected":false},"excerpt":{"rendered":"<p>L\u00f5i d\u1eabn nh\u1ef1a 3D Printer Throat Tube Kit \/1 pcs<\/p>","protected":false},"featured_media":756,"comment_status":"open","ping_status":"closed","template":"","meta":{"inline_featured_image":false},"product_brand":[],"product_cat":[40],"product_tag":[],"class_list":{"0":"post-764","1":"product","2":"type-product","3":"status-publish","4":"has-post-thumbnail","6":"product_cat-linh-kien-va-phu-kien","8":"first","9":"instock","10":"taxable","11":"shipping-taxable","12":"purchasable","13":"product-type-simple"},"yoast_head":"<!-- This site is optimized with the Yoast SEO Premium plugin v22.8 (Yoast SEO v26.9) - https:\/\/yoast.com\/product\/yoast-seo-premium-wordpress\/ -->\n<title>L\u00f5i d\u1eabn nh\u1ef1a 3D Printer Throat Tube Kit \/1 pcs - NGE 3D Printers Services<\/title>\n<meta name=\"robots\" content=\"index, follow, max-snippet:-1, max-image-preview:large, max-video-preview:-1\" \/>\n<link rel=\"canonical\" href=\"https:\/\/nge.vn\/en\/product\/loi-dan-nhua-3d-printer-throat-tube-kit-1-pcs\/\" \/>\n<meta property=\"og:locale\" content=\"en_US\" \/>\n<meta property=\"og:type\" content=\"article\" \/>\n<meta property=\"og:title\" content=\"L\u00f5i d\u1eabn nh\u1ef1a 3D Printer Throat Tube Kit \/1 pcs\" \/>\n<meta property=\"og:description\" content=\"L\u00f5i d\u1eabn nh\u1ef1a 3D Printer Throat Tube Kit \/1 pcs\" \/>\n<meta property=\"og:url\" content=\"https:\/\/nge.vn\/en\/product\/loi-dan-nhua-3d-printer-throat-tube-kit-1-pcs\/\" \/>\n<meta property=\"og:site_name\" content=\"NGE 3D Printers Services\" \/>\n<meta property=\"article:modified_time\" content=\"2024-10-29T10:26:20+00:00\" \/>\n<meta property=\"og:image\" content=\"https:\/\/nge.vn\/wp-content\/uploads\/2024\/10\/images-upload-woo2F77173cafd4152cb80baa6df301df918a.jpg\" \/>\n\t<meta property=\"og:image:width\" content=\"1024\" \/>\n\t<meta property=\"og:image:height\" content=\"1024\" \/>\n\t<meta property=\"og:image:type\" content=\"image\/jpeg\" \/>\n<meta name=\"twitter:card\" content=\"summary_large_image\" \/>\n<meta name=\"twitter:label1\" content=\"Est. reading time\" \/>\n\t<meta name=\"twitter:data1\" content=\"1 minute\" \/>\n<script type=\"application\/ld+json\" class=\"yoast-schema-graph\">{\"@context\":\"https:\/\/schema.org\",\"@graph\":[{\"@type\":\"WebPage\",\"@id\":\"https:\/\/nge.vn\/san-pham\/loi-dan-nhua-3d-printer-throat-tube-kit-1-pcs\/\",\"url\":\"https:\/\/nge.vn\/san-pham\/loi-dan-nhua-3d-printer-throat-tube-kit-1-pcs\/\",\"name\":\"L\u00f5i d\u1eabn nh\u1ef1a 3D Printer Throat Tube Kit \/1 pcs - NGE 3D Printers Services\",\"isPartOf\":{\"@id\":\"https:\/\/nge.vn\/#website\"},\"primaryImageOfPage\":{\"@id\":\"https:\/\/nge.vn\/san-pham\/loi-dan-nhua-3d-printer-throat-tube-kit-1-pcs\/#primaryimage\"},\"image\":{\"@id\":\"https:\/\/nge.vn\/san-pham\/loi-dan-nhua-3d-printer-throat-tube-kit-1-pcs\/#primaryimage\"},\"thumbnailUrl\":\"https:\/\/nge.vn\/wp-content\/uploads\/2024\/10\/images-upload-woo2F77173cafd4152cb80baa6df301df918a.jpg\",\"datePublished\":\"2024-10-25T06:28:56+00:00\",\"dateModified\":\"2024-10-29T10:26:20+00:00\",\"breadcrumb\":{\"@id\":\"https:\/\/nge.vn\/san-pham\/loi-dan-nhua-3d-printer-throat-tube-kit-1-pcs\/#breadcrumb\"},\"inLanguage\":\"en-US\",\"potentialAction\":[{\"@type\":\"ReadAction\",\"target\":[\"https:\/\/nge.vn\/san-pham\/loi-dan-nhua-3d-printer-throat-tube-kit-1-pcs\/\"]}]},{\"@type\":\"ImageObject\",\"inLanguage\":\"en-US\",\"@id\":\"https:\/\/nge.vn\/san-pham\/loi-dan-nhua-3d-printer-throat-tube-kit-1-pcs\/#primaryimage\",\"url\":\"https:\/\/nge.vn\/wp-content\/uploads\/2024\/10\/images-upload-woo2F77173cafd4152cb80baa6df301df918a.jpg\",\"contentUrl\":\"https:\/\/nge.vn\/wp-content\/uploads\/2024\/10\/images-upload-woo2F77173cafd4152cb80baa6df301df918a.jpg\",\"width\":1024,\"height\":1024},{\"@type\":\"BreadcrumbList\",\"@id\":\"https:\/\/nge.vn\/san-pham\/loi-dan-nhua-3d-printer-throat-tube-kit-1-pcs\/#breadcrumb\",\"itemListElement\":[{\"@type\":\"ListItem\",\"position\":1,\"name\":\"Trang ch\u1ee7\",\"item\":\"https:\/\/nge.vn\/\"},{\"@type\":\"ListItem\",\"position\":2,\"name\":\"S\u1ea3n ph\u1ea9m\",\"item\":\"https:\/\/nge.vn\/san-pham\/\"},{\"@type\":\"ListItem\",\"position\":3,\"name\":\"L\u00f5i d\u1eabn nh\u1ef1a 3D Printer Throat Tube Kit \/1 pcs\"}]},{\"@type\":\"WebSite\",\"@id\":\"https:\/\/nge.vn\/#website\",\"url\":\"https:\/\/nge.vn\/\",\"name\":\"NGE 3D Printers Services\",\"description\":\"\",\"potentialAction\":[{\"@type\":\"SearchAction\",\"target\":{\"@type\":\"EntryPoint\",\"urlTemplate\":\"https:\/\/nge.vn\/?s={search_term_string}\"},\"query-input\":{\"@type\":\"PropertyValueSpecification\",\"valueRequired\":true,\"valueName\":\"search_term_string\"}}],\"inLanguage\":\"en-US\"}]}<\/script>\n<!-- \/ Yoast SEO Premium plugin. -->","yoast_head_json":{"title":"L\u00f5i d\u1eabn nh\u1ef1a 3D Printer Throat Tube Kit \/1 pcs - NGE 3D Printers Services","robots":{"index":"index","follow":"follow","max-snippet":"max-snippet:-1","max-image-preview":"max-image-preview:large","max-video-preview":"max-video-preview:-1"},"canonical":"https:\/\/nge.vn\/en\/product\/loi-dan-nhua-3d-printer-throat-tube-kit-1-pcs\/","og_locale":"en_US","og_type":"article","og_title":"L\u00f5i d\u1eabn nh\u1ef1a 3D Printer Throat Tube Kit \/1 pcs","og_description":"L\u00f5i d\u1eabn nh\u1ef1a 3D Printer Throat Tube Kit \/1 pcs","og_url":"https:\/\/nge.vn\/en\/product\/loi-dan-nhua-3d-printer-throat-tube-kit-1-pcs\/","og_site_name":"NGE 3D Printers Services","article_modified_time":"2024-10-29T10:26:20+00:00","og_image":[{"width":1024,"height":1024,"url":"https:\/\/nge.vn\/wp-content\/uploads\/2024\/10\/images-upload-woo2F77173cafd4152cb80baa6df301df918a.jpg","type":"image\/jpeg"}],"twitter_card":"summary_large_image","twitter_misc":{"Est. reading time":"1 minute"},"schema":{"@context":"https:\/\/schema.org","@graph":[{"@type":"WebPage","@id":"https:\/\/nge.vn\/san-pham\/loi-dan-nhua-3d-printer-throat-tube-kit-1-pcs\/","url":"https:\/\/nge.vn\/san-pham\/loi-dan-nhua-3d-printer-throat-tube-kit-1-pcs\/","name":"L\u00f5i d\u1eabn nh\u1ef1a 3D Printer Throat Tube Kit \/1 pcs - NGE 3D Printers Services","isPartOf":{"@id":"https:\/\/nge.vn\/#website"},"primaryImageOfPage":{"@id":"https:\/\/nge.vn\/san-pham\/loi-dan-nhua-3d-printer-throat-tube-kit-1-pcs\/#primaryimage"},"image":{"@id":"https:\/\/nge.vn\/san-pham\/loi-dan-nhua-3d-printer-throat-tube-kit-1-pcs\/#primaryimage"},"thumbnailUrl":"https:\/\/nge.vn\/wp-content\/uploads\/2024\/10\/images-upload-woo2F77173cafd4152cb80baa6df301df918a.jpg","datePublished":"2024-10-25T06:28:56+00:00","dateModified":"2024-10-29T10:26:20+00:00","breadcrumb":{"@id":"https:\/\/nge.vn\/san-pham\/loi-dan-nhua-3d-printer-throat-tube-kit-1-pcs\/#breadcrumb"},"inLanguage":"en-US","potentialAction":[{"@type":"ReadAction","target":["https:\/\/nge.vn\/san-pham\/loi-dan-nhua-3d-printer-throat-tube-kit-1-pcs\/"]}]},{"@type":"ImageObject","inLanguage":"en-US","@id":"https:\/\/nge.vn\/san-pham\/loi-dan-nhua-3d-printer-throat-tube-kit-1-pcs\/#primaryimage","url":"https:\/\/nge.vn\/wp-content\/uploads\/2024\/10\/images-upload-woo2F77173cafd4152cb80baa6df301df918a.jpg","contentUrl":"https:\/\/nge.vn\/wp-content\/uploads\/2024\/10\/images-upload-woo2F77173cafd4152cb80baa6df301df918a.jpg","width":1024,"height":1024},{"@type":"BreadcrumbList","@id":"https:\/\/nge.vn\/san-pham\/loi-dan-nhua-3d-printer-throat-tube-kit-1-pcs\/#breadcrumb","itemListElement":[{"@type":"ListItem","position":1,"name":"Trang ch\u1ee7","item":"https:\/\/nge.vn\/"},{"@type":"ListItem","position":2,"name":"S\u1ea3n ph\u1ea9m","item":"https:\/\/nge.vn\/san-pham\/"},{"@type":"ListItem","position":3,"name":"L\u00f5i d\u1eabn nh\u1ef1a 3D Printer Throat Tube Kit \/1 pcs"}]},{"@type":"WebSite","@id":"https:\/\/nge.vn\/#website","url":"https:\/\/nge.vn\/","name":"NGE 3D Printers Services","description":"","potentialAction":[{"@type":"SearchAction","target":{"@type":"EntryPoint","urlTemplate":"https:\/\/nge.vn\/?s={search_term_string}"},"query-input":{"@type":"PropertyValueSpecification","valueRequired":true,"valueName":"search_term_string"}}],"inLanguage":"en-US"}]}},"_links":{"self":[{"href":"https:\/\/nge.vn\/en\/wp-json\/wp\/v2\/product\/764","targetHints":{"allow":["GET"]}}],"collection":[{"href":"https:\/\/nge.vn\/en\/wp-json\/wp\/v2\/product"}],"about":[{"href":"https:\/\/nge.vn\/en\/wp-json\/wp\/v2\/types\/product"}],"replies":[{"embeddable":true,"href":"https:\/\/nge.vn\/en\/wp-json\/wp\/v2\/comments?post=764"}],"wp:featuredmedia":[{"embeddable":true,"href":"https:\/\/nge.vn\/en\/wp-json\/wp\/v2\/media\/756"}],"wp:attachment":[{"href":"https:\/\/nge.vn\/en\/wp-json\/wp\/v2\/media?parent=764"}],"wp:term":[{"taxonomy":"product_brand","embeddable":true,"href":"https:\/\/nge.vn\/en\/wp-json\/wp\/v2\/product_brand?post=764"},{"taxonomy":"product_cat","embeddable":true,"href":"https:\/\/nge.vn\/en\/wp-json\/wp\/v2\/product_cat?post=764"},{"taxonomy":"product_tag","embeddable":true,"href":"https:\/\/nge.vn\/en\/wp-json\/wp\/v2\/product_tag?post=764"}],"curies":[{"name":"wp","href":"https:\/\/api.w.org\/{rel}","templated":true}]}}