{"id":755,"date":"2024-10-25T13:26:33","date_gmt":"2024-10-25T06:26:33","guid":{"rendered":"https:\/\/nge.123websitedev.com\/san-pham\/khoi-dan-nhiet-cooling-block-kit-cho-series-ender-va-cr-1-set-2pcs\/"},"modified":"2024-10-29T17:26:15","modified_gmt":"2024-10-29T10:26:15","slug":"khoi-dan-nhiet-cooling-block-kit-cho-series-ender-va-cr-1-set-2pcs","status":"publish","type":"product","link":"https:\/\/nge.vn\/en\/product\/khoi-dan-nhiet-cooling-block-kit-cho-series-ender-va-cr-1-set-2pcs\/","title":{"rendered":"Kh\u1ed1i d\u1eabn nhi\u1ec7t Cooling Block Kit cho series Ender v\u00e0 CR..1 Set 2PCS"},"content":{"rendered":"<p>Kh\u1ed1i d\u1eabn nhi\u1ec7t Cooling Block Kit cho series Ender v\u00e0 CR..1 Set 2PCS<br \/>\nB\u1ed9 kh\u1ed1i l\u00e0m m\u00e1t 1 b\u1ed9 2 c\u00e1i<\/p>\n<p>+Brand\uff1aCreality<br \/>\n+Model\uff1aCooling Block Kit 1Set<br \/>\n+N.W.\uff1a17g<br \/>\n+G.W.\uff1a20g<br \/>\n+Packing Size\uff1a110\u00d7100mm<\/p>\n<p>**\u0110\u00e2y l\u00e0 b\u1ed9 t\u1ea3n nhi\u1ec7t t\u1eeb Creality 3D, \u0111\u01b0\u1ee3c c\u00e0i \u0111\u1eb7t trong h\u1ea7u h\u1ebft c\u00e1c m\u00e1y in Creality FDM. (\u0110\u1ec3 ch\u00ednh x\u00e1c vui l\u00f2ng ki\u1ec3m tra l\u1ea1i m\u00e1y c\u1ee7a b\u1ea1n tr\u01b0\u1edbc khi mua ho\u1eb7c li\u00ean h\u1ec7 shop)<br \/>\n+T\u01b0\u01a1ng th\u00edch v\u1edbi M\u00e1y in 3D: CR-10, CR-10-S4, CR-10-S5, CR-10S, Ender 3, Ender 2, CR-10S Pro, Ender 3 Pro, CR-20 Pro, Ender 5, CR-X, CR-10 Max, CR-10S Pro V2, CR-10 V2, Ender 5 Pro, Ender 5 Plus, CR-10 Mini, Ender 3 V2, CR-6 SE, Ender 6, CR-5 Pro<\/p>\n<p>**\u0110\u1ec3 \u0111\u01b0\u1ee3c nh\u1eadn h\u1ed9 tr\u1ee3 th\u00eam v\u1ec1 Gi\u00e1 v\u00e0 Th\u00f4ng tin c\u1ee7a s\u1ea3n ph\u1ea9m, vui l\u00f2ng li\u00ean h\u1ec7:<br \/>\n          0913.939.775 g\u1eb7p A. Qu\u00e2n (for English)<br \/>\n          094.144.0951 contact A.Quynh<br \/>\n**Selling price does not include VAT (+10% if VAT invoice is issued)<\/p>","protected":false},"excerpt":{"rendered":"<p>Kh\u1ed1i d\u1eabn nhi\u1ec7t Cooling Block Kit cho series Ender v\u00e0 CR..1 Set 2PCS<\/p>","protected":false},"featured_media":751,"comment_status":"open","ping_status":"closed","template":"","meta":{"inline_featured_image":false},"product_brand":[],"product_cat":[40],"product_tag":[],"class_list":{"0":"post-755","1":"product","2":"type-product","3":"status-publish","4":"has-post-thumbnail","6":"product_cat-linh-kien-va-phu-kien","8":"first","9":"instock","10":"taxable","11":"shipping-taxable","12":"purchasable","13":"product-type-simple"},"yoast_head":"<!-- This site is optimized with the Yoast SEO Premium plugin v22.8 (Yoast SEO v26.9) - https:\/\/yoast.com\/product\/yoast-seo-premium-wordpress\/ -->\n<title>Kh\u1ed1i d\u1eabn nhi\u1ec7t Cooling Block Kit cho series Ender v\u00e0 CR..1 Set 2PCS - NGE 3D Printers Services<\/title>\n<meta name=\"robots\" content=\"index, follow, max-snippet:-1, max-image-preview:large, max-video-preview:-1\" \/>\n<link rel=\"canonical\" href=\"https:\/\/nge.vn\/en\/product\/khoi-dan-nhiet-cooling-block-kit-cho-series-ender-va-cr-1-set-2pcs\/\" \/>\n<meta property=\"og:locale\" content=\"en_US\" \/>\n<meta property=\"og:type\" content=\"article\" \/>\n<meta property=\"og:title\" content=\"Kh\u1ed1i d\u1eabn nhi\u1ec7t Cooling Block Kit cho series Ender v\u00e0 CR..1 Set 2PCS\" \/>\n<meta property=\"og:description\" content=\"Kh\u1ed1i d\u1eabn nhi\u1ec7t Cooling Block Kit cho series Ender v\u00e0 CR..1 Set 2PCS\" \/>\n<meta property=\"og:url\" content=\"https:\/\/nge.vn\/en\/product\/khoi-dan-nhiet-cooling-block-kit-cho-series-ender-va-cr-1-set-2pcs\/\" \/>\n<meta property=\"og:site_name\" content=\"NGE 3D Printers Services\" \/>\n<meta property=\"article:modified_time\" content=\"2024-10-29T10:26:15+00:00\" \/>\n<meta property=\"og:image\" content=\"https:\/\/nge.vn\/wp-content\/uploads\/2024\/10\/images-upload-woo2Fa1ef055c8fc45e412434d6875b75d72b.jpg\" \/>\n\t<meta property=\"og:image:width\" content=\"1000\" \/>\n\t<meta property=\"og:image:height\" content=\"1000\" \/>\n\t<meta property=\"og:image:type\" content=\"image\/jpeg\" \/>\n<meta name=\"twitter:card\" content=\"summary_large_image\" \/>\n<meta name=\"twitter:label1\" content=\"Est. reading time\" \/>\n\t<meta name=\"twitter:data1\" content=\"1 minute\" \/>\n<script type=\"application\/ld+json\" class=\"yoast-schema-graph\">{\"@context\":\"https:\/\/schema.org\",\"@graph\":[{\"@type\":\"WebPage\",\"@id\":\"https:\/\/nge.vn\/san-pham\/khoi-dan-nhiet-cooling-block-kit-cho-series-ender-va-cr-1-set-2pcs\/\",\"url\":\"https:\/\/nge.vn\/san-pham\/khoi-dan-nhiet-cooling-block-kit-cho-series-ender-va-cr-1-set-2pcs\/\",\"name\":\"Kh\u1ed1i d\u1eabn nhi\u1ec7t Cooling Block Kit cho series Ender v\u00e0 CR..1 Set 2PCS - NGE 3D Printers Services\",\"isPartOf\":{\"@id\":\"https:\/\/nge.vn\/#website\"},\"primaryImageOfPage\":{\"@id\":\"https:\/\/nge.vn\/san-pham\/khoi-dan-nhiet-cooling-block-kit-cho-series-ender-va-cr-1-set-2pcs\/#primaryimage\"},\"image\":{\"@id\":\"https:\/\/nge.vn\/san-pham\/khoi-dan-nhiet-cooling-block-kit-cho-series-ender-va-cr-1-set-2pcs\/#primaryimage\"},\"thumbnailUrl\":\"https:\/\/nge.vn\/wp-content\/uploads\/2024\/10\/images-upload-woo2Fa1ef055c8fc45e412434d6875b75d72b.jpg\",\"datePublished\":\"2024-10-25T06:26:33+00:00\",\"dateModified\":\"2024-10-29T10:26:15+00:00\",\"breadcrumb\":{\"@id\":\"https:\/\/nge.vn\/san-pham\/khoi-dan-nhiet-cooling-block-kit-cho-series-ender-va-cr-1-set-2pcs\/#breadcrumb\"},\"inLanguage\":\"en-US\",\"potentialAction\":[{\"@type\":\"ReadAction\",\"target\":[\"https:\/\/nge.vn\/san-pham\/khoi-dan-nhiet-cooling-block-kit-cho-series-ender-va-cr-1-set-2pcs\/\"]}]},{\"@type\":\"ImageObject\",\"inLanguage\":\"en-US\",\"@id\":\"https:\/\/nge.vn\/san-pham\/khoi-dan-nhiet-cooling-block-kit-cho-series-ender-va-cr-1-set-2pcs\/#primaryimage\",\"url\":\"https:\/\/nge.vn\/wp-content\/uploads\/2024\/10\/images-upload-woo2Fa1ef055c8fc45e412434d6875b75d72b.jpg\",\"contentUrl\":\"https:\/\/nge.vn\/wp-content\/uploads\/2024\/10\/images-upload-woo2Fa1ef055c8fc45e412434d6875b75d72b.jpg\",\"width\":1000,\"height\":1000},{\"@type\":\"BreadcrumbList\",\"@id\":\"https:\/\/nge.vn\/san-pham\/khoi-dan-nhiet-cooling-block-kit-cho-series-ender-va-cr-1-set-2pcs\/#breadcrumb\",\"itemListElement\":[{\"@type\":\"ListItem\",\"position\":1,\"name\":\"Trang ch\u1ee7\",\"item\":\"https:\/\/nge.vn\/\"},{\"@type\":\"ListItem\",\"position\":2,\"name\":\"S\u1ea3n ph\u1ea9m\",\"item\":\"https:\/\/nge.vn\/san-pham\/\"},{\"@type\":\"ListItem\",\"position\":3,\"name\":\"Kh\u1ed1i d\u1eabn nhi\u1ec7t Cooling Block Kit cho series Ender v\u00e0 CR..1 Set 2PCS\"}]},{\"@type\":\"WebSite\",\"@id\":\"https:\/\/nge.vn\/#website\",\"url\":\"https:\/\/nge.vn\/\",\"name\":\"NGE 3D Printers Services\",\"description\":\"\",\"potentialAction\":[{\"@type\":\"SearchAction\",\"target\":{\"@type\":\"EntryPoint\",\"urlTemplate\":\"https:\/\/nge.vn\/?s={search_term_string}\"},\"query-input\":{\"@type\":\"PropertyValueSpecification\",\"valueRequired\":true,\"valueName\":\"search_term_string\"}}],\"inLanguage\":\"en-US\"}]}<\/script>\n<!-- \/ Yoast SEO Premium plugin. -->","yoast_head_json":{"title":"Kh\u1ed1i d\u1eabn nhi\u1ec7t Cooling Block Kit cho series Ender v\u00e0 CR..1 Set 2PCS - NGE 3D Printers Services","robots":{"index":"index","follow":"follow","max-snippet":"max-snippet:-1","max-image-preview":"max-image-preview:large","max-video-preview":"max-video-preview:-1"},"canonical":"https:\/\/nge.vn\/en\/product\/khoi-dan-nhiet-cooling-block-kit-cho-series-ender-va-cr-1-set-2pcs\/","og_locale":"en_US","og_type":"article","og_title":"Kh\u1ed1i d\u1eabn nhi\u1ec7t Cooling Block Kit cho series Ender v\u00e0 CR..1 Set 2PCS","og_description":"Kh\u1ed1i d\u1eabn nhi\u1ec7t Cooling Block Kit cho series Ender v\u00e0 CR..1 Set 2PCS","og_url":"https:\/\/nge.vn\/en\/product\/khoi-dan-nhiet-cooling-block-kit-cho-series-ender-va-cr-1-set-2pcs\/","og_site_name":"NGE 3D Printers Services","article_modified_time":"2024-10-29T10:26:15+00:00","og_image":[{"width":1000,"height":1000,"url":"https:\/\/nge.vn\/wp-content\/uploads\/2024\/10\/images-upload-woo2Fa1ef055c8fc45e412434d6875b75d72b.jpg","type":"image\/jpeg"}],"twitter_card":"summary_large_image","twitter_misc":{"Est. reading time":"1 minute"},"schema":{"@context":"https:\/\/schema.org","@graph":[{"@type":"WebPage","@id":"https:\/\/nge.vn\/san-pham\/khoi-dan-nhiet-cooling-block-kit-cho-series-ender-va-cr-1-set-2pcs\/","url":"https:\/\/nge.vn\/san-pham\/khoi-dan-nhiet-cooling-block-kit-cho-series-ender-va-cr-1-set-2pcs\/","name":"Kh\u1ed1i d\u1eabn nhi\u1ec7t Cooling Block Kit cho series Ender v\u00e0 CR..1 Set 2PCS - NGE 3D Printers Services","isPartOf":{"@id":"https:\/\/nge.vn\/#website"},"primaryImageOfPage":{"@id":"https:\/\/nge.vn\/san-pham\/khoi-dan-nhiet-cooling-block-kit-cho-series-ender-va-cr-1-set-2pcs\/#primaryimage"},"image":{"@id":"https:\/\/nge.vn\/san-pham\/khoi-dan-nhiet-cooling-block-kit-cho-series-ender-va-cr-1-set-2pcs\/#primaryimage"},"thumbnailUrl":"https:\/\/nge.vn\/wp-content\/uploads\/2024\/10\/images-upload-woo2Fa1ef055c8fc45e412434d6875b75d72b.jpg","datePublished":"2024-10-25T06:26:33+00:00","dateModified":"2024-10-29T10:26:15+00:00","breadcrumb":{"@id":"https:\/\/nge.vn\/san-pham\/khoi-dan-nhiet-cooling-block-kit-cho-series-ender-va-cr-1-set-2pcs\/#breadcrumb"},"inLanguage":"en-US","potentialAction":[{"@type":"ReadAction","target":["https:\/\/nge.vn\/san-pham\/khoi-dan-nhiet-cooling-block-kit-cho-series-ender-va-cr-1-set-2pcs\/"]}]},{"@type":"ImageObject","inLanguage":"en-US","@id":"https:\/\/nge.vn\/san-pham\/khoi-dan-nhiet-cooling-block-kit-cho-series-ender-va-cr-1-set-2pcs\/#primaryimage","url":"https:\/\/nge.vn\/wp-content\/uploads\/2024\/10\/images-upload-woo2Fa1ef055c8fc45e412434d6875b75d72b.jpg","contentUrl":"https:\/\/nge.vn\/wp-content\/uploads\/2024\/10\/images-upload-woo2Fa1ef055c8fc45e412434d6875b75d72b.jpg","width":1000,"height":1000},{"@type":"BreadcrumbList","@id":"https:\/\/nge.vn\/san-pham\/khoi-dan-nhiet-cooling-block-kit-cho-series-ender-va-cr-1-set-2pcs\/#breadcrumb","itemListElement":[{"@type":"ListItem","position":1,"name":"Trang ch\u1ee7","item":"https:\/\/nge.vn\/"},{"@type":"ListItem","position":2,"name":"S\u1ea3n ph\u1ea9m","item":"https:\/\/nge.vn\/san-pham\/"},{"@type":"ListItem","position":3,"name":"Kh\u1ed1i d\u1eabn nhi\u1ec7t Cooling Block Kit cho series Ender v\u00e0 CR..1 Set 2PCS"}]},{"@type":"WebSite","@id":"https:\/\/nge.vn\/#website","url":"https:\/\/nge.vn\/","name":"NGE 3D Printers Services","description":"","potentialAction":[{"@type":"SearchAction","target":{"@type":"EntryPoint","urlTemplate":"https:\/\/nge.vn\/?s={search_term_string}"},"query-input":{"@type":"PropertyValueSpecification","valueRequired":true,"valueName":"search_term_string"}}],"inLanguage":"en-US"}]}},"_links":{"self":[{"href":"https:\/\/nge.vn\/en\/wp-json\/wp\/v2\/product\/755","targetHints":{"allow":["GET"]}}],"collection":[{"href":"https:\/\/nge.vn\/en\/wp-json\/wp\/v2\/product"}],"about":[{"href":"https:\/\/nge.vn\/en\/wp-json\/wp\/v2\/types\/product"}],"replies":[{"embeddable":true,"href":"https:\/\/nge.vn\/en\/wp-json\/wp\/v2\/comments?post=755"}],"wp:featuredmedia":[{"embeddable":true,"href":"https:\/\/nge.vn\/en\/wp-json\/wp\/v2\/media\/751"}],"wp:attachment":[{"href":"https:\/\/nge.vn\/en\/wp-json\/wp\/v2\/media?parent=755"}],"wp:term":[{"taxonomy":"product_brand","embeddable":true,"href":"https:\/\/nge.vn\/en\/wp-json\/wp\/v2\/product_brand?post=755"},{"taxonomy":"product_cat","embeddable":true,"href":"https:\/\/nge.vn\/en\/wp-json\/wp\/v2\/product_cat?post=755"},{"taxonomy":"product_tag","embeddable":true,"href":"https:\/\/nge.vn\/en\/wp-json\/wp\/v2\/product_tag?post=755"}],"curies":[{"name":"wp","href":"https:\/\/api.w.org\/{rel}","templated":true}]}}