{"id":750,"date":"2024-10-25T13:24:55","date_gmt":"2024-10-25T06:24:55","guid":{"rendered":"https:\/\/nge.123websitedev.com\/san-pham\/khoi-nhom-dan-nhiet-dau-in-3d-printer-parts-heater-block-kit-1pcs\/"},"modified":"2024-10-29T17:26:09","modified_gmt":"2024-10-29T10:26:09","slug":"khoi-nhom-dan-nhiet-dau-in-3d-printer-parts-heater-block-kit-1pcs","status":"publish","type":"product","link":"https:\/\/nge.vn\/en\/product\/khoi-nhom-dan-nhiet-dau-in-3d-printer-parts-heater-block-kit-1pcs\/","title":{"rendered":"Kh\u1ed1i nh\u00f4m d\u1eabn nhi\u1ec7t \u0111\u1ea7u in 3D Printer Parts Heater Block Kit \/ 1pcs"},"content":{"rendered":"<p>Kh\u1ed1i nh\u00f4m d\u1eabn nhi\u1ec7t \u0111\u1ea7u in 3D Printer Creality Parts Heater Block Kit<\/p>\n<p>_Kh\u1ed1i l\u00e0m n\u00f3ng:<br \/>\nNh\u00f4m h\u00e0ng kh\u00f4ng ch\u1ea5t l\u01b0\u1ee3ng cao<\/p>\n<p>_Nh\u00f4m h\u00e0ng kh\u00f4ng ch\u1ea5t l\u01b0\u1ee3ng cao:<br \/>\nB\u1ec1 m\u1eb7t \u0111\u01b0\u1ee3c an\u1ed1t h\u00f3a, m\u00e0u v\u00e0ng s\u00e2m panh, g\u00f3c nh\u1ecdn c\u00f9n, kh\u00f4ng c\u00f3 g\u1edd.<\/p>\n<p>_Th\u00f4ng s\u1ed1 s\u1ea3n ph\u1ea9m:<br \/>\n+T\u00ean s\u1ea3n ph\u1ea9m: Kh\u1ed1i s\u01b0\u1edfi<br \/>\n+M\u1eabu m\u00e3 \u00e1p d\u1ee5ng: \u0110a d\u1ea1ng<br \/>\n+Ch\u1ea5t li\u1ec7u s\u1ea3n ph\u1ea9m: Nh\u00f4m h\u00e0ng kh\u00f4ng<br \/>\n+K\u00edch th\u01b0\u1edbc s\u1ea3n ph\u1ea9m: 20*20*10<br \/>\n+N.W: 8g<br \/>\n+Packing Size\uff1a60*50*100mm<\/p>\n<p>**S\u1eed d\u1ee5ng cho c\u00e1c d\u00f2ng m\u00e1y in 3d c\u1ee7a Creality : Ender series, CR series&#8230;<\/p>\n<p>**\u0110\u1ec3 \u0111\u01b0\u1ee3c nh\u1eadn h\u1ed9 tr\u1ee3 th\u00eam v\u1ec1 Gi\u00e1 v\u00e0 Th\u00f4ng tin c\u1ee7a s\u1ea3n ph\u1ea9m, vui l\u00f2ng li\u00ean h\u1ec7:<br \/>\n          0913.939.775 contact A.Quan (for English)<br \/>\n          094.144.0951 contact A.Quynh<br \/>\n**Selling price does not include VAT (+10% if VAT invoice is issued)<\/p>","protected":false},"excerpt":{"rendered":"<p>Kh\u1ed1i nh\u00f4m d\u1eabn nhi\u1ec7t \u0111\u1ea7u in 3D Printer Parts Heater Block Kit \/ 1pcs<\/p>","protected":false},"featured_media":741,"comment_status":"open","ping_status":"closed","template":"","meta":{"inline_featured_image":false},"product_brand":[],"product_cat":[40],"product_tag":[],"class_list":{"0":"post-750","1":"product","2":"type-product","3":"status-publish","4":"has-post-thumbnail","6":"product_cat-linh-kien-va-phu-kien","8":"first","9":"instock","10":"taxable","11":"shipping-taxable","12":"purchasable","13":"product-type-simple"},"yoast_head":"<!-- This site is optimized with the Yoast SEO Premium plugin v22.8 (Yoast SEO v26.9) - https:\/\/yoast.com\/product\/yoast-seo-premium-wordpress\/ -->\n<title>Kh\u1ed1i nh\u00f4m d\u1eabn nhi\u1ec7t \u0111\u1ea7u in 3D Printer Parts Heater Block Kit \/ 1pcs - NGE 3D Printers Services<\/title>\n<meta name=\"robots\" content=\"index, follow, max-snippet:-1, max-image-preview:large, max-video-preview:-1\" \/>\n<link rel=\"canonical\" href=\"https:\/\/nge.vn\/en\/product\/khoi-nhom-dan-nhiet-dau-in-3d-printer-parts-heater-block-kit-1pcs\/\" \/>\n<meta property=\"og:locale\" content=\"en_US\" \/>\n<meta property=\"og:type\" content=\"article\" \/>\n<meta property=\"og:title\" content=\"Kh\u1ed1i nh\u00f4m d\u1eabn nhi\u1ec7t \u0111\u1ea7u in 3D Printer Parts Heater Block Kit \/ 1pcs\" \/>\n<meta property=\"og:description\" content=\"Kh\u1ed1i nh\u00f4m d\u1eabn nhi\u1ec7t \u0111\u1ea7u in 3D Printer Parts Heater Block Kit \/ 1pcs\" \/>\n<meta property=\"og:url\" content=\"https:\/\/nge.vn\/en\/product\/khoi-nhom-dan-nhiet-dau-in-3d-printer-parts-heater-block-kit-1pcs\/\" \/>\n<meta property=\"og:site_name\" content=\"NGE 3D Printers Services\" \/>\n<meta property=\"article:modified_time\" content=\"2024-10-29T10:26:09+00:00\" \/>\n<meta property=\"og:image\" content=\"https:\/\/nge.vn\/wp-content\/uploads\/2024\/10\/images-upload-woo2F19c2c111579f8ec47d4ff053ced395d1.jpg\" \/>\n\t<meta property=\"og:image:width\" content=\"1024\" \/>\n\t<meta property=\"og:image:height\" content=\"1024\" \/>\n\t<meta property=\"og:image:type\" content=\"image\/jpeg\" \/>\n<meta name=\"twitter:card\" content=\"summary_large_image\" \/>\n<meta name=\"twitter:label1\" content=\"Est. reading time\" \/>\n\t<meta name=\"twitter:data1\" content=\"1 minute\" \/>\n<script type=\"application\/ld+json\" class=\"yoast-schema-graph\">{\"@context\":\"https:\/\/schema.org\",\"@graph\":[{\"@type\":\"WebPage\",\"@id\":\"https:\/\/nge.vn\/san-pham\/khoi-nhom-dan-nhiet-dau-in-3d-printer-parts-heater-block-kit-1pcs\/\",\"url\":\"https:\/\/nge.vn\/san-pham\/khoi-nhom-dan-nhiet-dau-in-3d-printer-parts-heater-block-kit-1pcs\/\",\"name\":\"Kh\u1ed1i nh\u00f4m d\u1eabn nhi\u1ec7t \u0111\u1ea7u in 3D Printer Parts Heater Block Kit \/ 1pcs - NGE 3D Printers Services\",\"isPartOf\":{\"@id\":\"https:\/\/nge.vn\/#website\"},\"primaryImageOfPage\":{\"@id\":\"https:\/\/nge.vn\/san-pham\/khoi-nhom-dan-nhiet-dau-in-3d-printer-parts-heater-block-kit-1pcs\/#primaryimage\"},\"image\":{\"@id\":\"https:\/\/nge.vn\/san-pham\/khoi-nhom-dan-nhiet-dau-in-3d-printer-parts-heater-block-kit-1pcs\/#primaryimage\"},\"thumbnailUrl\":\"https:\/\/nge.vn\/wp-content\/uploads\/2024\/10\/images-upload-woo2F19c2c111579f8ec47d4ff053ced395d1.jpg\",\"datePublished\":\"2024-10-25T06:24:55+00:00\",\"dateModified\":\"2024-10-29T10:26:09+00:00\",\"breadcrumb\":{\"@id\":\"https:\/\/nge.vn\/san-pham\/khoi-nhom-dan-nhiet-dau-in-3d-printer-parts-heater-block-kit-1pcs\/#breadcrumb\"},\"inLanguage\":\"en-US\",\"potentialAction\":[{\"@type\":\"ReadAction\",\"target\":[\"https:\/\/nge.vn\/san-pham\/khoi-nhom-dan-nhiet-dau-in-3d-printer-parts-heater-block-kit-1pcs\/\"]}]},{\"@type\":\"ImageObject\",\"inLanguage\":\"en-US\",\"@id\":\"https:\/\/nge.vn\/san-pham\/khoi-nhom-dan-nhiet-dau-in-3d-printer-parts-heater-block-kit-1pcs\/#primaryimage\",\"url\":\"https:\/\/nge.vn\/wp-content\/uploads\/2024\/10\/images-upload-woo2F19c2c111579f8ec47d4ff053ced395d1.jpg\",\"contentUrl\":\"https:\/\/nge.vn\/wp-content\/uploads\/2024\/10\/images-upload-woo2F19c2c111579f8ec47d4ff053ced395d1.jpg\",\"width\":1024,\"height\":1024},{\"@type\":\"BreadcrumbList\",\"@id\":\"https:\/\/nge.vn\/san-pham\/khoi-nhom-dan-nhiet-dau-in-3d-printer-parts-heater-block-kit-1pcs\/#breadcrumb\",\"itemListElement\":[{\"@type\":\"ListItem\",\"position\":1,\"name\":\"Trang ch\u1ee7\",\"item\":\"https:\/\/nge.vn\/\"},{\"@type\":\"ListItem\",\"position\":2,\"name\":\"S\u1ea3n ph\u1ea9m\",\"item\":\"https:\/\/nge.vn\/san-pham\/\"},{\"@type\":\"ListItem\",\"position\":3,\"name\":\"Kh\u1ed1i nh\u00f4m d\u1eabn nhi\u1ec7t \u0111\u1ea7u in 3D Printer Parts Heater Block Kit \/ 1pcs\"}]},{\"@type\":\"WebSite\",\"@id\":\"https:\/\/nge.vn\/#website\",\"url\":\"https:\/\/nge.vn\/\",\"name\":\"NGE 3D Printers Services\",\"description\":\"\",\"potentialAction\":[{\"@type\":\"SearchAction\",\"target\":{\"@type\":\"EntryPoint\",\"urlTemplate\":\"https:\/\/nge.vn\/?s={search_term_string}\"},\"query-input\":{\"@type\":\"PropertyValueSpecification\",\"valueRequired\":true,\"valueName\":\"search_term_string\"}}],\"inLanguage\":\"en-US\"}]}<\/script>\n<!-- \/ Yoast SEO Premium plugin. -->","yoast_head_json":{"title":"Kh\u1ed1i nh\u00f4m d\u1eabn nhi\u1ec7t \u0111\u1ea7u in 3D Printer Parts Heater Block Kit \/ 1pcs - NGE 3D Printers Services","robots":{"index":"index","follow":"follow","max-snippet":"max-snippet:-1","max-image-preview":"max-image-preview:large","max-video-preview":"max-video-preview:-1"},"canonical":"https:\/\/nge.vn\/en\/product\/khoi-nhom-dan-nhiet-dau-in-3d-printer-parts-heater-block-kit-1pcs\/","og_locale":"en_US","og_type":"article","og_title":"Kh\u1ed1i nh\u00f4m d\u1eabn nhi\u1ec7t \u0111\u1ea7u in 3D Printer Parts Heater Block Kit \/ 1pcs","og_description":"Kh\u1ed1i nh\u00f4m d\u1eabn nhi\u1ec7t \u0111\u1ea7u in 3D Printer Parts Heater Block Kit \/ 1pcs","og_url":"https:\/\/nge.vn\/en\/product\/khoi-nhom-dan-nhiet-dau-in-3d-printer-parts-heater-block-kit-1pcs\/","og_site_name":"NGE 3D Printers Services","article_modified_time":"2024-10-29T10:26:09+00:00","og_image":[{"width":1024,"height":1024,"url":"https:\/\/nge.vn\/wp-content\/uploads\/2024\/10\/images-upload-woo2F19c2c111579f8ec47d4ff053ced395d1.jpg","type":"image\/jpeg"}],"twitter_card":"summary_large_image","twitter_misc":{"Est. reading time":"1 minute"},"schema":{"@context":"https:\/\/schema.org","@graph":[{"@type":"WebPage","@id":"https:\/\/nge.vn\/san-pham\/khoi-nhom-dan-nhiet-dau-in-3d-printer-parts-heater-block-kit-1pcs\/","url":"https:\/\/nge.vn\/san-pham\/khoi-nhom-dan-nhiet-dau-in-3d-printer-parts-heater-block-kit-1pcs\/","name":"Kh\u1ed1i nh\u00f4m d\u1eabn nhi\u1ec7t \u0111\u1ea7u in 3D Printer Parts Heater Block Kit \/ 1pcs - NGE 3D Printers Services","isPartOf":{"@id":"https:\/\/nge.vn\/#website"},"primaryImageOfPage":{"@id":"https:\/\/nge.vn\/san-pham\/khoi-nhom-dan-nhiet-dau-in-3d-printer-parts-heater-block-kit-1pcs\/#primaryimage"},"image":{"@id":"https:\/\/nge.vn\/san-pham\/khoi-nhom-dan-nhiet-dau-in-3d-printer-parts-heater-block-kit-1pcs\/#primaryimage"},"thumbnailUrl":"https:\/\/nge.vn\/wp-content\/uploads\/2024\/10\/images-upload-woo2F19c2c111579f8ec47d4ff053ced395d1.jpg","datePublished":"2024-10-25T06:24:55+00:00","dateModified":"2024-10-29T10:26:09+00:00","breadcrumb":{"@id":"https:\/\/nge.vn\/san-pham\/khoi-nhom-dan-nhiet-dau-in-3d-printer-parts-heater-block-kit-1pcs\/#breadcrumb"},"inLanguage":"en-US","potentialAction":[{"@type":"ReadAction","target":["https:\/\/nge.vn\/san-pham\/khoi-nhom-dan-nhiet-dau-in-3d-printer-parts-heater-block-kit-1pcs\/"]}]},{"@type":"ImageObject","inLanguage":"en-US","@id":"https:\/\/nge.vn\/san-pham\/khoi-nhom-dan-nhiet-dau-in-3d-printer-parts-heater-block-kit-1pcs\/#primaryimage","url":"https:\/\/nge.vn\/wp-content\/uploads\/2024\/10\/images-upload-woo2F19c2c111579f8ec47d4ff053ced395d1.jpg","contentUrl":"https:\/\/nge.vn\/wp-content\/uploads\/2024\/10\/images-upload-woo2F19c2c111579f8ec47d4ff053ced395d1.jpg","width":1024,"height":1024},{"@type":"BreadcrumbList","@id":"https:\/\/nge.vn\/san-pham\/khoi-nhom-dan-nhiet-dau-in-3d-printer-parts-heater-block-kit-1pcs\/#breadcrumb","itemListElement":[{"@type":"ListItem","position":1,"name":"Trang ch\u1ee7","item":"https:\/\/nge.vn\/"},{"@type":"ListItem","position":2,"name":"S\u1ea3n ph\u1ea9m","item":"https:\/\/nge.vn\/san-pham\/"},{"@type":"ListItem","position":3,"name":"Kh\u1ed1i nh\u00f4m d\u1eabn nhi\u1ec7t \u0111\u1ea7u in 3D Printer Parts Heater Block Kit \/ 1pcs"}]},{"@type":"WebSite","@id":"https:\/\/nge.vn\/#website","url":"https:\/\/nge.vn\/","name":"NGE 3D Printers Services","description":"","potentialAction":[{"@type":"SearchAction","target":{"@type":"EntryPoint","urlTemplate":"https:\/\/nge.vn\/?s={search_term_string}"},"query-input":{"@type":"PropertyValueSpecification","valueRequired":true,"valueName":"search_term_string"}}],"inLanguage":"en-US"}]}},"_links":{"self":[{"href":"https:\/\/nge.vn\/en\/wp-json\/wp\/v2\/product\/750","targetHints":{"allow":["GET"]}}],"collection":[{"href":"https:\/\/nge.vn\/en\/wp-json\/wp\/v2\/product"}],"about":[{"href":"https:\/\/nge.vn\/en\/wp-json\/wp\/v2\/types\/product"}],"replies":[{"embeddable":true,"href":"https:\/\/nge.vn\/en\/wp-json\/wp\/v2\/comments?post=750"}],"wp:featuredmedia":[{"embeddable":true,"href":"https:\/\/nge.vn\/en\/wp-json\/wp\/v2\/media\/741"}],"wp:attachment":[{"href":"https:\/\/nge.vn\/en\/wp-json\/wp\/v2\/media?parent=750"}],"wp:term":[{"taxonomy":"product_brand","embeddable":true,"href":"https:\/\/nge.vn\/en\/wp-json\/wp\/v2\/product_brand?post=750"},{"taxonomy":"product_cat","embeddable":true,"href":"https:\/\/nge.vn\/en\/wp-json\/wp\/v2\/product_cat?post=750"},{"taxonomy":"product_tag","embeddable":true,"href":"https:\/\/nge.vn\/en\/wp-json\/wp\/v2\/product_tag?post=750"}],"curies":[{"name":"wp","href":"https:\/\/api.w.org\/{rel}","templated":true}]}}