{"id":730,"date":"2024-10-25T13:20:38","date_gmt":"2024-10-25T06:20:38","guid":{"rendered":"https:\/\/nge.123websitedev.com\/san-pham\/dong-co-buoc-42-34-step-motor-cho-may-in-3d\/"},"modified":"2024-10-29T17:26:02","modified_gmt":"2024-10-29T10:26:02","slug":"dong-co-buoc-42-34-step-motor-cho-may-in-3d","status":"publish","type":"product","link":"https:\/\/nge.vn\/en\/product\/dong-co-buoc-42-34-step-motor-cho-may-in-3d\/","title":{"rendered":"\u0110\u1ed9ng c\u01a1 b\u01b0\u1edbc 42-34 Step Motor cho m\u00e1y in 3d"},"content":{"rendered":"<p>\u0110\u1ed9ng c\u01a1 b\u01b0\u1edbc 42-34 Step Motor cho m\u00e1y in 3d<br \/>\n_\u0110\u1ed9ng c\u01a1 b\u01b0\u1edbc cho m\u00e1y in 3d<br \/>\n_V\u1eadt li\u1ec7u ch\u00ednh h\u00e3ng ch\u1ea5t l\u01b0\u1ee3ng cao<br \/>\n_Hi\u1ec7u su\u1ea5t \u1ed5n \u0111\u1ecbnh<br \/>\n_\u0110\u1ed9 ch\u00ednh x\u00e1c b\u01b0\u1edbc cao<br \/>\n_\u0110\u1ea7u ra \u1ed5n \u0111\u1ecbnh<br \/>\n_Ti\u1ebfng \u1ed3n th\u1ea5p<\/p>\n<p>_\u0110\u1ed9ng c\u01a1 ti\u1ebfng \u1ed3n th\u1ea5p<br \/>\n+\u0110\u1ed9ng c\u01a1 ch\u1ea5t l\u01b0\u1ee3ng cao v\u1edbi c\u00f4ng su\u1ea5t th\u1ea5p, t\u1ed1c \u0111\u1ed9 \u0111\u1ed3ng \u0111\u1ec1u, hi\u1ec7u su\u1ea5t \u1ed5n \u0111\u1ecbnh, ti\u1ebfng \u1ed3n th\u1ea5p v\u00e0 kh\u00f4ng b\u1ecb m\u1ea5t b\u01b0\u1edbc trong qu\u00e1 tr\u00ecnh ho\u1ea1t \u0111\u1ed9ng, \u0111\u1ea3m b\u1ea3o c\u01a1 ch\u1ebf \u0111\u00f9n ho\u1ea1t \u0111\u1ed9ng \u1ed5n \u0111\u1ecbnh.<\/p>\n<p>_\u0110\u1ed9ng c\u01a1 b\u01b0\u1edbc ch\u1ea5t l\u01b0\u1ee3ng cao<br \/>\n+\u0110\u1ed9ng c\u01a1 b\u01b0\u1edbc v\u1edbi ti\u1ebfng \u1ed3n th\u1ea5p v\u00e0 t\u1ea3n nhi\u1ec7t hi\u1ec7u qu\u1ea3 c\u00f3 m\u00f4 men xo\u1eafn l\u1edbn v\u00e0 \u0111\u1ed9 ch\u00ednh x\u00e1c cao m\u00e0 kh\u00f4ng b\u1ecb m\u1ea5t b\u01b0\u1edbc.<\/p>\n<p>_Xoay ch\u00ednh x\u00e1c<br \/>\n+V\u1edbi b\u00e1nh xe \u0111\u1ed3ng b\u1ed9 c\u00f3 \u0111\u1ed9 b\u1ec1n cao v\u00e0 b\u00e1nh r\u0103ng kh\u00f4ng \u0111\u1ed3ng b\u1ed9, n\u00f3 t\u1ea1o ra t\u1ef7 s\u1ed1 kh\u00f4ng \u0111\u1ed5i ch\u00ednh x\u00e1c, v\u00f2ng quay \u0111\u1ec1u v\u00e0 hi\u1ec7u su\u1ea5t truy\u1ec1n \u0111\u1ed9ng cao.<\/p>\n<p>_Product Information<br \/>\n+Brand: Creality<br \/>\n+Model\uff1a42-34 Step Motor<br \/>\n+Axis length: 1.8cm<br \/>\n+N.W.: 212g<br \/>\n+G.W.\uff1a260g<br \/>\n+Packing Size\uff1a110*80*65mm<\/p>\n<p>**S\u1eed d\u1ee5ng cho m\u00e1y in 3d Creality Ender 3&#8230;<\/p>\n<p>**\u0110\u1ec3 \u0111\u01b0\u1ee3c nh\u1eadn h\u1ed9 tr\u1ee3 th\u00eam v\u1ec1 Gi\u00e1 v\u00e0 Th\u00f4ng tin c\u1ee7a s\u1ea3n ph\u1ea9m, vui l\u00f2ng li\u00ean h\u1ec7:<br \/>\n        0913.939.775 g\u1eb7p A. Qu\u00e2n (for English)<br \/>\n        094.144.0951 contact A.Quynh<br \/>\n**Selling price does not include VAT (+10% if VAT invoice is issued)<\/p>","protected":false},"excerpt":{"rendered":"<p>\u0110\u1ed9ng c\u01a1 b\u01b0\u1edbc 42-34 Step Motor cho m\u00e1y in 3d<\/p>","protected":false},"featured_media":721,"comment_status":"open","ping_status":"closed","template":"","meta":{"inline_featured_image":false},"product_brand":[],"product_cat":[40],"product_tag":[],"class_list":{"0":"post-730","1":"product","2":"type-product","3":"status-publish","4":"has-post-thumbnail","6":"product_cat-linh-kien-va-phu-kien","8":"first","9":"instock","10":"taxable","11":"shipping-taxable","12":"purchasable","13":"product-type-simple"},"yoast_head":"<!-- This site is optimized with the Yoast SEO Premium plugin v22.8 (Yoast SEO v26.9) - https:\/\/yoast.com\/product\/yoast-seo-premium-wordpress\/ -->\n<title>\u0110\u1ed9ng c\u01a1 b\u01b0\u1edbc 42-34 Step Motor cho m\u00e1y in 3d - NGE 3D Printers Services<\/title>\n<meta name=\"robots\" content=\"index, follow, max-snippet:-1, max-image-preview:large, max-video-preview:-1\" \/>\n<link rel=\"canonical\" href=\"https:\/\/nge.vn\/en\/product\/dong-co-buoc-42-34-step-motor-cho-may-in-3d\/\" \/>\n<meta property=\"og:locale\" content=\"en_US\" \/>\n<meta property=\"og:type\" content=\"article\" \/>\n<meta property=\"og:title\" content=\"\u0110\u1ed9ng c\u01a1 b\u01b0\u1edbc 42-34 Step Motor cho m\u00e1y in 3d\" \/>\n<meta property=\"og:description\" content=\"\u0110\u1ed9ng c\u01a1 b\u01b0\u1edbc 42-34 Step Motor cho m\u00e1y in 3d\" \/>\n<meta property=\"og:url\" content=\"https:\/\/nge.vn\/en\/product\/dong-co-buoc-42-34-step-motor-cho-may-in-3d\/\" \/>\n<meta property=\"og:site_name\" content=\"NGE 3D Printers Services\" \/>\n<meta property=\"article:modified_time\" content=\"2024-10-29T10:26:02+00:00\" \/>\n<meta property=\"og:image\" content=\"https:\/\/nge.vn\/wp-content\/uploads\/2024\/10\/images-upload-woo2F11c7ec7525fd976aedc4a7f9ce110b82.jpg\" \/>\n\t<meta property=\"og:image:width\" content=\"688\" \/>\n\t<meta property=\"og:image:height\" content=\"688\" \/>\n\t<meta property=\"og:image:type\" content=\"image\/jpeg\" \/>\n<meta name=\"twitter:card\" content=\"summary_large_image\" \/>\n<meta name=\"twitter:label1\" content=\"Est. reading time\" \/>\n\t<meta name=\"twitter:data1\" content=\"2 minutes\" \/>\n<script type=\"application\/ld+json\" class=\"yoast-schema-graph\">{\"@context\":\"https:\/\/schema.org\",\"@graph\":[{\"@type\":\"WebPage\",\"@id\":\"https:\/\/nge.vn\/san-pham\/dong-co-buoc-42-34-step-motor-cho-may-in-3d\/\",\"url\":\"https:\/\/nge.vn\/san-pham\/dong-co-buoc-42-34-step-motor-cho-may-in-3d\/\",\"name\":\"\u0110\u1ed9ng c\u01a1 b\u01b0\u1edbc 42-34 Step Motor cho m\u00e1y in 3d - NGE 3D Printers Services\",\"isPartOf\":{\"@id\":\"https:\/\/nge.vn\/#website\"},\"primaryImageOfPage\":{\"@id\":\"https:\/\/nge.vn\/san-pham\/dong-co-buoc-42-34-step-motor-cho-may-in-3d\/#primaryimage\"},\"image\":{\"@id\":\"https:\/\/nge.vn\/san-pham\/dong-co-buoc-42-34-step-motor-cho-may-in-3d\/#primaryimage\"},\"thumbnailUrl\":\"https:\/\/nge.vn\/wp-content\/uploads\/2024\/10\/images-upload-woo2F11c7ec7525fd976aedc4a7f9ce110b82.jpg\",\"datePublished\":\"2024-10-25T06:20:38+00:00\",\"dateModified\":\"2024-10-29T10:26:02+00:00\",\"breadcrumb\":{\"@id\":\"https:\/\/nge.vn\/san-pham\/dong-co-buoc-42-34-step-motor-cho-may-in-3d\/#breadcrumb\"},\"inLanguage\":\"en-US\",\"potentialAction\":[{\"@type\":\"ReadAction\",\"target\":[\"https:\/\/nge.vn\/san-pham\/dong-co-buoc-42-34-step-motor-cho-may-in-3d\/\"]}]},{\"@type\":\"ImageObject\",\"inLanguage\":\"en-US\",\"@id\":\"https:\/\/nge.vn\/san-pham\/dong-co-buoc-42-34-step-motor-cho-may-in-3d\/#primaryimage\",\"url\":\"https:\/\/nge.vn\/wp-content\/uploads\/2024\/10\/images-upload-woo2F11c7ec7525fd976aedc4a7f9ce110b82.jpg\",\"contentUrl\":\"https:\/\/nge.vn\/wp-content\/uploads\/2024\/10\/images-upload-woo2F11c7ec7525fd976aedc4a7f9ce110b82.jpg\",\"width\":688,\"height\":688},{\"@type\":\"BreadcrumbList\",\"@id\":\"https:\/\/nge.vn\/san-pham\/dong-co-buoc-42-34-step-motor-cho-may-in-3d\/#breadcrumb\",\"itemListElement\":[{\"@type\":\"ListItem\",\"position\":1,\"name\":\"Trang ch\u1ee7\",\"item\":\"https:\/\/nge.vn\/\"},{\"@type\":\"ListItem\",\"position\":2,\"name\":\"S\u1ea3n ph\u1ea9m\",\"item\":\"https:\/\/nge.vn\/san-pham\/\"},{\"@type\":\"ListItem\",\"position\":3,\"name\":\"\u0110\u1ed9ng c\u01a1 b\u01b0\u1edbc 42-34 Step Motor cho m\u00e1y in 3d\"}]},{\"@type\":\"WebSite\",\"@id\":\"https:\/\/nge.vn\/#website\",\"url\":\"https:\/\/nge.vn\/\",\"name\":\"NGE 3D Printers Services\",\"description\":\"\",\"potentialAction\":[{\"@type\":\"SearchAction\",\"target\":{\"@type\":\"EntryPoint\",\"urlTemplate\":\"https:\/\/nge.vn\/?s={search_term_string}\"},\"query-input\":{\"@type\":\"PropertyValueSpecification\",\"valueRequired\":true,\"valueName\":\"search_term_string\"}}],\"inLanguage\":\"en-US\"}]}<\/script>\n<!-- \/ Yoast SEO Premium plugin. -->","yoast_head_json":{"title":"\u0110\u1ed9ng c\u01a1 b\u01b0\u1edbc 42-34 Step Motor cho m\u00e1y in 3d - NGE 3D Printers Services","robots":{"index":"index","follow":"follow","max-snippet":"max-snippet:-1","max-image-preview":"max-image-preview:large","max-video-preview":"max-video-preview:-1"},"canonical":"https:\/\/nge.vn\/en\/product\/dong-co-buoc-42-34-step-motor-cho-may-in-3d\/","og_locale":"en_US","og_type":"article","og_title":"\u0110\u1ed9ng c\u01a1 b\u01b0\u1edbc 42-34 Step Motor cho m\u00e1y in 3d","og_description":"\u0110\u1ed9ng c\u01a1 b\u01b0\u1edbc 42-34 Step Motor cho m\u00e1y in 3d","og_url":"https:\/\/nge.vn\/en\/product\/dong-co-buoc-42-34-step-motor-cho-may-in-3d\/","og_site_name":"NGE 3D Printers Services","article_modified_time":"2024-10-29T10:26:02+00:00","og_image":[{"width":688,"height":688,"url":"https:\/\/nge.vn\/wp-content\/uploads\/2024\/10\/images-upload-woo2F11c7ec7525fd976aedc4a7f9ce110b82.jpg","type":"image\/jpeg"}],"twitter_card":"summary_large_image","twitter_misc":{"Est. reading time":"2 minutes"},"schema":{"@context":"https:\/\/schema.org","@graph":[{"@type":"WebPage","@id":"https:\/\/nge.vn\/san-pham\/dong-co-buoc-42-34-step-motor-cho-may-in-3d\/","url":"https:\/\/nge.vn\/san-pham\/dong-co-buoc-42-34-step-motor-cho-may-in-3d\/","name":"\u0110\u1ed9ng c\u01a1 b\u01b0\u1edbc 42-34 Step Motor cho m\u00e1y in 3d - NGE 3D Printers Services","isPartOf":{"@id":"https:\/\/nge.vn\/#website"},"primaryImageOfPage":{"@id":"https:\/\/nge.vn\/san-pham\/dong-co-buoc-42-34-step-motor-cho-may-in-3d\/#primaryimage"},"image":{"@id":"https:\/\/nge.vn\/san-pham\/dong-co-buoc-42-34-step-motor-cho-may-in-3d\/#primaryimage"},"thumbnailUrl":"https:\/\/nge.vn\/wp-content\/uploads\/2024\/10\/images-upload-woo2F11c7ec7525fd976aedc4a7f9ce110b82.jpg","datePublished":"2024-10-25T06:20:38+00:00","dateModified":"2024-10-29T10:26:02+00:00","breadcrumb":{"@id":"https:\/\/nge.vn\/san-pham\/dong-co-buoc-42-34-step-motor-cho-may-in-3d\/#breadcrumb"},"inLanguage":"en-US","potentialAction":[{"@type":"ReadAction","target":["https:\/\/nge.vn\/san-pham\/dong-co-buoc-42-34-step-motor-cho-may-in-3d\/"]}]},{"@type":"ImageObject","inLanguage":"en-US","@id":"https:\/\/nge.vn\/san-pham\/dong-co-buoc-42-34-step-motor-cho-may-in-3d\/#primaryimage","url":"https:\/\/nge.vn\/wp-content\/uploads\/2024\/10\/images-upload-woo2F11c7ec7525fd976aedc4a7f9ce110b82.jpg","contentUrl":"https:\/\/nge.vn\/wp-content\/uploads\/2024\/10\/images-upload-woo2F11c7ec7525fd976aedc4a7f9ce110b82.jpg","width":688,"height":688},{"@type":"BreadcrumbList","@id":"https:\/\/nge.vn\/san-pham\/dong-co-buoc-42-34-step-motor-cho-may-in-3d\/#breadcrumb","itemListElement":[{"@type":"ListItem","position":1,"name":"Trang ch\u1ee7","item":"https:\/\/nge.vn\/"},{"@type":"ListItem","position":2,"name":"S\u1ea3n ph\u1ea9m","item":"https:\/\/nge.vn\/san-pham\/"},{"@type":"ListItem","position":3,"name":"\u0110\u1ed9ng c\u01a1 b\u01b0\u1edbc 42-34 Step Motor cho m\u00e1y in 3d"}]},{"@type":"WebSite","@id":"https:\/\/nge.vn\/#website","url":"https:\/\/nge.vn\/","name":"NGE 3D Printers Services","description":"","potentialAction":[{"@type":"SearchAction","target":{"@type":"EntryPoint","urlTemplate":"https:\/\/nge.vn\/?s={search_term_string}"},"query-input":{"@type":"PropertyValueSpecification","valueRequired":true,"valueName":"search_term_string"}}],"inLanguage":"en-US"}]}},"_links":{"self":[{"href":"https:\/\/nge.vn\/en\/wp-json\/wp\/v2\/product\/730","targetHints":{"allow":["GET"]}}],"collection":[{"href":"https:\/\/nge.vn\/en\/wp-json\/wp\/v2\/product"}],"about":[{"href":"https:\/\/nge.vn\/en\/wp-json\/wp\/v2\/types\/product"}],"replies":[{"embeddable":true,"href":"https:\/\/nge.vn\/en\/wp-json\/wp\/v2\/comments?post=730"}],"wp:featuredmedia":[{"embeddable":true,"href":"https:\/\/nge.vn\/en\/wp-json\/wp\/v2\/media\/721"}],"wp:attachment":[{"href":"https:\/\/nge.vn\/en\/wp-json\/wp\/v2\/media?parent=730"}],"wp:term":[{"taxonomy":"product_brand","embeddable":true,"href":"https:\/\/nge.vn\/en\/wp-json\/wp\/v2\/product_brand?post=730"},{"taxonomy":"product_cat","embeddable":true,"href":"https:\/\/nge.vn\/en\/wp-json\/wp\/v2\/product_cat?post=730"},{"taxonomy":"product_tag","embeddable":true,"href":"https:\/\/nge.vn\/en\/wp-json\/wp\/v2\/product_tag?post=730"}],"curies":[{"name":"wp","href":"https:\/\/api.w.org\/{rel}","templated":true}]}}