{"id":720,"date":"2024-10-25T13:18:09","date_gmt":"2024-10-25T06:18:09","guid":{"rendered":"https:\/\/nge.123websitedev.com\/san-pham\/dong-co-buoc-42%e2%80%9040-step-motor-cho-may-in-3d-cr%e2%80%9010s-pro-cr%e2%80%90x\/"},"modified":"2024-10-29T17:25:56","modified_gmt":"2024-10-29T10:25:56","slug":"dong-co-buoc-42%e2%80%9040-step-motor-cho-may-in-3d-cr%e2%80%9010s-pro-cr%e2%80%90x","status":"publish","type":"product","link":"https:\/\/nge.vn\/en\/product\/dong-co-buoc-42%e2%80%9040-step-motor-cho-may-in-3d-cr%e2%80%9010s-pro-cr%e2%80%90x\/","title":{"rendered":"\u0110\u1ed9ng c\u01a1 b\u01b0\u1edbc 42\u201040\u00a0step motor\u00a0cho m\u00e1y in 3d CR\u201010S\u00a0Pro\u00a0\/CR\u2010X"},"content":{"rendered":"<p>\u0110\u1ed9ng c\u01a1 b\u01b0\u1edbc 42\u201040\u00a0step motor\u00a0cho m\u00e1y in 3d CR series\/ Ender series<br \/>\n_Product information:<br \/>\n+Brand: Creality<br \/>\n+Model: 42-40 motor<br \/>\n+Product size: 40*45*60mm<br \/>\n+N.W.: 310g<br \/>\n+Compatible Models: CR-10S Pro, CR-X, Ender series, CR series&#8230;v\u00e0 t\u1ea5t c\u1ea3 m\u00e1y in 3d FDM<\/p>\n<p>**\u0110\u1ec3 \u0111\u01b0\u1ee3c nh\u1eadn h\u1ed9 tr\u1ee3 th\u00eam v\u1ec1 Gi\u00e1 v\u00e0 Th\u00f4ng tin c\u1ee7a s\u1ea3n ph\u1ea9m, vui l\u00f2ng li\u00ean h\u1ec7:<br \/>\n    0913.939.775 g\u1eb7p A. Qu\u00e2n (for English)<br \/>\n    094.144.0951 contact A.Quynh<br \/>\n**Selling price does not include VAT (+10% if VAT invoice is issued)<\/p>","protected":false},"excerpt":{"rendered":"<p>\u0110\u1ed9ng c\u01a1 b\u01b0\u1edbc 42\u201040\u00a0step motor\u00a0cho m\u00e1y in 3d CR\u201010S\u00a0Pro\u00a0\/CR\u2010X<\/p>","protected":false},"featured_media":715,"comment_status":"open","ping_status":"closed","template":"","meta":{"inline_featured_image":false},"product_brand":[],"product_cat":[40],"product_tag":[],"class_list":{"0":"post-720","1":"product","2":"type-product","3":"status-publish","4":"has-post-thumbnail","6":"product_cat-linh-kien-va-phu-kien","8":"first","9":"instock","10":"taxable","11":"shipping-taxable","12":"purchasable","13":"product-type-simple"},"yoast_head":"<!-- This site is optimized with the Yoast SEO Premium plugin v22.8 (Yoast SEO v26.9) - https:\/\/yoast.com\/product\/yoast-seo-premium-wordpress\/ -->\n<title>\u0110\u1ed9ng c\u01a1 b\u01b0\u1edbc 42\u201040\u00a0step motor\u00a0cho m\u00e1y in 3d CR\u201010S\u00a0Pro\u00a0\/CR\u2010X - NGE 3D Printers Services<\/title>\n<meta name=\"robots\" content=\"index, follow, max-snippet:-1, max-image-preview:large, max-video-preview:-1\" \/>\n<link rel=\"canonical\" href=\"https:\/\/nge.vn\/en\/product\/dong-co-buoc-42\u201040-step-motor-cho-may-in-3d-cr\u201010s-pro-cr\u2010x\/\" \/>\n<meta property=\"og:locale\" content=\"en_US\" \/>\n<meta property=\"og:type\" content=\"article\" \/>\n<meta property=\"og:title\" content=\"\u0110\u1ed9ng c\u01a1 b\u01b0\u1edbc 42\u201040\u00a0step motor\u00a0cho m\u00e1y in 3d CR\u201010S\u00a0Pro\u00a0\/CR\u2010X\" \/>\n<meta property=\"og:description\" content=\"\u0110\u1ed9ng c\u01a1 b\u01b0\u1edbc 42\u201040\u00a0step motor\u00a0cho m\u00e1y in 3d CR\u201010S\u00a0Pro\u00a0\/CR\u2010X\" \/>\n<meta property=\"og:url\" content=\"https:\/\/nge.vn\/en\/product\/dong-co-buoc-42\u201040-step-motor-cho-may-in-3d-cr\u201010s-pro-cr\u2010x\/\" \/>\n<meta property=\"og:site_name\" content=\"NGE 3D Printers Services\" \/>\n<meta property=\"article:modified_time\" content=\"2024-10-29T10:25:56+00:00\" \/>\n<meta property=\"og:image\" content=\"https:\/\/nge.vn\/wp-content\/uploads\/2024\/10\/images-upload-woo2F085c5685b7922aa0d790828be8bb7d19.jpg\" \/>\n\t<meta property=\"og:image:width\" content=\"1000\" \/>\n\t<meta property=\"og:image:height\" content=\"1000\" \/>\n\t<meta property=\"og:image:type\" content=\"image\/jpeg\" \/>\n<meta name=\"twitter:card\" content=\"summary_large_image\" \/>\n<meta name=\"twitter:label1\" content=\"Est. reading time\" \/>\n\t<meta name=\"twitter:data1\" content=\"1 minute\" \/>\n<script type=\"application\/ld+json\" class=\"yoast-schema-graph\">{\"@context\":\"https:\/\/schema.org\",\"@graph\":[{\"@type\":\"WebPage\",\"@id\":\"https:\/\/nge.vn\/san-pham\/dong-co-buoc-42%e2%80%9040-step-motor-cho-may-in-3d-cr%e2%80%9010s-pro-cr%e2%80%90x\/\",\"url\":\"https:\/\/nge.vn\/san-pham\/dong-co-buoc-42%e2%80%9040-step-motor-cho-may-in-3d-cr%e2%80%9010s-pro-cr%e2%80%90x\/\",\"name\":\"\u0110\u1ed9ng c\u01a1 b\u01b0\u1edbc 42\u201040\u00a0step motor\u00a0cho m\u00e1y in 3d CR\u201010S\u00a0Pro\u00a0\/CR\u2010X - NGE 3D Printers Services\",\"isPartOf\":{\"@id\":\"https:\/\/nge.vn\/#website\"},\"primaryImageOfPage\":{\"@id\":\"https:\/\/nge.vn\/san-pham\/dong-co-buoc-42%e2%80%9040-step-motor-cho-may-in-3d-cr%e2%80%9010s-pro-cr%e2%80%90x\/#primaryimage\"},\"image\":{\"@id\":\"https:\/\/nge.vn\/san-pham\/dong-co-buoc-42%e2%80%9040-step-motor-cho-may-in-3d-cr%e2%80%9010s-pro-cr%e2%80%90x\/#primaryimage\"},\"thumbnailUrl\":\"https:\/\/nge.vn\/wp-content\/uploads\/2024\/10\/images-upload-woo2F085c5685b7922aa0d790828be8bb7d19.jpg\",\"datePublished\":\"2024-10-25T06:18:09+00:00\",\"dateModified\":\"2024-10-29T10:25:56+00:00\",\"breadcrumb\":{\"@id\":\"https:\/\/nge.vn\/san-pham\/dong-co-buoc-42%e2%80%9040-step-motor-cho-may-in-3d-cr%e2%80%9010s-pro-cr%e2%80%90x\/#breadcrumb\"},\"inLanguage\":\"en-US\",\"potentialAction\":[{\"@type\":\"ReadAction\",\"target\":[\"https:\/\/nge.vn\/san-pham\/dong-co-buoc-42%e2%80%9040-step-motor-cho-may-in-3d-cr%e2%80%9010s-pro-cr%e2%80%90x\/\"]}]},{\"@type\":\"ImageObject\",\"inLanguage\":\"en-US\",\"@id\":\"https:\/\/nge.vn\/san-pham\/dong-co-buoc-42%e2%80%9040-step-motor-cho-may-in-3d-cr%e2%80%9010s-pro-cr%e2%80%90x\/#primaryimage\",\"url\":\"https:\/\/nge.vn\/wp-content\/uploads\/2024\/10\/images-upload-woo2F085c5685b7922aa0d790828be8bb7d19.jpg\",\"contentUrl\":\"https:\/\/nge.vn\/wp-content\/uploads\/2024\/10\/images-upload-woo2F085c5685b7922aa0d790828be8bb7d19.jpg\",\"width\":1000,\"height\":1000},{\"@type\":\"BreadcrumbList\",\"@id\":\"https:\/\/nge.vn\/san-pham\/dong-co-buoc-42%e2%80%9040-step-motor-cho-may-in-3d-cr%e2%80%9010s-pro-cr%e2%80%90x\/#breadcrumb\",\"itemListElement\":[{\"@type\":\"ListItem\",\"position\":1,\"name\":\"Trang ch\u1ee7\",\"item\":\"https:\/\/nge.vn\/\"},{\"@type\":\"ListItem\",\"position\":2,\"name\":\"S\u1ea3n ph\u1ea9m\",\"item\":\"https:\/\/nge.vn\/san-pham\/\"},{\"@type\":\"ListItem\",\"position\":3,\"name\":\"\u0110\u1ed9ng c\u01a1 b\u01b0\u1edbc 42\u201040\u00a0step motor\u00a0cho m\u00e1y in 3d CR\u201010S\u00a0Pro\u00a0\/CR\u2010X\"}]},{\"@type\":\"WebSite\",\"@id\":\"https:\/\/nge.vn\/#website\",\"url\":\"https:\/\/nge.vn\/\",\"name\":\"NGE 3D Printers Services\",\"description\":\"\",\"potentialAction\":[{\"@type\":\"SearchAction\",\"target\":{\"@type\":\"EntryPoint\",\"urlTemplate\":\"https:\/\/nge.vn\/?s={search_term_string}\"},\"query-input\":{\"@type\":\"PropertyValueSpecification\",\"valueRequired\":true,\"valueName\":\"search_term_string\"}}],\"inLanguage\":\"en-US\"}]}<\/script>\n<!-- \/ Yoast SEO Premium plugin. -->","yoast_head_json":{"title":"\u0110\u1ed9ng c\u01a1 b\u01b0\u1edbc 42\u201040\u00a0step motor\u00a0cho m\u00e1y in 3d CR\u201010S\u00a0Pro\u00a0\/CR\u2010X - NGE 3D Printers Services","robots":{"index":"index","follow":"follow","max-snippet":"max-snippet:-1","max-image-preview":"max-image-preview:large","max-video-preview":"max-video-preview:-1"},"canonical":"https:\/\/nge.vn\/en\/product\/dong-co-buoc-42\u201040-step-motor-cho-may-in-3d-cr\u201010s-pro-cr\u2010x\/","og_locale":"en_US","og_type":"article","og_title":"\u0110\u1ed9ng c\u01a1 b\u01b0\u1edbc 42\u201040\u00a0step motor\u00a0cho m\u00e1y in 3d CR\u201010S\u00a0Pro\u00a0\/CR\u2010X","og_description":"\u0110\u1ed9ng c\u01a1 b\u01b0\u1edbc 42\u201040\u00a0step motor\u00a0cho m\u00e1y in 3d CR\u201010S\u00a0Pro\u00a0\/CR\u2010X","og_url":"https:\/\/nge.vn\/en\/product\/dong-co-buoc-42\u201040-step-motor-cho-may-in-3d-cr\u201010s-pro-cr\u2010x\/","og_site_name":"NGE 3D Printers Services","article_modified_time":"2024-10-29T10:25:56+00:00","og_image":[{"width":1000,"height":1000,"url":"https:\/\/nge.vn\/wp-content\/uploads\/2024\/10\/images-upload-woo2F085c5685b7922aa0d790828be8bb7d19.jpg","type":"image\/jpeg"}],"twitter_card":"summary_large_image","twitter_misc":{"Est. reading time":"1 minute"},"schema":{"@context":"https:\/\/schema.org","@graph":[{"@type":"WebPage","@id":"https:\/\/nge.vn\/san-pham\/dong-co-buoc-42%e2%80%9040-step-motor-cho-may-in-3d-cr%e2%80%9010s-pro-cr%e2%80%90x\/","url":"https:\/\/nge.vn\/san-pham\/dong-co-buoc-42%e2%80%9040-step-motor-cho-may-in-3d-cr%e2%80%9010s-pro-cr%e2%80%90x\/","name":"\u0110\u1ed9ng c\u01a1 b\u01b0\u1edbc 42\u201040\u00a0step motor\u00a0cho m\u00e1y in 3d CR\u201010S\u00a0Pro\u00a0\/CR\u2010X - NGE 3D Printers Services","isPartOf":{"@id":"https:\/\/nge.vn\/#website"},"primaryImageOfPage":{"@id":"https:\/\/nge.vn\/san-pham\/dong-co-buoc-42%e2%80%9040-step-motor-cho-may-in-3d-cr%e2%80%9010s-pro-cr%e2%80%90x\/#primaryimage"},"image":{"@id":"https:\/\/nge.vn\/san-pham\/dong-co-buoc-42%e2%80%9040-step-motor-cho-may-in-3d-cr%e2%80%9010s-pro-cr%e2%80%90x\/#primaryimage"},"thumbnailUrl":"https:\/\/nge.vn\/wp-content\/uploads\/2024\/10\/images-upload-woo2F085c5685b7922aa0d790828be8bb7d19.jpg","datePublished":"2024-10-25T06:18:09+00:00","dateModified":"2024-10-29T10:25:56+00:00","breadcrumb":{"@id":"https:\/\/nge.vn\/san-pham\/dong-co-buoc-42%e2%80%9040-step-motor-cho-may-in-3d-cr%e2%80%9010s-pro-cr%e2%80%90x\/#breadcrumb"},"inLanguage":"en-US","potentialAction":[{"@type":"ReadAction","target":["https:\/\/nge.vn\/san-pham\/dong-co-buoc-42%e2%80%9040-step-motor-cho-may-in-3d-cr%e2%80%9010s-pro-cr%e2%80%90x\/"]}]},{"@type":"ImageObject","inLanguage":"en-US","@id":"https:\/\/nge.vn\/san-pham\/dong-co-buoc-42%e2%80%9040-step-motor-cho-may-in-3d-cr%e2%80%9010s-pro-cr%e2%80%90x\/#primaryimage","url":"https:\/\/nge.vn\/wp-content\/uploads\/2024\/10\/images-upload-woo2F085c5685b7922aa0d790828be8bb7d19.jpg","contentUrl":"https:\/\/nge.vn\/wp-content\/uploads\/2024\/10\/images-upload-woo2F085c5685b7922aa0d790828be8bb7d19.jpg","width":1000,"height":1000},{"@type":"BreadcrumbList","@id":"https:\/\/nge.vn\/san-pham\/dong-co-buoc-42%e2%80%9040-step-motor-cho-may-in-3d-cr%e2%80%9010s-pro-cr%e2%80%90x\/#breadcrumb","itemListElement":[{"@type":"ListItem","position":1,"name":"Trang ch\u1ee7","item":"https:\/\/nge.vn\/"},{"@type":"ListItem","position":2,"name":"S\u1ea3n ph\u1ea9m","item":"https:\/\/nge.vn\/san-pham\/"},{"@type":"ListItem","position":3,"name":"\u0110\u1ed9ng c\u01a1 b\u01b0\u1edbc 42\u201040\u00a0step motor\u00a0cho m\u00e1y in 3d CR\u201010S\u00a0Pro\u00a0\/CR\u2010X"}]},{"@type":"WebSite","@id":"https:\/\/nge.vn\/#website","url":"https:\/\/nge.vn\/","name":"NGE 3D Printers Services","description":"","potentialAction":[{"@type":"SearchAction","target":{"@type":"EntryPoint","urlTemplate":"https:\/\/nge.vn\/?s={search_term_string}"},"query-input":{"@type":"PropertyValueSpecification","valueRequired":true,"valueName":"search_term_string"}}],"inLanguage":"en-US"}]}},"_links":{"self":[{"href":"https:\/\/nge.vn\/en\/wp-json\/wp\/v2\/product\/720","targetHints":{"allow":["GET"]}}],"collection":[{"href":"https:\/\/nge.vn\/en\/wp-json\/wp\/v2\/product"}],"about":[{"href":"https:\/\/nge.vn\/en\/wp-json\/wp\/v2\/types\/product"}],"replies":[{"embeddable":true,"href":"https:\/\/nge.vn\/en\/wp-json\/wp\/v2\/comments?post=720"}],"wp:featuredmedia":[{"embeddable":true,"href":"https:\/\/nge.vn\/en\/wp-json\/wp\/v2\/media\/715"}],"wp:attachment":[{"href":"https:\/\/nge.vn\/en\/wp-json\/wp\/v2\/media?parent=720"}],"wp:term":[{"taxonomy":"product_brand","embeddable":true,"href":"https:\/\/nge.vn\/en\/wp-json\/wp\/v2\/product_brand?post=720"},{"taxonomy":"product_cat","embeddable":true,"href":"https:\/\/nge.vn\/en\/wp-json\/wp\/v2\/product_cat?post=720"},{"taxonomy":"product_tag","embeddable":true,"href":"https:\/\/nge.vn\/en\/wp-json\/wp\/v2\/product_tag?post=720"}],"curies":[{"name":"wp","href":"https:\/\/api.w.org\/{rel}","templated":true}]}}