{"id":714,"date":"2024-10-25T13:17:11","date_gmt":"2024-10-25T06:17:11","guid":{"rendered":"https:\/\/nge.123websitedev.com\/san-pham\/bo-dun-may-in-3d-upgraded-extruder-kit-black\/"},"modified":"2024-10-29T17:25:37","modified_gmt":"2024-10-29T10:25:37","slug":"bo-dun-may-in-3d-upgraded-extruder-kit-black","status":"publish","type":"product","link":"https:\/\/nge.vn\/en\/product\/bo-dun-may-in-3d-upgraded-extruder-kit-black\/","title":{"rendered":"B\u1ed9 \u0111\u00f9n m\u00e1y in 3d Upgraded Extruder Kit Black"},"content":{"rendered":"<p>B\u1ed9 \u0111\u00f9n m\u00e1y in 3d Upgraded Extruder Kit Black<br \/>\n_M\u00e1y \u0111\u00f9n n\u00e2ng c\u1ea5p kh\u00f4ng c\u00f3 kh\u1edbp kh\u00ed n\u00e9n c\u00f3 m\u1eadt \u0111\u1ed9 b\u00e1nh r\u0103ng cao, ng\u0103n ng\u1eeba s\u1ef1 \u0111\u1ee9t g\u00e3y kh\u1edbp gi\u1eefa kh\u1edbp kh\u00ed n\u00e9n v\u00e0 \u1ed1ng teflon.<br \/>\n_C\u00e1c m\u00e1y t\u01b0\u01a1ng th\u00edch: CR-10 Series\u3001Ender-3 Series\u3001Ender-5 Series&#8230;<\/p>\n<p>_M\u00e1y \u0111\u00f9n kim lo\u1ea1i<br \/>\n+L\u1ef1c \u0111\u00f9n c\u00f3 th\u1ec3 \u0111i\u1ec1u ch\u1ec9nh<br \/>\n+H\u1ee3p kim nh\u00f4m ch\u1ea5t l\u01b0\u1ee3ng cao<br \/>\n+X\u1eed l\u00fd oxy h\u00f3a \u0111i\u1ec7n di b\u1ec1 m\u1eb7t<br \/>\n+D\u1ec5 d\u00e0ng \u0111\u1ec3 c\u00e0i \u0111\u1eb7t<\/p>\n<p>_M\u00e1y \u0111\u00f9n n\u00e2ng c\u1ea5p m\u1edbi<br \/>\n+M\u00e1y \u0111\u00f9n \u0111\u01b0\u1ee3c t\u1ed1i \u01b0u h\u00f3a v\u1edbi ch\u1ee9c n\u0103ng \u0111\u00f9n kim lo\u1ea1i v\u00e0 b\u1ed9 ph\u1ee5 ki\u1ec7n \u0111\u1ea7u n\u00f3ng ban \u0111\u1ea7u \u0111\u1ea9y d\u00e2y t\u00f3c v\u00e0o \u0111\u1ea7u phun m\u00e1y in, c\u1ea3i thi\u1ec7n \u0111\u00e1ng k\u1ec3 hi\u1ec7u su\u1ea5t c\u1ee7a m\u00e1y in<\/p>\n<p>Thi\u1ebft k\u1ebf t\u1ed1i \u01b0u h\u00f3a \/ C\u1ea3i thi\u1ec7n hi\u1ec7u su\u1ea5t<\/p>\n<p>_Thi\u1ebft k\u1ebf s\u00e1ng t\u1ea1o<br \/>\n+ M\u00e1y \u0111\u00f9n n\u00e2ng c\u1ea5p kh\u00f4ng c\u00f3 kh\u1edbp kh\u00ed n\u00e9n c\u00f3 m\u1eadt \u0111\u1ed9 b\u00e1nh r\u0103ng cao, ng\u0103n ng\u1eeba s\u1ef1 \u0111\u1ee9t g\u00e3y kh\u1edbp gi\u1eefa kh\u1edbp kh\u00ed n\u00e9n v\u00e0 \u1ed1ng teflon.<\/p>\n<p>Li\u00ean k\u1ebft li\u1ec1n m\u1ea1ch \/ N\u00e2ng c\u1ea5p v\u00e0 \u0111\u1ed5i m\u1edbi<br \/>\n_\u0110i\u1ec1u ch\u1ec9nh k\u1ecbp th\u1eddi \u00e1p su\u1ea5t b\u00e1nh r\u0103ng c\u1ee7a m\u00e1y \u0111\u00f9n b\u1eb1ng c\u00e1ch \u0111i\u1ec1u ch\u1ec9nh bu l\u00f4ng<\/p>\n<p>_N\u1ea1p v\u00e0o tr\u01a1n tru<br \/>\n+B\u00e1nh r\u0103ng xo\u1eafn v\u00e0 \u1ed5 tr\u1ee5c h\u00ecnh ch\u1eef U ph\u00f9 h\u1ee3p ch\u1eb7t ch\u1ebd v\u1edbi m\u1eadt \u0111\u1ed9 b\u00e1nh r\u0103ng cao. N\u1ea1p li\u1ec7u v\u00e0o \u0111\u1ed3ng \u0111\u1ec1u tr\u00e1nh tr\u01b0\u1ee3t v\u00e0 m\u00e0i<\/p>\n<p>N\u1ea1p v\u00e0o \u0111\u1ed3ng \u0111\u1ec1u \/ V\u1eeba kh\u00edt<\/p>\n<p>_Linh ho\u1ea1t v\u00e0 d\u1ec5 c\u00e0i \u0111\u1eb7t<br \/>\n+M\u00e1y \u0111\u00f9n \u0111\u01b0\u1ee3c t\u1ed1i \u01b0u h\u00f3a d\u1ec5 d\u00e0ng c\u00e0i \u0111\u1eb7t v\u00e0 \u0111i\u1ec1u ch\u1ec9nh.<\/p>\n<p>D\u1ec5 d\u00e0ng c\u00e0i \u0111\u1eb7t \/ \u0110i\u1ec1u ch\u1ec9nh l\u1ef1c \u0111\u00f9n<\/p>\n<p>_Th\u00f4ng tin s\u1ea3n ph\u1ea9m:<br \/>\n+T\u00ean s\u1ea3n ph\u1ea9m: B\u1ed9 \u0111\u00f9n n\u00e2ng c\u1ea5p m\u1edbi (\u0111en)<br \/>\n+K\u00edch th\u01b0\u1edbc s\u1ea3n ph\u1ea9m: 16 * 89 * 162mm<br \/>\n+N.W: 0,049kg<br \/>\n+V\u1eadt li\u1ec7u: h\u1ee3p kim nh\u00f4m 6061<br \/>\n+C\u00e1c m\u1eabu c\u00f3 th\u1ec3 thay th\u1ebf: CR-10 Series \u3001 Ender-3 Series \u3001 Ender-5 Series<\/p>\n<p>**\u0110\u1ec3 \u0111\u01b0\u1ee3c nh\u1eadn h\u1ed9 tr\u1ee3 th\u00eam v\u1ec1 Gi\u00e1 v\u00e0 Th\u00f4ng tin c\u1ee7a s\u1ea3n ph\u1ea9m, vui l\u00f2ng li\u00ean h\u1ec7:<br \/>\n    0913.939.775 contact A.Quan (for English)<br \/>\n    094.144.0951 contact A.Quynh<br \/>\n**Selling price does not include VAT (+10% if VAT invoice is issued)<\/p>","protected":false},"excerpt":{"rendered":"<p>B\u1ed9 \u0111\u00f9n m\u00e1y in 3d Upgraded Extruder Kit Black<\/p>","protected":false},"featured_media":705,"comment_status":"open","ping_status":"closed","template":"","meta":{"inline_featured_image":false},"product_brand":[],"product_cat":[461,40],"product_tag":[],"class_list":{"0":"post-714","1":"product","2":"type-product","3":"status-publish","4":"has-post-thumbnail","6":"product_cat-linh-kien-cum-dun-va-cam-bien","7":"product_cat-linh-kien-va-phu-kien","9":"first","10":"instock","11":"taxable","12":"shipping-taxable","13":"purchasable","14":"product-type-simple"},"yoast_head":"<!-- This site is optimized with the Yoast SEO Premium plugin v22.8 (Yoast SEO v26.9) - https:\/\/yoast.com\/product\/yoast-seo-premium-wordpress\/ -->\n<title>B\u1ed9 \u0111\u00f9n m\u00e1y in 3d Upgraded Extruder Kit Black - NGE 3D Printers Services<\/title>\n<meta name=\"robots\" content=\"index, follow, max-snippet:-1, max-image-preview:large, max-video-preview:-1\" \/>\n<link rel=\"canonical\" href=\"https:\/\/nge.vn\/en\/product\/bo-dun-may-in-3d-upgraded-extruder-kit-black\/\" \/>\n<meta property=\"og:locale\" content=\"en_US\" \/>\n<meta property=\"og:type\" content=\"article\" \/>\n<meta property=\"og:title\" content=\"B\u1ed9 \u0111\u00f9n m\u00e1y in 3d Upgraded Extruder Kit Black\" \/>\n<meta property=\"og:description\" content=\"B\u1ed9 \u0111\u00f9n m\u00e1y in 3d Upgraded Extruder Kit Black\" \/>\n<meta property=\"og:url\" content=\"https:\/\/nge.vn\/en\/product\/bo-dun-may-in-3d-upgraded-extruder-kit-black\/\" \/>\n<meta property=\"og:site_name\" content=\"NGE 3D Printers Services\" \/>\n<meta property=\"article:modified_time\" content=\"2024-10-29T10:25:37+00:00\" \/>\n<meta property=\"og:image\" content=\"https:\/\/nge.vn\/wp-content\/uploads\/2024\/10\/images-upload-woo2F503ec9112ae5b85bccc4d64ae555aa79.jpg\" \/>\n\t<meta property=\"og:image:width\" content=\"1024\" \/>\n\t<meta property=\"og:image:height\" content=\"1024\" \/>\n\t<meta property=\"og:image:type\" content=\"image\/jpeg\" \/>\n<meta name=\"twitter:card\" content=\"summary_large_image\" \/>\n<meta name=\"twitter:label1\" content=\"Est. reading time\" \/>\n\t<meta name=\"twitter:data1\" content=\"2 minutes\" \/>\n<script type=\"application\/ld+json\" class=\"yoast-schema-graph\">{\"@context\":\"https:\/\/schema.org\",\"@graph\":[{\"@type\":\"WebPage\",\"@id\":\"https:\/\/nge.vn\/san-pham\/bo-dun-may-in-3d-upgraded-extruder-kit-black\/\",\"url\":\"https:\/\/nge.vn\/san-pham\/bo-dun-may-in-3d-upgraded-extruder-kit-black\/\",\"name\":\"B\u1ed9 \u0111\u00f9n m\u00e1y in 3d Upgraded Extruder Kit Black - NGE 3D Printers Services\",\"isPartOf\":{\"@id\":\"https:\/\/nge.vn\/#website\"},\"primaryImageOfPage\":{\"@id\":\"https:\/\/nge.vn\/san-pham\/bo-dun-may-in-3d-upgraded-extruder-kit-black\/#primaryimage\"},\"image\":{\"@id\":\"https:\/\/nge.vn\/san-pham\/bo-dun-may-in-3d-upgraded-extruder-kit-black\/#primaryimage\"},\"thumbnailUrl\":\"https:\/\/nge.vn\/wp-content\/uploads\/2024\/10\/images-upload-woo2F503ec9112ae5b85bccc4d64ae555aa79.jpg\",\"datePublished\":\"2024-10-25T06:17:11+00:00\",\"dateModified\":\"2024-10-29T10:25:37+00:00\",\"breadcrumb\":{\"@id\":\"https:\/\/nge.vn\/san-pham\/bo-dun-may-in-3d-upgraded-extruder-kit-black\/#breadcrumb\"},\"inLanguage\":\"en-US\",\"potentialAction\":[{\"@type\":\"ReadAction\",\"target\":[\"https:\/\/nge.vn\/san-pham\/bo-dun-may-in-3d-upgraded-extruder-kit-black\/\"]}]},{\"@type\":\"ImageObject\",\"inLanguage\":\"en-US\",\"@id\":\"https:\/\/nge.vn\/san-pham\/bo-dun-may-in-3d-upgraded-extruder-kit-black\/#primaryimage\",\"url\":\"https:\/\/nge.vn\/wp-content\/uploads\/2024\/10\/images-upload-woo2F503ec9112ae5b85bccc4d64ae555aa79.jpg\",\"contentUrl\":\"https:\/\/nge.vn\/wp-content\/uploads\/2024\/10\/images-upload-woo2F503ec9112ae5b85bccc4d64ae555aa79.jpg\",\"width\":1024,\"height\":1024},{\"@type\":\"BreadcrumbList\",\"@id\":\"https:\/\/nge.vn\/san-pham\/bo-dun-may-in-3d-upgraded-extruder-kit-black\/#breadcrumb\",\"itemListElement\":[{\"@type\":\"ListItem\",\"position\":1,\"name\":\"Trang ch\u1ee7\",\"item\":\"https:\/\/nge.vn\/\"},{\"@type\":\"ListItem\",\"position\":2,\"name\":\"S\u1ea3n ph\u1ea9m\",\"item\":\"https:\/\/nge.vn\/san-pham\/\"},{\"@type\":\"ListItem\",\"position\":3,\"name\":\"B\u1ed9 \u0111\u00f9n m\u00e1y in 3d Upgraded Extruder Kit Black\"}]},{\"@type\":\"WebSite\",\"@id\":\"https:\/\/nge.vn\/#website\",\"url\":\"https:\/\/nge.vn\/\",\"name\":\"NGE 3D Printers Services\",\"description\":\"\",\"potentialAction\":[{\"@type\":\"SearchAction\",\"target\":{\"@type\":\"EntryPoint\",\"urlTemplate\":\"https:\/\/nge.vn\/?s={search_term_string}\"},\"query-input\":{\"@type\":\"PropertyValueSpecification\",\"valueRequired\":true,\"valueName\":\"search_term_string\"}}],\"inLanguage\":\"en-US\"}]}<\/script>\n<!-- \/ Yoast SEO Premium plugin. -->","yoast_head_json":{"title":"B\u1ed9 \u0111\u00f9n m\u00e1y in 3d Upgraded Extruder Kit Black - NGE 3D Printers Services","robots":{"index":"index","follow":"follow","max-snippet":"max-snippet:-1","max-image-preview":"max-image-preview:large","max-video-preview":"max-video-preview:-1"},"canonical":"https:\/\/nge.vn\/en\/product\/bo-dun-may-in-3d-upgraded-extruder-kit-black\/","og_locale":"en_US","og_type":"article","og_title":"B\u1ed9 \u0111\u00f9n m\u00e1y in 3d Upgraded Extruder Kit Black","og_description":"B\u1ed9 \u0111\u00f9n m\u00e1y in 3d Upgraded Extruder Kit Black","og_url":"https:\/\/nge.vn\/en\/product\/bo-dun-may-in-3d-upgraded-extruder-kit-black\/","og_site_name":"NGE 3D Printers Services","article_modified_time":"2024-10-29T10:25:37+00:00","og_image":[{"width":1024,"height":1024,"url":"https:\/\/nge.vn\/wp-content\/uploads\/2024\/10\/images-upload-woo2F503ec9112ae5b85bccc4d64ae555aa79.jpg","type":"image\/jpeg"}],"twitter_card":"summary_large_image","twitter_misc":{"Est. reading time":"2 minutes"},"schema":{"@context":"https:\/\/schema.org","@graph":[{"@type":"WebPage","@id":"https:\/\/nge.vn\/san-pham\/bo-dun-may-in-3d-upgraded-extruder-kit-black\/","url":"https:\/\/nge.vn\/san-pham\/bo-dun-may-in-3d-upgraded-extruder-kit-black\/","name":"B\u1ed9 \u0111\u00f9n m\u00e1y in 3d Upgraded Extruder Kit Black - NGE 3D Printers Services","isPartOf":{"@id":"https:\/\/nge.vn\/#website"},"primaryImageOfPage":{"@id":"https:\/\/nge.vn\/san-pham\/bo-dun-may-in-3d-upgraded-extruder-kit-black\/#primaryimage"},"image":{"@id":"https:\/\/nge.vn\/san-pham\/bo-dun-may-in-3d-upgraded-extruder-kit-black\/#primaryimage"},"thumbnailUrl":"https:\/\/nge.vn\/wp-content\/uploads\/2024\/10\/images-upload-woo2F503ec9112ae5b85bccc4d64ae555aa79.jpg","datePublished":"2024-10-25T06:17:11+00:00","dateModified":"2024-10-29T10:25:37+00:00","breadcrumb":{"@id":"https:\/\/nge.vn\/san-pham\/bo-dun-may-in-3d-upgraded-extruder-kit-black\/#breadcrumb"},"inLanguage":"en-US","potentialAction":[{"@type":"ReadAction","target":["https:\/\/nge.vn\/san-pham\/bo-dun-may-in-3d-upgraded-extruder-kit-black\/"]}]},{"@type":"ImageObject","inLanguage":"en-US","@id":"https:\/\/nge.vn\/san-pham\/bo-dun-may-in-3d-upgraded-extruder-kit-black\/#primaryimage","url":"https:\/\/nge.vn\/wp-content\/uploads\/2024\/10\/images-upload-woo2F503ec9112ae5b85bccc4d64ae555aa79.jpg","contentUrl":"https:\/\/nge.vn\/wp-content\/uploads\/2024\/10\/images-upload-woo2F503ec9112ae5b85bccc4d64ae555aa79.jpg","width":1024,"height":1024},{"@type":"BreadcrumbList","@id":"https:\/\/nge.vn\/san-pham\/bo-dun-may-in-3d-upgraded-extruder-kit-black\/#breadcrumb","itemListElement":[{"@type":"ListItem","position":1,"name":"Trang ch\u1ee7","item":"https:\/\/nge.vn\/"},{"@type":"ListItem","position":2,"name":"S\u1ea3n ph\u1ea9m","item":"https:\/\/nge.vn\/san-pham\/"},{"@type":"ListItem","position":3,"name":"B\u1ed9 \u0111\u00f9n m\u00e1y in 3d Upgraded Extruder Kit Black"}]},{"@type":"WebSite","@id":"https:\/\/nge.vn\/#website","url":"https:\/\/nge.vn\/","name":"NGE 3D Printers Services","description":"","potentialAction":[{"@type":"SearchAction","target":{"@type":"EntryPoint","urlTemplate":"https:\/\/nge.vn\/?s={search_term_string}"},"query-input":{"@type":"PropertyValueSpecification","valueRequired":true,"valueName":"search_term_string"}}],"inLanguage":"en-US"}]}},"_links":{"self":[{"href":"https:\/\/nge.vn\/en\/wp-json\/wp\/v2\/product\/714","targetHints":{"allow":["GET"]}}],"collection":[{"href":"https:\/\/nge.vn\/en\/wp-json\/wp\/v2\/product"}],"about":[{"href":"https:\/\/nge.vn\/en\/wp-json\/wp\/v2\/types\/product"}],"replies":[{"embeddable":true,"href":"https:\/\/nge.vn\/en\/wp-json\/wp\/v2\/comments?post=714"}],"wp:featuredmedia":[{"embeddable":true,"href":"https:\/\/nge.vn\/en\/wp-json\/wp\/v2\/media\/705"}],"wp:attachment":[{"href":"https:\/\/nge.vn\/en\/wp-json\/wp\/v2\/media?parent=714"}],"wp:term":[{"taxonomy":"product_brand","embeddable":true,"href":"https:\/\/nge.vn\/en\/wp-json\/wp\/v2\/product_brand?post=714"},{"taxonomy":"product_cat","embeddable":true,"href":"https:\/\/nge.vn\/en\/wp-json\/wp\/v2\/product_cat?post=714"},{"taxonomy":"product_tag","embeddable":true,"href":"https:\/\/nge.vn\/en\/wp-json\/wp\/v2\/product_tag?post=714"}],"curies":[{"name":"wp","href":"https:\/\/api.w.org\/{rel}","templated":true}]}}