{"id":704,"date":"2024-10-25T13:15:26","date_gmt":"2024-10-25T06:15:26","guid":{"rendered":"https:\/\/nge.123websitedev.com\/san-pham\/bo-tam-ban-in-mat-nham-pei-printing-plate-kit-frosted-surface-3773702mm-cho-may-in-3d-ender-5-plus\/"},"modified":"2024-10-29T17:25:43","modified_gmt":"2024-10-29T10:25:43","slug":"bo-tam-ban-in-mat-nham-pei-printing-plate-kit-frosted-surface-3773702mm-cho-may-in-3d-ender-5-plus","status":"publish","type":"product","link":"https:\/\/nge.vn\/en\/product\/bo-tam-ban-in-mat-nham-pei-printing-plate-kit-frosted-surface-3773702mm-cho-may-in-3d-ender-5-plus\/","title":{"rendered":"B\u1ed9 t\u1ea5m b\u00e0n in m\u1eb7t nh\u00e1m PEI Printing Plate Kit Frosted Surface 377*370*2mm cho m\u00e1y in 3d Ender 5 Plus"},"content":{"rendered":"<p>B\u1ed9 t\u1ea5m b\u00e0n in m\u1eb7t nh\u00e1m PEI Printing Plate Kit Frosted Surface 377*370*2mm cho m\u00e1y in 3d Ender 5 Plus<br \/>\n_T\u1ea5m PEl v\u1edbi b\u1ec1 m\u1eb7t v\u00e0ng ph\u1ee7 m\u1edd nh\u00e1m ch\u1ed1ng ch\u00e1y v\u00e0 ch\u1ecbu nhi\u1ec7t.<\/p>\n<p>_B\u1ed9 t\u1ea5m b\u00e0n in PEI: N\u1ec1n PEI &amp; mi\u1ebfng d\u00e1n t\u1eeb t\u00ednh m\u1ec1m<\/p>\n<p>_B\u1ec1 m\u1eb7t v\u00e0ng m\u1edd nh\u00e1m: Ch\u1ed1ng ch\u00e1y v\u00e0 ch\u1ecbu nhi\u1ec7t<\/p>\n<p>_T\u1ea5m l\u00f2 xo PEI: \u0110\u1ed9 b\u1ec1n cao v\u00e0 kh\u1ea3 n\u0103ng ch\u1ed1ng m\u00e0i m\u00f2n<\/p>\n<p>_Mi\u1ebfng d\u00e1n t\u1eeb t\u00ednh m\u1ec1m: L\u1ef1c t\u1eeb m\u1ea1nh v\u00e0 th\u00e1o g\u1ee1 \u0111\u01a1n gi\u1ea3n<\/p>\n<p>_B\u1ed9 hai trong m\u1ed9t: \u0110\u1ed9 b\u00e1m d\u00ednh ch\u1eafc ch\u1eafn, d\u1ec5 s\u1eed d\u1ee5ng v\u00e0 thay th\u1ebf.<br \/>\n1.V\u00f9ng in PEI v\u00e0ng m\u1edd nh\u00e1m.<br \/>\n2.Mi\u1ebfng d\u00e1n n\u1ec1n nam ch\u00e2m m\u1ec1m.<\/p>\n<p>_T\u1ea5m b\u00e0n in PEI: Ch\u1ed1ng ch\u00e1y v\u00e0 ch\u1ecbu nhi\u1ec7t \/ \u0110\u1ed9 b\u1ec1n cao v\u00e0 ch\u1ed1ng m\u00e0i m\u00f2n<\/p>\n<p>_T\u1ea5m PEI v\u00e0ng v\u1edbi b\u1ec1 m\u1eb7t m\u1edd: Ch\u1ed1ng ch\u00e1y v\u00e0 ch\u1ecbu nhi\u1ec7t<\/p>\n<p>_T\u1ea5m PEI v\u00e0ng v\u1edbi b\u1ec1 m\u1eb7t m\u1edd c\u00f3 \u0111\u1ed9 \u1ed5n \u0111\u1ecbnh nhi\u1ec7t \u0111\u1ed9 cao, ch\u1ed1ng ch\u00e1y, ch\u1ecbu nhi\u1ec7t, \u0111\u1ed9 b\u1ec1n cao, ch\u1ed1ng m\u00e0i m\u00f2n v\u00e0 \u0111\u1ed9 \u1ed5n \u0111\u1ecbnh in t\u1ed1t<\/p>\n<p>_PEI (polyetherimide): Ch\u1ec9 s\u1ed1 oxy l\u00e0 46% v\u00e0 c\u1ea5p \u0111\u1ed1t ch\u00e1y l\u00e0 UL94-V-0. V\u1eadt li\u1ec7u PEI c\u00f3 \u0111\u1ed9 b\u1ec1n cao v\u00e0 t\u00ednh \u1ed5n \u0111\u1ecbnh nhi\u1ec7t \u0111\u1ed9 cao, \u0111\u1ed9 c\u1ee9ng cao v\u00e0 \u00edt kh\u00f3i.<\/p>\n<p>_T\u1ea5m l\u00f2 xo PEI kh\u00f4ng bi\u1ebfn d\u1ea1ng \u1edf 200 \u2103<br \/>\n+S\u01a1n t\u0129nh \u0111i\u1ec7n PEI ch\u00ednh h\u00e3ng c\u00f3 kh\u1ea3 n\u0103ng ch\u1ecbu nhi\u1ec7t. T\u1ea5m l\u00f2 xo th\u00e9p c\u1ee9ng c\u00f3 kh\u1ea3 n\u0103ng ch\u1ecbu nhi\u1ec7t \u0111\u1ed9 200 \u2103 v\u00e0 kh\u00f4ng b\u1ecb bi\u1ebfn d\u1ea1ng.<\/p>\n<p>_Mi\u1ebfng d\u00e1n t\u1eeb t\u00ednh m\u1ec1m.<br \/>\n_L\u1ef1c t\u1eeb tr\u01b0\u1eddng m\u1ea1nh<br \/>\n_Th\u00e1o g\u1ee1 d\u1ec5 d\u00e0ng<br \/>\n_\u0110\u1ed9 b\u00e1m d\u00ednh ch\u1eafc ch\u1eafn khi in<\/p>\n<p>_Ch\u1ea5t li\u1ec7u composite t\u1eeb t\u00ednh kh\u00f4ng kh\u1eed t\u1eeb d\u1ec5 d\u00e0ng g\u1eafn d\u00e1n v\u00e0 th\u00e1o l\u1ea5y.<br \/>\n_Ch\u1ed1ng ch\u00e1y v\u00e0 ch\u1ecbu nhi\u1ec7t<br \/>\n_Ch\u1ecbu nhi\u1ec7t v\u00e0 kh\u00f4ng kh\u1eed t\u1eeb<br \/>\n_PC thu\u1ed9c lo\u1ea1i nam ch\u00e2m m\u1ec1m, c\u00f3 kh\u1ea3 n\u0103ng ch\u1ed1ng ch\u00e1y, ch\u1ed1ng m\u00e0i m\u00f2n, ch\u1ed1ng oxi h\u00f3a, \u0111\u1ed9 co ng\u00f3t h\u00ecnh th\u00e0nh th\u1ea5p v\u00e0 kh\u1ea3 n\u0103ng ch\u1ecbu nhi\u1ec7t m\u00e0 kh\u00f4ng kh\u1eed t\u1eeb. C\u00f3 s\u1ef1 k\u1ebft h\u1ee3p t\u1ed1t gi\u1eefa v\u1eadt li\u1ec7u nung n\u00f3ng v\u00e0 l\u1edbp in, gi\u00fap gi\u1ea3m bi\u1ebfn d\u1ea1ng do co ng\u00f3t v\u00e0 tr\u00e1nh cong v\u00eanh.<\/p>\n<p>***\u0110\u1ed9 b\u1ec1n b\u1ec1 m\u1eb7t cao kh\u00f4ng bong tr\u00f3c s\u1eed d\u1ee5ng \u1ed5n \u0111\u1ecbnh, c\u00f2n c\u00e1c s\u1ea3n ph\u1ea9m gi\u00e1 r\u1ebb tr\u00ean th\u1ecb tr\u01b0\u1eddng hi\u1ec7n nay b\u1ec1 m\u1eb7t ch\u1ea5t l\u01b0\u1ee3ng k\u00e9m r\u1ea5t d\u1ec5 bong tr\u00f3c v\u00e0 b\u1ec1 m\u1eb7t kh\u00f4ng b\u1eb1ng ph\u1eb3ng (in 1-2 l\u1ea7n l\u00e0 \u0111\u00e3 tr\u00f3c b\u1ec1 m\u1eb7t) <\/p>\n<p>**C\u00e1c th\u00f4ng s\u1ed1 s\u1ea3n ph\u1ea9m:<br \/>\n+H\u00e3ng s\u1ea3n xu\u1ea5t: Creality<br \/>\n+K\u00edch th\u01b0\u1edbc s\u1ea3n ph\u1ea9m: 377*370*2mm<br \/>\n+K\u00edch th\u01b0\u1edbc \u0111\u00f3ng g\u00f3i: 425*405*45mm<br \/>\n+T\u01b0\u01a1ng th\u00edch cho c\u00e1c m\u00e1y: Ender 5 Plus&#8230;(\u0110\u1ec3 d\u00f9ng cho c\u00e1c m\u00e1y kh\u00e1c qu\u00fd ch\u00ednh x\u00e1c h\u01a1n Qu\u00fd kh\u00e1ch vui l\u00f2ng \u0111o l\u1ea1i m\u1eb7t b\u00e0n ho\u1eb7c li\u00ean h\u1ec7 shop tr\u01b0\u1edbc khi \u0111\u1eb7t h\u00e0ng)<\/p>\n<p>***C\u00e1c PEI k\u00edch th\u01b0\u1edbc kh\u00e1c:<br \/>\n\ud83d\udc49K\u00edch th\u01b0\u1edbc 235*235*2mm =&gt;d\u00f9ng cho c\u00e1c m\u00e1y: Ender 3 Series, Ender 5 Serices, CR-20 Series, CP-01&#8230;<br \/>\n\ud83d\udc49K\u00edch th\u01b0\u1edbc 255*245*2mm =&gt;d\u00f9ng cho c\u00e1c m\u00e1y: CR-6 SE&#8230;<br \/>\n\ud83d\udc49K\u00edch th\u01b0\u1edbc 320*310*2mm =&gt;d\u00f9ng cho c\u00e1c m\u00e1y: CR-10; CR-10S; CR-10S PRO; Ender-3 Max; CR-10 Smart; CR-10 V2; CR-10 V3; CR-10S Pro V2; CR-X; CR-X PRO&#8230;v\u00e0 c\u00e1c m\u00e1y c\u00f3 kh\u1ed5 in 30*30*40cm c\u1ee7a Creality<\/p>\n<p>\ud83d\udc49K\u00edch th\u01b0\u1edbc 377*370*2mm =&gt;d\u00f9ng cho Ender 5 Plus<\/p>\n<p>**\u0110\u1ec3 \u0111\u01b0\u1ee3c nh\u1eadn h\u1ed9 tr\u1ee3 th\u00eam v\u1ec1 Gi\u00e1 v\u00e0 Th\u00f4ng tin c\u1ee7a s\u1ea3n ph\u1ea9m, vui l\u00f2ng li\u00ean h\u1ec7:<br \/>\n          0913.939.775 contact A.Quan (for English)<br \/>\n          094.144.0951 contact A.Quynh<br \/>\n**Selling price does not include VAT (+10% if VAT invoice is issued)<\/p>","protected":false},"excerpt":{"rendered":"<p>B\u1ed9 t\u1ea5m b\u00e0n in m\u1eb7t nh\u00e1m PEI Printing Plate Kit Frosted Surface 377*370*2mm cho m\u00e1y in 3d Ender 5 Plus<\/p>","protected":false},"featured_media":696,"comment_status":"open","ping_status":"closed","template":"","meta":{"inline_featured_image":false},"product_brand":[],"product_cat":[458,40],"product_tag":[],"class_list":{"0":"post-704","1":"product","2":"type-product","3":"status-publish","4":"has-post-thumbnail","6":"product_cat-ban-kinh-carbon-va-pei","7":"product_cat-linh-kien-va-phu-kien","9":"first","10":"instock","11":"taxable","12":"shipping-taxable","13":"purchasable","14":"product-type-simple"},"yoast_head":"<!-- This site is optimized with the Yoast SEO Premium plugin v22.8 (Yoast SEO v26.9) - https:\/\/yoast.com\/product\/yoast-seo-premium-wordpress\/ -->\n<title>B\u1ed9 t\u1ea5m b\u00e0n in m\u1eb7t nh\u00e1m PEI Printing Plate Kit Frosted Surface 377*370*2mm cho m\u00e1y in 3d Ender 5 Plus - NGE 3D Printers Services<\/title>\n<meta name=\"robots\" content=\"index, follow, max-snippet:-1, max-image-preview:large, max-video-preview:-1\" \/>\n<link rel=\"canonical\" href=\"https:\/\/nge.vn\/en\/product\/bo-tam-ban-in-mat-nham-pei-printing-plate-kit-frosted-surface-3773702mm-cho-may-in-3d-ender-5-plus\/\" \/>\n<meta property=\"og:locale\" content=\"en_US\" \/>\n<meta property=\"og:type\" content=\"article\" \/>\n<meta property=\"og:title\" content=\"B\u1ed9 t\u1ea5m b\u00e0n in m\u1eb7t nh\u00e1m PEI Printing Plate Kit Frosted Surface 377*370*2mm cho m\u00e1y in 3d Ender 5 Plus\" \/>\n<meta property=\"og:description\" content=\"B\u1ed9 t\u1ea5m b\u00e0n in m\u1eb7t nh\u00e1m PEI Printing Plate Kit Frosted Surface 377*370*2mm cho m\u00e1y in 3d Ender 5 Plus\" \/>\n<meta property=\"og:url\" content=\"https:\/\/nge.vn\/en\/product\/bo-tam-ban-in-mat-nham-pei-printing-plate-kit-frosted-surface-3773702mm-cho-may-in-3d-ender-5-plus\/\" \/>\n<meta property=\"og:site_name\" content=\"NGE 3D Printers Services\" \/>\n<meta property=\"article:modified_time\" content=\"2024-10-29T10:25:43+00:00\" \/>\n<meta property=\"og:image\" content=\"https:\/\/nge.vn\/wp-content\/uploads\/2024\/10\/images-upload-woo2F3bfa8cba0fab825a11fb29bee0b301fa.jpg\" \/>\n\t<meta property=\"og:image:width\" content=\"639\" \/>\n\t<meta property=\"og:image:height\" content=\"639\" \/>\n\t<meta property=\"og:image:type\" content=\"image\/jpeg\" \/>\n<meta name=\"twitter:card\" content=\"summary_large_image\" \/>\n<meta name=\"twitter:label1\" content=\"Est. reading time\" \/>\n\t<meta name=\"twitter:data1\" content=\"4 minutes\" \/>\n<script type=\"application\/ld+json\" class=\"yoast-schema-graph\">{\"@context\":\"https:\/\/schema.org\",\"@graph\":[{\"@type\":\"WebPage\",\"@id\":\"https:\/\/nge.vn\/san-pham\/bo-tam-ban-in-mat-nham-pei-printing-plate-kit-frosted-surface-3773702mm-cho-may-in-3d-ender-5-plus\/\",\"url\":\"https:\/\/nge.vn\/san-pham\/bo-tam-ban-in-mat-nham-pei-printing-plate-kit-frosted-surface-3773702mm-cho-may-in-3d-ender-5-plus\/\",\"name\":\"B\u1ed9 t\u1ea5m b\u00e0n in m\u1eb7t nh\u00e1m PEI Printing Plate Kit Frosted Surface 377*370*2mm cho m\u00e1y in 3d Ender 5 Plus - NGE 3D Printers Services\",\"isPartOf\":{\"@id\":\"https:\/\/nge.vn\/#website\"},\"primaryImageOfPage\":{\"@id\":\"https:\/\/nge.vn\/san-pham\/bo-tam-ban-in-mat-nham-pei-printing-plate-kit-frosted-surface-3773702mm-cho-may-in-3d-ender-5-plus\/#primaryimage\"},\"image\":{\"@id\":\"https:\/\/nge.vn\/san-pham\/bo-tam-ban-in-mat-nham-pei-printing-plate-kit-frosted-surface-3773702mm-cho-may-in-3d-ender-5-plus\/#primaryimage\"},\"thumbnailUrl\":\"https:\/\/nge.vn\/wp-content\/uploads\/2024\/10\/images-upload-woo2F3bfa8cba0fab825a11fb29bee0b301fa.jpg\",\"datePublished\":\"2024-10-25T06:15:26+00:00\",\"dateModified\":\"2024-10-29T10:25:43+00:00\",\"breadcrumb\":{\"@id\":\"https:\/\/nge.vn\/san-pham\/bo-tam-ban-in-mat-nham-pei-printing-plate-kit-frosted-surface-3773702mm-cho-may-in-3d-ender-5-plus\/#breadcrumb\"},\"inLanguage\":\"en-US\",\"potentialAction\":[{\"@type\":\"ReadAction\",\"target\":[\"https:\/\/nge.vn\/san-pham\/bo-tam-ban-in-mat-nham-pei-printing-plate-kit-frosted-surface-3773702mm-cho-may-in-3d-ender-5-plus\/\"]}]},{\"@type\":\"ImageObject\",\"inLanguage\":\"en-US\",\"@id\":\"https:\/\/nge.vn\/san-pham\/bo-tam-ban-in-mat-nham-pei-printing-plate-kit-frosted-surface-3773702mm-cho-may-in-3d-ender-5-plus\/#primaryimage\",\"url\":\"https:\/\/nge.vn\/wp-content\/uploads\/2024\/10\/images-upload-woo2F3bfa8cba0fab825a11fb29bee0b301fa.jpg\",\"contentUrl\":\"https:\/\/nge.vn\/wp-content\/uploads\/2024\/10\/images-upload-woo2F3bfa8cba0fab825a11fb29bee0b301fa.jpg\",\"width\":639,\"height\":639},{\"@type\":\"BreadcrumbList\",\"@id\":\"https:\/\/nge.vn\/san-pham\/bo-tam-ban-in-mat-nham-pei-printing-plate-kit-frosted-surface-3773702mm-cho-may-in-3d-ender-5-plus\/#breadcrumb\",\"itemListElement\":[{\"@type\":\"ListItem\",\"position\":1,\"name\":\"Trang ch\u1ee7\",\"item\":\"https:\/\/nge.vn\/\"},{\"@type\":\"ListItem\",\"position\":2,\"name\":\"S\u1ea3n ph\u1ea9m\",\"item\":\"https:\/\/nge.vn\/san-pham\/\"},{\"@type\":\"ListItem\",\"position\":3,\"name\":\"B\u1ed9 t\u1ea5m b\u00e0n in m\u1eb7t nh\u00e1m PEI Printing Plate Kit Frosted Surface 377*370*2mm cho m\u00e1y in 3d Ender 5 Plus\"}]},{\"@type\":\"WebSite\",\"@id\":\"https:\/\/nge.vn\/#website\",\"url\":\"https:\/\/nge.vn\/\",\"name\":\"NGE 3D Printers Services\",\"description\":\"\",\"potentialAction\":[{\"@type\":\"SearchAction\",\"target\":{\"@type\":\"EntryPoint\",\"urlTemplate\":\"https:\/\/nge.vn\/?s={search_term_string}\"},\"query-input\":{\"@type\":\"PropertyValueSpecification\",\"valueRequired\":true,\"valueName\":\"search_term_string\"}}],\"inLanguage\":\"en-US\"}]}<\/script>\n<!-- \/ Yoast SEO Premium plugin. -->","yoast_head_json":{"title":"B\u1ed9 t\u1ea5m b\u00e0n in m\u1eb7t nh\u00e1m PEI Printing Plate Kit Frosted Surface 377*370*2mm cho m\u00e1y in 3d Ender 5 Plus - NGE 3D Printers Services","robots":{"index":"index","follow":"follow","max-snippet":"max-snippet:-1","max-image-preview":"max-image-preview:large","max-video-preview":"max-video-preview:-1"},"canonical":"https:\/\/nge.vn\/en\/product\/bo-tam-ban-in-mat-nham-pei-printing-plate-kit-frosted-surface-3773702mm-cho-may-in-3d-ender-5-plus\/","og_locale":"en_US","og_type":"article","og_title":"B\u1ed9 t\u1ea5m b\u00e0n in m\u1eb7t nh\u00e1m PEI Printing Plate Kit Frosted Surface 377*370*2mm cho m\u00e1y in 3d Ender 5 Plus","og_description":"B\u1ed9 t\u1ea5m b\u00e0n in m\u1eb7t nh\u00e1m PEI Printing Plate Kit Frosted Surface 377*370*2mm cho m\u00e1y in 3d Ender 5 Plus","og_url":"https:\/\/nge.vn\/en\/product\/bo-tam-ban-in-mat-nham-pei-printing-plate-kit-frosted-surface-3773702mm-cho-may-in-3d-ender-5-plus\/","og_site_name":"NGE 3D Printers Services","article_modified_time":"2024-10-29T10:25:43+00:00","og_image":[{"width":639,"height":639,"url":"https:\/\/nge.vn\/wp-content\/uploads\/2024\/10\/images-upload-woo2F3bfa8cba0fab825a11fb29bee0b301fa.jpg","type":"image\/jpeg"}],"twitter_card":"summary_large_image","twitter_misc":{"Est. reading time":"4 minutes"},"schema":{"@context":"https:\/\/schema.org","@graph":[{"@type":"WebPage","@id":"https:\/\/nge.vn\/san-pham\/bo-tam-ban-in-mat-nham-pei-printing-plate-kit-frosted-surface-3773702mm-cho-may-in-3d-ender-5-plus\/","url":"https:\/\/nge.vn\/san-pham\/bo-tam-ban-in-mat-nham-pei-printing-plate-kit-frosted-surface-3773702mm-cho-may-in-3d-ender-5-plus\/","name":"B\u1ed9 t\u1ea5m b\u00e0n in m\u1eb7t nh\u00e1m PEI Printing Plate Kit Frosted Surface 377*370*2mm cho m\u00e1y in 3d Ender 5 Plus - NGE 3D Printers Services","isPartOf":{"@id":"https:\/\/nge.vn\/#website"},"primaryImageOfPage":{"@id":"https:\/\/nge.vn\/san-pham\/bo-tam-ban-in-mat-nham-pei-printing-plate-kit-frosted-surface-3773702mm-cho-may-in-3d-ender-5-plus\/#primaryimage"},"image":{"@id":"https:\/\/nge.vn\/san-pham\/bo-tam-ban-in-mat-nham-pei-printing-plate-kit-frosted-surface-3773702mm-cho-may-in-3d-ender-5-plus\/#primaryimage"},"thumbnailUrl":"https:\/\/nge.vn\/wp-content\/uploads\/2024\/10\/images-upload-woo2F3bfa8cba0fab825a11fb29bee0b301fa.jpg","datePublished":"2024-10-25T06:15:26+00:00","dateModified":"2024-10-29T10:25:43+00:00","breadcrumb":{"@id":"https:\/\/nge.vn\/san-pham\/bo-tam-ban-in-mat-nham-pei-printing-plate-kit-frosted-surface-3773702mm-cho-may-in-3d-ender-5-plus\/#breadcrumb"},"inLanguage":"en-US","potentialAction":[{"@type":"ReadAction","target":["https:\/\/nge.vn\/san-pham\/bo-tam-ban-in-mat-nham-pei-printing-plate-kit-frosted-surface-3773702mm-cho-may-in-3d-ender-5-plus\/"]}]},{"@type":"ImageObject","inLanguage":"en-US","@id":"https:\/\/nge.vn\/san-pham\/bo-tam-ban-in-mat-nham-pei-printing-plate-kit-frosted-surface-3773702mm-cho-may-in-3d-ender-5-plus\/#primaryimage","url":"https:\/\/nge.vn\/wp-content\/uploads\/2024\/10\/images-upload-woo2F3bfa8cba0fab825a11fb29bee0b301fa.jpg","contentUrl":"https:\/\/nge.vn\/wp-content\/uploads\/2024\/10\/images-upload-woo2F3bfa8cba0fab825a11fb29bee0b301fa.jpg","width":639,"height":639},{"@type":"BreadcrumbList","@id":"https:\/\/nge.vn\/san-pham\/bo-tam-ban-in-mat-nham-pei-printing-plate-kit-frosted-surface-3773702mm-cho-may-in-3d-ender-5-plus\/#breadcrumb","itemListElement":[{"@type":"ListItem","position":1,"name":"Trang ch\u1ee7","item":"https:\/\/nge.vn\/"},{"@type":"ListItem","position":2,"name":"S\u1ea3n ph\u1ea9m","item":"https:\/\/nge.vn\/san-pham\/"},{"@type":"ListItem","position":3,"name":"B\u1ed9 t\u1ea5m b\u00e0n in m\u1eb7t nh\u00e1m PEI Printing Plate Kit Frosted Surface 377*370*2mm cho m\u00e1y in 3d Ender 5 Plus"}]},{"@type":"WebSite","@id":"https:\/\/nge.vn\/#website","url":"https:\/\/nge.vn\/","name":"NGE 3D Printers Services","description":"","potentialAction":[{"@type":"SearchAction","target":{"@type":"EntryPoint","urlTemplate":"https:\/\/nge.vn\/?s={search_term_string}"},"query-input":{"@type":"PropertyValueSpecification","valueRequired":true,"valueName":"search_term_string"}}],"inLanguage":"en-US"}]}},"_links":{"self":[{"href":"https:\/\/nge.vn\/en\/wp-json\/wp\/v2\/product\/704","targetHints":{"allow":["GET"]}}],"collection":[{"href":"https:\/\/nge.vn\/en\/wp-json\/wp\/v2\/product"}],"about":[{"href":"https:\/\/nge.vn\/en\/wp-json\/wp\/v2\/types\/product"}],"replies":[{"embeddable":true,"href":"https:\/\/nge.vn\/en\/wp-json\/wp\/v2\/comments?post=704"}],"wp:featuredmedia":[{"embeddable":true,"href":"https:\/\/nge.vn\/en\/wp-json\/wp\/v2\/media\/696"}],"wp:attachment":[{"href":"https:\/\/nge.vn\/en\/wp-json\/wp\/v2\/media?parent=704"}],"wp:term":[{"taxonomy":"product_brand","embeddable":true,"href":"https:\/\/nge.vn\/en\/wp-json\/wp\/v2\/product_brand?post=704"},{"taxonomy":"product_cat","embeddable":true,"href":"https:\/\/nge.vn\/en\/wp-json\/wp\/v2\/product_cat?post=704"},{"taxonomy":"product_tag","embeddable":true,"href":"https:\/\/nge.vn\/en\/wp-json\/wp\/v2\/product_tag?post=704"}],"curies":[{"name":"wp","href":"https:\/\/api.w.org\/{rel}","templated":true}]}}