{"id":6941,"date":"2025-08-25T14:44:04","date_gmt":"2025-08-25T07:44:04","guid":{"rendered":"https:\/\/nge.vn\/?post_type=product&#038;p=6941"},"modified":"2025-08-25T14:44:04","modified_gmt":"2025-08-25T07:44:04","slug":"cong-tac-hanh-trinh-limit-switch-kit-xz-cho-may-in-3d-creality-ender-3-v3-plus","status":"publish","type":"product","link":"https:\/\/nge.vn\/en\/product\/cong-tac-hanh-trinh-limit-switch-kit-xz-cho-may-in-3d-creality-ender-3-v3-plus\/","title":{"rendered":"C\u00f4ng t\u1eafc h\u00e0nh tr\u00ecnh Limit Switch Kit XZ cho m\u00e1y in 3d Creality Ender 3 V3 Plus"},"content":{"rendered":"<h3 data-start=\"914\" data-end=\"1017\">\u2699\ufe0f <strong data-start=\"921\" data-end=\"1015\">C\u00f4ng t\u1eafc h\u00e0nh tr\u00ecnh Limit Switch Kit XZ \u2013 Ph\u1ee5 ki\u1ec7n ch\u00ednh h\u00e3ng Creality cho Ender 3 V3 Plus<\/strong><\/h3>\n<p data-start=\"1018\" data-end=\"1188\">Limit Switch Kit XZ l\u00e0 linh ki\u1ec7n quan tr\u1ecdng gi\u00fap <strong data-start=\"1067\" data-end=\"1097\">\u0111\u1ecbnh v\u1ecb ch\u00ednh x\u00e1c tr\u1ee5c X\/Z<\/strong> tr\u00ean m\u00e1y in 3D Creality Ender 3 V3 Plus, \u0111\u1ea3m b\u1ea3o qu\u00e1 tr\u00ecnh in \u1ed5n \u0111\u1ecbnh v\u00e0 gi\u1ea3m thi\u1ec3u l\u1ed7i.<\/p>\n<hr data-start=\"1190\" data-end=\"1193\" \/>\n<h3 data-start=\"1195\" data-end=\"1224\">\ud83c\udf1f <strong data-start=\"1202\" data-end=\"1222\">\u0110\u1eb7c \u0111i\u1ec3m n\u1ed5i b\u1eadt<\/strong><\/h3>\n<ul data-start=\"1225\" data-end=\"1467\">\n<li data-start=\"1225\" data-end=\"1278\">\n<p data-start=\"1227\" data-end=\"1278\">\u2705 <strong data-start=\"1229\" data-end=\"1249\">\u0110\u1ed9 ch\u00ednh x\u00e1c cao<\/strong>, \u0111\u1ecbnh v\u1ecb tr\u1ee5c X\/Z \u1ed5n \u0111\u1ecbnh.<\/p>\n<\/li>\n<li data-start=\"1279\" data-end=\"1333\">\n<p data-start=\"1281\" data-end=\"1333\">\ud83d\udd27 <strong data-start=\"1284\" data-end=\"1306\">K\u00edch th\u01b0\u1edbc nh\u1ecf g\u1ecdn<\/strong>, d\u1ec5 l\u1eafp \u0111\u1eb7t v\u00e0 thay th\u1ebf.<\/p>\n<\/li>\n<li data-start=\"1334\" data-end=\"1395\">\n<p data-start=\"1336\" data-end=\"1395\">\ud83d\udd04 <strong data-start=\"1339\" data-end=\"1363\">T\u01b0\u01a1ng th\u00edch ho\u00e0n h\u1ea3o<\/strong> v\u1edbi Creality Ender 3 V3 Plus.<\/p>\n<\/li>\n<li data-start=\"1396\" data-end=\"1467\">\n<p data-start=\"1398\" data-end=\"1467\">\ud83d\udee0\ufe0f <strong data-start=\"1402\" data-end=\"1425\">Ph\u1ee5 ki\u1ec7n ch\u00ednh h\u00e3ng<\/strong>, \u0111\u1ed9 b\u1ec1n cao, ho\u1ea1t \u0111\u1ed9ng \u1ed5n \u0111\u1ecbnh l\u00e2u d\u00e0i.<\/p>\n<\/li>\n<\/ul>\n<hr data-start=\"1469\" data-end=\"1472\" \/>\n<h3 data-start=\"1474\" data-end=\"1504\">\ud83d\udcd0 <strong data-start=\"1481\" data-end=\"1502\">Th\u00f4ng s\u1ed1 k\u1ef9 thu\u1eadt<\/strong><\/h3>\n<ul data-start=\"1505\" data-end=\"1700\">\n<li data-start=\"1505\" data-end=\"1549\">\n<p data-start=\"1507\" data-end=\"1549\">Model: <strong data-start=\"1514\" data-end=\"1547\">Limit Switch Kit \u2013 4004180046<\/strong><\/p>\n<\/li>\n<li data-start=\"1550\" data-end=\"1584\">\n<p data-start=\"1552\" data-end=\"1584\">K\u00edch th\u01b0\u1edbc: <strong data-start=\"1564\" data-end=\"1582\">3.5 \u00d7 2 \u00d7 1 mm<\/strong><\/p>\n<\/li>\n<li data-start=\"1585\" data-end=\"1619\">\n<p data-start=\"1587\" data-end=\"1619\">Tr\u1ecdng l\u01b0\u1ee3ng t\u1ecbnh (N.W): <strong data-start=\"1611\" data-end=\"1617\">3g<\/strong><\/p>\n<\/li>\n<li data-start=\"1620\" data-end=\"1658\">\n<p data-start=\"1622\" data-end=\"1658\">Tr\u1ecdng l\u01b0\u1ee3ng \u0111\u00f3ng g\u00f3i (G.W): <strong data-start=\"1650\" data-end=\"1656\">6g<\/strong><\/p>\n<\/li>\n<li data-start=\"1659\" data-end=\"1700\">\n<p data-start=\"1661\" data-end=\"1700\">K\u00edch th\u01b0\u1edbc h\u1ed9p: <strong data-start=\"1677\" data-end=\"1698\">110 \u00d7 100 \u00d7 20 mm<\/strong><\/p>\n<\/li>\n<\/ul>\n<hr data-start=\"1702\" data-end=\"1705\" \/>\n<h3 data-start=\"1707\" data-end=\"1728\">\ud83c\udfaf <strong data-start=\"1714\" data-end=\"1726\">\u1ee8ng d\u1ee5ng<\/strong><\/h3>\n<ul data-start=\"1729\" data-end=\"1893\">\n<li data-start=\"1729\" data-end=\"1838\">\n<p data-start=\"1731\" data-end=\"1838\">S\u1eed d\u1ee5ng \u0111\u1ec3 thay th\u1ebf ho\u1eb7c n\u00e2ng c\u1ea5p c\u00f4ng t\u1eafc h\u00e0nh tr\u00ecnh tr\u1ee5c XZ cho <strong data-start=\"1797\" data-end=\"1835\">m\u00e1y in 3D Creality Ender 3 V3 Plus<\/strong>.<\/p>\n<\/li>\n<li data-start=\"1839\" data-end=\"1893\">\n<p data-start=\"1841\" data-end=\"1893\">\u0110\u1ea3m b\u1ea3o <strong data-start=\"1849\" data-end=\"1890\">\u0111\u1ed9 ch\u00ednh x\u00e1c trong qu\u00e1 tr\u00ecnh in \u1ea5n 3D<\/strong>.<\/p>\n<\/li>\n<\/ul>\n<p>_\u0110\u00e2y l\u00e0 c\u00e1c trang b\u00e1n h\u00e0ng b\u00ean m\u00ecnh NGE 3D Printer Services chuy\u00ean cung c\u1ea5p Nh\u1ef1a in 3D v\u00e0 M\u00e1y in 3D c\u1ee7a H\u00e3ng ESUN, Flsun, BIQU, Creality, eMake3d&#8230;<br \/>\n\ud83d\uded2Shopee =&gt; https:\/\/shopee.vn\/nge3dprinter<br \/>\n\ud83d\uded2Shopee =&gt; https:\/\/shopee.vn\/nge3dservices<br \/>\n\ud83d\uded2Shopee Voron v\u00e0 eMake3D =&gt; https:\/\/shopee.vn\/3dmasterpower<br \/>\n\ud83d\uded2Shopee eMake3D =&gt; https:\/\/shopee.vn\/nge3dprinting<br \/>\n\ud83d\uded2Lazada =&gt; https:\/\/www.lazada.vn\/shop\/nge-3d-printer<br \/>\n\ud83d\uded2Lazada =&gt; https:\/\/www.lazada.vn\/shop\/nge-3d-printer-services<br \/>\n\ud83d\uded2Lazada =&gt; https:\/\/www.lazada.vn\/shop\/emake3d-vn<br \/>\n\ud83d\uded2Webslite Th\u1ebf H\u1ec7 K\u1ebf Ti\u1ebfp =&gt;https:\/\/www.theheketiep.com\/<br \/>\n\ud83d\uded2Webslite NGE.VN =&gt;https:\/\/www.nge.vn\/<br \/>\nHo\u1eb7c b\u1ea1n g\u1ecdi 094.144.0951 g\u1eb7p m\u00ecnh<br \/>\nHo\u1eb7c 0913939775 g\u1eb7p anh Qu\u00e2n<br \/>\n** Price does not include VAT (+8 or 10% if VAT invoice is issued)<\/p>","protected":false},"excerpt":{"rendered":"<p data-start=\"352\" data-end=\"512\">Limit Switch Kit XZ cho m\u00e1y in 3D Creality Ender 3 V3 Plus \u2013 ph\u1ee5 ki\u1ec7n ch\u00ednh h\u00e3ng, \u0111\u1ed9 ch\u00ednh x\u00e1c cao, k\u00edch th\u01b0\u1edbc nh\u1ecf g\u1ecdn, d\u1ec5 l\u1eafp \u0111\u1eb7t, \u0111\u1ea3m b\u1ea3o ho\u1ea1t \u0111\u1ed9ng \u1ed5n \u0111\u1ecbnh.<\/p>","protected":false},"featured_media":6943,"comment_status":"open","ping_status":"closed","template":"","meta":{"inline_featured_image":false},"product_brand":[],"product_cat":[40,56],"product_tag":[495,652,829,494,663],"class_list":{"0":"post-6941","1":"product","2":"type-product","3":"status-publish","4":"has-post-thumbnail","6":"product_cat-linh-kien-va-phu-kien","7":"product_cat-linh-phu-kien-may-in-3d-creality","8":"product_tag-creality","9":"product_tag-ender3v3","10":"product_tag-in3d","11":"product_tag-mayin3d","12":"product_tag-nge3d","14":"first","15":"instock","16":"taxable","17":"shipping-taxable","18":"purchasable","19":"product-type-simple"},"yoast_head":"<!-- This site is optimized with the Yoast SEO Premium plugin v22.8 (Yoast SEO v26.9) - https:\/\/yoast.com\/product\/yoast-seo-premium-wordpress\/ -->\n<title>C\u00f4ng t\u1eafc h\u00e0nh tr\u00ecnh Limit Switch Kit XZ cho m\u00e1y in 3d Creality Ender 3 V3 Plus - NGE 3D Printers Services<\/title>\n<meta name=\"description\" content=\"Limit Switch Kit XZ cho m\u00e1y in 3D Creality Ender 3 V3 Plus \u2013 ph\u1ee5 ki\u1ec7n ch\u00ednh h\u00e3ng, \u0111\u1ed9 ch\u00ednh x\u00e1c cao, k\u00edch th\u01b0\u1edbc nh\u1ecf g\u1ecdn, d\u1ec5 l\u1eafp \u0111\u1eb7t, ho\u1ea1t \u0111\u1ed9ng \u1ed5n \u0111\u1ecbnh.\" \/>\n<meta name=\"robots\" content=\"index, follow, max-snippet:-1, max-image-preview:large, max-video-preview:-1\" \/>\n<link rel=\"canonical\" href=\"https:\/\/nge.vn\/en\/product\/cong-tac-hanh-trinh-limit-switch-kit-xz-cho-may-in-3d-creality-ender-3-v3-plus\/\" \/>\n<meta property=\"og:locale\" content=\"en_US\" \/>\n<meta property=\"og:type\" content=\"article\" \/>\n<meta property=\"og:title\" content=\"C\u00f4ng t\u1eafc h\u00e0nh tr\u00ecnh Limit Switch Kit XZ cho m\u00e1y in 3d Creality Ender 3 V3 Plus\" \/>\n<meta property=\"og:description\" content=\"Limit Switch Kit XZ cho m\u00e1y in 3D Creality Ender 3 V3 Plus \u2013 ph\u1ee5 ki\u1ec7n ch\u00ednh h\u00e3ng, \u0111\u1ed9 ch\u00ednh x\u00e1c cao, k\u00edch th\u01b0\u1edbc nh\u1ecf g\u1ecdn, d\u1ec5 l\u1eafp \u0111\u1eb7t, ho\u1ea1t \u0111\u1ed9ng \u1ed5n \u0111\u1ecbnh.\" \/>\n<meta property=\"og:url\" content=\"https:\/\/nge.vn\/en\/product\/cong-tac-hanh-trinh-limit-switch-kit-xz-cho-may-in-3d-creality-ender-3-v3-plus\/\" \/>\n<meta property=\"og:site_name\" content=\"NGE 3D Printers Services\" \/>\n<meta property=\"og:image\" content=\"https:\/\/nge.vn\/wp-content\/uploads\/2025\/08\/sg-11134201-7rdw0-mdr6jgpi9pw51d_tn.jpeg\" \/>\n\t<meta property=\"og:image:width\" content=\"320\" \/>\n\t<meta property=\"og:image:height\" content=\"320\" \/>\n\t<meta property=\"og:image:type\" content=\"image\/jpeg\" \/>\n<meta name=\"twitter:card\" content=\"summary_large_image\" \/>\n<meta name=\"twitter:label1\" content=\"Est. reading time\" \/>\n\t<meta name=\"twitter:data1\" content=\"2 minutes\" \/>\n<script type=\"application\/ld+json\" class=\"yoast-schema-graph\">{\"@context\":\"https:\/\/schema.org\",\"@graph\":[{\"@type\":\"WebPage\",\"@id\":\"https:\/\/nge.vn\/san-pham\/cong-tac-hanh-trinh-limit-switch-kit-xz-cho-may-in-3d-creality-ender-3-v3-plus\/\",\"url\":\"https:\/\/nge.vn\/san-pham\/cong-tac-hanh-trinh-limit-switch-kit-xz-cho-may-in-3d-creality-ender-3-v3-plus\/\",\"name\":\"C\u00f4ng t\u1eafc h\u00e0nh tr\u00ecnh Limit Switch Kit XZ cho m\u00e1y in 3d Creality Ender 3 V3 Plus - NGE 3D Printers Services\",\"isPartOf\":{\"@id\":\"https:\/\/nge.vn\/#website\"},\"primaryImageOfPage\":{\"@id\":\"https:\/\/nge.vn\/san-pham\/cong-tac-hanh-trinh-limit-switch-kit-xz-cho-may-in-3d-creality-ender-3-v3-plus\/#primaryimage\"},\"image\":{\"@id\":\"https:\/\/nge.vn\/san-pham\/cong-tac-hanh-trinh-limit-switch-kit-xz-cho-may-in-3d-creality-ender-3-v3-plus\/#primaryimage\"},\"thumbnailUrl\":\"https:\/\/nge.vn\/wp-content\/uploads\/2025\/08\/sg-11134201-7rdw0-mdr6jgpi9pw51d_tn.jpeg\",\"datePublished\":\"2025-08-25T07:44:04+00:00\",\"description\":\"Limit Switch Kit XZ cho m\u00e1y in 3D Creality Ender 3 V3 Plus \u2013 ph\u1ee5 ki\u1ec7n ch\u00ednh h\u00e3ng, \u0111\u1ed9 ch\u00ednh x\u00e1c cao, k\u00edch th\u01b0\u1edbc nh\u1ecf g\u1ecdn, d\u1ec5 l\u1eafp \u0111\u1eb7t, ho\u1ea1t \u0111\u1ed9ng \u1ed5n \u0111\u1ecbnh.\",\"breadcrumb\":{\"@id\":\"https:\/\/nge.vn\/san-pham\/cong-tac-hanh-trinh-limit-switch-kit-xz-cho-may-in-3d-creality-ender-3-v3-plus\/#breadcrumb\"},\"inLanguage\":\"en-US\",\"potentialAction\":[{\"@type\":\"ReadAction\",\"target\":[\"https:\/\/nge.vn\/san-pham\/cong-tac-hanh-trinh-limit-switch-kit-xz-cho-may-in-3d-creality-ender-3-v3-plus\/\"]}]},{\"@type\":\"ImageObject\",\"inLanguage\":\"en-US\",\"@id\":\"https:\/\/nge.vn\/san-pham\/cong-tac-hanh-trinh-limit-switch-kit-xz-cho-may-in-3d-creality-ender-3-v3-plus\/#primaryimage\",\"url\":\"https:\/\/nge.vn\/wp-content\/uploads\/2025\/08\/sg-11134201-7rdw0-mdr6jgpi9pw51d_tn.jpeg\",\"contentUrl\":\"https:\/\/nge.vn\/wp-content\/uploads\/2025\/08\/sg-11134201-7rdw0-mdr6jgpi9pw51d_tn.jpeg\",\"width\":320,\"height\":320},{\"@type\":\"BreadcrumbList\",\"@id\":\"https:\/\/nge.vn\/san-pham\/cong-tac-hanh-trinh-limit-switch-kit-xz-cho-may-in-3d-creality-ender-3-v3-plus\/#breadcrumb\",\"itemListElement\":[{\"@type\":\"ListItem\",\"position\":1,\"name\":\"Trang ch\u1ee7\",\"item\":\"https:\/\/nge.vn\/\"},{\"@type\":\"ListItem\",\"position\":2,\"name\":\"S\u1ea3n ph\u1ea9m\",\"item\":\"https:\/\/nge.vn\/san-pham\/\"},{\"@type\":\"ListItem\",\"position\":3,\"name\":\"C\u00f4ng t\u1eafc h\u00e0nh tr\u00ecnh Limit Switch Kit XZ cho m\u00e1y in 3d Creality Ender 3 V3 Plus\"}]},{\"@type\":\"WebSite\",\"@id\":\"https:\/\/nge.vn\/#website\",\"url\":\"https:\/\/nge.vn\/\",\"name\":\"NGE 3D Printers Services\",\"description\":\"\",\"potentialAction\":[{\"@type\":\"SearchAction\",\"target\":{\"@type\":\"EntryPoint\",\"urlTemplate\":\"https:\/\/nge.vn\/?s={search_term_string}\"},\"query-input\":{\"@type\":\"PropertyValueSpecification\",\"valueRequired\":true,\"valueName\":\"search_term_string\"}}],\"inLanguage\":\"en-US\"}]}<\/script>\n<!-- \/ Yoast SEO Premium plugin. -->","yoast_head_json":{"title":"C\u00f4ng t\u1eafc h\u00e0nh tr\u00ecnh Limit Switch Kit XZ cho m\u00e1y in 3d Creality Ender 3 V3 Plus - NGE 3D Printers Services","description":"Limit Switch Kit XZ cho m\u00e1y in 3D Creality Ender 3 V3 Plus \u2013 ph\u1ee5 ki\u1ec7n ch\u00ednh h\u00e3ng, \u0111\u1ed9 ch\u00ednh x\u00e1c cao, k\u00edch th\u01b0\u1edbc nh\u1ecf g\u1ecdn, d\u1ec5 l\u1eafp \u0111\u1eb7t, ho\u1ea1t \u0111\u1ed9ng \u1ed5n \u0111\u1ecbnh.","robots":{"index":"index","follow":"follow","max-snippet":"max-snippet:-1","max-image-preview":"max-image-preview:large","max-video-preview":"max-video-preview:-1"},"canonical":"https:\/\/nge.vn\/en\/product\/cong-tac-hanh-trinh-limit-switch-kit-xz-cho-may-in-3d-creality-ender-3-v3-plus\/","og_locale":"en_US","og_type":"article","og_title":"C\u00f4ng t\u1eafc h\u00e0nh tr\u00ecnh Limit Switch Kit XZ cho m\u00e1y in 3d Creality Ender 3 V3 Plus","og_description":"Limit Switch Kit XZ cho m\u00e1y in 3D Creality Ender 3 V3 Plus \u2013 ph\u1ee5 ki\u1ec7n ch\u00ednh h\u00e3ng, \u0111\u1ed9 ch\u00ednh x\u00e1c cao, k\u00edch th\u01b0\u1edbc nh\u1ecf g\u1ecdn, d\u1ec5 l\u1eafp \u0111\u1eb7t, ho\u1ea1t \u0111\u1ed9ng \u1ed5n \u0111\u1ecbnh.","og_url":"https:\/\/nge.vn\/en\/product\/cong-tac-hanh-trinh-limit-switch-kit-xz-cho-may-in-3d-creality-ender-3-v3-plus\/","og_site_name":"NGE 3D Printers Services","og_image":[{"width":320,"height":320,"url":"https:\/\/nge.vn\/wp-content\/uploads\/2025\/08\/sg-11134201-7rdw0-mdr6jgpi9pw51d_tn.jpeg","type":"image\/jpeg"}],"twitter_card":"summary_large_image","twitter_misc":{"Est. reading time":"2 minutes"},"schema":{"@context":"https:\/\/schema.org","@graph":[{"@type":"WebPage","@id":"https:\/\/nge.vn\/san-pham\/cong-tac-hanh-trinh-limit-switch-kit-xz-cho-may-in-3d-creality-ender-3-v3-plus\/","url":"https:\/\/nge.vn\/san-pham\/cong-tac-hanh-trinh-limit-switch-kit-xz-cho-may-in-3d-creality-ender-3-v3-plus\/","name":"C\u00f4ng t\u1eafc h\u00e0nh tr\u00ecnh Limit Switch Kit XZ cho m\u00e1y in 3d Creality Ender 3 V3 Plus - NGE 3D Printers Services","isPartOf":{"@id":"https:\/\/nge.vn\/#website"},"primaryImageOfPage":{"@id":"https:\/\/nge.vn\/san-pham\/cong-tac-hanh-trinh-limit-switch-kit-xz-cho-may-in-3d-creality-ender-3-v3-plus\/#primaryimage"},"image":{"@id":"https:\/\/nge.vn\/san-pham\/cong-tac-hanh-trinh-limit-switch-kit-xz-cho-may-in-3d-creality-ender-3-v3-plus\/#primaryimage"},"thumbnailUrl":"https:\/\/nge.vn\/wp-content\/uploads\/2025\/08\/sg-11134201-7rdw0-mdr6jgpi9pw51d_tn.jpeg","datePublished":"2025-08-25T07:44:04+00:00","description":"Limit Switch Kit XZ cho m\u00e1y in 3D Creality Ender 3 V3 Plus \u2013 ph\u1ee5 ki\u1ec7n ch\u00ednh h\u00e3ng, \u0111\u1ed9 ch\u00ednh x\u00e1c cao, k\u00edch th\u01b0\u1edbc nh\u1ecf g\u1ecdn, d\u1ec5 l\u1eafp \u0111\u1eb7t, ho\u1ea1t \u0111\u1ed9ng \u1ed5n \u0111\u1ecbnh.","breadcrumb":{"@id":"https:\/\/nge.vn\/san-pham\/cong-tac-hanh-trinh-limit-switch-kit-xz-cho-may-in-3d-creality-ender-3-v3-plus\/#breadcrumb"},"inLanguage":"en-US","potentialAction":[{"@type":"ReadAction","target":["https:\/\/nge.vn\/san-pham\/cong-tac-hanh-trinh-limit-switch-kit-xz-cho-may-in-3d-creality-ender-3-v3-plus\/"]}]},{"@type":"ImageObject","inLanguage":"en-US","@id":"https:\/\/nge.vn\/san-pham\/cong-tac-hanh-trinh-limit-switch-kit-xz-cho-may-in-3d-creality-ender-3-v3-plus\/#primaryimage","url":"https:\/\/nge.vn\/wp-content\/uploads\/2025\/08\/sg-11134201-7rdw0-mdr6jgpi9pw51d_tn.jpeg","contentUrl":"https:\/\/nge.vn\/wp-content\/uploads\/2025\/08\/sg-11134201-7rdw0-mdr6jgpi9pw51d_tn.jpeg","width":320,"height":320},{"@type":"BreadcrumbList","@id":"https:\/\/nge.vn\/san-pham\/cong-tac-hanh-trinh-limit-switch-kit-xz-cho-may-in-3d-creality-ender-3-v3-plus\/#breadcrumb","itemListElement":[{"@type":"ListItem","position":1,"name":"Trang ch\u1ee7","item":"https:\/\/nge.vn\/"},{"@type":"ListItem","position":2,"name":"S\u1ea3n ph\u1ea9m","item":"https:\/\/nge.vn\/san-pham\/"},{"@type":"ListItem","position":3,"name":"C\u00f4ng t\u1eafc h\u00e0nh tr\u00ecnh Limit Switch Kit XZ cho m\u00e1y in 3d Creality Ender 3 V3 Plus"}]},{"@type":"WebSite","@id":"https:\/\/nge.vn\/#website","url":"https:\/\/nge.vn\/","name":"NGE 3D Printers Services","description":"","potentialAction":[{"@type":"SearchAction","target":{"@type":"EntryPoint","urlTemplate":"https:\/\/nge.vn\/?s={search_term_string}"},"query-input":{"@type":"PropertyValueSpecification","valueRequired":true,"valueName":"search_term_string"}}],"inLanguage":"en-US"}]}},"_links":{"self":[{"href":"https:\/\/nge.vn\/en\/wp-json\/wp\/v2\/product\/6941","targetHints":{"allow":["GET"]}}],"collection":[{"href":"https:\/\/nge.vn\/en\/wp-json\/wp\/v2\/product"}],"about":[{"href":"https:\/\/nge.vn\/en\/wp-json\/wp\/v2\/types\/product"}],"replies":[{"embeddable":true,"href":"https:\/\/nge.vn\/en\/wp-json\/wp\/v2\/comments?post=6941"}],"wp:featuredmedia":[{"embeddable":true,"href":"https:\/\/nge.vn\/en\/wp-json\/wp\/v2\/media\/6943"}],"wp:attachment":[{"href":"https:\/\/nge.vn\/en\/wp-json\/wp\/v2\/media?parent=6941"}],"wp:term":[{"taxonomy":"product_brand","embeddable":true,"href":"https:\/\/nge.vn\/en\/wp-json\/wp\/v2\/product_brand?post=6941"},{"taxonomy":"product_cat","embeddable":true,"href":"https:\/\/nge.vn\/en\/wp-json\/wp\/v2\/product_cat?post=6941"},{"taxonomy":"product_tag","embeddable":true,"href":"https:\/\/nge.vn\/en\/wp-json\/wp\/v2\/product_tag?post=6941"}],"curies":[{"name":"wp","href":"https:\/\/api.w.org\/{rel}","templated":true}]}}