{"id":6898,"date":"2025-08-18T17:29:43","date_gmt":"2025-08-18T10:29:43","guid":{"rendered":"https:\/\/nge.vn\/?post_type=product&#038;p=6898"},"modified":"2025-08-18T17:29:44","modified_gmt":"2025-08-18T10:29:44","slug":"nhua-in-3d-esun-emarble-mau-grey-co-van-nhu-da-ca%cc%89m-tha%cc%a3ch-1kg-cuon","status":"publish","type":"product","link":"https:\/\/nge.vn\/en\/product\/nhua-in-3d-esun-emarble-mau-grey-co-van-nhu-da-ca%cc%89m-tha%cc%a3ch-1kg-cuon\/","title":{"rendered":"Nh\u1ef1a in 3d eSun eMarble m\u00e0u Grey c\u00f3 v\u00e2n nh\u01b0 \u0111\u00e1 c\u00e2\u0309m tha\u0323ch 1kg\/Cu\u1ed9n"},"content":{"rendered":"<h3 data-start=\"852\" data-end=\"928\">\ud83c\udf1f <strong data-start=\"859\" data-end=\"926\">Nh\u1ef1a in 3D eSun eMarble \u2013 Gi\u1ea3 \u0111\u00e1 c\u1ea9m th\u1ea1ch, t\u1ef1 nhi\u00ean v\u00e0 tinh t\u1ebf<\/strong><\/h3>\n<p data-start=\"929\" data-end=\"1154\">eSun eMarble l\u00e0 d\u00f2ng v\u1eadt li\u1ec7u in 3D d\u1ef1a tr\u00ean PLA, \u0111\u01b0\u1ee3c b\u1ed5 sung hi\u1ec7u \u1ee9ng v\u00e2n \u0111\u00e1 c\u1ea9m th\u1ea1ch \u0111\u1ed9c \u0111\u00e1o. Kh\u00f4ng ch\u1ec9 d\u1ec5 in nh\u01b0 PLA truy\u1ec1n th\u1ed1ng, eMarble c\u00f2n mang \u0111\u1ebfn b\u1ec1 m\u1eb7t m\u1edd, \u0111\u01b0\u1eddng n\u00e9t r\u00f5 r\u00e0ng v\u00e0 k\u1ebft c\u1ea5u ch\u00e2n th\u1ef1c nh\u01b0 \u0111\u00e1 t\u1ef1 nhi\u00ean.<\/p>\n<hr data-start=\"1156\" data-end=\"1159\" \/>\n<h3 data-start=\"1161\" data-end=\"1189\">\u26a1 <strong data-start=\"1167\" data-end=\"1187\">\u0110\u1eb7c \u0111i\u1ec3m n\u1ed5i b\u1eadt<\/strong><\/h3>\n<ul data-start=\"1190\" data-end=\"1600\">\n<li data-start=\"1190\" data-end=\"1289\">\n<p data-start=\"1192\" data-end=\"1289\"><strong data-start=\"1192\" data-end=\"1218\">Hi\u1ec7u \u1ee9ng gi\u1ea3 c\u1ea9m th\u1ea1ch<\/strong>: \u0110\u01b0\u1eddng v\u00e2n t\u1ef1 nhi\u00ean, k\u1ebft c\u1ea5u r\u00f5 r\u00e0ng, t\u1ea1o s\u1ef1 sang tr\u1ecdng cho m\u00f4 h\u00ecnh.<\/p>\n<\/li>\n<li data-start=\"1290\" data-end=\"1354\">\n<p data-start=\"1292\" data-end=\"1354\"><strong data-start=\"1292\" data-end=\"1313\">B\u1ec1 m\u1eb7t m\u1edd tinh t\u1ebf<\/strong>: H\u1ea1n ch\u1ebf l\u1ed9 l\u1edbp in, t\u0103ng t\u00ednh th\u1ea9m m\u1ef9.<\/p>\n<\/li>\n<li data-start=\"1355\" data-end=\"1431\">\n<p data-start=\"1357\" data-end=\"1431\"><strong data-start=\"1357\" data-end=\"1374\">D\u1ec5 in nh\u01b0 PLA<\/strong>: Kh\u00f4ng cong v\u00eanh, kh\u00f4ng bong g\u00f3c, in \u0111\u01b0\u1ee3c m\u00f4 h\u00ecnh l\u1edbn.<\/p>\n<\/li>\n<li data-start=\"1432\" data-end=\"1515\">\n<p data-start=\"1434\" data-end=\"1515\"><strong data-start=\"1434\" data-end=\"1468\">An to\u00e0n, th\u00e2n thi\u1ec7n m\u00f4i tr\u01b0\u1eddng<\/strong>: S\u1ea3n xu\u1ea5t t\u1eeb nguy\u00ean li\u1ec7u sinh h\u1ecdc (h\u1ea1t ng\u00f4).<\/p>\n<\/li>\n<li data-start=\"1516\" data-end=\"1600\">\n<p data-start=\"1518\" data-end=\"1600\"><strong data-start=\"1518\" data-end=\"1537\">T\u01b0\u01a1ng th\u00edch cao<\/strong>: D\u00f9ng \u0111\u01b0\u1ee3c tr\u00ean h\u1ea7u h\u1ebft m\u00e1y in FDM (99,99% tr\u00ean th\u1ecb tr\u01b0\u1eddng).<\/p>\n<\/li>\n<\/ul>\n<hr data-start=\"1602\" data-end=\"1605\" \/>\n<h3 data-start=\"1607\" data-end=\"1628\">\ud83d\udd27 <strong data-start=\"1614\" data-end=\"1626\">\u1ee8ng d\u1ee5ng<\/strong><\/h3>\n<ul data-start=\"1629\" data-end=\"1718\">\n<li data-start=\"1629\" data-end=\"1718\">\n<p data-start=\"1631\" data-end=\"1718\">In <strong data-start=\"1634\" data-end=\"1715\">ph\u1ee5 ki\u1ec7n, \u0111\u1ed3 trang tr\u00ed, t\u01b0\u1ee3ng, \u0111i\u00eau kh\u1eafc, v\u1ecf b\u1ecdc, cosplay, m\u00f4 h\u00ecnh ngh\u1ec7 thu\u1eadt<\/strong>.<\/p>\n<\/li>\n<\/ul>\n<hr data-start=\"1720\" data-end=\"1723\" \/>\n<h3 data-start=\"1725\" data-end=\"1773\">\ud83d\udcd0 <strong data-start=\"1732\" data-end=\"1771\">Th\u00f4ng s\u1ed1 k\u1ef9 thu\u1eadt &amp; C\u00e0i \u0111\u1eb7t \u0111\u1ec1 xu\u1ea5t<\/strong><\/h3>\n<ul data-start=\"1774\" data-end=\"1948\">\n<li data-start=\"1774\" data-end=\"1803\">\n<p data-start=\"1776\" data-end=\"1803\">Tr\u1ecdng l\u01b0\u1ee3ng: <strong data-start=\"1789\" data-end=\"1801\">1kg\/cu\u1ed9n<\/strong><\/p>\n<\/li>\n<li data-start=\"1804\" data-end=\"1837\">\n<p data-start=\"1806\" data-end=\"1837\">V\u1eadt li\u1ec7u: <strong data-start=\"1816\" data-end=\"1835\">PLA pha eMarble<\/strong><\/p>\n<\/li>\n<li data-start=\"1838\" data-end=\"1869\">\n<p data-start=\"1840\" data-end=\"1869\">Nhi\u1ec7t \u0111\u1ed9 in: <strong data-start=\"1853\" data-end=\"1867\">190 \u2013 230\u2103<\/strong><\/p>\n<\/li>\n<li data-start=\"1870\" data-end=\"1897\">\n<p data-start=\"1872\" data-end=\"1897\">B\u00e0n nhi\u1ec7t: <strong data-start=\"1883\" data-end=\"1895\">45 \u2013 60\u2103<\/strong><\/p>\n<\/li>\n<li data-start=\"1898\" data-end=\"1916\">\n<p data-start=\"1900\" data-end=\"1916\">Qu\u1ea1t: <strong data-start=\"1906\" data-end=\"1914\">100%<\/strong><\/p>\n<\/li>\n<li data-start=\"1917\" data-end=\"1948\">\n<p data-start=\"1919\" data-end=\"1948\">T\u1ed1c \u0111\u1ed9 in: <strong data-start=\"1930\" data-end=\"1946\">40 \u2013 100mm\/s<\/strong><\/p>\n<\/li>\n<\/ul>\n<p>&nbsp;<\/p>\n<p>_\u0110\u00e2y l\u00e0 c\u00e1c trang b\u00e1n h\u00e0ng b\u00ean m\u00ecnh NGE 3D Printer Services chuy\u00ean cung c\u1ea5p Nh\u1ef1a in 3D v\u00e0 M\u00e1y in 3D c\u1ee7a H\u00e3ng ESUN, Flsun, BIQU, Creality, eMake3d&#8230;<br \/>\n\ud83d\uded2Shopee =&gt; https:\/\/shopee.vn\/nge3dprinter<br \/>\n\ud83d\uded2Shopee =&gt; https:\/\/shopee.vn\/nge3dservices<br \/>\n\ud83d\uded2Shopee Voron v\u00e0 eMake3D =&gt; https:\/\/shopee.vn\/3dmasterpower<br \/>\n\ud83d\uded2Shopee eMake3D =&gt; https:\/\/shopee.vn\/nge3dprinting<br \/>\n\ud83d\uded2Lazada =&gt; https:\/\/www.lazada.vn\/shop\/nge-3d-printer<br \/>\n\ud83d\uded2Lazada =&gt; https:\/\/www.lazada.vn\/shop\/nge-3d-printer-services<br \/>\n\ud83d\uded2Lazada =&gt; https:\/\/www.lazada.vn\/shop\/emake3d-vn<br \/>\n\ud83d\uded2Webslite Th\u1ebf H\u1ec7 K\u1ebf Ti\u1ebfp =&gt;https:\/\/www.theheketiep.com\/<br \/>\n\ud83d\uded2Webslite NGE.VN =&gt;https:\/\/www.nge.vn\/<br \/>\nHo\u1eb7c b\u1ea1n g\u1ecdi 094.144.0951 g\u1eb7p m\u00ecnh<br \/>\nHo\u1eb7c 0913939775 g\u1eb7p anh Qu\u00e2n<br \/>\n** Price does not include VAT (+8 or 10% if VAT invoice is issued)<\/p>","protected":false},"excerpt":{"rendered":"<p>Nh\u1ef1a in 3D eSun eMarble m\u00e0u Natural (1kg\/cu\u1ed9n) \u2013 gi\u1ea3 \u0111\u00e1 c\u1ea9m th\u1ea1ch, b\u1ec1 m\u1eb7t m\u1edd tinh t\u1ebf, d\u1ec5 in nh\u01b0 PLA, kh\u00f4ng cong v\u00eanh, th\u00e2n thi\u1ec7n m\u00f4i tr\u01b0\u1eddng. T\u01b0\u01a1ng th\u00edch 99,99% m\u00e1y in FDM.<\/p>","protected":false},"featured_media":6899,"comment_status":"open","ping_status":"closed","template":"","meta":{"inline_featured_image":false},"product_brand":[],"product_cat":[455,456,466],"product_tag":[495,951,950,663],"class_list":{"0":"post-6898","1":"product","2":"type-product","3":"status-publish","4":"has-post-thumbnail","6":"product_cat-nhua-in-3d","7":"product_cat-nhua-in-3d-fdm","8":"product_cat-soi-nhua-esun-fdm","9":"product_tag-creality","10":"product_tag-emarble-esun","11":"product_tag-filaments","12":"product_tag-nge3d","14":"first","15":"instock","16":"taxable","17":"shipping-taxable","18":"purchasable","19":"product-type-simple"},"yoast_head":"<!-- This site is optimized with the Yoast SEO Premium plugin v22.8 (Yoast SEO v26.9) - https:\/\/yoast.com\/product\/yoast-seo-premium-wordpress\/ -->\n<title>Nh\u1ef1a in 3d eSun eMarble m\u00e0u Grey c\u00f3 v\u00e2n nh\u01b0 \u0111\u00e1 c\u00e2\u0309m tha\u0323ch 1kg\/Cu\u1ed9n - NGE 3D Printers Services<\/title>\n<meta name=\"description\" content=\"Nh\u1ef1a in 3D eSun eMarble m\u00e0u Natural (1kg\/cu\u1ed9n) \u2013 gi\u1ea3 \u0111\u00e1 c\u1ea9m th\u1ea1ch, b\u1ec1 m\u1eb7t m\u1edd tinh t\u1ebf, d\u1ec5 in nh\u01b0 PLA, kh\u00f4ng cong v\u00eanh, th\u00e2n thi\u1ec7n m\u00f4i tr\u01b0\u1eddng.\" \/>\n<meta name=\"robots\" content=\"index, follow, max-snippet:-1, max-image-preview:large, max-video-preview:-1\" \/>\n<link rel=\"canonical\" href=\"https:\/\/nge.vn\/en\/product\/nhua-in-3d-esun-emarble-mau-grey-co-van-nhu-da-ca\u0309m-tha\u0323ch-1kg-cuon\/\" \/>\n<meta property=\"og:locale\" content=\"en_US\" \/>\n<meta property=\"og:type\" content=\"article\" \/>\n<meta property=\"og:title\" content=\"Nh\u1ef1a in 3d eSun eMarble m\u00e0u Grey c\u00f3 v\u00e2n nh\u01b0 \u0111\u00e1 c\u00e2\u0309m tha\u0323ch 1kg\/Cu\u1ed9n\" \/>\n<meta property=\"og:description\" content=\"Nh\u1ef1a in 3D eSun eMarble m\u00e0u Natural (1kg\/cu\u1ed9n) \u2013 gi\u1ea3 \u0111\u00e1 c\u1ea9m th\u1ea1ch, b\u1ec1 m\u1eb7t m\u1edd tinh t\u1ebf, d\u1ec5 in nh\u01b0 PLA, kh\u00f4ng cong v\u00eanh, th\u00e2n thi\u1ec7n m\u00f4i tr\u01b0\u1eddng.\" \/>\n<meta property=\"og:url\" content=\"https:\/\/nge.vn\/en\/product\/nhua-in-3d-esun-emarble-mau-grey-co-van-nhu-da-ca\u0309m-tha\u0323ch-1kg-cuon\/\" \/>\n<meta property=\"og:site_name\" content=\"NGE 3D Printers Services\" \/>\n<meta property=\"article:modified_time\" content=\"2025-08-18T10:29:44+00:00\" \/>\n<meta property=\"og:image\" content=\"https:\/\/nge.vn\/wp-content\/uploads\/2025\/08\/sg-11134201-7rasj-mapcoubeefozcb_tn.jpeg\" \/>\n\t<meta property=\"og:image:width\" content=\"320\" \/>\n\t<meta property=\"og:image:height\" content=\"320\" \/>\n\t<meta property=\"og:image:type\" content=\"image\/jpeg\" \/>\n<meta name=\"twitter:card\" content=\"summary_large_image\" \/>\n<meta name=\"twitter:label1\" content=\"Est. reading time\" \/>\n\t<meta name=\"twitter:data1\" content=\"2 minutes\" \/>\n<script type=\"application\/ld+json\" class=\"yoast-schema-graph\">{\"@context\":\"https:\/\/schema.org\",\"@graph\":[{\"@type\":\"WebPage\",\"@id\":\"https:\/\/nge.vn\/san-pham\/nhua-in-3d-esun-emarble-mau-grey-co-van-nhu-da-ca%cc%89m-tha%cc%a3ch-1kg-cuon\/\",\"url\":\"https:\/\/nge.vn\/san-pham\/nhua-in-3d-esun-emarble-mau-grey-co-van-nhu-da-ca%cc%89m-tha%cc%a3ch-1kg-cuon\/\",\"name\":\"Nh\u1ef1a in 3d eSun eMarble m\u00e0u Grey c\u00f3 v\u00e2n nh\u01b0 \u0111\u00e1 c\u00e2\u0309m tha\u0323ch 1kg\/Cu\u1ed9n - NGE 3D Printers Services\",\"isPartOf\":{\"@id\":\"https:\/\/nge.vn\/#website\"},\"primaryImageOfPage\":{\"@id\":\"https:\/\/nge.vn\/san-pham\/nhua-in-3d-esun-emarble-mau-grey-co-van-nhu-da-ca%cc%89m-tha%cc%a3ch-1kg-cuon\/#primaryimage\"},\"image\":{\"@id\":\"https:\/\/nge.vn\/san-pham\/nhua-in-3d-esun-emarble-mau-grey-co-van-nhu-da-ca%cc%89m-tha%cc%a3ch-1kg-cuon\/#primaryimage\"},\"thumbnailUrl\":\"https:\/\/nge.vn\/wp-content\/uploads\/2025\/08\/sg-11134201-7rasj-mapcoubeefozcb_tn.jpeg\",\"datePublished\":\"2025-08-18T10:29:43+00:00\",\"dateModified\":\"2025-08-18T10:29:44+00:00\",\"description\":\"Nh\u1ef1a in 3D eSun eMarble m\u00e0u Natural (1kg\/cu\u1ed9n) \u2013 gi\u1ea3 \u0111\u00e1 c\u1ea9m th\u1ea1ch, b\u1ec1 m\u1eb7t m\u1edd tinh t\u1ebf, d\u1ec5 in nh\u01b0 PLA, kh\u00f4ng cong v\u00eanh, th\u00e2n thi\u1ec7n m\u00f4i tr\u01b0\u1eddng.\",\"breadcrumb\":{\"@id\":\"https:\/\/nge.vn\/san-pham\/nhua-in-3d-esun-emarble-mau-grey-co-van-nhu-da-ca%cc%89m-tha%cc%a3ch-1kg-cuon\/#breadcrumb\"},\"inLanguage\":\"en-US\",\"potentialAction\":[{\"@type\":\"ReadAction\",\"target\":[\"https:\/\/nge.vn\/san-pham\/nhua-in-3d-esun-emarble-mau-grey-co-van-nhu-da-ca%cc%89m-tha%cc%a3ch-1kg-cuon\/\"]}]},{\"@type\":\"ImageObject\",\"inLanguage\":\"en-US\",\"@id\":\"https:\/\/nge.vn\/san-pham\/nhua-in-3d-esun-emarble-mau-grey-co-van-nhu-da-ca%cc%89m-tha%cc%a3ch-1kg-cuon\/#primaryimage\",\"url\":\"https:\/\/nge.vn\/wp-content\/uploads\/2025\/08\/sg-11134201-7rasj-mapcoubeefozcb_tn.jpeg\",\"contentUrl\":\"https:\/\/nge.vn\/wp-content\/uploads\/2025\/08\/sg-11134201-7rasj-mapcoubeefozcb_tn.jpeg\",\"width\":320,\"height\":320},{\"@type\":\"BreadcrumbList\",\"@id\":\"https:\/\/nge.vn\/san-pham\/nhua-in-3d-esun-emarble-mau-grey-co-van-nhu-da-ca%cc%89m-tha%cc%a3ch-1kg-cuon\/#breadcrumb\",\"itemListElement\":[{\"@type\":\"ListItem\",\"position\":1,\"name\":\"Trang ch\u1ee7\",\"item\":\"https:\/\/nge.vn\/\"},{\"@type\":\"ListItem\",\"position\":2,\"name\":\"S\u1ea3n ph\u1ea9m\",\"item\":\"https:\/\/nge.vn\/san-pham\/\"},{\"@type\":\"ListItem\",\"position\":3,\"name\":\"Nh\u1ef1a in 3d eSun eMarble m\u00e0u Grey c\u00f3 v\u00e2n nh\u01b0 \u0111\u00e1 c\u00e2\u0309m tha\u0323ch 1kg\/Cu\u1ed9n\"}]},{\"@type\":\"WebSite\",\"@id\":\"https:\/\/nge.vn\/#website\",\"url\":\"https:\/\/nge.vn\/\",\"name\":\"NGE 3D Printers Services\",\"description\":\"\",\"potentialAction\":[{\"@type\":\"SearchAction\",\"target\":{\"@type\":\"EntryPoint\",\"urlTemplate\":\"https:\/\/nge.vn\/?s={search_term_string}\"},\"query-input\":{\"@type\":\"PropertyValueSpecification\",\"valueRequired\":true,\"valueName\":\"search_term_string\"}}],\"inLanguage\":\"en-US\"}]}<\/script>\n<!-- \/ Yoast SEO Premium plugin. -->","yoast_head_json":{"title":"Nh\u1ef1a in 3d eSun eMarble m\u00e0u Grey c\u00f3 v\u00e2n nh\u01b0 \u0111\u00e1 c\u00e2\u0309m tha\u0323ch 1kg\/Cu\u1ed9n - NGE 3D Printers Services","description":"Nh\u1ef1a in 3D eSun eMarble m\u00e0u Natural (1kg\/cu\u1ed9n) \u2013 gi\u1ea3 \u0111\u00e1 c\u1ea9m th\u1ea1ch, b\u1ec1 m\u1eb7t m\u1edd tinh t\u1ebf, d\u1ec5 in nh\u01b0 PLA, kh\u00f4ng cong v\u00eanh, th\u00e2n thi\u1ec7n m\u00f4i tr\u01b0\u1eddng.","robots":{"index":"index","follow":"follow","max-snippet":"max-snippet:-1","max-image-preview":"max-image-preview:large","max-video-preview":"max-video-preview:-1"},"canonical":"https:\/\/nge.vn\/en\/product\/nhua-in-3d-esun-emarble-mau-grey-co-van-nhu-da-ca\u0309m-tha\u0323ch-1kg-cuon\/","og_locale":"en_US","og_type":"article","og_title":"Nh\u1ef1a in 3d eSun eMarble m\u00e0u Grey c\u00f3 v\u00e2n nh\u01b0 \u0111\u00e1 c\u00e2\u0309m tha\u0323ch 1kg\/Cu\u1ed9n","og_description":"Nh\u1ef1a in 3D eSun eMarble m\u00e0u Natural (1kg\/cu\u1ed9n) \u2013 gi\u1ea3 \u0111\u00e1 c\u1ea9m th\u1ea1ch, b\u1ec1 m\u1eb7t m\u1edd tinh t\u1ebf, d\u1ec5 in nh\u01b0 PLA, kh\u00f4ng cong v\u00eanh, th\u00e2n thi\u1ec7n m\u00f4i tr\u01b0\u1eddng.","og_url":"https:\/\/nge.vn\/en\/product\/nhua-in-3d-esun-emarble-mau-grey-co-van-nhu-da-ca\u0309m-tha\u0323ch-1kg-cuon\/","og_site_name":"NGE 3D Printers Services","article_modified_time":"2025-08-18T10:29:44+00:00","og_image":[{"width":320,"height":320,"url":"https:\/\/nge.vn\/wp-content\/uploads\/2025\/08\/sg-11134201-7rasj-mapcoubeefozcb_tn.jpeg","type":"image\/jpeg"}],"twitter_card":"summary_large_image","twitter_misc":{"Est. reading time":"2 minutes"},"schema":{"@context":"https:\/\/schema.org","@graph":[{"@type":"WebPage","@id":"https:\/\/nge.vn\/san-pham\/nhua-in-3d-esun-emarble-mau-grey-co-van-nhu-da-ca%cc%89m-tha%cc%a3ch-1kg-cuon\/","url":"https:\/\/nge.vn\/san-pham\/nhua-in-3d-esun-emarble-mau-grey-co-van-nhu-da-ca%cc%89m-tha%cc%a3ch-1kg-cuon\/","name":"Nh\u1ef1a in 3d eSun eMarble m\u00e0u Grey c\u00f3 v\u00e2n nh\u01b0 \u0111\u00e1 c\u00e2\u0309m tha\u0323ch 1kg\/Cu\u1ed9n - NGE 3D Printers Services","isPartOf":{"@id":"https:\/\/nge.vn\/#website"},"primaryImageOfPage":{"@id":"https:\/\/nge.vn\/san-pham\/nhua-in-3d-esun-emarble-mau-grey-co-van-nhu-da-ca%cc%89m-tha%cc%a3ch-1kg-cuon\/#primaryimage"},"image":{"@id":"https:\/\/nge.vn\/san-pham\/nhua-in-3d-esun-emarble-mau-grey-co-van-nhu-da-ca%cc%89m-tha%cc%a3ch-1kg-cuon\/#primaryimage"},"thumbnailUrl":"https:\/\/nge.vn\/wp-content\/uploads\/2025\/08\/sg-11134201-7rasj-mapcoubeefozcb_tn.jpeg","datePublished":"2025-08-18T10:29:43+00:00","dateModified":"2025-08-18T10:29:44+00:00","description":"Nh\u1ef1a in 3D eSun eMarble m\u00e0u Natural (1kg\/cu\u1ed9n) \u2013 gi\u1ea3 \u0111\u00e1 c\u1ea9m th\u1ea1ch, b\u1ec1 m\u1eb7t m\u1edd tinh t\u1ebf, d\u1ec5 in nh\u01b0 PLA, kh\u00f4ng cong v\u00eanh, th\u00e2n thi\u1ec7n m\u00f4i tr\u01b0\u1eddng.","breadcrumb":{"@id":"https:\/\/nge.vn\/san-pham\/nhua-in-3d-esun-emarble-mau-grey-co-van-nhu-da-ca%cc%89m-tha%cc%a3ch-1kg-cuon\/#breadcrumb"},"inLanguage":"en-US","potentialAction":[{"@type":"ReadAction","target":["https:\/\/nge.vn\/san-pham\/nhua-in-3d-esun-emarble-mau-grey-co-van-nhu-da-ca%cc%89m-tha%cc%a3ch-1kg-cuon\/"]}]},{"@type":"ImageObject","inLanguage":"en-US","@id":"https:\/\/nge.vn\/san-pham\/nhua-in-3d-esun-emarble-mau-grey-co-van-nhu-da-ca%cc%89m-tha%cc%a3ch-1kg-cuon\/#primaryimage","url":"https:\/\/nge.vn\/wp-content\/uploads\/2025\/08\/sg-11134201-7rasj-mapcoubeefozcb_tn.jpeg","contentUrl":"https:\/\/nge.vn\/wp-content\/uploads\/2025\/08\/sg-11134201-7rasj-mapcoubeefozcb_tn.jpeg","width":320,"height":320},{"@type":"BreadcrumbList","@id":"https:\/\/nge.vn\/san-pham\/nhua-in-3d-esun-emarble-mau-grey-co-van-nhu-da-ca%cc%89m-tha%cc%a3ch-1kg-cuon\/#breadcrumb","itemListElement":[{"@type":"ListItem","position":1,"name":"Trang ch\u1ee7","item":"https:\/\/nge.vn\/"},{"@type":"ListItem","position":2,"name":"S\u1ea3n ph\u1ea9m","item":"https:\/\/nge.vn\/san-pham\/"},{"@type":"ListItem","position":3,"name":"Nh\u1ef1a in 3d eSun eMarble m\u00e0u Grey c\u00f3 v\u00e2n nh\u01b0 \u0111\u00e1 c\u00e2\u0309m tha\u0323ch 1kg\/Cu\u1ed9n"}]},{"@type":"WebSite","@id":"https:\/\/nge.vn\/#website","url":"https:\/\/nge.vn\/","name":"NGE 3D Printers Services","description":"","potentialAction":[{"@type":"SearchAction","target":{"@type":"EntryPoint","urlTemplate":"https:\/\/nge.vn\/?s={search_term_string}"},"query-input":{"@type":"PropertyValueSpecification","valueRequired":true,"valueName":"search_term_string"}}],"inLanguage":"en-US"}]}},"_links":{"self":[{"href":"https:\/\/nge.vn\/en\/wp-json\/wp\/v2\/product\/6898","targetHints":{"allow":["GET"]}}],"collection":[{"href":"https:\/\/nge.vn\/en\/wp-json\/wp\/v2\/product"}],"about":[{"href":"https:\/\/nge.vn\/en\/wp-json\/wp\/v2\/types\/product"}],"replies":[{"embeddable":true,"href":"https:\/\/nge.vn\/en\/wp-json\/wp\/v2\/comments?post=6898"}],"wp:featuredmedia":[{"embeddable":true,"href":"https:\/\/nge.vn\/en\/wp-json\/wp\/v2\/media\/6899"}],"wp:attachment":[{"href":"https:\/\/nge.vn\/en\/wp-json\/wp\/v2\/media?parent=6898"}],"wp:term":[{"taxonomy":"product_brand","embeddable":true,"href":"https:\/\/nge.vn\/en\/wp-json\/wp\/v2\/product_brand?post=6898"},{"taxonomy":"product_cat","embeddable":true,"href":"https:\/\/nge.vn\/en\/wp-json\/wp\/v2\/product_cat?post=6898"},{"taxonomy":"product_tag","embeddable":true,"href":"https:\/\/nge.vn\/en\/wp-json\/wp\/v2\/product_tag?post=6898"}],"curies":[{"name":"wp","href":"https:\/\/api.w.org\/{rel}","templated":true}]}}