{"id":6890,"date":"2025-08-18T17:15:05","date_gmt":"2025-08-18T10:15:05","guid":{"rendered":"https:\/\/nge.vn\/?post_type=product&#038;p=6890"},"modified":"2025-08-18T17:15:06","modified_gmt":"2025-08-18T10:15:06","slug":"bang-chuyen-doi-creality-hi-adapter-plate-cho-may-in-3d-creality-hi","status":"publish","type":"product","link":"https:\/\/nge.vn\/en\/product\/bang-chuyen-doi-creality-hi-adapter-plate-cho-may-in-3d-creality-hi\/","title":{"rendered":"B\u1ea3ng chuy\u1ec3n \u0111\u1ed5i Creality Hi Adapter Plate cho m\u00e1y in 3d Creality Hi"},"content":{"rendered":"<h3 data-start=\"876\" data-end=\"958\">\u26a1 <strong data-start=\"882\" data-end=\"956\">Creality Hi Adapter Plate \u2013 B\u1ea3ng chuy\u1ec3n \u0111\u1ed5i ch\u00ednh h\u00e3ng cho Creality Hi<\/strong><\/h3>\n<p data-start=\"959\" data-end=\"1197\">Creality Hi Adapter Plate l\u00e0 ph\u1ee5 ki\u1ec7n quan tr\u1ecdng gi\u00fap k\u1ebft n\u1ed1i v\u00e0 c\u1ed1 \u0111\u1ecbnh c\u1ee5m \u0111\u00f9n v\u1edbi h\u1ec7 th\u1ed1ng m\u00e1y in 3D Creality Hi. \u0110\u01b0\u1ee3c s\u1ea3n xu\u1ea5t ch\u00ednh h\u00e3ng v\u1edbi \u0111\u1ed9 ch\u00ednh x\u00e1c cao, \u0111\u1ea3m b\u1ea3o qu\u00e1 tr\u00ecnh in \u1ea5n \u1ed5n \u0111\u1ecbnh, gi\u1ea3m rung l\u1eafc v\u00e0 t\u0103ng tu\u1ed5i th\u1ecd cho m\u00e1y.<\/p>\n<hr data-start=\"1199\" data-end=\"1202\" \/>\n<h3 data-start=\"1204\" data-end=\"1233\">\ud83c\udf1f <strong data-start=\"1211\" data-end=\"1231\">\u0110\u1eb7c \u0111i\u1ec3m n\u1ed5i b\u1eadt<\/strong><\/h3>\n<ul data-start=\"1234\" data-end=\"1496\">\n<li data-start=\"1234\" data-end=\"1315\">\n<p data-start=\"1236\" data-end=\"1315\"><strong data-start=\"1236\" data-end=\"1263\">Thi\u1ebft k\u1ebf chu\u1ea9n Creality<\/strong>, t\u01b0\u01a1ng th\u00edch ho\u00e0n to\u00e0n v\u1edbi m\u00e1y in 3D Creality Hi.<\/p>\n<\/li>\n<li data-start=\"1316\" data-end=\"1375\">\n<p data-start=\"1318\" data-end=\"1375\"><strong data-start=\"1318\" data-end=\"1340\">Gia c\u00f4ng ch\u00ednh x\u00e1c<\/strong>, l\u1eafp r\u00e1p nhanh ch\u00f3ng v\u00e0 an to\u00e0n.<\/p>\n<\/li>\n<li data-start=\"1376\" data-end=\"1428\">\n<p data-start=\"1378\" data-end=\"1428\"><strong data-start=\"1378\" data-end=\"1392\">\u0110\u1ed9 b\u1ec1n cao<\/strong>, \u0111\u1ea3m b\u1ea3o hi\u1ec7u su\u1ea5t in \u1ea5n \u1ed5n \u0111\u1ecbnh.<\/p>\n<\/li>\n<li data-start=\"1429\" data-end=\"1496\">\n<p data-start=\"1431\" data-end=\"1496\"><strong data-start=\"1431\" data-end=\"1450\">Tr\u1ecdng l\u01b0\u1ee3ng nh\u1eb9<\/strong>, kh\u00f4ng \u1ea3nh h\u01b0\u1edfng \u0111\u1ebfn ho\u1ea1t \u0111\u1ed9ng c\u1ee7a c\u1ee5m \u0111\u00f9n.<\/p>\n<\/li>\n<\/ul>\n<hr data-start=\"1498\" data-end=\"1501\" \/>\n<h3 data-start=\"1503\" data-end=\"1533\">\ud83d\udd27 <strong data-start=\"1510\" data-end=\"1531\">Th\u00f4ng s\u1ed1 k\u1ef9 thu\u1eadt<\/strong><\/h3>\n<ul data-start=\"1534\" data-end=\"1637\">\n<li data-start=\"1534\" data-end=\"1570\">\n<p data-start=\"1536\" data-end=\"1570\">K\u00edch th\u01b0\u1edbc: <strong data-start=\"1548\" data-end=\"1568\">4 \u00d7 3.5 \u00d7 1.2 cm<\/strong><\/p>\n<\/li>\n<li data-start=\"1571\" data-end=\"1594\">\n<p data-start=\"1573\" data-end=\"1594\">Tr\u1ecdng l\u01b0\u1ee3ng: <strong data-start=\"1586\" data-end=\"1592\">8g<\/strong><\/p>\n<\/li>\n<li data-start=\"1595\" data-end=\"1637\">\n<p data-start=\"1597\" data-end=\"1637\">S\u1eed d\u1ee5ng cho: <strong data-start=\"1610\" data-end=\"1635\">M\u00e1y in 3D Creality Hi<\/strong><\/p>\n<\/li>\n<\/ul>\n<blockquote class=\"wp-embedded-content\" data-secret=\"ieLqM03IPi\"><p><a href=\"https:\/\/nge.vn\/en\/product\/may-in-3d-fdm-creality-hi-combo\/\">M\u00e1y in 3d FDM Creality Hi Combo t\u1ed1c \u0111\u1ed9 in max 500mm\/s<\/a><\/p><\/blockquote>\n<p><iframe loading=\"lazy\" class=\"wp-embedded-content\" sandbox=\"allow-scripts\" security=\"restricted\" style=\"position: absolute; visibility: hidden;\" title=\"&#8220;M\u00e1y in 3d FDM Creality Hi Combo t\u1ed1c \u0111\u1ed9 in max 500mm\/s&#8221; &#8212; NGE 3D Printers Services\" src=\"https:\/\/nge.vn\/san-pham\/may-in-3d-fdm-creality-hi-combo\/embed\/#?secret=56wh93z5Ze#?secret=ieLqM03IPi\" data-secret=\"ieLqM03IPi\" width=\"600\" height=\"338\" frameborder=\"0\" marginwidth=\"0\" marginheight=\"0\" scrolling=\"no\"><\/iframe><\/p>\n<p>_\u0110\u00e2y l\u00e0 c\u00e1c trang b\u00e1n h\u00e0ng b\u00ean m\u00ecnh NGE 3D Printer Services chuy\u00ean cung c\u1ea5p Nh\u1ef1a in 3D v\u00e0 M\u00e1y in 3D c\u1ee7a H\u00e3ng ESUN, Flsun, BIQU, Creality, eMake3d&#8230;<br \/>\n\ud83d\uded2Shopee =&gt; https:\/\/shopee.vn\/nge3dprinter<br \/>\n\ud83d\uded2Shopee =&gt; https:\/\/shopee.vn\/nge3dservices<br \/>\n\ud83d\uded2Shopee Voron v\u00e0 eMake3D =&gt; https:\/\/shopee.vn\/3dmasterpower<br \/>\n\ud83d\uded2Shopee eMake3D =&gt; https:\/\/shopee.vn\/nge3dprinting<br \/>\n\ud83d\uded2Lazada =&gt; https:\/\/www.lazada.vn\/shop\/nge-3d-printer<br \/>\n\ud83d\uded2Lazada =&gt; https:\/\/www.lazada.vn\/shop\/nge-3d-printer-services<br \/>\n\ud83d\uded2Lazada =&gt; https:\/\/www.lazada.vn\/shop\/emake3d-vn<br \/>\n\ud83d\uded2Webslite Th\u1ebf H\u1ec7 K\u1ebf Ti\u1ebfp =&gt;https:\/\/www.theheketiep.com\/<br \/>\n\ud83d\uded2Webslite NGE.VN =&gt;https:\/\/www.nge.vn\/<br \/>\nHo\u1eb7c b\u1ea1n g\u1ecdi 094.144.0951 g\u1eb7p m\u00ecnh<br \/>\nHo\u1eb7c 0913939775 g\u1eb7p anh Qu\u00e2n<br \/>\n** Price does not include VAT (+8 or 10% if VAT invoice is issued)<\/p>","protected":false},"excerpt":{"rendered":"<p data-start=\"337\" data-end=\"511\">Creality Hi Adapter Plate \u2013 b\u1ea3ng chuy\u1ec3n \u0111\u1ed5i ch\u00ednh h\u00e3ng d\u00f9ng cho m\u00e1y in 3D Creality Hi. K\u00edch th\u01b0\u1edbc 4\u00d73.5\u00d71.2cm, tr\u1ecdng l\u01b0\u1ee3ng 8g, d\u1ec5 l\u1eafp \u0111\u1eb7t, h\u1ed7 tr\u1ee3 k\u1ebft n\u1ed1i \u1ed5n \u0111\u1ecbnh v\u00e0 b\u1ec1n b\u1ec9.<\/p>","protected":false},"featured_media":6891,"comment_status":"open","ping_status":"closed","template":"","meta":{"inline_featured_image":false},"product_brand":[],"product_cat":[462,40,56],"product_tag":[949,497,829,663],"class_list":{"0":"post-6890","1":"product","2":"type-product","3":"status-publish","4":"has-post-thumbnail","6":"product_cat-board-va-man-hinh-dieu-khien","7":"product_cat-linh-kien-va-phu-kien","8":"product_cat-linh-phu-kien-may-in-3d-creality","9":"product_tag-adapterplate","10":"product_tag-crealityhi","11":"product_tag-in3d","12":"product_tag-nge3d","14":"first","15":"instock","16":"taxable","17":"shipping-taxable","18":"purchasable","19":"product-type-simple"},"yoast_head":"<!-- This site is optimized with the Yoast SEO Premium plugin v22.8 (Yoast SEO v26.9) - https:\/\/yoast.com\/product\/yoast-seo-premium-wordpress\/ -->\n<title>B\u1ea3ng chuy\u1ec3n \u0111\u1ed5i Creality Hi Adapter Plate cho m\u00e1y in 3d Creality Hi - NGE 3D Printers Services<\/title>\n<meta name=\"description\" content=\"Creality Hi Adapter Plate \u2013 b\u1ea3ng chuy\u1ec3n \u0111\u1ed5i ch\u00ednh h\u00e3ng d\u00f9ng cho m\u00e1y in 3D Creality Hi. K\u00edch th\u01b0\u1edbc 4\u00d73.5\u00d71.2cm, d\u1ec5 l\u1eafp \u0111\u1eb7t, h\u1ed7 tr\u1ee3 k\u1ebft n\u1ed1i \u1ed5n \u0111\u1ecbnh v\u00e0 b\u1ec1n b\u1ec9.\" \/>\n<meta name=\"robots\" content=\"index, follow, max-snippet:-1, max-image-preview:large, max-video-preview:-1\" \/>\n<link rel=\"canonical\" href=\"https:\/\/nge.vn\/en\/product\/bang-chuyen-doi-creality-hi-adapter-plate-cho-may-in-3d-creality-hi\/\" \/>\n<meta property=\"og:locale\" content=\"en_US\" \/>\n<meta property=\"og:type\" content=\"article\" \/>\n<meta property=\"og:title\" content=\"B\u1ea3ng chuy\u1ec3n \u0111\u1ed5i Creality Hi Adapter Plate cho m\u00e1y in 3d Creality Hi\" \/>\n<meta property=\"og:description\" content=\"Creality Hi Adapter Plate \u2013 b\u1ea3ng chuy\u1ec3n \u0111\u1ed5i ch\u00ednh h\u00e3ng d\u00f9ng cho m\u00e1y in 3D Creality Hi. K\u00edch th\u01b0\u1edbc 4\u00d73.5\u00d71.2cm, d\u1ec5 l\u1eafp \u0111\u1eb7t, h\u1ed7 tr\u1ee3 k\u1ebft n\u1ed1i \u1ed5n \u0111\u1ecbnh v\u00e0 b\u1ec1n b\u1ec9.\" \/>\n<meta property=\"og:url\" content=\"https:\/\/nge.vn\/en\/product\/bang-chuyen-doi-creality-hi-adapter-plate-cho-may-in-3d-creality-hi\/\" \/>\n<meta property=\"og:site_name\" content=\"NGE 3D Printers Services\" \/>\n<meta property=\"article:modified_time\" content=\"2025-08-18T10:15:06+00:00\" \/>\n<meta property=\"og:image\" content=\"https:\/\/nge.vn\/wp-content\/uploads\/2025\/08\/vn-11134207-7ras8-mdirz4zhw5dbb7_tn.jpeg\" \/>\n\t<meta property=\"og:image:width\" content=\"320\" \/>\n\t<meta property=\"og:image:height\" content=\"320\" \/>\n\t<meta property=\"og:image:type\" content=\"image\/jpeg\" \/>\n<meta name=\"twitter:card\" content=\"summary_large_image\" \/>\n<meta name=\"twitter:label1\" content=\"Est. reading time\" \/>\n\t<meta name=\"twitter:data1\" content=\"2 minutes\" \/>\n<script type=\"application\/ld+json\" class=\"yoast-schema-graph\">{\"@context\":\"https:\/\/schema.org\",\"@graph\":[{\"@type\":\"WebPage\",\"@id\":\"https:\/\/nge.vn\/san-pham\/bang-chuyen-doi-creality-hi-adapter-plate-cho-may-in-3d-creality-hi\/\",\"url\":\"https:\/\/nge.vn\/san-pham\/bang-chuyen-doi-creality-hi-adapter-plate-cho-may-in-3d-creality-hi\/\",\"name\":\"B\u1ea3ng chuy\u1ec3n \u0111\u1ed5i Creality Hi Adapter Plate cho m\u00e1y in 3d Creality Hi - NGE 3D Printers Services\",\"isPartOf\":{\"@id\":\"https:\/\/nge.vn\/#website\"},\"primaryImageOfPage\":{\"@id\":\"https:\/\/nge.vn\/san-pham\/bang-chuyen-doi-creality-hi-adapter-plate-cho-may-in-3d-creality-hi\/#primaryimage\"},\"image\":{\"@id\":\"https:\/\/nge.vn\/san-pham\/bang-chuyen-doi-creality-hi-adapter-plate-cho-may-in-3d-creality-hi\/#primaryimage\"},\"thumbnailUrl\":\"https:\/\/nge.vn\/wp-content\/uploads\/2025\/08\/vn-11134207-7ras8-mdirz4zhw5dbb7_tn.jpeg\",\"datePublished\":\"2025-08-18T10:15:05+00:00\",\"dateModified\":\"2025-08-18T10:15:06+00:00\",\"description\":\"Creality Hi Adapter Plate \u2013 b\u1ea3ng chuy\u1ec3n \u0111\u1ed5i ch\u00ednh h\u00e3ng d\u00f9ng cho m\u00e1y in 3D Creality Hi. K\u00edch th\u01b0\u1edbc 4\u00d73.5\u00d71.2cm, d\u1ec5 l\u1eafp \u0111\u1eb7t, h\u1ed7 tr\u1ee3 k\u1ebft n\u1ed1i \u1ed5n \u0111\u1ecbnh v\u00e0 b\u1ec1n b\u1ec9.\",\"breadcrumb\":{\"@id\":\"https:\/\/nge.vn\/san-pham\/bang-chuyen-doi-creality-hi-adapter-plate-cho-may-in-3d-creality-hi\/#breadcrumb\"},\"inLanguage\":\"en-US\",\"potentialAction\":[{\"@type\":\"ReadAction\",\"target\":[\"https:\/\/nge.vn\/san-pham\/bang-chuyen-doi-creality-hi-adapter-plate-cho-may-in-3d-creality-hi\/\"]}]},{\"@type\":\"ImageObject\",\"inLanguage\":\"en-US\",\"@id\":\"https:\/\/nge.vn\/san-pham\/bang-chuyen-doi-creality-hi-adapter-plate-cho-may-in-3d-creality-hi\/#primaryimage\",\"url\":\"https:\/\/nge.vn\/wp-content\/uploads\/2025\/08\/vn-11134207-7ras8-mdirz4zhw5dbb7_tn.jpeg\",\"contentUrl\":\"https:\/\/nge.vn\/wp-content\/uploads\/2025\/08\/vn-11134207-7ras8-mdirz4zhw5dbb7_tn.jpeg\",\"width\":320,\"height\":320},{\"@type\":\"BreadcrumbList\",\"@id\":\"https:\/\/nge.vn\/san-pham\/bang-chuyen-doi-creality-hi-adapter-plate-cho-may-in-3d-creality-hi\/#breadcrumb\",\"itemListElement\":[{\"@type\":\"ListItem\",\"position\":1,\"name\":\"Trang ch\u1ee7\",\"item\":\"https:\/\/nge.vn\/\"},{\"@type\":\"ListItem\",\"position\":2,\"name\":\"S\u1ea3n ph\u1ea9m\",\"item\":\"https:\/\/nge.vn\/san-pham\/\"},{\"@type\":\"ListItem\",\"position\":3,\"name\":\"B\u1ea3ng chuy\u1ec3n \u0111\u1ed5i Creality Hi Adapter Plate cho m\u00e1y in 3d Creality Hi\"}]},{\"@type\":\"WebSite\",\"@id\":\"https:\/\/nge.vn\/#website\",\"url\":\"https:\/\/nge.vn\/\",\"name\":\"NGE 3D Printers Services\",\"description\":\"\",\"potentialAction\":[{\"@type\":\"SearchAction\",\"target\":{\"@type\":\"EntryPoint\",\"urlTemplate\":\"https:\/\/nge.vn\/?s={search_term_string}\"},\"query-input\":{\"@type\":\"PropertyValueSpecification\",\"valueRequired\":true,\"valueName\":\"search_term_string\"}}],\"inLanguage\":\"en-US\"}]}<\/script>\n<!-- \/ Yoast SEO Premium plugin. -->","yoast_head_json":{"title":"B\u1ea3ng chuy\u1ec3n \u0111\u1ed5i Creality Hi Adapter Plate cho m\u00e1y in 3d Creality Hi - NGE 3D Printers Services","description":"Creality Hi Adapter Plate \u2013 b\u1ea3ng chuy\u1ec3n \u0111\u1ed5i ch\u00ednh h\u00e3ng d\u00f9ng cho m\u00e1y in 3D Creality Hi. K\u00edch th\u01b0\u1edbc 4\u00d73.5\u00d71.2cm, d\u1ec5 l\u1eafp \u0111\u1eb7t, h\u1ed7 tr\u1ee3 k\u1ebft n\u1ed1i \u1ed5n \u0111\u1ecbnh v\u00e0 b\u1ec1n b\u1ec9.","robots":{"index":"index","follow":"follow","max-snippet":"max-snippet:-1","max-image-preview":"max-image-preview:large","max-video-preview":"max-video-preview:-1"},"canonical":"https:\/\/nge.vn\/en\/product\/bang-chuyen-doi-creality-hi-adapter-plate-cho-may-in-3d-creality-hi\/","og_locale":"en_US","og_type":"article","og_title":"B\u1ea3ng chuy\u1ec3n \u0111\u1ed5i Creality Hi Adapter Plate cho m\u00e1y in 3d Creality Hi","og_description":"Creality Hi Adapter Plate \u2013 b\u1ea3ng chuy\u1ec3n \u0111\u1ed5i ch\u00ednh h\u00e3ng d\u00f9ng cho m\u00e1y in 3D Creality Hi. K\u00edch th\u01b0\u1edbc 4\u00d73.5\u00d71.2cm, d\u1ec5 l\u1eafp \u0111\u1eb7t, h\u1ed7 tr\u1ee3 k\u1ebft n\u1ed1i \u1ed5n \u0111\u1ecbnh v\u00e0 b\u1ec1n b\u1ec9.","og_url":"https:\/\/nge.vn\/en\/product\/bang-chuyen-doi-creality-hi-adapter-plate-cho-may-in-3d-creality-hi\/","og_site_name":"NGE 3D Printers Services","article_modified_time":"2025-08-18T10:15:06+00:00","og_image":[{"width":320,"height":320,"url":"https:\/\/nge.vn\/wp-content\/uploads\/2025\/08\/vn-11134207-7ras8-mdirz4zhw5dbb7_tn.jpeg","type":"image\/jpeg"}],"twitter_card":"summary_large_image","twitter_misc":{"Est. reading time":"2 minutes"},"schema":{"@context":"https:\/\/schema.org","@graph":[{"@type":"WebPage","@id":"https:\/\/nge.vn\/san-pham\/bang-chuyen-doi-creality-hi-adapter-plate-cho-may-in-3d-creality-hi\/","url":"https:\/\/nge.vn\/san-pham\/bang-chuyen-doi-creality-hi-adapter-plate-cho-may-in-3d-creality-hi\/","name":"B\u1ea3ng chuy\u1ec3n \u0111\u1ed5i Creality Hi Adapter Plate cho m\u00e1y in 3d Creality Hi - NGE 3D Printers Services","isPartOf":{"@id":"https:\/\/nge.vn\/#website"},"primaryImageOfPage":{"@id":"https:\/\/nge.vn\/san-pham\/bang-chuyen-doi-creality-hi-adapter-plate-cho-may-in-3d-creality-hi\/#primaryimage"},"image":{"@id":"https:\/\/nge.vn\/san-pham\/bang-chuyen-doi-creality-hi-adapter-plate-cho-may-in-3d-creality-hi\/#primaryimage"},"thumbnailUrl":"https:\/\/nge.vn\/wp-content\/uploads\/2025\/08\/vn-11134207-7ras8-mdirz4zhw5dbb7_tn.jpeg","datePublished":"2025-08-18T10:15:05+00:00","dateModified":"2025-08-18T10:15:06+00:00","description":"Creality Hi Adapter Plate \u2013 b\u1ea3ng chuy\u1ec3n \u0111\u1ed5i ch\u00ednh h\u00e3ng d\u00f9ng cho m\u00e1y in 3D Creality Hi. K\u00edch th\u01b0\u1edbc 4\u00d73.5\u00d71.2cm, d\u1ec5 l\u1eafp \u0111\u1eb7t, h\u1ed7 tr\u1ee3 k\u1ebft n\u1ed1i \u1ed5n \u0111\u1ecbnh v\u00e0 b\u1ec1n b\u1ec9.","breadcrumb":{"@id":"https:\/\/nge.vn\/san-pham\/bang-chuyen-doi-creality-hi-adapter-plate-cho-may-in-3d-creality-hi\/#breadcrumb"},"inLanguage":"en-US","potentialAction":[{"@type":"ReadAction","target":["https:\/\/nge.vn\/san-pham\/bang-chuyen-doi-creality-hi-adapter-plate-cho-may-in-3d-creality-hi\/"]}]},{"@type":"ImageObject","inLanguage":"en-US","@id":"https:\/\/nge.vn\/san-pham\/bang-chuyen-doi-creality-hi-adapter-plate-cho-may-in-3d-creality-hi\/#primaryimage","url":"https:\/\/nge.vn\/wp-content\/uploads\/2025\/08\/vn-11134207-7ras8-mdirz4zhw5dbb7_tn.jpeg","contentUrl":"https:\/\/nge.vn\/wp-content\/uploads\/2025\/08\/vn-11134207-7ras8-mdirz4zhw5dbb7_tn.jpeg","width":320,"height":320},{"@type":"BreadcrumbList","@id":"https:\/\/nge.vn\/san-pham\/bang-chuyen-doi-creality-hi-adapter-plate-cho-may-in-3d-creality-hi\/#breadcrumb","itemListElement":[{"@type":"ListItem","position":1,"name":"Trang ch\u1ee7","item":"https:\/\/nge.vn\/"},{"@type":"ListItem","position":2,"name":"S\u1ea3n ph\u1ea9m","item":"https:\/\/nge.vn\/san-pham\/"},{"@type":"ListItem","position":3,"name":"B\u1ea3ng chuy\u1ec3n \u0111\u1ed5i Creality Hi Adapter Plate cho m\u00e1y in 3d Creality Hi"}]},{"@type":"WebSite","@id":"https:\/\/nge.vn\/#website","url":"https:\/\/nge.vn\/","name":"NGE 3D Printers Services","description":"","potentialAction":[{"@type":"SearchAction","target":{"@type":"EntryPoint","urlTemplate":"https:\/\/nge.vn\/?s={search_term_string}"},"query-input":{"@type":"PropertyValueSpecification","valueRequired":true,"valueName":"search_term_string"}}],"inLanguage":"en-US"}]}},"_links":{"self":[{"href":"https:\/\/nge.vn\/en\/wp-json\/wp\/v2\/product\/6890","targetHints":{"allow":["GET"]}}],"collection":[{"href":"https:\/\/nge.vn\/en\/wp-json\/wp\/v2\/product"}],"about":[{"href":"https:\/\/nge.vn\/en\/wp-json\/wp\/v2\/types\/product"}],"replies":[{"embeddable":true,"href":"https:\/\/nge.vn\/en\/wp-json\/wp\/v2\/comments?post=6890"}],"wp:featuredmedia":[{"embeddable":true,"href":"https:\/\/nge.vn\/en\/wp-json\/wp\/v2\/media\/6891"}],"wp:attachment":[{"href":"https:\/\/nge.vn\/en\/wp-json\/wp\/v2\/media?parent=6890"}],"wp:term":[{"taxonomy":"product_brand","embeddable":true,"href":"https:\/\/nge.vn\/en\/wp-json\/wp\/v2\/product_brand?post=6890"},{"taxonomy":"product_cat","embeddable":true,"href":"https:\/\/nge.vn\/en\/wp-json\/wp\/v2\/product_cat?post=6890"},{"taxonomy":"product_tag","embeddable":true,"href":"https:\/\/nge.vn\/en\/wp-json\/wp\/v2\/product_tag?post=6890"}],"curies":[{"name":"wp","href":"https:\/\/api.w.org\/{rel}","templated":true}]}}