{"id":6873,"date":"2025-08-18T16:41:00","date_gmt":"2025-08-18T09:41:00","guid":{"rendered":"https:\/\/nge.vn\/?post_type=product&#038;p=6873"},"modified":"2025-08-18T16:41:01","modified_gmt":"2025-08-18T09:41:01","slug":"bang-rfid-board-cho-may-in-3d-creality-k2-plus","status":"publish","type":"product","link":"https:\/\/nge.vn\/en\/product\/bang-rfid-board-cho-may-in-3d-creality-k2-plus\/","title":{"rendered":"B\u1ea3ng RFID board cho m\u00e1y in 3d Creality K2 PLus&#8230;"},"content":{"rendered":"<h3 data-start=\"744\" data-end=\"787\">\u26a1 <strong data-start=\"750\" data-end=\"785\">RFID Board cho Creality K2 Plus<\/strong><\/h3>\n<p data-start=\"788\" data-end=\"1004\">RFID Board l\u00e0 bo m\u1ea1ch ch\u00ednh h\u00e3ng Creality, chuy\u00ean d\u1ee5ng cho m\u00e1y in 3D Creality K2 Plus, h\u1ed7 tr\u1ee3 t\u00ednh n\u0103ng nh\u1eadn di\u1ec7n v\u00e0 qu\u1ea3n l\u00fd th\u00f4ng tin in \u1ea5n qua c\u00f4ng ngh\u1ec7 RFID, gi\u00fap qu\u00e1 tr\u00ecnh in tr\u1edf n\u00ean th\u00f4ng minh v\u00e0 ti\u1ec7n l\u1ee3i h\u01a1n.<\/p>\n<hr data-start=\"1006\" data-end=\"1009\" \/>\n<h3 data-start=\"1011\" data-end=\"1040\">\ud83c\udf1f <strong data-start=\"1018\" data-end=\"1038\">\u0110\u1eb7c \u0111i\u1ec3m n\u1ed5i b\u1eadt<\/strong><\/h3>\n<ul data-start=\"1041\" data-end=\"1308\">\n<li data-start=\"1041\" data-end=\"1112\">\n<p data-start=\"1043\" data-end=\"1112\"><strong data-start=\"1043\" data-end=\"1075\">Thi\u1ebft k\u1ebf ch\u00ednh h\u00e3ng Creality<\/strong>, \u0111\u1ea3m b\u1ea3o \u0111\u1ed9 t\u01b0\u01a1ng th\u00edch tuy\u1ec7t \u0111\u1ed1i.<\/p>\n<\/li>\n<li data-start=\"1113\" data-end=\"1169\">\n<p data-start=\"1115\" data-end=\"1169\"><strong data-start=\"1115\" data-end=\"1137\">K\u00edch th\u01b0\u1edbc nh\u1ecf g\u1ecdn<\/strong>, d\u1ec5 d\u00e0ng l\u1eafp \u0111\u1eb7t v\u00e0 thay th\u1ebf.<\/p>\n<\/li>\n<li data-start=\"1170\" data-end=\"1240\">\n<p data-start=\"1172\" data-end=\"1240\"><strong data-start=\"1172\" data-end=\"1187\">H\u1ed7 tr\u1ee3 RFID<\/strong>, gi\u00fap m\u00e1y in t\u1ef1 \u0111\u1ed9ng nh\u1eadn di\u1ec7n th\u00f4ng tin v\u1eadt li\u1ec7u.<\/p>\n<\/li>\n<li data-start=\"1241\" data-end=\"1308\">\n<p data-start=\"1243\" data-end=\"1308\">\u0110\u1ea3m b\u1ea3o ho\u1ea1t \u0111\u1ed9ng \u1ed5n \u0111\u1ecbnh, t\u0103ng tr\u1ea3i nghi\u1ec7m in 3D hi\u1ec7u qu\u1ea3 h\u01a1n.<\/p>\n<\/li>\n<\/ul>\n<hr data-start=\"1310\" data-end=\"1313\" \/>\n<h3 data-start=\"1315\" data-end=\"1345\">\ud83d\udd27 <strong data-start=\"1322\" data-end=\"1343\">Th\u00f4ng s\u1ed1 k\u1ef9 thu\u1eadt<\/strong><\/h3>\n<ul data-start=\"1346\" data-end=\"1487\">\n<li data-start=\"1346\" data-end=\"1369\">\n<p data-start=\"1348\" data-end=\"1369\">Tr\u1ecdng l\u01b0\u1ee3ng: <strong data-start=\"1361\" data-end=\"1367\">6g<\/strong><\/p>\n<\/li>\n<li data-start=\"1370\" data-end=\"1406\">\n<p data-start=\"1372\" data-end=\"1406\">K\u00edch th\u01b0\u1edbc: <strong data-start=\"1384\" data-end=\"1404\">6.2 \u00d7 2.2 \u00d7 1 cm<\/strong><\/p>\n<\/li>\n<li data-start=\"1407\" data-end=\"1439\">\n<p data-start=\"1409\" data-end=\"1439\">M\u00e3 linh ki\u1ec7n: <strong data-start=\"1423\" data-end=\"1437\">2101020283<\/strong><\/p>\n<\/li>\n<li data-start=\"1440\" data-end=\"1487\">\n<p data-start=\"1442\" data-end=\"1487\">S\u1eed d\u1ee5ng cho: <strong data-start=\"1455\" data-end=\"1485\">M\u00e1y in 3D Creality K2 Plus<br \/>\n<\/strong><\/p>\n<\/li>\n<\/ul>\n<blockquote class=\"wp-embedded-content\" data-secret=\"3Gdgo4vVys\"><p><a href=\"https:\/\/nge.vn\/en\/product\/may-in-3d-nhieu-mau-creality-k2-plus-kho-in-35x35x35cm\/\">M\u00e1y in 3d nhi\u1ec1u m\u00e0u Creality K2 Plus kh\u1ed5 in 35*35*35cm<\/a><\/p><\/blockquote>\n<p><iframe loading=\"lazy\" class=\"wp-embedded-content\" sandbox=\"allow-scripts\" security=\"restricted\" style=\"position: absolute; visibility: hidden;\" title=\"&#8220;M\u00e1y in 3d nhi\u1ec1u m\u00e0u Creality K2 Plus kh\u1ed5 in 35*35*35cm&#8221; &#8212; NGE 3D Printers Services\" src=\"https:\/\/nge.vn\/san-pham\/may-in-3d-nhieu-mau-creality-k2-plus-kho-in-35x35x35cm\/embed\/#?secret=tYIGBitnAp#?secret=3Gdgo4vVys\" data-secret=\"3Gdgo4vVys\" width=\"600\" height=\"338\" frameborder=\"0\" marginwidth=\"0\" marginheight=\"0\" scrolling=\"no\"><\/iframe><\/p>\n<p>_\u0110\u00e2y l\u00e0 c\u00e1c trang b\u00e1n h\u00e0ng b\u00ean m\u00ecnh NGE 3D Printer Services chuy\u00ean cung c\u1ea5p Nh\u1ef1a in 3D v\u00e0 M\u00e1y in 3D c\u1ee7a H\u00e3ng ESUN, Flsun, BIQU, Creality, eMake3d&#8230;<br \/>\n\ud83d\uded2Shopee =&gt; https:\/\/shopee.vn\/nge3dprinter<br \/>\n\ud83d\uded2Shopee =&gt; https:\/\/shopee.vn\/nge3dservices<br \/>\n\ud83d\uded2Shopee Voron v\u00e0 eMake3D =&gt; https:\/\/shopee.vn\/3dmasterpower<br \/>\n\ud83d\uded2Shopee eMake3D =&gt; https:\/\/shopee.vn\/nge3dprinting<br \/>\n\ud83d\uded2Lazada =&gt; https:\/\/www.lazada.vn\/shop\/nge-3d-printer<br \/>\n\ud83d\uded2Lazada =&gt; https:\/\/www.lazada.vn\/shop\/nge-3d-printer-services<br \/>\n\ud83d\uded2Lazada =&gt; https:\/\/www.lazada.vn\/shop\/emake3d-vn<br \/>\n\ud83d\uded2Webslite Th\u1ebf H\u1ec7 K\u1ebf Ti\u1ebfp =&gt;https:\/\/www.theheketiep.com\/<br \/>\n\ud83d\uded2Webslite NGE.VN =&gt;https:\/\/www.nge.vn\/<br \/>\nHo\u1eb7c b\u1ea1n g\u1ecdi 094.144.0951 g\u1eb7p m\u00ecnh<br \/>\nHo\u1eb7c 0913939775 g\u1eb7p anh Qu\u00e2n<br \/>\n** Price does not include VAT (+8 or 10% if VAT invoice is issued)<\/p>","protected":false},"excerpt":{"rendered":"<p data-start=\"262\" data-end=\"420\">Bo m\u1ea1ch RFID Board d\u00e0nh cho m\u00e1y in 3D Creality K2 Plus. K\u00edch th\u01b0\u1edbc 6.2\u00d72.2\u00d71cm, tr\u1ecdng l\u01b0\u1ee3ng 6g, ch\u00ednh h\u00e3ng Creality, d\u1ec5 l\u1eafp \u0111\u1eb7t v\u00e0 thay th\u1ebf.<\/p>","protected":false},"featured_media":6874,"comment_status":"open","ping_status":"closed","template":"","meta":{"inline_featured_image":false},"product_brand":[],"product_cat":[462,40,56],"product_tag":[495,501,663,946],"class_list":{"0":"post-6873","1":"product","2":"type-product","3":"status-publish","4":"has-post-thumbnail","6":"product_cat-board-va-man-hinh-dieu-khien","7":"product_cat-linh-kien-va-phu-kien","8":"product_cat-linh-phu-kien-may-in-3d-creality","9":"product_tag-creality","10":"product_tag-k2plus","11":"product_tag-nge3d","12":"product_tag-rfid","14":"first","15":"instock","16":"taxable","17":"shipping-taxable","18":"purchasable","19":"product-type-simple"},"yoast_head":"<!-- This site is optimized with the Yoast SEO Premium plugin v22.8 (Yoast SEO v26.9) - https:\/\/yoast.com\/product\/yoast-seo-premium-wordpress\/ -->\n<title>B\u1ea3ng RFID board cho m\u00e1y in 3d Creality K2 PLus... - NGE 3D Printers Services<\/title>\n<meta name=\"description\" content=\"Bo m\u1ea1ch RFID Board d\u00e0nh cho m\u00e1y in 3D Creality K2 Plus. K\u00edch th\u01b0\u1edbc 6.2\u00d72.2\u00d71cm, tr\u1ecdng l\u01b0\u1ee3ng 6g, ch\u00ednh h\u00e3ng Creality, d\u1ec5 l\u1eafp \u0111\u1eb7t v\u00e0 thay th\u1ebf.\" \/>\n<meta name=\"robots\" content=\"index, follow, max-snippet:-1, max-image-preview:large, max-video-preview:-1\" \/>\n<link rel=\"canonical\" href=\"https:\/\/nge.vn\/en\/product\/bang-rfid-board-cho-may-in-3d-creality-k2-plus\/\" \/>\n<meta property=\"og:locale\" content=\"en_US\" \/>\n<meta property=\"og:type\" content=\"article\" \/>\n<meta property=\"og:title\" content=\"B\u1ea3ng RFID board cho m\u00e1y in 3d Creality K2 PLus...\" \/>\n<meta property=\"og:description\" content=\"Bo m\u1ea1ch RFID Board d\u00e0nh cho m\u00e1y in 3D Creality K2 Plus. K\u00edch th\u01b0\u1edbc 6.2\u00d72.2\u00d71cm, tr\u1ecdng l\u01b0\u1ee3ng 6g, ch\u00ednh h\u00e3ng Creality, d\u1ec5 l\u1eafp \u0111\u1eb7t v\u00e0 thay th\u1ebf.\" \/>\n<meta property=\"og:url\" content=\"https:\/\/nge.vn\/en\/product\/bang-rfid-board-cho-may-in-3d-creality-k2-plus\/\" \/>\n<meta property=\"og:site_name\" content=\"NGE 3D Printers Services\" \/>\n<meta property=\"article:modified_time\" content=\"2025-08-18T09:41:01+00:00\" \/>\n<meta property=\"og:image\" content=\"https:\/\/nge.vn\/wp-content\/uploads\/2025\/08\/vn-11134207-7ras8-mdir5d02m2mda3_tn.jpeg\" \/>\n\t<meta property=\"og:image:width\" content=\"320\" \/>\n\t<meta property=\"og:image:height\" content=\"320\" \/>\n\t<meta property=\"og:image:type\" content=\"image\/jpeg\" \/>\n<meta name=\"twitter:card\" content=\"summary_large_image\" \/>\n<meta name=\"twitter:label1\" content=\"Est. reading time\" \/>\n\t<meta name=\"twitter:data1\" content=\"2 minutes\" \/>\n<script type=\"application\/ld+json\" class=\"yoast-schema-graph\">{\"@context\":\"https:\/\/schema.org\",\"@graph\":[{\"@type\":\"WebPage\",\"@id\":\"https:\/\/nge.vn\/san-pham\/bang-rfid-board-cho-may-in-3d-creality-k2-plus\/\",\"url\":\"https:\/\/nge.vn\/san-pham\/bang-rfid-board-cho-may-in-3d-creality-k2-plus\/\",\"name\":\"B\u1ea3ng RFID board cho m\u00e1y in 3d Creality K2 PLus... - NGE 3D Printers Services\",\"isPartOf\":{\"@id\":\"https:\/\/nge.vn\/#website\"},\"primaryImageOfPage\":{\"@id\":\"https:\/\/nge.vn\/san-pham\/bang-rfid-board-cho-may-in-3d-creality-k2-plus\/#primaryimage\"},\"image\":{\"@id\":\"https:\/\/nge.vn\/san-pham\/bang-rfid-board-cho-may-in-3d-creality-k2-plus\/#primaryimage\"},\"thumbnailUrl\":\"https:\/\/nge.vn\/wp-content\/uploads\/2025\/08\/vn-11134207-7ras8-mdir5d02m2mda3_tn.jpeg\",\"datePublished\":\"2025-08-18T09:41:00+00:00\",\"dateModified\":\"2025-08-18T09:41:01+00:00\",\"description\":\"Bo m\u1ea1ch RFID Board d\u00e0nh cho m\u00e1y in 3D Creality K2 Plus. K\u00edch th\u01b0\u1edbc 6.2\u00d72.2\u00d71cm, tr\u1ecdng l\u01b0\u1ee3ng 6g, ch\u00ednh h\u00e3ng Creality, d\u1ec5 l\u1eafp \u0111\u1eb7t v\u00e0 thay th\u1ebf.\",\"breadcrumb\":{\"@id\":\"https:\/\/nge.vn\/san-pham\/bang-rfid-board-cho-may-in-3d-creality-k2-plus\/#breadcrumb\"},\"inLanguage\":\"en-US\",\"potentialAction\":[{\"@type\":\"ReadAction\",\"target\":[\"https:\/\/nge.vn\/san-pham\/bang-rfid-board-cho-may-in-3d-creality-k2-plus\/\"]}]},{\"@type\":\"ImageObject\",\"inLanguage\":\"en-US\",\"@id\":\"https:\/\/nge.vn\/san-pham\/bang-rfid-board-cho-may-in-3d-creality-k2-plus\/#primaryimage\",\"url\":\"https:\/\/nge.vn\/wp-content\/uploads\/2025\/08\/vn-11134207-7ras8-mdir5d02m2mda3_tn.jpeg\",\"contentUrl\":\"https:\/\/nge.vn\/wp-content\/uploads\/2025\/08\/vn-11134207-7ras8-mdir5d02m2mda3_tn.jpeg\",\"width\":320,\"height\":320},{\"@type\":\"BreadcrumbList\",\"@id\":\"https:\/\/nge.vn\/san-pham\/bang-rfid-board-cho-may-in-3d-creality-k2-plus\/#breadcrumb\",\"itemListElement\":[{\"@type\":\"ListItem\",\"position\":1,\"name\":\"Trang ch\u1ee7\",\"item\":\"https:\/\/nge.vn\/\"},{\"@type\":\"ListItem\",\"position\":2,\"name\":\"S\u1ea3n ph\u1ea9m\",\"item\":\"https:\/\/nge.vn\/san-pham\/\"},{\"@type\":\"ListItem\",\"position\":3,\"name\":\"B\u1ea3ng RFID board cho m\u00e1y in 3d Creality K2 PLus&#8230;\"}]},{\"@type\":\"WebSite\",\"@id\":\"https:\/\/nge.vn\/#website\",\"url\":\"https:\/\/nge.vn\/\",\"name\":\"NGE 3D Printers Services\",\"description\":\"\",\"potentialAction\":[{\"@type\":\"SearchAction\",\"target\":{\"@type\":\"EntryPoint\",\"urlTemplate\":\"https:\/\/nge.vn\/?s={search_term_string}\"},\"query-input\":{\"@type\":\"PropertyValueSpecification\",\"valueRequired\":true,\"valueName\":\"search_term_string\"}}],\"inLanguage\":\"en-US\"}]}<\/script>\n<!-- \/ Yoast SEO Premium plugin. -->","yoast_head_json":{"title":"B\u1ea3ng RFID board cho m\u00e1y in 3d Creality K2 PLus... - NGE 3D Printers Services","description":"Bo m\u1ea1ch RFID Board d\u00e0nh cho m\u00e1y in 3D Creality K2 Plus. K\u00edch th\u01b0\u1edbc 6.2\u00d72.2\u00d71cm, tr\u1ecdng l\u01b0\u1ee3ng 6g, ch\u00ednh h\u00e3ng Creality, d\u1ec5 l\u1eafp \u0111\u1eb7t v\u00e0 thay th\u1ebf.","robots":{"index":"index","follow":"follow","max-snippet":"max-snippet:-1","max-image-preview":"max-image-preview:large","max-video-preview":"max-video-preview:-1"},"canonical":"https:\/\/nge.vn\/en\/product\/bang-rfid-board-cho-may-in-3d-creality-k2-plus\/","og_locale":"en_US","og_type":"article","og_title":"B\u1ea3ng RFID board cho m\u00e1y in 3d Creality K2 PLus...","og_description":"Bo m\u1ea1ch RFID Board d\u00e0nh cho m\u00e1y in 3D Creality K2 Plus. K\u00edch th\u01b0\u1edbc 6.2\u00d72.2\u00d71cm, tr\u1ecdng l\u01b0\u1ee3ng 6g, ch\u00ednh h\u00e3ng Creality, d\u1ec5 l\u1eafp \u0111\u1eb7t v\u00e0 thay th\u1ebf.","og_url":"https:\/\/nge.vn\/en\/product\/bang-rfid-board-cho-may-in-3d-creality-k2-plus\/","og_site_name":"NGE 3D Printers Services","article_modified_time":"2025-08-18T09:41:01+00:00","og_image":[{"width":320,"height":320,"url":"https:\/\/nge.vn\/wp-content\/uploads\/2025\/08\/vn-11134207-7ras8-mdir5d02m2mda3_tn.jpeg","type":"image\/jpeg"}],"twitter_card":"summary_large_image","twitter_misc":{"Est. reading time":"2 minutes"},"schema":{"@context":"https:\/\/schema.org","@graph":[{"@type":"WebPage","@id":"https:\/\/nge.vn\/san-pham\/bang-rfid-board-cho-may-in-3d-creality-k2-plus\/","url":"https:\/\/nge.vn\/san-pham\/bang-rfid-board-cho-may-in-3d-creality-k2-plus\/","name":"B\u1ea3ng RFID board cho m\u00e1y in 3d Creality K2 PLus... - NGE 3D Printers Services","isPartOf":{"@id":"https:\/\/nge.vn\/#website"},"primaryImageOfPage":{"@id":"https:\/\/nge.vn\/san-pham\/bang-rfid-board-cho-may-in-3d-creality-k2-plus\/#primaryimage"},"image":{"@id":"https:\/\/nge.vn\/san-pham\/bang-rfid-board-cho-may-in-3d-creality-k2-plus\/#primaryimage"},"thumbnailUrl":"https:\/\/nge.vn\/wp-content\/uploads\/2025\/08\/vn-11134207-7ras8-mdir5d02m2mda3_tn.jpeg","datePublished":"2025-08-18T09:41:00+00:00","dateModified":"2025-08-18T09:41:01+00:00","description":"Bo m\u1ea1ch RFID Board d\u00e0nh cho m\u00e1y in 3D Creality K2 Plus. K\u00edch th\u01b0\u1edbc 6.2\u00d72.2\u00d71cm, tr\u1ecdng l\u01b0\u1ee3ng 6g, ch\u00ednh h\u00e3ng Creality, d\u1ec5 l\u1eafp \u0111\u1eb7t v\u00e0 thay th\u1ebf.","breadcrumb":{"@id":"https:\/\/nge.vn\/san-pham\/bang-rfid-board-cho-may-in-3d-creality-k2-plus\/#breadcrumb"},"inLanguage":"en-US","potentialAction":[{"@type":"ReadAction","target":["https:\/\/nge.vn\/san-pham\/bang-rfid-board-cho-may-in-3d-creality-k2-plus\/"]}]},{"@type":"ImageObject","inLanguage":"en-US","@id":"https:\/\/nge.vn\/san-pham\/bang-rfid-board-cho-may-in-3d-creality-k2-plus\/#primaryimage","url":"https:\/\/nge.vn\/wp-content\/uploads\/2025\/08\/vn-11134207-7ras8-mdir5d02m2mda3_tn.jpeg","contentUrl":"https:\/\/nge.vn\/wp-content\/uploads\/2025\/08\/vn-11134207-7ras8-mdir5d02m2mda3_tn.jpeg","width":320,"height":320},{"@type":"BreadcrumbList","@id":"https:\/\/nge.vn\/san-pham\/bang-rfid-board-cho-may-in-3d-creality-k2-plus\/#breadcrumb","itemListElement":[{"@type":"ListItem","position":1,"name":"Trang ch\u1ee7","item":"https:\/\/nge.vn\/"},{"@type":"ListItem","position":2,"name":"S\u1ea3n ph\u1ea9m","item":"https:\/\/nge.vn\/san-pham\/"},{"@type":"ListItem","position":3,"name":"B\u1ea3ng RFID board cho m\u00e1y in 3d Creality K2 PLus&#8230;"}]},{"@type":"WebSite","@id":"https:\/\/nge.vn\/#website","url":"https:\/\/nge.vn\/","name":"NGE 3D Printers Services","description":"","potentialAction":[{"@type":"SearchAction","target":{"@type":"EntryPoint","urlTemplate":"https:\/\/nge.vn\/?s={search_term_string}"},"query-input":{"@type":"PropertyValueSpecification","valueRequired":true,"valueName":"search_term_string"}}],"inLanguage":"en-US"}]}},"_links":{"self":[{"href":"https:\/\/nge.vn\/en\/wp-json\/wp\/v2\/product\/6873","targetHints":{"allow":["GET"]}}],"collection":[{"href":"https:\/\/nge.vn\/en\/wp-json\/wp\/v2\/product"}],"about":[{"href":"https:\/\/nge.vn\/en\/wp-json\/wp\/v2\/types\/product"}],"replies":[{"embeddable":true,"href":"https:\/\/nge.vn\/en\/wp-json\/wp\/v2\/comments?post=6873"}],"wp:featuredmedia":[{"embeddable":true,"href":"https:\/\/nge.vn\/en\/wp-json\/wp\/v2\/media\/6874"}],"wp:attachment":[{"href":"https:\/\/nge.vn\/en\/wp-json\/wp\/v2\/media?parent=6873"}],"wp:term":[{"taxonomy":"product_brand","embeddable":true,"href":"https:\/\/nge.vn\/en\/wp-json\/wp\/v2\/product_brand?post=6873"},{"taxonomy":"product_cat","embeddable":true,"href":"https:\/\/nge.vn\/en\/wp-json\/wp\/v2\/product_cat?post=6873"},{"taxonomy":"product_tag","embeddable":true,"href":"https:\/\/nge.vn\/en\/wp-json\/wp\/v2\/product_tag?post=6873"}],"curies":[{"name":"wp","href":"https:\/\/api.w.org\/{rel}","templated":true}]}}