{"id":6865,"date":"2025-08-18T16:31:20","date_gmt":"2025-08-18T09:31:20","guid":{"rendered":"https:\/\/nge.vn\/?post_type=product&#038;p=6865"},"modified":"2025-08-18T16:31:21","modified_gmt":"2025-08-18T09:31:21","slug":"bo-mach-dieu-hop-dong-co-y-axis-motor-adapter-board-cho-may-in-3d-creality-k2-plus","status":"publish","type":"product","link":"https:\/\/nge.vn\/en\/product\/bo-mach-dieu-hop-dong-co-y-axis-motor-adapter-board-cho-may-in-3d-creality-k2-plus\/","title":{"rendered":"Bo m\u1ea1ch \u0111i\u1ec1u h\u1ee3p \u0111\u1ed9ng c\u01a1 Y Axis Motor Adapter Board cho m\u00e1y in 3d Creality K2 Plus"},"content":{"rendered":"<h3 data-start=\"770\" data-end=\"829\">\u26a1 <strong data-start=\"776\" data-end=\"827\">Y Axis Motor Adapter Board cho Creality K2 Plus<\/strong><\/h3>\n<p data-start=\"830\" data-end=\"1030\">Bo m\u1ea1ch \u0111i\u1ec1u h\u1ee3p \u0111\u1ed9ng c\u01a1 tr\u1ee5c Y (Y Axis Motor Adapter Board) \u0111\u01b0\u1ee3c thi\u1ebft k\u1ebf d\u00e0nh ri\u00eang cho m\u00e1y in 3D Creality K2 Plus, gi\u00fap k\u1ebft n\u1ed1i v\u00e0 \u0111i\u1ec1u khi\u1ec3n \u0111\u1ed9ng c\u01a1 tr\u1ee5c Y \u1ed5n \u0111\u1ecbnh, \u0111\u1ea3m b\u1ea3o hi\u1ec7u su\u1ea5t in m\u01b0\u1ee3t m\u00e0.<\/p>\n<hr data-start=\"1032\" data-end=\"1035\" \/>\n<h3 data-start=\"1037\" data-end=\"1066\">\ud83c\udf1f <strong data-start=\"1044\" data-end=\"1064\">\u0110\u1eb7c \u0111i\u1ec3m n\u1ed5i b\u1eadt<\/strong><\/h3>\n<ul data-start=\"1067\" data-end=\"1312\">\n<li data-start=\"1067\" data-end=\"1115\">\n<p data-start=\"1069\" data-end=\"1115\"><strong data-start=\"1069\" data-end=\"1092\">Ch\u00ednh h\u00e3ng Creality<\/strong>, ch\u1ea5t l\u01b0\u1ee3ng \u1ed5n \u0111\u1ecbnh.<\/p>\n<\/li>\n<li data-start=\"1116\" data-end=\"1163\">\n<p data-start=\"1118\" data-end=\"1163\"><strong data-start=\"1118\" data-end=\"1138\">Thi\u1ebft k\u1ebf nh\u1ecf g\u1ecdn<\/strong>: d\u1ec5 l\u1eafp \u0111\u1eb7t, thay th\u1ebf.<\/p>\n<\/li>\n<li data-start=\"1164\" data-end=\"1235\">\n<p data-start=\"1166\" data-end=\"1235\"><strong data-start=\"1166\" data-end=\"1194\">\u0110\u1ea3m b\u1ea3o \u0111\u1ed9 ch\u00ednh x\u00e1c cao<\/strong>, duy tr\u00ec ho\u1ea1t \u0111\u1ed9ng \u1ed5n \u0111\u1ecbnh cho tr\u1ee5c Y.<\/p>\n<\/li>\n<li data-start=\"1236\" data-end=\"1312\">\n<p data-start=\"1238\" data-end=\"1312\">Ph\u00f9 h\u1ee3p cho vi\u1ec7c b\u1ea3o tr\u00ec, thay th\u1ebf linh ki\u1ec7n m\u00e1y in 3D Creality K2 Plus.<\/p>\n<\/li>\n<\/ul>\n<hr data-start=\"1314\" data-end=\"1317\" \/>\n<h3 data-start=\"1319\" data-end=\"1349\">\ud83d\udd27 <strong data-start=\"1326\" data-end=\"1347\">Th\u00f4ng s\u1ed1 k\u1ef9 thu\u1eadt<\/strong><\/h3>\n<ul data-start=\"1350\" data-end=\"1487\">\n<li data-start=\"1350\" data-end=\"1382\">\n<p data-start=\"1352\" data-end=\"1382\">K\u00edch th\u01b0\u1edbc: <strong data-start=\"1364\" data-end=\"1380\">4 \u00d7 3 \u00d7 1 cm<\/strong><\/p>\n<\/li>\n<li data-start=\"1383\" data-end=\"1406\">\n<p data-start=\"1385\" data-end=\"1406\">Tr\u1ecdng l\u01b0\u1ee3ng: <strong data-start=\"1398\" data-end=\"1404\">5g<\/strong><\/p>\n<\/li>\n<li data-start=\"1407\" data-end=\"1439\">\n<p data-start=\"1409\" data-end=\"1439\">M\u00e3 linh ki\u1ec7n: <strong data-start=\"1423\" data-end=\"1437\">2101020292<\/strong><\/p>\n<\/li>\n<li data-start=\"1440\" data-end=\"1487\">\n<p data-start=\"1442\" data-end=\"1487\">S\u1eed d\u1ee5ng cho: <strong data-start=\"1455\" data-end=\"1485\">M\u00e1y in 3D Creality K2 Plus<\/strong><\/p>\n<\/li>\n<\/ul>\n<blockquote class=\"wp-embedded-content\" data-secret=\"aFjSM58YJJ\"><p><a href=\"https:\/\/nge.vn\/en\/product\/may-in-3d-nhieu-mau-creality-k2-plus-kho-in-35x35x35cm\/\">M\u00e1y in 3d nhi\u1ec1u m\u00e0u Creality K2 Plus kh\u1ed5 in 35*35*35cm<\/a><\/p><\/blockquote>\n<p><iframe loading=\"lazy\" class=\"wp-embedded-content\" sandbox=\"allow-scripts\" security=\"restricted\" style=\"position: absolute; visibility: hidden;\" title=\"&#8220;M\u00e1y in 3d nhi\u1ec1u m\u00e0u Creality K2 Plus kh\u1ed5 in 35*35*35cm&#8221; &#8212; NGE 3D Printers Services\" src=\"https:\/\/nge.vn\/san-pham\/may-in-3d-nhieu-mau-creality-k2-plus-kho-in-35x35x35cm\/embed\/#?secret=BuLFmPUe75#?secret=aFjSM58YJJ\" data-secret=\"aFjSM58YJJ\" width=\"600\" height=\"338\" frameborder=\"0\" marginwidth=\"0\" marginheight=\"0\" scrolling=\"no\"><\/iframe><\/p>\n<p>_\u0110\u00e2y l\u00e0 c\u00e1c trang b\u00e1n h\u00e0ng b\u00ean m\u00ecnh NGE 3D Printer Services chuy\u00ean cung c\u1ea5p Nh\u1ef1a in 3D v\u00e0 M\u00e1y in 3D c\u1ee7a H\u00e3ng ESUN, Flsun, BIQU, Creality, eMake3d&#8230;<br \/>\n\ud83d\uded2Shopee =&gt; https:\/\/shopee.vn\/nge3dprinter<br \/>\n\ud83d\uded2Shopee =&gt; https:\/\/shopee.vn\/nge3dservices<br \/>\n\ud83d\uded2Shopee Voron v\u00e0 eMake3D =&gt; https:\/\/shopee.vn\/3dmasterpower<br \/>\n\ud83d\uded2Shopee eMake3D =&gt; https:\/\/shopee.vn\/nge3dprinting<br \/>\n\ud83d\uded2Lazada =&gt; https:\/\/www.lazada.vn\/shop\/nge-3d-printer<br \/>\n\ud83d\uded2Lazada =&gt; https:\/\/www.lazada.vn\/shop\/nge-3d-printer-services<br \/>\n\ud83d\uded2Lazada =&gt; https:\/\/www.lazada.vn\/shop\/emake3d-vn<br \/>\n\ud83d\uded2Webslite Th\u1ebf H\u1ec7 K\u1ebf Ti\u1ebfp =&gt;https:\/\/www.theheketiep.com\/<br \/>\n\ud83d\uded2Webslite NGE.VN =&gt;https:\/\/www.nge.vn\/<br \/>\nHo\u1eb7c b\u1ea1n g\u1ecdi 094.144.0951 g\u1eb7p m\u00ecnh<br \/>\nHo\u1eb7c 0913939775 g\u1eb7p anh Qu\u00e2n<br \/>\n** Price does not include VAT (+8 or 10% if VAT invoice is issued)<\/p>","protected":false},"excerpt":{"rendered":"<p data-start=\"264\" data-end=\"423\">Bo m\u1ea1ch Y Axis Motor Adapter Board d\u00e0nh cho m\u00e1y in 3D Creality K2 Plus. K\u00edch th\u01b0\u1edbc 4\u00d73\u00d71cm, tr\u1ecdng l\u01b0\u1ee3ng 5g, l\u1eafp \u0111\u1eb7t nhanh, d\u1ec5 d\u00e0ng, ho\u1ea1t \u0111\u1ed9ng \u1ed5n \u0111\u1ecbnh.<\/p>","protected":false},"featured_media":6867,"comment_status":"open","ping_status":"closed","template":"","meta":{"inline_featured_image":false},"product_brand":[],"product_cat":[462,40,56],"product_tag":[495,501,663,945],"class_list":{"0":"post-6865","1":"product","2":"type-product","3":"status-publish","4":"has-post-thumbnail","6":"product_cat-board-va-man-hinh-dieu-khien","7":"product_cat-linh-kien-va-phu-kien","8":"product_cat-linh-phu-kien-may-in-3d-creality","9":"product_tag-creality","10":"product_tag-k2plus","11":"product_tag-nge3d","12":"product_tag-yaxis-adapterboard","14":"first","15":"instock","16":"taxable","17":"shipping-taxable","18":"purchasable","19":"product-type-simple"},"yoast_head":"<!-- This site is optimized with the Yoast SEO Premium plugin v22.8 (Yoast SEO v26.9) - https:\/\/yoast.com\/product\/yoast-seo-premium-wordpress\/ -->\n<title>Bo m\u1ea1ch \u0111i\u1ec1u h\u1ee3p \u0111\u1ed9ng c\u01a1 Y Axis Motor Adapter Board cho m\u00e1y in 3d Creality K2 Plus - NGE 3D Printers Services<\/title>\n<meta name=\"description\" content=\"Bo m\u1ea1ch Y Axis Motor Adapter Board d\u00e0nh cho m\u00e1y in 3D Creality K2 Plus. K\u00edch th\u01b0\u1edbc 4\u00d73\u00d71cm, tr\u1ecdng l\u01b0\u1ee3ng 5g, l\u1eafp \u0111\u1eb7t nhanh, d\u1ec5 d\u00e0ng, ho\u1ea1t \u0111\u1ed9ng \u1ed5n \u0111\u1ecbnh.\" \/>\n<meta name=\"robots\" content=\"index, follow, max-snippet:-1, max-image-preview:large, max-video-preview:-1\" \/>\n<link rel=\"canonical\" href=\"https:\/\/nge.vn\/en\/product\/bo-mach-dieu-hop-dong-co-y-axis-motor-adapter-board-cho-may-in-3d-creality-k2-plus\/\" \/>\n<meta property=\"og:locale\" content=\"en_US\" \/>\n<meta property=\"og:type\" content=\"article\" \/>\n<meta property=\"og:title\" content=\"Bo m\u1ea1ch \u0111i\u1ec1u h\u1ee3p \u0111\u1ed9ng c\u01a1 Y Axis Motor Adapter Board cho m\u00e1y in 3d Creality K2 Plus\" \/>\n<meta property=\"og:description\" content=\"Bo m\u1ea1ch Y Axis Motor Adapter Board d\u00e0nh cho m\u00e1y in 3D Creality K2 Plus. K\u00edch th\u01b0\u1edbc 4\u00d73\u00d71cm, tr\u1ecdng l\u01b0\u1ee3ng 5g, l\u1eafp \u0111\u1eb7t nhanh, d\u1ec5 d\u00e0ng, ho\u1ea1t \u0111\u1ed9ng \u1ed5n \u0111\u1ecbnh.\" \/>\n<meta property=\"og:url\" content=\"https:\/\/nge.vn\/en\/product\/bo-mach-dieu-hop-dong-co-y-axis-motor-adapter-board-cho-may-in-3d-creality-k2-plus\/\" \/>\n<meta property=\"og:site_name\" content=\"NGE 3D Printers Services\" \/>\n<meta property=\"article:modified_time\" content=\"2025-08-18T09:31:21+00:00\" \/>\n<meta property=\"og:image\" content=\"https:\/\/nge.vn\/wp-content\/uploads\/2025\/08\/vn-11134207-7ras8-mdip7gp6vkc146_tn.jpeg\" \/>\n\t<meta property=\"og:image:width\" content=\"320\" \/>\n\t<meta property=\"og:image:height\" content=\"320\" \/>\n\t<meta property=\"og:image:type\" content=\"image\/jpeg\" \/>\n<meta name=\"twitter:card\" content=\"summary_large_image\" \/>\n<meta name=\"twitter:label1\" content=\"Est. reading time\" \/>\n\t<meta name=\"twitter:data1\" content=\"2 minutes\" \/>\n<script type=\"application\/ld+json\" class=\"yoast-schema-graph\">{\"@context\":\"https:\/\/schema.org\",\"@graph\":[{\"@type\":\"WebPage\",\"@id\":\"https:\/\/nge.vn\/san-pham\/bo-mach-dieu-hop-dong-co-y-axis-motor-adapter-board-cho-may-in-3d-creality-k2-plus\/\",\"url\":\"https:\/\/nge.vn\/san-pham\/bo-mach-dieu-hop-dong-co-y-axis-motor-adapter-board-cho-may-in-3d-creality-k2-plus\/\",\"name\":\"Bo m\u1ea1ch \u0111i\u1ec1u h\u1ee3p \u0111\u1ed9ng c\u01a1 Y Axis Motor Adapter Board cho m\u00e1y in 3d Creality K2 Plus - NGE 3D Printers Services\",\"isPartOf\":{\"@id\":\"https:\/\/nge.vn\/#website\"},\"primaryImageOfPage\":{\"@id\":\"https:\/\/nge.vn\/san-pham\/bo-mach-dieu-hop-dong-co-y-axis-motor-adapter-board-cho-may-in-3d-creality-k2-plus\/#primaryimage\"},\"image\":{\"@id\":\"https:\/\/nge.vn\/san-pham\/bo-mach-dieu-hop-dong-co-y-axis-motor-adapter-board-cho-may-in-3d-creality-k2-plus\/#primaryimage\"},\"thumbnailUrl\":\"https:\/\/nge.vn\/wp-content\/uploads\/2025\/08\/vn-11134207-7ras8-mdip7gp6vkc146_tn.jpeg\",\"datePublished\":\"2025-08-18T09:31:20+00:00\",\"dateModified\":\"2025-08-18T09:31:21+00:00\",\"description\":\"Bo m\u1ea1ch Y Axis Motor Adapter Board d\u00e0nh cho m\u00e1y in 3D Creality K2 Plus. K\u00edch th\u01b0\u1edbc 4\u00d73\u00d71cm, tr\u1ecdng l\u01b0\u1ee3ng 5g, l\u1eafp \u0111\u1eb7t nhanh, d\u1ec5 d\u00e0ng, ho\u1ea1t \u0111\u1ed9ng \u1ed5n \u0111\u1ecbnh.\",\"breadcrumb\":{\"@id\":\"https:\/\/nge.vn\/san-pham\/bo-mach-dieu-hop-dong-co-y-axis-motor-adapter-board-cho-may-in-3d-creality-k2-plus\/#breadcrumb\"},\"inLanguage\":\"en-US\",\"potentialAction\":[{\"@type\":\"ReadAction\",\"target\":[\"https:\/\/nge.vn\/san-pham\/bo-mach-dieu-hop-dong-co-y-axis-motor-adapter-board-cho-may-in-3d-creality-k2-plus\/\"]}]},{\"@type\":\"ImageObject\",\"inLanguage\":\"en-US\",\"@id\":\"https:\/\/nge.vn\/san-pham\/bo-mach-dieu-hop-dong-co-y-axis-motor-adapter-board-cho-may-in-3d-creality-k2-plus\/#primaryimage\",\"url\":\"https:\/\/nge.vn\/wp-content\/uploads\/2025\/08\/vn-11134207-7ras8-mdip7gp6vkc146_tn.jpeg\",\"contentUrl\":\"https:\/\/nge.vn\/wp-content\/uploads\/2025\/08\/vn-11134207-7ras8-mdip7gp6vkc146_tn.jpeg\",\"width\":320,\"height\":320},{\"@type\":\"BreadcrumbList\",\"@id\":\"https:\/\/nge.vn\/san-pham\/bo-mach-dieu-hop-dong-co-y-axis-motor-adapter-board-cho-may-in-3d-creality-k2-plus\/#breadcrumb\",\"itemListElement\":[{\"@type\":\"ListItem\",\"position\":1,\"name\":\"Trang ch\u1ee7\",\"item\":\"https:\/\/nge.vn\/\"},{\"@type\":\"ListItem\",\"position\":2,\"name\":\"S\u1ea3n ph\u1ea9m\",\"item\":\"https:\/\/nge.vn\/san-pham\/\"},{\"@type\":\"ListItem\",\"position\":3,\"name\":\"Bo m\u1ea1ch \u0111i\u1ec1u h\u1ee3p \u0111\u1ed9ng c\u01a1 Y Axis Motor Adapter Board cho m\u00e1y in 3d Creality K2 Plus\"}]},{\"@type\":\"WebSite\",\"@id\":\"https:\/\/nge.vn\/#website\",\"url\":\"https:\/\/nge.vn\/\",\"name\":\"NGE 3D Printers Services\",\"description\":\"\",\"potentialAction\":[{\"@type\":\"SearchAction\",\"target\":{\"@type\":\"EntryPoint\",\"urlTemplate\":\"https:\/\/nge.vn\/?s={search_term_string}\"},\"query-input\":{\"@type\":\"PropertyValueSpecification\",\"valueRequired\":true,\"valueName\":\"search_term_string\"}}],\"inLanguage\":\"en-US\"}]}<\/script>\n<!-- \/ Yoast SEO Premium plugin. -->","yoast_head_json":{"title":"Bo m\u1ea1ch \u0111i\u1ec1u h\u1ee3p \u0111\u1ed9ng c\u01a1 Y Axis Motor Adapter Board cho m\u00e1y in 3d Creality K2 Plus - NGE 3D Printers Services","description":"Bo m\u1ea1ch Y Axis Motor Adapter Board d\u00e0nh cho m\u00e1y in 3D Creality K2 Plus. K\u00edch th\u01b0\u1edbc 4\u00d73\u00d71cm, tr\u1ecdng l\u01b0\u1ee3ng 5g, l\u1eafp \u0111\u1eb7t nhanh, d\u1ec5 d\u00e0ng, ho\u1ea1t \u0111\u1ed9ng \u1ed5n \u0111\u1ecbnh.","robots":{"index":"index","follow":"follow","max-snippet":"max-snippet:-1","max-image-preview":"max-image-preview:large","max-video-preview":"max-video-preview:-1"},"canonical":"https:\/\/nge.vn\/en\/product\/bo-mach-dieu-hop-dong-co-y-axis-motor-adapter-board-cho-may-in-3d-creality-k2-plus\/","og_locale":"en_US","og_type":"article","og_title":"Bo m\u1ea1ch \u0111i\u1ec1u h\u1ee3p \u0111\u1ed9ng c\u01a1 Y Axis Motor Adapter Board cho m\u00e1y in 3d Creality K2 Plus","og_description":"Bo m\u1ea1ch Y Axis Motor Adapter Board d\u00e0nh cho m\u00e1y in 3D Creality K2 Plus. K\u00edch th\u01b0\u1edbc 4\u00d73\u00d71cm, tr\u1ecdng l\u01b0\u1ee3ng 5g, l\u1eafp \u0111\u1eb7t nhanh, d\u1ec5 d\u00e0ng, ho\u1ea1t \u0111\u1ed9ng \u1ed5n \u0111\u1ecbnh.","og_url":"https:\/\/nge.vn\/en\/product\/bo-mach-dieu-hop-dong-co-y-axis-motor-adapter-board-cho-may-in-3d-creality-k2-plus\/","og_site_name":"NGE 3D Printers Services","article_modified_time":"2025-08-18T09:31:21+00:00","og_image":[{"width":320,"height":320,"url":"https:\/\/nge.vn\/wp-content\/uploads\/2025\/08\/vn-11134207-7ras8-mdip7gp6vkc146_tn.jpeg","type":"image\/jpeg"}],"twitter_card":"summary_large_image","twitter_misc":{"Est. reading time":"2 minutes"},"schema":{"@context":"https:\/\/schema.org","@graph":[{"@type":"WebPage","@id":"https:\/\/nge.vn\/san-pham\/bo-mach-dieu-hop-dong-co-y-axis-motor-adapter-board-cho-may-in-3d-creality-k2-plus\/","url":"https:\/\/nge.vn\/san-pham\/bo-mach-dieu-hop-dong-co-y-axis-motor-adapter-board-cho-may-in-3d-creality-k2-plus\/","name":"Bo m\u1ea1ch \u0111i\u1ec1u h\u1ee3p \u0111\u1ed9ng c\u01a1 Y Axis Motor Adapter Board cho m\u00e1y in 3d Creality K2 Plus - NGE 3D Printers Services","isPartOf":{"@id":"https:\/\/nge.vn\/#website"},"primaryImageOfPage":{"@id":"https:\/\/nge.vn\/san-pham\/bo-mach-dieu-hop-dong-co-y-axis-motor-adapter-board-cho-may-in-3d-creality-k2-plus\/#primaryimage"},"image":{"@id":"https:\/\/nge.vn\/san-pham\/bo-mach-dieu-hop-dong-co-y-axis-motor-adapter-board-cho-may-in-3d-creality-k2-plus\/#primaryimage"},"thumbnailUrl":"https:\/\/nge.vn\/wp-content\/uploads\/2025\/08\/vn-11134207-7ras8-mdip7gp6vkc146_tn.jpeg","datePublished":"2025-08-18T09:31:20+00:00","dateModified":"2025-08-18T09:31:21+00:00","description":"Bo m\u1ea1ch Y Axis Motor Adapter Board d\u00e0nh cho m\u00e1y in 3D Creality K2 Plus. K\u00edch th\u01b0\u1edbc 4\u00d73\u00d71cm, tr\u1ecdng l\u01b0\u1ee3ng 5g, l\u1eafp \u0111\u1eb7t nhanh, d\u1ec5 d\u00e0ng, ho\u1ea1t \u0111\u1ed9ng \u1ed5n \u0111\u1ecbnh.","breadcrumb":{"@id":"https:\/\/nge.vn\/san-pham\/bo-mach-dieu-hop-dong-co-y-axis-motor-adapter-board-cho-may-in-3d-creality-k2-plus\/#breadcrumb"},"inLanguage":"en-US","potentialAction":[{"@type":"ReadAction","target":["https:\/\/nge.vn\/san-pham\/bo-mach-dieu-hop-dong-co-y-axis-motor-adapter-board-cho-may-in-3d-creality-k2-plus\/"]}]},{"@type":"ImageObject","inLanguage":"en-US","@id":"https:\/\/nge.vn\/san-pham\/bo-mach-dieu-hop-dong-co-y-axis-motor-adapter-board-cho-may-in-3d-creality-k2-plus\/#primaryimage","url":"https:\/\/nge.vn\/wp-content\/uploads\/2025\/08\/vn-11134207-7ras8-mdip7gp6vkc146_tn.jpeg","contentUrl":"https:\/\/nge.vn\/wp-content\/uploads\/2025\/08\/vn-11134207-7ras8-mdip7gp6vkc146_tn.jpeg","width":320,"height":320},{"@type":"BreadcrumbList","@id":"https:\/\/nge.vn\/san-pham\/bo-mach-dieu-hop-dong-co-y-axis-motor-adapter-board-cho-may-in-3d-creality-k2-plus\/#breadcrumb","itemListElement":[{"@type":"ListItem","position":1,"name":"Trang ch\u1ee7","item":"https:\/\/nge.vn\/"},{"@type":"ListItem","position":2,"name":"S\u1ea3n ph\u1ea9m","item":"https:\/\/nge.vn\/san-pham\/"},{"@type":"ListItem","position":3,"name":"Bo m\u1ea1ch \u0111i\u1ec1u h\u1ee3p \u0111\u1ed9ng c\u01a1 Y Axis Motor Adapter Board cho m\u00e1y in 3d Creality K2 Plus"}]},{"@type":"WebSite","@id":"https:\/\/nge.vn\/#website","url":"https:\/\/nge.vn\/","name":"NGE 3D Printers Services","description":"","potentialAction":[{"@type":"SearchAction","target":{"@type":"EntryPoint","urlTemplate":"https:\/\/nge.vn\/?s={search_term_string}"},"query-input":{"@type":"PropertyValueSpecification","valueRequired":true,"valueName":"search_term_string"}}],"inLanguage":"en-US"}]}},"_links":{"self":[{"href":"https:\/\/nge.vn\/en\/wp-json\/wp\/v2\/product\/6865","targetHints":{"allow":["GET"]}}],"collection":[{"href":"https:\/\/nge.vn\/en\/wp-json\/wp\/v2\/product"}],"about":[{"href":"https:\/\/nge.vn\/en\/wp-json\/wp\/v2\/types\/product"}],"replies":[{"embeddable":true,"href":"https:\/\/nge.vn\/en\/wp-json\/wp\/v2\/comments?post=6865"}],"wp:featuredmedia":[{"embeddable":true,"href":"https:\/\/nge.vn\/en\/wp-json\/wp\/v2\/media\/6867"}],"wp:attachment":[{"href":"https:\/\/nge.vn\/en\/wp-json\/wp\/v2\/media?parent=6865"}],"wp:term":[{"taxonomy":"product_brand","embeddable":true,"href":"https:\/\/nge.vn\/en\/wp-json\/wp\/v2\/product_brand?post=6865"},{"taxonomy":"product_cat","embeddable":true,"href":"https:\/\/nge.vn\/en\/wp-json\/wp\/v2\/product_cat?post=6865"},{"taxonomy":"product_tag","embeddable":true,"href":"https:\/\/nge.vn\/en\/wp-json\/wp\/v2\/product_tag?post=6865"}],"curies":[{"name":"wp","href":"https:\/\/api.w.org\/{rel}","templated":true}]}}