{"id":6857,"date":"2025-08-18T16:21:52","date_gmt":"2025-08-18T09:21:52","guid":{"rendered":"https:\/\/nge.vn\/?post_type=product&#038;p=6857"},"modified":"2026-04-12T07:40:43","modified_gmt":"2026-04-12T00:40:43","slug":"bang-chuyen-doi-cfs-adapter-board-cua-bo-chuyen-mau-cfs-dung-cho-dong-may-in-3d-creality-hi-k2-pro-plus","status":"publish","type":"product","link":"https:\/\/nge.vn\/en\/product\/bang-chuyen-doi-cfs-adapter-board-cua-bo-chuyen-mau-cfs-dung-cho-dong-may-in-3d-creality-hi-k2-pro-plus\/","title":{"rendered":"B\u1ea3ng chuy\u1ec3n \u0111\u1ed5i CFS adapter board c\u1ee7a b\u1ed9 chuy\u1ec3n m\u00e0u CFS d\u00f9ng cho d\u00f2ng m\u00e1y in 3d Creality Hi, K2\/ Pro\/ PLus"},"content":{"rendered":"<h3 data-start=\"712\" data-end=\"763\">\u26a1 <strong data-start=\"718\" data-end=\"761\">CFS Adapter Board cho b\u1ed9 chuy\u1ec3n m\u00e0u CFS<\/strong><\/h3>\n<p data-start=\"764\" data-end=\"969\">CFS Adapter Board l\u00e0 b\u1ea3ng m\u1ea1ch chuy\u1ec3n \u0111\u1ed5i chuy\u00ean d\u1ee5ng cho b\u1ed9 chuy\u1ec3n m\u00e0u CFS c\u1ee7a Creality. \u0110\u00e2y l\u00e0 linh ki\u1ec7n quan tr\u1ecdng, gi\u00fap b\u1ed9 chuy\u1ec3n m\u00e0u ho\u1ea1t \u0111\u1ed9ng \u1ed5n \u0111\u1ecbnh, duy tr\u00ec hi\u1ec7u su\u1ea5t in 3D khi thay \u0111\u1ed5i v\u1eadt li\u1ec7u.<\/p>\n<hr data-start=\"971\" data-end=\"974\" \/>\n<h3 data-start=\"976\" data-end=\"1005\">\ud83c\udf1f <strong data-start=\"983\" data-end=\"1003\">\u0110\u1eb7c \u0111i\u1ec3m n\u1ed5i b\u1eadt<\/strong><\/h3>\n<ul data-start=\"1006\" data-end=\"1235\">\n<li data-start=\"1006\" data-end=\"1068\">\n<p data-start=\"1008\" data-end=\"1068\"><strong data-start=\"1008\" data-end=\"1031\">Thi\u1ebft k\u1ebf ch\u00ednh h\u00e3ng<\/strong>, \u0111\u1ea3m b\u1ea3o \u0111\u1ed9 \u1ed5n \u0111\u1ecbnh v\u00e0 \u0111\u1ed9 b\u1ec1n cao.<\/p>\n<\/li>\n<li data-start=\"1069\" data-end=\"1116\">\n<p data-start=\"1071\" data-end=\"1116\"><strong data-start=\"1071\" data-end=\"1093\">K\u00edch th\u01b0\u1edbc nh\u1ecf g\u1ecdn<\/strong>: 3.5 \u00d7 2.5 \u00d7 1.5 cm.<\/p>\n<\/li>\n<li data-start=\"1117\" data-end=\"1150\">\n<p data-start=\"1119\" data-end=\"1150\"><strong data-start=\"1119\" data-end=\"1143\">Tr\u1ecdng l\u01b0\u1ee3ng si\u00eau nh\u1eb9<\/strong>: 5g.<\/p>\n<\/li>\n<li data-start=\"1151\" data-end=\"1183\">\n<p data-start=\"1153\" data-end=\"1183\"><strong data-start=\"1153\" data-end=\"1168\">M\u00e3 s\u1ea3n ph\u1ea9m<\/strong>: 2101030237.<\/p>\n<\/li>\n<li data-start=\"1184\" data-end=\"1235\">\n<p data-start=\"1186\" data-end=\"1235\">T\u01b0\u01a1ng th\u00edch ho\u00e0n h\u1ea3o v\u1edbi b\u1ed9 chuy\u1ec3n m\u00e0u <strong data-start=\"1225\" data-end=\"1232\">CFS<\/strong>.<\/p>\n<\/li>\n<\/ul>\n<hr data-start=\"1237\" data-end=\"1240\" \/>\n<h3 data-start=\"1242\" data-end=\"1272\">\ud83d\udd27 <strong data-start=\"1249\" data-end=\"1270\">Th\u00f4ng s\u1ed1 k\u1ef9 thu\u1eadt<\/strong><\/h3>\n<ul data-start=\"1273\" data-end=\"1466\">\n<li data-start=\"1273\" data-end=\"1311\">\n<p data-start=\"1275\" data-end=\"1311\">K\u00edch th\u01b0\u1edbc: <strong data-start=\"1287\" data-end=\"1309\">3.5 \u00d7 2.5 \u00d7 1.5 cm<\/strong><\/p>\n<\/li>\n<li data-start=\"1312\" data-end=\"1335\">\n<p data-start=\"1314\" data-end=\"1335\">Tr\u1ecdng l\u01b0\u1ee3ng: <strong data-start=\"1327\" data-end=\"1333\">5g<\/strong><\/p>\n<\/li>\n<li data-start=\"1336\" data-end=\"1368\">\n<p data-start=\"1338\" data-end=\"1368\">M\u00e3 linh ki\u1ec7n: <strong data-start=\"1352\" data-end=\"1366\">2101030237<\/strong><\/p>\n<\/li>\n<li data-start=\"1369\" data-end=\"1427\">\n<p data-start=\"1371\" data-end=\"1427\">D\u1ea5u m\u1ea1ch: <strong data-start=\"1381\" data-end=\"1425\">F008-CFS_V12 \/ 94V-0 \/ E469747 \/ HQPCB-2<\/strong><\/p>\n<\/li>\n<li data-start=\"1428\" data-end=\"1466\">\n<p data-start=\"1430\" data-end=\"1466\">S\u1eed d\u1ee5ng cho: <strong data-start=\"1443\" data-end=\"1464\">B\u1ed9 chuy\u1ec3n m\u00e0u CFS<\/strong><\/p>\n<\/li>\n<\/ul>\n<p>&nbsp;<\/p>\n<p>_\u0110\u00e2y l\u00e0 c\u00e1c trang b\u00e1n h\u00e0ng b\u00ean m\u00ecnh NGE 3D Printer Services chuy\u00ean cung c\u1ea5p Nh\u1ef1a in 3D v\u00e0 M\u00e1y in 3D c\u1ee7a H\u00e3ng ESUN, Flsun, BIQU, Creality, eMake3d&#8230;<br \/>\n\ud83d\uded2Shopee =&gt; https:\/\/shopee.vn\/nge3dprinter<br \/>\n\ud83d\uded2Shopee =&gt; https:\/\/shopee.vn\/nge3dservices<br \/>\n\ud83d\uded2Shopee Voron v\u00e0 eMake3D =&gt; https:\/\/shopee.vn\/3dmasterpower<br \/>\n\ud83d\uded2Shopee eMake3D =&gt; https:\/\/shopee.vn\/nge3dprinting<br \/>\n\ud83d\uded2Lazada =&gt; https:\/\/www.lazada.vn\/shop\/nge-3d-printer<br \/>\n\ud83d\uded2Lazada =&gt; https:\/\/www.lazada.vn\/shop\/nge-3d-printer-services<br \/>\n\ud83d\uded2Lazada =&gt; https:\/\/www.lazada.vn\/shop\/emake3d-vn<br \/>\n\ud83d\uded2Webslite Th\u1ebf H\u1ec7 K\u1ebf Ti\u1ebfp =&gt;https:\/\/www.theheketiep.com\/<br \/>\n\ud83d\uded2Webslite NGE.VN =&gt;https:\/\/www.nge.vn\/<br \/>\nHo\u1eb7c b\u1ea1n g\u1ecdi 094.144.0951 g\u1eb7p m\u00ecnh<br \/>\nHo\u1eb7c 0913939775 g\u1eb7p anh Qu\u00e2n<br \/>\n** Price does not include VAT (+8 or 10% if VAT invoice is issued)<\/p>","protected":false},"excerpt":{"rendered":"<p data-start=\"245\" data-end=\"390\">CFS Adapter Board cho b\u1ed9 chuy\u1ec3n m\u00e0u CFS. K\u00edch th\u01b0\u1edbc 3.5\u00d72.5\u00d71.5cm, tr\u1ecdng l\u01b0\u1ee3ng 5g, \u0111\u1ed9 \u1ed5n \u0111\u1ecbnh cao, d\u1ec5 d\u00e0ng l\u1eafp \u0111\u1eb7t v\u00e0 thay th\u1ebf.<\/p>","protected":false},"featured_media":6858,"comment_status":"open","ping_status":"closed","template":"","meta":{"inline_featured_image":false},"product_brand":[],"product_cat":[462,40,56],"product_tag":[944,495,829,663,480],"class_list":{"0":"post-6857","1":"product","2":"type-product","3":"status-publish","4":"has-post-thumbnail","6":"product_cat-board-va-man-hinh-dieu-khien","7":"product_cat-linh-kien-va-phu-kien","8":"product_cat-linh-phu-kien-may-in-3d-creality","9":"product_tag-adapterboard","10":"product_tag-creality","11":"product_tag-in3d","12":"product_tag-nge3d","13":"product_tag-cfs","15":"first","16":"instock","17":"taxable","18":"shipping-taxable","19":"purchasable","20":"product-type-simple"},"yoast_head":"<!-- This site is optimized with the Yoast SEO Premium plugin v22.8 (Yoast SEO v26.9) - https:\/\/yoast.com\/product\/yoast-seo-premium-wordpress\/ -->\n<title>B\u1ea3ng chuy\u1ec3n \u0111\u1ed5i CFS adapter board c\u1ee7a b\u1ed9 chuy\u1ec3n m\u00e0u CFS d\u00f9ng cho d\u00f2ng m\u00e1y in 3d Creality Hi, K2\/ Pro\/ PLus - NGE 3D Printers Services<\/title>\n<meta name=\"description\" content=\"CFS Adapter Board cho b\u1ed9 chuy\u1ec3n m\u00e0u CFS. K\u00edch th\u01b0\u1edbc 3.5\u00d72.5\u00d71.5cm, tr\u1ecdng l\u01b0\u1ee3ng 5g, \u0111\u1ed9 \u1ed5n \u0111\u1ecbnh cao, d\u1ec5 d\u00e0ng l\u1eafp \u0111\u1eb7t v\u00e0 thay th\u1ebf.\" \/>\n<meta name=\"robots\" content=\"index, follow, max-snippet:-1, max-image-preview:large, max-video-preview:-1\" \/>\n<link rel=\"canonical\" href=\"https:\/\/nge.vn\/en\/product\/bang-chuyen-doi-cfs-adapter-board-cua-bo-chuyen-mau-cfs-dung-cho-dong-may-in-3d-creality-hi-k2-pro-plus\/\" \/>\n<meta property=\"og:locale\" content=\"en_US\" \/>\n<meta property=\"og:type\" content=\"article\" \/>\n<meta property=\"og:title\" content=\"B\u1ea3ng chuy\u1ec3n \u0111\u1ed5i CFS adapter board c\u1ee7a b\u1ed9 chuy\u1ec3n m\u00e0u CFS d\u00f9ng cho d\u00f2ng m\u00e1y in 3d Creality Hi, K2\/ Pro\/ PLus\" \/>\n<meta property=\"og:description\" content=\"CFS Adapter Board cho b\u1ed9 chuy\u1ec3n m\u00e0u CFS. K\u00edch th\u01b0\u1edbc 3.5\u00d72.5\u00d71.5cm, tr\u1ecdng l\u01b0\u1ee3ng 5g, \u0111\u1ed9 \u1ed5n \u0111\u1ecbnh cao, d\u1ec5 d\u00e0ng l\u1eafp \u0111\u1eb7t v\u00e0 thay th\u1ebf.\" \/>\n<meta property=\"og:url\" content=\"https:\/\/nge.vn\/en\/product\/bang-chuyen-doi-cfs-adapter-board-cua-bo-chuyen-mau-cfs-dung-cho-dong-may-in-3d-creality-hi-k2-pro-plus\/\" \/>\n<meta property=\"og:site_name\" content=\"NGE 3D Printers Services\" \/>\n<meta property=\"article:modified_time\" content=\"2026-04-12T00:40:43+00:00\" \/>\n<meta property=\"og:image\" content=\"https:\/\/nge.vn\/wp-content\/uploads\/2025\/08\/vn-11134207-7ras8-mdhfu94d34xx88_tn.jpeg\" \/>\n\t<meta property=\"og:image:width\" content=\"320\" \/>\n\t<meta property=\"og:image:height\" content=\"320\" \/>\n\t<meta property=\"og:image:type\" content=\"image\/jpeg\" \/>\n<meta name=\"twitter:card\" content=\"summary_large_image\" \/>\n<meta name=\"twitter:label1\" content=\"Est. reading time\" \/>\n\t<meta name=\"twitter:data1\" content=\"2 minutes\" \/>\n<script type=\"application\/ld+json\" class=\"yoast-schema-graph\">{\"@context\":\"https:\/\/schema.org\",\"@graph\":[{\"@type\":\"WebPage\",\"@id\":\"https:\/\/nge.vn\/san-pham\/bang-chuyen-doi-cfs-adapter-board-cua-bo-chuyen-mau-cfs-dung-cho-dong-may-in-3d-creality-hi-k2-pro-plus\/\",\"url\":\"https:\/\/nge.vn\/san-pham\/bang-chuyen-doi-cfs-adapter-board-cua-bo-chuyen-mau-cfs-dung-cho-dong-may-in-3d-creality-hi-k2-pro-plus\/\",\"name\":\"B\u1ea3ng chuy\u1ec3n \u0111\u1ed5i CFS adapter board c\u1ee7a b\u1ed9 chuy\u1ec3n m\u00e0u CFS d\u00f9ng cho d\u00f2ng m\u00e1y in 3d Creality Hi, K2\/ Pro\/ PLus - NGE 3D Printers Services\",\"isPartOf\":{\"@id\":\"https:\/\/nge.vn\/#website\"},\"primaryImageOfPage\":{\"@id\":\"https:\/\/nge.vn\/san-pham\/bang-chuyen-doi-cfs-adapter-board-cua-bo-chuyen-mau-cfs-dung-cho-dong-may-in-3d-creality-hi-k2-pro-plus\/#primaryimage\"},\"image\":{\"@id\":\"https:\/\/nge.vn\/san-pham\/bang-chuyen-doi-cfs-adapter-board-cua-bo-chuyen-mau-cfs-dung-cho-dong-may-in-3d-creality-hi-k2-pro-plus\/#primaryimage\"},\"thumbnailUrl\":\"https:\/\/nge.vn\/wp-content\/uploads\/2025\/08\/vn-11134207-7ras8-mdhfu94d34xx88_tn.jpeg\",\"datePublished\":\"2025-08-18T09:21:52+00:00\",\"dateModified\":\"2026-04-12T00:40:43+00:00\",\"description\":\"CFS Adapter Board cho b\u1ed9 chuy\u1ec3n m\u00e0u CFS. K\u00edch th\u01b0\u1edbc 3.5\u00d72.5\u00d71.5cm, tr\u1ecdng l\u01b0\u1ee3ng 5g, \u0111\u1ed9 \u1ed5n \u0111\u1ecbnh cao, d\u1ec5 d\u00e0ng l\u1eafp \u0111\u1eb7t v\u00e0 thay th\u1ebf.\",\"breadcrumb\":{\"@id\":\"https:\/\/nge.vn\/san-pham\/bang-chuyen-doi-cfs-adapter-board-cua-bo-chuyen-mau-cfs-dung-cho-dong-may-in-3d-creality-hi-k2-pro-plus\/#breadcrumb\"},\"inLanguage\":\"en-US\",\"potentialAction\":[{\"@type\":\"ReadAction\",\"target\":[\"https:\/\/nge.vn\/san-pham\/bang-chuyen-doi-cfs-adapter-board-cua-bo-chuyen-mau-cfs-dung-cho-dong-may-in-3d-creality-hi-k2-pro-plus\/\"]}]},{\"@type\":\"ImageObject\",\"inLanguage\":\"en-US\",\"@id\":\"https:\/\/nge.vn\/san-pham\/bang-chuyen-doi-cfs-adapter-board-cua-bo-chuyen-mau-cfs-dung-cho-dong-may-in-3d-creality-hi-k2-pro-plus\/#primaryimage\",\"url\":\"https:\/\/nge.vn\/wp-content\/uploads\/2025\/08\/vn-11134207-7ras8-mdhfu94d34xx88_tn.jpeg\",\"contentUrl\":\"https:\/\/nge.vn\/wp-content\/uploads\/2025\/08\/vn-11134207-7ras8-mdhfu94d34xx88_tn.jpeg\",\"width\":320,\"height\":320},{\"@type\":\"BreadcrumbList\",\"@id\":\"https:\/\/nge.vn\/san-pham\/bang-chuyen-doi-cfs-adapter-board-cua-bo-chuyen-mau-cfs-dung-cho-dong-may-in-3d-creality-hi-k2-pro-plus\/#breadcrumb\",\"itemListElement\":[{\"@type\":\"ListItem\",\"position\":1,\"name\":\"Trang ch\u1ee7\",\"item\":\"https:\/\/nge.vn\/\"},{\"@type\":\"ListItem\",\"position\":2,\"name\":\"S\u1ea3n ph\u1ea9m\",\"item\":\"https:\/\/nge.vn\/san-pham\/\"},{\"@type\":\"ListItem\",\"position\":3,\"name\":\"B\u1ea3ng chuy\u1ec3n \u0111\u1ed5i CFS adapter board c\u1ee7a b\u1ed9 chuy\u1ec3n m\u00e0u CFS d\u00f9ng cho d\u00f2ng m\u00e1y in 3d Creality Hi, K2\/ Pro\/ PLus\"}]},{\"@type\":\"WebSite\",\"@id\":\"https:\/\/nge.vn\/#website\",\"url\":\"https:\/\/nge.vn\/\",\"name\":\"NGE 3D Printers Services\",\"description\":\"\",\"potentialAction\":[{\"@type\":\"SearchAction\",\"target\":{\"@type\":\"EntryPoint\",\"urlTemplate\":\"https:\/\/nge.vn\/?s={search_term_string}\"},\"query-input\":{\"@type\":\"PropertyValueSpecification\",\"valueRequired\":true,\"valueName\":\"search_term_string\"}}],\"inLanguage\":\"en-US\"}]}<\/script>\n<!-- \/ Yoast SEO Premium plugin. -->","yoast_head_json":{"title":"B\u1ea3ng chuy\u1ec3n \u0111\u1ed5i CFS adapter board c\u1ee7a b\u1ed9 chuy\u1ec3n m\u00e0u CFS d\u00f9ng cho d\u00f2ng m\u00e1y in 3d Creality Hi, K2\/ Pro\/ PLus - NGE 3D Printers Services","description":"CFS Adapter Board cho b\u1ed9 chuy\u1ec3n m\u00e0u CFS. K\u00edch th\u01b0\u1edbc 3.5\u00d72.5\u00d71.5cm, tr\u1ecdng l\u01b0\u1ee3ng 5g, \u0111\u1ed9 \u1ed5n \u0111\u1ecbnh cao, d\u1ec5 d\u00e0ng l\u1eafp \u0111\u1eb7t v\u00e0 thay th\u1ebf.","robots":{"index":"index","follow":"follow","max-snippet":"max-snippet:-1","max-image-preview":"max-image-preview:large","max-video-preview":"max-video-preview:-1"},"canonical":"https:\/\/nge.vn\/en\/product\/bang-chuyen-doi-cfs-adapter-board-cua-bo-chuyen-mau-cfs-dung-cho-dong-may-in-3d-creality-hi-k2-pro-plus\/","og_locale":"en_US","og_type":"article","og_title":"B\u1ea3ng chuy\u1ec3n \u0111\u1ed5i CFS adapter board c\u1ee7a b\u1ed9 chuy\u1ec3n m\u00e0u CFS d\u00f9ng cho d\u00f2ng m\u00e1y in 3d Creality Hi, K2\/ Pro\/ PLus","og_description":"CFS Adapter Board cho b\u1ed9 chuy\u1ec3n m\u00e0u CFS. K\u00edch th\u01b0\u1edbc 3.5\u00d72.5\u00d71.5cm, tr\u1ecdng l\u01b0\u1ee3ng 5g, \u0111\u1ed9 \u1ed5n \u0111\u1ecbnh cao, d\u1ec5 d\u00e0ng l\u1eafp \u0111\u1eb7t v\u00e0 thay th\u1ebf.","og_url":"https:\/\/nge.vn\/en\/product\/bang-chuyen-doi-cfs-adapter-board-cua-bo-chuyen-mau-cfs-dung-cho-dong-may-in-3d-creality-hi-k2-pro-plus\/","og_site_name":"NGE 3D Printers Services","article_modified_time":"2026-04-12T00:40:43+00:00","og_image":[{"width":320,"height":320,"url":"https:\/\/nge.vn\/wp-content\/uploads\/2025\/08\/vn-11134207-7ras8-mdhfu94d34xx88_tn.jpeg","type":"image\/jpeg"}],"twitter_card":"summary_large_image","twitter_misc":{"Est. reading time":"2 minutes"},"schema":{"@context":"https:\/\/schema.org","@graph":[{"@type":"WebPage","@id":"https:\/\/nge.vn\/san-pham\/bang-chuyen-doi-cfs-adapter-board-cua-bo-chuyen-mau-cfs-dung-cho-dong-may-in-3d-creality-hi-k2-pro-plus\/","url":"https:\/\/nge.vn\/san-pham\/bang-chuyen-doi-cfs-adapter-board-cua-bo-chuyen-mau-cfs-dung-cho-dong-may-in-3d-creality-hi-k2-pro-plus\/","name":"B\u1ea3ng chuy\u1ec3n \u0111\u1ed5i CFS adapter board c\u1ee7a b\u1ed9 chuy\u1ec3n m\u00e0u CFS d\u00f9ng cho d\u00f2ng m\u00e1y in 3d Creality Hi, K2\/ Pro\/ PLus - NGE 3D Printers Services","isPartOf":{"@id":"https:\/\/nge.vn\/#website"},"primaryImageOfPage":{"@id":"https:\/\/nge.vn\/san-pham\/bang-chuyen-doi-cfs-adapter-board-cua-bo-chuyen-mau-cfs-dung-cho-dong-may-in-3d-creality-hi-k2-pro-plus\/#primaryimage"},"image":{"@id":"https:\/\/nge.vn\/san-pham\/bang-chuyen-doi-cfs-adapter-board-cua-bo-chuyen-mau-cfs-dung-cho-dong-may-in-3d-creality-hi-k2-pro-plus\/#primaryimage"},"thumbnailUrl":"https:\/\/nge.vn\/wp-content\/uploads\/2025\/08\/vn-11134207-7ras8-mdhfu94d34xx88_tn.jpeg","datePublished":"2025-08-18T09:21:52+00:00","dateModified":"2026-04-12T00:40:43+00:00","description":"CFS Adapter Board cho b\u1ed9 chuy\u1ec3n m\u00e0u CFS. K\u00edch th\u01b0\u1edbc 3.5\u00d72.5\u00d71.5cm, tr\u1ecdng l\u01b0\u1ee3ng 5g, \u0111\u1ed9 \u1ed5n \u0111\u1ecbnh cao, d\u1ec5 d\u00e0ng l\u1eafp \u0111\u1eb7t v\u00e0 thay th\u1ebf.","breadcrumb":{"@id":"https:\/\/nge.vn\/san-pham\/bang-chuyen-doi-cfs-adapter-board-cua-bo-chuyen-mau-cfs-dung-cho-dong-may-in-3d-creality-hi-k2-pro-plus\/#breadcrumb"},"inLanguage":"en-US","potentialAction":[{"@type":"ReadAction","target":["https:\/\/nge.vn\/san-pham\/bang-chuyen-doi-cfs-adapter-board-cua-bo-chuyen-mau-cfs-dung-cho-dong-may-in-3d-creality-hi-k2-pro-plus\/"]}]},{"@type":"ImageObject","inLanguage":"en-US","@id":"https:\/\/nge.vn\/san-pham\/bang-chuyen-doi-cfs-adapter-board-cua-bo-chuyen-mau-cfs-dung-cho-dong-may-in-3d-creality-hi-k2-pro-plus\/#primaryimage","url":"https:\/\/nge.vn\/wp-content\/uploads\/2025\/08\/vn-11134207-7ras8-mdhfu94d34xx88_tn.jpeg","contentUrl":"https:\/\/nge.vn\/wp-content\/uploads\/2025\/08\/vn-11134207-7ras8-mdhfu94d34xx88_tn.jpeg","width":320,"height":320},{"@type":"BreadcrumbList","@id":"https:\/\/nge.vn\/san-pham\/bang-chuyen-doi-cfs-adapter-board-cua-bo-chuyen-mau-cfs-dung-cho-dong-may-in-3d-creality-hi-k2-pro-plus\/#breadcrumb","itemListElement":[{"@type":"ListItem","position":1,"name":"Trang ch\u1ee7","item":"https:\/\/nge.vn\/"},{"@type":"ListItem","position":2,"name":"S\u1ea3n ph\u1ea9m","item":"https:\/\/nge.vn\/san-pham\/"},{"@type":"ListItem","position":3,"name":"B\u1ea3ng chuy\u1ec3n \u0111\u1ed5i CFS adapter board c\u1ee7a b\u1ed9 chuy\u1ec3n m\u00e0u CFS d\u00f9ng cho d\u00f2ng m\u00e1y in 3d Creality Hi, K2\/ Pro\/ PLus"}]},{"@type":"WebSite","@id":"https:\/\/nge.vn\/#website","url":"https:\/\/nge.vn\/","name":"NGE 3D Printers Services","description":"","potentialAction":[{"@type":"SearchAction","target":{"@type":"EntryPoint","urlTemplate":"https:\/\/nge.vn\/?s={search_term_string}"},"query-input":{"@type":"PropertyValueSpecification","valueRequired":true,"valueName":"search_term_string"}}],"inLanguage":"en-US"}]}},"_links":{"self":[{"href":"https:\/\/nge.vn\/en\/wp-json\/wp\/v2\/product\/6857","targetHints":{"allow":["GET"]}}],"collection":[{"href":"https:\/\/nge.vn\/en\/wp-json\/wp\/v2\/product"}],"about":[{"href":"https:\/\/nge.vn\/en\/wp-json\/wp\/v2\/types\/product"}],"replies":[{"embeddable":true,"href":"https:\/\/nge.vn\/en\/wp-json\/wp\/v2\/comments?post=6857"}],"wp:featuredmedia":[{"embeddable":true,"href":"https:\/\/nge.vn\/en\/wp-json\/wp\/v2\/media\/6858"}],"wp:attachment":[{"href":"https:\/\/nge.vn\/en\/wp-json\/wp\/v2\/media?parent=6857"}],"wp:term":[{"taxonomy":"product_brand","embeddable":true,"href":"https:\/\/nge.vn\/en\/wp-json\/wp\/v2\/product_brand?post=6857"},{"taxonomy":"product_cat","embeddable":true,"href":"https:\/\/nge.vn\/en\/wp-json\/wp\/v2\/product_cat?post=6857"},{"taxonomy":"product_tag","embeddable":true,"href":"https:\/\/nge.vn\/en\/wp-json\/wp\/v2\/product_tag?post=6857"}],"curies":[{"name":"wp","href":"https:\/\/api.w.org\/{rel}","templated":true}]}}