{"id":6848,"date":"2025-08-18T15:09:16","date_gmt":"2025-08-18T08:09:16","guid":{"rendered":"https:\/\/nge.vn\/?post_type=product&#038;p=6848"},"modified":"2025-08-18T15:09:16","modified_gmt":"2025-08-18T08:09:16","slug":"bang-chuyen-doi-phia-tren-upper-adapter-board-cho-may-in-3d-creality-k2-plus","status":"publish","type":"product","link":"https:\/\/nge.vn\/en\/product\/bang-chuyen-doi-phia-tren-upper-adapter-board-cho-may-in-3d-creality-k2-plus\/","title":{"rendered":"B\u1ea3ng chuy\u1ec3n \u0111\u1ed5i ph\u00eda tr\u00ean Upper adapter board cho m\u00e1y in 3d Creality K2 Plus"},"content":{"rendered":"<h3 data-start=\"767\" data-end=\"819\">\u26a1 <strong data-start=\"773\" data-end=\"817\">Upper Adapter Board cho Creality K2 Plus<\/strong><\/h3>\n<p data-start=\"820\" data-end=\"1050\">Upper Adapter Board l\u00e0 b\u1ea3ng m\u1ea1ch chuy\u1ec3n \u0111\u1ed5i ph\u00eda tr\u00ean, \u0111\u01b0\u1ee3c thi\u1ebft k\u1ebf ch\u00ednh h\u00e3ng cho d\u00f2ng m\u00e1y in 3D Creality K2 Plus. \u0110\u00e2y l\u00e0 ph\u1ee5 ki\u1ec7n thay th\u1ebf quan tr\u1ecdng gi\u00fap \u0111\u1ea3m b\u1ea3o k\u1ebft n\u1ed1i \u1ed5n \u0111\u1ecbnh, duy tr\u00ec hi\u1ec7u su\u1ea5t in v\u00e0 k\u00e9o d\u00e0i tu\u1ed5i th\u1ecd m\u00e1y.<\/p>\n<hr data-start=\"1052\" data-end=\"1055\" \/>\n<h3 data-start=\"1057\" data-end=\"1086\">\ud83c\udf1f <strong data-start=\"1064\" data-end=\"1084\">\u0110\u1eb7c \u0111i\u1ec3m n\u1ed5i b\u1eadt<\/strong><\/h3>\n<ul data-start=\"1087\" data-end=\"1321\">\n<li data-start=\"1087\" data-end=\"1162\">\n<p data-start=\"1089\" data-end=\"1162\"><strong data-start=\"1089\" data-end=\"1109\">Thi\u1ebft k\u1ebf \u0111\u1ed3ng b\u1ed9<\/strong> v\u1edbi Creality K2 Plus, d\u1ec5 d\u00e0ng l\u1eafp \u0111\u1eb7t v\u00e0 thay th\u1ebf.<\/p>\n<\/li>\n<li data-start=\"1163\" data-end=\"1207\">\n<p data-start=\"1165\" data-end=\"1207\"><strong data-start=\"1165\" data-end=\"1187\">K\u00edch th\u01b0\u1edbc nh\u1ecf g\u1ecdn<\/strong>: 10 \u00d7 5.3 \u00d7 3 mm.<\/p>\n<\/li>\n<li data-start=\"1208\" data-end=\"1237\">\n<p data-start=\"1210\" data-end=\"1237\"><strong data-start=\"1210\" data-end=\"1229\">Tr\u1ecdng l\u01b0\u1ee3ng nh\u1eb9<\/strong>: 31g.<\/p>\n<\/li>\n<li data-start=\"1238\" data-end=\"1271\">\n<p data-start=\"1240\" data-end=\"1271\"><strong data-start=\"1240\" data-end=\"1256\">M\u00e3 linh ki\u1ec7n<\/strong>: 2101030235.<\/p>\n<\/li>\n<li data-start=\"1272\" data-end=\"1321\">\n<p data-start=\"1274\" data-end=\"1321\">\u0110\u1ed9 \u1ed5n \u0111\u1ecbnh cao, ph\u00f9 h\u1ee3p cho v\u1eadn h\u00e0nh l\u00e2u d\u00e0i.<\/p>\n<\/li>\n<\/ul>\n<hr data-start=\"1323\" data-end=\"1326\" \/>\n<h3 data-start=\"1328\" data-end=\"1358\">\ud83d\udd27 <strong data-start=\"1335\" data-end=\"1356\">Th\u00f4ng s\u1ed1 k\u1ef9 thu\u1eadt<\/strong><\/h3>\n<ul data-start=\"1359\" data-end=\"1499\">\n<li data-start=\"1359\" data-end=\"1394\">\n<p data-start=\"1361\" data-end=\"1394\">K\u00edch th\u01b0\u1edbc: <strong data-start=\"1373\" data-end=\"1392\">10 \u00d7 5.3 \u00d7 3 mm<\/strong><\/p>\n<\/li>\n<li data-start=\"1395\" data-end=\"1419\">\n<p data-start=\"1397\" data-end=\"1419\">Tr\u1ecdng l\u01b0\u1ee3ng: <strong data-start=\"1410\" data-end=\"1417\">31g<\/strong><\/p>\n<\/li>\n<li data-start=\"1420\" data-end=\"1451\">\n<p data-start=\"1422\" data-end=\"1451\">M\u00e3 s\u1ea3n ph\u1ea9m: <strong data-start=\"1435\" data-end=\"1449\">2101030235<\/strong><\/p>\n<\/li>\n<li data-start=\"1452\" data-end=\"1499\">\n<p data-start=\"1454\" data-end=\"1499\">S\u1eed d\u1ee5ng cho: <strong data-start=\"1467\" data-end=\"1497\">m\u00e1y in 3D Creality K2 Plus<\/strong><\/p>\n<\/li>\n<\/ul>\n<blockquote class=\"wp-embedded-content\" data-secret=\"mWzcMr94hu\"><p><a href=\"https:\/\/nge.vn\/en\/product\/may-in-3d-nhieu-mau-creality-k2-plus-kho-in-35x35x35cm\/\">M\u00e1y in 3d nhi\u1ec1u m\u00e0u Creality K2 Plus kh\u1ed5 in 35*35*35cm<\/a><\/p><\/blockquote>\n<p><iframe loading=\"lazy\" class=\"wp-embedded-content\" sandbox=\"allow-scripts\" security=\"restricted\" style=\"position: absolute; visibility: hidden;\" title=\"&#8220;M\u00e1y in 3d nhi\u1ec1u m\u00e0u Creality K2 Plus kh\u1ed5 in 35*35*35cm&#8221; &#8212; NGE 3D Printers Services\" src=\"https:\/\/nge.vn\/san-pham\/may-in-3d-nhieu-mau-creality-k2-plus-kho-in-35x35x35cm\/embed\/#?secret=nQ6Amzf2Ty#?secret=mWzcMr94hu\" data-secret=\"mWzcMr94hu\" width=\"600\" height=\"338\" frameborder=\"0\" marginwidth=\"0\" marginheight=\"0\" scrolling=\"no\"><\/iframe><\/p>\n<p>_\u0110\u00e2y l\u00e0 c\u00e1c trang b\u00e1n h\u00e0ng b\u00ean m\u00ecnh NGE 3D Printer Services chuy\u00ean cung c\u1ea5p Nh\u1ef1a in 3D v\u00e0 M\u00e1y in 3D c\u1ee7a H\u00e3ng ESUN, Flsun, BIQU, Creality, eMake3d&#8230;<br \/>\n\ud83d\uded2Shopee =&gt; https:\/\/shopee.vn\/nge3dprinter<br \/>\n\ud83d\uded2Shopee =&gt; https:\/\/shopee.vn\/nge3dservices<br \/>\n\ud83d\uded2Shopee Voron v\u00e0 eMake3D =&gt; https:\/\/shopee.vn\/3dmasterpower<br \/>\n\ud83d\uded2Shopee eMake3D =&gt; https:\/\/shopee.vn\/nge3dprinting<br \/>\n\ud83d\uded2Lazada =&gt; https:\/\/www.lazada.vn\/shop\/nge-3d-printer<br \/>\n\ud83d\uded2Lazada =&gt; https:\/\/www.lazada.vn\/shop\/nge-3d-printer-services<br \/>\n\ud83d\uded2Lazada =&gt; https:\/\/www.lazada.vn\/shop\/emake3d-vn<br \/>\n\ud83d\uded2Webslite Th\u1ebf H\u1ec7 K\u1ebf Ti\u1ebfp =&gt;https:\/\/www.theheketiep.com\/<br \/>\n\ud83d\uded2Webslite NGE.VN =&gt;https:\/\/www.nge.vn\/<br \/>\nHo\u1eb7c b\u1ea1n g\u1ecdi 094.144.0951 g\u1eb7p m\u00ecnh<br \/>\nHo\u1eb7c 0913939775 g\u1eb7p anh Qu\u00e2n<br \/>\n** Price does not include VAT (+8 or 10% if VAT invoice is issued)<\/p>","protected":false},"excerpt":{"rendered":"<p data-start=\"238\" data-end=\"401\">Upper Adapter Board ch\u00ednh h\u00e3ng cho m\u00e1y in 3D Creality K2 Plus. K\u00edch th\u01b0\u1edbc 10\u00d75.3\u00d73mm, tr\u1ecdng l\u01b0\u1ee3ng 31g. \u0110\u1ed9 \u1ed5n \u0111\u1ecbnh cao, d\u1ec5 d\u00e0ng thay th\u1ebf.<\/p>","protected":false},"featured_media":6849,"comment_status":"open","ping_status":"closed","template":"","meta":{"inline_featured_image":false},"product_brand":[],"product_cat":[462,40,56],"product_tag":[943,495,663],"class_list":{"0":"post-6848","1":"product","2":"type-product","3":"status-publish","4":"has-post-thumbnail","6":"product_cat-board-va-man-hinh-dieu-khien","7":"product_cat-linh-kien-va-phu-kien","8":"product_cat-linh-phu-kien-may-in-3d-creality","9":"product_tag-boardk2plus","10":"product_tag-creality","11":"product_tag-nge3d","13":"first","14":"instock","15":"taxable","16":"shipping-taxable","17":"purchasable","18":"product-type-simple"},"yoast_head":"<!-- This site is optimized with the Yoast SEO Premium plugin v22.8 (Yoast SEO v26.9) - https:\/\/yoast.com\/product\/yoast-seo-premium-wordpress\/ -->\n<title>B\u1ea3ng chuy\u1ec3n \u0111\u1ed5i ph\u00eda tr\u00ean Upper adapter board cho m\u00e1y in 3d Creality K2 Plus - NGE 3D Printers Services<\/title>\n<meta name=\"description\" content=\"Upper Adapter Board ch\u00ednh h\u00e3ng cho m\u00e1y in 3D Creality K2 Plus. K\u00edch th\u01b0\u1edbc 10\u00d75.3\u00d73mm, tr\u1ecdng l\u01b0\u1ee3ng 31g. \u0110\u1ed9 \u1ed5n \u0111\u1ecbnh cao, d\u1ec5 d\u00e0ng thay th\u1ebf.\" \/>\n<meta name=\"robots\" content=\"index, follow, max-snippet:-1, max-image-preview:large, max-video-preview:-1\" \/>\n<link rel=\"canonical\" href=\"https:\/\/nge.vn\/en\/product\/bang-chuyen-doi-phia-tren-upper-adapter-board-cho-may-in-3d-creality-k2-plus\/\" \/>\n<meta property=\"og:locale\" content=\"en_US\" \/>\n<meta property=\"og:type\" content=\"article\" \/>\n<meta property=\"og:title\" content=\"B\u1ea3ng chuy\u1ec3n \u0111\u1ed5i ph\u00eda tr\u00ean Upper adapter board cho m\u00e1y in 3d Creality K2 Plus\" \/>\n<meta property=\"og:description\" content=\"Upper Adapter Board ch\u00ednh h\u00e3ng cho m\u00e1y in 3D Creality K2 Plus. K\u00edch th\u01b0\u1edbc 10\u00d75.3\u00d73mm, tr\u1ecdng l\u01b0\u1ee3ng 31g. \u0110\u1ed9 \u1ed5n \u0111\u1ecbnh cao, d\u1ec5 d\u00e0ng thay th\u1ebf.\" \/>\n<meta property=\"og:url\" content=\"https:\/\/nge.vn\/en\/product\/bang-chuyen-doi-phia-tren-upper-adapter-board-cho-may-in-3d-creality-k2-plus\/\" \/>\n<meta property=\"og:site_name\" content=\"NGE 3D Printers Services\" \/>\n<meta property=\"og:image\" content=\"https:\/\/nge.vn\/wp-content\/uploads\/2025\/08\/vn-11134207-7ras8-mdhe0zpp5q2731_tn.jpeg\" \/>\n\t<meta property=\"og:image:width\" content=\"320\" \/>\n\t<meta property=\"og:image:height\" content=\"320\" \/>\n\t<meta property=\"og:image:type\" content=\"image\/jpeg\" \/>\n<meta name=\"twitter:card\" content=\"summary_large_image\" \/>\n<meta name=\"twitter:label1\" content=\"Est. reading time\" \/>\n\t<meta name=\"twitter:data1\" content=\"2 minutes\" \/>\n<script type=\"application\/ld+json\" class=\"yoast-schema-graph\">{\"@context\":\"https:\/\/schema.org\",\"@graph\":[{\"@type\":\"WebPage\",\"@id\":\"https:\/\/nge.vn\/san-pham\/bang-chuyen-doi-phia-tren-upper-adapter-board-cho-may-in-3d-creality-k2-plus\/\",\"url\":\"https:\/\/nge.vn\/san-pham\/bang-chuyen-doi-phia-tren-upper-adapter-board-cho-may-in-3d-creality-k2-plus\/\",\"name\":\"B\u1ea3ng chuy\u1ec3n \u0111\u1ed5i ph\u00eda tr\u00ean Upper adapter board cho m\u00e1y in 3d Creality K2 Plus - NGE 3D Printers Services\",\"isPartOf\":{\"@id\":\"https:\/\/nge.vn\/#website\"},\"primaryImageOfPage\":{\"@id\":\"https:\/\/nge.vn\/san-pham\/bang-chuyen-doi-phia-tren-upper-adapter-board-cho-may-in-3d-creality-k2-plus\/#primaryimage\"},\"image\":{\"@id\":\"https:\/\/nge.vn\/san-pham\/bang-chuyen-doi-phia-tren-upper-adapter-board-cho-may-in-3d-creality-k2-plus\/#primaryimage\"},\"thumbnailUrl\":\"https:\/\/nge.vn\/wp-content\/uploads\/2025\/08\/vn-11134207-7ras8-mdhe0zpp5q2731_tn.jpeg\",\"datePublished\":\"2025-08-18T08:09:16+00:00\",\"description\":\"Upper Adapter Board ch\u00ednh h\u00e3ng cho m\u00e1y in 3D Creality K2 Plus. K\u00edch th\u01b0\u1edbc 10\u00d75.3\u00d73mm, tr\u1ecdng l\u01b0\u1ee3ng 31g. \u0110\u1ed9 \u1ed5n \u0111\u1ecbnh cao, d\u1ec5 d\u00e0ng thay th\u1ebf.\",\"breadcrumb\":{\"@id\":\"https:\/\/nge.vn\/san-pham\/bang-chuyen-doi-phia-tren-upper-adapter-board-cho-may-in-3d-creality-k2-plus\/#breadcrumb\"},\"inLanguage\":\"en-US\",\"potentialAction\":[{\"@type\":\"ReadAction\",\"target\":[\"https:\/\/nge.vn\/san-pham\/bang-chuyen-doi-phia-tren-upper-adapter-board-cho-may-in-3d-creality-k2-plus\/\"]}]},{\"@type\":\"ImageObject\",\"inLanguage\":\"en-US\",\"@id\":\"https:\/\/nge.vn\/san-pham\/bang-chuyen-doi-phia-tren-upper-adapter-board-cho-may-in-3d-creality-k2-plus\/#primaryimage\",\"url\":\"https:\/\/nge.vn\/wp-content\/uploads\/2025\/08\/vn-11134207-7ras8-mdhe0zpp5q2731_tn.jpeg\",\"contentUrl\":\"https:\/\/nge.vn\/wp-content\/uploads\/2025\/08\/vn-11134207-7ras8-mdhe0zpp5q2731_tn.jpeg\",\"width\":320,\"height\":320},{\"@type\":\"BreadcrumbList\",\"@id\":\"https:\/\/nge.vn\/san-pham\/bang-chuyen-doi-phia-tren-upper-adapter-board-cho-may-in-3d-creality-k2-plus\/#breadcrumb\",\"itemListElement\":[{\"@type\":\"ListItem\",\"position\":1,\"name\":\"Trang ch\u1ee7\",\"item\":\"https:\/\/nge.vn\/\"},{\"@type\":\"ListItem\",\"position\":2,\"name\":\"S\u1ea3n ph\u1ea9m\",\"item\":\"https:\/\/nge.vn\/san-pham\/\"},{\"@type\":\"ListItem\",\"position\":3,\"name\":\"B\u1ea3ng chuy\u1ec3n \u0111\u1ed5i ph\u00eda tr\u00ean Upper adapter board cho m\u00e1y in 3d Creality K2 Plus\"}]},{\"@type\":\"WebSite\",\"@id\":\"https:\/\/nge.vn\/#website\",\"url\":\"https:\/\/nge.vn\/\",\"name\":\"NGE 3D Printers Services\",\"description\":\"\",\"potentialAction\":[{\"@type\":\"SearchAction\",\"target\":{\"@type\":\"EntryPoint\",\"urlTemplate\":\"https:\/\/nge.vn\/?s={search_term_string}\"},\"query-input\":{\"@type\":\"PropertyValueSpecification\",\"valueRequired\":true,\"valueName\":\"search_term_string\"}}],\"inLanguage\":\"en-US\"}]}<\/script>\n<!-- \/ Yoast SEO Premium plugin. -->","yoast_head_json":{"title":"B\u1ea3ng chuy\u1ec3n \u0111\u1ed5i ph\u00eda tr\u00ean Upper adapter board cho m\u00e1y in 3d Creality K2 Plus - NGE 3D Printers Services","description":"Upper Adapter Board ch\u00ednh h\u00e3ng cho m\u00e1y in 3D Creality K2 Plus. K\u00edch th\u01b0\u1edbc 10\u00d75.3\u00d73mm, tr\u1ecdng l\u01b0\u1ee3ng 31g. \u0110\u1ed9 \u1ed5n \u0111\u1ecbnh cao, d\u1ec5 d\u00e0ng thay th\u1ebf.","robots":{"index":"index","follow":"follow","max-snippet":"max-snippet:-1","max-image-preview":"max-image-preview:large","max-video-preview":"max-video-preview:-1"},"canonical":"https:\/\/nge.vn\/en\/product\/bang-chuyen-doi-phia-tren-upper-adapter-board-cho-may-in-3d-creality-k2-plus\/","og_locale":"en_US","og_type":"article","og_title":"B\u1ea3ng chuy\u1ec3n \u0111\u1ed5i ph\u00eda tr\u00ean Upper adapter board cho m\u00e1y in 3d Creality K2 Plus","og_description":"Upper Adapter Board ch\u00ednh h\u00e3ng cho m\u00e1y in 3D Creality K2 Plus. K\u00edch th\u01b0\u1edbc 10\u00d75.3\u00d73mm, tr\u1ecdng l\u01b0\u1ee3ng 31g. \u0110\u1ed9 \u1ed5n \u0111\u1ecbnh cao, d\u1ec5 d\u00e0ng thay th\u1ebf.","og_url":"https:\/\/nge.vn\/en\/product\/bang-chuyen-doi-phia-tren-upper-adapter-board-cho-may-in-3d-creality-k2-plus\/","og_site_name":"NGE 3D Printers Services","og_image":[{"width":320,"height":320,"url":"https:\/\/nge.vn\/wp-content\/uploads\/2025\/08\/vn-11134207-7ras8-mdhe0zpp5q2731_tn.jpeg","type":"image\/jpeg"}],"twitter_card":"summary_large_image","twitter_misc":{"Est. reading time":"2 minutes"},"schema":{"@context":"https:\/\/schema.org","@graph":[{"@type":"WebPage","@id":"https:\/\/nge.vn\/san-pham\/bang-chuyen-doi-phia-tren-upper-adapter-board-cho-may-in-3d-creality-k2-plus\/","url":"https:\/\/nge.vn\/san-pham\/bang-chuyen-doi-phia-tren-upper-adapter-board-cho-may-in-3d-creality-k2-plus\/","name":"B\u1ea3ng chuy\u1ec3n \u0111\u1ed5i ph\u00eda tr\u00ean Upper adapter board cho m\u00e1y in 3d Creality K2 Plus - NGE 3D Printers Services","isPartOf":{"@id":"https:\/\/nge.vn\/#website"},"primaryImageOfPage":{"@id":"https:\/\/nge.vn\/san-pham\/bang-chuyen-doi-phia-tren-upper-adapter-board-cho-may-in-3d-creality-k2-plus\/#primaryimage"},"image":{"@id":"https:\/\/nge.vn\/san-pham\/bang-chuyen-doi-phia-tren-upper-adapter-board-cho-may-in-3d-creality-k2-plus\/#primaryimage"},"thumbnailUrl":"https:\/\/nge.vn\/wp-content\/uploads\/2025\/08\/vn-11134207-7ras8-mdhe0zpp5q2731_tn.jpeg","datePublished":"2025-08-18T08:09:16+00:00","description":"Upper Adapter Board ch\u00ednh h\u00e3ng cho m\u00e1y in 3D Creality K2 Plus. K\u00edch th\u01b0\u1edbc 10\u00d75.3\u00d73mm, tr\u1ecdng l\u01b0\u1ee3ng 31g. \u0110\u1ed9 \u1ed5n \u0111\u1ecbnh cao, d\u1ec5 d\u00e0ng thay th\u1ebf.","breadcrumb":{"@id":"https:\/\/nge.vn\/san-pham\/bang-chuyen-doi-phia-tren-upper-adapter-board-cho-may-in-3d-creality-k2-plus\/#breadcrumb"},"inLanguage":"en-US","potentialAction":[{"@type":"ReadAction","target":["https:\/\/nge.vn\/san-pham\/bang-chuyen-doi-phia-tren-upper-adapter-board-cho-may-in-3d-creality-k2-plus\/"]}]},{"@type":"ImageObject","inLanguage":"en-US","@id":"https:\/\/nge.vn\/san-pham\/bang-chuyen-doi-phia-tren-upper-adapter-board-cho-may-in-3d-creality-k2-plus\/#primaryimage","url":"https:\/\/nge.vn\/wp-content\/uploads\/2025\/08\/vn-11134207-7ras8-mdhe0zpp5q2731_tn.jpeg","contentUrl":"https:\/\/nge.vn\/wp-content\/uploads\/2025\/08\/vn-11134207-7ras8-mdhe0zpp5q2731_tn.jpeg","width":320,"height":320},{"@type":"BreadcrumbList","@id":"https:\/\/nge.vn\/san-pham\/bang-chuyen-doi-phia-tren-upper-adapter-board-cho-may-in-3d-creality-k2-plus\/#breadcrumb","itemListElement":[{"@type":"ListItem","position":1,"name":"Trang ch\u1ee7","item":"https:\/\/nge.vn\/"},{"@type":"ListItem","position":2,"name":"S\u1ea3n ph\u1ea9m","item":"https:\/\/nge.vn\/san-pham\/"},{"@type":"ListItem","position":3,"name":"B\u1ea3ng chuy\u1ec3n \u0111\u1ed5i ph\u00eda tr\u00ean Upper adapter board cho m\u00e1y in 3d Creality K2 Plus"}]},{"@type":"WebSite","@id":"https:\/\/nge.vn\/#website","url":"https:\/\/nge.vn\/","name":"NGE 3D Printers Services","description":"","potentialAction":[{"@type":"SearchAction","target":{"@type":"EntryPoint","urlTemplate":"https:\/\/nge.vn\/?s={search_term_string}"},"query-input":{"@type":"PropertyValueSpecification","valueRequired":true,"valueName":"search_term_string"}}],"inLanguage":"en-US"}]}},"_links":{"self":[{"href":"https:\/\/nge.vn\/en\/wp-json\/wp\/v2\/product\/6848","targetHints":{"allow":["GET"]}}],"collection":[{"href":"https:\/\/nge.vn\/en\/wp-json\/wp\/v2\/product"}],"about":[{"href":"https:\/\/nge.vn\/en\/wp-json\/wp\/v2\/types\/product"}],"replies":[{"embeddable":true,"href":"https:\/\/nge.vn\/en\/wp-json\/wp\/v2\/comments?post=6848"}],"wp:featuredmedia":[{"embeddable":true,"href":"https:\/\/nge.vn\/en\/wp-json\/wp\/v2\/media\/6849"}],"wp:attachment":[{"href":"https:\/\/nge.vn\/en\/wp-json\/wp\/v2\/media?parent=6848"}],"wp:term":[{"taxonomy":"product_brand","embeddable":true,"href":"https:\/\/nge.vn\/en\/wp-json\/wp\/v2\/product_brand?post=6848"},{"taxonomy":"product_cat","embeddable":true,"href":"https:\/\/nge.vn\/en\/wp-json\/wp\/v2\/product_cat?post=6848"},{"taxonomy":"product_tag","embeddable":true,"href":"https:\/\/nge.vn\/en\/wp-json\/wp\/v2\/product_tag?post=6848"}],"curies":[{"name":"wp","href":"https:\/\/api.w.org\/{rel}","templated":true}]}}