{"id":6837,"date":"2025-08-18T14:33:10","date_gmt":"2025-08-18T07:33:10","guid":{"rendered":"https:\/\/nge.vn\/?post_type=product&#038;p=6837"},"modified":"2025-08-18T14:33:11","modified_gmt":"2025-08-18T07:33:11","slug":"upper-board-host-board-cho-may-in-3d-creality-k2-plus","status":"publish","type":"product","link":"https:\/\/nge.vn\/en\/product\/upper-board-host-board-cho-may-in-3d-creality-k2-plus\/","title":{"rendered":"Upper Board (Host Board) cho m\u00e1y in 3d Creality K2 Plus"},"content":{"rendered":"<h3 data-start=\"783\" data-end=\"840\">\u26a1 <strong data-start=\"789\" data-end=\"838\">Upper Board (Host Board) cho Creality K2 Plus<\/strong><\/h3>\n<p data-start=\"841\" data-end=\"1055\">Upper Board (hay Host Board) l\u00e0 b\u1ea3ng m\u1ea1ch ch\u00ednh, \u0111\u00f3ng vai tr\u00f2 quan tr\u1ecdng trong vi\u1ec7c \u0111i\u1ec1u khi\u1ec3n v\u00e0 v\u1eadn h\u00e0nh m\u00e1y in 3D Creality K2 Plus. Ph\u1ee5 ki\u1ec7n thay th\u1ebf ch\u00ednh h\u00e3ng gi\u00fap \u0111\u1ea3m b\u1ea3o hi\u1ec7u su\u1ea5t in \u1ea5n \u1ed5n \u0111\u1ecbnh v\u00e0 l\u00e2u d\u00e0i.<\/p>\n<hr data-start=\"1057\" data-end=\"1060\" \/>\n<h3 data-start=\"1062\" data-end=\"1091\">\ud83c\udf1f <strong data-start=\"1069\" data-end=\"1089\">\u0110\u1eb7c \u0111i\u1ec3m n\u1ed5i b\u1eadt<\/strong><\/h3>\n<ul data-start=\"1092\" data-end=\"1338\">\n<li data-start=\"1092\" data-end=\"1149\">\n<p data-start=\"1094\" data-end=\"1149\"><strong data-start=\"1094\" data-end=\"1125\">Thi\u1ebft k\u1ebf ch\u00ednh x\u00e1c, \u0111\u1ed3ng b\u1ed9<\/strong> cho Creality K2 Plus.<\/p>\n<\/li>\n<li data-start=\"1150\" data-end=\"1193\">\n<p data-start=\"1152\" data-end=\"1193\"><strong data-start=\"1152\" data-end=\"1174\">K\u00edch th\u01b0\u1edbc nh\u1ecf g\u1ecdn<\/strong>: 8 \u00d7 5.5 \u00d7 1 cm.<\/p>\n<\/li>\n<li data-start=\"1194\" data-end=\"1227\">\n<p data-start=\"1196\" data-end=\"1227\"><strong data-start=\"1196\" data-end=\"1215\">Tr\u1ecdng l\u01b0\u1ee3ng nh\u1eb9<\/strong>: ch\u1ec9 15g.<\/p>\n<\/li>\n<li data-start=\"1228\" data-end=\"1261\">\n<p data-start=\"1230\" data-end=\"1261\"><strong data-start=\"1230\" data-end=\"1246\">M\u00e3 linh ki\u1ec7n<\/strong>: 2101020277.<\/p>\n<\/li>\n<li data-start=\"1262\" data-end=\"1338\">\n<p data-start=\"1264\" data-end=\"1338\">\u0110\u1ea3m b\u1ea3o <strong data-start=\"1272\" data-end=\"1293\">hi\u1ec7u su\u1ea5t \u1ed5n \u0111\u1ecbnh<\/strong>, d\u1ec5 d\u00e0ng thay th\u1ebf khi board g\u1ed1c g\u1eb7p s\u1ef1 c\u1ed1.<\/p>\n<\/li>\n<\/ul>\n<hr data-start=\"1340\" data-end=\"1343\" \/>\n<h3 data-start=\"1345\" data-end=\"1375\">\ud83d\udd27 <strong data-start=\"1352\" data-end=\"1373\">Th\u00f4ng s\u1ed1 k\u1ef9 thu\u1eadt<\/strong><\/h3>\n<ul data-start=\"1376\" data-end=\"1515\">\n<li data-start=\"1376\" data-end=\"1410\">\n<p data-start=\"1378\" data-end=\"1410\">K\u00edch th\u01b0\u1edbc: <strong data-start=\"1390\" data-end=\"1408\">8 \u00d7 5.5 \u00d7 1 cm<\/strong><\/p>\n<\/li>\n<li data-start=\"1411\" data-end=\"1435\">\n<p data-start=\"1413\" data-end=\"1435\">Tr\u1ecdng l\u01b0\u1ee3ng: <strong data-start=\"1426\" data-end=\"1433\">15g<\/strong><\/p>\n<\/li>\n<li data-start=\"1436\" data-end=\"1467\">\n<p data-start=\"1438\" data-end=\"1467\">M\u00e3 s\u1ea3n ph\u1ea9m: <strong data-start=\"1451\" data-end=\"1465\">2101020277<\/strong><\/p>\n<\/li>\n<li data-start=\"1468\" data-end=\"1515\">\n<p data-start=\"1470\" data-end=\"1515\">S\u1eed d\u1ee5ng cho: <strong data-start=\"1483\" data-end=\"1513\">m\u00e1y in 3D Creality K2 Plus<\/strong><\/p>\n<\/li>\n<\/ul>\n<hr data-start=\"1517\" data-end=\"1520\" \/>\n<p data-start=\"1522\" data-end=\"1592\">\ud83d\udcb0 <strong data-start=\"1525\" data-end=\"1590\">Gi\u00e1 b\u00e1n ch\u01b0a bao g\u1ed3m VAT (+8% ho\u1eb7c 10% n\u1ebfu xu\u1ea5t h\u00f3a \u0111\u01a1n GTGT)<\/strong><\/p>","protected":false},"excerpt":{"rendered":"<p data-start=\"273\" data-end=\"444\">Upper Board (Host Board) ch\u00ednh h\u00e3ng cho m\u00e1y in 3D Creality K2 Plus. K\u00edch th\u01b0\u1edbc 8\u00d75.5\u00d71cm, tr\u1ecdng l\u01b0\u1ee3ng 15g. \u0110\u1ed9 \u1ed5n \u0111\u1ecbnh cao, thay th\u1ebf nhanh ch\u00f3ng.<\/p>","protected":false},"featured_media":6840,"comment_status":"open","ping_status":"closed","template":"","meta":{"inline_featured_image":false},"product_brand":[],"product_cat":[462,40,56],"product_tag":[495,501,663,942],"class_list":{"0":"post-6837","1":"product","2":"type-product","3":"status-publish","4":"has-post-thumbnail","6":"product_cat-board-va-man-hinh-dieu-khien","7":"product_cat-linh-kien-va-phu-kien","8":"product_cat-linh-phu-kien-may-in-3d-creality","9":"product_tag-creality","10":"product_tag-k2plus","11":"product_tag-nge3d","12":"product_tag-upperboard","14":"first","15":"instock","16":"taxable","17":"shipping-taxable","18":"purchasable","19":"product-type-simple"},"yoast_head":"<!-- This site is optimized with the Yoast SEO Premium plugin v22.8 (Yoast SEO v26.9) - https:\/\/yoast.com\/product\/yoast-seo-premium-wordpress\/ -->\n<title>Upper Board (Host Board) cho m\u00e1y in 3d Creality K2 Plus - NGE 3D Printers Services<\/title>\n<meta name=\"description\" content=\"Upper Board (Host Board) ch\u00ednh h\u00e3ng cho m\u00e1y in 3D Creality K2 Plus. K\u00edch th\u01b0\u1edbc 8\u00d75.5\u00d71cm, tr\u1ecdng l\u01b0\u1ee3ng 15g. \u0110\u1ed9 \u1ed5n \u0111\u1ecbnh cao, thay th\u1ebf nhanh ch\u00f3ng.\" \/>\n<meta name=\"robots\" content=\"index, follow, max-snippet:-1, max-image-preview:large, max-video-preview:-1\" \/>\n<link rel=\"canonical\" href=\"https:\/\/nge.vn\/en\/product\/upper-board-host-board-cho-may-in-3d-creality-k2-plus\/\" \/>\n<meta property=\"og:locale\" content=\"en_US\" \/>\n<meta property=\"og:type\" content=\"article\" \/>\n<meta property=\"og:title\" content=\"Upper Board (Host Board) cho m\u00e1y in 3d Creality K2 Plus\" \/>\n<meta property=\"og:description\" content=\"Upper Board (Host Board) ch\u00ednh h\u00e3ng cho m\u00e1y in 3D Creality K2 Plus. K\u00edch th\u01b0\u1edbc 8\u00d75.5\u00d71cm, tr\u1ecdng l\u01b0\u1ee3ng 15g. \u0110\u1ed9 \u1ed5n \u0111\u1ecbnh cao, thay th\u1ebf nhanh ch\u00f3ng.\" \/>\n<meta property=\"og:url\" content=\"https:\/\/nge.vn\/en\/product\/upper-board-host-board-cho-may-in-3d-creality-k2-plus\/\" \/>\n<meta property=\"og:site_name\" content=\"NGE 3D Printers Services\" \/>\n<meta property=\"article:modified_time\" content=\"2025-08-18T07:33:11+00:00\" \/>\n<meta property=\"og:image\" content=\"https:\/\/nge.vn\/wp-content\/uploads\/2025\/08\/vn-11134207-7ras8-mdhbetlk7y2766_tn-1.jpeg\" \/>\n\t<meta property=\"og:image:width\" content=\"320\" \/>\n\t<meta property=\"og:image:height\" content=\"320\" \/>\n\t<meta property=\"og:image:type\" content=\"image\/jpeg\" \/>\n<meta name=\"twitter:card\" content=\"summary_large_image\" \/>\n<meta name=\"twitter:label1\" content=\"Est. reading time\" \/>\n\t<meta name=\"twitter:data1\" content=\"1 minute\" \/>\n<script type=\"application\/ld+json\" class=\"yoast-schema-graph\">{\"@context\":\"https:\/\/schema.org\",\"@graph\":[{\"@type\":\"WebPage\",\"@id\":\"https:\/\/nge.vn\/san-pham\/upper-board-host-board-cho-may-in-3d-creality-k2-plus\/\",\"url\":\"https:\/\/nge.vn\/san-pham\/upper-board-host-board-cho-may-in-3d-creality-k2-plus\/\",\"name\":\"Upper Board (Host Board) cho m\u00e1y in 3d Creality K2 Plus - NGE 3D Printers Services\",\"isPartOf\":{\"@id\":\"https:\/\/nge.vn\/#website\"},\"primaryImageOfPage\":{\"@id\":\"https:\/\/nge.vn\/san-pham\/upper-board-host-board-cho-may-in-3d-creality-k2-plus\/#primaryimage\"},\"image\":{\"@id\":\"https:\/\/nge.vn\/san-pham\/upper-board-host-board-cho-may-in-3d-creality-k2-plus\/#primaryimage\"},\"thumbnailUrl\":\"https:\/\/nge.vn\/wp-content\/uploads\/2025\/08\/vn-11134207-7ras8-mdhbetlk7y2766_tn-1.jpeg\",\"datePublished\":\"2025-08-18T07:33:10+00:00\",\"dateModified\":\"2025-08-18T07:33:11+00:00\",\"description\":\"Upper Board (Host Board) ch\u00ednh h\u00e3ng cho m\u00e1y in 3D Creality K2 Plus. K\u00edch th\u01b0\u1edbc 8\u00d75.5\u00d71cm, tr\u1ecdng l\u01b0\u1ee3ng 15g. \u0110\u1ed9 \u1ed5n \u0111\u1ecbnh cao, thay th\u1ebf nhanh ch\u00f3ng.\",\"breadcrumb\":{\"@id\":\"https:\/\/nge.vn\/san-pham\/upper-board-host-board-cho-may-in-3d-creality-k2-plus\/#breadcrumb\"},\"inLanguage\":\"en-US\",\"potentialAction\":[{\"@type\":\"ReadAction\",\"target\":[\"https:\/\/nge.vn\/san-pham\/upper-board-host-board-cho-may-in-3d-creality-k2-plus\/\"]}]},{\"@type\":\"ImageObject\",\"inLanguage\":\"en-US\",\"@id\":\"https:\/\/nge.vn\/san-pham\/upper-board-host-board-cho-may-in-3d-creality-k2-plus\/#primaryimage\",\"url\":\"https:\/\/nge.vn\/wp-content\/uploads\/2025\/08\/vn-11134207-7ras8-mdhbetlk7y2766_tn-1.jpeg\",\"contentUrl\":\"https:\/\/nge.vn\/wp-content\/uploads\/2025\/08\/vn-11134207-7ras8-mdhbetlk7y2766_tn-1.jpeg\",\"width\":320,\"height\":320},{\"@type\":\"BreadcrumbList\",\"@id\":\"https:\/\/nge.vn\/san-pham\/upper-board-host-board-cho-may-in-3d-creality-k2-plus\/#breadcrumb\",\"itemListElement\":[{\"@type\":\"ListItem\",\"position\":1,\"name\":\"Trang ch\u1ee7\",\"item\":\"https:\/\/nge.vn\/\"},{\"@type\":\"ListItem\",\"position\":2,\"name\":\"S\u1ea3n ph\u1ea9m\",\"item\":\"https:\/\/nge.vn\/san-pham\/\"},{\"@type\":\"ListItem\",\"position\":3,\"name\":\"Upper Board (Host Board) cho m\u00e1y in 3d Creality K2 Plus\"}]},{\"@type\":\"WebSite\",\"@id\":\"https:\/\/nge.vn\/#website\",\"url\":\"https:\/\/nge.vn\/\",\"name\":\"NGE 3D Printers Services\",\"description\":\"\",\"potentialAction\":[{\"@type\":\"SearchAction\",\"target\":{\"@type\":\"EntryPoint\",\"urlTemplate\":\"https:\/\/nge.vn\/?s={search_term_string}\"},\"query-input\":{\"@type\":\"PropertyValueSpecification\",\"valueRequired\":true,\"valueName\":\"search_term_string\"}}],\"inLanguage\":\"en-US\"}]}<\/script>\n<!-- \/ Yoast SEO Premium plugin. -->","yoast_head_json":{"title":"Upper Board (Host Board) cho m\u00e1y in 3d Creality K2 Plus - NGE 3D Printers Services","description":"Upper Board (Host Board) ch\u00ednh h\u00e3ng cho m\u00e1y in 3D Creality K2 Plus. K\u00edch th\u01b0\u1edbc 8\u00d75.5\u00d71cm, tr\u1ecdng l\u01b0\u1ee3ng 15g. \u0110\u1ed9 \u1ed5n \u0111\u1ecbnh cao, thay th\u1ebf nhanh ch\u00f3ng.","robots":{"index":"index","follow":"follow","max-snippet":"max-snippet:-1","max-image-preview":"max-image-preview:large","max-video-preview":"max-video-preview:-1"},"canonical":"https:\/\/nge.vn\/en\/product\/upper-board-host-board-cho-may-in-3d-creality-k2-plus\/","og_locale":"en_US","og_type":"article","og_title":"Upper Board (Host Board) cho m\u00e1y in 3d Creality K2 Plus","og_description":"Upper Board (Host Board) ch\u00ednh h\u00e3ng cho m\u00e1y in 3D Creality K2 Plus. K\u00edch th\u01b0\u1edbc 8\u00d75.5\u00d71cm, tr\u1ecdng l\u01b0\u1ee3ng 15g. \u0110\u1ed9 \u1ed5n \u0111\u1ecbnh cao, thay th\u1ebf nhanh ch\u00f3ng.","og_url":"https:\/\/nge.vn\/en\/product\/upper-board-host-board-cho-may-in-3d-creality-k2-plus\/","og_site_name":"NGE 3D Printers Services","article_modified_time":"2025-08-18T07:33:11+00:00","og_image":[{"width":320,"height":320,"url":"https:\/\/nge.vn\/wp-content\/uploads\/2025\/08\/vn-11134207-7ras8-mdhbetlk7y2766_tn-1.jpeg","type":"image\/jpeg"}],"twitter_card":"summary_large_image","twitter_misc":{"Est. reading time":"1 minute"},"schema":{"@context":"https:\/\/schema.org","@graph":[{"@type":"WebPage","@id":"https:\/\/nge.vn\/san-pham\/upper-board-host-board-cho-may-in-3d-creality-k2-plus\/","url":"https:\/\/nge.vn\/san-pham\/upper-board-host-board-cho-may-in-3d-creality-k2-plus\/","name":"Upper Board (Host Board) cho m\u00e1y in 3d Creality K2 Plus - NGE 3D Printers Services","isPartOf":{"@id":"https:\/\/nge.vn\/#website"},"primaryImageOfPage":{"@id":"https:\/\/nge.vn\/san-pham\/upper-board-host-board-cho-may-in-3d-creality-k2-plus\/#primaryimage"},"image":{"@id":"https:\/\/nge.vn\/san-pham\/upper-board-host-board-cho-may-in-3d-creality-k2-plus\/#primaryimage"},"thumbnailUrl":"https:\/\/nge.vn\/wp-content\/uploads\/2025\/08\/vn-11134207-7ras8-mdhbetlk7y2766_tn-1.jpeg","datePublished":"2025-08-18T07:33:10+00:00","dateModified":"2025-08-18T07:33:11+00:00","description":"Upper Board (Host Board) ch\u00ednh h\u00e3ng cho m\u00e1y in 3D Creality K2 Plus. K\u00edch th\u01b0\u1edbc 8\u00d75.5\u00d71cm, tr\u1ecdng l\u01b0\u1ee3ng 15g. \u0110\u1ed9 \u1ed5n \u0111\u1ecbnh cao, thay th\u1ebf nhanh ch\u00f3ng.","breadcrumb":{"@id":"https:\/\/nge.vn\/san-pham\/upper-board-host-board-cho-may-in-3d-creality-k2-plus\/#breadcrumb"},"inLanguage":"en-US","potentialAction":[{"@type":"ReadAction","target":["https:\/\/nge.vn\/san-pham\/upper-board-host-board-cho-may-in-3d-creality-k2-plus\/"]}]},{"@type":"ImageObject","inLanguage":"en-US","@id":"https:\/\/nge.vn\/san-pham\/upper-board-host-board-cho-may-in-3d-creality-k2-plus\/#primaryimage","url":"https:\/\/nge.vn\/wp-content\/uploads\/2025\/08\/vn-11134207-7ras8-mdhbetlk7y2766_tn-1.jpeg","contentUrl":"https:\/\/nge.vn\/wp-content\/uploads\/2025\/08\/vn-11134207-7ras8-mdhbetlk7y2766_tn-1.jpeg","width":320,"height":320},{"@type":"BreadcrumbList","@id":"https:\/\/nge.vn\/san-pham\/upper-board-host-board-cho-may-in-3d-creality-k2-plus\/#breadcrumb","itemListElement":[{"@type":"ListItem","position":1,"name":"Trang ch\u1ee7","item":"https:\/\/nge.vn\/"},{"@type":"ListItem","position":2,"name":"S\u1ea3n ph\u1ea9m","item":"https:\/\/nge.vn\/san-pham\/"},{"@type":"ListItem","position":3,"name":"Upper Board (Host Board) cho m\u00e1y in 3d Creality K2 Plus"}]},{"@type":"WebSite","@id":"https:\/\/nge.vn\/#website","url":"https:\/\/nge.vn\/","name":"NGE 3D Printers Services","description":"","potentialAction":[{"@type":"SearchAction","target":{"@type":"EntryPoint","urlTemplate":"https:\/\/nge.vn\/?s={search_term_string}"},"query-input":{"@type":"PropertyValueSpecification","valueRequired":true,"valueName":"search_term_string"}}],"inLanguage":"en-US"}]}},"_links":{"self":[{"href":"https:\/\/nge.vn\/en\/wp-json\/wp\/v2\/product\/6837","targetHints":{"allow":["GET"]}}],"collection":[{"href":"https:\/\/nge.vn\/en\/wp-json\/wp\/v2\/product"}],"about":[{"href":"https:\/\/nge.vn\/en\/wp-json\/wp\/v2\/types\/product"}],"replies":[{"embeddable":true,"href":"https:\/\/nge.vn\/en\/wp-json\/wp\/v2\/comments?post=6837"}],"wp:featuredmedia":[{"embeddable":true,"href":"https:\/\/nge.vn\/en\/wp-json\/wp\/v2\/media\/6840"}],"wp:attachment":[{"href":"https:\/\/nge.vn\/en\/wp-json\/wp\/v2\/media?parent=6837"}],"wp:term":[{"taxonomy":"product_brand","embeddable":true,"href":"https:\/\/nge.vn\/en\/wp-json\/wp\/v2\/product_brand?post=6837"},{"taxonomy":"product_cat","embeddable":true,"href":"https:\/\/nge.vn\/en\/wp-json\/wp\/v2\/product_cat?post=6837"},{"taxonomy":"product_tag","embeddable":true,"href":"https:\/\/nge.vn\/en\/wp-json\/wp\/v2\/product_tag?post=6837"}],"curies":[{"name":"wp","href":"https:\/\/api.w.org\/{rel}","templated":true}]}}