{"id":6807,"date":"2025-08-16T15:58:31","date_gmt":"2025-08-16T08:58:31","guid":{"rendered":"https:\/\/nge.vn\/?post_type=product&#038;p=6807"},"modified":"2025-08-16T15:58:32","modified_gmt":"2025-08-16T08:58:32","slug":"dau-dun-soi-nhua-unicorn-k2p-quick-swap-nozzle-0-4mm-0-6mm-0-8mm-cho-may-in-3d-k2-plus-creality-hi","status":"publish","type":"product","link":"https:\/\/nge.vn\/en\/product\/dau-dun-soi-nhua-unicorn-k2p-quick-swap-nozzle-0-4mm-0-6mm-0-8mm-cho-may-in-3d-k2-plus-creality-hi\/","title":{"rendered":"\u0110\u1ea7u \u0111\u00f9n s\u1ee3i nh\u1ef1a &#8220;Unicorn&#8221; K2P Quick-Swap Nozzle-0.4mm\/0.6mm\/0.8mm cho m\u00e1y in 3d K2 PLus &#038; Creality Hi"},"content":{"rendered":"<h3 data-start=\"937\" data-end=\"986\">\u26a1 <strong data-start=\"943\" data-end=\"984\">\u0110\u1ea7u \u0111\u00f9n Unicorn K2P Quick-Swap Nozzle<\/strong><\/h3>\n<p data-start=\"987\" data-end=\"1208\">Gi\u1ea3i ph\u00e1p t\u1ed1i \u01b0u cho ng\u01b0\u1eddi d\u00f9ng m\u00e1y in 3D Creality K2 Plus &amp; Creality Hi Combo. V\u1edbi <strong data-start=\"1071\" data-end=\"1109\">thi\u1ebft k\u1ebf full-metal ho\u00e1n \u0111\u1ed5i nhanh<\/strong>, v\u00f2i phun Unicorn K2P gi\u00fap thay th\u1ebf d\u1ec5 d\u00e0ng, h\u1ed7 tr\u1ee3 in nhi\u1ec1u lo\u1ea1i s\u1ee3i v\u00e0 duy tr\u00ec \u0111\u1ed9 \u1ed5n \u0111\u1ecbnh cao.<\/p>\n<hr data-start=\"1210\" data-end=\"1213\" \/>\n<h3 data-start=\"1215\" data-end=\"1244\">\ud83c\udf1f <strong data-start=\"1222\" data-end=\"1242\">\u0110\u1eb7c \u0111i\u1ec3m n\u1ed5i b\u1eadt<\/strong><\/h3>\n<h4 data-start=\"1246\" data-end=\"1296\">\ud83d\udd04 <strong data-start=\"1254\" data-end=\"1294\">Ho\u00e1n \u0111\u1ed5i nhanh \u2013 Thi\u1ebft k\u1ebf full-metal<\/strong><\/h4>\n<ul data-start=\"1297\" data-end=\"1409\">\n<li data-start=\"1297\" data-end=\"1360\">\n<p data-start=\"1299\" data-end=\"1360\">V\u00f2i phun v\u00e0 b\u1ed9 ng\u1eaft nhi\u1ec7t t\u00edch h\u1ee3p ho\u00e0n to\u00e0n b\u1eb1ng kim lo\u1ea1i.<\/p>\n<\/li>\n<li data-start=\"1361\" data-end=\"1409\">\n<p data-start=\"1363\" data-end=\"1409\">Th\u00e1o l\u1eafp nhanh ch\u00f3ng, ti\u1ec7n l\u1ee3i cho thay th\u1ebf.<\/p>\n<\/li>\n<\/ul>\n<h4 data-start=\"1411\" data-end=\"1463\">\ud83d\udee1\ufe0f <strong data-start=\"1420\" data-end=\"1461\">Ch\u1ea5t li\u1ec7u n\u00e2ng c\u1ea5p \u2013 \u0110\u1ed9 b\u1ec1n v\u01b0\u1ee3t tr\u1ed9i<\/strong><\/h4>\n<ul data-start=\"1464\" data-end=\"1780\">\n<li data-start=\"1464\" data-end=\"1535\">\n<p data-start=\"1466\" data-end=\"1535\">B\u1ed9 ph\u1eadn t\u1ea3n nhi\u1ec7t b\u1eb1ng h\u1ee3p kim titan \u2192 gi\u1ea3m d\u1eabn nhi\u1ec7t, \u1ed5n \u0111\u1ecbnh h\u01a1n.<\/p>\n<\/li>\n<li data-start=\"1536\" data-end=\"1697\">\n<p data-start=\"1538\" data-end=\"1589\">\u0110\u1ea7u phun b\u1eb1ng <strong data-start=\"1552\" data-end=\"1586\">h\u1ee3p kim \u0111\u1ed3ng + th\u00e9p c\u1ee9ng SKD11<\/strong>:<\/p>\n<ul data-start=\"1592\" data-end=\"1697\">\n<li data-start=\"1592\" data-end=\"1636\">\n<p data-start=\"1594\" data-end=\"1636\">\u0110\u1ed9 c\u1ee9ng Moh 7.8, tu\u1ed5i th\u1ecd <strong data-start=\"1620\" data-end=\"1633\">g\u1ea5p 6 l\u1ea7n<\/strong>.<\/p>\n<\/li>\n<li data-start=\"1639\" data-end=\"1697\">\n<p data-start=\"1641\" data-end=\"1697\">\u0110\u1ed3ng d\u1eabn nhi\u1ec7t <strong data-start=\"1656\" data-end=\"1668\">330 W\/mK<\/strong> \u2192 truy\u1ec1n nhi\u1ec7t nhanh, \u0111\u1ec1u.<\/p>\n<\/li>\n<\/ul>\n<\/li>\n<li data-start=\"1698\" data-end=\"1780\">\n<p data-start=\"1700\" data-end=\"1780\">H\u1ed7 tr\u1ee3 nhi\u1ec1u lo\u1ea1i s\u1ee3i: <strong data-start=\"1723\" data-end=\"1778\">PLA, ABS, PETG, TPU, PP, PC, PLA-CF, PA-CF, PET-CF\u2026<\/strong><\/p>\n<\/li>\n<\/ul>\n<h4 data-start=\"1782\" data-end=\"1827\">\ud83c\udfaf <strong data-start=\"1790\" data-end=\"1825\">Gia c\u00f4ng ch\u00ednh x\u00e1c \u2013 In \u1ed5n \u0111\u1ecbnh<\/strong><\/h4>\n<ul data-start=\"1828\" data-end=\"2001\">\n<li data-start=\"1828\" data-end=\"1901\">\n<p data-start=\"1830\" data-end=\"1901\"><strong data-start=\"1830\" data-end=\"1849\">T\u01b0\u1eddng trong m\u1ecbn<\/strong> (Ra &lt; 0.4) \u2192 c\u1ea5p s\u1ee3i tr\u01a1n tru, h\u1ea1n ch\u1ebf t\u1eafc ngh\u1ebdn.<\/p>\n<\/li>\n<li data-start=\"1902\" data-end=\"1957\">\n<p data-start=\"1904\" data-end=\"1957\"><strong data-start=\"1904\" data-end=\"1925\">Gia c\u00f4ng tinh x\u1ea3o<\/strong>, kh\u00f4ng g\u1edd \u2192 in m\u01b0\u1ee3t, \u1ed5n \u0111\u1ecbnh.<\/p>\n<\/li>\n<li data-start=\"1958\" data-end=\"2001\">\n<p data-start=\"1960\" data-end=\"2001\"><strong data-start=\"1960\" data-end=\"1976\">K\u1ebft n\u1ed1i kh\u00edt<\/strong>, ch\u1ed1ng r\u00f2 r\u1ec9 filament.<\/p>\n<\/li>\n<\/ul>\n<hr data-start=\"2003\" data-end=\"2006\" \/>\n<h3 data-start=\"2008\" data-end=\"2038\">\ud83d\udd27 <strong data-start=\"2015\" data-end=\"2036\">Th\u00f4ng s\u1ed1 k\u1ef9 thu\u1eadt<\/strong><\/h3>\n<ul data-start=\"2039\" data-end=\"2281\">\n<li data-start=\"2039\" data-end=\"2089\">\n<p data-start=\"2041\" data-end=\"2089\"><strong data-start=\"2041\" data-end=\"2064\">\u0110\u01b0\u1eddng k\u00ednh v\u00f2i phun<\/strong>: 0.4mm \/ 0.6mm \/ 0.8mm<\/p>\n<\/li>\n<li data-start=\"2090\" data-end=\"2135\">\n<p data-start=\"2092\" data-end=\"2135\"><strong data-start=\"2092\" data-end=\"2115\">K\u00edch th\u01b0\u1edbc \u0111\u00f3ng g\u00f3i<\/strong>: 40 \u00d7 96.5 \u00d7 18mm<\/p>\n<\/li>\n<li data-start=\"2136\" data-end=\"2222\">\n<p data-start=\"2138\" data-end=\"2222\"><strong data-start=\"2138\" data-end=\"2162\">V\u1eadt li\u1ec7u t\u01b0\u01a1ng th\u00edch<\/strong>: PLA, ABS, PETG, TPU, PP, PC, PLA-CF, PA-CF, PET-CF, v.v.<\/p>\n<\/li>\n<li data-start=\"2223\" data-end=\"2281\">\n<p data-start=\"2225\" data-end=\"2281\"><strong data-start=\"2225\" data-end=\"2242\">M\u00e1y in h\u1ed7 tr\u1ee3<\/strong>: Creality K2 Plus, Creality Hi Combo<\/p>\n<\/li>\n<\/ul>\n<hr data-start=\"2283\" data-end=\"2286\" \/>\n<h3 data-start=\"2288\" data-end=\"2332\">\ud83d\udce6 <strong data-start=\"2295\" data-end=\"2330\">T\u00f9y ch\u1ecdn s\u1ea3n ph\u1ea9m (Option Code)<\/strong><\/h3>\n<ul data-start=\"2333\" data-end=\"2489\">\n<li data-start=\"2333\" data-end=\"2425\">\n<p data-start=\"2335\" data-end=\"2425\">B\u1ed9 Kit: <strong data-start=\"2343\" data-end=\"2408\">Unicorn K2P Quick-Swap Nozzle Kit (0.4mm<em data-start=\"2385\" data-end=\"2395\">2, 0.6mm<\/em>1, 0.8mm*1)<\/strong> \u2013 <em data-start=\"2411\" data-end=\"2423\">4008030075<\/em><\/p>\n<\/li>\n<li data-start=\"2426\" data-end=\"2457\">\n<p data-start=\"2428\" data-end=\"2457\">Nozzle 0.6mm \u2013 <em data-start=\"2443\" data-end=\"2455\">4008030073<\/em><\/p>\n<\/li>\n<li data-start=\"2458\" data-end=\"2489\">\n<p data-start=\"2460\" data-end=\"2489\">Nozzle 0.4mm \u2013 <em data-start=\"2475\" data-end=\"2487\">4008030074<\/em><\/p>\n<\/li>\n<\/ul>\n<blockquote class=\"wp-embedded-content\" data-secret=\"3Xt8GBvaRX\"><p><a href=\"https:\/\/nge.vn\/en\/product\/may-in-3d-fdm-creality-hi-combo\/\">M\u00e1y in 3d FDM Creality Hi Combo t\u1ed1c \u0111\u1ed9 in max 500mm\/s<\/a><\/p><\/blockquote>\n<p><iframe loading=\"lazy\" class=\"wp-embedded-content\" sandbox=\"allow-scripts\" security=\"restricted\" style=\"position: absolute; visibility: hidden;\" title=\"&#8220;M\u00e1y in 3d FDM Creality Hi Combo t\u1ed1c \u0111\u1ed9 in max 500mm\/s&#8221; &#8212; NGE 3D Printers Services\" src=\"https:\/\/nge.vn\/san-pham\/may-in-3d-fdm-creality-hi-combo\/embed\/#?secret=FEbH05wuW3#?secret=3Xt8GBvaRX\" data-secret=\"3Xt8GBvaRX\" width=\"600\" height=\"338\" frameborder=\"0\" marginwidth=\"0\" marginheight=\"0\" scrolling=\"no\"><\/iframe><\/p>\n<p>&nbsp;<\/p>\n<p>-\u0110\u00e2y l\u00e0 c\u00e1c trang b\u00e1n h\u00e0ng b\u00ean m\u00ecnh NGE 3D Printer Services chuy\u00ean cung c\u1ea5p Nh\u1ef1a in 3D v\u00e0 M\u00e1y in 3D c\u1ee7a H\u00e3ng ESUN, Flsun, BIQU, Creality, eMake3d&#8230;<br \/>\n\ud83d\uded2Shopee =&gt; https:\/\/shopee.vn\/nge3dprinter<br \/>\n\ud83d\uded2Shopee =&gt; https:\/\/shopee.vn\/nge3dservices<br \/>\n\ud83d\uded2Shopee Voron v\u00e0 eMake3D =&gt; https:\/\/shopee.vn\/3dmasterpower<br \/>\n\ud83d\uded2Shopee eMake3D =&gt; https:\/\/shopee.vn\/nge3dprinting<br \/>\n\ud83d\uded2Lazada =&gt; https:\/\/www.lazada.vn\/shop\/nge-3d-printer<br \/>\n\ud83d\uded2Lazada =&gt; https:\/\/www.lazada.vn\/shop\/nge-3d-printer-services<br \/>\n\ud83d\uded2Lazada =&gt; https:\/\/www.lazada.vn\/shop\/emake3d-vn<br \/>\n\ud83d\uded2Webslite Th\u1ebf H\u1ec7 K\u1ebf Ti\u1ebfp =&gt;https:\/\/www.theheketiep.com\/<br \/>\n\ud83d\uded2Webslite NGE.VN =&gt;https:\/\/www.nge.vn\/<br \/>\nHo\u1eb7c b\u1ea1n g\u1ecdi 094.144.0951 g\u1eb7p m\u00ecnh<br \/>\nHo\u1eb7c 0913939775 g\u1eb7p anh Qu\u00e2n<br \/>\n** Price does not include VAT (+8 or 10% if VAT invoice is issued)<\/p>","protected":false},"excerpt":{"rendered":"<p data-start=\"398\" data-end=\"595\">\u0110\u1ea7u \u0111\u00f9n Unicorn K2P Quick-Swap Nozzle cho m\u00e1y in 3D Creality K2 Plus &amp; Hi Combo. Thi\u1ebft k\u1ebf full-metal, th\u00e1o l\u1eafp nhanh, h\u1ed7 tr\u1ee3 nhi\u1ec1u lo\u1ea1i s\u1ee3i nh\u1ef1a, b\u1ec1n g\u1ea5p 6 l\u1ea7n, t\u00f9y ch\u1ecdn \u0111\u01b0\u1eddng k\u00ednh 0.4\/0.6\/0.8mm.<\/p>","protected":false},"featured_media":6813,"comment_status":"open","ping_status":"closed","template":"","meta":{"inline_featured_image":false},"product_brand":[],"product_cat":[461,40,56],"product_tag":[495,497,829,663,546],"class_list":{"0":"post-6807","1":"product","2":"type-product","3":"status-publish","4":"has-post-thumbnail","6":"product_cat-linh-kien-cum-dun-va-cam-bien","7":"product_cat-linh-kien-va-phu-kien","8":"product_cat-linh-phu-kien-may-in-3d-creality","9":"product_tag-creality","10":"product_tag-crealityhi","11":"product_tag-in3d","12":"product_tag-nge3d","13":"product_tag-nozzle","15":"first","16":"instock","17":"taxable","18":"shipping-taxable","19":"purchasable","20":"product-type-variable"},"yoast_head":"<!-- This site is optimized with the Yoast SEO Premium plugin v22.8 (Yoast SEO v26.9) - https:\/\/yoast.com\/product\/yoast-seo-premium-wordpress\/ -->\n<title>\u0110\u1ea7u \u0111\u00f9n s\u1ee3i nh\u1ef1a &quot;Unicorn&quot; K2P Quick-Swap Nozzle-0.4mm\/0.6mm\/0.8mm cho m\u00e1y in 3d K2 PLus &amp; Creality Hi - NGE 3D Printers Services<\/title>\n<meta name=\"description\" content=\"\u0110\u1ea7u \u0111\u00f9n Unicorn K2P Quick-Swap Nozzle cho m\u00e1y in 3D Creality K2 Plus &amp; Hi Combo. Thi\u1ebft k\u1ebf full-metal, th\u00e1o l\u1eafp nhanh, h\u1ed7 tr\u1ee3 nhi\u1ec1u lo\u1ea1i s\u1ee3i nh\u1ef1a.\" \/>\n<meta name=\"robots\" content=\"index, follow, max-snippet:-1, max-image-preview:large, max-video-preview:-1\" \/>\n<link rel=\"canonical\" href=\"https:\/\/nge.vn\/en\/product\/dau-dun-soi-nhua-unicorn-k2p-quick-swap-nozzle-0-4mm-0-6mm-0-8mm-cho-may-in-3d-k2-plus-creality-hi\/\" \/>\n<meta property=\"og:locale\" content=\"en_US\" \/>\n<meta property=\"og:type\" content=\"article\" \/>\n<meta property=\"og:title\" content=\"\u0110\u1ea7u \u0111\u00f9n s\u1ee3i nh\u1ef1a &quot;Unicorn&quot; K2P Quick-Swap Nozzle-0.4mm\/0.6mm\/0.8mm cho m\u00e1y in 3d K2 PLus &amp; Creality Hi\" \/>\n<meta property=\"og:description\" content=\"\u0110\u1ea7u \u0111\u00f9n Unicorn K2P Quick-Swap Nozzle cho m\u00e1y in 3D Creality K2 Plus &amp; Hi Combo. Thi\u1ebft k\u1ebf full-metal, th\u00e1o l\u1eafp nhanh, h\u1ed7 tr\u1ee3 nhi\u1ec1u lo\u1ea1i s\u1ee3i nh\u1ef1a.\" \/>\n<meta property=\"og:url\" content=\"https:\/\/nge.vn\/en\/product\/dau-dun-soi-nhua-unicorn-k2p-quick-swap-nozzle-0-4mm-0-6mm-0-8mm-cho-may-in-3d-k2-plus-creality-hi\/\" \/>\n<meta property=\"og:site_name\" content=\"NGE 3D Printers Services\" \/>\n<meta property=\"article:modified_time\" content=\"2025-08-16T08:58:32+00:00\" \/>\n<meta property=\"og:image\" content=\"https:\/\/nge.vn\/wp-content\/uploads\/2025\/08\/sg-11134201-7ravc-mapcs2mm6zxy78_tn.jpeg\" \/>\n\t<meta property=\"og:image:width\" content=\"320\" \/>\n\t<meta property=\"og:image:height\" content=\"320\" \/>\n\t<meta property=\"og:image:type\" content=\"image\/jpeg\" \/>\n<meta name=\"twitter:card\" content=\"summary_large_image\" \/>\n<meta name=\"twitter:label1\" content=\"Est. reading time\" \/>\n\t<meta name=\"twitter:data1\" content=\"3 minutes\" \/>\n<script type=\"application\/ld+json\" class=\"yoast-schema-graph\">{\"@context\":\"https:\/\/schema.org\",\"@graph\":[{\"@type\":\"WebPage\",\"@id\":\"https:\/\/nge.vn\/san-pham\/dau-dun-soi-nhua-unicorn-k2p-quick-swap-nozzle-0-4mm-0-6mm-0-8mm-cho-may-in-3d-k2-plus-creality-hi\/\",\"url\":\"https:\/\/nge.vn\/san-pham\/dau-dun-soi-nhua-unicorn-k2p-quick-swap-nozzle-0-4mm-0-6mm-0-8mm-cho-may-in-3d-k2-plus-creality-hi\/\",\"name\":\"\u0110\u1ea7u \u0111\u00f9n s\u1ee3i nh\u1ef1a \\\"Unicorn\\\" K2P Quick-Swap Nozzle-0.4mm\/0.6mm\/0.8mm cho m\u00e1y in 3d K2 PLus & Creality Hi - NGE 3D Printers Services\",\"isPartOf\":{\"@id\":\"https:\/\/nge.vn\/#website\"},\"primaryImageOfPage\":{\"@id\":\"https:\/\/nge.vn\/san-pham\/dau-dun-soi-nhua-unicorn-k2p-quick-swap-nozzle-0-4mm-0-6mm-0-8mm-cho-may-in-3d-k2-plus-creality-hi\/#primaryimage\"},\"image\":{\"@id\":\"https:\/\/nge.vn\/san-pham\/dau-dun-soi-nhua-unicorn-k2p-quick-swap-nozzle-0-4mm-0-6mm-0-8mm-cho-may-in-3d-k2-plus-creality-hi\/#primaryimage\"},\"thumbnailUrl\":\"https:\/\/nge.vn\/wp-content\/uploads\/2025\/08\/sg-11134201-7ravc-mapcs2mm6zxy78_tn.jpeg\",\"datePublished\":\"2025-08-16T08:58:31+00:00\",\"dateModified\":\"2025-08-16T08:58:32+00:00\",\"description\":\"\u0110\u1ea7u \u0111\u00f9n Unicorn K2P Quick-Swap Nozzle cho m\u00e1y in 3D Creality K2 Plus & Hi Combo. Thi\u1ebft k\u1ebf full-metal, th\u00e1o l\u1eafp nhanh, h\u1ed7 tr\u1ee3 nhi\u1ec1u lo\u1ea1i s\u1ee3i nh\u1ef1a.\",\"breadcrumb\":{\"@id\":\"https:\/\/nge.vn\/san-pham\/dau-dun-soi-nhua-unicorn-k2p-quick-swap-nozzle-0-4mm-0-6mm-0-8mm-cho-may-in-3d-k2-plus-creality-hi\/#breadcrumb\"},\"inLanguage\":\"en-US\",\"potentialAction\":[{\"@type\":\"ReadAction\",\"target\":[\"https:\/\/nge.vn\/san-pham\/dau-dun-soi-nhua-unicorn-k2p-quick-swap-nozzle-0-4mm-0-6mm-0-8mm-cho-may-in-3d-k2-plus-creality-hi\/\"]}]},{\"@type\":\"ImageObject\",\"inLanguage\":\"en-US\",\"@id\":\"https:\/\/nge.vn\/san-pham\/dau-dun-soi-nhua-unicorn-k2p-quick-swap-nozzle-0-4mm-0-6mm-0-8mm-cho-may-in-3d-k2-plus-creality-hi\/#primaryimage\",\"url\":\"https:\/\/nge.vn\/wp-content\/uploads\/2025\/08\/sg-11134201-7ravc-mapcs2mm6zxy78_tn.jpeg\",\"contentUrl\":\"https:\/\/nge.vn\/wp-content\/uploads\/2025\/08\/sg-11134201-7ravc-mapcs2mm6zxy78_tn.jpeg\",\"width\":320,\"height\":320},{\"@type\":\"BreadcrumbList\",\"@id\":\"https:\/\/nge.vn\/san-pham\/dau-dun-soi-nhua-unicorn-k2p-quick-swap-nozzle-0-4mm-0-6mm-0-8mm-cho-may-in-3d-k2-plus-creality-hi\/#breadcrumb\",\"itemListElement\":[{\"@type\":\"ListItem\",\"position\":1,\"name\":\"Trang ch\u1ee7\",\"item\":\"https:\/\/nge.vn\/\"},{\"@type\":\"ListItem\",\"position\":2,\"name\":\"S\u1ea3n ph\u1ea9m\",\"item\":\"https:\/\/nge.vn\/san-pham\/\"},{\"@type\":\"ListItem\",\"position\":3,\"name\":\"\u0110\u1ea7u \u0111\u00f9n s\u1ee3i nh\u1ef1a &#8220;Unicorn&#8221; K2P Quick-Swap Nozzle-0.4mm\/0.6mm\/0.8mm cho m\u00e1y in 3d K2 PLus &#038; Creality Hi\"}]},{\"@type\":\"WebSite\",\"@id\":\"https:\/\/nge.vn\/#website\",\"url\":\"https:\/\/nge.vn\/\",\"name\":\"NGE 3D Printers Services\",\"description\":\"\",\"potentialAction\":[{\"@type\":\"SearchAction\",\"target\":{\"@type\":\"EntryPoint\",\"urlTemplate\":\"https:\/\/nge.vn\/?s={search_term_string}\"},\"query-input\":{\"@type\":\"PropertyValueSpecification\",\"valueRequired\":true,\"valueName\":\"search_term_string\"}}],\"inLanguage\":\"en-US\"}]}<\/script>\n<!-- \/ Yoast SEO Premium plugin. -->","yoast_head_json":{"title":"\u0110\u1ea7u \u0111\u00f9n s\u1ee3i nh\u1ef1a \"Unicorn\" K2P Quick-Swap Nozzle-0.4mm\/0.6mm\/0.8mm cho m\u00e1y in 3d K2 PLus & Creality Hi - NGE 3D Printers Services","description":"\u0110\u1ea7u \u0111\u00f9n Unicorn K2P Quick-Swap Nozzle cho m\u00e1y in 3D Creality K2 Plus & Hi Combo. Thi\u1ebft k\u1ebf full-metal, th\u00e1o l\u1eafp nhanh, h\u1ed7 tr\u1ee3 nhi\u1ec1u lo\u1ea1i s\u1ee3i nh\u1ef1a.","robots":{"index":"index","follow":"follow","max-snippet":"max-snippet:-1","max-image-preview":"max-image-preview:large","max-video-preview":"max-video-preview:-1"},"canonical":"https:\/\/nge.vn\/en\/product\/dau-dun-soi-nhua-unicorn-k2p-quick-swap-nozzle-0-4mm-0-6mm-0-8mm-cho-may-in-3d-k2-plus-creality-hi\/","og_locale":"en_US","og_type":"article","og_title":"\u0110\u1ea7u \u0111\u00f9n s\u1ee3i nh\u1ef1a \"Unicorn\" K2P Quick-Swap Nozzle-0.4mm\/0.6mm\/0.8mm cho m\u00e1y in 3d K2 PLus & Creality Hi","og_description":"\u0110\u1ea7u \u0111\u00f9n Unicorn K2P Quick-Swap Nozzle cho m\u00e1y in 3D Creality K2 Plus & Hi Combo. Thi\u1ebft k\u1ebf full-metal, th\u00e1o l\u1eafp nhanh, h\u1ed7 tr\u1ee3 nhi\u1ec1u lo\u1ea1i s\u1ee3i nh\u1ef1a.","og_url":"https:\/\/nge.vn\/en\/product\/dau-dun-soi-nhua-unicorn-k2p-quick-swap-nozzle-0-4mm-0-6mm-0-8mm-cho-may-in-3d-k2-plus-creality-hi\/","og_site_name":"NGE 3D Printers Services","article_modified_time":"2025-08-16T08:58:32+00:00","og_image":[{"width":320,"height":320,"url":"https:\/\/nge.vn\/wp-content\/uploads\/2025\/08\/sg-11134201-7ravc-mapcs2mm6zxy78_tn.jpeg","type":"image\/jpeg"}],"twitter_card":"summary_large_image","twitter_misc":{"Est. reading time":"3 minutes"},"schema":{"@context":"https:\/\/schema.org","@graph":[{"@type":"WebPage","@id":"https:\/\/nge.vn\/san-pham\/dau-dun-soi-nhua-unicorn-k2p-quick-swap-nozzle-0-4mm-0-6mm-0-8mm-cho-may-in-3d-k2-plus-creality-hi\/","url":"https:\/\/nge.vn\/san-pham\/dau-dun-soi-nhua-unicorn-k2p-quick-swap-nozzle-0-4mm-0-6mm-0-8mm-cho-may-in-3d-k2-plus-creality-hi\/","name":"\u0110\u1ea7u \u0111\u00f9n s\u1ee3i nh\u1ef1a \"Unicorn\" K2P Quick-Swap Nozzle-0.4mm\/0.6mm\/0.8mm cho m\u00e1y in 3d K2 PLus & Creality Hi - NGE 3D Printers Services","isPartOf":{"@id":"https:\/\/nge.vn\/#website"},"primaryImageOfPage":{"@id":"https:\/\/nge.vn\/san-pham\/dau-dun-soi-nhua-unicorn-k2p-quick-swap-nozzle-0-4mm-0-6mm-0-8mm-cho-may-in-3d-k2-plus-creality-hi\/#primaryimage"},"image":{"@id":"https:\/\/nge.vn\/san-pham\/dau-dun-soi-nhua-unicorn-k2p-quick-swap-nozzle-0-4mm-0-6mm-0-8mm-cho-may-in-3d-k2-plus-creality-hi\/#primaryimage"},"thumbnailUrl":"https:\/\/nge.vn\/wp-content\/uploads\/2025\/08\/sg-11134201-7ravc-mapcs2mm6zxy78_tn.jpeg","datePublished":"2025-08-16T08:58:31+00:00","dateModified":"2025-08-16T08:58:32+00:00","description":"\u0110\u1ea7u \u0111\u00f9n Unicorn K2P Quick-Swap Nozzle cho m\u00e1y in 3D Creality K2 Plus & Hi Combo. Thi\u1ebft k\u1ebf full-metal, th\u00e1o l\u1eafp nhanh, h\u1ed7 tr\u1ee3 nhi\u1ec1u lo\u1ea1i s\u1ee3i nh\u1ef1a.","breadcrumb":{"@id":"https:\/\/nge.vn\/san-pham\/dau-dun-soi-nhua-unicorn-k2p-quick-swap-nozzle-0-4mm-0-6mm-0-8mm-cho-may-in-3d-k2-plus-creality-hi\/#breadcrumb"},"inLanguage":"en-US","potentialAction":[{"@type":"ReadAction","target":["https:\/\/nge.vn\/san-pham\/dau-dun-soi-nhua-unicorn-k2p-quick-swap-nozzle-0-4mm-0-6mm-0-8mm-cho-may-in-3d-k2-plus-creality-hi\/"]}]},{"@type":"ImageObject","inLanguage":"en-US","@id":"https:\/\/nge.vn\/san-pham\/dau-dun-soi-nhua-unicorn-k2p-quick-swap-nozzle-0-4mm-0-6mm-0-8mm-cho-may-in-3d-k2-plus-creality-hi\/#primaryimage","url":"https:\/\/nge.vn\/wp-content\/uploads\/2025\/08\/sg-11134201-7ravc-mapcs2mm6zxy78_tn.jpeg","contentUrl":"https:\/\/nge.vn\/wp-content\/uploads\/2025\/08\/sg-11134201-7ravc-mapcs2mm6zxy78_tn.jpeg","width":320,"height":320},{"@type":"BreadcrumbList","@id":"https:\/\/nge.vn\/san-pham\/dau-dun-soi-nhua-unicorn-k2p-quick-swap-nozzle-0-4mm-0-6mm-0-8mm-cho-may-in-3d-k2-plus-creality-hi\/#breadcrumb","itemListElement":[{"@type":"ListItem","position":1,"name":"Trang ch\u1ee7","item":"https:\/\/nge.vn\/"},{"@type":"ListItem","position":2,"name":"S\u1ea3n ph\u1ea9m","item":"https:\/\/nge.vn\/san-pham\/"},{"@type":"ListItem","position":3,"name":"\u0110\u1ea7u \u0111\u00f9n s\u1ee3i nh\u1ef1a &#8220;Unicorn&#8221; K2P Quick-Swap Nozzle-0.4mm\/0.6mm\/0.8mm cho m\u00e1y in 3d K2 PLus &#038; Creality Hi"}]},{"@type":"WebSite","@id":"https:\/\/nge.vn\/#website","url":"https:\/\/nge.vn\/","name":"NGE 3D Printers Services","description":"","potentialAction":[{"@type":"SearchAction","target":{"@type":"EntryPoint","urlTemplate":"https:\/\/nge.vn\/?s={search_term_string}"},"query-input":{"@type":"PropertyValueSpecification","valueRequired":true,"valueName":"search_term_string"}}],"inLanguage":"en-US"}]}},"_links":{"self":[{"href":"https:\/\/nge.vn\/en\/wp-json\/wp\/v2\/product\/6807","targetHints":{"allow":["GET"]}}],"collection":[{"href":"https:\/\/nge.vn\/en\/wp-json\/wp\/v2\/product"}],"about":[{"href":"https:\/\/nge.vn\/en\/wp-json\/wp\/v2\/types\/product"}],"replies":[{"embeddable":true,"href":"https:\/\/nge.vn\/en\/wp-json\/wp\/v2\/comments?post=6807"}],"wp:featuredmedia":[{"embeddable":true,"href":"https:\/\/nge.vn\/en\/wp-json\/wp\/v2\/media\/6813"}],"wp:attachment":[{"href":"https:\/\/nge.vn\/en\/wp-json\/wp\/v2\/media?parent=6807"}],"wp:term":[{"taxonomy":"product_brand","embeddable":true,"href":"https:\/\/nge.vn\/en\/wp-json\/wp\/v2\/product_brand?post=6807"},{"taxonomy":"product_cat","embeddable":true,"href":"https:\/\/nge.vn\/en\/wp-json\/wp\/v2\/product_cat?post=6807"},{"taxonomy":"product_tag","embeddable":true,"href":"https:\/\/nge.vn\/en\/wp-json\/wp\/v2\/product_tag?post=6807"}],"curies":[{"name":"wp","href":"https:\/\/api.w.org\/{rel}","templated":true}]}}