{"id":6768,"date":"2025-08-15T15:03:27","date_gmt":"2025-08-15T08:03:27","guid":{"rendered":"https:\/\/nge.vn\/?post_type=product&#038;p=6768"},"modified":"2025-08-15T15:03:28","modified_gmt":"2025-08-15T08:03:28","slug":"nhua-in-3d-carbon-esun-pet-cf-co-do-ben-cung-va-chiu-nhiet-cao-1kg-cuon","status":"publish","type":"product","link":"https:\/\/nge.vn\/en\/product\/nhua-in-3d-carbon-esun-pet-cf-co-do-ben-cung-va-chiu-nhiet-cao-1kg-cuon\/","title":{"rendered":"Nh\u1ef1a in 3d carbon ESUN PET-CF c\u00f3 \u0111\u1ed9 b\u1ec1n c\u1ee9ng v\u00e0 ch\u1ecbu nhi\u1ec7t cao 1kg\/ Cu\u1ed9n"},"content":{"rendered":"<h3 data-start=\"925\" data-end=\"975\"><strong>\u26a1 Nh\u1ef1a in 3D eSun PET-CF \u2013 Nh\u1ef1a PET gia c\u01b0\u1eddng s\u1ee3i carbon<\/strong><\/h3>\n<p data-start=\"976\" data-end=\"1203\">PET-CF (Polyethylene Terephthalate + Carbon Fiber) l\u00e0 v\u1eadt li\u1ec7u in 3D cao c\u1ea5p \u0111\u01b0\u1ee3c gia c\u1ed1 b\u1eb1ng <strong data-start=\"1070\" data-end=\"1093\">s\u1ee3i carbon c\u1eaft ng\u1eafn<\/strong>, mang l\u1ea1i <strong data-start=\"1104\" data-end=\"1176\">\u0111\u1ed9 c\u1ee9ng, \u0111\u1ed9 b\u1ec1n, kh\u1ea3 n\u0103ng ch\u1ed1ng m\u00e0i m\u00f2n v\u00e0 ch\u1ed1ng cong v\u00eanh v\u01b0\u1ee3t tr\u1ed9i<\/strong> so v\u1edbi PET truy\u1ec1n th\u1ed1ng.<\/p>\n<hr data-start=\"1205\" data-end=\"1208\" \/>\n<h3 data-start=\"1210\" data-end=\"1236\">\ud83c\udf1f <strong data-start=\"1217\" data-end=\"1236\">\u01afu \u0111i\u1ec3m n\u1ed5i b\u1eadt<\/strong><\/h3>\n<ul data-start=\"1237\" data-end=\"1787\">\n<li data-start=\"1237\" data-end=\"1304\">\n<p data-start=\"1239\" data-end=\"1304\"><strong data-start=\"1239\" data-end=\"1260\">Gia c\u1ed1 s\u1ee3i carbon<\/strong> \u2013 t\u0103ng \u0111\u1ed9 c\u1ee9ng (m\u00f4 \u0111un u\u1ed1n XY: 8264 MPa).<\/p>\n<\/li>\n<li data-start=\"1305\" data-end=\"1373\">\n<p data-start=\"1307\" data-end=\"1373\"><strong data-start=\"1307\" data-end=\"1325\">\u0110\u1ed9 \u1ed5n \u0111\u1ecbnh cao<\/strong> \u2013 gi\u1ea3m cong v\u00eanh, d\u1ec5 in h\u01a1n so v\u1edbi PET thu\u1ea7n.<\/p>\n<\/li>\n<li data-start=\"1374\" data-end=\"1449\">\n<p data-start=\"1376\" data-end=\"1449\"><strong data-start=\"1376\" data-end=\"1396\">\u0110\u1ed9 b\u1ec1n v\u01b0\u1ee3t tr\u1ed9i<\/strong> \u2013 \u0111\u1ed9 b\u1ec1n u\u1ed1n XY: 135,6 MPa (t\u0103ng 140% so v\u1edbi PET).<\/p>\n<\/li>\n<li data-start=\"1450\" data-end=\"1533\">\n<p data-start=\"1452\" data-end=\"1533\"><strong data-start=\"1452\" data-end=\"1470\">Ch\u1ecbu nhi\u1ec7t t\u1ed1t<\/strong> \u2013 nhi\u1ec7t \u0111\u1ed9 bi\u1ebfn d\u1ea1ng nhi\u1ec7t 75\u00b0C, c\u00f3 th\u1ec3 \u0111\u1ea1t 145\u00b0C sau khi \u1ee7.<\/p>\n<\/li>\n<li data-start=\"1534\" data-end=\"1606\">\n<p data-start=\"1536\" data-end=\"1606\"><strong data-start=\"1536\" data-end=\"1555\">H\u1ea5p th\u1ee5 \u1ea9m th\u1ea5p<\/strong> \u2013 ph\u00f9 h\u1ee3p m\u00f4i tr\u01b0\u1eddng \u1ea9m, l\u00e0m v\u1eadt ch\u1ee9a ch\u1ea5t l\u1ecfng.<\/p>\n<\/li>\n<li data-start=\"1607\" data-end=\"1666\">\n<p data-start=\"1609\" data-end=\"1666\"><strong data-start=\"1609\" data-end=\"1627\">Kh\u00e1ng h\u00f3a ch\u1ea5t<\/strong> \u2013 ch\u1ed1ng axit, ki\u1ec1m, dung m\u00f4i h\u1eefu c\u01a1.<\/p>\n<\/li>\n<li data-start=\"1667\" data-end=\"1724\">\n<p data-start=\"1669\" data-end=\"1724\"><strong data-start=\"1669\" data-end=\"1690\">Ch\u1ed1ng m\u00e0i m\u00f2n cao<\/strong> \u2013 ph\u00f9 h\u1ee3p \u1ee9ng d\u1ee5ng c\u00f4ng nghi\u1ec7p.<\/p>\n<\/li>\n<li data-start=\"1725\" data-end=\"1787\">\n<p data-start=\"1727\" data-end=\"1787\"><strong data-start=\"1727\" data-end=\"1765\">T\u01b0\u01a1ng th\u00edch 99% m\u00e1y in 3D ph\u1ed5 bi\u1ebfn<\/strong> \u2013 kh\u00f4ng lo k\u00e9n m\u00e1y.<\/p>\n<\/li>\n<\/ul>\n<hr data-start=\"1789\" data-end=\"1792\" \/>\n<h3 data-start=\"1794\" data-end=\"1813\">\ud83d\ude80 <strong data-start=\"1801\" data-end=\"1813\">\u1ee8ng d\u1ee5ng<\/strong><\/h3>\n<ul data-start=\"1814\" data-end=\"1979\">\n<li data-start=\"1814\" data-end=\"1872\">\n<p data-start=\"1816\" data-end=\"1872\"><strong data-start=\"1816\" data-end=\"1837\">H\u00e0ng kh\u00f4ng v\u0169 tr\u1ee5<\/strong> \u2013 chi ti\u1ebft ch\u1ecbu l\u1ef1c, ch\u1ecbu nhi\u1ec7t.<\/p>\n<\/li>\n<li data-start=\"1873\" data-end=\"1917\">\n<p data-start=\"1875\" data-end=\"1917\"><strong data-start=\"1875\" data-end=\"1883\">\u00d4 t\u00f4<\/strong> \u2013 ph\u1ee5 t\u00f9ng, linh ki\u1ec7n k\u1ef9 thu\u1eadt.<\/p>\n<\/li>\n<li data-start=\"1918\" data-end=\"1979\">\n<p data-start=\"1920\" data-end=\"1979\"><strong data-start=\"1920\" data-end=\"1941\">Ng\u00e0nh c\u00f4ng nghi\u1ec7p<\/strong> \u2013 chi ti\u1ebft m\u00e1y, s\u1ea3n xu\u1ea5t h\u00e0ng lo\u1ea1t.<\/p>\n<\/li>\n<\/ul>\n<hr data-start=\"1981\" data-end=\"1984\" \/>\n<h3 data-start=\"1986\" data-end=\"2022\">\ud83d\udd27 <strong data-start=\"1993\" data-end=\"2022\">T\u00ednh ch\u1ea5t c\u01a1 h\u1ecdc &amp; v\u1eadt l\u00fd<\/strong><\/h3>\n<div class=\"_tableContainer_1rjym_1\">\n<div class=\"_tableWrapper_1rjym_13 group flex w-fit flex-col-reverse\" tabindex=\"-1\">\n<table class=\"w-fit min-w-(--thread-content-width)\" data-start=\"2023\" data-end=\"2415\">\n<thead data-start=\"2023\" data-end=\"2047\">\n<tr data-start=\"2023\" data-end=\"2047\">\n<th data-start=\"2023\" data-end=\"2036\" data-col-size=\"sm\">Thu\u1ed9c t\u00ednh<\/th>\n<th data-start=\"2036\" data-end=\"2047\" data-col-size=\"sm\">Gi\u00e1 tr\u1ecb<\/th>\n<\/tr>\n<\/thead>\n<tbody data-start=\"2073\" data-end=\"2415\">\n<tr data-start=\"2073\" data-end=\"2096\">\n<td data-start=\"2073\" data-end=\"2082\" data-col-size=\"sm\">M\u1eadt \u0111\u1ed9<\/td>\n<td data-start=\"2082\" data-end=\"2096\" data-col-size=\"sm\">1,42 g\/cm\u00b3<\/td>\n<\/tr>\n<tr data-start=\"2097\" data-end=\"2138\">\n<td data-start=\"2097\" data-end=\"2130\" data-col-size=\"sm\">Nhi\u1ec7t \u0111\u1ed9 Tg (Glass Transition)<\/td>\n<td data-start=\"2130\" data-end=\"2138\" data-col-size=\"sm\">70\u00b0C<\/td>\n<\/tr>\n<tr data-start=\"2139\" data-end=\"2203\">\n<td data-start=\"2139\" data-end=\"2177\" data-col-size=\"sm\">Nhi\u1ec7t \u0111\u1ed9 bi\u1ebfn d\u1ea1ng nhi\u1ec7t (0,45 MPa)<\/td>\n<td data-start=\"2177\" data-end=\"2203\" data-col-size=\"sm\">75\u00b0C (145\u00b0C sau khi \u1ee7)<\/td>\n<\/tr>\n<tr data-start=\"2204\" data-end=\"2241\">\n<td data-start=\"2204\" data-end=\"2224\" data-col-size=\"sm\">\u0110\u1ed9 b\u1ec1n k\u00e9o (XY\/Z)<\/td>\n<td data-start=\"2224\" data-end=\"2241\" data-col-size=\"sm\">80,3 \/ 22 MPa<\/td>\n<\/tr>\n<tr data-start=\"2242\" data-end=\"2286\">\n<td data-start=\"2242\" data-end=\"2271\" data-col-size=\"sm\">\u0110\u1ed9 gi\u00e3n d\u00e0i khi \u0111\u1ee9t (XY\/Z)<\/td>\n<td data-start=\"2271\" data-end=\"2286\" data-col-size=\"sm\">3,6% \/ 2,1%<\/td>\n<\/tr>\n<tr data-start=\"2287\" data-end=\"2327\">\n<td data-start=\"2287\" data-end=\"2307\" data-col-size=\"sm\">\u0110\u1ed9 b\u1ec1n u\u1ed1n (XY\/Z)<\/td>\n<td data-start=\"2307\" data-end=\"2327\" data-col-size=\"sm\">135,6 \/ 33,4 MPa<\/td>\n<\/tr>\n<tr data-start=\"2328\" data-end=\"2367\">\n<td data-start=\"2328\" data-end=\"2348\" data-col-size=\"sm\">M\u00f4 \u0111un u\u1ed1n (XY\/Z)<\/td>\n<td data-start=\"2348\" data-end=\"2367\" data-col-size=\"sm\">8264 \/ 2165 MPa<\/td>\n<\/tr>\n<tr data-start=\"2368\" data-end=\"2415\">\n<td data-start=\"2368\" data-end=\"2396\" data-col-size=\"sm\">\u0110\u1ed9 b\u1ec1n va \u0111\u1eadp IZOD (XY\/Z)<\/td>\n<td data-start=\"2396\" data-end=\"2415\" data-col-size=\"sm\">7,1 \/ 2,1 kJ\/m\u00b2<\/td>\n<\/tr>\n<\/tbody>\n<\/table>\n<\/div>\n<\/div>\n<hr data-start=\"2417\" data-end=\"2420\" \/>\n<h3 data-start=\"2422\" data-end=\"2457\">\ud83d\udda8\ufe0f <strong data-start=\"2430\" data-end=\"2457\">Th\u00f4ng s\u1ed1 in khuy\u1ebfn ngh\u1ecb<\/strong><\/h3>\n<ul data-start=\"2458\" data-end=\"2736\">\n<li data-start=\"2458\" data-end=\"2489\">\n<p data-start=\"2460\" data-end=\"2489\"><strong data-start=\"2460\" data-end=\"2476\">Nhi\u1ec7t \u0111\u1ed9 \u0111\u00f9n<\/strong>: 250\u2013300\u00b0C<\/p>\n<\/li>\n<li data-start=\"2490\" data-end=\"2523\">\n<p data-start=\"2492\" data-end=\"2523\"><strong data-start=\"2492\" data-end=\"2511\">Nhi\u1ec7t \u0111\u1ed9 b\u00e0n in<\/strong>: 70\u2013120\u00b0C<\/p>\n<\/li>\n<li data-start=\"2524\" data-end=\"2552\">\n<p data-start=\"2526\" data-end=\"2552\"><strong data-start=\"2526\" data-end=\"2539\">T\u1ed1c \u0111\u1ed9 in<\/strong>: &lt;200 mm\/s<\/p>\n<\/li>\n<li data-start=\"2553\" data-end=\"2585\">\n<p data-start=\"2555\" data-end=\"2585\"><strong data-start=\"2555\" data-end=\"2576\">L\u00e0m m\u00e1t b\u1eb1ng qu\u1ea1t<\/strong>: 0\u201320%<\/p>\n<\/li>\n<li data-start=\"2586\" data-end=\"2650\">\n<p data-start=\"2588\" data-end=\"2650\"><strong data-start=\"2588\" data-end=\"2599\">Y\u00eau c\u1ea7u<\/strong>: B\u00e0n in gia nhi\u1ec7t, v\u00f2i phun th\u00e9p c\u1ee9ng \u00d80.4\u20130.6mm<\/p>\n<\/li>\n<li data-start=\"2651\" data-end=\"2736\">\n<p data-start=\"2653\" data-end=\"2736\"><strong data-start=\"2653\" data-end=\"2667\">L\u1eddi khuy\u00ean<\/strong>: S\u1ea5y kh\u00f4 \u1edf 80\u00b0C trong &gt;8 gi\u1edd tr\u01b0\u1edbc khi in \u0111\u1ec3 \u0111\u1ea1t ch\u1ea5t l\u01b0\u1ee3ng t\u1ed1i \u01b0u<\/p>\n<\/li>\n<\/ul>\n<p>&nbsp;<\/p>\n<p>-\u0110\u00e2y l\u00e0 c\u00e1c trang b\u00e1n h\u00e0ng b\u00ean m\u00ecnh NGE 3D Printer Services chuy\u00ean cung c\u1ea5p Nh\u1ef1a in 3D v\u00e0 M\u00e1y in 3D c\u1ee7a H\u00e3ng ESUN, Flsun, BIQU, Creality, eMake3d&#8230;<br \/>\n\ud83d\uded2Shopee =&gt; https:\/\/shopee.vn\/nge3dprinter<br \/>\n\ud83d\uded2Shopee =&gt; https:\/\/shopee.vn\/nge3dservices<br \/>\n\ud83d\uded2Shopee Voron v\u00e0 eMake3D =&gt; https:\/\/shopee.vn\/3dmasterpower<br \/>\n\ud83d\uded2Shopee eMake3D =&gt; https:\/\/shopee.vn\/nge3dprinting<br \/>\n\ud83d\uded2Lazada =&gt; https:\/\/www.lazada.vn\/shop\/nge-3d-printer<br \/>\n\ud83d\uded2Lazada =&gt; https:\/\/www.lazada.vn\/shop\/nge-3d-printer-services<br \/>\n\ud83d\uded2Lazada =&gt; https:\/\/www.lazada.vn\/shop\/emake3d-vn<br \/>\n\ud83d\uded2Webslite Th\u1ebf H\u1ec7 K\u1ebf Ti\u1ebfp =&gt;https:\/\/www.theheketiep.com\/<br \/>\n\ud83d\uded2Webslite NGE.VN =&gt;https:\/\/www.nge.vn\/<br \/>\nHo\u1eb7c b\u1ea1n g\u1ecdi 094.144.0951 g\u1eb7p m\u00ecnh<br \/>\nHo\u1eb7c 0913939775 g\u1eb7p anh Qu\u00e2n<br \/>\n** Price does not include VAT (+8 or 10% if VAT invoice is issued)<\/p>","protected":false},"excerpt":{"rendered":"<p>Nh\u1ef1a in 3D eSun PET-CF \u0111\u01b0\u1ee3c gia c\u01b0\u1eddng s\u1ee3i carbon, t\u0103ng 320% \u0111\u1ed9 c\u1ee9ng v\u00e0 140% \u0111\u1ed9 b\u1ec1n so v\u1edbi PET th\u00f4ng th\u01b0\u1eddng. D\u1ec5 in, \u00edt cong v\u00eanh, ch\u1ecbu nhi\u1ec7t, ch\u1ed1ng m\u00f2n t\u1ed1t.<\/p>","protected":false},"featured_media":6769,"comment_status":"open","ping_status":"closed","template":"","meta":{"inline_featured_image":false},"product_brand":[],"product_cat":[455,456,466],"product_tag":[619,829,663,697,936],"class_list":{"0":"post-6768","1":"product","2":"type-product","3":"status-publish","4":"has-post-thumbnail","6":"product_cat-nhua-in-3d","7":"product_cat-nhua-in-3d-fdm","8":"product_cat-soi-nhua-esun-fdm","9":"product_tag-esun","10":"product_tag-in3d","11":"product_tag-nge3d","12":"product_tag-nhuain3d","13":"product_tag-pet-cf","15":"first","16":"instock","17":"taxable","18":"shipping-taxable","19":"purchasable","20":"product-type-simple"},"yoast_head":"<!-- This site is optimized with the Yoast SEO Premium plugin v22.8 (Yoast SEO v26.9) - https:\/\/yoast.com\/product\/yoast-seo-premium-wordpress\/ -->\n<title>Nh\u1ef1a in 3d carbon ESUN PET-CF c\u00f3 \u0111\u1ed9 b\u1ec1n c\u1ee9ng v\u00e0 ch\u1ecbu nhi\u1ec7t cao 1kg\/ Cu\u1ed9n - NGE 3D Printers Services<\/title>\n<meta name=\"description\" content=\"Nh\u1ef1a in 3D eSun PET-CF \u0111\u01b0\u1ee3c gia c\u01b0\u1eddng s\u1ee3i carbon, t\u0103ng 320% \u0111\u1ed9 c\u1ee9ng v\u00e0 140% \u0111\u1ed9 b\u1ec1n so v\u1edbi PET th\u00f4ng th\u01b0\u1eddng. D\u1ec5 in, \u00edt cong v\u00eanh, ch\u1ecbu nhi\u1ec7t, ch\u1ed1ng m\u00f2n t\u1ed1t.\" \/>\n<meta name=\"robots\" content=\"index, follow, max-snippet:-1, max-image-preview:large, max-video-preview:-1\" \/>\n<link rel=\"canonical\" href=\"https:\/\/nge.vn\/en\/product\/nhua-in-3d-carbon-esun-pet-cf-co-do-ben-cung-va-chiu-nhiet-cao-1kg-cuon\/\" \/>\n<meta property=\"og:locale\" content=\"en_US\" \/>\n<meta property=\"og:type\" content=\"article\" \/>\n<meta property=\"og:title\" content=\"Nh\u1ef1a in 3d carbon ESUN PET-CF c\u00f3 \u0111\u1ed9 b\u1ec1n c\u1ee9ng v\u00e0 ch\u1ecbu nhi\u1ec7t cao 1kg\/ Cu\u1ed9n\" \/>\n<meta property=\"og:description\" content=\"Nh\u1ef1a in 3D eSun PET-CF \u0111\u01b0\u1ee3c gia c\u01b0\u1eddng s\u1ee3i carbon, t\u0103ng 320% \u0111\u1ed9 c\u1ee9ng v\u00e0 140% \u0111\u1ed9 b\u1ec1n so v\u1edbi PET th\u00f4ng th\u01b0\u1eddng. D\u1ec5 in, \u00edt cong v\u00eanh, ch\u1ecbu nhi\u1ec7t, ch\u1ed1ng m\u00f2n t\u1ed1t.\" \/>\n<meta property=\"og:url\" content=\"https:\/\/nge.vn\/en\/product\/nhua-in-3d-carbon-esun-pet-cf-co-do-ben-cung-va-chiu-nhiet-cao-1kg-cuon\/\" \/>\n<meta property=\"og:site_name\" content=\"NGE 3D Printers Services\" \/>\n<meta property=\"article:modified_time\" content=\"2025-08-15T08:03:28+00:00\" \/>\n<meta property=\"og:image\" content=\"https:\/\/nge.vn\/wp-content\/uploads\/2025\/08\/vn-11134207-7ras8-mddjen2p1j5r3d_tn.jpeg\" \/>\n\t<meta property=\"og:image:width\" content=\"320\" \/>\n\t<meta property=\"og:image:height\" content=\"320\" \/>\n\t<meta property=\"og:image:type\" content=\"image\/jpeg\" \/>\n<meta name=\"twitter:card\" content=\"summary_large_image\" \/>\n<meta name=\"twitter:label1\" content=\"Est. reading time\" \/>\n\t<meta name=\"twitter:data1\" content=\"3 minutes\" \/>\n<script type=\"application\/ld+json\" class=\"yoast-schema-graph\">{\"@context\":\"https:\/\/schema.org\",\"@graph\":[{\"@type\":\"WebPage\",\"@id\":\"https:\/\/nge.vn\/san-pham\/nhua-in-3d-carbon-esun-pet-cf-co-do-ben-cung-va-chiu-nhiet-cao-1kg-cuon\/\",\"url\":\"https:\/\/nge.vn\/san-pham\/nhua-in-3d-carbon-esun-pet-cf-co-do-ben-cung-va-chiu-nhiet-cao-1kg-cuon\/\",\"name\":\"Nh\u1ef1a in 3d carbon ESUN PET-CF c\u00f3 \u0111\u1ed9 b\u1ec1n c\u1ee9ng v\u00e0 ch\u1ecbu nhi\u1ec7t cao 1kg\/ Cu\u1ed9n - NGE 3D Printers Services\",\"isPartOf\":{\"@id\":\"https:\/\/nge.vn\/#website\"},\"primaryImageOfPage\":{\"@id\":\"https:\/\/nge.vn\/san-pham\/nhua-in-3d-carbon-esun-pet-cf-co-do-ben-cung-va-chiu-nhiet-cao-1kg-cuon\/#primaryimage\"},\"image\":{\"@id\":\"https:\/\/nge.vn\/san-pham\/nhua-in-3d-carbon-esun-pet-cf-co-do-ben-cung-va-chiu-nhiet-cao-1kg-cuon\/#primaryimage\"},\"thumbnailUrl\":\"https:\/\/nge.vn\/wp-content\/uploads\/2025\/08\/vn-11134207-7ras8-mddjen2p1j5r3d_tn.jpeg\",\"datePublished\":\"2025-08-15T08:03:27+00:00\",\"dateModified\":\"2025-08-15T08:03:28+00:00\",\"description\":\"Nh\u1ef1a in 3D eSun PET-CF \u0111\u01b0\u1ee3c gia c\u01b0\u1eddng s\u1ee3i carbon, t\u0103ng 320% \u0111\u1ed9 c\u1ee9ng v\u00e0 140% \u0111\u1ed9 b\u1ec1n so v\u1edbi PET th\u00f4ng th\u01b0\u1eddng. D\u1ec5 in, \u00edt cong v\u00eanh, ch\u1ecbu nhi\u1ec7t, ch\u1ed1ng m\u00f2n t\u1ed1t.\",\"breadcrumb\":{\"@id\":\"https:\/\/nge.vn\/san-pham\/nhua-in-3d-carbon-esun-pet-cf-co-do-ben-cung-va-chiu-nhiet-cao-1kg-cuon\/#breadcrumb\"},\"inLanguage\":\"en-US\",\"potentialAction\":[{\"@type\":\"ReadAction\",\"target\":[\"https:\/\/nge.vn\/san-pham\/nhua-in-3d-carbon-esun-pet-cf-co-do-ben-cung-va-chiu-nhiet-cao-1kg-cuon\/\"]}]},{\"@type\":\"ImageObject\",\"inLanguage\":\"en-US\",\"@id\":\"https:\/\/nge.vn\/san-pham\/nhua-in-3d-carbon-esun-pet-cf-co-do-ben-cung-va-chiu-nhiet-cao-1kg-cuon\/#primaryimage\",\"url\":\"https:\/\/nge.vn\/wp-content\/uploads\/2025\/08\/vn-11134207-7ras8-mddjen2p1j5r3d_tn.jpeg\",\"contentUrl\":\"https:\/\/nge.vn\/wp-content\/uploads\/2025\/08\/vn-11134207-7ras8-mddjen2p1j5r3d_tn.jpeg\",\"width\":320,\"height\":320},{\"@type\":\"BreadcrumbList\",\"@id\":\"https:\/\/nge.vn\/san-pham\/nhua-in-3d-carbon-esun-pet-cf-co-do-ben-cung-va-chiu-nhiet-cao-1kg-cuon\/#breadcrumb\",\"itemListElement\":[{\"@type\":\"ListItem\",\"position\":1,\"name\":\"Trang ch\u1ee7\",\"item\":\"https:\/\/nge.vn\/\"},{\"@type\":\"ListItem\",\"position\":2,\"name\":\"S\u1ea3n ph\u1ea9m\",\"item\":\"https:\/\/nge.vn\/san-pham\/\"},{\"@type\":\"ListItem\",\"position\":3,\"name\":\"Nh\u1ef1a in 3d carbon ESUN PET-CF c\u00f3 \u0111\u1ed9 b\u1ec1n c\u1ee9ng v\u00e0 ch\u1ecbu nhi\u1ec7t cao 1kg\/ Cu\u1ed9n\"}]},{\"@type\":\"WebSite\",\"@id\":\"https:\/\/nge.vn\/#website\",\"url\":\"https:\/\/nge.vn\/\",\"name\":\"NGE 3D Printers Services\",\"description\":\"\",\"potentialAction\":[{\"@type\":\"SearchAction\",\"target\":{\"@type\":\"EntryPoint\",\"urlTemplate\":\"https:\/\/nge.vn\/?s={search_term_string}\"},\"query-input\":{\"@type\":\"PropertyValueSpecification\",\"valueRequired\":true,\"valueName\":\"search_term_string\"}}],\"inLanguage\":\"en-US\"}]}<\/script>\n<!-- \/ Yoast SEO Premium plugin. -->","yoast_head_json":{"title":"Nh\u1ef1a in 3d carbon ESUN PET-CF c\u00f3 \u0111\u1ed9 b\u1ec1n c\u1ee9ng v\u00e0 ch\u1ecbu nhi\u1ec7t cao 1kg\/ Cu\u1ed9n - NGE 3D Printers Services","description":"Nh\u1ef1a in 3D eSun PET-CF \u0111\u01b0\u1ee3c gia c\u01b0\u1eddng s\u1ee3i carbon, t\u0103ng 320% \u0111\u1ed9 c\u1ee9ng v\u00e0 140% \u0111\u1ed9 b\u1ec1n so v\u1edbi PET th\u00f4ng th\u01b0\u1eddng. D\u1ec5 in, \u00edt cong v\u00eanh, ch\u1ecbu nhi\u1ec7t, ch\u1ed1ng m\u00f2n t\u1ed1t.","robots":{"index":"index","follow":"follow","max-snippet":"max-snippet:-1","max-image-preview":"max-image-preview:large","max-video-preview":"max-video-preview:-1"},"canonical":"https:\/\/nge.vn\/en\/product\/nhua-in-3d-carbon-esun-pet-cf-co-do-ben-cung-va-chiu-nhiet-cao-1kg-cuon\/","og_locale":"en_US","og_type":"article","og_title":"Nh\u1ef1a in 3d carbon ESUN PET-CF c\u00f3 \u0111\u1ed9 b\u1ec1n c\u1ee9ng v\u00e0 ch\u1ecbu nhi\u1ec7t cao 1kg\/ Cu\u1ed9n","og_description":"Nh\u1ef1a in 3D eSun PET-CF \u0111\u01b0\u1ee3c gia c\u01b0\u1eddng s\u1ee3i carbon, t\u0103ng 320% \u0111\u1ed9 c\u1ee9ng v\u00e0 140% \u0111\u1ed9 b\u1ec1n so v\u1edbi PET th\u00f4ng th\u01b0\u1eddng. D\u1ec5 in, \u00edt cong v\u00eanh, ch\u1ecbu nhi\u1ec7t, ch\u1ed1ng m\u00f2n t\u1ed1t.","og_url":"https:\/\/nge.vn\/en\/product\/nhua-in-3d-carbon-esun-pet-cf-co-do-ben-cung-va-chiu-nhiet-cao-1kg-cuon\/","og_site_name":"NGE 3D Printers Services","article_modified_time":"2025-08-15T08:03:28+00:00","og_image":[{"width":320,"height":320,"url":"https:\/\/nge.vn\/wp-content\/uploads\/2025\/08\/vn-11134207-7ras8-mddjen2p1j5r3d_tn.jpeg","type":"image\/jpeg"}],"twitter_card":"summary_large_image","twitter_misc":{"Est. reading time":"3 minutes"},"schema":{"@context":"https:\/\/schema.org","@graph":[{"@type":"WebPage","@id":"https:\/\/nge.vn\/san-pham\/nhua-in-3d-carbon-esun-pet-cf-co-do-ben-cung-va-chiu-nhiet-cao-1kg-cuon\/","url":"https:\/\/nge.vn\/san-pham\/nhua-in-3d-carbon-esun-pet-cf-co-do-ben-cung-va-chiu-nhiet-cao-1kg-cuon\/","name":"Nh\u1ef1a in 3d carbon ESUN PET-CF c\u00f3 \u0111\u1ed9 b\u1ec1n c\u1ee9ng v\u00e0 ch\u1ecbu nhi\u1ec7t cao 1kg\/ Cu\u1ed9n - NGE 3D Printers Services","isPartOf":{"@id":"https:\/\/nge.vn\/#website"},"primaryImageOfPage":{"@id":"https:\/\/nge.vn\/san-pham\/nhua-in-3d-carbon-esun-pet-cf-co-do-ben-cung-va-chiu-nhiet-cao-1kg-cuon\/#primaryimage"},"image":{"@id":"https:\/\/nge.vn\/san-pham\/nhua-in-3d-carbon-esun-pet-cf-co-do-ben-cung-va-chiu-nhiet-cao-1kg-cuon\/#primaryimage"},"thumbnailUrl":"https:\/\/nge.vn\/wp-content\/uploads\/2025\/08\/vn-11134207-7ras8-mddjen2p1j5r3d_tn.jpeg","datePublished":"2025-08-15T08:03:27+00:00","dateModified":"2025-08-15T08:03:28+00:00","description":"Nh\u1ef1a in 3D eSun PET-CF \u0111\u01b0\u1ee3c gia c\u01b0\u1eddng s\u1ee3i carbon, t\u0103ng 320% \u0111\u1ed9 c\u1ee9ng v\u00e0 140% \u0111\u1ed9 b\u1ec1n so v\u1edbi PET th\u00f4ng th\u01b0\u1eddng. D\u1ec5 in, \u00edt cong v\u00eanh, ch\u1ecbu nhi\u1ec7t, ch\u1ed1ng m\u00f2n t\u1ed1t.","breadcrumb":{"@id":"https:\/\/nge.vn\/san-pham\/nhua-in-3d-carbon-esun-pet-cf-co-do-ben-cung-va-chiu-nhiet-cao-1kg-cuon\/#breadcrumb"},"inLanguage":"en-US","potentialAction":[{"@type":"ReadAction","target":["https:\/\/nge.vn\/san-pham\/nhua-in-3d-carbon-esun-pet-cf-co-do-ben-cung-va-chiu-nhiet-cao-1kg-cuon\/"]}]},{"@type":"ImageObject","inLanguage":"en-US","@id":"https:\/\/nge.vn\/san-pham\/nhua-in-3d-carbon-esun-pet-cf-co-do-ben-cung-va-chiu-nhiet-cao-1kg-cuon\/#primaryimage","url":"https:\/\/nge.vn\/wp-content\/uploads\/2025\/08\/vn-11134207-7ras8-mddjen2p1j5r3d_tn.jpeg","contentUrl":"https:\/\/nge.vn\/wp-content\/uploads\/2025\/08\/vn-11134207-7ras8-mddjen2p1j5r3d_tn.jpeg","width":320,"height":320},{"@type":"BreadcrumbList","@id":"https:\/\/nge.vn\/san-pham\/nhua-in-3d-carbon-esun-pet-cf-co-do-ben-cung-va-chiu-nhiet-cao-1kg-cuon\/#breadcrumb","itemListElement":[{"@type":"ListItem","position":1,"name":"Trang ch\u1ee7","item":"https:\/\/nge.vn\/"},{"@type":"ListItem","position":2,"name":"S\u1ea3n ph\u1ea9m","item":"https:\/\/nge.vn\/san-pham\/"},{"@type":"ListItem","position":3,"name":"Nh\u1ef1a in 3d carbon ESUN PET-CF c\u00f3 \u0111\u1ed9 b\u1ec1n c\u1ee9ng v\u00e0 ch\u1ecbu nhi\u1ec7t cao 1kg\/ Cu\u1ed9n"}]},{"@type":"WebSite","@id":"https:\/\/nge.vn\/#website","url":"https:\/\/nge.vn\/","name":"NGE 3D Printers Services","description":"","potentialAction":[{"@type":"SearchAction","target":{"@type":"EntryPoint","urlTemplate":"https:\/\/nge.vn\/?s={search_term_string}"},"query-input":{"@type":"PropertyValueSpecification","valueRequired":true,"valueName":"search_term_string"}}],"inLanguage":"en-US"}]}},"_links":{"self":[{"href":"https:\/\/nge.vn\/en\/wp-json\/wp\/v2\/product\/6768","targetHints":{"allow":["GET"]}}],"collection":[{"href":"https:\/\/nge.vn\/en\/wp-json\/wp\/v2\/product"}],"about":[{"href":"https:\/\/nge.vn\/en\/wp-json\/wp\/v2\/types\/product"}],"replies":[{"embeddable":true,"href":"https:\/\/nge.vn\/en\/wp-json\/wp\/v2\/comments?post=6768"}],"wp:featuredmedia":[{"embeddable":true,"href":"https:\/\/nge.vn\/en\/wp-json\/wp\/v2\/media\/6769"}],"wp:attachment":[{"href":"https:\/\/nge.vn\/en\/wp-json\/wp\/v2\/media?parent=6768"}],"wp:term":[{"taxonomy":"product_brand","embeddable":true,"href":"https:\/\/nge.vn\/en\/wp-json\/wp\/v2\/product_brand?post=6768"},{"taxonomy":"product_cat","embeddable":true,"href":"https:\/\/nge.vn\/en\/wp-json\/wp\/v2\/product_cat?post=6768"},{"taxonomy":"product_tag","embeddable":true,"href":"https:\/\/nge.vn\/en\/wp-json\/wp\/v2\/product_tag?post=6768"}],"curies":[{"name":"wp","href":"https:\/\/api.w.org\/{rel}","templated":true}]}}