{"id":676,"date":"2024-10-25T13:12:00","date_gmt":"2024-10-25T06:12:00","guid":{"rendered":"https:\/\/nge.123websitedev.com\/san-pham\/tam-kinh-ban-in-tinh-the-carbon-silicon-crystal-platform-glass-plate-dung-cho-may-in-3d-ender-6-size-2902904mm\/"},"modified":"2024-10-29T17:19:57","modified_gmt":"2024-10-29T10:19:57","slug":"tam-kinh-ban-in-tinh-the-carbon-silicon-crystal-platform-glass-plate-dung-cho-may-in-3d-ender-6-size-2902904mm","status":"publish","type":"product","link":"https:\/\/nge.vn\/en\/product\/tam-kinh-ban-in-tinh-the-carbon-silicon-crystal-platform-glass-plate-dung-cho-may-in-3d-ender-6-size-2902904mm\/","title":{"rendered":"T\u1ea5m k\u00ednh b\u00e0n in tinh th\u1ec3 Carbon Silicon Crystal Platform Glass Plate d\u00f9ng cho m\u00e1y in 3d Ender 6 size 290*290*4mm"},"content":{"rendered":"<p>T\u1ea5m k\u00ednh b\u00e0n in tinh th\u1ec3 Carbon Silicon Crystal Platform Glass Plate d\u00f9ng cho m\u00e1y in 3d Ender 6 size 290*290*4mm<\/p>\n<p>**T\u00ednh N\u0103ng T\u1ea5m k\u00ednh n\u1ec1n tinh th\u1ec3 Carbon Silicon Crystal Platform Glass Plate:<br \/>\n1_ D\u1ec5 d\u00e0ng th\u00e1o l\u1eafp m\u00f4 h\u00ecnh trong 1 ph\u00fat: L\u1edbp ph\u1ee7 c\u1ee7a v\u1eadt li\u1ec7u h\u1ed7n h\u1ee3p vi x\u1ed1p (the microporous composite) c\u00f3 c\u1ea5u tr\u00fac vi x\u1ed1p. S\u1ee3i nh\u1ef1a s\u1ebd \u0111\u01b0\u1ee3c &#8216;lo\u1ea1i b\u1ecf&#8217; do s\u1ef1 gi\u1ea3m nhi\u1ec7t \u0111\u1ed9 c\u1ee7a t\u1ea5m n\u1ec1n v\u00e0 s\u1ef1 co ng\u00f3t c\u1ee7a v\u1eadt li\u1ec7u composite, \u0111i\u1ec1u n\u00e0y gi\u00fap cho vi\u1ec7c th\u00e1o l\u1eafp m\u00f4 h\u00ecnh d\u1ec5 d\u00e0ng.<br \/>\n2_ \u0110\u1ed9 nh\u1edbt cao v\u00e0 \u0111\u1ed9 b\u00e1m d\u00ednh m\u1ea1nh: L\u1edbp ph\u1ee7 ph\u00e2n t\u1eed nano t\u1ed5ng h\u1ee3p (composite) c\u00f3 \u0111\u1ed9 nh\u1edbt cao sau khi gia nhi\u1ec7t, gi\u00fap m\u00f4 h\u00ecnh c\u00f3 \u0111\u1ed9 b\u00e1m d\u00ednh m\u1ea1nh ch\u1eafc ch\u1eafn.<br \/>\n3_ Ph\u1ee5c h\u1ed3i \u0111\u1ed9 ph\u1eb3ng c\u1ee7a m\u00f4 h\u00ecnh 0.15mm:  \u0110\u00e2y l\u00e0 s\u1ef1 k\u1ebft h\u1ee3p c\u1ee7a th\u1ee7y tinh v\u00e0 composite. Do \u0111\u1ed9 ph\u1eb3ng c\u1ee7a k\u00ednh v\u00e0 l\u1edbp ph\u1ee7 t\u1ed5ng h\u1ee3p (composite) \u0111\u1ed3ng nh\u1ea5t c\u1ee7a &#8216;m\u1ea1ng tinh th\u1ec3&#8217; b\u1ec1 m\u1eb7t, n\u1ec1n t\u1ea3ng c\u00f3 \u0111\u1ed9 ph\u1eb3ng tuy\u1ec7t v\u1eddi.<br \/>\n4_ Ch\u1ed1ng m\u00e0i m\u00f2n v\u00e0 ch\u1ed1ng tr\u1ea7y x\u01b0\u1edbc, d\u1ec5 lau ch\u00f9i: C\u00f3 m\u1ed9t l\u1edbp m\u00e0ng b\u1ea3o v\u1ec7 tr\u00ean b\u1ec1 m\u1eb7t c\u1ee7a l\u1edbp ph\u1ee7 composite, ch\u1ed1ng tr\u1ea7y x\u01b0\u1edbc v\u00e0 ch\u1ed1ng b\u1ee5i, v.v.<br \/>\n5_ \u0110\u1ed9 c\u1ee9ng cao v\u00e0 b\u1ec1n: \u0110\u00e2y l\u00e0 s\u1ef1 k\u1ebft h\u1ee3p gi\u1eefa k\u00ednh c\u01b0\u1eddng l\u1ef1c h\u00f3a h\u1ecdc v\u00e0 l\u1edbp ph\u1ee7 composite b\u1ec1 m\u1eb7t. \u0110\u1ed9 ph\u1eb3ng c\u1ee7a k\u00ednh s\u1ebd t\u1ed1t h\u01a1n nhi\u1ec1u v\u00e0 l\u1edbp ph\u1ee7 t\u1ed5ng h\u1ee3p c\u1ee7a &#8216;m\u1ea1ng tinh th\u1ec3&#8217; b\u1ec1 m\u1eb7t s\u1ebd \u0111\u1ed3ng nh\u1ea5t, gi\u00fap cho n\u1ec1n c\u00f3 \u0111\u1ed9 ph\u1eb3ng tuy\u1ec7t v\u1eddi.<br \/>\n_\u0110\u1ed9 c\u1ee9ng c\u00f3 th\u1ec3 l\u00ean \u0111\u1ebfn 8 Mohs, \u0111\u1ed9 c\u1ee9ng t\u1ed1t h\u01a1n nh\u00f4m v\u00e0 \u0111\u1ed3ng. N\u00f3 c\u00f3 th\u1ec3 ch\u1ecbu \u0111\u01b0\u1ee3c 400 deg C v\u00e0 s\u1eed d\u1ee5ng nhi\u1ec1u l\u1ea7n m\u00e0 kh\u00f4ng l\u00e0m gi\u1ea3m hi\u1ec7u su\u1ea5t.<br \/>\n_Nguy\u00ean l\u00fd k\u1ef9 thu\u1eadt: \u0111\u00e2y l\u00e0 s\u1ef1 k\u1ebft h\u1ee3p gi\u1eefa k\u00ednh c\u01b0\u1eddng l\u1ef1c h\u00f3a h\u1ecdc v\u00e0 l\u1edbp ph\u1ee7 composite b\u1ec1 m\u1eb7t. \u0110\u1ed9 ph\u1eb3ng c\u1ee7a k\u00ednh s\u1ebd t\u1ed1t h\u01a1n nhi\u1ec1u v\u00e0 l\u1edbp ph\u1ee7 t\u1ed5ng h\u1ee3p c\u1ee7a &#8220;m\u1ea1ng tinh th\u1ec3&#8221; b\u1ec1 m\u1eb7t s\u1ebd \u0111\u1ed3ng \u0111\u1ec1u, l\u00e0m cho n\u1ec1n c\u00f3 \u0111\u1ed9 ph\u1eb3ng tuy\u1ec7t v\u1eddi.<\/p>\n<p>**Th\u00f4ng s\u1ed1 s\u1ea3n ph\u1ea9m Carborundum Glass Platform(Tempered Glass Build Platform)<br \/>\n    Product Name\t                             Product Size\t               Material<br \/>\nseries Ender-3 glass plate\t            235*235*4mm\t       Carborundum glass<br \/>\nCR-10 S glass plate\t                    310*310*4mm\t       Carborundum glass<br \/>\nseries CR-10 &amp; CR-X glass plate\t    310*320*4mm\t       Carborundum glass<br \/>\nCR-6 SE glass plate\t                    245*255*4mm\t       Carborundum glass<br \/>\n***Xem th\u00eam c\u00e1c size kh\u00e1c:<br \/>\n   + 235*235*4mm<br \/>\n   + 290*290*4mm<br \/>\n   + 310*310*4mm<br \/>\n   + 310*320*4mm<br \/>\n   + 377*370*4mm<br \/>\n   + 410*410*4mm<br \/>\n   + 510*510*4mm<\/p>\n<p>**C\u00e1c th\u00f4ng s\u1ed1 s\u1ea3n ph\u1ea9m:<br \/>\n_H\u00e3ng s\u1ea3n xu\u1ea5t: Creality<br \/>\n\ud83d\udc49K\u00edch th\u01b0\u1edbc 235*235*2mm =&gt;d\u00f9ng cho c\u00e1c m\u00e1y: Ender 3 Series, Ender 5 Serices, CR-20 Series, CP-01&#8230;<\/p>\n<p>\ud83d\udc49K\u00edch th\u01b0\u1edbc 320*310*2mm =&gt;d\u00f9ng cho c\u00e1c m\u00e1y: CR-10; CR-10S; CR-10S PRO; Ender-3 Max; CR-10 Smart; CR-10 V2; CR-10 V3; CR-10S Pro V2; CR-X; CR-X PRO&#8230;v\u00e0 c\u00e1c m\u00e1y c\u00f3 kh\u1ed5 in 30*30*40cm c\u1ee7a Creality<\/p>\n<p>\ud83d\udc49K\u00edch th\u01b0\u1edbc 377*370*2mm =&gt;d\u00f9ng cho Ender 5 Plus<br \/>\n(\u0110\u1ec3 ch\u00ednh x\u00e1c h\u01a1n Qu\u00fd kh\u00e1ch vui l\u00f2ng \u0111o l\u1ea1i m\u1eb7t b\u00e0n ho\u1eb7c li\u00ean h\u1ec7 shop tr\u01b0\u1edbc khi \u0111\u1eb7t h\u00e0ng)<\/p>\n<p>**\u0110\u1ec3 \u0111\u01b0\u1ee3c nh\u1eadn h\u1ed9 tr\u1ee3 th\u00eam v\u1ec1 Gi\u00e1 v\u00e0 Th\u00f4ng tin c\u1ee7a s\u1ea3n ph\u1ea9m, vui l\u00f2ng li\u00ean h\u1ec7:<br \/>\n    0913.939.775 g\u1eb7p A. Qu\u00e2n (for English)<br \/>\n    094.144.0951 contact A.Quynh<br \/>\n**Selling price does not include VAT (+10% if VAT invoice is issued)<\/p>","protected":false},"excerpt":{"rendered":"<p>T\u1ea5m k\u00ednh b\u00e0n in tinh th\u1ec3 Carbon Silicon Crystal Platform Glass Plate d\u00f9ng cho m\u00e1y in 3d Ender 6 size 290*290*4mm<\/p>","protected":false},"featured_media":667,"comment_status":"open","ping_status":"closed","template":"","meta":{"inline_featured_image":false},"product_brand":[],"product_cat":[458,40,460],"product_tag":[],"class_list":{"0":"post-676","1":"product","2":"type-product","3":"status-publish","4":"has-post-thumbnail","6":"product_cat-ban-kinh-carbon-va-pei","7":"product_cat-linh-kien-va-phu-kien","8":"product_cat-motor-va-nguon-dien-may-in-3d","10":"first","11":"instock","12":"taxable","13":"shipping-taxable","14":"purchasable","15":"product-type-simple"},"yoast_head":"<!-- This site is optimized with the Yoast SEO Premium plugin v22.8 (Yoast SEO v26.9) - https:\/\/yoast.com\/product\/yoast-seo-premium-wordpress\/ -->\n<title>T\u1ea5m k\u00ednh b\u00e0n in tinh th\u1ec3 Carbon Silicon Crystal Platform Glass Plate d\u00f9ng cho m\u00e1y in 3d Ender 6 size 290*290*4mm - NGE 3D Printers Services<\/title>\n<meta name=\"robots\" content=\"index, follow, max-snippet:-1, max-image-preview:large, max-video-preview:-1\" \/>\n<link rel=\"canonical\" href=\"https:\/\/nge.vn\/en\/product\/tam-kinh-ban-in-tinh-the-carbon-silicon-crystal-platform-glass-plate-dung-cho-may-in-3d-ender-6-size-2902904mm\/\" \/>\n<meta property=\"og:locale\" content=\"en_US\" \/>\n<meta property=\"og:type\" content=\"article\" \/>\n<meta property=\"og:title\" content=\"T\u1ea5m k\u00ednh b\u00e0n in tinh th\u1ec3 Carbon Silicon Crystal Platform Glass Plate d\u00f9ng cho m\u00e1y in 3d Ender 6 size 290*290*4mm\" \/>\n<meta property=\"og:description\" content=\"T\u1ea5m k\u00ednh b\u00e0n in tinh th\u1ec3 Carbon Silicon Crystal Platform Glass Plate d\u00f9ng cho m\u00e1y in 3d Ender 6 size 290*290*4mm\" \/>\n<meta property=\"og:url\" content=\"https:\/\/nge.vn\/en\/product\/tam-kinh-ban-in-tinh-the-carbon-silicon-crystal-platform-glass-plate-dung-cho-may-in-3d-ender-6-size-2902904mm\/\" \/>\n<meta property=\"og:site_name\" content=\"NGE 3D Printers Services\" \/>\n<meta property=\"article:modified_time\" content=\"2024-10-29T10:19:57+00:00\" \/>\n<meta property=\"og:image\" content=\"https:\/\/nge.vn\/wp-content\/uploads\/2024\/10\/images-upload-woo2F2b59f9cfa808816f8eacf213a66c44b9-1.jpg\" \/>\n\t<meta property=\"og:image:width\" content=\"1000\" \/>\n\t<meta property=\"og:image:height\" content=\"1000\" \/>\n\t<meta property=\"og:image:type\" content=\"image\/jpeg\" \/>\n<meta name=\"twitter:card\" content=\"summary_large_image\" \/>\n<meta name=\"twitter:label1\" content=\"Est. reading time\" \/>\n\t<meta name=\"twitter:data1\" content=\"4 minutes\" \/>\n<script type=\"application\/ld+json\" class=\"yoast-schema-graph\">{\"@context\":\"https:\/\/schema.org\",\"@graph\":[{\"@type\":\"WebPage\",\"@id\":\"https:\/\/nge.vn\/san-pham\/tam-kinh-ban-in-tinh-the-carbon-silicon-crystal-platform-glass-plate-dung-cho-may-in-3d-ender-6-size-2902904mm\/\",\"url\":\"https:\/\/nge.vn\/san-pham\/tam-kinh-ban-in-tinh-the-carbon-silicon-crystal-platform-glass-plate-dung-cho-may-in-3d-ender-6-size-2902904mm\/\",\"name\":\"T\u1ea5m k\u00ednh b\u00e0n in tinh th\u1ec3 Carbon Silicon Crystal Platform Glass Plate d\u00f9ng cho m\u00e1y in 3d Ender 6 size 290*290*4mm - NGE 3D Printers Services\",\"isPartOf\":{\"@id\":\"https:\/\/nge.vn\/#website\"},\"primaryImageOfPage\":{\"@id\":\"https:\/\/nge.vn\/san-pham\/tam-kinh-ban-in-tinh-the-carbon-silicon-crystal-platform-glass-plate-dung-cho-may-in-3d-ender-6-size-2902904mm\/#primaryimage\"},\"image\":{\"@id\":\"https:\/\/nge.vn\/san-pham\/tam-kinh-ban-in-tinh-the-carbon-silicon-crystal-platform-glass-plate-dung-cho-may-in-3d-ender-6-size-2902904mm\/#primaryimage\"},\"thumbnailUrl\":\"https:\/\/nge.vn\/wp-content\/uploads\/2024\/10\/images-upload-woo2F2b59f9cfa808816f8eacf213a66c44b9-1.jpg\",\"datePublished\":\"2024-10-25T06:12:00+00:00\",\"dateModified\":\"2024-10-29T10:19:57+00:00\",\"breadcrumb\":{\"@id\":\"https:\/\/nge.vn\/san-pham\/tam-kinh-ban-in-tinh-the-carbon-silicon-crystal-platform-glass-plate-dung-cho-may-in-3d-ender-6-size-2902904mm\/#breadcrumb\"},\"inLanguage\":\"en-US\",\"potentialAction\":[{\"@type\":\"ReadAction\",\"target\":[\"https:\/\/nge.vn\/san-pham\/tam-kinh-ban-in-tinh-the-carbon-silicon-crystal-platform-glass-plate-dung-cho-may-in-3d-ender-6-size-2902904mm\/\"]}]},{\"@type\":\"ImageObject\",\"inLanguage\":\"en-US\",\"@id\":\"https:\/\/nge.vn\/san-pham\/tam-kinh-ban-in-tinh-the-carbon-silicon-crystal-platform-glass-plate-dung-cho-may-in-3d-ender-6-size-2902904mm\/#primaryimage\",\"url\":\"https:\/\/nge.vn\/wp-content\/uploads\/2024\/10\/images-upload-woo2F2b59f9cfa808816f8eacf213a66c44b9-1.jpg\",\"contentUrl\":\"https:\/\/nge.vn\/wp-content\/uploads\/2024\/10\/images-upload-woo2F2b59f9cfa808816f8eacf213a66c44b9-1.jpg\",\"width\":1000,\"height\":1000},{\"@type\":\"BreadcrumbList\",\"@id\":\"https:\/\/nge.vn\/san-pham\/tam-kinh-ban-in-tinh-the-carbon-silicon-crystal-platform-glass-plate-dung-cho-may-in-3d-ender-6-size-2902904mm\/#breadcrumb\",\"itemListElement\":[{\"@type\":\"ListItem\",\"position\":1,\"name\":\"Trang ch\u1ee7\",\"item\":\"https:\/\/nge.vn\/\"},{\"@type\":\"ListItem\",\"position\":2,\"name\":\"S\u1ea3n ph\u1ea9m\",\"item\":\"https:\/\/nge.vn\/san-pham\/\"},{\"@type\":\"ListItem\",\"position\":3,\"name\":\"T\u1ea5m k\u00ednh b\u00e0n in tinh th\u1ec3 Carbon Silicon Crystal Platform Glass Plate d\u00f9ng cho m\u00e1y in 3d Ender 6 size 290*290*4mm\"}]},{\"@type\":\"WebSite\",\"@id\":\"https:\/\/nge.vn\/#website\",\"url\":\"https:\/\/nge.vn\/\",\"name\":\"NGE 3D Printers Services\",\"description\":\"\",\"potentialAction\":[{\"@type\":\"SearchAction\",\"target\":{\"@type\":\"EntryPoint\",\"urlTemplate\":\"https:\/\/nge.vn\/?s={search_term_string}\"},\"query-input\":{\"@type\":\"PropertyValueSpecification\",\"valueRequired\":true,\"valueName\":\"search_term_string\"}}],\"inLanguage\":\"en-US\"}]}<\/script>\n<!-- \/ Yoast SEO Premium plugin. -->","yoast_head_json":{"title":"T\u1ea5m k\u00ednh b\u00e0n in tinh th\u1ec3 Carbon Silicon Crystal Platform Glass Plate d\u00f9ng cho m\u00e1y in 3d Ender 6 size 290*290*4mm - NGE 3D Printers Services","robots":{"index":"index","follow":"follow","max-snippet":"max-snippet:-1","max-image-preview":"max-image-preview:large","max-video-preview":"max-video-preview:-1"},"canonical":"https:\/\/nge.vn\/en\/product\/tam-kinh-ban-in-tinh-the-carbon-silicon-crystal-platform-glass-plate-dung-cho-may-in-3d-ender-6-size-2902904mm\/","og_locale":"en_US","og_type":"article","og_title":"T\u1ea5m k\u00ednh b\u00e0n in tinh th\u1ec3 Carbon Silicon Crystal Platform Glass Plate d\u00f9ng cho m\u00e1y in 3d Ender 6 size 290*290*4mm","og_description":"T\u1ea5m k\u00ednh b\u00e0n in tinh th\u1ec3 Carbon Silicon Crystal Platform Glass Plate d\u00f9ng cho m\u00e1y in 3d Ender 6 size 290*290*4mm","og_url":"https:\/\/nge.vn\/en\/product\/tam-kinh-ban-in-tinh-the-carbon-silicon-crystal-platform-glass-plate-dung-cho-may-in-3d-ender-6-size-2902904mm\/","og_site_name":"NGE 3D Printers Services","article_modified_time":"2024-10-29T10:19:57+00:00","og_image":[{"width":1000,"height":1000,"url":"https:\/\/nge.vn\/wp-content\/uploads\/2024\/10\/images-upload-woo2F2b59f9cfa808816f8eacf213a66c44b9-1.jpg","type":"image\/jpeg"}],"twitter_card":"summary_large_image","twitter_misc":{"Est. reading time":"4 minutes"},"schema":{"@context":"https:\/\/schema.org","@graph":[{"@type":"WebPage","@id":"https:\/\/nge.vn\/san-pham\/tam-kinh-ban-in-tinh-the-carbon-silicon-crystal-platform-glass-plate-dung-cho-may-in-3d-ender-6-size-2902904mm\/","url":"https:\/\/nge.vn\/san-pham\/tam-kinh-ban-in-tinh-the-carbon-silicon-crystal-platform-glass-plate-dung-cho-may-in-3d-ender-6-size-2902904mm\/","name":"T\u1ea5m k\u00ednh b\u00e0n in tinh th\u1ec3 Carbon Silicon Crystal Platform Glass Plate d\u00f9ng cho m\u00e1y in 3d Ender 6 size 290*290*4mm - NGE 3D Printers Services","isPartOf":{"@id":"https:\/\/nge.vn\/#website"},"primaryImageOfPage":{"@id":"https:\/\/nge.vn\/san-pham\/tam-kinh-ban-in-tinh-the-carbon-silicon-crystal-platform-glass-plate-dung-cho-may-in-3d-ender-6-size-2902904mm\/#primaryimage"},"image":{"@id":"https:\/\/nge.vn\/san-pham\/tam-kinh-ban-in-tinh-the-carbon-silicon-crystal-platform-glass-plate-dung-cho-may-in-3d-ender-6-size-2902904mm\/#primaryimage"},"thumbnailUrl":"https:\/\/nge.vn\/wp-content\/uploads\/2024\/10\/images-upload-woo2F2b59f9cfa808816f8eacf213a66c44b9-1.jpg","datePublished":"2024-10-25T06:12:00+00:00","dateModified":"2024-10-29T10:19:57+00:00","breadcrumb":{"@id":"https:\/\/nge.vn\/san-pham\/tam-kinh-ban-in-tinh-the-carbon-silicon-crystal-platform-glass-plate-dung-cho-may-in-3d-ender-6-size-2902904mm\/#breadcrumb"},"inLanguage":"en-US","potentialAction":[{"@type":"ReadAction","target":["https:\/\/nge.vn\/san-pham\/tam-kinh-ban-in-tinh-the-carbon-silicon-crystal-platform-glass-plate-dung-cho-may-in-3d-ender-6-size-2902904mm\/"]}]},{"@type":"ImageObject","inLanguage":"en-US","@id":"https:\/\/nge.vn\/san-pham\/tam-kinh-ban-in-tinh-the-carbon-silicon-crystal-platform-glass-plate-dung-cho-may-in-3d-ender-6-size-2902904mm\/#primaryimage","url":"https:\/\/nge.vn\/wp-content\/uploads\/2024\/10\/images-upload-woo2F2b59f9cfa808816f8eacf213a66c44b9-1.jpg","contentUrl":"https:\/\/nge.vn\/wp-content\/uploads\/2024\/10\/images-upload-woo2F2b59f9cfa808816f8eacf213a66c44b9-1.jpg","width":1000,"height":1000},{"@type":"BreadcrumbList","@id":"https:\/\/nge.vn\/san-pham\/tam-kinh-ban-in-tinh-the-carbon-silicon-crystal-platform-glass-plate-dung-cho-may-in-3d-ender-6-size-2902904mm\/#breadcrumb","itemListElement":[{"@type":"ListItem","position":1,"name":"Trang ch\u1ee7","item":"https:\/\/nge.vn\/"},{"@type":"ListItem","position":2,"name":"S\u1ea3n ph\u1ea9m","item":"https:\/\/nge.vn\/san-pham\/"},{"@type":"ListItem","position":3,"name":"T\u1ea5m k\u00ednh b\u00e0n in tinh th\u1ec3 Carbon Silicon Crystal Platform Glass Plate d\u00f9ng cho m\u00e1y in 3d Ender 6 size 290*290*4mm"}]},{"@type":"WebSite","@id":"https:\/\/nge.vn\/#website","url":"https:\/\/nge.vn\/","name":"NGE 3D Printers Services","description":"","potentialAction":[{"@type":"SearchAction","target":{"@type":"EntryPoint","urlTemplate":"https:\/\/nge.vn\/?s={search_term_string}"},"query-input":{"@type":"PropertyValueSpecification","valueRequired":true,"valueName":"search_term_string"}}],"inLanguage":"en-US"}]}},"_links":{"self":[{"href":"https:\/\/nge.vn\/en\/wp-json\/wp\/v2\/product\/676","targetHints":{"allow":["GET"]}}],"collection":[{"href":"https:\/\/nge.vn\/en\/wp-json\/wp\/v2\/product"}],"about":[{"href":"https:\/\/nge.vn\/en\/wp-json\/wp\/v2\/types\/product"}],"replies":[{"embeddable":true,"href":"https:\/\/nge.vn\/en\/wp-json\/wp\/v2\/comments?post=676"}],"wp:featuredmedia":[{"embeddable":true,"href":"https:\/\/nge.vn\/en\/wp-json\/wp\/v2\/media\/667"}],"wp:attachment":[{"href":"https:\/\/nge.vn\/en\/wp-json\/wp\/v2\/media?parent=676"}],"wp:term":[{"taxonomy":"product_brand","embeddable":true,"href":"https:\/\/nge.vn\/en\/wp-json\/wp\/v2\/product_brand?post=676"},{"taxonomy":"product_cat","embeddable":true,"href":"https:\/\/nge.vn\/en\/wp-json\/wp\/v2\/product_cat?post=676"},{"taxonomy":"product_tag","embeddable":true,"href":"https:\/\/nge.vn\/en\/wp-json\/wp\/v2\/product_tag?post=676"}],"curies":[{"name":"wp","href":"https:\/\/api.w.org\/{rel}","templated":true}]}}