{"id":6731,"date":"2025-08-14T16:26:23","date_gmt":"2025-08-14T09:26:23","guid":{"rendered":"https:\/\/nge.vn\/?post_type=product&#038;p=6731"},"modified":"2025-08-14T16:34:58","modified_gmt":"2025-08-14T09:34:58","slug":"nhua-in-3d-fdm-creality-hp-tpu-toc-do-cao-va-do-chinh-xac-cao","status":"publish","type":"product","link":"https:\/\/nge.vn\/en\/product\/nhua-in-3d-fdm-creality-hp-tpu-toc-do-cao-va-do-chinh-xac-cao\/","title":{"rendered":"Nh\u1ef1a in 3d FDM Creality HP-TPU t\u1ed1c \u0111\u1ed9 cao v\u00e0 \u0111\u1ed9 ch\u00ednh x\u00e1c cao"},"content":{"rendered":"<h3 data-start=\"789\" data-end=\"855\">\ud83d\udccd <strong data-start=\"796\" data-end=\"853\">Creality HP-TPU \u2013 S\u1ee3i nh\u1ef1a d\u1ebbo linh ho\u1ea1t &amp; t\u1ed1c \u0111\u1ed9 cao<\/strong><\/h3>\n<p data-start=\"856\" data-end=\"1078\">Creality HP-TPU \u0111\u01b0\u1ee3c t\u1ed1i \u01b0u \u0111\u1ec3 v\u1eeba <strong data-start=\"891\" data-end=\"913\">gi\u1eef \u0111\u1ed9 \u0111\u00e0n h\u1ed3i cao<\/strong>, v\u1eeba cho ph\u00e9p <strong data-start=\"928\" data-end=\"959\">in t\u1ed1c \u0111\u1ed9 nhanh t\u1edbi 120mm\/s<\/strong>, nhanh h\u01a1n 3\u20135 l\u1ea7n so v\u1edbi TPU th\u00f4ng th\u01b0\u1eddng. \u0110\u00e2y l\u00e0 gi\u1ea3i ph\u00e1p ho\u00e0n h\u1ea3o \u0111\u1ec3 in c\u00e1c chi ti\u1ebft linh ho\u1ea1t, b\u1ec1n v\u00e0 tinh x\u1ea3o.<\/p>\n<hr data-start=\"1080\" data-end=\"1083\" \/>\n<h3 data-start=\"1085\" data-end=\"1112\">\ud83c\udf1f <strong data-start=\"1092\" data-end=\"1112\">\u0110\u1eb7c \u0111i\u1ec3m n\u1ed5i b\u1eadt<\/strong><\/h3>\n<ul data-start=\"1113\" data-end=\"1591\">\n<li data-start=\"1113\" data-end=\"1193\">\n<p data-start=\"1115\" data-end=\"1193\"><strong data-start=\"1115\" data-end=\"1141\">D\u1ebbo dai &amp; ch\u1ed1ng va \u0111\u1eadp<\/strong> \u2013 V\u1eadt li\u1ec7u \u0111\u00e0n h\u1ed3i, kh\u00f3 g\u00e3y, \u1ed5n \u0111\u1ecbnh khi s\u1eed d\u1ee5ng.<\/p>\n<\/li>\n<li data-start=\"1194\" data-end=\"1278\">\n<p data-start=\"1196\" data-end=\"1278\"><strong data-start=\"1196\" data-end=\"1213\">In t\u1ed1c \u0111\u1ed9 cao<\/strong> \u2013 \u0110\u1ed9 l\u01b0u \u0111\u1ed9ng t\u1ed1t, kh\u00f4ng t\u1eafc ngh\u1ebdn, t\u1ed1c \u0111\u1ed9 in l\u00ean t\u1edbi 120mm\/s.<\/p>\n<\/li>\n<li data-start=\"1279\" data-end=\"1345\">\n<p data-start=\"1281\" data-end=\"1345\"><strong data-start=\"1281\" data-end=\"1300\">Ch\u1ed1ng cong v\u00eanh<\/strong> \u2013 B\u1ec1 m\u1eb7t in tinh t\u1ebf, gi\u1eef nguy\u00ean h\u00ecnh d\u1ea1ng.<\/p>\n<\/li>\n<li data-start=\"1346\" data-end=\"1417\">\n<p data-start=\"1348\" data-end=\"1417\"><strong data-start=\"1348\" data-end=\"1373\">Kh\u00e1ng n\u01b0\u1edbc &amp; h\u00f3a ch\u1ea5t<\/strong> \u2013 Th\u00edch h\u1ee3p nhi\u1ec1u m\u00f4i tr\u01b0\u1eddng kh\u1eafc nghi\u1ec7t.<\/p>\n<\/li>\n<li data-start=\"1418\" data-end=\"1486\">\n<p data-start=\"1420\" data-end=\"1486\"><strong data-start=\"1420\" data-end=\"1448\">\u0110\u01b0\u1eddng k\u00ednh s\u1ee3i chu\u1ea9n x\u00e1c<\/strong> \u2013 1.75mm \u00b10.05 \u0111\u1ea3m b\u1ea3o \u0111\u00f9n \u1ed5n \u0111\u1ecbnh.<\/p>\n<\/li>\n<li data-start=\"1487\" data-end=\"1591\">\n<p data-start=\"1489\" data-end=\"1591\"><strong data-start=\"1489\" data-end=\"1535\">Hi\u1ec7u qu\u1ea3 cao v\u1edbi b\u1ed9 \u0111\u00f9n tr\u1ef1c ti\u1ebfp Creality<\/strong> \u2013 T\u1ed1i \u01b0u cho d\u00f2ng m\u00e1y Creality, t\u01b0\u01a1ng th\u00edch r\u1ed9ng r\u00e3i.<\/p>\n<\/li>\n<\/ul>\n<hr data-start=\"1593\" data-end=\"1596\" \/>\n<h3 data-start=\"1598\" data-end=\"1625\">\ud83c\udfa8 <strong data-start=\"1605\" data-end=\"1625\">M\u00e0u s\u1eafc s\u1ea3n ph\u1ea9m<\/strong><\/h3>\n<ul data-start=\"1626\" data-end=\"1720\">\n<li data-start=\"1626\" data-end=\"1669\">\n<p data-start=\"1628\" data-end=\"1669\">M\u00e0u c\u1ed5 \u0111i\u1ec3n: <strong data-start=\"1641\" data-end=\"1667\">\u0110en, Tr\u1eafng, Trong su\u1ed1t<\/strong><\/p>\n<\/li>\n<li data-start=\"1670\" data-end=\"1720\">\n<p data-start=\"1672\" data-end=\"1720\">S\u1ebd c\u00f3 th\u00eam nhi\u1ec1u m\u00e0u s\u1eafc kh\u00e1c trong t\u01b0\u01a1ng lai.<\/p>\n<\/li>\n<\/ul>\n<hr data-start=\"1722\" data-end=\"1725\" \/>\n<h3 data-start=\"1727\" data-end=\"1755\">\ud83d\udce6 <strong data-start=\"1734\" data-end=\"1755\">Th\u00f4ng s\u1ed1 s\u1ea3n ph\u1ea9m<\/strong><\/h3>\n<div class=\"_tableContainer_1rjym_1\">\n<div class=\"_tableWrapper_1rjym_13 group flex w-fit flex-col-reverse\" tabindex=\"-1\">\n<table class=\"w-fit min-w-(--thread-content-width)\" data-start=\"1756\" data-end=\"2273\">\n<thead data-start=\"1756\" data-end=\"1794\">\n<tr data-start=\"1756\" data-end=\"1794\">\n<th data-start=\"1756\" data-end=\"1783\" data-col-size=\"sm\">Thu\u1ed9c t\u00ednh<\/th>\n<th data-start=\"1783\" data-end=\"1794\" data-col-size=\"md\">Gi\u00e1 tr\u1ecb<\/th>\n<\/tr>\n<\/thead>\n<tbody data-start=\"1834\" data-end=\"2273\">\n<tr data-start=\"1834\" data-end=\"1889\">\n<td data-start=\"1834\" data-end=\"1861\" data-col-size=\"sm\">T\u00ean s\u1ea3n ph\u1ea9m<\/td>\n<td data-start=\"1861\" data-end=\"1889\" data-col-size=\"md\">S\u1ee3i nh\u1ef1a Creality HP-TPU<\/td>\n<\/tr>\n<tr data-start=\"1890\" data-end=\"1924\">\n<td data-start=\"1890\" data-end=\"1917\" data-col-size=\"sm\">Tr\u1ecdng l\u01b0\u1ee3ng t\u1ecbnh<\/td>\n<td data-start=\"1917\" data-end=\"1924\" data-col-size=\"md\">1kg<\/td>\n<\/tr>\n<tr data-start=\"1925\" data-end=\"1962\">\n<td data-start=\"1925\" data-end=\"1952\" data-col-size=\"sm\">Tr\u1ecdng l\u01b0\u1ee3ng \u0111\u00f3ng g\u00f3i<\/td>\n<td data-start=\"1952\" data-end=\"1962\" data-col-size=\"md\">1.29kg<\/td>\n<\/tr>\n<tr data-start=\"1963\" data-end=\"2006\">\n<td data-start=\"1963\" data-end=\"1990\" data-col-size=\"sm\">K\u00edch th\u01b0\u1edbc cu\u1ed9n<\/td>\n<td data-start=\"1990\" data-end=\"2006\" data-col-size=\"md\">210\u00d7210\u00d770mm<\/td>\n<\/tr>\n<tr data-start=\"2007\" data-end=\"2050\">\n<td data-start=\"2007\" data-end=\"2034\" data-col-size=\"sm\">\u0110\u01b0\u1eddng k\u00ednh s\u1ee3i<\/td>\n<td data-start=\"2034\" data-end=\"2050\" data-col-size=\"md\">1.75mm \u00b10.05<\/td>\n<\/tr>\n<tr data-start=\"2051\" data-end=\"2091\">\n<td data-start=\"2051\" data-end=\"2078\" data-col-size=\"sm\">Nhi\u1ec7t \u0111\u1ed9 in<\/td>\n<td data-start=\"2078\" data-end=\"2091\" data-col-size=\"md\">210\u2013240\u00b0C<\/td>\n<\/tr>\n<tr data-start=\"2092\" data-end=\"2144\">\n<td data-start=\"2092\" data-end=\"2119\" data-col-size=\"sm\">Nhi\u1ec7t \u0111\u1ed9 b\u00e0n in<\/td>\n<td data-start=\"2119\" data-end=\"2144\" data-col-size=\"md\">Nhi\u1ec7t \u0111\u1ed9 ph\u00f2ng \u2013 60\u00b0C<\/td>\n<\/tr>\n<tr data-start=\"2145\" data-end=\"2186\">\n<td data-start=\"2145\" data-end=\"2172\" data-col-size=\"sm\">T\u1ed1c \u0111\u1ed9 in khuy\u1ebfn ngh\u1ecb<\/td>\n<td data-start=\"2172\" data-end=\"2186\" data-col-size=\"md\">30\u2013120mm\/s<\/td>\n<\/tr>\n<tr data-start=\"2187\" data-end=\"2273\">\n<td data-start=\"2187\" data-end=\"2214\" data-col-size=\"sm\">Model t\u01b0\u01a1ng th\u00edch<\/td>\n<td data-start=\"2214\" data-end=\"2273\" data-col-size=\"md\">M\u00e1y in 3D \u0111\u00f9n tr\u1ef1c ti\u1ebfp Creality v\u00e0 nhi\u1ec1u lo\u1ea1i m\u00e1y kh\u00e1c<\/td>\n<\/tr>\n<\/tbody>\n<\/table>\n<\/div>\n<\/div>\n<hr data-start=\"2275\" data-end=\"2278\" \/>\n<h3 data-start=\"2280\" data-end=\"2322\">\ud83d\udce6 <strong data-start=\"2287\" data-end=\"2322\">Th\u00f4ng tin \u0111\u00f3ng g\u00f3i th\u00f9ng carton<\/strong><\/h3>\n<ul data-start=\"2323\" data-end=\"2388\">\n<li data-start=\"2323\" data-end=\"2352\">\n<p data-start=\"2325\" data-end=\"2352\">Tr\u1ecdng l\u01b0\u1ee3ng th\u00f9ng: 16.5kg<\/p>\n<\/li>\n<li data-start=\"2353\" data-end=\"2388\">\n<p data-start=\"2355\" data-end=\"2388\">K\u00edch th\u01b0\u1edbc th\u00f9ng: 450\u00d7440\u00d7230mm<\/p>\n<\/li>\n<\/ul>\n<p>&nbsp;<\/p>\n<p>-\u0110\u00e2y l\u00e0 c\u00e1c trang b\u00e1n h\u00e0ng b\u00ean m\u00ecnh NGE 3D Printer Services chuy\u00ean cung c\u1ea5p Nh\u1ef1a in 3D v\u00e0 M\u00e1y in 3D c\u1ee7a H\u00e3ng ESUN, Flsun, BIQU, Creality, eMake3d&#8230;<br \/>\n\ud83d\uded2Shopee =&gt; https:\/\/shopee.vn\/nge3dprinter<br \/>\n\ud83d\uded2Shopee =&gt; https:\/\/shopee.vn\/nge3dservices<br \/>\n\ud83d\uded2Shopee Voron v\u00e0 eMake3D =&gt; https:\/\/shopee.vn\/3dmasterpower<br \/>\n\ud83d\uded2Shopee eMake3D =&gt; https:\/\/shopee.vn\/nge3dprinting<br \/>\n\ud83d\uded2Lazada =&gt; https:\/\/www.lazada.vn\/shop\/nge-3d-printer<br \/>\n\ud83d\uded2Lazada =&gt; https:\/\/www.lazada.vn\/shop\/nge-3d-printer-services<br \/>\n\ud83d\uded2Lazada =&gt; https:\/\/www.lazada.vn\/shop\/emake3d-vn<br \/>\n\ud83d\uded2Webslite Th\u1ebf H\u1ec7 K\u1ebf Ti\u1ebfp =&gt;https:\/\/www.theheketiep.com\/<br \/>\n\ud83d\uded2Webslite NGE.VN =&gt;https:\/\/www.nge.vn\/<br \/>\nHo\u1eb7c b\u1ea1n g\u1ecdi 094.144.0951 g\u1eb7p m\u00ecnh<br \/>\nHo\u1eb7c 0913939775 g\u1eb7p anh Qu\u00e2n<br \/>\n** Price does not include VAT (+8 or 10% if VAT invoice is issued)<\/p>","protected":false},"excerpt":{"rendered":"<p data-start=\"307\" data-end=\"447\">S\u1ee3i nh\u1ef1a TPU Creality HP-TPU in nhanh t\u1edbi 120mm\/s, d\u1ebbo dai, ch\u1ed1ng va \u0111\u1eadp, ch\u1ed1ng n\u01b0\u1edbc, kh\u00e1ng h\u00f3a ch\u1ea5t v\u00e0 b\u1ec1n b\u1ec9 cho c\u00e1c chi ti\u1ebft linh ho\u1ea1t.<\/p>","protected":false},"featured_media":6732,"comment_status":"open","ping_status":"closed","template":"","meta":{"inline_featured_image":false},"product_brand":[],"product_cat":[455,465,456],"product_tag":[718,495,933,932,663,697,931,934],"class_list":{"0":"post-6731","1":"product","2":"type-product","3":"status-publish","4":"has-post-thumbnail","6":"product_cat-nhua-in-3d","7":"product_cat-nhua-in-3d-creality","8":"product_cat-nhua-in-3d-fdm","9":"product_tag-3dprinting","10":"product_tag-creality","11":"product_tag-flexiblefilament","12":"product_tag-hptpu","13":"product_tag-nge3d","14":"product_tag-nhuain3d","15":"product_tag-tpu","16":"product_tag-tpufilament","18":"first","19":"instock","20":"taxable","21":"shipping-taxable","22":"purchasable","23":"product-type-variable"},"yoast_head":"<!-- This site is optimized with the Yoast SEO Premium plugin v22.8 (Yoast SEO v26.9) - https:\/\/yoast.com\/product\/yoast-seo-premium-wordpress\/ -->\n<title>Nh\u1ef1a in 3d FDM Creality HP-TPU t\u1ed1c \u0111\u1ed9 cao v\u00e0 \u0111\u1ed9 ch\u00ednh x\u00e1c cao - NGE 3D Printers Services<\/title>\n<meta name=\"description\" content=\"S\u1ee3i nh\u1ef1a TPU Creality HP-TPU in nhanh t\u1edbi 120mm\/s, d\u1ebbo dai, ch\u1ed1ng va \u0111\u1eadp, ch\u1ed1ng n\u01b0\u1edbc, kh\u00e1ng h\u00f3a ch\u1ea5t v\u00e0 b\u1ec1n b\u1ec9 cho c\u00e1c chi ti\u1ebft linh ho\u1ea1t.\" \/>\n<meta name=\"robots\" content=\"index, follow, max-snippet:-1, max-image-preview:large, max-video-preview:-1\" \/>\n<link rel=\"canonical\" href=\"https:\/\/nge.vn\/en\/product\/nhua-in-3d-fdm-creality-hp-tpu-toc-do-cao-va-do-chinh-xac-cao\/\" \/>\n<meta property=\"og:locale\" content=\"en_US\" \/>\n<meta property=\"og:type\" content=\"article\" \/>\n<meta property=\"og:title\" content=\"Nh\u1ef1a in 3d FDM Creality HP-TPU t\u1ed1c \u0111\u1ed9 cao v\u00e0 \u0111\u1ed9 ch\u00ednh x\u00e1c cao\" \/>\n<meta property=\"og:description\" content=\"S\u1ee3i nh\u1ef1a TPU Creality HP-TPU in nhanh t\u1edbi 120mm\/s, d\u1ebbo dai, ch\u1ed1ng va \u0111\u1eadp, ch\u1ed1ng n\u01b0\u1edbc, kh\u00e1ng h\u00f3a ch\u1ea5t v\u00e0 b\u1ec1n b\u1ec9 cho c\u00e1c chi ti\u1ebft linh ho\u1ea1t.\" \/>\n<meta property=\"og:url\" content=\"https:\/\/nge.vn\/en\/product\/nhua-in-3d-fdm-creality-hp-tpu-toc-do-cao-va-do-chinh-xac-cao\/\" \/>\n<meta property=\"og:site_name\" content=\"NGE 3D Printers Services\" \/>\n<meta property=\"article:modified_time\" content=\"2025-08-14T09:34:58+00:00\" \/>\n<meta property=\"og:image\" content=\"https:\/\/nge.vn\/wp-content\/uploads\/2025\/08\/vn-11134207-7ras8-mdd3fxcbzz9bb1_tn.jpeg\" \/>\n\t<meta property=\"og:image:width\" content=\"320\" \/>\n\t<meta property=\"og:image:height\" content=\"320\" \/>\n\t<meta property=\"og:image:type\" content=\"image\/jpeg\" \/>\n<meta name=\"twitter:card\" content=\"summary_large_image\" \/>\n<meta name=\"twitter:label1\" content=\"Est. reading time\" \/>\n\t<meta name=\"twitter:data1\" content=\"3 minutes\" \/>\n<script type=\"application\/ld+json\" class=\"yoast-schema-graph\">{\"@context\":\"https:\/\/schema.org\",\"@graph\":[{\"@type\":\"WebPage\",\"@id\":\"https:\/\/nge.vn\/san-pham\/nhua-in-3d-fdm-creality-hp-tpu-toc-do-cao-va-do-chinh-xac-cao\/\",\"url\":\"https:\/\/nge.vn\/san-pham\/nhua-in-3d-fdm-creality-hp-tpu-toc-do-cao-va-do-chinh-xac-cao\/\",\"name\":\"Nh\u1ef1a in 3d FDM Creality HP-TPU t\u1ed1c \u0111\u1ed9 cao v\u00e0 \u0111\u1ed9 ch\u00ednh x\u00e1c cao - NGE 3D Printers Services\",\"isPartOf\":{\"@id\":\"https:\/\/nge.vn\/#website\"},\"primaryImageOfPage\":{\"@id\":\"https:\/\/nge.vn\/san-pham\/nhua-in-3d-fdm-creality-hp-tpu-toc-do-cao-va-do-chinh-xac-cao\/#primaryimage\"},\"image\":{\"@id\":\"https:\/\/nge.vn\/san-pham\/nhua-in-3d-fdm-creality-hp-tpu-toc-do-cao-va-do-chinh-xac-cao\/#primaryimage\"},\"thumbnailUrl\":\"https:\/\/nge.vn\/wp-content\/uploads\/2025\/08\/vn-11134207-7ras8-mdd3fxcbzz9bb1_tn.jpeg\",\"datePublished\":\"2025-08-14T09:26:23+00:00\",\"dateModified\":\"2025-08-14T09:34:58+00:00\",\"description\":\"S\u1ee3i nh\u1ef1a TPU Creality HP-TPU in nhanh t\u1edbi 120mm\/s, d\u1ebbo dai, ch\u1ed1ng va \u0111\u1eadp, ch\u1ed1ng n\u01b0\u1edbc, kh\u00e1ng h\u00f3a ch\u1ea5t v\u00e0 b\u1ec1n b\u1ec9 cho c\u00e1c chi ti\u1ebft linh ho\u1ea1t.\",\"breadcrumb\":{\"@id\":\"https:\/\/nge.vn\/san-pham\/nhua-in-3d-fdm-creality-hp-tpu-toc-do-cao-va-do-chinh-xac-cao\/#breadcrumb\"},\"inLanguage\":\"en-US\",\"potentialAction\":[{\"@type\":\"ReadAction\",\"target\":[\"https:\/\/nge.vn\/san-pham\/nhua-in-3d-fdm-creality-hp-tpu-toc-do-cao-va-do-chinh-xac-cao\/\"]}]},{\"@type\":\"ImageObject\",\"inLanguage\":\"en-US\",\"@id\":\"https:\/\/nge.vn\/san-pham\/nhua-in-3d-fdm-creality-hp-tpu-toc-do-cao-va-do-chinh-xac-cao\/#primaryimage\",\"url\":\"https:\/\/nge.vn\/wp-content\/uploads\/2025\/08\/vn-11134207-7ras8-mdd3fxcbzz9bb1_tn.jpeg\",\"contentUrl\":\"https:\/\/nge.vn\/wp-content\/uploads\/2025\/08\/vn-11134207-7ras8-mdd3fxcbzz9bb1_tn.jpeg\",\"width\":320,\"height\":320},{\"@type\":\"BreadcrumbList\",\"@id\":\"https:\/\/nge.vn\/san-pham\/nhua-in-3d-fdm-creality-hp-tpu-toc-do-cao-va-do-chinh-xac-cao\/#breadcrumb\",\"itemListElement\":[{\"@type\":\"ListItem\",\"position\":1,\"name\":\"Trang ch\u1ee7\",\"item\":\"https:\/\/nge.vn\/\"},{\"@type\":\"ListItem\",\"position\":2,\"name\":\"S\u1ea3n ph\u1ea9m\",\"item\":\"https:\/\/nge.vn\/san-pham\/\"},{\"@type\":\"ListItem\",\"position\":3,\"name\":\"Nh\u1ef1a in 3d FDM Creality HP-TPU t\u1ed1c \u0111\u1ed9 cao v\u00e0 \u0111\u1ed9 ch\u00ednh x\u00e1c cao\"}]},{\"@type\":\"WebSite\",\"@id\":\"https:\/\/nge.vn\/#website\",\"url\":\"https:\/\/nge.vn\/\",\"name\":\"NGE 3D Printers Services\",\"description\":\"\",\"potentialAction\":[{\"@type\":\"SearchAction\",\"target\":{\"@type\":\"EntryPoint\",\"urlTemplate\":\"https:\/\/nge.vn\/?s={search_term_string}\"},\"query-input\":{\"@type\":\"PropertyValueSpecification\",\"valueRequired\":true,\"valueName\":\"search_term_string\"}}],\"inLanguage\":\"en-US\"}]}<\/script>\n<!-- \/ Yoast SEO Premium plugin. -->","yoast_head_json":{"title":"Nh\u1ef1a in 3d FDM Creality HP-TPU t\u1ed1c \u0111\u1ed9 cao v\u00e0 \u0111\u1ed9 ch\u00ednh x\u00e1c cao - NGE 3D Printers Services","description":"S\u1ee3i nh\u1ef1a TPU Creality HP-TPU in nhanh t\u1edbi 120mm\/s, d\u1ebbo dai, ch\u1ed1ng va \u0111\u1eadp, ch\u1ed1ng n\u01b0\u1edbc, kh\u00e1ng h\u00f3a ch\u1ea5t v\u00e0 b\u1ec1n b\u1ec9 cho c\u00e1c chi ti\u1ebft linh ho\u1ea1t.","robots":{"index":"index","follow":"follow","max-snippet":"max-snippet:-1","max-image-preview":"max-image-preview:large","max-video-preview":"max-video-preview:-1"},"canonical":"https:\/\/nge.vn\/en\/product\/nhua-in-3d-fdm-creality-hp-tpu-toc-do-cao-va-do-chinh-xac-cao\/","og_locale":"en_US","og_type":"article","og_title":"Nh\u1ef1a in 3d FDM Creality HP-TPU t\u1ed1c \u0111\u1ed9 cao v\u00e0 \u0111\u1ed9 ch\u00ednh x\u00e1c cao","og_description":"S\u1ee3i nh\u1ef1a TPU Creality HP-TPU in nhanh t\u1edbi 120mm\/s, d\u1ebbo dai, ch\u1ed1ng va \u0111\u1eadp, ch\u1ed1ng n\u01b0\u1edbc, kh\u00e1ng h\u00f3a ch\u1ea5t v\u00e0 b\u1ec1n b\u1ec9 cho c\u00e1c chi ti\u1ebft linh ho\u1ea1t.","og_url":"https:\/\/nge.vn\/en\/product\/nhua-in-3d-fdm-creality-hp-tpu-toc-do-cao-va-do-chinh-xac-cao\/","og_site_name":"NGE 3D Printers Services","article_modified_time":"2025-08-14T09:34:58+00:00","og_image":[{"width":320,"height":320,"url":"https:\/\/nge.vn\/wp-content\/uploads\/2025\/08\/vn-11134207-7ras8-mdd3fxcbzz9bb1_tn.jpeg","type":"image\/jpeg"}],"twitter_card":"summary_large_image","twitter_misc":{"Est. reading time":"3 minutes"},"schema":{"@context":"https:\/\/schema.org","@graph":[{"@type":"WebPage","@id":"https:\/\/nge.vn\/san-pham\/nhua-in-3d-fdm-creality-hp-tpu-toc-do-cao-va-do-chinh-xac-cao\/","url":"https:\/\/nge.vn\/san-pham\/nhua-in-3d-fdm-creality-hp-tpu-toc-do-cao-va-do-chinh-xac-cao\/","name":"Nh\u1ef1a in 3d FDM Creality HP-TPU t\u1ed1c \u0111\u1ed9 cao v\u00e0 \u0111\u1ed9 ch\u00ednh x\u00e1c cao - NGE 3D Printers Services","isPartOf":{"@id":"https:\/\/nge.vn\/#website"},"primaryImageOfPage":{"@id":"https:\/\/nge.vn\/san-pham\/nhua-in-3d-fdm-creality-hp-tpu-toc-do-cao-va-do-chinh-xac-cao\/#primaryimage"},"image":{"@id":"https:\/\/nge.vn\/san-pham\/nhua-in-3d-fdm-creality-hp-tpu-toc-do-cao-va-do-chinh-xac-cao\/#primaryimage"},"thumbnailUrl":"https:\/\/nge.vn\/wp-content\/uploads\/2025\/08\/vn-11134207-7ras8-mdd3fxcbzz9bb1_tn.jpeg","datePublished":"2025-08-14T09:26:23+00:00","dateModified":"2025-08-14T09:34:58+00:00","description":"S\u1ee3i nh\u1ef1a TPU Creality HP-TPU in nhanh t\u1edbi 120mm\/s, d\u1ebbo dai, ch\u1ed1ng va \u0111\u1eadp, ch\u1ed1ng n\u01b0\u1edbc, kh\u00e1ng h\u00f3a ch\u1ea5t v\u00e0 b\u1ec1n b\u1ec9 cho c\u00e1c chi ti\u1ebft linh ho\u1ea1t.","breadcrumb":{"@id":"https:\/\/nge.vn\/san-pham\/nhua-in-3d-fdm-creality-hp-tpu-toc-do-cao-va-do-chinh-xac-cao\/#breadcrumb"},"inLanguage":"en-US","potentialAction":[{"@type":"ReadAction","target":["https:\/\/nge.vn\/san-pham\/nhua-in-3d-fdm-creality-hp-tpu-toc-do-cao-va-do-chinh-xac-cao\/"]}]},{"@type":"ImageObject","inLanguage":"en-US","@id":"https:\/\/nge.vn\/san-pham\/nhua-in-3d-fdm-creality-hp-tpu-toc-do-cao-va-do-chinh-xac-cao\/#primaryimage","url":"https:\/\/nge.vn\/wp-content\/uploads\/2025\/08\/vn-11134207-7ras8-mdd3fxcbzz9bb1_tn.jpeg","contentUrl":"https:\/\/nge.vn\/wp-content\/uploads\/2025\/08\/vn-11134207-7ras8-mdd3fxcbzz9bb1_tn.jpeg","width":320,"height":320},{"@type":"BreadcrumbList","@id":"https:\/\/nge.vn\/san-pham\/nhua-in-3d-fdm-creality-hp-tpu-toc-do-cao-va-do-chinh-xac-cao\/#breadcrumb","itemListElement":[{"@type":"ListItem","position":1,"name":"Trang ch\u1ee7","item":"https:\/\/nge.vn\/"},{"@type":"ListItem","position":2,"name":"S\u1ea3n ph\u1ea9m","item":"https:\/\/nge.vn\/san-pham\/"},{"@type":"ListItem","position":3,"name":"Nh\u1ef1a in 3d FDM Creality HP-TPU t\u1ed1c \u0111\u1ed9 cao v\u00e0 \u0111\u1ed9 ch\u00ednh x\u00e1c cao"}]},{"@type":"WebSite","@id":"https:\/\/nge.vn\/#website","url":"https:\/\/nge.vn\/","name":"NGE 3D Printers Services","description":"","potentialAction":[{"@type":"SearchAction","target":{"@type":"EntryPoint","urlTemplate":"https:\/\/nge.vn\/?s={search_term_string}"},"query-input":{"@type":"PropertyValueSpecification","valueRequired":true,"valueName":"search_term_string"}}],"inLanguage":"en-US"}]}},"_links":{"self":[{"href":"https:\/\/nge.vn\/en\/wp-json\/wp\/v2\/product\/6731","targetHints":{"allow":["GET"]}}],"collection":[{"href":"https:\/\/nge.vn\/en\/wp-json\/wp\/v2\/product"}],"about":[{"href":"https:\/\/nge.vn\/en\/wp-json\/wp\/v2\/types\/product"}],"replies":[{"embeddable":true,"href":"https:\/\/nge.vn\/en\/wp-json\/wp\/v2\/comments?post=6731"}],"wp:featuredmedia":[{"embeddable":true,"href":"https:\/\/nge.vn\/en\/wp-json\/wp\/v2\/media\/6732"}],"wp:attachment":[{"href":"https:\/\/nge.vn\/en\/wp-json\/wp\/v2\/media?parent=6731"}],"wp:term":[{"taxonomy":"product_brand","embeddable":true,"href":"https:\/\/nge.vn\/en\/wp-json\/wp\/v2\/product_brand?post=6731"},{"taxonomy":"product_cat","embeddable":true,"href":"https:\/\/nge.vn\/en\/wp-json\/wp\/v2\/product_cat?post=6731"},{"taxonomy":"product_tag","embeddable":true,"href":"https:\/\/nge.vn\/en\/wp-json\/wp\/v2\/product_tag?post=6731"}],"curies":[{"name":"wp","href":"https:\/\/api.w.org\/{rel}","templated":true}]}}