{"id":6704,"date":"2025-08-13T18:00:32","date_gmt":"2025-08-13T11:00:32","guid":{"rendered":"https:\/\/nge.vn\/?post_type=product&#038;p=6704"},"modified":"2025-11-21T09:53:45","modified_gmt":"2025-11-21T02:53:45","slug":"nhua-in-3d-fdm-creality-hyper-petg-1kg-cuon","status":"publish","type":"product","link":"https:\/\/nge.vn\/en\/product\/nhua-in-3d-fdm-creality-hyper-petg-1kg-cuon\/","title":{"rendered":"Nh\u1ef1a in 3d FDM Creality Hyper PETG 1kg\/ Cu\u1ed9n"},"content":{"rendered":"<h3 data-start=\"783\" data-end=\"838\">\ud83d\udccd <strong data-start=\"790\" data-end=\"838\">Creality Hyper PETG \u2013 T\u1ed1i \u01b0u t\u1ed1c \u0111\u1ed9 &amp; \u0111\u1ed9 b\u1ec1n<\/strong><\/h3>\n<p data-start=\"839\" data-end=\"999\">Creality Hyper PETG \u0111\u01b0\u1ee3c c\u1ea3i ti\u1ebfn c\u00f4ng th\u1ee9c \u0111\u1ec3 v\u1eeba <strong data-start=\"890\" data-end=\"923\">in t\u1ed1c \u0111\u1ed9 cao l\u00ean t\u1edbi 300mm\/s<\/strong>, v\u1eeba duy tr\u00ec <strong data-start=\"937\" data-end=\"998\">\u0111\u1ed9 b\u1ec1n, kh\u1ea3 n\u0103ng ch\u1ecbu va \u0111\u1eadp v\u00e0 kh\u00e1ng th\u1eddi ti\u1ebft v\u01b0\u1ee3t tr\u1ed9i<\/strong>.<\/p>\n<hr data-start=\"1001\" data-end=\"1004\" \/>\n<h3 data-start=\"1006\" data-end=\"1033\">\ud83c\udf1f <strong data-start=\"1013\" data-end=\"1033\">\u0110\u1eb7c \u0111i\u1ec3m n\u1ed5i b\u1eadt<\/strong><\/h3>\n<ul data-start=\"1034\" data-end=\"1644\">\n<li data-start=\"1034\" data-end=\"1125\">\n<p data-start=\"1036\" data-end=\"1125\"><strong data-start=\"1036\" data-end=\"1059\">T\u1ed1c \u0111\u1ed9 in v\u01b0\u1ee3t tr\u1ed9i<\/strong> \u2013 C\u00f4ng th\u1ee9c t\u1ed1i \u01b0u gi\u00fap d\u00f2ng ch\u1ea3y \u1ed5n \u0111\u1ecbnh, ti\u1ebft ki\u1ec7m th\u1eddi gian.<\/p>\n<\/li>\n<li data-start=\"1126\" data-end=\"1221\">\n<p data-start=\"1128\" data-end=\"1221\"><strong data-start=\"1128\" data-end=\"1143\">\u0110\u00f9n m\u01b0\u1ee3t m\u00e0<\/strong> \u2013 Gi\u1ea3m hi\u1ec7n t\u01b0\u1ee3ng d\u00e2y m\u1ef1c, b\u00e1m \u0111\u1ea7u phun; t\u00e1i t\u1ea1o t\u1ed1t c\u00e1c chi ti\u1ebft ph\u1ee9c t\u1ea1p.<\/p>\n<\/li>\n<li data-start=\"1222\" data-end=\"1308\">\n<p data-start=\"1224\" data-end=\"1308\"><strong data-start=\"1224\" data-end=\"1253\">Ch\u1ecbu va \u0111\u1eadp &amp; \u0111\u00e0n h\u1ed3i cao<\/strong> \u2013 Kh\u00f3 g\u00e3y khi va ch\u1ea1m, ph\u00f9 h\u1ee3p in chi ti\u1ebft k\u1ef9 thu\u1eadt.<\/p>\n<\/li>\n<li data-start=\"1309\" data-end=\"1398\">\n<p data-start=\"1311\" data-end=\"1398\"><strong data-start=\"1311\" data-end=\"1329\">Kh\u00e1ng h\u00f3a ch\u1ea5t<\/strong> \u2013 Ch\u1ed1ng \u0103n m\u00f2n t\u1eeb nhi\u1ec1u lo\u1ea1i dung m\u00f4i, b\u1ec1n trong nhi\u1ec1u m\u00f4i tr\u01b0\u1eddng.<\/p>\n<\/li>\n<li data-start=\"1399\" data-end=\"1470\">\n<p data-start=\"1401\" data-end=\"1470\"><strong data-start=\"1401\" data-end=\"1424\">Ch\u1ed1ng n\u01b0\u1edbc &amp; tia UV<\/strong> \u2013 L\u00fd t\u01b0\u1edfng cho s\u1ea3n ph\u1ea9m s\u1eed d\u1ee5ng ngo\u00e0i tr\u1eddi.<\/p>\n<\/li>\n<li data-start=\"1471\" data-end=\"1549\">\n<p data-start=\"1473\" data-end=\"1549\"><strong data-start=\"1473\" data-end=\"1494\">Hi\u1ec7u \u1ee9ng trong m\u1edd<\/strong> \u2013 V\u1eadt li\u1ec7u trong su\u1ed1t cho hi\u1ec7u \u1ee9ng \u00e1nh s\u00e1ng \u0111\u1eb9p m\u1eaft.<\/p>\n<\/li>\n<li data-start=\"1550\" data-end=\"1644\">\n<p data-start=\"1552\" data-end=\"1644\"><strong data-start=\"1552\" data-end=\"1572\">T\u01b0\u01a1ng th\u00edch r\u1ed9ng<\/strong> \u2013 D\u00f9ng cho t\u1ea5t c\u1ea3 m\u00e1y in 3D Creality v\u00e0 \u0111a s\u1ed1 m\u00e1y in tr\u00ean th\u1ecb tr\u01b0\u1eddng.<\/p>\n<\/li>\n<\/ul>\n<hr data-start=\"1646\" data-end=\"1649\" \/>\n<h3 data-start=\"1651\" data-end=\"1679\">\ud83d\udce6 <strong data-start=\"1658\" data-end=\"1679\">Th\u00f4ng s\u1ed1 k\u1ef9 thu\u1eadt<\/strong><\/h3>\n<div class=\"_tableContainer_1rjym_1\">\n<div class=\"_tableWrapper_1rjym_13 group flex w-fit flex-col-reverse\" tabindex=\"-1\">\n<table class=\"w-fit min-w-(--thread-content-width)\" data-start=\"1680\" data-end=\"2141\">\n<thead data-start=\"1680\" data-end=\"1718\">\n<tr data-start=\"1680\" data-end=\"1718\">\n<th data-start=\"1680\" data-end=\"1707\" data-col-size=\"sm\">Thu\u1ed9c t\u00ednh<\/th>\n<th data-start=\"1707\" data-end=\"1718\" data-col-size=\"md\">Gi\u00e1 tr\u1ecb<\/th>\n<\/tr>\n<\/thead>\n<tbody data-start=\"1758\" data-end=\"2141\">\n<tr data-start=\"1758\" data-end=\"1808\">\n<td data-start=\"1758\" data-end=\"1785\" data-col-size=\"sm\">T\u00ean s\u1ea3n ph\u1ea9m<\/td>\n<td data-start=\"1785\" data-end=\"1808\" data-col-size=\"md\">Creality Hyper PETG<\/td>\n<\/tr>\n<tr data-start=\"1809\" data-end=\"1852\">\n<td data-start=\"1809\" data-end=\"1836\" data-col-size=\"sm\">\u0110\u01b0\u1eddng k\u00ednh s\u1ee3i<\/td>\n<td data-start=\"1836\" data-end=\"1852\" data-col-size=\"md\">1.75mm \u00b10.05<\/td>\n<\/tr>\n<tr data-start=\"1853\" data-end=\"1887\">\n<td data-start=\"1853\" data-end=\"1880\" data-col-size=\"sm\">Tr\u1ecdng l\u01b0\u1ee3ng t\u1ecbnh<\/td>\n<td data-start=\"1880\" data-end=\"1887\" data-col-size=\"md\">1kg<\/td>\n<\/tr>\n<tr data-start=\"1888\" data-end=\"1931\">\n<td data-start=\"1888\" data-end=\"1915\" data-col-size=\"sm\">K\u00edch th\u01b0\u1edbc cu\u1ed9n<\/td>\n<td data-start=\"1915\" data-end=\"1931\" data-col-size=\"md\">210\u00d7210\u00d770mm<\/td>\n<\/tr>\n<tr data-start=\"1932\" data-end=\"2021\">\n<td data-start=\"1932\" data-end=\"1959\" data-col-size=\"sm\">M\u00e0u s\u1eafc<\/td>\n<td data-start=\"1959\" data-end=\"2021\" data-col-size=\"md\">\u0110en, Tr\u1eafng, X\u00e1m, Trong su\u1ed1t, \u0110\u1ecf, V\u00e0ng, Xanh d\u01b0\u01a1ng, Xanh l\u00e1<\/td>\n<\/tr>\n<tr data-start=\"2022\" data-end=\"2062\">\n<td data-start=\"2022\" data-end=\"2049\" data-col-size=\"sm\">Nhi\u1ec7t \u0111\u1ed9 in<\/td>\n<td data-start=\"2049\" data-end=\"2062\" data-col-size=\"md\">190\u2013260\u00b0C<\/td>\n<\/tr>\n<tr data-start=\"2063\" data-end=\"2099\">\n<td data-start=\"2063\" data-end=\"2090\" data-col-size=\"sm\">Nhi\u1ec7t \u0111\u1ed9 b\u00e0n in<\/td>\n<td data-start=\"2090\" data-end=\"2099\" data-col-size=\"md\">~45\u00b0C<\/td>\n<\/tr>\n<tr data-start=\"2100\" data-end=\"2141\">\n<td data-start=\"2100\" data-end=\"2127\" data-col-size=\"sm\">T\u1ed1c \u0111\u1ed9 in khuy\u1ebfn ngh\u1ecb<\/td>\n<td data-start=\"2127\" data-end=\"2141\" data-col-size=\"md\">50\u2013300mm\/s<\/td>\n<\/tr>\n<\/tbody>\n<\/table>\n<div class=\"sticky end-(--thread-content-margin) h-0 self-end select-none\">\n<div class=\"absolute end-0 flex items-end\"><\/div>\n<\/div>\n<\/div>\n<\/div>\n<hr data-start=\"2143\" data-end=\"2146\" \/>\n<h3 data-start=\"2148\" data-end=\"2174\">\ud83d\udd27 <strong data-start=\"2155\" data-end=\"2174\">Th\u00f4ng s\u1ed1 c\u01a1 h\u1ecdc<\/strong><\/h3>\n<ul data-start=\"2175\" data-end=\"2326\">\n<li data-start=\"2175\" data-end=\"2200\">\n<p data-start=\"2177\" data-end=\"2200\">\u0110\u1ed9 b\u1ec1n k\u00e9o: 40\u201350 MPa<\/p>\n<\/li>\n<li data-start=\"2201\" data-end=\"2231\">\n<p data-start=\"2203\" data-end=\"2231\">\u0110\u1ed9 gi\u00e3n d\u00e0i khi \u0111\u1ee9t: 6\u201310%<\/p>\n<\/li>\n<li data-start=\"2232\" data-end=\"2265\">\n<p data-start=\"2234\" data-end=\"2265\">M\u00f4 \u0111un \u0111\u00e0n h\u1ed3i: 3100\u20133500 MPa<\/p>\n<\/li>\n<li data-start=\"2266\" data-end=\"2296\">\n<p data-start=\"2268\" data-end=\"2296\">\u0110\u1ed9 b\u1ec1n va \u0111\u1eadp: 35\u201355 kJ\/m\u00b2<\/p>\n<\/li>\n<li data-start=\"2297\" data-end=\"2326\">\n<p data-start=\"2299\" data-end=\"2326\">M\u00f4 \u0111un u\u1ed1n: 2000\u20132200 MPa<\/p>\n<\/li>\n<\/ul>\n<hr data-start=\"2328\" data-end=\"2331\" \/>\n<p data-start=\"2333\" data-end=\"2429\">\ud83d\udca1 <strong data-start=\"2336\" data-end=\"2355\">M\u1eb9o in \u0111\u1eb9p h\u01a1n:<\/strong> S\u1ea5y kh\u00f4 s\u1ee3i nh\u1ef1a tr\u01b0\u1edbc khi in b\u1eb1ng m\u00e1y s\u1ea5y Creality \u1edf 50\u00b0C trong 8 gi\u1edd.<\/p>\n<blockquote class=\"wp-embedded-content\" data-secret=\"u7LCLvuX1r\"><p><a href=\"https:\/\/nge.vn\/en\/product\/may-say-soi-nhua-creality-spacepi-x4-filament-dryer\/\">M\u00e1y s\u1ea5y s\u1ee3i nh\u1ef1a Creality SpacePi X4 Filament Dryer<\/a><\/p><\/blockquote>\n<p><iframe loading=\"lazy\" class=\"wp-embedded-content\" sandbox=\"allow-scripts\" security=\"restricted\" style=\"position: absolute; visibility: hidden;\" title=\"&#8220;M\u00e1y s\u1ea5y s\u1ee3i nh\u1ef1a Creality SpacePi X4 Filament Dryer&#8221; &#8212; NGE 3D Printers Services\" src=\"https:\/\/nge.vn\/san-pham\/may-say-soi-nhua-creality-spacepi-x4-filament-dryer\/embed\/#?secret=gBqgIPypAt#?secret=u7LCLvuX1r\" data-secret=\"u7LCLvuX1r\" width=\"600\" height=\"338\" frameborder=\"0\" marginwidth=\"0\" marginheight=\"0\" scrolling=\"no\"><\/iframe><\/p>\n<p data-start=\"2333\" data-end=\"2429\">_\u0110\u00e2y l\u00e0 c\u00e1c trang b\u00e1n h\u00e0ng b\u00ean m\u00ecnh NGE 3D Printer Services chuy\u00ean cung c\u1ea5p Nh\u1ef1a in 3D v\u00e0 M\u00e1y in 3D c\u1ee7a H\u00e3ng ESUN, Flsun, BIQU, Creality, eMake3d&#8230;<br \/>\n\ud83d\uded2Shopee =&gt; https:\/\/shopee.vn\/nge3dprinter<br \/>\n\ud83d\uded2Shopee =&gt; https:\/\/shopee.vn\/nge3dservices<br \/>\n\ud83d\uded2Shopee Voron v\u00e0 eMake3D =&gt; https:\/\/shopee.vn\/3dmasterpower<br \/>\n\ud83d\uded2Shopee eMake3D =&gt; https:\/\/shopee.vn\/nge3dprinting<br \/>\n\ud83d\uded2Lazada =&gt; https:\/\/www.lazada.vn\/shop\/nge-3d-printer<br \/>\n\ud83d\uded2Lazada =&gt; https:\/\/www.lazada.vn\/shop\/nge-3d-printer-services<br \/>\n\ud83d\uded2Lazada =&gt; https:\/\/www.lazada.vn\/shop\/emake3d-vn<br \/>\n\ud83d\uded2Webslite Th\u1ebf H\u1ec7 K\u1ebf Ti\u1ebfp =&gt;https:\/\/www.theheketiep.com\/<br \/>\n\ud83d\uded2Webslite NGE.VN =&gt;https:\/\/www.nge.vn\/<br \/>\nHo\u1eb7c b\u1ea1n g\u1ecdi 094.144.0951 g\u1eb7p m\u00ecnh<br \/>\nHo\u1eb7c 0913939775 g\u1eb7p anh Qu\u00e2n<br \/>\n** Price does not include VAT (+8 or 10% if VAT invoice is issued)<\/p>","protected":false},"excerpt":{"rendered":"<p data-start=\"296\" data-end=\"442\">Nh\u1ef1a in 3D Creality Hyper PETG in nhanh t\u1edbi 300mm\/s, b\u1ec1n, ch\u1ed1ng va \u0111\u1eadp, kh\u00e1ng h\u00f3a ch\u1ea5t, ch\u1ed1ng n\u01b0\u1edbc v\u00e0 tia UV, ph\u00f9 h\u1ee3p c\u1ea3 trong nh\u00e0 l\u1eabn ngo\u00e0i tr\u1eddi.<\/p>","protected":false},"featured_media":6705,"comment_status":"open","ping_status":"closed","template":"","meta":{"inline_featured_image":false},"product_brand":[],"product_cat":[455,465,456],"product_tag":[495,719,929,930,663,697,831],"class_list":{"0":"post-6704","1":"product","2":"type-product","3":"status-publish","4":"has-post-thumbnail","6":"product_cat-nhua-in-3d","7":"product_cat-nhua-in-3d-creality","8":"product_cat-nhua-in-3d-fdm","9":"product_tag-creality","10":"product_tag-filament3d","11":"product_tag-hyperpetg","12":"product_tag-maysaynhua","13":"product_tag-nge3d","14":"product_tag-nhuain3d","15":"product_tag-petg","17":"first","18":"instock","19":"taxable","20":"shipping-taxable","21":"purchasable","22":"product-type-variable"},"yoast_head":"<!-- This site is optimized with the Yoast SEO Premium plugin v22.8 (Yoast SEO v26.9) - https:\/\/yoast.com\/product\/yoast-seo-premium-wordpress\/ -->\n<title>Nh\u1ef1a in 3d FDM Creality Hyper PETG 1kg\/ Cu\u1ed9n - NGE 3D Printers Services<\/title>\n<meta name=\"description\" content=\"Nh\u1ef1a in 3D Creality Hyper PETG in nhanh t\u1edbi 300mm\/s, b\u1ec1n, ch\u1ed1ng va \u0111\u1eadp, kh\u00e1ng h\u00f3a ch\u1ea5t, ch\u1ed1ng n\u01b0\u1edbc v\u00e0 tia UV, ph\u00f9 h\u1ee3p c\u1ea3 trong nh\u00e0 l\u1eabn ngo\u00e0i tr\u1eddi.\" \/>\n<meta name=\"robots\" content=\"index, follow, max-snippet:-1, max-image-preview:large, max-video-preview:-1\" \/>\n<link rel=\"canonical\" href=\"https:\/\/nge.vn\/en\/product\/nhua-in-3d-fdm-creality-hyper-petg-1kg-cuon\/\" \/>\n<meta property=\"og:locale\" content=\"en_US\" \/>\n<meta property=\"og:type\" content=\"article\" \/>\n<meta property=\"og:title\" content=\"Nh\u1ef1a in 3d FDM Creality Hyper PETG 1kg\/ Cu\u1ed9n\" \/>\n<meta property=\"og:description\" content=\"Nh\u1ef1a in 3D Creality Hyper PETG in nhanh t\u1edbi 300mm\/s, b\u1ec1n, ch\u1ed1ng va \u0111\u1eadp, kh\u00e1ng h\u00f3a ch\u1ea5t, ch\u1ed1ng n\u01b0\u1edbc v\u00e0 tia UV, ph\u00f9 h\u1ee3p c\u1ea3 trong nh\u00e0 l\u1eabn ngo\u00e0i tr\u1eddi.\" \/>\n<meta property=\"og:url\" content=\"https:\/\/nge.vn\/en\/product\/nhua-in-3d-fdm-creality-hyper-petg-1kg-cuon\/\" \/>\n<meta property=\"og:site_name\" content=\"NGE 3D Printers Services\" \/>\n<meta property=\"article:modified_time\" content=\"2025-11-21T02:53:45+00:00\" \/>\n<meta property=\"og:image\" content=\"https:\/\/nge.vn\/wp-content\/uploads\/2025\/08\/sg-11134201-7rdxn-mdcrhbvoh146e1_tn.jpg\" \/>\n\t<meta property=\"og:image:width\" content=\"320\" \/>\n\t<meta property=\"og:image:height\" content=\"320\" \/>\n\t<meta property=\"og:image:type\" content=\"image\/jpeg\" \/>\n<meta name=\"twitter:card\" content=\"summary_large_image\" \/>\n<meta name=\"twitter:label1\" content=\"Est. reading time\" \/>\n\t<meta name=\"twitter:data1\" content=\"3 minutes\" \/>\n<script type=\"application\/ld+json\" class=\"yoast-schema-graph\">{\"@context\":\"https:\/\/schema.org\",\"@graph\":[{\"@type\":\"WebPage\",\"@id\":\"https:\/\/nge.vn\/san-pham\/nhua-in-3d-fdm-creality-hyper-petg-1kg-cuon\/\",\"url\":\"https:\/\/nge.vn\/san-pham\/nhua-in-3d-fdm-creality-hyper-petg-1kg-cuon\/\",\"name\":\"Nh\u1ef1a in 3d FDM Creality Hyper PETG 1kg\/ Cu\u1ed9n - NGE 3D Printers Services\",\"isPartOf\":{\"@id\":\"https:\/\/nge.vn\/#website\"},\"primaryImageOfPage\":{\"@id\":\"https:\/\/nge.vn\/san-pham\/nhua-in-3d-fdm-creality-hyper-petg-1kg-cuon\/#primaryimage\"},\"image\":{\"@id\":\"https:\/\/nge.vn\/san-pham\/nhua-in-3d-fdm-creality-hyper-petg-1kg-cuon\/#primaryimage\"},\"thumbnailUrl\":\"https:\/\/nge.vn\/wp-content\/uploads\/2025\/08\/sg-11134201-7rdxn-mdcrhbvoh146e1_tn.jpg\",\"datePublished\":\"2025-08-13T11:00:32+00:00\",\"dateModified\":\"2025-11-21T02:53:45+00:00\",\"description\":\"Nh\u1ef1a in 3D Creality Hyper PETG in nhanh t\u1edbi 300mm\/s, b\u1ec1n, ch\u1ed1ng va \u0111\u1eadp, kh\u00e1ng h\u00f3a ch\u1ea5t, ch\u1ed1ng n\u01b0\u1edbc v\u00e0 tia UV, ph\u00f9 h\u1ee3p c\u1ea3 trong nh\u00e0 l\u1eabn ngo\u00e0i tr\u1eddi.\",\"breadcrumb\":{\"@id\":\"https:\/\/nge.vn\/san-pham\/nhua-in-3d-fdm-creality-hyper-petg-1kg-cuon\/#breadcrumb\"},\"inLanguage\":\"en-US\",\"potentialAction\":[{\"@type\":\"ReadAction\",\"target\":[\"https:\/\/nge.vn\/san-pham\/nhua-in-3d-fdm-creality-hyper-petg-1kg-cuon\/\"]}]},{\"@type\":\"ImageObject\",\"inLanguage\":\"en-US\",\"@id\":\"https:\/\/nge.vn\/san-pham\/nhua-in-3d-fdm-creality-hyper-petg-1kg-cuon\/#primaryimage\",\"url\":\"https:\/\/nge.vn\/wp-content\/uploads\/2025\/08\/sg-11134201-7rdxn-mdcrhbvoh146e1_tn.jpg\",\"contentUrl\":\"https:\/\/nge.vn\/wp-content\/uploads\/2025\/08\/sg-11134201-7rdxn-mdcrhbvoh146e1_tn.jpg\",\"width\":320,\"height\":320},{\"@type\":\"BreadcrumbList\",\"@id\":\"https:\/\/nge.vn\/san-pham\/nhua-in-3d-fdm-creality-hyper-petg-1kg-cuon\/#breadcrumb\",\"itemListElement\":[{\"@type\":\"ListItem\",\"position\":1,\"name\":\"Trang ch\u1ee7\",\"item\":\"https:\/\/nge.vn\/\"},{\"@type\":\"ListItem\",\"position\":2,\"name\":\"S\u1ea3n ph\u1ea9m\",\"item\":\"https:\/\/nge.vn\/san-pham\/\"},{\"@type\":\"ListItem\",\"position\":3,\"name\":\"Nh\u1ef1a in 3d FDM Creality Hyper PETG 1kg\/ Cu\u1ed9n\"}]},{\"@type\":\"WebSite\",\"@id\":\"https:\/\/nge.vn\/#website\",\"url\":\"https:\/\/nge.vn\/\",\"name\":\"NGE 3D Printers Services\",\"description\":\"\",\"potentialAction\":[{\"@type\":\"SearchAction\",\"target\":{\"@type\":\"EntryPoint\",\"urlTemplate\":\"https:\/\/nge.vn\/?s={search_term_string}\"},\"query-input\":{\"@type\":\"PropertyValueSpecification\",\"valueRequired\":true,\"valueName\":\"search_term_string\"}}],\"inLanguage\":\"en-US\"}]}<\/script>\n<!-- \/ Yoast SEO Premium plugin. -->","yoast_head_json":{"title":"Nh\u1ef1a in 3d FDM Creality Hyper PETG 1kg\/ Cu\u1ed9n - NGE 3D Printers Services","description":"Nh\u1ef1a in 3D Creality Hyper PETG in nhanh t\u1edbi 300mm\/s, b\u1ec1n, ch\u1ed1ng va \u0111\u1eadp, kh\u00e1ng h\u00f3a ch\u1ea5t, ch\u1ed1ng n\u01b0\u1edbc v\u00e0 tia UV, ph\u00f9 h\u1ee3p c\u1ea3 trong nh\u00e0 l\u1eabn ngo\u00e0i tr\u1eddi.","robots":{"index":"index","follow":"follow","max-snippet":"max-snippet:-1","max-image-preview":"max-image-preview:large","max-video-preview":"max-video-preview:-1"},"canonical":"https:\/\/nge.vn\/en\/product\/nhua-in-3d-fdm-creality-hyper-petg-1kg-cuon\/","og_locale":"en_US","og_type":"article","og_title":"Nh\u1ef1a in 3d FDM Creality Hyper PETG 1kg\/ Cu\u1ed9n","og_description":"Nh\u1ef1a in 3D Creality Hyper PETG in nhanh t\u1edbi 300mm\/s, b\u1ec1n, ch\u1ed1ng va \u0111\u1eadp, kh\u00e1ng h\u00f3a ch\u1ea5t, ch\u1ed1ng n\u01b0\u1edbc v\u00e0 tia UV, ph\u00f9 h\u1ee3p c\u1ea3 trong nh\u00e0 l\u1eabn ngo\u00e0i tr\u1eddi.","og_url":"https:\/\/nge.vn\/en\/product\/nhua-in-3d-fdm-creality-hyper-petg-1kg-cuon\/","og_site_name":"NGE 3D Printers Services","article_modified_time":"2025-11-21T02:53:45+00:00","og_image":[{"width":320,"height":320,"url":"https:\/\/nge.vn\/wp-content\/uploads\/2025\/08\/sg-11134201-7rdxn-mdcrhbvoh146e1_tn.jpg","type":"image\/jpeg"}],"twitter_card":"summary_large_image","twitter_misc":{"Est. reading time":"3 minutes"},"schema":{"@context":"https:\/\/schema.org","@graph":[{"@type":"WebPage","@id":"https:\/\/nge.vn\/san-pham\/nhua-in-3d-fdm-creality-hyper-petg-1kg-cuon\/","url":"https:\/\/nge.vn\/san-pham\/nhua-in-3d-fdm-creality-hyper-petg-1kg-cuon\/","name":"Nh\u1ef1a in 3d FDM Creality Hyper PETG 1kg\/ Cu\u1ed9n - NGE 3D Printers Services","isPartOf":{"@id":"https:\/\/nge.vn\/#website"},"primaryImageOfPage":{"@id":"https:\/\/nge.vn\/san-pham\/nhua-in-3d-fdm-creality-hyper-petg-1kg-cuon\/#primaryimage"},"image":{"@id":"https:\/\/nge.vn\/san-pham\/nhua-in-3d-fdm-creality-hyper-petg-1kg-cuon\/#primaryimage"},"thumbnailUrl":"https:\/\/nge.vn\/wp-content\/uploads\/2025\/08\/sg-11134201-7rdxn-mdcrhbvoh146e1_tn.jpg","datePublished":"2025-08-13T11:00:32+00:00","dateModified":"2025-11-21T02:53:45+00:00","description":"Nh\u1ef1a in 3D Creality Hyper PETG in nhanh t\u1edbi 300mm\/s, b\u1ec1n, ch\u1ed1ng va \u0111\u1eadp, kh\u00e1ng h\u00f3a ch\u1ea5t, ch\u1ed1ng n\u01b0\u1edbc v\u00e0 tia UV, ph\u00f9 h\u1ee3p c\u1ea3 trong nh\u00e0 l\u1eabn ngo\u00e0i tr\u1eddi.","breadcrumb":{"@id":"https:\/\/nge.vn\/san-pham\/nhua-in-3d-fdm-creality-hyper-petg-1kg-cuon\/#breadcrumb"},"inLanguage":"en-US","potentialAction":[{"@type":"ReadAction","target":["https:\/\/nge.vn\/san-pham\/nhua-in-3d-fdm-creality-hyper-petg-1kg-cuon\/"]}]},{"@type":"ImageObject","inLanguage":"en-US","@id":"https:\/\/nge.vn\/san-pham\/nhua-in-3d-fdm-creality-hyper-petg-1kg-cuon\/#primaryimage","url":"https:\/\/nge.vn\/wp-content\/uploads\/2025\/08\/sg-11134201-7rdxn-mdcrhbvoh146e1_tn.jpg","contentUrl":"https:\/\/nge.vn\/wp-content\/uploads\/2025\/08\/sg-11134201-7rdxn-mdcrhbvoh146e1_tn.jpg","width":320,"height":320},{"@type":"BreadcrumbList","@id":"https:\/\/nge.vn\/san-pham\/nhua-in-3d-fdm-creality-hyper-petg-1kg-cuon\/#breadcrumb","itemListElement":[{"@type":"ListItem","position":1,"name":"Trang ch\u1ee7","item":"https:\/\/nge.vn\/"},{"@type":"ListItem","position":2,"name":"S\u1ea3n ph\u1ea9m","item":"https:\/\/nge.vn\/san-pham\/"},{"@type":"ListItem","position":3,"name":"Nh\u1ef1a in 3d FDM Creality Hyper PETG 1kg\/ Cu\u1ed9n"}]},{"@type":"WebSite","@id":"https:\/\/nge.vn\/#website","url":"https:\/\/nge.vn\/","name":"NGE 3D Printers Services","description":"","potentialAction":[{"@type":"SearchAction","target":{"@type":"EntryPoint","urlTemplate":"https:\/\/nge.vn\/?s={search_term_string}"},"query-input":{"@type":"PropertyValueSpecification","valueRequired":true,"valueName":"search_term_string"}}],"inLanguage":"en-US"}]}},"_links":{"self":[{"href":"https:\/\/nge.vn\/en\/wp-json\/wp\/v2\/product\/6704","targetHints":{"allow":["GET"]}}],"collection":[{"href":"https:\/\/nge.vn\/en\/wp-json\/wp\/v2\/product"}],"about":[{"href":"https:\/\/nge.vn\/en\/wp-json\/wp\/v2\/types\/product"}],"replies":[{"embeddable":true,"href":"https:\/\/nge.vn\/en\/wp-json\/wp\/v2\/comments?post=6704"}],"wp:featuredmedia":[{"embeddable":true,"href":"https:\/\/nge.vn\/en\/wp-json\/wp\/v2\/media\/6705"}],"wp:attachment":[{"href":"https:\/\/nge.vn\/en\/wp-json\/wp\/v2\/media?parent=6704"}],"wp:term":[{"taxonomy":"product_brand","embeddable":true,"href":"https:\/\/nge.vn\/en\/wp-json\/wp\/v2\/product_brand?post=6704"},{"taxonomy":"product_cat","embeddable":true,"href":"https:\/\/nge.vn\/en\/wp-json\/wp\/v2\/product_cat?post=6704"},{"taxonomy":"product_tag","embeddable":true,"href":"https:\/\/nge.vn\/en\/wp-json\/wp\/v2\/product_tag?post=6704"}],"curies":[{"name":"wp","href":"https:\/\/api.w.org\/{rel}","templated":true}]}}