{"id":6698,"date":"2025-08-13T17:41:35","date_gmt":"2025-08-13T10:41:35","guid":{"rendered":"https:\/\/nge.vn\/?post_type=product&#038;p=6698"},"modified":"2025-08-13T17:41:36","modified_gmt":"2025-08-13T10:41:36","slug":"board-cum-dun-toolhead-nozzle-pcb-board-cho-may-in-3d-creality-k2-k2-pro-k2-plus","status":"publish","type":"product","link":"https:\/\/nge.vn\/en\/product\/board-cum-dun-toolhead-nozzle-pcb-board-cho-may-in-3d-creality-k2-k2-pro-k2-plus\/","title":{"rendered":"Board c\u1ee5m \u0111\u00f9n Toolhead Nozzle PCB Board cho m\u00e1y in 3d Creality K2\/K2 Pro\/K2 Plus"},"content":{"rendered":"<h3 data-start=\"833\" data-end=\"911\">\ud83d\udccd <strong data-start=\"840\" data-end=\"911\">Board module c\u1ee5m \u0111\u00f9n Creality K2 Series \u2013 Toolhead Nozzle PCB Board<\/strong><\/h3>\n<p data-start=\"912\" data-end=\"1080\">Bo m\u1ea1ch \u0111i\u1ec1u khi\u1ec3n c\u1ee5m \u0111\u00f9n (Toolhead PCB) cho m\u00e1y in 3D Creality K2 Series, gi\u00fap <strong data-start=\"993\" data-end=\"1022\">truy\u1ec1n t\u00edn hi\u1ec7u ch\u00ednh x\u00e1c<\/strong> gi\u1eefa \u0111\u1ea7u in v\u00e0 bo m\u1ea1ch ch\u1ee7, \u0111\u1ea3m b\u1ea3o qu\u00e1 tr\u00ecnh in \u1ed5n \u0111\u1ecbnh.<\/p>\n<hr data-start=\"1082\" data-end=\"1085\" \/>\n<h3 data-start=\"1087\" data-end=\"1114\">\ud83c\udf1f <strong data-start=\"1094\" data-end=\"1114\">\u0110\u1eb7c \u0111i\u1ec3m n\u1ed5i b\u1eadt<\/strong><\/h3>\n<ul data-start=\"1115\" data-end=\"1459\">\n<li data-start=\"1115\" data-end=\"1221\">\n<p data-start=\"1117\" data-end=\"1221\"><strong data-start=\"1117\" data-end=\"1136\">K\u1ebft n\u1ed1i \u1ed5n \u0111\u1ecbnh<\/strong> \u2013 \u0110\u1ea3m b\u1ea3o truy\u1ec1n d\u1eef li\u1ec7u v\u00e0 t\u00edn hi\u1ec7u gia nhi\u1ec7t, qu\u1ea1t, c\u1ea3m bi\u1ebfn m\u1ed9t c\u00e1ch ch\u00ednh x\u00e1c.<\/p>\n<\/li>\n<li data-start=\"1222\" data-end=\"1301\">\n<p data-start=\"1224\" data-end=\"1301\"><strong data-start=\"1224\" data-end=\"1243\">Thi\u1ebft k\u1ebf t\u1ed1i \u01b0u<\/strong> \u2013 Ph\u00f9 h\u1ee3p ho\u00e0n to\u00e0n v\u1edbi c\u1ee5m \u0111\u1ea7u in K2, K2 Pro, K2 Plus.<\/p>\n<\/li>\n<li data-start=\"1302\" data-end=\"1392\">\n<p data-start=\"1304\" data-end=\"1392\"><strong data-start=\"1304\" data-end=\"1324\">Ch\u1ea5t li\u1ec7u b\u1ec1n b\u1ec9<\/strong> \u2013 Linh ki\u1ec7n v\u00e0 m\u1ea1ch in ch\u1ea5t l\u01b0\u1ee3ng cao, ho\u1ea1t \u0111\u1ed9ng \u1ed5n \u0111\u1ecbnh l\u00e2u d\u00e0i.<\/p>\n<\/li>\n<li data-start=\"1393\" data-end=\"1459\">\n<p data-start=\"1395\" data-end=\"1459\"><strong data-start=\"1395\" data-end=\"1414\">D\u1ec5 d\u00e0ng l\u1eafp \u0111\u1eb7t<\/strong> \u2013 Thi\u1ebft k\u1ebf v\u1eeba kh\u00edt, thay th\u1ebf nhanh ch\u00f3ng.<\/p>\n<\/li>\n<\/ul>\n<hr data-start=\"1461\" data-end=\"1464\" \/>\n<h3 data-start=\"1466\" data-end=\"1494\">\ud83d\udce6 <strong data-start=\"1473\" data-end=\"1494\">Th\u00f4ng s\u1ed1 k\u1ef9 thu\u1eadt<\/strong><\/h3>\n<div class=\"_tableContainer_1rjym_1\">\n<div class=\"_tableWrapper_1rjym_13 group flex w-fit flex-col-reverse\" tabindex=\"-1\">\n<table class=\"w-fit min-w-(--thread-content-width)\" data-start=\"1495\" data-end=\"1802\">\n<thead data-start=\"1495\" data-end=\"1529\">\n<tr data-start=\"1495\" data-end=\"1529\">\n<th data-start=\"1495\" data-end=\"1518\" data-col-size=\"sm\">Th\u00f4ng s\u1ed1<\/th>\n<th data-start=\"1518\" data-end=\"1529\" data-col-size=\"sm\">Gi\u00e1 tr\u1ecb<\/th>\n<\/tr>\n<\/thead>\n<tbody data-start=\"1565\" data-end=\"1802\">\n<tr data-start=\"1565\" data-end=\"1602\">\n<td data-start=\"1565\" data-end=\"1588\" data-col-size=\"sm\">M\u00e3 s\u1ea3n ph\u1ea9m<\/td>\n<td data-start=\"1588\" data-end=\"1602\" data-col-size=\"sm\">4002010056<\/td>\n<\/tr>\n<tr data-start=\"1603\" data-end=\"1655\">\n<td data-start=\"1603\" data-end=\"1626\" data-col-size=\"sm\">Lo\u1ea1i<\/td>\n<td data-start=\"1626\" data-end=\"1655\" data-col-size=\"sm\">Toolhead Nozzle PCB Board<\/td>\n<\/tr>\n<tr data-start=\"1656\" data-end=\"1699\">\n<td data-start=\"1656\" data-end=\"1679\" data-col-size=\"sm\">K\u00edch th\u01b0\u1edbc \u0111\u00f3ng g\u00f3i<\/td>\n<td data-start=\"1679\" data-end=\"1699\" data-col-size=\"sm\">110 \u00d7 85 \u00d7 60 mm<\/td>\n<\/tr>\n<tr data-start=\"1700\" data-end=\"1746\">\n<td data-start=\"1700\" data-end=\"1723\" data-col-size=\"sm\">Tr\u1ecdng l\u01b0\u1ee3ng<\/td>\n<td data-start=\"1723\" data-end=\"1746\" data-col-size=\"sm\">N.W. 11g \/ G.W. 60g<\/td>\n<\/tr>\n<tr data-start=\"1747\" data-end=\"1802\">\n<td data-start=\"1747\" data-end=\"1770\" data-col-size=\"sm\">T\u01b0\u01a1ng th\u00edch<\/td>\n<td data-start=\"1770\" data-end=\"1802\" data-col-size=\"sm\">Creality K2, K2 Pro, K2 Plus<\/td>\n<\/tr>\n<\/tbody>\n<\/table>\n<\/div>\n<\/div>\n<p>&nbsp;<\/p>\n<blockquote class=\"wp-embedded-content\" data-secret=\"amx7vr05i5\"><p><a href=\"https:\/\/nge.vn\/en\/product\/may-in-3d-nhieu-mau-creality-k2-plus-kho-in-35x35x35cm\/\">M\u00e1y in 3d nhi\u1ec1u m\u00e0u Creality K2 Plus kh\u1ed5 in 35*35*35cm<\/a><\/p><\/blockquote>\n<p><iframe loading=\"lazy\" class=\"wp-embedded-content\" sandbox=\"allow-scripts\" security=\"restricted\" style=\"position: absolute; visibility: hidden;\" title=\"&#8220;M\u00e1y in 3d nhi\u1ec1u m\u00e0u Creality K2 Plus kh\u1ed5 in 35*35*35cm&#8221; &#8212; NGE 3D Printers Services\" src=\"https:\/\/nge.vn\/san-pham\/may-in-3d-nhieu-mau-creality-k2-plus-kho-in-35x35x35cm\/embed\/#?secret=4ng2FSmh1M#?secret=amx7vr05i5\" data-secret=\"amx7vr05i5\" width=\"600\" height=\"338\" frameborder=\"0\" marginwidth=\"0\" marginheight=\"0\" scrolling=\"no\"><\/iframe><\/p>\n<p>_\u0110\u00e2y l\u00e0 c\u00e1c trang b\u00e1n h\u00e0ng b\u00ean m\u00ecnh NGE 3D Printer Services chuy\u00ean cung c\u1ea5p Nh\u1ef1a in 3D v\u00e0 M\u00e1y in 3D c\u1ee7a H\u00e3ng ESUN, Flsun, BIQU, Creality, eMake3d&#8230;<br \/>\n\ud83d\uded2Shopee =&gt; https:\/\/shopee.vn\/nge3dprinter<br \/>\n\ud83d\uded2Shopee =&gt; https:\/\/shopee.vn\/nge3dservices<br \/>\n\ud83d\uded2Shopee Voron v\u00e0 eMake3D =&gt; https:\/\/shopee.vn\/3dmasterpower<br \/>\n\ud83d\uded2Shopee eMake3D =&gt; https:\/\/shopee.vn\/nge3dprinting<br \/>\n\ud83d\uded2Lazada =&gt; https:\/\/www.lazada.vn\/shop\/nge-3d-printer<br \/>\n\ud83d\uded2Lazada =&gt; https:\/\/www.lazada.vn\/shop\/nge-3d-printer-services<br \/>\n\ud83d\uded2Lazada =&gt; https:\/\/www.lazada.vn\/shop\/emake3d-vn<br \/>\n\ud83d\uded2Webslite Th\u1ebf H\u1ec7 K\u1ebf Ti\u1ebfp =&gt;https:\/\/www.theheketiep.com\/<br \/>\n\ud83d\uded2Webslite NGE.VN =&gt;https:\/\/www.nge.vn\/<br \/>\nHo\u1eb7c b\u1ea1n g\u1ecdi 094.144.0951 g\u1eb7p m\u00ecnh<br \/>\nHo\u1eb7c 0913939775 g\u1eb7p anh Qu\u00e2n<br \/>\n** Price does not include VAT (+8 or 10% if VAT invoice is issued)<\/p>","protected":false},"excerpt":{"rendered":"<p data-start=\"342\" data-end=\"476\">Board module c\u1ee5m \u0111\u00f9n Creality K2 Series \u2013 Toolhead Nozzle PCB Board, \u0111\u1ea3m b\u1ea3o truy\u1ec1n t\u00edn hi\u1ec7u \u1ed5n \u0111\u1ecbnh, t\u01b0\u01a1ng th\u00edch K2, K2 Pro, K2 Plus.<\/p>","protected":false},"featured_media":6699,"comment_status":"open","ping_status":"closed","template":"","meta":{"inline_featured_image":false},"product_brand":[],"product_cat":[462,40,56],"product_tag":[495,829,927,501,663],"class_list":{"0":"post-6698","1":"product","2":"type-product","3":"status-publish","4":"has-post-thumbnail","6":"product_cat-board-va-man-hinh-dieu-khien","7":"product_cat-linh-kien-va-phu-kien","8":"product_cat-linh-phu-kien-may-in-3d-creality","9":"product_tag-creality","10":"product_tag-in3d","11":"product_tag-k2","12":"product_tag-k2plus","13":"product_tag-nge3d","15":"first","16":"instock","17":"taxable","18":"shipping-taxable","19":"purchasable","20":"product-type-simple"},"yoast_head":"<!-- This site is optimized with the Yoast SEO Premium plugin v22.8 (Yoast SEO v26.9) - https:\/\/yoast.com\/product\/yoast-seo-premium-wordpress\/ -->\n<title>Board c\u1ee5m \u0111\u00f9n Toolhead Nozzle PCB Board cho m\u00e1y in 3d Creality K2\/K2 Pro\/K2 Plus - NGE 3D Printers Services<\/title>\n<meta name=\"description\" content=\"Board module c\u1ee5m \u0111\u00f9n Creality K2 Series \u2013 Toolhead Nozzle PCB Board, \u0111\u1ea3m b\u1ea3o truy\u1ec1n t\u00edn hi\u1ec7u \u1ed5n \u0111\u1ecbnh, t\u01b0\u01a1ng th\u00edch K2, K2 Pro, K2 Plus.\" \/>\n<meta name=\"robots\" content=\"index, follow, max-snippet:-1, max-image-preview:large, max-video-preview:-1\" \/>\n<link rel=\"canonical\" href=\"https:\/\/nge.vn\/en\/product\/board-cum-dun-toolhead-nozzle-pcb-board-cho-may-in-3d-creality-k2-k2-pro-k2-plus\/\" \/>\n<meta property=\"og:locale\" content=\"en_US\" \/>\n<meta property=\"og:type\" content=\"article\" \/>\n<meta property=\"og:title\" content=\"Board c\u1ee5m \u0111\u00f9n Toolhead Nozzle PCB Board cho m\u00e1y in 3d Creality K2\/K2 Pro\/K2 Plus\" \/>\n<meta property=\"og:description\" content=\"Board module c\u1ee5m \u0111\u00f9n Creality K2 Series \u2013 Toolhead Nozzle PCB Board, \u0111\u1ea3m b\u1ea3o truy\u1ec1n t\u00edn hi\u1ec7u \u1ed5n \u0111\u1ecbnh, t\u01b0\u01a1ng th\u00edch K2, K2 Pro, K2 Plus.\" \/>\n<meta property=\"og:url\" content=\"https:\/\/nge.vn\/en\/product\/board-cum-dun-toolhead-nozzle-pcb-board-cho-may-in-3d-creality-k2-k2-pro-k2-plus\/\" \/>\n<meta property=\"og:site_name\" content=\"NGE 3D Printers Services\" \/>\n<meta property=\"article:modified_time\" content=\"2025-08-13T10:41:36+00:00\" \/>\n<meta property=\"og:image\" content=\"https:\/\/nge.vn\/wp-content\/uploads\/2025\/08\/sg-11134201-7rdx3-mdaecjjqiorq6e_tn.jpg\" \/>\n\t<meta property=\"og:image:width\" content=\"320\" \/>\n\t<meta property=\"og:image:height\" content=\"320\" \/>\n\t<meta property=\"og:image:type\" content=\"image\/jpeg\" \/>\n<meta name=\"twitter:card\" content=\"summary_large_image\" \/>\n<meta name=\"twitter:label1\" content=\"Est. reading time\" \/>\n\t<meta name=\"twitter:data1\" content=\"2 minutes\" \/>\n<script type=\"application\/ld+json\" class=\"yoast-schema-graph\">{\"@context\":\"https:\/\/schema.org\",\"@graph\":[{\"@type\":\"WebPage\",\"@id\":\"https:\/\/nge.vn\/san-pham\/board-cum-dun-toolhead-nozzle-pcb-board-cho-may-in-3d-creality-k2-k2-pro-k2-plus\/\",\"url\":\"https:\/\/nge.vn\/san-pham\/board-cum-dun-toolhead-nozzle-pcb-board-cho-may-in-3d-creality-k2-k2-pro-k2-plus\/\",\"name\":\"Board c\u1ee5m \u0111\u00f9n Toolhead Nozzle PCB Board cho m\u00e1y in 3d Creality K2\/K2 Pro\/K2 Plus - NGE 3D Printers Services\",\"isPartOf\":{\"@id\":\"https:\/\/nge.vn\/#website\"},\"primaryImageOfPage\":{\"@id\":\"https:\/\/nge.vn\/san-pham\/board-cum-dun-toolhead-nozzle-pcb-board-cho-may-in-3d-creality-k2-k2-pro-k2-plus\/#primaryimage\"},\"image\":{\"@id\":\"https:\/\/nge.vn\/san-pham\/board-cum-dun-toolhead-nozzle-pcb-board-cho-may-in-3d-creality-k2-k2-pro-k2-plus\/#primaryimage\"},\"thumbnailUrl\":\"https:\/\/nge.vn\/wp-content\/uploads\/2025\/08\/sg-11134201-7rdx3-mdaecjjqiorq6e_tn.jpg\",\"datePublished\":\"2025-08-13T10:41:35+00:00\",\"dateModified\":\"2025-08-13T10:41:36+00:00\",\"description\":\"Board module c\u1ee5m \u0111\u00f9n Creality K2 Series \u2013 Toolhead Nozzle PCB Board, \u0111\u1ea3m b\u1ea3o truy\u1ec1n t\u00edn hi\u1ec7u \u1ed5n \u0111\u1ecbnh, t\u01b0\u01a1ng th\u00edch K2, K2 Pro, K2 Plus.\",\"breadcrumb\":{\"@id\":\"https:\/\/nge.vn\/san-pham\/board-cum-dun-toolhead-nozzle-pcb-board-cho-may-in-3d-creality-k2-k2-pro-k2-plus\/#breadcrumb\"},\"inLanguage\":\"en-US\",\"potentialAction\":[{\"@type\":\"ReadAction\",\"target\":[\"https:\/\/nge.vn\/san-pham\/board-cum-dun-toolhead-nozzle-pcb-board-cho-may-in-3d-creality-k2-k2-pro-k2-plus\/\"]}]},{\"@type\":\"ImageObject\",\"inLanguage\":\"en-US\",\"@id\":\"https:\/\/nge.vn\/san-pham\/board-cum-dun-toolhead-nozzle-pcb-board-cho-may-in-3d-creality-k2-k2-pro-k2-plus\/#primaryimage\",\"url\":\"https:\/\/nge.vn\/wp-content\/uploads\/2025\/08\/sg-11134201-7rdx3-mdaecjjqiorq6e_tn.jpg\",\"contentUrl\":\"https:\/\/nge.vn\/wp-content\/uploads\/2025\/08\/sg-11134201-7rdx3-mdaecjjqiorq6e_tn.jpg\",\"width\":320,\"height\":320},{\"@type\":\"BreadcrumbList\",\"@id\":\"https:\/\/nge.vn\/san-pham\/board-cum-dun-toolhead-nozzle-pcb-board-cho-may-in-3d-creality-k2-k2-pro-k2-plus\/#breadcrumb\",\"itemListElement\":[{\"@type\":\"ListItem\",\"position\":1,\"name\":\"Trang ch\u1ee7\",\"item\":\"https:\/\/nge.vn\/\"},{\"@type\":\"ListItem\",\"position\":2,\"name\":\"S\u1ea3n ph\u1ea9m\",\"item\":\"https:\/\/nge.vn\/san-pham\/\"},{\"@type\":\"ListItem\",\"position\":3,\"name\":\"Board c\u1ee5m \u0111\u00f9n Toolhead Nozzle PCB Board cho m\u00e1y in 3d Creality K2\/K2 Pro\/K2 Plus\"}]},{\"@type\":\"WebSite\",\"@id\":\"https:\/\/nge.vn\/#website\",\"url\":\"https:\/\/nge.vn\/\",\"name\":\"NGE 3D Printers Services\",\"description\":\"\",\"potentialAction\":[{\"@type\":\"SearchAction\",\"target\":{\"@type\":\"EntryPoint\",\"urlTemplate\":\"https:\/\/nge.vn\/?s={search_term_string}\"},\"query-input\":{\"@type\":\"PropertyValueSpecification\",\"valueRequired\":true,\"valueName\":\"search_term_string\"}}],\"inLanguage\":\"en-US\"}]}<\/script>\n<!-- \/ Yoast SEO Premium plugin. -->","yoast_head_json":{"title":"Board c\u1ee5m \u0111\u00f9n Toolhead Nozzle PCB Board cho m\u00e1y in 3d Creality K2\/K2 Pro\/K2 Plus - NGE 3D Printers Services","description":"Board module c\u1ee5m \u0111\u00f9n Creality K2 Series \u2013 Toolhead Nozzle PCB Board, \u0111\u1ea3m b\u1ea3o truy\u1ec1n t\u00edn hi\u1ec7u \u1ed5n \u0111\u1ecbnh, t\u01b0\u01a1ng th\u00edch K2, K2 Pro, K2 Plus.","robots":{"index":"index","follow":"follow","max-snippet":"max-snippet:-1","max-image-preview":"max-image-preview:large","max-video-preview":"max-video-preview:-1"},"canonical":"https:\/\/nge.vn\/en\/product\/board-cum-dun-toolhead-nozzle-pcb-board-cho-may-in-3d-creality-k2-k2-pro-k2-plus\/","og_locale":"en_US","og_type":"article","og_title":"Board c\u1ee5m \u0111\u00f9n Toolhead Nozzle PCB Board cho m\u00e1y in 3d Creality K2\/K2 Pro\/K2 Plus","og_description":"Board module c\u1ee5m \u0111\u00f9n Creality K2 Series \u2013 Toolhead Nozzle PCB Board, \u0111\u1ea3m b\u1ea3o truy\u1ec1n t\u00edn hi\u1ec7u \u1ed5n \u0111\u1ecbnh, t\u01b0\u01a1ng th\u00edch K2, K2 Pro, K2 Plus.","og_url":"https:\/\/nge.vn\/en\/product\/board-cum-dun-toolhead-nozzle-pcb-board-cho-may-in-3d-creality-k2-k2-pro-k2-plus\/","og_site_name":"NGE 3D Printers Services","article_modified_time":"2025-08-13T10:41:36+00:00","og_image":[{"width":320,"height":320,"url":"https:\/\/nge.vn\/wp-content\/uploads\/2025\/08\/sg-11134201-7rdx3-mdaecjjqiorq6e_tn.jpg","type":"image\/jpeg"}],"twitter_card":"summary_large_image","twitter_misc":{"Est. reading time":"2 minutes"},"schema":{"@context":"https:\/\/schema.org","@graph":[{"@type":"WebPage","@id":"https:\/\/nge.vn\/san-pham\/board-cum-dun-toolhead-nozzle-pcb-board-cho-may-in-3d-creality-k2-k2-pro-k2-plus\/","url":"https:\/\/nge.vn\/san-pham\/board-cum-dun-toolhead-nozzle-pcb-board-cho-may-in-3d-creality-k2-k2-pro-k2-plus\/","name":"Board c\u1ee5m \u0111\u00f9n Toolhead Nozzle PCB Board cho m\u00e1y in 3d Creality K2\/K2 Pro\/K2 Plus - NGE 3D Printers Services","isPartOf":{"@id":"https:\/\/nge.vn\/#website"},"primaryImageOfPage":{"@id":"https:\/\/nge.vn\/san-pham\/board-cum-dun-toolhead-nozzle-pcb-board-cho-may-in-3d-creality-k2-k2-pro-k2-plus\/#primaryimage"},"image":{"@id":"https:\/\/nge.vn\/san-pham\/board-cum-dun-toolhead-nozzle-pcb-board-cho-may-in-3d-creality-k2-k2-pro-k2-plus\/#primaryimage"},"thumbnailUrl":"https:\/\/nge.vn\/wp-content\/uploads\/2025\/08\/sg-11134201-7rdx3-mdaecjjqiorq6e_tn.jpg","datePublished":"2025-08-13T10:41:35+00:00","dateModified":"2025-08-13T10:41:36+00:00","description":"Board module c\u1ee5m \u0111\u00f9n Creality K2 Series \u2013 Toolhead Nozzle PCB Board, \u0111\u1ea3m b\u1ea3o truy\u1ec1n t\u00edn hi\u1ec7u \u1ed5n \u0111\u1ecbnh, t\u01b0\u01a1ng th\u00edch K2, K2 Pro, K2 Plus.","breadcrumb":{"@id":"https:\/\/nge.vn\/san-pham\/board-cum-dun-toolhead-nozzle-pcb-board-cho-may-in-3d-creality-k2-k2-pro-k2-plus\/#breadcrumb"},"inLanguage":"en-US","potentialAction":[{"@type":"ReadAction","target":["https:\/\/nge.vn\/san-pham\/board-cum-dun-toolhead-nozzle-pcb-board-cho-may-in-3d-creality-k2-k2-pro-k2-plus\/"]}]},{"@type":"ImageObject","inLanguage":"en-US","@id":"https:\/\/nge.vn\/san-pham\/board-cum-dun-toolhead-nozzle-pcb-board-cho-may-in-3d-creality-k2-k2-pro-k2-plus\/#primaryimage","url":"https:\/\/nge.vn\/wp-content\/uploads\/2025\/08\/sg-11134201-7rdx3-mdaecjjqiorq6e_tn.jpg","contentUrl":"https:\/\/nge.vn\/wp-content\/uploads\/2025\/08\/sg-11134201-7rdx3-mdaecjjqiorq6e_tn.jpg","width":320,"height":320},{"@type":"BreadcrumbList","@id":"https:\/\/nge.vn\/san-pham\/board-cum-dun-toolhead-nozzle-pcb-board-cho-may-in-3d-creality-k2-k2-pro-k2-plus\/#breadcrumb","itemListElement":[{"@type":"ListItem","position":1,"name":"Trang ch\u1ee7","item":"https:\/\/nge.vn\/"},{"@type":"ListItem","position":2,"name":"S\u1ea3n ph\u1ea9m","item":"https:\/\/nge.vn\/san-pham\/"},{"@type":"ListItem","position":3,"name":"Board c\u1ee5m \u0111\u00f9n Toolhead Nozzle PCB Board cho m\u00e1y in 3d Creality K2\/K2 Pro\/K2 Plus"}]},{"@type":"WebSite","@id":"https:\/\/nge.vn\/#website","url":"https:\/\/nge.vn\/","name":"NGE 3D Printers Services","description":"","potentialAction":[{"@type":"SearchAction","target":{"@type":"EntryPoint","urlTemplate":"https:\/\/nge.vn\/?s={search_term_string}"},"query-input":{"@type":"PropertyValueSpecification","valueRequired":true,"valueName":"search_term_string"}}],"inLanguage":"en-US"}]}},"_links":{"self":[{"href":"https:\/\/nge.vn\/en\/wp-json\/wp\/v2\/product\/6698","targetHints":{"allow":["GET"]}}],"collection":[{"href":"https:\/\/nge.vn\/en\/wp-json\/wp\/v2\/product"}],"about":[{"href":"https:\/\/nge.vn\/en\/wp-json\/wp\/v2\/types\/product"}],"replies":[{"embeddable":true,"href":"https:\/\/nge.vn\/en\/wp-json\/wp\/v2\/comments?post=6698"}],"wp:featuredmedia":[{"embeddable":true,"href":"https:\/\/nge.vn\/en\/wp-json\/wp\/v2\/media\/6699"}],"wp:attachment":[{"href":"https:\/\/nge.vn\/en\/wp-json\/wp\/v2\/media?parent=6698"}],"wp:term":[{"taxonomy":"product_brand","embeddable":true,"href":"https:\/\/nge.vn\/en\/wp-json\/wp\/v2\/product_brand?post=6698"},{"taxonomy":"product_cat","embeddable":true,"href":"https:\/\/nge.vn\/en\/wp-json\/wp\/v2\/product_cat?post=6698"},{"taxonomy":"product_tag","embeddable":true,"href":"https:\/\/nge.vn\/en\/wp-json\/wp\/v2\/product_tag?post=6698"}],"curies":[{"name":"wp","href":"https:\/\/api.w.org\/{rel}","templated":true}]}}