{"id":6691,"date":"2025-08-13T17:25:51","date_gmt":"2025-08-13T10:25:51","guid":{"rendered":"https:\/\/nge.vn\/?post_type=product&#038;p=6691"},"modified":"2025-08-13T17:25:52","modified_gmt":"2025-08-13T10:25:52","slug":"cam-bien-soi-nhua-filament-detection-board-cho-may-in-3d-creality-k2-plus-k2-pro-k2","status":"publish","type":"product","link":"https:\/\/nge.vn\/en\/product\/cam-bien-soi-nhua-filament-detection-board-cho-may-in-3d-creality-k2-plus-k2-pro-k2\/","title":{"rendered":"C\u1ea3m bi\u1ebfn s\u1ee3i nh\u1ef1a Filament Detection Board cho m\u00e1y in 3d Creality K2 Plus\/ K2 Pro\/ K2"},"content":{"rendered":"<h3 data-start=\"786\" data-end=\"860\">\ud83d\udccd <strong data-start=\"793\" data-end=\"860\">C\u1ea3m bi\u1ebfn s\u1ee3i nh\u1ef1a Creality K2 Series \u2013 Filament Detection Board<\/strong><\/h3>\n<p data-start=\"861\" data-end=\"1005\">C\u1ea3m bi\u1ebfn quang \u0111i\u1ec7n gi\u00fap <strong data-start=\"886\" data-end=\"920\">ph\u00e1t hi\u1ec7n h\u1ebft s\u1ee3i ho\u1eb7c t\u1eafc s\u1ee3i<\/strong> trong qu\u00e1 tr\u00ecnh in, \u0111\u1ea3m b\u1ea3o c\u00f4ng vi\u1ec7c in 3D kh\u00f4ng b\u1ecb gi\u00e1n \u0111o\u1ea1n, tr\u00e1nh h\u1ecfng s\u1ea3n ph\u1ea9m.<\/p>\n<hr data-start=\"1007\" data-end=\"1010\" \/>\n<h3 data-start=\"1012\" data-end=\"1039\">\ud83c\udf1f <strong data-start=\"1019\" data-end=\"1039\">\u0110\u1eb7c \u0111i\u1ec3m n\u1ed5i b\u1eadt<\/strong><\/h3>\n<ul data-start=\"1040\" data-end=\"1384\">\n<li data-start=\"1040\" data-end=\"1151\">\n<p data-start=\"1042\" data-end=\"1151\"><strong data-start=\"1042\" data-end=\"1065\">Ph\u00e1t hi\u1ec7n ch\u00ednh x\u00e1c<\/strong> \u2013 Nh\u1eadn bi\u1ebft khi s\u1ee3i nh\u1ef1a b\u1ecb h\u1ebft ho\u1eb7c kh\u00f4ng n\u1ea1p \u0111\u00fang, gi\u00fap m\u00e1y t\u1ea1m d\u1eebng \u0111\u1ec3 thay s\u1ee3i.<\/p>\n<\/li>\n<li data-start=\"1152\" data-end=\"1231\">\n<p data-start=\"1154\" data-end=\"1231\"><strong data-start=\"1154\" data-end=\"1179\">Thi\u1ebft k\u1ebf nh\u1ecf g\u1ecdn, nh\u1eb9<\/strong> \u2013 Tr\u1ecdng l\u01b0\u1ee3ng ch\u1ec9 <strong data-start=\"1198\" data-end=\"1204\">1g<\/strong>, d\u1ec5 l\u1eafp \u0111\u1eb7t v\u00e0 thay th\u1ebf.<\/p>\n<\/li>\n<li data-start=\"1232\" data-end=\"1303\">\n<p data-start=\"1234\" data-end=\"1303\"><strong data-start=\"1234\" data-end=\"1252\">\u0110\u1ed9 tin c\u1eady cao<\/strong> \u2013 Ho\u1ea1t \u0111\u1ed9ng \u1ed5n \u0111\u1ecbnh, ph\u00f9 h\u1ee3p cho in 3D li\u00ean t\u1ee5c.<\/p>\n<\/li>\n<li data-start=\"1304\" data-end=\"1384\">\n<p data-start=\"1306\" data-end=\"1384\"><strong data-start=\"1306\" data-end=\"1331\">T\u01b0\u01a1ng th\u00edch ho\u00e0n to\u00e0n<\/strong> \u2013 D\u00e0nh ri\u00eang cho <strong data-start=\"1349\" data-end=\"1381\">Creality K2 Plus, K2 Pro, K2<\/strong>.<\/p>\n<\/li>\n<\/ul>\n<hr data-start=\"1386\" data-end=\"1389\" \/>\n<h3 data-start=\"1391\" data-end=\"1419\">\ud83d\udce6 <strong data-start=\"1398\" data-end=\"1419\">Th\u00f4ng s\u1ed1 k\u1ef9 thu\u1eadt<\/strong><\/h3>\n<div class=\"_tableContainer_1rjym_1\">\n<div class=\"_tableWrapper_1rjym_13 group flex w-fit flex-col-reverse\" tabindex=\"-1\">\n<table class=\"w-fit min-w-(--thread-content-width)\" data-start=\"1420\" data-end=\"1799\">\n<thead data-start=\"1420\" data-end=\"1454\">\n<tr data-start=\"1420\" data-end=\"1454\">\n<th data-start=\"1420\" data-end=\"1443\" data-col-size=\"sm\">Th\u00f4ng s\u1ed1<\/th>\n<th data-start=\"1443\" data-end=\"1454\" data-col-size=\"sm\">Gi\u00e1 tr\u1ecb<\/th>\n<\/tr>\n<\/thead>\n<tbody data-start=\"1490\" data-end=\"1799\">\n<tr data-start=\"1490\" data-end=\"1527\">\n<td data-start=\"1490\" data-end=\"1513\" data-col-size=\"sm\">M\u00e3 s\u1ea3n ph\u1ea9m<\/td>\n<td data-start=\"1513\" data-end=\"1527\" data-col-size=\"sm\">4001090035<\/td>\n<\/tr>\n<tr data-start=\"1528\" data-end=\"1595\">\n<td data-start=\"1528\" data-end=\"1551\" data-col-size=\"sm\">Lo\u1ea1i<\/td>\n<td data-start=\"1551\" data-end=\"1595\" data-col-size=\"sm\">Filament Detection Board (kh\u00f4ng k\u00e8m c\u00e1p)<\/td>\n<\/tr>\n<tr data-start=\"1596\" data-end=\"1641\">\n<td data-start=\"1596\" data-end=\"1619\" data-col-size=\"sm\">K\u00edch th\u01b0\u1edbc<\/td>\n<td data-start=\"1619\" data-end=\"1641\" data-col-size=\"sm\">1.8 \u00d7 1.5 \u00d7 0.6 cm<\/td>\n<\/tr>\n<tr data-start=\"1642\" data-end=\"1683\">\n<td data-start=\"1642\" data-end=\"1665\" data-col-size=\"sm\">K\u00edch th\u01b0\u1edbc \u0111\u00f3ng g\u00f3i<\/td>\n<td data-start=\"1665\" data-end=\"1683\" data-col-size=\"sm\">11 \u00d7 10 \u00d7 1 cm<\/td>\n<\/tr>\n<tr data-start=\"1684\" data-end=\"1713\">\n<td data-start=\"1684\" data-end=\"1707\" data-col-size=\"sm\">Tr\u1ecdng l\u01b0\u1ee3ng<\/td>\n<td data-start=\"1707\" data-end=\"1713\" data-col-size=\"sm\">1g<\/td>\n<\/tr>\n<tr data-start=\"1714\" data-end=\"1743\">\n<td data-start=\"1714\" data-end=\"1737\" data-col-size=\"sm\">Tr\u1ecdng l\u01b0\u1ee3ng \u0111\u00f3ng g\u00f3i<\/td>\n<td data-start=\"1737\" data-end=\"1743\" data-col-size=\"sm\">4g<\/td>\n<\/tr>\n<tr data-start=\"1744\" data-end=\"1799\">\n<td data-start=\"1744\" data-end=\"1767\" data-col-size=\"sm\">T\u01b0\u01a1ng th\u00edch<\/td>\n<td data-start=\"1767\" data-end=\"1799\" data-col-size=\"sm\">Creality K2 Plus, K2 Pro, K2<\/td>\n<\/tr>\n<\/tbody>\n<\/table>\n<\/div>\n<blockquote class=\"wp-embedded-content\" data-secret=\"0qiX20MDHF\"><p><a href=\"https:\/\/nge.vn\/en\/product\/may-in-3d-nhieu-mau-creality-k2-plus-kho-in-35x35x35cm\/\">M\u00e1y in 3d nhi\u1ec1u m\u00e0u Creality K2 Plus kh\u1ed5 in 35*35*35cm<\/a><\/p><\/blockquote>\n<p><iframe loading=\"lazy\" class=\"wp-embedded-content\" sandbox=\"allow-scripts\" security=\"restricted\" style=\"position: absolute; visibility: hidden;\" title=\"&#8220;M\u00e1y in 3d nhi\u1ec1u m\u00e0u Creality K2 Plus kh\u1ed5 in 35*35*35cm&#8221; &#8212; NGE 3D Printers Services\" src=\"https:\/\/nge.vn\/san-pham\/may-in-3d-nhieu-mau-creality-k2-plus-kho-in-35x35x35cm\/embed\/#?secret=qvRFSdnMAW#?secret=0qiX20MDHF\" data-secret=\"0qiX20MDHF\" width=\"600\" height=\"338\" frameborder=\"0\" marginwidth=\"0\" marginheight=\"0\" scrolling=\"no\"><\/iframe><\/p>\n<\/div>\n<p>_\u0110\u00e2y l\u00e0 c\u00e1c trang b\u00e1n h\u00e0ng b\u00ean m\u00ecnh NGE 3D Printer Services chuy\u00ean cung c\u1ea5p Nh\u1ef1a in 3D v\u00e0 M\u00e1y in 3D c\u1ee7a H\u00e3ng ESUN, Flsun, BIQU, Creality, eMake3d&#8230;<br \/>\n\ud83d\uded2Shopee =&gt; https:\/\/shopee.vn\/nge3dprinter<br \/>\n\ud83d\uded2Shopee =&gt; https:\/\/shopee.vn\/nge3dservices<br \/>\n\ud83d\uded2Shopee Voron v\u00e0 eMake3D =&gt; https:\/\/shopee.vn\/3dmasterpower<br \/>\n\ud83d\uded2Shopee eMake3D =&gt; https:\/\/shopee.vn\/nge3dprinting<br \/>\n\ud83d\uded2Lazada =&gt; https:\/\/www.lazada.vn\/shop\/nge-3d-printer<br \/>\n\ud83d\uded2Lazada =&gt; https:\/\/www.lazada.vn\/shop\/nge-3d-printer-services<br \/>\n\ud83d\uded2Lazada =&gt; https:\/\/www.lazada.vn\/shop\/emake3d-vn<br \/>\n\ud83d\uded2Webslite Th\u1ebf H\u1ec7 K\u1ebf Ti\u1ebfp =&gt;https:\/\/www.theheketiep.com\/<br \/>\n\ud83d\uded2Webslite NGE.VN =&gt;https:\/\/www.nge.vn\/<br \/>\nHo\u1eb7c b\u1ea1n g\u1ecdi 094.144.0951 g\u1eb7p m\u00ecnh<br \/>\nHo\u1eb7c 0913939775 g\u1eb7p anh Qu\u00e2n<br \/>\n** Price does not include VAT (+8 or 10% if VAT invoice is issued)<\/p>","protected":false},"excerpt":{"rendered":"<p data-start=\"298\" data-end=\"428\">C\u1ea3m bi\u1ebfn s\u1ee3i nh\u1ef1a Creality K2 Series \u2013 ph\u00e1t hi\u1ec7n h\u1ebft s\u1ee3i, t\u1eafc s\u1ee3i ch\u00ednh x\u00e1c, gi\u00fap in 3D li\u00ean t\u1ee5c. T\u01b0\u01a1ng th\u00edch K2 Plus, K2 Pro, K2.<\/p>","protected":false},"featured_media":6692,"comment_status":"open","ping_status":"closed","template":"","meta":{"inline_featured_image":false},"product_brand":[],"product_cat":[462,40,56],"product_tag":[495,829,927,501,494,663],"class_list":{"0":"post-6691","1":"product","2":"type-product","3":"status-publish","4":"has-post-thumbnail","6":"product_cat-board-va-man-hinh-dieu-khien","7":"product_cat-linh-kien-va-phu-kien","8":"product_cat-linh-phu-kien-may-in-3d-creality","9":"product_tag-creality","10":"product_tag-in3d","11":"product_tag-k2","12":"product_tag-k2plus","13":"product_tag-mayin3d","14":"product_tag-nge3d","16":"first","17":"instock","18":"taxable","19":"shipping-taxable","20":"purchasable","21":"product-type-simple"},"yoast_head":"<!-- This site is optimized with the Yoast SEO Premium plugin v22.8 (Yoast SEO v26.9) - https:\/\/yoast.com\/product\/yoast-seo-premium-wordpress\/ -->\n<title>C\u1ea3m bi\u1ebfn s\u1ee3i nh\u1ef1a Filament Detection Board cho m\u00e1y in 3d Creality K2 Plus\/ K2 Pro\/ K2 - NGE 3D Printers Services<\/title>\n<meta name=\"description\" content=\"C\u1ea3m bi\u1ebfn s\u1ee3i nh\u1ef1a Creality K2 Series \u2013 ph\u00e1t hi\u1ec7n h\u1ebft s\u1ee3i, t\u1eafc s\u1ee3i ch\u00ednh x\u00e1c, gi\u00fap in 3D li\u00ean t\u1ee5c. T\u01b0\u01a1ng th\u00edch K2 Plus, K2 Pro, K2.\" \/>\n<meta name=\"robots\" content=\"index, follow, max-snippet:-1, max-image-preview:large, max-video-preview:-1\" \/>\n<link rel=\"canonical\" href=\"https:\/\/nge.vn\/en\/product\/cam-bien-soi-nhua-filament-detection-board-cho-may-in-3d-creality-k2-plus-k2-pro-k2\/\" \/>\n<meta property=\"og:locale\" content=\"en_US\" \/>\n<meta property=\"og:type\" content=\"article\" \/>\n<meta property=\"og:title\" content=\"C\u1ea3m bi\u1ebfn s\u1ee3i nh\u1ef1a Filament Detection Board cho m\u00e1y in 3d Creality K2 Plus\/ K2 Pro\/ K2\" \/>\n<meta property=\"og:description\" content=\"C\u1ea3m bi\u1ebfn s\u1ee3i nh\u1ef1a Creality K2 Series \u2013 ph\u00e1t hi\u1ec7n h\u1ebft s\u1ee3i, t\u1eafc s\u1ee3i ch\u00ednh x\u00e1c, gi\u00fap in 3D li\u00ean t\u1ee5c. T\u01b0\u01a1ng th\u00edch K2 Plus, K2 Pro, K2.\" \/>\n<meta property=\"og:url\" content=\"https:\/\/nge.vn\/en\/product\/cam-bien-soi-nhua-filament-detection-board-cho-may-in-3d-creality-k2-plus-k2-pro-k2\/\" \/>\n<meta property=\"og:site_name\" content=\"NGE 3D Printers Services\" \/>\n<meta property=\"article:modified_time\" content=\"2025-08-13T10:25:52+00:00\" \/>\n<meta property=\"og:image\" content=\"https:\/\/nge.vn\/wp-content\/uploads\/2025\/08\/vn-11134207-7ra0g-m76hce8m08c87f_tn.jpg\" \/>\n\t<meta property=\"og:image:width\" content=\"320\" \/>\n\t<meta property=\"og:image:height\" content=\"320\" \/>\n\t<meta property=\"og:image:type\" content=\"image\/jpeg\" \/>\n<meta name=\"twitter:card\" content=\"summary_large_image\" \/>\n<meta name=\"twitter:label1\" content=\"Est. reading time\" \/>\n\t<meta name=\"twitter:data1\" content=\"2 minutes\" \/>\n<script type=\"application\/ld+json\" class=\"yoast-schema-graph\">{\"@context\":\"https:\/\/schema.org\",\"@graph\":[{\"@type\":\"WebPage\",\"@id\":\"https:\/\/nge.vn\/san-pham\/cam-bien-soi-nhua-filament-detection-board-cho-may-in-3d-creality-k2-plus-k2-pro-k2\/\",\"url\":\"https:\/\/nge.vn\/san-pham\/cam-bien-soi-nhua-filament-detection-board-cho-may-in-3d-creality-k2-plus-k2-pro-k2\/\",\"name\":\"C\u1ea3m bi\u1ebfn s\u1ee3i nh\u1ef1a Filament Detection Board cho m\u00e1y in 3d Creality K2 Plus\/ K2 Pro\/ K2 - NGE 3D Printers Services\",\"isPartOf\":{\"@id\":\"https:\/\/nge.vn\/#website\"},\"primaryImageOfPage\":{\"@id\":\"https:\/\/nge.vn\/san-pham\/cam-bien-soi-nhua-filament-detection-board-cho-may-in-3d-creality-k2-plus-k2-pro-k2\/#primaryimage\"},\"image\":{\"@id\":\"https:\/\/nge.vn\/san-pham\/cam-bien-soi-nhua-filament-detection-board-cho-may-in-3d-creality-k2-plus-k2-pro-k2\/#primaryimage\"},\"thumbnailUrl\":\"https:\/\/nge.vn\/wp-content\/uploads\/2025\/08\/vn-11134207-7ra0g-m76hce8m08c87f_tn.jpg\",\"datePublished\":\"2025-08-13T10:25:51+00:00\",\"dateModified\":\"2025-08-13T10:25:52+00:00\",\"description\":\"C\u1ea3m bi\u1ebfn s\u1ee3i nh\u1ef1a Creality K2 Series \u2013 ph\u00e1t hi\u1ec7n h\u1ebft s\u1ee3i, t\u1eafc s\u1ee3i ch\u00ednh x\u00e1c, gi\u00fap in 3D li\u00ean t\u1ee5c. T\u01b0\u01a1ng th\u00edch K2 Plus, K2 Pro, K2.\",\"breadcrumb\":{\"@id\":\"https:\/\/nge.vn\/san-pham\/cam-bien-soi-nhua-filament-detection-board-cho-may-in-3d-creality-k2-plus-k2-pro-k2\/#breadcrumb\"},\"inLanguage\":\"en-US\",\"potentialAction\":[{\"@type\":\"ReadAction\",\"target\":[\"https:\/\/nge.vn\/san-pham\/cam-bien-soi-nhua-filament-detection-board-cho-may-in-3d-creality-k2-plus-k2-pro-k2\/\"]}]},{\"@type\":\"ImageObject\",\"inLanguage\":\"en-US\",\"@id\":\"https:\/\/nge.vn\/san-pham\/cam-bien-soi-nhua-filament-detection-board-cho-may-in-3d-creality-k2-plus-k2-pro-k2\/#primaryimage\",\"url\":\"https:\/\/nge.vn\/wp-content\/uploads\/2025\/08\/vn-11134207-7ra0g-m76hce8m08c87f_tn.jpg\",\"contentUrl\":\"https:\/\/nge.vn\/wp-content\/uploads\/2025\/08\/vn-11134207-7ra0g-m76hce8m08c87f_tn.jpg\",\"width\":320,\"height\":320},{\"@type\":\"BreadcrumbList\",\"@id\":\"https:\/\/nge.vn\/san-pham\/cam-bien-soi-nhua-filament-detection-board-cho-may-in-3d-creality-k2-plus-k2-pro-k2\/#breadcrumb\",\"itemListElement\":[{\"@type\":\"ListItem\",\"position\":1,\"name\":\"Trang ch\u1ee7\",\"item\":\"https:\/\/nge.vn\/\"},{\"@type\":\"ListItem\",\"position\":2,\"name\":\"S\u1ea3n ph\u1ea9m\",\"item\":\"https:\/\/nge.vn\/san-pham\/\"},{\"@type\":\"ListItem\",\"position\":3,\"name\":\"C\u1ea3m bi\u1ebfn s\u1ee3i nh\u1ef1a Filament Detection Board cho m\u00e1y in 3d Creality K2 Plus\/ K2 Pro\/ K2\"}]},{\"@type\":\"WebSite\",\"@id\":\"https:\/\/nge.vn\/#website\",\"url\":\"https:\/\/nge.vn\/\",\"name\":\"NGE 3D Printers Services\",\"description\":\"\",\"potentialAction\":[{\"@type\":\"SearchAction\",\"target\":{\"@type\":\"EntryPoint\",\"urlTemplate\":\"https:\/\/nge.vn\/?s={search_term_string}\"},\"query-input\":{\"@type\":\"PropertyValueSpecification\",\"valueRequired\":true,\"valueName\":\"search_term_string\"}}],\"inLanguage\":\"en-US\"}]}<\/script>\n<!-- \/ Yoast SEO Premium plugin. -->","yoast_head_json":{"title":"C\u1ea3m bi\u1ebfn s\u1ee3i nh\u1ef1a Filament Detection Board cho m\u00e1y in 3d Creality K2 Plus\/ K2 Pro\/ K2 - NGE 3D Printers Services","description":"C\u1ea3m bi\u1ebfn s\u1ee3i nh\u1ef1a Creality K2 Series \u2013 ph\u00e1t hi\u1ec7n h\u1ebft s\u1ee3i, t\u1eafc s\u1ee3i ch\u00ednh x\u00e1c, gi\u00fap in 3D li\u00ean t\u1ee5c. T\u01b0\u01a1ng th\u00edch K2 Plus, K2 Pro, K2.","robots":{"index":"index","follow":"follow","max-snippet":"max-snippet:-1","max-image-preview":"max-image-preview:large","max-video-preview":"max-video-preview:-1"},"canonical":"https:\/\/nge.vn\/en\/product\/cam-bien-soi-nhua-filament-detection-board-cho-may-in-3d-creality-k2-plus-k2-pro-k2\/","og_locale":"en_US","og_type":"article","og_title":"C\u1ea3m bi\u1ebfn s\u1ee3i nh\u1ef1a Filament Detection Board cho m\u00e1y in 3d Creality K2 Plus\/ K2 Pro\/ K2","og_description":"C\u1ea3m bi\u1ebfn s\u1ee3i nh\u1ef1a Creality K2 Series \u2013 ph\u00e1t hi\u1ec7n h\u1ebft s\u1ee3i, t\u1eafc s\u1ee3i ch\u00ednh x\u00e1c, gi\u00fap in 3D li\u00ean t\u1ee5c. T\u01b0\u01a1ng th\u00edch K2 Plus, K2 Pro, K2.","og_url":"https:\/\/nge.vn\/en\/product\/cam-bien-soi-nhua-filament-detection-board-cho-may-in-3d-creality-k2-plus-k2-pro-k2\/","og_site_name":"NGE 3D Printers Services","article_modified_time":"2025-08-13T10:25:52+00:00","og_image":[{"width":320,"height":320,"url":"https:\/\/nge.vn\/wp-content\/uploads\/2025\/08\/vn-11134207-7ra0g-m76hce8m08c87f_tn.jpg","type":"image\/jpeg"}],"twitter_card":"summary_large_image","twitter_misc":{"Est. reading time":"2 minutes"},"schema":{"@context":"https:\/\/schema.org","@graph":[{"@type":"WebPage","@id":"https:\/\/nge.vn\/san-pham\/cam-bien-soi-nhua-filament-detection-board-cho-may-in-3d-creality-k2-plus-k2-pro-k2\/","url":"https:\/\/nge.vn\/san-pham\/cam-bien-soi-nhua-filament-detection-board-cho-may-in-3d-creality-k2-plus-k2-pro-k2\/","name":"C\u1ea3m bi\u1ebfn s\u1ee3i nh\u1ef1a Filament Detection Board cho m\u00e1y in 3d Creality K2 Plus\/ K2 Pro\/ K2 - NGE 3D Printers Services","isPartOf":{"@id":"https:\/\/nge.vn\/#website"},"primaryImageOfPage":{"@id":"https:\/\/nge.vn\/san-pham\/cam-bien-soi-nhua-filament-detection-board-cho-may-in-3d-creality-k2-plus-k2-pro-k2\/#primaryimage"},"image":{"@id":"https:\/\/nge.vn\/san-pham\/cam-bien-soi-nhua-filament-detection-board-cho-may-in-3d-creality-k2-plus-k2-pro-k2\/#primaryimage"},"thumbnailUrl":"https:\/\/nge.vn\/wp-content\/uploads\/2025\/08\/vn-11134207-7ra0g-m76hce8m08c87f_tn.jpg","datePublished":"2025-08-13T10:25:51+00:00","dateModified":"2025-08-13T10:25:52+00:00","description":"C\u1ea3m bi\u1ebfn s\u1ee3i nh\u1ef1a Creality K2 Series \u2013 ph\u00e1t hi\u1ec7n h\u1ebft s\u1ee3i, t\u1eafc s\u1ee3i ch\u00ednh x\u00e1c, gi\u00fap in 3D li\u00ean t\u1ee5c. T\u01b0\u01a1ng th\u00edch K2 Plus, K2 Pro, K2.","breadcrumb":{"@id":"https:\/\/nge.vn\/san-pham\/cam-bien-soi-nhua-filament-detection-board-cho-may-in-3d-creality-k2-plus-k2-pro-k2\/#breadcrumb"},"inLanguage":"en-US","potentialAction":[{"@type":"ReadAction","target":["https:\/\/nge.vn\/san-pham\/cam-bien-soi-nhua-filament-detection-board-cho-may-in-3d-creality-k2-plus-k2-pro-k2\/"]}]},{"@type":"ImageObject","inLanguage":"en-US","@id":"https:\/\/nge.vn\/san-pham\/cam-bien-soi-nhua-filament-detection-board-cho-may-in-3d-creality-k2-plus-k2-pro-k2\/#primaryimage","url":"https:\/\/nge.vn\/wp-content\/uploads\/2025\/08\/vn-11134207-7ra0g-m76hce8m08c87f_tn.jpg","contentUrl":"https:\/\/nge.vn\/wp-content\/uploads\/2025\/08\/vn-11134207-7ra0g-m76hce8m08c87f_tn.jpg","width":320,"height":320},{"@type":"BreadcrumbList","@id":"https:\/\/nge.vn\/san-pham\/cam-bien-soi-nhua-filament-detection-board-cho-may-in-3d-creality-k2-plus-k2-pro-k2\/#breadcrumb","itemListElement":[{"@type":"ListItem","position":1,"name":"Trang ch\u1ee7","item":"https:\/\/nge.vn\/"},{"@type":"ListItem","position":2,"name":"S\u1ea3n ph\u1ea9m","item":"https:\/\/nge.vn\/san-pham\/"},{"@type":"ListItem","position":3,"name":"C\u1ea3m bi\u1ebfn s\u1ee3i nh\u1ef1a Filament Detection Board cho m\u00e1y in 3d Creality K2 Plus\/ K2 Pro\/ K2"}]},{"@type":"WebSite","@id":"https:\/\/nge.vn\/#website","url":"https:\/\/nge.vn\/","name":"NGE 3D Printers Services","description":"","potentialAction":[{"@type":"SearchAction","target":{"@type":"EntryPoint","urlTemplate":"https:\/\/nge.vn\/?s={search_term_string}"},"query-input":{"@type":"PropertyValueSpecification","valueRequired":true,"valueName":"search_term_string"}}],"inLanguage":"en-US"}]}},"_links":{"self":[{"href":"https:\/\/nge.vn\/en\/wp-json\/wp\/v2\/product\/6691","targetHints":{"allow":["GET"]}}],"collection":[{"href":"https:\/\/nge.vn\/en\/wp-json\/wp\/v2\/product"}],"about":[{"href":"https:\/\/nge.vn\/en\/wp-json\/wp\/v2\/types\/product"}],"replies":[{"embeddable":true,"href":"https:\/\/nge.vn\/en\/wp-json\/wp\/v2\/comments?post=6691"}],"wp:featuredmedia":[{"embeddable":true,"href":"https:\/\/nge.vn\/en\/wp-json\/wp\/v2\/media\/6692"}],"wp:attachment":[{"href":"https:\/\/nge.vn\/en\/wp-json\/wp\/v2\/media?parent=6691"}],"wp:term":[{"taxonomy":"product_brand","embeddable":true,"href":"https:\/\/nge.vn\/en\/wp-json\/wp\/v2\/product_brand?post=6691"},{"taxonomy":"product_cat","embeddable":true,"href":"https:\/\/nge.vn\/en\/wp-json\/wp\/v2\/product_cat?post=6691"},{"taxonomy":"product_tag","embeddable":true,"href":"https:\/\/nge.vn\/en\/wp-json\/wp\/v2\/product_tag?post=6691"}],"curies":[{"name":"wp","href":"https:\/\/api.w.org\/{rel}","templated":true}]}}