{"id":6681,"date":"2025-08-13T17:20:42","date_gmt":"2025-08-13T10:20:42","guid":{"rendered":"https:\/\/nge.vn\/?post_type=product&#038;p=6681"},"modified":"2025-08-13T17:20:43","modified_gmt":"2025-08-13T10:20:43","slug":"dong-co-buoc-cum-dun-42-26-stepper-motor-cho-may-in-3d-creality-ender-3-v3-se-ke","status":"publish","type":"product","link":"https:\/\/nge.vn\/en\/product\/dong-co-buoc-cum-dun-42-26-stepper-motor-cho-may-in-3d-creality-ender-3-v3-se-ke\/","title":{"rendered":"\u0110\u1ed9ng c\u01a1 b\u01b0\u1edbc c\u1ee5m \u0111\u00f9n 42-26 Stepper motor cho m\u00e1y in 3d Creality Ender 3 V3 SE\/KE"},"content":{"rendered":"<h3 data-start=\"790\" data-end=\"861\">\u2699 <strong data-start=\"796\" data-end=\"861\">\u0110\u1ed9ng c\u01a1 b\u01b0\u1edbc Creality 42-26 Stepper Motor \u2013 Ch\u00ednh x\u00e1c &amp; \u00cam \u00e1i<\/strong><\/h3>\n<p data-start=\"862\" data-end=\"1044\">\u0110\u01b0\u1ee3c ch\u1ebf t\u1ea1o chuy\u00ean d\u1ee5ng cho <strong data-start=\"891\" data-end=\"944\">m\u00e1y in 3D Creality Ender 3 V3 SE v\u00e0 Ender 3 V3 KE<\/strong>, \u0111\u1ed9ng c\u01a1 b\u01b0\u1edbc 42-26 mang l\u1ea1i kh\u1ea3 n\u0103ng \u0111\u00f9n s\u1ee3i \u1ed5n \u0111\u1ecbnh, ch\u00ednh x\u00e1c, gi\u00fap qu\u00e1 tr\u00ecnh in 3D m\u01b0\u1ee3t m\u00e0 h\u01a1n.<\/p>\n<hr data-start=\"1046\" data-end=\"1049\" \/>\n<h3 data-start=\"1051\" data-end=\"1078\">\ud83c\udf1f <strong data-start=\"1058\" data-end=\"1078\">\u0110\u1eb7c \u0111i\u1ec3m n\u1ed5i b\u1eadt<\/strong><\/h3>\n<ul data-start=\"1079\" data-end=\"1466\">\n<li data-start=\"1079\" data-end=\"1182\">\n<p data-start=\"1081\" data-end=\"1182\"><strong data-start=\"1081\" data-end=\"1116\">T\u1ed1c \u0111\u1ed9 m\u01b0\u1ee3t m\u00e0 &amp; \u0111\u1ea7u ra \u1ed5n \u0111\u1ecbnh<\/strong> \u2013 Duy tr\u00ec d\u00f2ng ch\u1ea3y v\u1eadt li\u1ec7u li\u00ean t\u1ee5c, gi\u1ea3m t\u00ecnh tr\u1ea1ng k\u1eb9t s\u1ee3i.<\/p>\n<\/li>\n<li data-start=\"1183\" data-end=\"1306\">\n<p data-start=\"1185\" data-end=\"1306\"><strong data-start=\"1185\" data-end=\"1205\">\u0110\u1ed9 ch\u00ednh x\u00e1c cao<\/strong> \u2013 B\u00e1nh r\u0103ng \u0111\u1ed3ng b\u1ed9 c\u01b0\u1eddng \u0111\u1ed9 cao v\u00e0 b\u00e1nh xe \u0111\u1ed3ng b\u1ed9 \u0111\u1ea3m b\u1ea3o t\u1ef7 s\u1ed1 truy\u1ec1n ch\u00ednh x\u00e1c, v\u00f2ng quay \u0111\u1ec1u.<\/p>\n<\/li>\n<li data-start=\"1307\" data-end=\"1365\">\n<p data-start=\"1309\" data-end=\"1365\"><strong data-start=\"1309\" data-end=\"1323\">\u0110\u1ed9 \u1ed3n th\u1ea5p<\/strong> \u2013 V\u1eadn h\u00e0nh \u00eam \u00e1i, gi\u1ea3m ti\u1ebfng \u1ed3n khi in.<\/p>\n<\/li>\n<li data-start=\"1366\" data-end=\"1466\">\n<p data-start=\"1368\" data-end=\"1466\"><strong data-start=\"1368\" data-end=\"1405\">M\u00f4-men xo\u1eafn m\u1ea1nh &amp; ph\u1ea3n h\u1ed3i nhanh<\/strong> \u2013 Cung c\u1ea5p l\u1ef1c \u0111\u00f9n m\u1ea1nh m\u1ebd, \u0111\u00e1p \u1ee9ng t\u1ed1t cho in t\u1ed1c \u0111\u1ed9 cao.<\/p>\n<\/li>\n<\/ul>\n<hr data-start=\"1468\" data-end=\"1471\" \/>\n<h3 data-start=\"1473\" data-end=\"1501\">\ud83d\udce6 <strong data-start=\"1480\" data-end=\"1501\">Th\u00f4ng s\u1ed1 k\u1ef9 thu\u1eadt<\/strong><\/h3>\n<div class=\"_tableContainer_1rjym_1\">\n<div class=\"_tableWrapper_1rjym_13 group flex w-fit flex-col-reverse\" tabindex=\"-1\">\n<table class=\"w-fit min-w-(--thread-content-width)\" data-start=\"1502\" data-end=\"1854\">\n<thead data-start=\"1502\" data-end=\"1538\">\n<tr data-start=\"1502\" data-end=\"1538\">\n<th data-start=\"1502\" data-end=\"1527\" data-col-size=\"sm\">Th\u00f4ng s\u1ed1<\/th>\n<th data-start=\"1527\" data-end=\"1538\" data-col-size=\"sm\">Gi\u00e1 tr\u1ecb<\/th>\n<\/tr>\n<\/thead>\n<tbody data-start=\"1575\" data-end=\"1854\">\n<tr data-start=\"1575\" data-end=\"1613\">\n<td data-start=\"1575\" data-end=\"1599\" data-col-size=\"sm\">M\u00e3 s\u1ea3n ph\u1ea9m<\/td>\n<td data-start=\"1599\" data-end=\"1613\" data-col-size=\"sm\">3204120217<\/td>\n<\/tr>\n<tr data-start=\"1614\" data-end=\"1661\">\n<td data-start=\"1614\" data-end=\"1638\" data-col-size=\"sm\">Model<\/td>\n<td data-start=\"1638\" data-end=\"1661\" data-col-size=\"sm\">42-26 Stepper Motor<\/td>\n<\/tr>\n<tr data-start=\"1662\" data-end=\"1695\">\n<td data-start=\"1662\" data-end=\"1686\" data-col-size=\"sm\">D\u00f2ng \u0111i\u1ec7n \u0111\u1ecbnh m\u1ee9c<\/td>\n<td data-start=\"1686\" data-end=\"1695\" data-col-size=\"sm\">0.84A<\/td>\n<\/tr>\n<tr data-start=\"1696\" data-end=\"1728\">\n<td data-start=\"1696\" data-end=\"1720\" data-col-size=\"sm\">G\u00f3c b\u01b0\u1edbc<\/td>\n<td data-start=\"1720\" data-end=\"1728\" data-col-size=\"sm\">1.8\u00b0<\/td>\n<\/tr>\n<tr data-start=\"1729\" data-end=\"1764\">\n<td data-start=\"1729\" data-end=\"1753\" data-col-size=\"sm\">S\u1ed1 r\u0103ng b\u00e1nh r\u0103ng<\/td>\n<td data-start=\"1753\" data-end=\"1764\" data-col-size=\"sm\">12 r\u0103ng<\/td>\n<\/tr>\n<tr data-start=\"1765\" data-end=\"1797\">\n<td data-start=\"1765\" data-end=\"1789\" data-col-size=\"sm\">Tr\u1ecdng l\u01b0\u1ee3ng<\/td>\n<td data-start=\"1789\" data-end=\"1797\" data-col-size=\"sm\">150g<\/td>\n<\/tr>\n<tr data-start=\"1798\" data-end=\"1854\">\n<td data-start=\"1798\" data-end=\"1822\" data-col-size=\"sm\">T\u01b0\u01a1ng th\u00edch<\/td>\n<td data-start=\"1822\" data-end=\"1854\" data-col-size=\"sm\">Ender 3 V3 SE, Ender 3 V3 KE<\/td>\n<\/tr>\n<\/tbody>\n<\/table>\n<div class=\"sticky end-(--thread-content-margin) h-0 self-end select-none\">\n<div class=\"absolute end-0 flex items-end\"><\/div>\n<\/div>\n<\/div>\n<\/div>\n<hr data-start=\"1856\" data-end=\"1859\" \/>\n<h3 data-start=\"1861\" data-end=\"1880\">\ud83d\udccc <strong data-start=\"1868\" data-end=\"1880\">\u1ee8ng d\u1ee5ng<\/strong><\/h3>\n<ul data-start=\"1881\" data-end=\"1980\">\n<li data-start=\"1881\" data-end=\"1980\">\n<p data-start=\"1883\" data-end=\"1980\">Thay th\u1ebf ho\u1eb7c n\u00e2ng c\u1ea5p \u0111\u1ed9ng c\u01a1 b\u01b0\u1edbc c\u1ee5m \u0111\u00f9n (extruder motor) cho <strong data-start=\"1948\" data-end=\"1977\">Creality Ender 3 V3 SE\/KE<\/strong>.<\/p>\n<\/li>\n<\/ul>\n<p>&nbsp;<\/p>\n<blockquote class=\"wp-embedded-content\" data-secret=\"uJbCzRQPhT\"><p><a href=\"https:\/\/nge.vn\/en\/product\/may-in-3d-creality-ender-3-v3-ke-printing-max-500mms\/\">Creality Ender 3 V3 KE 3d printer fully automatic table balance...high precision and speed Max 500mm\/s<\/a><\/p><\/blockquote>\n<p><iframe loading=\"lazy\" class=\"wp-embedded-content\" sandbox=\"allow-scripts\" security=\"restricted\" style=\"position: absolute; visibility: hidden;\" title=\"&#8220;M\u00e1y in 3d Creality Ender 3 V3 KE c\u00e2n b\u00e0n ho\u00e0n to\u00e0n t\u1ef1 \u0111\u1ed9ng&#8230;\u0111\u1ed9 ch\u00ednh x\u00e1c v\u00e0 t\u1ed1c \u0111\u1ed9 cao Max 500mm\/s&#8221; &#8212; NGE 3D Printers Services\" src=\"https:\/\/nge.vn\/san-pham\/may-in-3d-creality-ender-3-v3-ke-printing-max-500mms\/embed\/#?secret=JO5yjxfIyh#?secret=uJbCzRQPhT\" data-secret=\"uJbCzRQPhT\" width=\"600\" height=\"338\" frameborder=\"0\" marginwidth=\"0\" marginheight=\"0\" scrolling=\"no\"><\/iframe><\/p>\n<p>_\u0110\u00e2y l\u00e0 c\u00e1c trang b\u00e1n h\u00e0ng b\u00ean m\u00ecnh NGE 3D Printer Services chuy\u00ean cung c\u1ea5p Nh\u1ef1a in 3D v\u00e0 M\u00e1y in 3D c\u1ee7a H\u00e3ng ESUN, Flsun, BIQU, Creality, eMake3d&#8230;<br \/>\n\ud83d\uded2Shopee =&gt; https:\/\/shopee.vn\/nge3dprinter<br \/>\n\ud83d\uded2Shopee =&gt; https:\/\/shopee.vn\/nge3dservices<br \/>\n\ud83d\uded2Shopee Voron v\u00e0 eMake3D =&gt; https:\/\/shopee.vn\/3dmasterpower<br \/>\n\ud83d\uded2Shopee eMake3D =&gt; https:\/\/shopee.vn\/nge3dprinting<br \/>\n\ud83d\uded2Lazada =&gt; https:\/\/www.lazada.vn\/shop\/nge-3d-printer<br \/>\n\ud83d\uded2Lazada =&gt; https:\/\/www.lazada.vn\/shop\/nge-3d-printer-services<br \/>\n\ud83d\uded2Lazada =&gt; https:\/\/www.lazada.vn\/shop\/emake3d-vn<br \/>\n\ud83d\uded2Webslite Th\u1ebf H\u1ec7 K\u1ebf Ti\u1ebfp =&gt;https:\/\/www.theheketiep.com\/<br \/>\n\ud83d\uded2Webslite NGE.VN =&gt;https:\/\/www.nge.vn\/<br \/>\nHo\u1eb7c b\u1ea1n g\u1ecdi 094.144.0951 g\u1eb7p m\u00ecnh<br \/>\nHo\u1eb7c 0913939775 g\u1eb7p anh Qu\u00e2n<br \/>\n** Price does not include VAT (+8 or 10% if VAT invoice is issued)<\/p>","protected":false},"excerpt":{"rendered":"<p data-start=\"292\" data-end=\"439\">\u0110\u1ed9ng c\u01a1 b\u01b0\u1edbc Creality 42-26 Stepper Motor \u2013 t\u1ed1c \u0111\u1ed9 m\u01b0\u1ee3t, \u0111\u1ed9 ch\u00ednh x\u00e1c cao, m\u00f4-men xo\u1eafn m\u1ea1nh, \u0111\u1ed9 \u1ed3n th\u1ea5p. T\u01b0\u01a1ng th\u00edch Ender 3 V3 SE &amp; Ender 3 V3 KE.<\/p>","protected":false},"featured_media":6682,"comment_status":"open","ping_status":"closed","template":"","meta":{"inline_featured_image":false},"product_brand":[],"product_cat":[40,56,460],"product_tag":[495,829,663,926],"class_list":{"0":"post-6681","1":"product","2":"type-product","3":"status-publish","4":"has-post-thumbnail","6":"product_cat-linh-kien-va-phu-kien","7":"product_cat-linh-phu-kien-may-in-3d-creality","8":"product_cat-motor-va-nguon-dien-may-in-3d","9":"product_tag-creality","10":"product_tag-in3d","11":"product_tag-nge3d","12":"product_tag-steppermotor","14":"first","15":"instock","16":"taxable","17":"shipping-taxable","18":"purchasable","19":"product-type-simple"},"yoast_head":"<!-- This site is optimized with the Yoast SEO Premium plugin v22.8 (Yoast SEO v26.9) - https:\/\/yoast.com\/product\/yoast-seo-premium-wordpress\/ -->\n<title>\u0110\u1ed9ng c\u01a1 b\u01b0\u1edbc c\u1ee5m \u0111\u00f9n 42-26 Stepper motor cho m\u00e1y in 3d Creality Ender 3 V3 SE\/KE - NGE 3D Printers Services<\/title>\n<meta name=\"description\" content=\"\u0110\u1ed9ng c\u01a1 b\u01b0\u1edbc Creality 42-26 Stepper Motor \u2013 t\u1ed1c \u0111\u1ed9 m\u01b0\u1ee3t, \u0111\u1ed9 ch\u00ednh x\u00e1c cao, m\u00f4-men xo\u1eafn m\u1ea1nh, \u0111\u1ed9 \u1ed3n th\u1ea5p. T\u01b0\u01a1ng th\u00edch Ender 3 V3 SE &amp; Ender 3 V3 KE.\" \/>\n<meta name=\"robots\" content=\"index, follow, max-snippet:-1, max-image-preview:large, max-video-preview:-1\" \/>\n<link rel=\"canonical\" href=\"https:\/\/nge.vn\/en\/product\/dong-co-buoc-cum-dun-42-26-stepper-motor-cho-may-in-3d-creality-ender-3-v3-se-ke\/\" \/>\n<meta property=\"og:locale\" content=\"en_US\" \/>\n<meta property=\"og:type\" content=\"article\" \/>\n<meta property=\"og:title\" content=\"\u0110\u1ed9ng c\u01a1 b\u01b0\u1edbc c\u1ee5m \u0111\u00f9n 42-26 Stepper motor cho m\u00e1y in 3d Creality Ender 3 V3 SE\/KE\" \/>\n<meta property=\"og:description\" content=\"\u0110\u1ed9ng c\u01a1 b\u01b0\u1edbc Creality 42-26 Stepper Motor \u2013 t\u1ed1c \u0111\u1ed9 m\u01b0\u1ee3t, \u0111\u1ed9 ch\u00ednh x\u00e1c cao, m\u00f4-men xo\u1eafn m\u1ea1nh, \u0111\u1ed9 \u1ed3n th\u1ea5p. T\u01b0\u01a1ng th\u00edch Ender 3 V3 SE &amp; Ender 3 V3 KE.\" \/>\n<meta property=\"og:url\" content=\"https:\/\/nge.vn\/en\/product\/dong-co-buoc-cum-dun-42-26-stepper-motor-cho-may-in-3d-creality-ender-3-v3-se-ke\/\" \/>\n<meta property=\"og:site_name\" content=\"NGE 3D Printers Services\" \/>\n<meta property=\"article:modified_time\" content=\"2025-08-13T10:20:43+00:00\" \/>\n<meta property=\"og:image\" content=\"https:\/\/nge.vn\/wp-content\/uploads\/2025\/08\/sg-11134201-7rdy9-md7pzzprfltoe3_tn.jpg\" \/>\n\t<meta property=\"og:image:width\" content=\"320\" \/>\n\t<meta property=\"og:image:height\" content=\"320\" \/>\n\t<meta property=\"og:image:type\" content=\"image\/jpeg\" \/>\n<meta name=\"twitter:card\" content=\"summary_large_image\" \/>\n<meta name=\"twitter:label1\" content=\"Est. reading time\" \/>\n\t<meta name=\"twitter:data1\" content=\"2 minutes\" \/>\n<script type=\"application\/ld+json\" class=\"yoast-schema-graph\">{\"@context\":\"https:\/\/schema.org\",\"@graph\":[{\"@type\":\"WebPage\",\"@id\":\"https:\/\/nge.vn\/san-pham\/dong-co-buoc-cum-dun-42-26-stepper-motor-cho-may-in-3d-creality-ender-3-v3-se-ke\/\",\"url\":\"https:\/\/nge.vn\/san-pham\/dong-co-buoc-cum-dun-42-26-stepper-motor-cho-may-in-3d-creality-ender-3-v3-se-ke\/\",\"name\":\"\u0110\u1ed9ng c\u01a1 b\u01b0\u1edbc c\u1ee5m \u0111\u00f9n 42-26 Stepper motor cho m\u00e1y in 3d Creality Ender 3 V3 SE\/KE - NGE 3D Printers Services\",\"isPartOf\":{\"@id\":\"https:\/\/nge.vn\/#website\"},\"primaryImageOfPage\":{\"@id\":\"https:\/\/nge.vn\/san-pham\/dong-co-buoc-cum-dun-42-26-stepper-motor-cho-may-in-3d-creality-ender-3-v3-se-ke\/#primaryimage\"},\"image\":{\"@id\":\"https:\/\/nge.vn\/san-pham\/dong-co-buoc-cum-dun-42-26-stepper-motor-cho-may-in-3d-creality-ender-3-v3-se-ke\/#primaryimage\"},\"thumbnailUrl\":\"https:\/\/nge.vn\/wp-content\/uploads\/2025\/08\/sg-11134201-7rdy9-md7pzzprfltoe3_tn.jpg\",\"datePublished\":\"2025-08-13T10:20:42+00:00\",\"dateModified\":\"2025-08-13T10:20:43+00:00\",\"description\":\"\u0110\u1ed9ng c\u01a1 b\u01b0\u1edbc Creality 42-26 Stepper Motor \u2013 t\u1ed1c \u0111\u1ed9 m\u01b0\u1ee3t, \u0111\u1ed9 ch\u00ednh x\u00e1c cao, m\u00f4-men xo\u1eafn m\u1ea1nh, \u0111\u1ed9 \u1ed3n th\u1ea5p. T\u01b0\u01a1ng th\u00edch Ender 3 V3 SE & Ender 3 V3 KE.\",\"breadcrumb\":{\"@id\":\"https:\/\/nge.vn\/san-pham\/dong-co-buoc-cum-dun-42-26-stepper-motor-cho-may-in-3d-creality-ender-3-v3-se-ke\/#breadcrumb\"},\"inLanguage\":\"en-US\",\"potentialAction\":[{\"@type\":\"ReadAction\",\"target\":[\"https:\/\/nge.vn\/san-pham\/dong-co-buoc-cum-dun-42-26-stepper-motor-cho-may-in-3d-creality-ender-3-v3-se-ke\/\"]}]},{\"@type\":\"ImageObject\",\"inLanguage\":\"en-US\",\"@id\":\"https:\/\/nge.vn\/san-pham\/dong-co-buoc-cum-dun-42-26-stepper-motor-cho-may-in-3d-creality-ender-3-v3-se-ke\/#primaryimage\",\"url\":\"https:\/\/nge.vn\/wp-content\/uploads\/2025\/08\/sg-11134201-7rdy9-md7pzzprfltoe3_tn.jpg\",\"contentUrl\":\"https:\/\/nge.vn\/wp-content\/uploads\/2025\/08\/sg-11134201-7rdy9-md7pzzprfltoe3_tn.jpg\",\"width\":320,\"height\":320},{\"@type\":\"BreadcrumbList\",\"@id\":\"https:\/\/nge.vn\/san-pham\/dong-co-buoc-cum-dun-42-26-stepper-motor-cho-may-in-3d-creality-ender-3-v3-se-ke\/#breadcrumb\",\"itemListElement\":[{\"@type\":\"ListItem\",\"position\":1,\"name\":\"Trang ch\u1ee7\",\"item\":\"https:\/\/nge.vn\/\"},{\"@type\":\"ListItem\",\"position\":2,\"name\":\"S\u1ea3n ph\u1ea9m\",\"item\":\"https:\/\/nge.vn\/san-pham\/\"},{\"@type\":\"ListItem\",\"position\":3,\"name\":\"\u0110\u1ed9ng c\u01a1 b\u01b0\u1edbc c\u1ee5m \u0111\u00f9n 42-26 Stepper motor cho m\u00e1y in 3d Creality Ender 3 V3 SE\/KE\"}]},{\"@type\":\"WebSite\",\"@id\":\"https:\/\/nge.vn\/#website\",\"url\":\"https:\/\/nge.vn\/\",\"name\":\"NGE 3D Printers Services\",\"description\":\"\",\"potentialAction\":[{\"@type\":\"SearchAction\",\"target\":{\"@type\":\"EntryPoint\",\"urlTemplate\":\"https:\/\/nge.vn\/?s={search_term_string}\"},\"query-input\":{\"@type\":\"PropertyValueSpecification\",\"valueRequired\":true,\"valueName\":\"search_term_string\"}}],\"inLanguage\":\"en-US\"}]}<\/script>\n<!-- \/ Yoast SEO Premium plugin. -->","yoast_head_json":{"title":"\u0110\u1ed9ng c\u01a1 b\u01b0\u1edbc c\u1ee5m \u0111\u00f9n 42-26 Stepper motor cho m\u00e1y in 3d Creality Ender 3 V3 SE\/KE - NGE 3D Printers Services","description":"\u0110\u1ed9ng c\u01a1 b\u01b0\u1edbc Creality 42-26 Stepper Motor \u2013 t\u1ed1c \u0111\u1ed9 m\u01b0\u1ee3t, \u0111\u1ed9 ch\u00ednh x\u00e1c cao, m\u00f4-men xo\u1eafn m\u1ea1nh, \u0111\u1ed9 \u1ed3n th\u1ea5p. T\u01b0\u01a1ng th\u00edch Ender 3 V3 SE & Ender 3 V3 KE.","robots":{"index":"index","follow":"follow","max-snippet":"max-snippet:-1","max-image-preview":"max-image-preview:large","max-video-preview":"max-video-preview:-1"},"canonical":"https:\/\/nge.vn\/en\/product\/dong-co-buoc-cum-dun-42-26-stepper-motor-cho-may-in-3d-creality-ender-3-v3-se-ke\/","og_locale":"en_US","og_type":"article","og_title":"\u0110\u1ed9ng c\u01a1 b\u01b0\u1edbc c\u1ee5m \u0111\u00f9n 42-26 Stepper motor cho m\u00e1y in 3d Creality Ender 3 V3 SE\/KE","og_description":"\u0110\u1ed9ng c\u01a1 b\u01b0\u1edbc Creality 42-26 Stepper Motor \u2013 t\u1ed1c \u0111\u1ed9 m\u01b0\u1ee3t, \u0111\u1ed9 ch\u00ednh x\u00e1c cao, m\u00f4-men xo\u1eafn m\u1ea1nh, \u0111\u1ed9 \u1ed3n th\u1ea5p. T\u01b0\u01a1ng th\u00edch Ender 3 V3 SE & Ender 3 V3 KE.","og_url":"https:\/\/nge.vn\/en\/product\/dong-co-buoc-cum-dun-42-26-stepper-motor-cho-may-in-3d-creality-ender-3-v3-se-ke\/","og_site_name":"NGE 3D Printers Services","article_modified_time":"2025-08-13T10:20:43+00:00","og_image":[{"width":320,"height":320,"url":"https:\/\/nge.vn\/wp-content\/uploads\/2025\/08\/sg-11134201-7rdy9-md7pzzprfltoe3_tn.jpg","type":"image\/jpeg"}],"twitter_card":"summary_large_image","twitter_misc":{"Est. reading time":"2 minutes"},"schema":{"@context":"https:\/\/schema.org","@graph":[{"@type":"WebPage","@id":"https:\/\/nge.vn\/san-pham\/dong-co-buoc-cum-dun-42-26-stepper-motor-cho-may-in-3d-creality-ender-3-v3-se-ke\/","url":"https:\/\/nge.vn\/san-pham\/dong-co-buoc-cum-dun-42-26-stepper-motor-cho-may-in-3d-creality-ender-3-v3-se-ke\/","name":"\u0110\u1ed9ng c\u01a1 b\u01b0\u1edbc c\u1ee5m \u0111\u00f9n 42-26 Stepper motor cho m\u00e1y in 3d Creality Ender 3 V3 SE\/KE - NGE 3D Printers Services","isPartOf":{"@id":"https:\/\/nge.vn\/#website"},"primaryImageOfPage":{"@id":"https:\/\/nge.vn\/san-pham\/dong-co-buoc-cum-dun-42-26-stepper-motor-cho-may-in-3d-creality-ender-3-v3-se-ke\/#primaryimage"},"image":{"@id":"https:\/\/nge.vn\/san-pham\/dong-co-buoc-cum-dun-42-26-stepper-motor-cho-may-in-3d-creality-ender-3-v3-se-ke\/#primaryimage"},"thumbnailUrl":"https:\/\/nge.vn\/wp-content\/uploads\/2025\/08\/sg-11134201-7rdy9-md7pzzprfltoe3_tn.jpg","datePublished":"2025-08-13T10:20:42+00:00","dateModified":"2025-08-13T10:20:43+00:00","description":"\u0110\u1ed9ng c\u01a1 b\u01b0\u1edbc Creality 42-26 Stepper Motor \u2013 t\u1ed1c \u0111\u1ed9 m\u01b0\u1ee3t, \u0111\u1ed9 ch\u00ednh x\u00e1c cao, m\u00f4-men xo\u1eafn m\u1ea1nh, \u0111\u1ed9 \u1ed3n th\u1ea5p. T\u01b0\u01a1ng th\u00edch Ender 3 V3 SE & Ender 3 V3 KE.","breadcrumb":{"@id":"https:\/\/nge.vn\/san-pham\/dong-co-buoc-cum-dun-42-26-stepper-motor-cho-may-in-3d-creality-ender-3-v3-se-ke\/#breadcrumb"},"inLanguage":"en-US","potentialAction":[{"@type":"ReadAction","target":["https:\/\/nge.vn\/san-pham\/dong-co-buoc-cum-dun-42-26-stepper-motor-cho-may-in-3d-creality-ender-3-v3-se-ke\/"]}]},{"@type":"ImageObject","inLanguage":"en-US","@id":"https:\/\/nge.vn\/san-pham\/dong-co-buoc-cum-dun-42-26-stepper-motor-cho-may-in-3d-creality-ender-3-v3-se-ke\/#primaryimage","url":"https:\/\/nge.vn\/wp-content\/uploads\/2025\/08\/sg-11134201-7rdy9-md7pzzprfltoe3_tn.jpg","contentUrl":"https:\/\/nge.vn\/wp-content\/uploads\/2025\/08\/sg-11134201-7rdy9-md7pzzprfltoe3_tn.jpg","width":320,"height":320},{"@type":"BreadcrumbList","@id":"https:\/\/nge.vn\/san-pham\/dong-co-buoc-cum-dun-42-26-stepper-motor-cho-may-in-3d-creality-ender-3-v3-se-ke\/#breadcrumb","itemListElement":[{"@type":"ListItem","position":1,"name":"Trang ch\u1ee7","item":"https:\/\/nge.vn\/"},{"@type":"ListItem","position":2,"name":"S\u1ea3n ph\u1ea9m","item":"https:\/\/nge.vn\/san-pham\/"},{"@type":"ListItem","position":3,"name":"\u0110\u1ed9ng c\u01a1 b\u01b0\u1edbc c\u1ee5m \u0111\u00f9n 42-26 Stepper motor cho m\u00e1y in 3d Creality Ender 3 V3 SE\/KE"}]},{"@type":"WebSite","@id":"https:\/\/nge.vn\/#website","url":"https:\/\/nge.vn\/","name":"NGE 3D Printers Services","description":"","potentialAction":[{"@type":"SearchAction","target":{"@type":"EntryPoint","urlTemplate":"https:\/\/nge.vn\/?s={search_term_string}"},"query-input":{"@type":"PropertyValueSpecification","valueRequired":true,"valueName":"search_term_string"}}],"inLanguage":"en-US"}]}},"_links":{"self":[{"href":"https:\/\/nge.vn\/en\/wp-json\/wp\/v2\/product\/6681","targetHints":{"allow":["GET"]}}],"collection":[{"href":"https:\/\/nge.vn\/en\/wp-json\/wp\/v2\/product"}],"about":[{"href":"https:\/\/nge.vn\/en\/wp-json\/wp\/v2\/types\/product"}],"replies":[{"embeddable":true,"href":"https:\/\/nge.vn\/en\/wp-json\/wp\/v2\/comments?post=6681"}],"wp:featuredmedia":[{"embeddable":true,"href":"https:\/\/nge.vn\/en\/wp-json\/wp\/v2\/media\/6682"}],"wp:attachment":[{"href":"https:\/\/nge.vn\/en\/wp-json\/wp\/v2\/media?parent=6681"}],"wp:term":[{"taxonomy":"product_brand","embeddable":true,"href":"https:\/\/nge.vn\/en\/wp-json\/wp\/v2\/product_brand?post=6681"},{"taxonomy":"product_cat","embeddable":true,"href":"https:\/\/nge.vn\/en\/wp-json\/wp\/v2\/product_cat?post=6681"},{"taxonomy":"product_tag","embeddable":true,"href":"https:\/\/nge.vn\/en\/wp-json\/wp\/v2\/product_tag?post=6681"}],"curies":[{"name":"wp","href":"https:\/\/api.w.org\/{rel}","templated":true}]}}