{"id":6667,"date":"2025-08-13T16:33:58","date_gmt":"2025-08-13T09:33:58","guid":{"rendered":"https:\/\/nge.vn\/?post_type=product&#038;p=6667"},"modified":"2025-08-13T16:33:59","modified_gmt":"2025-08-13T09:33:59","slug":"quat-2510-axial-fan-cho-may-in-3d-fdm-creality-ender-3-v3-se-va-ender-3-v3-ke","status":"publish","type":"product","link":"https:\/\/nge.vn\/en\/product\/quat-2510-axial-fan-cho-may-in-3d-fdm-creality-ender-3-v3-se-va-ender-3-v3-ke\/","title":{"rendered":"Qu\u1ea1t 2510 Axial Fan cho m\u00e1y in 3d FDM Creality Ender-3 V3 SE v\u00e0 Ender-3 V3 KE"},"content":{"rendered":"<h3 data-start=\"779\" data-end=\"853\">\ud83d\udca8 <strong data-start=\"786\" data-end=\"853\">Qu\u1ea1t 2510 Axial Fan \u2013 L\u00e0m M\u00e1t \u1ed4n \u0110\u1ecbnh Cho Ender-3 V3 SE &amp; V3 KE<\/strong><\/h3>\n<p data-start=\"854\" data-end=\"1034\">Qu\u1ea1t 2510 Axial Fan \u0111\u01b0\u1ee3c thi\u1ebft k\u1ebf chuy\u00ean d\u1ee5ng cho <strong data-start=\"904\" data-end=\"957\">m\u00e1y in 3D Creality Ender-3 V3 SE v\u00e0 Ender-3 V3 KE<\/strong>, gi\u00fap <strong data-start=\"964\" data-end=\"991\">duy tr\u00ec nhi\u1ec7t \u0111\u1ed9 t\u1ed1i \u01b0u<\/strong>, b\u1ea3o v\u1ec7 linh ki\u1ec7n v\u00e0 t\u0103ng tu\u1ed5i th\u1ecd m\u00e1y in.<\/p>\n<hr data-start=\"1036\" data-end=\"1039\" \/>\n<h3 data-start=\"1041\" data-end=\"1068\">\ud83d\ude80 <strong data-start=\"1048\" data-end=\"1068\">\u0110\u1eb7c \u0111i\u1ec3m n\u1ed5i b\u1eadt<\/strong><\/h3>\n<ul data-start=\"1069\" data-end=\"1399\">\n<li data-start=\"1069\" data-end=\"1138\">\n<p data-start=\"1071\" data-end=\"1138\"><strong data-start=\"1071\" data-end=\"1113\">\u0110\u1ed9ng c\u01a1 kh\u00f4ng ch\u1ed5i than (Brushless DC)<\/strong> \u2013 v\u1eadn h\u00e0nh \u00eam, b\u1ec1n b\u1ec9.<\/p>\n<\/li>\n<li data-start=\"1139\" data-end=\"1202\">\n<p data-start=\"1141\" data-end=\"1202\"><strong data-start=\"1141\" data-end=\"1163\">K\u00edch th\u01b0\u1edbc nh\u1ecf g\u1ecdn<\/strong> 25x25x10mm \u2013 ph\u00f9 h\u1ee3p kh\u00f4ng gian h\u1eb9p.<\/p>\n<\/li>\n<li data-start=\"1203\" data-end=\"1279\">\n<p data-start=\"1205\" data-end=\"1279\"><strong data-start=\"1205\" data-end=\"1222\">Hi\u1ec7u su\u1ea5t cao<\/strong> \u2013 t\u1ed1c \u0111\u1ed9 quay 13.000 v\u00f2ng\/ph\u00fat, l\u01b0u l\u01b0\u1ee3ng gi\u00f3 \u1ed5n \u0111\u1ecbnh.<\/p>\n<\/li>\n<li data-start=\"1280\" data-end=\"1350\">\n<p data-start=\"1282\" data-end=\"1350\"><strong data-start=\"1282\" data-end=\"1303\">\u0110i\u1ec7n \u00e1p 24V 0.10A<\/strong> \u2013 ti\u1ebft ki\u1ec7m \u0111i\u1ec7n n\u0103ng, an to\u00e0n cho h\u1ec7 th\u1ed1ng.<\/p>\n<\/li>\n<li data-start=\"1351\" data-end=\"1399\">\n<p data-start=\"1353\" data-end=\"1399\"><strong data-start=\"1353\" data-end=\"1369\">C\u00e1p d\u00e0i 45mm<\/strong> \u2013 d\u1ec5 d\u00e0ng l\u1eafp \u0111\u1eb7t thay th\u1ebf.<\/p>\n<\/li>\n<\/ul>\n<hr data-start=\"1401\" data-end=\"1404\" \/>\n<h3 data-start=\"1406\" data-end=\"1434\">\ud83d\udce6 <strong data-start=\"1413\" data-end=\"1434\">Th\u00f4ng s\u1ed1 k\u1ef9 thu\u1eadt<\/strong><\/h3>\n<div class=\"_tableContainer_1rjym_1\">\n<div class=\"_tableWrapper_1rjym_13 group flex w-fit flex-col-reverse\" tabindex=\"-1\">\n<table class=\"w-fit min-w-(--thread-content-width)\" style=\"height: 204px;\" width=\"246\" data-start=\"1435\" data-end=\"1757\">\n<thead data-start=\"1435\" data-end=\"1465\">\n<tr data-start=\"1435\" data-end=\"1465\">\n<th data-start=\"1435\" data-end=\"1454\" data-col-size=\"sm\">Th\u00f4ng s\u1ed1<\/th>\n<th data-start=\"1454\" data-end=\"1465\" data-col-size=\"sm\">Gi\u00e1 tr\u1ecb<\/th>\n<\/tr>\n<\/thead>\n<tbody data-start=\"1496\" data-end=\"1757\">\n<tr data-start=\"1496\" data-end=\"1534\">\n<td data-start=\"1496\" data-end=\"1514\" data-col-size=\"sm\">Lo\u1ea1i qu\u1ea1t<\/td>\n<td data-start=\"1514\" data-end=\"1534\" data-col-size=\"sm\">Brushless DC Fan<\/td>\n<\/tr>\n<tr data-start=\"1535\" data-end=\"1572\">\n<td data-start=\"1535\" data-end=\"1553\" data-col-size=\"sm\">K\u00edch th\u01b0\u1edbc<\/td>\n<td data-start=\"1553\" data-end=\"1572\" data-col-size=\"sm\">25 x 25 x 10 mm<\/td>\n<\/tr>\n<tr data-start=\"1573\" data-end=\"1601\">\n<td data-start=\"1573\" data-end=\"1591\" data-col-size=\"sm\">\u0110i\u1ec7n \u00e1p<\/td>\n<td data-start=\"1591\" data-end=\"1601\" data-col-size=\"sm\">DC 24V<\/td>\n<\/tr>\n<tr data-start=\"1602\" data-end=\"1629\">\n<td data-start=\"1602\" data-end=\"1620\" data-col-size=\"sm\">D\u00f2ng \u0111i\u1ec7n<\/td>\n<td data-start=\"1620\" data-end=\"1629\" data-col-size=\"sm\">0.10A<\/td>\n<\/tr>\n<tr data-start=\"1630\" data-end=\"1662\">\n<td data-start=\"1630\" data-end=\"1648\" data-col-size=\"sm\">T\u1ed1c \u0111\u1ed9<\/td>\n<td data-start=\"1648\" data-end=\"1662\" data-col-size=\"sm\">13.000 RPM<\/td>\n<\/tr>\n<tr data-start=\"1663\" data-end=\"1690\">\n<td data-start=\"1663\" data-end=\"1681\" data-col-size=\"sm\">\u0110\u1ed9 d\u00e0i d\u00e2y<\/td>\n<td data-start=\"1681\" data-end=\"1690\" data-col-size=\"sm\">45 mm<\/td>\n<\/tr>\n<tr data-start=\"1691\" data-end=\"1724\">\n<td data-start=\"1691\" data-end=\"1709\" data-col-size=\"sm\">Model<\/td>\n<td data-start=\"1709\" data-end=\"1724\" data-col-size=\"sm\">EFS-025A24L<\/td>\n<\/tr>\n<tr data-start=\"1725\" data-end=\"1757\">\n<td data-start=\"1725\" data-end=\"1743\" data-col-size=\"sm\"><\/td>\n<td data-start=\"1743\" data-end=\"1757\" data-col-size=\"sm\"><\/td>\n<\/tr>\n<\/tbody>\n<\/table>\n<div class=\"sticky end-(--thread-content-margin) h-0 self-end select-none\">\n<div class=\"absolute end-0 flex items-end\"><\/div>\n<\/div>\n<\/div>\n<\/div>\n<hr data-start=\"1759\" data-end=\"1762\" \/>\n<h3 data-start=\"1764\" data-end=\"1786\">\ud83d\udccc <strong data-start=\"1771\" data-end=\"1786\">T\u01b0\u01a1ng th\u00edch<\/strong><\/h3>\n<ul data-start=\"1787\" data-end=\"1848\">\n<li data-start=\"1787\" data-end=\"1817\">\n<p data-start=\"1789\" data-end=\"1817\">Creality <strong data-start=\"1798\" data-end=\"1815\">Ender-3 V3 SE<\/strong><\/p>\n<\/li>\n<li data-start=\"1818\" data-end=\"1848\">\n<p data-start=\"1820\" data-end=\"1848\">Creality <strong data-start=\"1829\" data-end=\"1846\">Ender-3 V3 KE<\/strong><\/p>\n<\/li>\n<\/ul>\n<blockquote class=\"wp-embedded-content\" data-secret=\"JKpwzXqoLR\"><p><a href=\"https:\/\/nge.vn\/en\/product\/may-in-3d-creality-ender-3-v3-ke-printing-max-500mms\/\">Creality Ender 3 V3 KE 3d printer fully automatic table balance...high precision and speed Max 500mm\/s<\/a><\/p><\/blockquote>\n<p><iframe loading=\"lazy\" class=\"wp-embedded-content\" sandbox=\"allow-scripts\" security=\"restricted\" style=\"position: absolute; visibility: hidden;\" title=\"&#8220;M\u00e1y in 3d Creality Ender 3 V3 KE c\u00e2n b\u00e0n ho\u00e0n to\u00e0n t\u1ef1 \u0111\u1ed9ng&#8230;\u0111\u1ed9 ch\u00ednh x\u00e1c v\u00e0 t\u1ed1c \u0111\u1ed9 cao Max 500mm\/s&#8221; &#8212; NGE 3D Printers Services\" src=\"https:\/\/nge.vn\/san-pham\/may-in-3d-creality-ender-3-v3-ke-printing-max-500mms\/embed\/#?secret=5bjngSZPT5#?secret=JKpwzXqoLR\" data-secret=\"JKpwzXqoLR\" width=\"600\" height=\"338\" frameborder=\"0\" marginwidth=\"0\" marginheight=\"0\" scrolling=\"no\"><\/iframe><\/p>\n<p>_\u0110\u00e2y l\u00e0 c\u00e1c trang b\u00e1n h\u00e0ng b\u00ean m\u00ecnh NGE 3D Printer Services chuy\u00ean cung c\u1ea5p Nh\u1ef1a in 3D v\u00e0 M\u00e1y in 3D c\u1ee7a H\u00e3ng ESUN, Flsun, BIQU, Creality, eMake3d&#8230;<br \/>\n\ud83d\uded2Shopee =&gt; https:\/\/shopee.vn\/nge3dprinter<br \/>\n\ud83d\uded2Shopee =&gt; https:\/\/shopee.vn\/nge3dservices<br \/>\n\ud83d\uded2Shopee Voron v\u00e0 eMake3D =&gt; https:\/\/shopee.vn\/3dmasterpower<br \/>\n\ud83d\uded2Shopee eMake3D =&gt; https:\/\/shopee.vn\/nge3dprinting<br \/>\n\ud83d\uded2Lazada =&gt; https:\/\/www.lazada.vn\/shop\/nge-3d-printer<br \/>\n\ud83d\uded2Lazada =&gt; https:\/\/www.lazada.vn\/shop\/nge-3d-printer-services<br \/>\n\ud83d\uded2Lazada =&gt; https:\/\/www.lazada.vn\/shop\/emake3d-vn<br \/>\n\ud83d\uded2Webslite Th\u1ebf H\u1ec7 K\u1ebf Ti\u1ebfp =&gt;https:\/\/www.theheketiep.com\/<br \/>\n\ud83d\uded2Webslite NGE.VN =&gt;https:\/\/www.nge.vn\/<br \/>\nHo\u1eb7c b\u1ea1n g\u1ecdi 094.144.0951 g\u1eb7p m\u00ecnh<br \/>\nHo\u1eb7c 0913939775 g\u1eb7p anh Qu\u00e2n<br \/>\n** Price does not include VAT (+8 or 10% if VAT invoice is issued)<\/p>","protected":false},"excerpt":{"rendered":"<p>Qu\u1ea1t 2510 Axial Fan 24V cho Creality Ender-3 V3 SE &amp; V3 KE \u2013 motor brushless, k\u00edch th\u01b0\u1edbc 25x25x10mm, l\u00e0m m\u00e1t \u1ed5n \u0111\u1ecbnh, t\u0103ng tu\u1ed5i th\u1ecd m\u00e1y in<\/p>","protected":false},"featured_media":6668,"comment_status":"open","ping_status":"closed","template":"","meta":{"inline_featured_image":false},"product_brand":[],"product_cat":[40,56,459],"product_tag":[780,829,663],"class_list":{"0":"post-6667","1":"product","2":"type-product","3":"status-publish","4":"has-post-thumbnail","6":"product_cat-linh-kien-va-phu-kien","7":"product_cat-linh-phu-kien-may-in-3d-creality","8":"product_cat-quat-va-day-belt-truc","9":"product_tag-ender3","10":"product_tag-in3d","11":"product_tag-nge3d","13":"first","14":"instock","15":"taxable","16":"shipping-taxable","17":"purchasable","18":"product-type-simple"},"yoast_head":"<!-- This site is optimized with the Yoast SEO Premium plugin v22.8 (Yoast SEO v26.9) - https:\/\/yoast.com\/product\/yoast-seo-premium-wordpress\/ -->\n<title>Qu\u1ea1t 2510 Axial Fan cho m\u00e1y in 3d FDM Creality Ender-3 V3 SE v\u00e0 Ender-3 V3 KE - NGE 3D Printers Services<\/title>\n<meta name=\"description\" content=\"Qu\u1ea1t 2510 Axial Fan 24V cho Creality Ender-3 V3 SE &amp; V3 KE \u2013 motor brushless, k\u00edch th\u01b0\u1edbc 25x25x10mm, l\u00e0m m\u00e1t \u1ed5n \u0111\u1ecbnh, t\u0103ng tu\u1ed5i th\u1ecd m\u00e1y in.\" \/>\n<meta name=\"robots\" content=\"index, follow, max-snippet:-1, max-image-preview:large, max-video-preview:-1\" \/>\n<link rel=\"canonical\" href=\"https:\/\/nge.vn\/en\/product\/quat-2510-axial-fan-cho-may-in-3d-fdm-creality-ender-3-v3-se-va-ender-3-v3-ke\/\" \/>\n<meta property=\"og:locale\" content=\"en_US\" \/>\n<meta property=\"og:type\" content=\"article\" \/>\n<meta property=\"og:title\" content=\"Qu\u1ea1t 2510 Axial Fan cho m\u00e1y in 3d FDM Creality Ender-3 V3 SE v\u00e0 Ender-3 V3 KE\" \/>\n<meta property=\"og:description\" content=\"Qu\u1ea1t 2510 Axial Fan 24V cho Creality Ender-3 V3 SE &amp; V3 KE \u2013 motor brushless, k\u00edch th\u01b0\u1edbc 25x25x10mm, l\u00e0m m\u00e1t \u1ed5n \u0111\u1ecbnh, t\u0103ng tu\u1ed5i th\u1ecd m\u00e1y in.\" \/>\n<meta property=\"og:url\" content=\"https:\/\/nge.vn\/en\/product\/quat-2510-axial-fan-cho-may-in-3d-fdm-creality-ender-3-v3-se-va-ender-3-v3-ke\/\" \/>\n<meta property=\"og:site_name\" content=\"NGE 3D Printers Services\" \/>\n<meta property=\"article:modified_time\" content=\"2025-08-13T09:33:59+00:00\" \/>\n<meta property=\"og:image\" content=\"https:\/\/nge.vn\/wp-content\/uploads\/2025\/08\/sg-11134201-7rdxs-md2p5l14fwg07a_tn.jpg\" \/>\n\t<meta property=\"og:image:width\" content=\"320\" \/>\n\t<meta property=\"og:image:height\" content=\"320\" \/>\n\t<meta property=\"og:image:type\" content=\"image\/jpeg\" \/>\n<meta name=\"twitter:card\" content=\"summary_large_image\" \/>\n<meta name=\"twitter:label1\" content=\"Est. reading time\" \/>\n\t<meta name=\"twitter:data1\" content=\"2 minutes\" \/>\n<script type=\"application\/ld+json\" class=\"yoast-schema-graph\">{\"@context\":\"https:\/\/schema.org\",\"@graph\":[{\"@type\":\"WebPage\",\"@id\":\"https:\/\/nge.vn\/san-pham\/quat-2510-axial-fan-cho-may-in-3d-fdm-creality-ender-3-v3-se-va-ender-3-v3-ke\/\",\"url\":\"https:\/\/nge.vn\/san-pham\/quat-2510-axial-fan-cho-may-in-3d-fdm-creality-ender-3-v3-se-va-ender-3-v3-ke\/\",\"name\":\"Qu\u1ea1t 2510 Axial Fan cho m\u00e1y in 3d FDM Creality Ender-3 V3 SE v\u00e0 Ender-3 V3 KE - NGE 3D Printers Services\",\"isPartOf\":{\"@id\":\"https:\/\/nge.vn\/#website\"},\"primaryImageOfPage\":{\"@id\":\"https:\/\/nge.vn\/san-pham\/quat-2510-axial-fan-cho-may-in-3d-fdm-creality-ender-3-v3-se-va-ender-3-v3-ke\/#primaryimage\"},\"image\":{\"@id\":\"https:\/\/nge.vn\/san-pham\/quat-2510-axial-fan-cho-may-in-3d-fdm-creality-ender-3-v3-se-va-ender-3-v3-ke\/#primaryimage\"},\"thumbnailUrl\":\"https:\/\/nge.vn\/wp-content\/uploads\/2025\/08\/sg-11134201-7rdxs-md2p5l14fwg07a_tn.jpg\",\"datePublished\":\"2025-08-13T09:33:58+00:00\",\"dateModified\":\"2025-08-13T09:33:59+00:00\",\"description\":\"Qu\u1ea1t 2510 Axial Fan 24V cho Creality Ender-3 V3 SE & V3 KE \u2013 motor brushless, k\u00edch th\u01b0\u1edbc 25x25x10mm, l\u00e0m m\u00e1t \u1ed5n \u0111\u1ecbnh, t\u0103ng tu\u1ed5i th\u1ecd m\u00e1y in.\",\"breadcrumb\":{\"@id\":\"https:\/\/nge.vn\/san-pham\/quat-2510-axial-fan-cho-may-in-3d-fdm-creality-ender-3-v3-se-va-ender-3-v3-ke\/#breadcrumb\"},\"inLanguage\":\"en-US\",\"potentialAction\":[{\"@type\":\"ReadAction\",\"target\":[\"https:\/\/nge.vn\/san-pham\/quat-2510-axial-fan-cho-may-in-3d-fdm-creality-ender-3-v3-se-va-ender-3-v3-ke\/\"]}]},{\"@type\":\"ImageObject\",\"inLanguage\":\"en-US\",\"@id\":\"https:\/\/nge.vn\/san-pham\/quat-2510-axial-fan-cho-may-in-3d-fdm-creality-ender-3-v3-se-va-ender-3-v3-ke\/#primaryimage\",\"url\":\"https:\/\/nge.vn\/wp-content\/uploads\/2025\/08\/sg-11134201-7rdxs-md2p5l14fwg07a_tn.jpg\",\"contentUrl\":\"https:\/\/nge.vn\/wp-content\/uploads\/2025\/08\/sg-11134201-7rdxs-md2p5l14fwg07a_tn.jpg\",\"width\":320,\"height\":320},{\"@type\":\"BreadcrumbList\",\"@id\":\"https:\/\/nge.vn\/san-pham\/quat-2510-axial-fan-cho-may-in-3d-fdm-creality-ender-3-v3-se-va-ender-3-v3-ke\/#breadcrumb\",\"itemListElement\":[{\"@type\":\"ListItem\",\"position\":1,\"name\":\"Trang ch\u1ee7\",\"item\":\"https:\/\/nge.vn\/\"},{\"@type\":\"ListItem\",\"position\":2,\"name\":\"S\u1ea3n ph\u1ea9m\",\"item\":\"https:\/\/nge.vn\/san-pham\/\"},{\"@type\":\"ListItem\",\"position\":3,\"name\":\"Qu\u1ea1t 2510 Axial Fan cho m\u00e1y in 3d FDM Creality Ender-3 V3 SE v\u00e0 Ender-3 V3 KE\"}]},{\"@type\":\"WebSite\",\"@id\":\"https:\/\/nge.vn\/#website\",\"url\":\"https:\/\/nge.vn\/\",\"name\":\"NGE 3D Printers Services\",\"description\":\"\",\"potentialAction\":[{\"@type\":\"SearchAction\",\"target\":{\"@type\":\"EntryPoint\",\"urlTemplate\":\"https:\/\/nge.vn\/?s={search_term_string}\"},\"query-input\":{\"@type\":\"PropertyValueSpecification\",\"valueRequired\":true,\"valueName\":\"search_term_string\"}}],\"inLanguage\":\"en-US\"}]}<\/script>\n<!-- \/ Yoast SEO Premium plugin. -->","yoast_head_json":{"title":"Qu\u1ea1t 2510 Axial Fan cho m\u00e1y in 3d FDM Creality Ender-3 V3 SE v\u00e0 Ender-3 V3 KE - NGE 3D Printers Services","description":"Qu\u1ea1t 2510 Axial Fan 24V cho Creality Ender-3 V3 SE & V3 KE \u2013 motor brushless, k\u00edch th\u01b0\u1edbc 25x25x10mm, l\u00e0m m\u00e1t \u1ed5n \u0111\u1ecbnh, t\u0103ng tu\u1ed5i th\u1ecd m\u00e1y in.","robots":{"index":"index","follow":"follow","max-snippet":"max-snippet:-1","max-image-preview":"max-image-preview:large","max-video-preview":"max-video-preview:-1"},"canonical":"https:\/\/nge.vn\/en\/product\/quat-2510-axial-fan-cho-may-in-3d-fdm-creality-ender-3-v3-se-va-ender-3-v3-ke\/","og_locale":"en_US","og_type":"article","og_title":"Qu\u1ea1t 2510 Axial Fan cho m\u00e1y in 3d FDM Creality Ender-3 V3 SE v\u00e0 Ender-3 V3 KE","og_description":"Qu\u1ea1t 2510 Axial Fan 24V cho Creality Ender-3 V3 SE & V3 KE \u2013 motor brushless, k\u00edch th\u01b0\u1edbc 25x25x10mm, l\u00e0m m\u00e1t \u1ed5n \u0111\u1ecbnh, t\u0103ng tu\u1ed5i th\u1ecd m\u00e1y in.","og_url":"https:\/\/nge.vn\/en\/product\/quat-2510-axial-fan-cho-may-in-3d-fdm-creality-ender-3-v3-se-va-ender-3-v3-ke\/","og_site_name":"NGE 3D Printers Services","article_modified_time":"2025-08-13T09:33:59+00:00","og_image":[{"width":320,"height":320,"url":"https:\/\/nge.vn\/wp-content\/uploads\/2025\/08\/sg-11134201-7rdxs-md2p5l14fwg07a_tn.jpg","type":"image\/jpeg"}],"twitter_card":"summary_large_image","twitter_misc":{"Est. reading time":"2 minutes"},"schema":{"@context":"https:\/\/schema.org","@graph":[{"@type":"WebPage","@id":"https:\/\/nge.vn\/san-pham\/quat-2510-axial-fan-cho-may-in-3d-fdm-creality-ender-3-v3-se-va-ender-3-v3-ke\/","url":"https:\/\/nge.vn\/san-pham\/quat-2510-axial-fan-cho-may-in-3d-fdm-creality-ender-3-v3-se-va-ender-3-v3-ke\/","name":"Qu\u1ea1t 2510 Axial Fan cho m\u00e1y in 3d FDM Creality Ender-3 V3 SE v\u00e0 Ender-3 V3 KE - NGE 3D Printers Services","isPartOf":{"@id":"https:\/\/nge.vn\/#website"},"primaryImageOfPage":{"@id":"https:\/\/nge.vn\/san-pham\/quat-2510-axial-fan-cho-may-in-3d-fdm-creality-ender-3-v3-se-va-ender-3-v3-ke\/#primaryimage"},"image":{"@id":"https:\/\/nge.vn\/san-pham\/quat-2510-axial-fan-cho-may-in-3d-fdm-creality-ender-3-v3-se-va-ender-3-v3-ke\/#primaryimage"},"thumbnailUrl":"https:\/\/nge.vn\/wp-content\/uploads\/2025\/08\/sg-11134201-7rdxs-md2p5l14fwg07a_tn.jpg","datePublished":"2025-08-13T09:33:58+00:00","dateModified":"2025-08-13T09:33:59+00:00","description":"Qu\u1ea1t 2510 Axial Fan 24V cho Creality Ender-3 V3 SE & V3 KE \u2013 motor brushless, k\u00edch th\u01b0\u1edbc 25x25x10mm, l\u00e0m m\u00e1t \u1ed5n \u0111\u1ecbnh, t\u0103ng tu\u1ed5i th\u1ecd m\u00e1y in.","breadcrumb":{"@id":"https:\/\/nge.vn\/san-pham\/quat-2510-axial-fan-cho-may-in-3d-fdm-creality-ender-3-v3-se-va-ender-3-v3-ke\/#breadcrumb"},"inLanguage":"en-US","potentialAction":[{"@type":"ReadAction","target":["https:\/\/nge.vn\/san-pham\/quat-2510-axial-fan-cho-may-in-3d-fdm-creality-ender-3-v3-se-va-ender-3-v3-ke\/"]}]},{"@type":"ImageObject","inLanguage":"en-US","@id":"https:\/\/nge.vn\/san-pham\/quat-2510-axial-fan-cho-may-in-3d-fdm-creality-ender-3-v3-se-va-ender-3-v3-ke\/#primaryimage","url":"https:\/\/nge.vn\/wp-content\/uploads\/2025\/08\/sg-11134201-7rdxs-md2p5l14fwg07a_tn.jpg","contentUrl":"https:\/\/nge.vn\/wp-content\/uploads\/2025\/08\/sg-11134201-7rdxs-md2p5l14fwg07a_tn.jpg","width":320,"height":320},{"@type":"BreadcrumbList","@id":"https:\/\/nge.vn\/san-pham\/quat-2510-axial-fan-cho-may-in-3d-fdm-creality-ender-3-v3-se-va-ender-3-v3-ke\/#breadcrumb","itemListElement":[{"@type":"ListItem","position":1,"name":"Trang ch\u1ee7","item":"https:\/\/nge.vn\/"},{"@type":"ListItem","position":2,"name":"S\u1ea3n ph\u1ea9m","item":"https:\/\/nge.vn\/san-pham\/"},{"@type":"ListItem","position":3,"name":"Qu\u1ea1t 2510 Axial Fan cho m\u00e1y in 3d FDM Creality Ender-3 V3 SE v\u00e0 Ender-3 V3 KE"}]},{"@type":"WebSite","@id":"https:\/\/nge.vn\/#website","url":"https:\/\/nge.vn\/","name":"NGE 3D Printers Services","description":"","potentialAction":[{"@type":"SearchAction","target":{"@type":"EntryPoint","urlTemplate":"https:\/\/nge.vn\/?s={search_term_string}"},"query-input":{"@type":"PropertyValueSpecification","valueRequired":true,"valueName":"search_term_string"}}],"inLanguage":"en-US"}]}},"_links":{"self":[{"href":"https:\/\/nge.vn\/en\/wp-json\/wp\/v2\/product\/6667","targetHints":{"allow":["GET"]}}],"collection":[{"href":"https:\/\/nge.vn\/en\/wp-json\/wp\/v2\/product"}],"about":[{"href":"https:\/\/nge.vn\/en\/wp-json\/wp\/v2\/types\/product"}],"replies":[{"embeddable":true,"href":"https:\/\/nge.vn\/en\/wp-json\/wp\/v2\/comments?post=6667"}],"wp:featuredmedia":[{"embeddable":true,"href":"https:\/\/nge.vn\/en\/wp-json\/wp\/v2\/media\/6668"}],"wp:attachment":[{"href":"https:\/\/nge.vn\/en\/wp-json\/wp\/v2\/media?parent=6667"}],"wp:term":[{"taxonomy":"product_brand","embeddable":true,"href":"https:\/\/nge.vn\/en\/wp-json\/wp\/v2\/product_brand?post=6667"},{"taxonomy":"product_cat","embeddable":true,"href":"https:\/\/nge.vn\/en\/wp-json\/wp\/v2\/product_cat?post=6667"},{"taxonomy":"product_tag","embeddable":true,"href":"https:\/\/nge.vn\/en\/wp-json\/wp\/v2\/product_tag?post=6667"}],"curies":[{"name":"wp","href":"https:\/\/api.w.org\/{rel}","templated":true}]}}