{"id":6652,"date":"2025-08-13T16:01:02","date_gmt":"2025-08-13T09:01:02","guid":{"rendered":"https:\/\/nge.vn\/?post_type=product&#038;p=6652"},"modified":"2025-08-13T16:01:02","modified_gmt":"2025-08-13T09:01:02","slug":"bo-cum-dun-k1-series-ceramic-heating-block-kit-quick-swap-nozzle-kit-nang-cap-cho-may-series-k1","status":"publish","type":"product","link":"https:\/\/nge.vn\/en\/product\/bo-cum-dun-k1-series-ceramic-heating-block-kit-quick-swap-nozzle-kit-nang-cap-cho-may-series-k1\/","title":{"rendered":"B\u1ed9 c\u1ee5m \u0111\u00f9n K1 Series Ceramic Heating Block Kit\u2014Quick-swap Nozzle Kit n\u00e2ng c\u1ea5p cho m\u00e1y Series K1"},"content":{"rendered":"<h3 data-start=\"856\" data-end=\"919\">\ud83d\udd25 <strong data-start=\"863\" data-end=\"919\">B\u1ed9 Kh\u1ed1i S\u01b0\u1edfi G\u1ed1m D\u00f2ng K1 \u2013 T\u0103ng T\u1ed1c, T\u0103ng Ch\u1ea5t L\u01b0\u1ee3ng<\/strong><\/h3>\n<p data-start=\"920\" data-end=\"1094\">\u0110\u01b0\u1ee3c thi\u1ebft k\u1ebf d\u00e0nh ri\u00eang cho <strong data-start=\"949\" data-end=\"976\">d\u00f2ng m\u00e1y in Creality K1<\/strong>, b\u1ed9 kh\u1ed1i s\u01b0\u1edfi g\u1ed1m k\u1ebft h\u1ee3p <strong data-start=\"1003\" data-end=\"1030\">v\u00f2i phun ho\u00e1n \u0111\u1ed5i nhanh<\/strong> mang \u0111\u1ebfn kh\u1ea3 n\u0103ng <strong data-start=\"1049\" data-end=\"1093\">gia nhi\u1ec7t nhanh, in t\u1ed1c \u0111\u1ed9 cao v\u00e0 b\u1ec1n b\u1ec9<\/strong>.<\/p>\n<hr data-start=\"1096\" data-end=\"1099\" \/>\n<h3 data-start=\"1101\" data-end=\"1129\">\ud83d\ude80 <strong data-start=\"1108\" data-end=\"1129\">T\u00ednh n\u0103ng n\u1ed5i b\u1eadt<\/strong><\/h3>\n<ul data-start=\"1130\" data-end=\"1537\">\n<li data-start=\"1130\" data-end=\"1214\">\n<p data-start=\"1132\" data-end=\"1214\"><strong data-start=\"1132\" data-end=\"1154\">Gia nhi\u1ec7t si\u00eau t\u1ed1c<\/strong>: L\u00f2 s\u01b0\u1edfi g\u1ed1m 360\u00b0 n\u00e2ng nhi\u1ec7t \u0111\u1ebfn 200\u00b0C ch\u1ec9 trong 40 gi\u00e2y.<\/p>\n<\/li>\n<li data-start=\"1215\" data-end=\"1312\">\n<p data-start=\"1217\" data-end=\"1312\"><strong data-start=\"1217\" data-end=\"1234\">In t\u1ed1c \u0111\u1ed9 cao<\/strong>: D\u00f2ng ch\u1ea3y t\u1ed1i \u0111a 32 mm\u00b3\/s, t\u1ed1c \u0111\u1ed9 in h\u1ed7 tr\u1ee3 t\u1edbi 600 mm\/s (<em data-start=\"1294\" data-end=\"1308\">0.4mm, 240\u00b0C<\/em>).<\/p>\n<\/li>\n<li data-start=\"1313\" data-end=\"1379\">\n<p data-start=\"1315\" data-end=\"1379\"><strong data-start=\"1315\" data-end=\"1335\">Ch\u1ecbu nhi\u1ec7t 300\u00b0C<\/strong>: Ph\u00f9 h\u1ee3p v\u1edbi nhi\u1ec1u lo\u1ea1i s\u1ee3i k\u1ef9 thu\u1eadt cao.<\/p>\n<\/li>\n<li data-start=\"1380\" data-end=\"1462\">\n<p data-start=\"1382\" data-end=\"1462\"><strong data-start=\"1382\" data-end=\"1402\">L\u00e0m m\u00e1t hi\u1ec7u qu\u1ea3<\/strong>: T\u1ea3n nhi\u1ec7t \u0111\u1ed3ng \u0111\u1ecf + thi\u1ebft k\u1ebf t\u00e1ch \u0111\u00f4i gi\u1ea3m truy\u1ec1n nhi\u1ec7t.<\/p>\n<\/li>\n<li data-start=\"1463\" data-end=\"1537\">\n<p data-start=\"1465\" data-end=\"1537\"><strong data-start=\"1465\" data-end=\"1483\">Ho\u00e1n \u0111\u1ed5i nhanh<\/strong>: Thi\u1ebft k\u1ebf t\u00edch h\u1ee3p to\u00e0n kim lo\u1ea1i, th\u00e1o l\u1eafp d\u1ec5 d\u00e0ng.<\/p>\n<\/li>\n<\/ul>\n<hr data-start=\"1539\" data-end=\"1542\" \/>\n<h3 data-start=\"1544\" data-end=\"1572\">\ud83d\udee0 <strong data-start=\"1551\" data-end=\"1572\">V\u1eadt li\u1ec7u n\u00e2ng c\u1ea5p<\/strong><\/h3>\n<ul data-start=\"1573\" data-end=\"1840\">\n<li data-start=\"1573\" data-end=\"1639\">\n<p data-start=\"1575\" data-end=\"1639\"><strong data-start=\"1575\" data-end=\"1603\">Ng\u1eaft nhi\u1ec7t h\u1ee3p kim titan<\/strong> \u2013 gi\u1ea3m d\u1eabn nhi\u1ec7t, in \u1ed5n \u0111\u1ecbnh h\u01a1n.<\/p>\n<\/li>\n<li data-start=\"1640\" data-end=\"1762\">\n<p data-start=\"1642\" data-end=\"1762\"><strong data-start=\"1642\" data-end=\"1685\">\u0110\u1ea7u phun h\u1ee3p kim \u0111\u1ed3ng + th\u00e9p c\u1ee9ng SKD11<\/strong> \u2013 h\u1ec7 s\u1ed1 d\u1eabn nhi\u1ec7t 330 W\/m\u00b7K, Mohs 7.8, tu\u1ed5i th\u1ecd g\u1ea5p 6 l\u1ea7n \u0111\u1ea7u phun th\u01b0\u1eddng.<\/p>\n<\/li>\n<li data-start=\"1763\" data-end=\"1840\">\n<p data-start=\"1765\" data-end=\"1840\"><strong data-start=\"1765\" data-end=\"1799\">B\u00ean trong si\u00eau nh\u1eb5n (Ra &lt; 0.4)<\/strong> \u2013 c\u1ea5p s\u1ee3i tr\u01a1n tru, h\u1ea1n ch\u1ebf t\u1eafc ngh\u1ebdn.<\/p>\n<\/li>\n<\/ul>\n<hr data-start=\"1842\" data-end=\"1845\" \/>\n<h3 data-start=\"1847\" data-end=\"1875\">\ud83d\udce6 <strong data-start=\"1854\" data-end=\"1875\">Th\u00f4ng s\u1ed1 k\u1ef9 thu\u1eadt<\/strong><\/h3>\n<div class=\"_tableContainer_1rjym_1\">\n<div class=\"_tableWrapper_1rjym_13 group flex w-fit flex-col-reverse\" tabindex=\"-1\">\n<table class=\"w-fit min-w-(--thread-content-width)\" data-start=\"1876\" data-end=\"2299\">\n<thead data-start=\"1876\" data-end=\"1913\">\n<tr data-start=\"1876\" data-end=\"1913\">\n<th data-start=\"1876\" data-end=\"1902\" data-col-size=\"sm\">Th\u00f4ng s\u1ed1<\/th>\n<th data-start=\"1902\" data-end=\"1913\" data-col-size=\"md\">Gi\u00e1 tr\u1ecb<\/th>\n<\/tr>\n<\/thead>\n<tbody data-start=\"1951\" data-end=\"2299\">\n<tr data-start=\"1951\" data-end=\"1989\">\n<td data-start=\"1951\" data-end=\"1976\" data-col-size=\"sm\">\u0110\u1ea7u phun<\/td>\n<td data-start=\"1976\" data-end=\"1989\" data-col-size=\"md\">0.4mm x 1<\/td>\n<\/tr>\n<tr data-start=\"1990\" data-end=\"2023\">\n<td data-start=\"1990\" data-end=\"2016\" data-col-size=\"sm\">Tr\u1ecdng l\u01b0\u1ee3ng<\/td>\n<td data-start=\"2016\" data-end=\"2023\" data-col-size=\"md\">40g<\/td>\n<\/tr>\n<tr data-start=\"2024\" data-end=\"2067\">\n<td data-start=\"2024\" data-end=\"2049\" data-col-size=\"sm\">\u0110\u01b0\u1eddng k\u00ednh s\u1ee3i h\u1ed7 tr\u1ee3<\/td>\n<td data-start=\"2049\" data-end=\"2067\" data-col-size=\"md\">\u00d81.75 \u00b1 0.05mm<\/td>\n<\/tr>\n<tr data-start=\"2068\" data-end=\"2100\">\n<td data-start=\"2068\" data-end=\"2093\" data-col-size=\"sm\">C\u00f4ng su\u1ea5t s\u01b0\u1edfi g\u1ed1m<\/td>\n<td data-start=\"2093\" data-end=\"2100\" data-col-size=\"md\">60W<\/td>\n<\/tr>\n<tr data-start=\"2101\" data-end=\"2136\">\n<td data-start=\"2101\" data-end=\"2127\" data-col-size=\"sm\">Nhi\u1ec7t \u0111\u1ed9 t\u1ed1i \u0111a<\/td>\n<td data-start=\"2127\" data-end=\"2136\" data-col-size=\"md\">300\u00b0C<\/td>\n<\/tr>\n<tr data-start=\"2137\" data-end=\"2219\">\n<td data-start=\"2137\" data-end=\"2162\" data-col-size=\"sm\">V\u1eadt li\u1ec7u in h\u1ed7 tr\u1ee3<\/td>\n<td data-start=\"2162\" data-end=\"2219\" data-col-size=\"md\">PLA, ABS, PETG, TPU, PP, PC, PLA-CF, PA-CF, PET-CF&#8230;<\/td>\n<\/tr>\n<tr data-start=\"2220\" data-end=\"2259\">\n<td data-start=\"2220\" data-end=\"2245\" data-col-size=\"sm\">M\u00e3 s\u1ea3n ph\u1ea9m (Ver 2024)<\/td>\n<td data-start=\"2245\" data-end=\"2259\" data-col-size=\"md\">4001030132<\/td>\n<\/tr>\n<tr data-start=\"2260\" data-end=\"2299\">\n<td data-start=\"2260\" data-end=\"2285\" data-col-size=\"sm\">M\u00e3 s\u1ea3n ph\u1ea9m (Ver 2025)<\/td>\n<td data-start=\"2285\" data-end=\"2299\" data-col-size=\"md\">4001030146<\/td>\n<\/tr>\n<\/tbody>\n<\/table>\n<div class=\"sticky end-(--thread-content-margin) h-0 self-end select-none\">\n<div class=\"absolute end-0 flex items-end\"><\/div>\n<\/div>\n<\/div>\n<\/div>\n<hr data-start=\"2301\" data-end=\"2304\" \/>\n<h3 data-start=\"2306\" data-end=\"2335\">\ud83d\udccc <strong data-start=\"2313\" data-end=\"2335\">L\u01b0u \u00fd v\u1ec1 phi\u00ean b\u1ea3n<\/strong><\/h3>\n<ul data-start=\"2336\" data-end=\"2548\">\n<li data-start=\"2336\" data-end=\"2435\">\n<p data-start=\"2338\" data-end=\"2435\"><strong data-start=\"2338\" data-end=\"2354\">Version 2024<\/strong> v\u00e0 <strong data-start=\"2358\" data-end=\"2374\">Version 2025<\/strong> kh\u00e1c nhau \u1edf <strong data-start=\"2387\" data-end=\"2432\">\u0111\u1ea7u jack c\u1eafm d\u00e2y c\u1ea3m bi\u1ebfn &amp; d\u00e2y gia nhi\u1ec7t<\/strong>.<\/p>\n<\/li>\n<li data-start=\"2436\" data-end=\"2480\">\n<p data-start=\"2438\" data-end=\"2480\">C\u1ea5u t\u1ea1o, hi\u1ec7u n\u0103ng ho\u00e0n to\u00e0n gi\u1ed1ng nhau.<\/p>\n<\/li>\n<li data-start=\"2481\" data-end=\"2548\">\n<p data-start=\"2483\" data-end=\"2548\"><strong data-start=\"2483\" data-end=\"2522\">Vui l\u00f2ng li\u00ean h\u1ec7 shop tr\u01b0\u1edbc khi mua<\/strong> \u0111\u1ec3 ch\u1ecdn \u0111\u00fang phi\u00ean b\u1ea3n.<\/p>\n<\/li>\n<\/ul>\n<blockquote class=\"wp-embedded-content\" data-secret=\"7sZ2Vl0b5k\"><p><a href=\"https:\/\/nge.vn\/en\/product\/may-in-3d-creality-k1c-chuyen-in-soi-carbon-toc-do-max-600mm-s-prinitng-size-222225cm\/\">Creality K1C 3D printer specializes in printing Carbon fiber with a maximum speed of 600mm\/s, printing size 22*22*25cm<\/a><\/p><\/blockquote>\n<p><iframe loading=\"lazy\" class=\"wp-embedded-content\" sandbox=\"allow-scripts\" security=\"restricted\" style=\"position: absolute; visibility: hidden;\" title=\"&#8220;M\u00e1y in 3d Creality K1C chuy\u00ean in s\u1ee3i Carbon t\u1ed1c \u0111\u1ed9 max 600mm\/s prinitng size 22*22*25cm&#8221; &#8212; NGE 3D Printers Services\" src=\"https:\/\/nge.vn\/san-pham\/may-in-3d-creality-k1c-chuyen-in-soi-carbon-toc-do-max-600mm-s-prinitng-size-222225cm\/embed\/#?secret=Vr48QNcnmn#?secret=7sZ2Vl0b5k\" data-secret=\"7sZ2Vl0b5k\" width=\"600\" height=\"338\" frameborder=\"0\" marginwidth=\"0\" marginheight=\"0\" scrolling=\"no\"><\/iframe><\/p>\n<p>-\u0110\u00e2y l\u00e0 c\u00e1c trang b\u00e1n h\u00e0ng b\u00ean m\u00ecnh NGE 3D Printer Services chuy\u00ean cung c\u1ea5p Nh\u1ef1a in 3D v\u00e0 M\u00e1y in 3D c\u1ee7a H\u00e3ng ESUN, Flsun, BIQU, Creality, eMake3d&#8230;<br \/>\n\ud83d\uded2Shopee =&gt; https:\/\/shopee.vn\/nge3dprinter<br \/>\n\ud83d\uded2Shopee =&gt; https:\/\/shopee.vn\/nge3dservices<br \/>\n\ud83d\uded2Shopee Voron v\u00e0 eMake3D =&gt; https:\/\/shopee.vn\/3dmasterpower<br \/>\n\ud83d\uded2Shopee eMake3D =&gt; https:\/\/shopee.vn\/nge3dprinting<br \/>\n\ud83d\uded2Lazada =&gt; https:\/\/www.lazada.vn\/shop\/nge-3d-printer<br \/>\n\ud83d\uded2Lazada =&gt; https:\/\/www.lazada.vn\/shop\/nge-3d-printer-services<br \/>\n\ud83d\uded2Lazada =&gt; https:\/\/www.lazada.vn\/shop\/emake3d-vn<br \/>\n\ud83d\uded2Webslite Th\u1ebf H\u1ec7 K\u1ebf Ti\u1ebfp =&gt;https:\/\/www.theheketiep.com\/<br \/>\n\ud83d\uded2Webslite NGE.VN =&gt;https:\/\/www.nge.vn\/<br \/>\nHo\u1eb7c b\u1ea1n g\u1ecdi 094.144.0951 g\u1eb7p m\u00ecnh<br \/>\nHo\u1eb7c 0913939775 g\u1eb7p anh Qu\u00e2n<br \/>\n** Price does not include VAT (+8 or 10% if VAT invoice is issued)<\/p>","protected":false},"excerpt":{"rendered":"<p data-start=\"334\" data-end=\"490\">B\u1ed9 kh\u1ed1i s\u01b0\u1edfi g\u1ed1m K1 Creality \u2013 d\u1eabn nhi\u1ec7t cao, ch\u1ecbu 300\u00b0C, h\u1ed7 tr\u1ee3 in t\u1ed1c \u0111\u1ed9 600mm\/s. C\u00f3 quick-swap , gia nhi\u1ec7t 200\u00b0C trong 40s, in \u0111a d\u1ea1ng s\u1ee3i nh\u1ef1a.<\/p>","protected":false},"featured_media":6653,"comment_status":"open","ping_status":"closed","template":"","meta":{"inline_featured_image":false},"product_brand":[],"product_cat":[461,40,56],"product_tag":[495,829,925,663,546],"class_list":{"0":"post-6652","1":"product","2":"type-product","3":"status-publish","4":"has-post-thumbnail","6":"product_cat-linh-kien-cum-dun-va-cam-bien","7":"product_cat-linh-kien-va-phu-kien","8":"product_cat-linh-phu-kien-may-in-3d-creality","9":"product_tag-creality","10":"product_tag-in3d","11":"product_tag-k1series","12":"product_tag-nge3d","13":"product_tag-nozzle","15":"first","16":"instock","17":"taxable","18":"shipping-taxable","19":"purchasable","20":"product-type-variable"},"yoast_head":"<!-- This site is optimized with the Yoast SEO Premium plugin v22.8 (Yoast SEO v26.9) - https:\/\/yoast.com\/product\/yoast-seo-premium-wordpress\/ -->\n<title>B\u1ed9 c\u1ee5m \u0111\u00f9n K1 Series Ceramic Heating Block Kit\u2014Quick-swap Nozzle Kit n\u00e2ng c\u1ea5p cho m\u00e1y Series K1 - NGE 3D Printers Services<\/title>\n<meta name=\"description\" content=\"B\u1ed9 kh\u1ed1i s\u01b0\u1edfi g\u1ed1m K1 Creality \u2013 d\u1eabn nhi\u1ec7t cao, ch\u1ecbu 300\u00b0C, h\u1ed7 tr\u1ee3 in t\u1ed1c \u0111\u1ed9 600mm\/s. C\u00f3 quick-swap , gia nhi\u1ec7t 200\u00b0C trong 40s, in \u0111a d\u1ea1ng s\u1ee3i nh\u1ef1a.\" \/>\n<meta name=\"robots\" content=\"index, follow, max-snippet:-1, max-image-preview:large, max-video-preview:-1\" \/>\n<link rel=\"canonical\" href=\"https:\/\/nge.vn\/en\/product\/bo-cum-dun-k1-series-ceramic-heating-block-kit-quick-swap-nozzle-kit-nang-cap-cho-may-series-k1\/\" \/>\n<meta property=\"og:locale\" content=\"en_US\" \/>\n<meta property=\"og:type\" content=\"article\" \/>\n<meta property=\"og:title\" content=\"B\u1ed9 c\u1ee5m \u0111\u00f9n K1 Series Ceramic Heating Block Kit\u2014Quick-swap Nozzle Kit n\u00e2ng c\u1ea5p cho m\u00e1y Series K1\" \/>\n<meta property=\"og:description\" content=\"B\u1ed9 kh\u1ed1i s\u01b0\u1edfi g\u1ed1m K1 Creality \u2013 d\u1eabn nhi\u1ec7t cao, ch\u1ecbu 300\u00b0C, h\u1ed7 tr\u1ee3 in t\u1ed1c \u0111\u1ed9 600mm\/s. C\u00f3 quick-swap , gia nhi\u1ec7t 200\u00b0C trong 40s, in \u0111a d\u1ea1ng s\u1ee3i nh\u1ef1a.\" \/>\n<meta property=\"og:url\" content=\"https:\/\/nge.vn\/en\/product\/bo-cum-dun-k1-series-ceramic-heating-block-kit-quick-swap-nozzle-kit-nang-cap-cho-may-series-k1\/\" \/>\n<meta property=\"og:site_name\" content=\"NGE 3D Printers Services\" \/>\n<meta property=\"og:image\" content=\"https:\/\/nge.vn\/wp-content\/uploads\/2025\/08\/sg-11134201-7rdwj-mdbnwt3ap9hq76_tn.jpg\" \/>\n\t<meta property=\"og:image:width\" content=\"320\" \/>\n\t<meta property=\"og:image:height\" content=\"320\" \/>\n\t<meta property=\"og:image:type\" content=\"image\/jpeg\" \/>\n<meta name=\"twitter:card\" content=\"summary_large_image\" \/>\n<meta name=\"twitter:label1\" content=\"Est. reading time\" \/>\n\t<meta name=\"twitter:data1\" content=\"3 minutes\" \/>\n<script type=\"application\/ld+json\" class=\"yoast-schema-graph\">{\"@context\":\"https:\/\/schema.org\",\"@graph\":[{\"@type\":\"WebPage\",\"@id\":\"https:\/\/nge.vn\/san-pham\/bo-cum-dun-k1-series-ceramic-heating-block-kit-quick-swap-nozzle-kit-nang-cap-cho-may-series-k1\/\",\"url\":\"https:\/\/nge.vn\/san-pham\/bo-cum-dun-k1-series-ceramic-heating-block-kit-quick-swap-nozzle-kit-nang-cap-cho-may-series-k1\/\",\"name\":\"B\u1ed9 c\u1ee5m \u0111\u00f9n K1 Series Ceramic Heating Block Kit\u2014Quick-swap Nozzle Kit n\u00e2ng c\u1ea5p cho m\u00e1y Series K1 - NGE 3D Printers Services\",\"isPartOf\":{\"@id\":\"https:\/\/nge.vn\/#website\"},\"primaryImageOfPage\":{\"@id\":\"https:\/\/nge.vn\/san-pham\/bo-cum-dun-k1-series-ceramic-heating-block-kit-quick-swap-nozzle-kit-nang-cap-cho-may-series-k1\/#primaryimage\"},\"image\":{\"@id\":\"https:\/\/nge.vn\/san-pham\/bo-cum-dun-k1-series-ceramic-heating-block-kit-quick-swap-nozzle-kit-nang-cap-cho-may-series-k1\/#primaryimage\"},\"thumbnailUrl\":\"https:\/\/nge.vn\/wp-content\/uploads\/2025\/08\/sg-11134201-7rdwj-mdbnwt3ap9hq76_tn.jpg\",\"datePublished\":\"2025-08-13T09:01:02+00:00\",\"description\":\"B\u1ed9 kh\u1ed1i s\u01b0\u1edfi g\u1ed1m K1 Creality \u2013 d\u1eabn nhi\u1ec7t cao, ch\u1ecbu 300\u00b0C, h\u1ed7 tr\u1ee3 in t\u1ed1c \u0111\u1ed9 600mm\/s. C\u00f3 quick-swap , gia nhi\u1ec7t 200\u00b0C trong 40s, in \u0111a d\u1ea1ng s\u1ee3i nh\u1ef1a.\",\"breadcrumb\":{\"@id\":\"https:\/\/nge.vn\/san-pham\/bo-cum-dun-k1-series-ceramic-heating-block-kit-quick-swap-nozzle-kit-nang-cap-cho-may-series-k1\/#breadcrumb\"},\"inLanguage\":\"en-US\",\"potentialAction\":[{\"@type\":\"ReadAction\",\"target\":[\"https:\/\/nge.vn\/san-pham\/bo-cum-dun-k1-series-ceramic-heating-block-kit-quick-swap-nozzle-kit-nang-cap-cho-may-series-k1\/\"]}]},{\"@type\":\"ImageObject\",\"inLanguage\":\"en-US\",\"@id\":\"https:\/\/nge.vn\/san-pham\/bo-cum-dun-k1-series-ceramic-heating-block-kit-quick-swap-nozzle-kit-nang-cap-cho-may-series-k1\/#primaryimage\",\"url\":\"https:\/\/nge.vn\/wp-content\/uploads\/2025\/08\/sg-11134201-7rdwj-mdbnwt3ap9hq76_tn.jpg\",\"contentUrl\":\"https:\/\/nge.vn\/wp-content\/uploads\/2025\/08\/sg-11134201-7rdwj-mdbnwt3ap9hq76_tn.jpg\",\"width\":320,\"height\":320},{\"@type\":\"BreadcrumbList\",\"@id\":\"https:\/\/nge.vn\/san-pham\/bo-cum-dun-k1-series-ceramic-heating-block-kit-quick-swap-nozzle-kit-nang-cap-cho-may-series-k1\/#breadcrumb\",\"itemListElement\":[{\"@type\":\"ListItem\",\"position\":1,\"name\":\"Trang ch\u1ee7\",\"item\":\"https:\/\/nge.vn\/\"},{\"@type\":\"ListItem\",\"position\":2,\"name\":\"S\u1ea3n ph\u1ea9m\",\"item\":\"https:\/\/nge.vn\/san-pham\/\"},{\"@type\":\"ListItem\",\"position\":3,\"name\":\"B\u1ed9 c\u1ee5m \u0111\u00f9n K1 Series Ceramic Heating Block Kit\u2014Quick-swap Nozzle Kit n\u00e2ng c\u1ea5p cho m\u00e1y Series K1\"}]},{\"@type\":\"WebSite\",\"@id\":\"https:\/\/nge.vn\/#website\",\"url\":\"https:\/\/nge.vn\/\",\"name\":\"NGE 3D Printers Services\",\"description\":\"\",\"potentialAction\":[{\"@type\":\"SearchAction\",\"target\":{\"@type\":\"EntryPoint\",\"urlTemplate\":\"https:\/\/nge.vn\/?s={search_term_string}\"},\"query-input\":{\"@type\":\"PropertyValueSpecification\",\"valueRequired\":true,\"valueName\":\"search_term_string\"}}],\"inLanguage\":\"en-US\"}]}<\/script>\n<!-- \/ Yoast SEO Premium plugin. -->","yoast_head_json":{"title":"B\u1ed9 c\u1ee5m \u0111\u00f9n K1 Series Ceramic Heating Block Kit\u2014Quick-swap Nozzle Kit n\u00e2ng c\u1ea5p cho m\u00e1y Series K1 - NGE 3D Printers Services","description":"B\u1ed9 kh\u1ed1i s\u01b0\u1edfi g\u1ed1m K1 Creality \u2013 d\u1eabn nhi\u1ec7t cao, ch\u1ecbu 300\u00b0C, h\u1ed7 tr\u1ee3 in t\u1ed1c \u0111\u1ed9 600mm\/s. C\u00f3 quick-swap , gia nhi\u1ec7t 200\u00b0C trong 40s, in \u0111a d\u1ea1ng s\u1ee3i nh\u1ef1a.","robots":{"index":"index","follow":"follow","max-snippet":"max-snippet:-1","max-image-preview":"max-image-preview:large","max-video-preview":"max-video-preview:-1"},"canonical":"https:\/\/nge.vn\/en\/product\/bo-cum-dun-k1-series-ceramic-heating-block-kit-quick-swap-nozzle-kit-nang-cap-cho-may-series-k1\/","og_locale":"en_US","og_type":"article","og_title":"B\u1ed9 c\u1ee5m \u0111\u00f9n K1 Series Ceramic Heating Block Kit\u2014Quick-swap Nozzle Kit n\u00e2ng c\u1ea5p cho m\u00e1y Series K1","og_description":"B\u1ed9 kh\u1ed1i s\u01b0\u1edfi g\u1ed1m K1 Creality \u2013 d\u1eabn nhi\u1ec7t cao, ch\u1ecbu 300\u00b0C, h\u1ed7 tr\u1ee3 in t\u1ed1c \u0111\u1ed9 600mm\/s. C\u00f3 quick-swap , gia nhi\u1ec7t 200\u00b0C trong 40s, in \u0111a d\u1ea1ng s\u1ee3i nh\u1ef1a.","og_url":"https:\/\/nge.vn\/en\/product\/bo-cum-dun-k1-series-ceramic-heating-block-kit-quick-swap-nozzle-kit-nang-cap-cho-may-series-k1\/","og_site_name":"NGE 3D Printers Services","og_image":[{"width":320,"height":320,"url":"https:\/\/nge.vn\/wp-content\/uploads\/2025\/08\/sg-11134201-7rdwj-mdbnwt3ap9hq76_tn.jpg","type":"image\/jpeg"}],"twitter_card":"summary_large_image","twitter_misc":{"Est. reading time":"3 minutes"},"schema":{"@context":"https:\/\/schema.org","@graph":[{"@type":"WebPage","@id":"https:\/\/nge.vn\/san-pham\/bo-cum-dun-k1-series-ceramic-heating-block-kit-quick-swap-nozzle-kit-nang-cap-cho-may-series-k1\/","url":"https:\/\/nge.vn\/san-pham\/bo-cum-dun-k1-series-ceramic-heating-block-kit-quick-swap-nozzle-kit-nang-cap-cho-may-series-k1\/","name":"B\u1ed9 c\u1ee5m \u0111\u00f9n K1 Series Ceramic Heating Block Kit\u2014Quick-swap Nozzle Kit n\u00e2ng c\u1ea5p cho m\u00e1y Series K1 - NGE 3D Printers Services","isPartOf":{"@id":"https:\/\/nge.vn\/#website"},"primaryImageOfPage":{"@id":"https:\/\/nge.vn\/san-pham\/bo-cum-dun-k1-series-ceramic-heating-block-kit-quick-swap-nozzle-kit-nang-cap-cho-may-series-k1\/#primaryimage"},"image":{"@id":"https:\/\/nge.vn\/san-pham\/bo-cum-dun-k1-series-ceramic-heating-block-kit-quick-swap-nozzle-kit-nang-cap-cho-may-series-k1\/#primaryimage"},"thumbnailUrl":"https:\/\/nge.vn\/wp-content\/uploads\/2025\/08\/sg-11134201-7rdwj-mdbnwt3ap9hq76_tn.jpg","datePublished":"2025-08-13T09:01:02+00:00","description":"B\u1ed9 kh\u1ed1i s\u01b0\u1edfi g\u1ed1m K1 Creality \u2013 d\u1eabn nhi\u1ec7t cao, ch\u1ecbu 300\u00b0C, h\u1ed7 tr\u1ee3 in t\u1ed1c \u0111\u1ed9 600mm\/s. C\u00f3 quick-swap , gia nhi\u1ec7t 200\u00b0C trong 40s, in \u0111a d\u1ea1ng s\u1ee3i nh\u1ef1a.","breadcrumb":{"@id":"https:\/\/nge.vn\/san-pham\/bo-cum-dun-k1-series-ceramic-heating-block-kit-quick-swap-nozzle-kit-nang-cap-cho-may-series-k1\/#breadcrumb"},"inLanguage":"en-US","potentialAction":[{"@type":"ReadAction","target":["https:\/\/nge.vn\/san-pham\/bo-cum-dun-k1-series-ceramic-heating-block-kit-quick-swap-nozzle-kit-nang-cap-cho-may-series-k1\/"]}]},{"@type":"ImageObject","inLanguage":"en-US","@id":"https:\/\/nge.vn\/san-pham\/bo-cum-dun-k1-series-ceramic-heating-block-kit-quick-swap-nozzle-kit-nang-cap-cho-may-series-k1\/#primaryimage","url":"https:\/\/nge.vn\/wp-content\/uploads\/2025\/08\/sg-11134201-7rdwj-mdbnwt3ap9hq76_tn.jpg","contentUrl":"https:\/\/nge.vn\/wp-content\/uploads\/2025\/08\/sg-11134201-7rdwj-mdbnwt3ap9hq76_tn.jpg","width":320,"height":320},{"@type":"BreadcrumbList","@id":"https:\/\/nge.vn\/san-pham\/bo-cum-dun-k1-series-ceramic-heating-block-kit-quick-swap-nozzle-kit-nang-cap-cho-may-series-k1\/#breadcrumb","itemListElement":[{"@type":"ListItem","position":1,"name":"Trang ch\u1ee7","item":"https:\/\/nge.vn\/"},{"@type":"ListItem","position":2,"name":"S\u1ea3n ph\u1ea9m","item":"https:\/\/nge.vn\/san-pham\/"},{"@type":"ListItem","position":3,"name":"B\u1ed9 c\u1ee5m \u0111\u00f9n K1 Series Ceramic Heating Block Kit\u2014Quick-swap Nozzle Kit n\u00e2ng c\u1ea5p cho m\u00e1y Series K1"}]},{"@type":"WebSite","@id":"https:\/\/nge.vn\/#website","url":"https:\/\/nge.vn\/","name":"NGE 3D Printers Services","description":"","potentialAction":[{"@type":"SearchAction","target":{"@type":"EntryPoint","urlTemplate":"https:\/\/nge.vn\/?s={search_term_string}"},"query-input":{"@type":"PropertyValueSpecification","valueRequired":true,"valueName":"search_term_string"}}],"inLanguage":"en-US"}]}},"_links":{"self":[{"href":"https:\/\/nge.vn\/en\/wp-json\/wp\/v2\/product\/6652","targetHints":{"allow":["GET"]}}],"collection":[{"href":"https:\/\/nge.vn\/en\/wp-json\/wp\/v2\/product"}],"about":[{"href":"https:\/\/nge.vn\/en\/wp-json\/wp\/v2\/types\/product"}],"replies":[{"embeddable":true,"href":"https:\/\/nge.vn\/en\/wp-json\/wp\/v2\/comments?post=6652"}],"wp:featuredmedia":[{"embeddable":true,"href":"https:\/\/nge.vn\/en\/wp-json\/wp\/v2\/media\/6653"}],"wp:attachment":[{"href":"https:\/\/nge.vn\/en\/wp-json\/wp\/v2\/media?parent=6652"}],"wp:term":[{"taxonomy":"product_brand","embeddable":true,"href":"https:\/\/nge.vn\/en\/wp-json\/wp\/v2\/product_brand?post=6652"},{"taxonomy":"product_cat","embeddable":true,"href":"https:\/\/nge.vn\/en\/wp-json\/wp\/v2\/product_cat?post=6652"},{"taxonomy":"product_tag","embeddable":true,"href":"https:\/\/nge.vn\/en\/wp-json\/wp\/v2\/product_tag?post=6652"}],"curies":[{"name":"wp","href":"https:\/\/api.w.org\/{rel}","templated":true}]}}