{"id":6642,"date":"2025-08-13T15:21:35","date_gmt":"2025-08-13T08:21:35","guid":{"rendered":"https:\/\/nge.vn\/?post_type=product&#038;p=6642"},"modified":"2025-08-13T15:21:36","modified_gmt":"2025-08-13T08:21:36","slug":"tam-ban-in-2-mat-dual-sided-printing-pet-stars-platform-board-315310mm-cho-may-in-3d-creality-k1-max-ender-3-v3-plus","status":"publish","type":"product","link":"https:\/\/nge.vn\/en\/product\/tam-ban-in-2-mat-dual-sided-printing-pet-stars-platform-board-315310mm-cho-may-in-3d-creality-k1-max-ender-3-v3-plus\/","title":{"rendered":"T\u1ea5m b\u00e0n in 2 m\u1eb7t Dual Sided Printing PET &#8220;Stars&#8221; Platform Board 315*310mm cho m\u00e1y in 3d Creality K1 Max\/ Ender 3 V3 PLus"},"content":{"rendered":"<h3 data-start=\"866\" data-end=\"935\">\u2728 <strong data-start=\"872\" data-end=\"935\">B\u1ea3ng N\u1ec1n PET &#8220;Stars&#8221; Hai M\u1eb7t \u2013 K\u1ebft H\u1ee3p Th\u1ea9m M\u1ef9 v\u00e0 Hi\u1ec7u N\u0103ng<\/strong><\/h3>\n<p data-start=\"936\" data-end=\"1117\">T\u1ea5m n\u1ec1n PET &#8220;Stars&#8221; hai m\u1eb7t t\u1eeb Creality mang \u0111\u1ebfn <strong data-start=\"985\" data-end=\"1041\">s\u1ef1 linh ho\u1ea1t, th\u1ea9m m\u1ef9 v\u00e0 kh\u1ea3 n\u0103ng b\u00e1m d\u00ednh v\u01b0\u1ee3t tr\u1ed9i<\/strong>, \u0111\u00e1p \u1ee9ng nhu c\u1ea7u in \u0111a d\u1ea1ng cho c\u00e1c d\u00f2ng m\u00e1y <strong data-start=\"1087\" data-end=\"1116\">K1 Max v\u00e0 Ender-3 V3 Plus<\/strong>.<\/p>\n<hr data-start=\"1119\" data-end=\"1122\" \/>\n<h3 data-start=\"1124\" data-end=\"1152\"><strong data-start=\"1128\" data-end=\"1152\">\ud83d\ude80 T\u00ednh n\u0103ng n\u1ed5i b\u1eadt<\/strong><\/h3>\n<ul data-start=\"1153\" data-end=\"1632\">\n<li data-start=\"1153\" data-end=\"1270\">\n<p data-start=\"1155\" data-end=\"1270\"><strong data-start=\"1155\" data-end=\"1177\">Ch\u1ee9c n\u0103ng hai m\u1eb7t:<\/strong> PET hoa v\u0103n \u201cStars\u201d \u0111\u1ed9c \u0111\u00e1o &amp; PEI m\u1edd b\u00e1m d\u00ednh cao, chuy\u1ec3n \u0111\u1ed5i nhanh ch\u00f3ng theo nhu c\u1ea7u in.<\/p>\n<\/li>\n<li data-start=\"1271\" data-end=\"1348\">\n<p data-start=\"1273\" data-end=\"1348\"><strong data-start=\"1273\" data-end=\"1295\">Ti\u1ebft ki\u1ec7m chi ph\u00ed:<\/strong> M\u1ed9t t\u1ea5m n\u1ec1n \u0111\u00e1p \u1ee9ng nhi\u1ec1u v\u1eadt li\u1ec7u v\u00e0 m\u1ee5c \u0111\u00edch in.<\/p>\n<\/li>\n<li data-start=\"1349\" data-end=\"1457\">\n<p data-start=\"1351\" data-end=\"1457\"><strong data-start=\"1351\" data-end=\"1367\">Th\u1ea9m m\u1ef9 cao:<\/strong> H\u1ecda ti\u1ebft PET Stars r\u1ef1c r\u1ee1, ph\u1ea3n chi\u1ebfu nhi\u1ec1u m\u00e0u t\u1eeb c\u00e1c g\u00f3c \u0111\u1ed9, n\u00e2ng t\u1ea7m v\u1ebb \u0111\u1eb9p m\u00f4 h\u00ecnh.<\/p>\n<\/li>\n<li data-start=\"1458\" data-end=\"1546\">\n<p data-start=\"1460\" data-end=\"1546\"><strong data-start=\"1460\" data-end=\"1481\">B\u00e1m d\u00ednh m\u1ea1nh m\u1ebd:<\/strong> PEI m\u1edd ch\u1ed1ng cong v\u00eanh, gi\u1eef m\u00f4 h\u00ecnh \u1ed5n \u0111\u1ecbnh su\u1ed1t qu\u00e1 tr\u00ecnh in.<\/p>\n<\/li>\n<li data-start=\"1547\" data-end=\"1632\">\n<p data-start=\"1549\" data-end=\"1632\"><strong data-start=\"1549\" data-end=\"1567\">D\u1ec5 th\u00e1o khu\u00f4n:<\/strong> T\u1ea5m th\u00e9p l\u00f2 xo \u0111\u00e0n h\u1ed3i cao, kh\u00f4ng bi\u1ebfn d\u1ea1ng sau nhi\u1ec1u l\u1ea7n u\u1ed1n.<\/p>\n<\/li>\n<\/ul>\n<hr data-start=\"1634\" data-end=\"1637\" \/>\n<h3 data-start=\"1639\" data-end=\"1667\"><strong data-start=\"1643\" data-end=\"1667\">\ud83d\udd0d C\u1ea5u t\u1ea1o &amp; \u01afu \u0111i\u1ec3m<\/strong><\/h3>\n<ol data-start=\"1668\" data-end=\"1935\">\n<li data-start=\"1668\" data-end=\"1771\">\n<p data-start=\"1671\" data-end=\"1771\"><strong data-start=\"1671\" data-end=\"1691\">B\u1ec1 m\u1eb7t PET Stars<\/strong> \u2013 hi\u1ec7u \u1ee9ng h\u1ecda ti\u1ebft \u0111\u1ed9c \u0111\u00e1o, ph\u00f9 h\u1ee3p in PLA, PETG, TPU (ch\u1ecbu nhi\u1ec7t t\u1edbi 80\u00b0C).<\/p>\n<\/li>\n<li data-start=\"1772\" data-end=\"1852\">\n<p data-start=\"1775\" data-end=\"1852\"><strong data-start=\"1775\" data-end=\"1792\">B\u1ec1 m\u1eb7t PEI m\u1edd<\/strong> \u2013 b\u00e1m d\u00ednh t\u1ed1t v\u1edbi PLA, PETG, ABS, TPU, ASA, PET, PA, PC\u2026<\/p>\n<\/li>\n<li data-start=\"1853\" data-end=\"1935\">\n<p data-start=\"1856\" data-end=\"1935\"><strong data-start=\"1856\" data-end=\"1879\">T\u1ea5m th\u00e9p l\u00f2 xo m\u1ecfng<\/strong> \u2013 \u0111\u1ed9 ph\u1eb3ng cao, gi\u1ea3m qu\u00e1n t\u00ednh khi b\u1ec7 in chuy\u1ec3n \u0111\u1ed9ng.<\/p>\n<\/li>\n<\/ol>\n<hr data-start=\"1937\" data-end=\"1940\" \/>\n<h3 data-start=\"1942\" data-end=\"1970\"><strong data-start=\"1946\" data-end=\"1970\">\ud83d\udcd0 Th\u00f4ng s\u1ed1 k\u1ef9 thu\u1eadt<\/strong><\/h3>\n<div class=\"_tableContainer_1rjym_1\">\n<div class=\"_tableWrapper_1rjym_13 group flex w-fit flex-col-reverse\" tabindex=\"-1\">\n<table class=\"w-fit min-w-(--thread-content-width)\" data-start=\"1971\" data-end=\"2593\">\n<thead data-start=\"1971\" data-end=\"2033\">\n<tr data-start=\"1971\" data-end=\"2033\">\n<th data-start=\"1971\" data-end=\"1993\" data-col-size=\"sm\">Th\u00f4ng s\u1ed1<\/th>\n<th data-start=\"1993\" data-end=\"2033\" data-col-size=\"sm\">Gi\u00e1 tr\u1ecb<\/th>\n<\/tr>\n<\/thead>\n<tbody data-start=\"2096\" data-end=\"2593\">\n<tr data-start=\"2096\" data-end=\"2157\">\n<td data-start=\"2096\" data-end=\"2117\" data-col-size=\"sm\">T\u00ean s\u1ea3n ph\u1ea9m<\/td>\n<td data-start=\"2117\" data-end=\"2157\" data-col-size=\"sm\">B\u1ea3ng n\u1ec1n PET &#8220;Stars&#8221; hai m\u1eb7t<\/td>\n<\/tr>\n<tr data-start=\"2158\" data-end=\"2219\">\n<td data-start=\"2158\" data-end=\"2179\" data-col-size=\"sm\">K\u00edch th\u01b0\u1edbc<\/td>\n<td data-col-size=\"sm\" data-start=\"2179\" data-end=\"2219\">315\u00d7310mm<\/td>\n<\/tr>\n<tr data-start=\"2220\" data-end=\"2281\">\n<td data-start=\"2220\" data-end=\"2241\" data-col-size=\"sm\">Packing Size<\/td>\n<td data-col-size=\"sm\" data-start=\"2241\" data-end=\"2281\">330\u00d7345\u00d78mm<\/td>\n<\/tr>\n<tr data-start=\"2282\" data-end=\"2344\">\n<td data-start=\"2282\" data-end=\"2303\" data-col-size=\"sm\">Tr\u1ecdng l\u01b0\u1ee3ng g\u1ed9p<\/td>\n<td data-col-size=\"sm\" data-start=\"2303\" data-end=\"2344\">0.6kg<\/td>\n<\/tr>\n<tr data-start=\"2345\" data-end=\"2407\">\n<td data-start=\"2345\" data-end=\"2366\" data-col-size=\"sm\">S\u1ed1 l\u01b0\u1ee3ng\/th\u00f9ng<\/td>\n<td data-col-size=\"sm\" data-start=\"2366\" data-end=\"2407\">20 t\u1ea5m\/th\u00f9ng<\/td>\n<\/tr>\n<tr data-start=\"2408\" data-end=\"2469\">\n<td data-start=\"2408\" data-end=\"2429\" data-col-size=\"sm\">Carton Size<\/td>\n<td data-col-size=\"sm\" data-start=\"2429\" data-end=\"2469\">395\u00d7380\u00d7245mm<\/td>\n<\/tr>\n<tr data-start=\"2470\" data-end=\"2531\">\n<td data-start=\"2470\" data-end=\"2491\" data-col-size=\"sm\">M\u00e3 s\u1ea3n ph\u1ea9m<\/td>\n<td data-col-size=\"sm\" data-start=\"2491\" data-end=\"2531\">4004090138<\/td>\n<\/tr>\n<tr data-start=\"2532\" data-end=\"2593\">\n<td data-start=\"2532\" data-end=\"2553\" data-col-size=\"sm\">T\u01b0\u01a1ng th\u00edch<\/td>\n<td data-col-size=\"sm\" data-start=\"2553\" data-end=\"2593\">Creality K1 Max, Ender-3 V3 Plus<\/td>\n<\/tr>\n<\/tbody>\n<\/table>\n<p>-\u0110\u00e2y l\u00e0 c\u00e1c trang b\u00e1n h\u00e0ng b\u00ean m\u00ecnh NGE 3D Printer Services chuy\u00ean cung c\u1ea5p Nh\u1ef1a in 3D v\u00e0 M\u00e1y in 3D c\u1ee7a H\u00e3ng ESUN, Flsun, BIQU, Creality, eMake3d&#8230;<br \/>\n\ud83d\uded2Shopee =&gt; https:\/\/shopee.vn\/nge3dprinter<br \/>\n\ud83d\uded2Shopee =&gt; https:\/\/shopee.vn\/nge3dservices<br \/>\n\ud83d\uded2Shopee Voron v\u00e0 eMake3D =&gt; https:\/\/shopee.vn\/3dmasterpower<br \/>\n\ud83d\uded2Shopee eMake3D =&gt; https:\/\/shopee.vn\/nge3dprinting<br \/>\n\ud83d\uded2Lazada =&gt; https:\/\/www.lazada.vn\/shop\/nge-3d-printer<br \/>\n\ud83d\uded2Lazada =&gt; https:\/\/www.lazada.vn\/shop\/nge-3d-printer-services<br \/>\n\ud83d\uded2Lazada =&gt; https:\/\/www.lazada.vn\/shop\/emake3d-vn<br \/>\n\ud83d\uded2Webslite Th\u1ebf H\u1ec7 K\u1ebf Ti\u1ebfp =&gt;https:\/\/www.theheketiep.com\/<br \/>\n\ud83d\uded2Webslite NGE.VN =&gt;https:\/\/www.nge.vn\/<br \/>\nHo\u1eb7c b\u1ea1n g\u1ecdi 094.144.0951 g\u1eb7p m\u00ecnh<br \/>\nHo\u1eb7c 0913939775 g\u1eb7p anh Qu\u00e2n<br \/>\n** Price does not include VAT (+8 or 10% if VAT invoice is issued)<\/p><\/div>\n<\/div>","protected":false},"excerpt":{"rendered":"<p data-start=\"346\" data-end=\"519\">B\u1ea3ng n\u1ec1n PET &#8220;Stars&#8221; Creality hai m\u1eb7t \u2013 h\u1ecda ti\u1ebft s\u00e1ng t\u1ea1o, b\u00e1m d\u00ednh cao, d\u1ec5 th\u00e1o khu\u00f4n, t\u01b0\u01a1ng th\u00edch K1 Max v\u00e0 Ender-3 V3 Plus. K\u1ebft h\u1ee3p PET hoa v\u0103n v\u00e0 PEI m\u1edd ch\u1ed1ng cong v\u00eanh.<\/p>","protected":false},"featured_media":6643,"comment_status":"open","ping_status":"closed","template":"","meta":{"inline_featured_image":false},"product_brand":[],"product_cat":[458,40,56],"product_tag":[495,652,774,663],"class_list":{"0":"post-6642","1":"product","2":"type-product","3":"status-publish","4":"has-post-thumbnail","6":"product_cat-ban-kinh-carbon-va-pei","7":"product_cat-linh-kien-va-phu-kien","8":"product_cat-linh-phu-kien-may-in-3d-creality","9":"product_tag-creality","10":"product_tag-ender3v3","11":"product_tag-k1","12":"product_tag-nge3d","14":"first","15":"instock","16":"taxable","17":"shipping-taxable","18":"purchasable","19":"product-type-simple"},"yoast_head":"<!-- This site is optimized with the Yoast SEO Premium plugin v22.8 (Yoast SEO v26.9) - https:\/\/yoast.com\/product\/yoast-seo-premium-wordpress\/ -->\n<title>T\u1ea5m b\u00e0n in 2 m\u1eb7t Dual Sided Printing PET &quot;Stars&quot; Platform Board 315*310mm cho m\u00e1y in 3d Creality K1 Max\/ Ender 3 V3 PLus - NGE 3D Printers Services<\/title>\n<meta name=\"description\" content=\"B\u1ea3ng n\u1ec1n PET &quot;Stars&quot; Creality hai m\u1eb7t \u2013 h\u1ecda ti\u1ebft s\u00e1ng t\u1ea1o, b\u00e1m d\u00ednh cao, d\u1ec5 th\u00e1o khu\u00f4n, t\u01b0\u01a1ng th\u00edch K1 Max v\u00e0 Ender-3 V3 Plus.\" \/>\n<meta name=\"robots\" content=\"index, follow, max-snippet:-1, max-image-preview:large, max-video-preview:-1\" \/>\n<link rel=\"canonical\" href=\"https:\/\/nge.vn\/en\/product\/tam-ban-in-2-mat-dual-sided-printing-pet-stars-platform-board-315310mm-cho-may-in-3d-creality-k1-max-ender-3-v3-plus\/\" \/>\n<meta property=\"og:locale\" content=\"en_US\" \/>\n<meta property=\"og:type\" content=\"article\" \/>\n<meta property=\"og:title\" content=\"T\u1ea5m b\u00e0n in 2 m\u1eb7t Dual Sided Printing PET &quot;Stars&quot; Platform Board 315*310mm cho m\u00e1y in 3d Creality K1 Max\/ Ender 3 V3 PLus\" \/>\n<meta property=\"og:description\" content=\"B\u1ea3ng n\u1ec1n PET &quot;Stars&quot; Creality hai m\u1eb7t \u2013 h\u1ecda ti\u1ebft s\u00e1ng t\u1ea1o, b\u00e1m d\u00ednh cao, d\u1ec5 th\u00e1o khu\u00f4n, t\u01b0\u01a1ng th\u00edch K1 Max v\u00e0 Ender-3 V3 Plus.\" \/>\n<meta property=\"og:url\" content=\"https:\/\/nge.vn\/en\/product\/tam-ban-in-2-mat-dual-sided-printing-pet-stars-platform-board-315310mm-cho-may-in-3d-creality-k1-max-ender-3-v3-plus\/\" \/>\n<meta property=\"og:site_name\" content=\"NGE 3D Printers Services\" \/>\n<meta property=\"article:modified_time\" content=\"2025-08-13T08:21:36+00:00\" \/>\n<meta property=\"og:image\" content=\"https:\/\/nge.vn\/wp-content\/uploads\/2025\/08\/sg-11134201-7rdvg-mckuv560julv3f_tn.jpg\" \/>\n\t<meta property=\"og:image:width\" content=\"320\" \/>\n\t<meta property=\"og:image:height\" content=\"320\" \/>\n\t<meta property=\"og:image:type\" content=\"image\/jpeg\" \/>\n<meta name=\"twitter:card\" content=\"summary_large_image\" \/>\n<meta name=\"twitter:label1\" content=\"Est. reading time\" \/>\n\t<meta name=\"twitter:data1\" content=\"3 minutes\" \/>\n<script type=\"application\/ld+json\" class=\"yoast-schema-graph\">{\"@context\":\"https:\/\/schema.org\",\"@graph\":[{\"@type\":\"WebPage\",\"@id\":\"https:\/\/nge.vn\/san-pham\/tam-ban-in-2-mat-dual-sided-printing-pet-stars-platform-board-315310mm-cho-may-in-3d-creality-k1-max-ender-3-v3-plus\/\",\"url\":\"https:\/\/nge.vn\/san-pham\/tam-ban-in-2-mat-dual-sided-printing-pet-stars-platform-board-315310mm-cho-may-in-3d-creality-k1-max-ender-3-v3-plus\/\",\"name\":\"T\u1ea5m b\u00e0n in 2 m\u1eb7t Dual Sided Printing PET \\\"Stars\\\" Platform Board 315*310mm cho m\u00e1y in 3d Creality K1 Max\/ Ender 3 V3 PLus - NGE 3D Printers Services\",\"isPartOf\":{\"@id\":\"https:\/\/nge.vn\/#website\"},\"primaryImageOfPage\":{\"@id\":\"https:\/\/nge.vn\/san-pham\/tam-ban-in-2-mat-dual-sided-printing-pet-stars-platform-board-315310mm-cho-may-in-3d-creality-k1-max-ender-3-v3-plus\/#primaryimage\"},\"image\":{\"@id\":\"https:\/\/nge.vn\/san-pham\/tam-ban-in-2-mat-dual-sided-printing-pet-stars-platform-board-315310mm-cho-may-in-3d-creality-k1-max-ender-3-v3-plus\/#primaryimage\"},\"thumbnailUrl\":\"https:\/\/nge.vn\/wp-content\/uploads\/2025\/08\/sg-11134201-7rdvg-mckuv560julv3f_tn.jpg\",\"datePublished\":\"2025-08-13T08:21:35+00:00\",\"dateModified\":\"2025-08-13T08:21:36+00:00\",\"description\":\"B\u1ea3ng n\u1ec1n PET \\\"Stars\\\" Creality hai m\u1eb7t \u2013 h\u1ecda ti\u1ebft s\u00e1ng t\u1ea1o, b\u00e1m d\u00ednh cao, d\u1ec5 th\u00e1o khu\u00f4n, t\u01b0\u01a1ng th\u00edch K1 Max v\u00e0 Ender-3 V3 Plus.\",\"breadcrumb\":{\"@id\":\"https:\/\/nge.vn\/san-pham\/tam-ban-in-2-mat-dual-sided-printing-pet-stars-platform-board-315310mm-cho-may-in-3d-creality-k1-max-ender-3-v3-plus\/#breadcrumb\"},\"inLanguage\":\"en-US\",\"potentialAction\":[{\"@type\":\"ReadAction\",\"target\":[\"https:\/\/nge.vn\/san-pham\/tam-ban-in-2-mat-dual-sided-printing-pet-stars-platform-board-315310mm-cho-may-in-3d-creality-k1-max-ender-3-v3-plus\/\"]}]},{\"@type\":\"ImageObject\",\"inLanguage\":\"en-US\",\"@id\":\"https:\/\/nge.vn\/san-pham\/tam-ban-in-2-mat-dual-sided-printing-pet-stars-platform-board-315310mm-cho-may-in-3d-creality-k1-max-ender-3-v3-plus\/#primaryimage\",\"url\":\"https:\/\/nge.vn\/wp-content\/uploads\/2025\/08\/sg-11134201-7rdvg-mckuv560julv3f_tn.jpg\",\"contentUrl\":\"https:\/\/nge.vn\/wp-content\/uploads\/2025\/08\/sg-11134201-7rdvg-mckuv560julv3f_tn.jpg\",\"width\":320,\"height\":320},{\"@type\":\"BreadcrumbList\",\"@id\":\"https:\/\/nge.vn\/san-pham\/tam-ban-in-2-mat-dual-sided-printing-pet-stars-platform-board-315310mm-cho-may-in-3d-creality-k1-max-ender-3-v3-plus\/#breadcrumb\",\"itemListElement\":[{\"@type\":\"ListItem\",\"position\":1,\"name\":\"Trang ch\u1ee7\",\"item\":\"https:\/\/nge.vn\/\"},{\"@type\":\"ListItem\",\"position\":2,\"name\":\"S\u1ea3n ph\u1ea9m\",\"item\":\"https:\/\/nge.vn\/san-pham\/\"},{\"@type\":\"ListItem\",\"position\":3,\"name\":\"T\u1ea5m b\u00e0n in 2 m\u1eb7t Dual Sided Printing PET &#8220;Stars&#8221; Platform Board 315*310mm cho m\u00e1y in 3d Creality K1 Max\/ Ender 3 V3 PLus\"}]},{\"@type\":\"WebSite\",\"@id\":\"https:\/\/nge.vn\/#website\",\"url\":\"https:\/\/nge.vn\/\",\"name\":\"NGE 3D Printers Services\",\"description\":\"\",\"potentialAction\":[{\"@type\":\"SearchAction\",\"target\":{\"@type\":\"EntryPoint\",\"urlTemplate\":\"https:\/\/nge.vn\/?s={search_term_string}\"},\"query-input\":{\"@type\":\"PropertyValueSpecification\",\"valueRequired\":true,\"valueName\":\"search_term_string\"}}],\"inLanguage\":\"en-US\"}]}<\/script>\n<!-- \/ Yoast SEO Premium plugin. -->","yoast_head_json":{"title":"T\u1ea5m b\u00e0n in 2 m\u1eb7t Dual Sided Printing PET \"Stars\" Platform Board 315*310mm cho m\u00e1y in 3d Creality K1 Max\/ Ender 3 V3 PLus - NGE 3D Printers Services","description":"B\u1ea3ng n\u1ec1n PET \"Stars\" Creality hai m\u1eb7t \u2013 h\u1ecda ti\u1ebft s\u00e1ng t\u1ea1o, b\u00e1m d\u00ednh cao, d\u1ec5 th\u00e1o khu\u00f4n, t\u01b0\u01a1ng th\u00edch K1 Max v\u00e0 Ender-3 V3 Plus.","robots":{"index":"index","follow":"follow","max-snippet":"max-snippet:-1","max-image-preview":"max-image-preview:large","max-video-preview":"max-video-preview:-1"},"canonical":"https:\/\/nge.vn\/en\/product\/tam-ban-in-2-mat-dual-sided-printing-pet-stars-platform-board-315310mm-cho-may-in-3d-creality-k1-max-ender-3-v3-plus\/","og_locale":"en_US","og_type":"article","og_title":"T\u1ea5m b\u00e0n in 2 m\u1eb7t Dual Sided Printing PET \"Stars\" Platform Board 315*310mm cho m\u00e1y in 3d Creality K1 Max\/ Ender 3 V3 PLus","og_description":"B\u1ea3ng n\u1ec1n PET \"Stars\" Creality hai m\u1eb7t \u2013 h\u1ecda ti\u1ebft s\u00e1ng t\u1ea1o, b\u00e1m d\u00ednh cao, d\u1ec5 th\u00e1o khu\u00f4n, t\u01b0\u01a1ng th\u00edch K1 Max v\u00e0 Ender-3 V3 Plus.","og_url":"https:\/\/nge.vn\/en\/product\/tam-ban-in-2-mat-dual-sided-printing-pet-stars-platform-board-315310mm-cho-may-in-3d-creality-k1-max-ender-3-v3-plus\/","og_site_name":"NGE 3D Printers Services","article_modified_time":"2025-08-13T08:21:36+00:00","og_image":[{"width":320,"height":320,"url":"https:\/\/nge.vn\/wp-content\/uploads\/2025\/08\/sg-11134201-7rdvg-mckuv560julv3f_tn.jpg","type":"image\/jpeg"}],"twitter_card":"summary_large_image","twitter_misc":{"Est. reading time":"3 minutes"},"schema":{"@context":"https:\/\/schema.org","@graph":[{"@type":"WebPage","@id":"https:\/\/nge.vn\/san-pham\/tam-ban-in-2-mat-dual-sided-printing-pet-stars-platform-board-315310mm-cho-may-in-3d-creality-k1-max-ender-3-v3-plus\/","url":"https:\/\/nge.vn\/san-pham\/tam-ban-in-2-mat-dual-sided-printing-pet-stars-platform-board-315310mm-cho-may-in-3d-creality-k1-max-ender-3-v3-plus\/","name":"T\u1ea5m b\u00e0n in 2 m\u1eb7t Dual Sided Printing PET \"Stars\" Platform Board 315*310mm cho m\u00e1y in 3d Creality K1 Max\/ Ender 3 V3 PLus - NGE 3D Printers Services","isPartOf":{"@id":"https:\/\/nge.vn\/#website"},"primaryImageOfPage":{"@id":"https:\/\/nge.vn\/san-pham\/tam-ban-in-2-mat-dual-sided-printing-pet-stars-platform-board-315310mm-cho-may-in-3d-creality-k1-max-ender-3-v3-plus\/#primaryimage"},"image":{"@id":"https:\/\/nge.vn\/san-pham\/tam-ban-in-2-mat-dual-sided-printing-pet-stars-platform-board-315310mm-cho-may-in-3d-creality-k1-max-ender-3-v3-plus\/#primaryimage"},"thumbnailUrl":"https:\/\/nge.vn\/wp-content\/uploads\/2025\/08\/sg-11134201-7rdvg-mckuv560julv3f_tn.jpg","datePublished":"2025-08-13T08:21:35+00:00","dateModified":"2025-08-13T08:21:36+00:00","description":"B\u1ea3ng n\u1ec1n PET \"Stars\" Creality hai m\u1eb7t \u2013 h\u1ecda ti\u1ebft s\u00e1ng t\u1ea1o, b\u00e1m d\u00ednh cao, d\u1ec5 th\u00e1o khu\u00f4n, t\u01b0\u01a1ng th\u00edch K1 Max v\u00e0 Ender-3 V3 Plus.","breadcrumb":{"@id":"https:\/\/nge.vn\/san-pham\/tam-ban-in-2-mat-dual-sided-printing-pet-stars-platform-board-315310mm-cho-may-in-3d-creality-k1-max-ender-3-v3-plus\/#breadcrumb"},"inLanguage":"en-US","potentialAction":[{"@type":"ReadAction","target":["https:\/\/nge.vn\/san-pham\/tam-ban-in-2-mat-dual-sided-printing-pet-stars-platform-board-315310mm-cho-may-in-3d-creality-k1-max-ender-3-v3-plus\/"]}]},{"@type":"ImageObject","inLanguage":"en-US","@id":"https:\/\/nge.vn\/san-pham\/tam-ban-in-2-mat-dual-sided-printing-pet-stars-platform-board-315310mm-cho-may-in-3d-creality-k1-max-ender-3-v3-plus\/#primaryimage","url":"https:\/\/nge.vn\/wp-content\/uploads\/2025\/08\/sg-11134201-7rdvg-mckuv560julv3f_tn.jpg","contentUrl":"https:\/\/nge.vn\/wp-content\/uploads\/2025\/08\/sg-11134201-7rdvg-mckuv560julv3f_tn.jpg","width":320,"height":320},{"@type":"BreadcrumbList","@id":"https:\/\/nge.vn\/san-pham\/tam-ban-in-2-mat-dual-sided-printing-pet-stars-platform-board-315310mm-cho-may-in-3d-creality-k1-max-ender-3-v3-plus\/#breadcrumb","itemListElement":[{"@type":"ListItem","position":1,"name":"Trang ch\u1ee7","item":"https:\/\/nge.vn\/"},{"@type":"ListItem","position":2,"name":"S\u1ea3n ph\u1ea9m","item":"https:\/\/nge.vn\/san-pham\/"},{"@type":"ListItem","position":3,"name":"T\u1ea5m b\u00e0n in 2 m\u1eb7t Dual Sided Printing PET &#8220;Stars&#8221; Platform Board 315*310mm cho m\u00e1y in 3d Creality K1 Max\/ Ender 3 V3 PLus"}]},{"@type":"WebSite","@id":"https:\/\/nge.vn\/#website","url":"https:\/\/nge.vn\/","name":"NGE 3D Printers Services","description":"","potentialAction":[{"@type":"SearchAction","target":{"@type":"EntryPoint","urlTemplate":"https:\/\/nge.vn\/?s={search_term_string}"},"query-input":{"@type":"PropertyValueSpecification","valueRequired":true,"valueName":"search_term_string"}}],"inLanguage":"en-US"}]}},"_links":{"self":[{"href":"https:\/\/nge.vn\/en\/wp-json\/wp\/v2\/product\/6642","targetHints":{"allow":["GET"]}}],"collection":[{"href":"https:\/\/nge.vn\/en\/wp-json\/wp\/v2\/product"}],"about":[{"href":"https:\/\/nge.vn\/en\/wp-json\/wp\/v2\/types\/product"}],"replies":[{"embeddable":true,"href":"https:\/\/nge.vn\/en\/wp-json\/wp\/v2\/comments?post=6642"}],"wp:featuredmedia":[{"embeddable":true,"href":"https:\/\/nge.vn\/en\/wp-json\/wp\/v2\/media\/6643"}],"wp:attachment":[{"href":"https:\/\/nge.vn\/en\/wp-json\/wp\/v2\/media?parent=6642"}],"wp:term":[{"taxonomy":"product_brand","embeddable":true,"href":"https:\/\/nge.vn\/en\/wp-json\/wp\/v2\/product_brand?post=6642"},{"taxonomy":"product_cat","embeddable":true,"href":"https:\/\/nge.vn\/en\/wp-json\/wp\/v2\/product_cat?post=6642"},{"taxonomy":"product_tag","embeddable":true,"href":"https:\/\/nge.vn\/en\/wp-json\/wp\/v2\/product_tag?post=6642"}],"curies":[{"name":"wp","href":"https:\/\/api.w.org\/{rel}","templated":true}]}}