{"id":6629,"date":"2025-08-08T14:28:36","date_gmt":"2025-08-08T07:28:36","guid":{"rendered":"https:\/\/nge.vn\/?post_type=product&#038;p=6629"},"modified":"2025-08-08T14:28:37","modified_gmt":"2025-08-08T07:28:37","slug":"bo-toi-nhua-extrusion-kit-cho-may-in-3d-creality-ender-3-v3-se-ender-3-v3-ke-ender-5-s1-ender-3-s1-va-sermoon-d3","status":"publish","type":"product","link":"https:\/\/nge.vn\/en\/product\/bo-toi-nhua-extrusion-kit-cho-may-in-3d-creality-ender-3-v3-se-ender-3-v3-ke-ender-5-s1-ender-3-s1-va-sermoon-d3\/","title":{"rendered":"B\u1ed9 t\u1eddi nh\u1ef1a Extrusion Kit cho m\u00e1y in 3d Creality Ender 3 V3 SE, Ender 3 V3 KE, Ender 5 S1, Ender 3 S1 v\u00e0 Sermoon D3&#8230;"},"content":{"rendered":"<h3 data-start=\"905\" data-end=\"983\">\ud83d\ude80 <strong data-start=\"912\" data-end=\"983\">B\u1ed9 T\u1eddi Nh\u1ef1a Creality Extrusion Kit \u2013 N\u00e2ng C\u1ea5p \u0110a N\u0103ng Cho M\u00e1y In 3D<\/strong><\/h3>\n<p data-start=\"984\" data-end=\"1161\">B\u1ed9 t\u1eddi nh\u1ef1a <strong data-start=\"996\" data-end=\"1022\">Creality Extrusion Kit<\/strong> l\u00e0 gi\u1ea3i ph\u00e1p <strong data-start=\"1036\" data-end=\"1058\">n\u00e2ng c\u1ea5p hi\u1ec7u su\u1ea5t<\/strong> cho c\u00e1c d\u00f2ng m\u00e1y in 3D Creality, mang l\u1ea1i kh\u1ea3 n\u0103ng <strong data-start=\"1110\" data-end=\"1158\">c\u1ea5p li\u1ec7u \u1ed5n \u0111\u1ecbnh, l\u1ef1c \u0111\u00f9n m\u1ea1nh v\u00e0 \u0111\u1ed9 b\u1ec1n cao<\/strong>.<\/p>\n<hr data-start=\"1163\" data-end=\"1166\" \/>\n<h3 data-start=\"1168\" data-end=\"1195\"><strong data-start=\"1172\" data-end=\"1195\">\u2728 T\u00ednh n\u0103ng n\u1ed5i b\u1eadt<\/strong><\/h3>\n<ul data-start=\"1196\" data-end=\"1914\">\n<li data-start=\"1196\" data-end=\"1338\">\n<p data-start=\"1198\" data-end=\"1338\"><strong data-start=\"1198\" data-end=\"1226\">T\u01b0\u01a1ng th\u00edch \u0111a d\u00f2ng m\u00e1y:<\/strong> Sermoon V2, CR-200B Pro, Ender-3 S1, Sermoon V1\/V1 Pro, Sermoon D3, Ender-5 S1, Ender-3 V3 SE, Ender-3 V3 KE.<\/p>\n<\/li>\n<li data-start=\"1339\" data-end=\"1431\">\n<p data-start=\"1341\" data-end=\"1431\"><strong data-start=\"1341\" data-end=\"1357\">\u0110a v\u1eadt li\u1ec7u:<\/strong> PLA, TPU, PETG, ABS\u2026 \u0111\u00e1p \u1ee9ng c\u1ea3 in ngh\u1ec7 thu\u1eadt, k\u1ef9 thu\u1eadt v\u00e0 c\u00f4ng nghi\u1ec7p.<\/p>\n<\/li>\n<li data-start=\"1432\" data-end=\"1549\">\n<p data-start=\"1434\" data-end=\"1549\"><strong data-start=\"1434\" data-end=\"1468\">Thi\u1ebft k\u1ebf nh\u1ecf g\u1ecdn \u2013 d\u1ec5 l\u1eafp \u0111\u1eb7t:<\/strong> Th\u00e2n thi\u1ec7n v\u1edbi ng\u01b0\u1eddi d\u00f9ng, c\u1ea3i ti\u1ebfn nhanh ch\u00f3ng cho nhi\u1ec1u m\u1eabu Ender &amp; Sermoon.<\/p>\n<\/li>\n<li data-start=\"1550\" data-end=\"1669\">\n<p data-start=\"1552\" data-end=\"1669\"><strong data-start=\"1552\" data-end=\"1586\">M\u00f4-men xo\u1eafn cao \u2013 l\u1ef1c \u0111\u00f9n 80N:<\/strong> B\u00e1nh r\u0103ng truy\u1ec1n 3,5:1 k\u1ebft h\u1ee3p \u0111\u1ed9ng c\u01a1 t\u1ed1i \u01b0u, cho l\u1ef1c \u0111\u00f9n m\u1ea1nh m\u1ebd v\u00e0 ch\u00ednh x\u00e1c.<\/p>\n<\/li>\n<li data-start=\"1670\" data-end=\"1747\">\n<p data-start=\"1672\" data-end=\"1747\"><strong data-start=\"1672\" data-end=\"1699\">C\u1ea5p li\u1ec7u hai b\u00e1nh r\u0103ng:<\/strong> Kh\u00f4ng l\u00e0m h\u1ecfng s\u1ee3i, c\u1ea5p li\u1ec7u m\u01b0\u1ee3t v\u00e0 \u1ed5n \u0111\u1ecbnh.<\/p>\n<\/li>\n<li data-start=\"1748\" data-end=\"1834\">\n<p data-start=\"1750\" data-end=\"1834\"><strong data-start=\"1750\" data-end=\"1781\">\u0110i\u1ec1u ch\u1ec9nh l\u1ef1c c\u1ea5p d\u1ec5 d\u00e0ng:<\/strong> Cho ph\u00e9p tinh ch\u1ec9nh \u00e1p l\u1ef1c \u0111\u1ec3 in chi ti\u1ebft m\u1ecbn h\u01a1n.<\/p>\n<\/li>\n<li data-start=\"1835\" data-end=\"1914\">\n<p data-start=\"1837\" data-end=\"1914\"><strong data-start=\"1837\" data-end=\"1865\">Thu\u1eadn ti\u1ec7n khi thay s\u1ee3i:<\/strong> Thi\u1ebft k\u1ebf c\u1edd l\u00ea h\u1ed7 tr\u1ee3 l\u1eafp\/n\u1ea1p s\u1ee3i nhanh ch\u00f3ng.<\/p>\n<\/li>\n<\/ul>\n<hr data-start=\"1916\" data-end=\"1919\" \/>\n<h3 data-start=\"1921\" data-end=\"1949\"><strong data-start=\"1925\" data-end=\"1949\">\ud83d\udee0 Th\u00f4ng s\u1ed1 k\u1ef9 thu\u1eadt<\/strong><\/h3>\n<div class=\"_tableContainer_1rjym_1\">\n<div class=\"_tableWrapper_1rjym_13 group flex w-fit flex-col-reverse\" tabindex=\"-1\">\n<table class=\"w-fit min-w-(--thread-content-width)\" data-start=\"1950\" data-end=\"2505\">\n<thead data-start=\"1950\" data-end=\"2005\">\n<tr data-start=\"1950\" data-end=\"2005\">\n<th data-start=\"1950\" data-end=\"1976\" data-col-size=\"sm\">Th\u00f4ng s\u1ed1<\/th>\n<th data-start=\"1976\" data-end=\"2005\" data-col-size=\"sm\">Gi\u00e1 tr\u1ecb<\/th>\n<\/tr>\n<\/thead>\n<tbody data-start=\"2061\" data-end=\"2505\">\n<tr data-start=\"2061\" data-end=\"2118\">\n<td data-start=\"2061\" data-end=\"2086\" data-col-size=\"sm\">Lo\u1ea1i<\/td>\n<td data-start=\"2086\" data-end=\"2118\" data-col-size=\"sm\">B\u1ed9 \u0111\u00f9n truy\u1ec1n \u0111\u1ed9ng tr\u1ef1c ti\u1ebfp<\/td>\n<\/tr>\n<tr data-start=\"2119\" data-end=\"2173\">\n<td data-start=\"2119\" data-end=\"2144\" data-col-size=\"sm\">T\u1ef7 s\u1ed1 truy\u1ec1n b\u00e1nh r\u0103ng<\/td>\n<td data-start=\"2144\" data-end=\"2173\" data-col-size=\"sm\">3,5:1<\/td>\n<\/tr>\n<tr data-start=\"2174\" data-end=\"2228\">\n<td data-start=\"2174\" data-end=\"2199\" data-col-size=\"sm\">L\u1ef1c \u0111\u00f9n t\u1ed1i \u0111a<\/td>\n<td data-start=\"2199\" data-end=\"2228\" data-col-size=\"sm\">80N (t\u00f9y lo\u1ea1i s\u1ee3i)<\/td>\n<\/tr>\n<tr data-start=\"2229\" data-end=\"2283\">\n<td data-start=\"2229\" data-end=\"2254\" data-col-size=\"sm\">Kh\u1ea3 n\u0103ng t\u01b0\u01a1ng th\u00edch<\/td>\n<td data-start=\"2254\" data-end=\"2283\" data-col-size=\"sm\">PLA, TPU, PETG, ABS\u2026<\/td>\n<\/tr>\n<tr data-start=\"2284\" data-end=\"2338\">\n<td data-start=\"2284\" data-end=\"2309\" data-col-size=\"sm\">K\u00edch th\u01b0\u1edbc \u0111\u00f3ng g\u00f3i<\/td>\n<td data-start=\"2309\" data-end=\"2338\" data-col-size=\"sm\">190\u00d780\u00d720mm<\/td>\n<\/tr>\n<tr data-start=\"2339\" data-end=\"2394\">\n<td data-start=\"2339\" data-end=\"2364\" data-col-size=\"sm\">Tr\u1ecdng l\u01b0\u1ee3ng t\u1ecbnh (N.W)<\/td>\n<td data-start=\"2364\" data-end=\"2394\" data-col-size=\"sm\">37g<\/td>\n<\/tr>\n<tr data-start=\"2395\" data-end=\"2450\">\n<td data-start=\"2395\" data-end=\"2420\" data-col-size=\"sm\">Tr\u1ecdng l\u01b0\u1ee3ng g\u1ed9p (G.W)<\/td>\n<td data-start=\"2420\" data-end=\"2450\" data-col-size=\"sm\">42g<\/td>\n<\/tr>\n<tr data-start=\"2451\" data-end=\"2505\">\n<td data-start=\"2451\" data-end=\"2476\" data-col-size=\"sm\">M\u00e3 s\u1ea3n ph\u1ea9m<\/td>\n<td data-start=\"2476\" data-end=\"2505\" data-col-size=\"sm\">4001020064<\/td>\n<\/tr>\n<\/tbody>\n<\/table>\n<div class=\"sticky end-(--thread-content-margin) h-0 self-end select-none\">\n<div class=\"absolute end-0 flex items-end\"><\/div>\n<\/div>\n<\/div>\n<\/div>\n<hr data-start=\"2507\" data-end=\"2510\" \/>\n<h3 data-start=\"2512\" data-end=\"2542\">-\u0110\u00e2y l\u00e0 c\u00e1c trang b\u00e1n h\u00e0ng b\u00ean m\u00ecnh NGE 3D Printer Services chuy\u00ean cung c\u1ea5p Nh\u1ef1a in 3D v\u00e0 M\u00e1y in 3D c\u1ee7a H\u00e3ng ESUN, Flsun, BIQU, Creality, eMake3d&#8230;<br \/>\n\ud83d\uded2Shopee =&gt; https:\/\/shopee.vn\/nge3dprinter<br \/>\n\ud83d\uded2Shopee =&gt; https:\/\/shopee.vn\/nge3dservices<br \/>\n\ud83d\uded2Shopee Voron v\u00e0 eMake3D =&gt; https:\/\/shopee.vn\/3dmasterpower<br \/>\n\ud83d\uded2Shopee eMake3D =&gt; https:\/\/shopee.vn\/nge3dprinting<br \/>\n\ud83d\uded2Lazada =&gt; https:\/\/www.lazada.vn\/shop\/nge-3d-printer<br \/>\n\ud83d\uded2Lazada =&gt; https:\/\/www.lazada.vn\/shop\/nge-3d-printer-services<br \/>\n\ud83d\uded2Lazada =&gt; https:\/\/www.lazada.vn\/shop\/emake3d-vn<br \/>\n\ud83d\uded2Webslite Th\u1ebf H\u1ec7 K\u1ebf Ti\u1ebfp =&gt;https:\/\/www.theheketiep.com\/<br \/>\n\ud83d\uded2Webslite NGE.VN =&gt;https:\/\/www.nge.vn\/<br \/>\nHo\u1eb7c b\u1ea1n g\u1ecdi 094.144.0951 g\u1eb7p m\u00ecnh<br \/>\nHo\u1eb7c 0913939775 g\u1eb7p anh Qu\u00e2n<br \/>\n** Price does not include VAT (+8 or 10% if VAT invoice is issued)<\/h3>","protected":false},"excerpt":{"rendered":"<p data-start=\"336\" data-end=\"526\">B\u1ed9 t\u1eddi nh\u1ef1a Creality Extrusion Kit \u2013 thi\u1ebft k\u1ebf nh\u1ecf g\u1ecdn, m\u00f4-men xo\u1eafn cao, c\u1ea5p li\u1ec7u \u1ed5n \u0111\u1ecbnh, t\u01b0\u01a1ng th\u00edch nhi\u1ec1u d\u00f2ng m\u00e1y in 3D nh\u01b0 Ender-3 S1, Ender-5 S1, Sermoon V2\u2026 h\u1ed7 tr\u1ee3 \u0111a d\u1ea1ng v\u1eadt li\u1ec7u in.<\/p>","protected":false},"featured_media":6630,"comment_status":"open","ping_status":"closed","template":"","meta":{"inline_featured_image":false},"product_brand":[],"product_cat":[40,56],"product_tag":[921,495,922,829,663],"class_list":{"0":"post-6629","1":"product","2":"type-product","3":"status-publish","4":"has-post-thumbnail","6":"product_cat-linh-kien-va-phu-kien","7":"product_cat-linh-phu-kien-may-in-3d-creality","8":"product_tag-3d","9":"product_tag-creality","10":"product_tag-extrusion","11":"product_tag-in3d","12":"product_tag-nge3d","14":"first","15":"instock","16":"taxable","17":"shipping-taxable","18":"purchasable","19":"product-type-simple"},"yoast_head":"<!-- This site is optimized with the Yoast SEO Premium plugin v22.8 (Yoast SEO v26.9) - https:\/\/yoast.com\/product\/yoast-seo-premium-wordpress\/ -->\n<title>B\u1ed9 t\u1eddi nh\u1ef1a Extrusion Kit cho m\u00e1y in 3d Creality Ender 3 V3 SE, Ender 3 V3 KE, Ender 5 S1, Ender 3 S1 v\u00e0 Sermoon D3... - NGE 3D Printers Services<\/title>\n<meta name=\"description\" content=\"B\u1ed9 t\u1eddi nh\u1ef1a Creality Extrusion Kit \u2013 thi\u1ebft k\u1ebf nh\u1ecf g\u1ecdn, m\u00f4-men xo\u1eafn cao, c\u1ea5p li\u1ec7u \u1ed5n \u0111\u1ecbnh, t\u01b0\u01a1ng th\u00edch nhi\u1ec1u d\u00f2ng m\u00e1y nh\u01b0 Ender-3 S1, Ender-5 S1, Sermoon V2.\" \/>\n<meta name=\"robots\" content=\"index, follow, max-snippet:-1, max-image-preview:large, max-video-preview:-1\" \/>\n<link rel=\"canonical\" href=\"https:\/\/nge.vn\/en\/product\/bo-toi-nhua-extrusion-kit-cho-may-in-3d-creality-ender-3-v3-se-ender-3-v3-ke-ender-5-s1-ender-3-s1-va-sermoon-d3\/\" \/>\n<meta property=\"og:locale\" content=\"en_US\" \/>\n<meta property=\"og:type\" content=\"article\" \/>\n<meta property=\"og:title\" content=\"B\u1ed9 t\u1eddi nh\u1ef1a Extrusion Kit cho m\u00e1y in 3d Creality Ender 3 V3 SE, Ender 3 V3 KE, Ender 5 S1, Ender 3 S1 v\u00e0 Sermoon D3...\" \/>\n<meta property=\"og:description\" content=\"B\u1ed9 t\u1eddi nh\u1ef1a Creality Extrusion Kit \u2013 thi\u1ebft k\u1ebf nh\u1ecf g\u1ecdn, m\u00f4-men xo\u1eafn cao, c\u1ea5p li\u1ec7u \u1ed5n \u0111\u1ecbnh, t\u01b0\u01a1ng th\u00edch nhi\u1ec1u d\u00f2ng m\u00e1y nh\u01b0 Ender-3 S1, Ender-5 S1, Sermoon V2.\" \/>\n<meta property=\"og:url\" content=\"https:\/\/nge.vn\/en\/product\/bo-toi-nhua-extrusion-kit-cho-may-in-3d-creality-ender-3-v3-se-ender-3-v3-ke-ender-5-s1-ender-3-s1-va-sermoon-d3\/\" \/>\n<meta property=\"og:site_name\" content=\"NGE 3D Printers Services\" \/>\n<meta property=\"article:modified_time\" content=\"2025-08-08T07:28:37+00:00\" \/>\n<meta property=\"og:image\" content=\"https:\/\/nge.vn\/wp-content\/uploads\/2025\/08\/sg-11134201-7rdve-md4whzvnwnnb71_tn.jpg\" \/>\n\t<meta property=\"og:image:width\" content=\"320\" \/>\n\t<meta property=\"og:image:height\" content=\"320\" \/>\n\t<meta property=\"og:image:type\" content=\"image\/jpeg\" \/>\n<meta name=\"twitter:card\" content=\"summary_large_image\" \/>\n<meta name=\"twitter:label1\" content=\"Est. reading time\" \/>\n\t<meta name=\"twitter:data1\" content=\"3 minutes\" \/>\n<script type=\"application\/ld+json\" class=\"yoast-schema-graph\">{\"@context\":\"https:\/\/schema.org\",\"@graph\":[{\"@type\":\"WebPage\",\"@id\":\"https:\/\/nge.vn\/san-pham\/bo-toi-nhua-extrusion-kit-cho-may-in-3d-creality-ender-3-v3-se-ender-3-v3-ke-ender-5-s1-ender-3-s1-va-sermoon-d3\/\",\"url\":\"https:\/\/nge.vn\/san-pham\/bo-toi-nhua-extrusion-kit-cho-may-in-3d-creality-ender-3-v3-se-ender-3-v3-ke-ender-5-s1-ender-3-s1-va-sermoon-d3\/\",\"name\":\"B\u1ed9 t\u1eddi nh\u1ef1a Extrusion Kit cho m\u00e1y in 3d Creality Ender 3 V3 SE, Ender 3 V3 KE, Ender 5 S1, Ender 3 S1 v\u00e0 Sermoon D3... - NGE 3D Printers Services\",\"isPartOf\":{\"@id\":\"https:\/\/nge.vn\/#website\"},\"primaryImageOfPage\":{\"@id\":\"https:\/\/nge.vn\/san-pham\/bo-toi-nhua-extrusion-kit-cho-may-in-3d-creality-ender-3-v3-se-ender-3-v3-ke-ender-5-s1-ender-3-s1-va-sermoon-d3\/#primaryimage\"},\"image\":{\"@id\":\"https:\/\/nge.vn\/san-pham\/bo-toi-nhua-extrusion-kit-cho-may-in-3d-creality-ender-3-v3-se-ender-3-v3-ke-ender-5-s1-ender-3-s1-va-sermoon-d3\/#primaryimage\"},\"thumbnailUrl\":\"https:\/\/nge.vn\/wp-content\/uploads\/2025\/08\/sg-11134201-7rdve-md4whzvnwnnb71_tn.jpg\",\"datePublished\":\"2025-08-08T07:28:36+00:00\",\"dateModified\":\"2025-08-08T07:28:37+00:00\",\"description\":\"B\u1ed9 t\u1eddi nh\u1ef1a Creality Extrusion Kit \u2013 thi\u1ebft k\u1ebf nh\u1ecf g\u1ecdn, m\u00f4-men xo\u1eafn cao, c\u1ea5p li\u1ec7u \u1ed5n \u0111\u1ecbnh, t\u01b0\u01a1ng th\u00edch nhi\u1ec1u d\u00f2ng m\u00e1y nh\u01b0 Ender-3 S1, Ender-5 S1, Sermoon V2.\",\"breadcrumb\":{\"@id\":\"https:\/\/nge.vn\/san-pham\/bo-toi-nhua-extrusion-kit-cho-may-in-3d-creality-ender-3-v3-se-ender-3-v3-ke-ender-5-s1-ender-3-s1-va-sermoon-d3\/#breadcrumb\"},\"inLanguage\":\"en-US\",\"potentialAction\":[{\"@type\":\"ReadAction\",\"target\":[\"https:\/\/nge.vn\/san-pham\/bo-toi-nhua-extrusion-kit-cho-may-in-3d-creality-ender-3-v3-se-ender-3-v3-ke-ender-5-s1-ender-3-s1-va-sermoon-d3\/\"]}]},{\"@type\":\"ImageObject\",\"inLanguage\":\"en-US\",\"@id\":\"https:\/\/nge.vn\/san-pham\/bo-toi-nhua-extrusion-kit-cho-may-in-3d-creality-ender-3-v3-se-ender-3-v3-ke-ender-5-s1-ender-3-s1-va-sermoon-d3\/#primaryimage\",\"url\":\"https:\/\/nge.vn\/wp-content\/uploads\/2025\/08\/sg-11134201-7rdve-md4whzvnwnnb71_tn.jpg\",\"contentUrl\":\"https:\/\/nge.vn\/wp-content\/uploads\/2025\/08\/sg-11134201-7rdve-md4whzvnwnnb71_tn.jpg\",\"width\":320,\"height\":320},{\"@type\":\"BreadcrumbList\",\"@id\":\"https:\/\/nge.vn\/san-pham\/bo-toi-nhua-extrusion-kit-cho-may-in-3d-creality-ender-3-v3-se-ender-3-v3-ke-ender-5-s1-ender-3-s1-va-sermoon-d3\/#breadcrumb\",\"itemListElement\":[{\"@type\":\"ListItem\",\"position\":1,\"name\":\"Trang ch\u1ee7\",\"item\":\"https:\/\/nge.vn\/\"},{\"@type\":\"ListItem\",\"position\":2,\"name\":\"S\u1ea3n ph\u1ea9m\",\"item\":\"https:\/\/nge.vn\/san-pham\/\"},{\"@type\":\"ListItem\",\"position\":3,\"name\":\"B\u1ed9 t\u1eddi nh\u1ef1a Extrusion Kit cho m\u00e1y in 3d Creality Ender 3 V3 SE, Ender 3 V3 KE, Ender 5 S1, Ender 3 S1 v\u00e0 Sermoon D3&#8230;\"}]},{\"@type\":\"WebSite\",\"@id\":\"https:\/\/nge.vn\/#website\",\"url\":\"https:\/\/nge.vn\/\",\"name\":\"NGE 3D Printers Services\",\"description\":\"\",\"potentialAction\":[{\"@type\":\"SearchAction\",\"target\":{\"@type\":\"EntryPoint\",\"urlTemplate\":\"https:\/\/nge.vn\/?s={search_term_string}\"},\"query-input\":{\"@type\":\"PropertyValueSpecification\",\"valueRequired\":true,\"valueName\":\"search_term_string\"}}],\"inLanguage\":\"en-US\"}]}<\/script>\n<!-- \/ Yoast SEO Premium plugin. -->","yoast_head_json":{"title":"B\u1ed9 t\u1eddi nh\u1ef1a Extrusion Kit cho m\u00e1y in 3d Creality Ender 3 V3 SE, Ender 3 V3 KE, Ender 5 S1, Ender 3 S1 v\u00e0 Sermoon D3... - NGE 3D Printers Services","description":"B\u1ed9 t\u1eddi nh\u1ef1a Creality Extrusion Kit \u2013 thi\u1ebft k\u1ebf nh\u1ecf g\u1ecdn, m\u00f4-men xo\u1eafn cao, c\u1ea5p li\u1ec7u \u1ed5n \u0111\u1ecbnh, t\u01b0\u01a1ng th\u00edch nhi\u1ec1u d\u00f2ng m\u00e1y nh\u01b0 Ender-3 S1, Ender-5 S1, Sermoon V2.","robots":{"index":"index","follow":"follow","max-snippet":"max-snippet:-1","max-image-preview":"max-image-preview:large","max-video-preview":"max-video-preview:-1"},"canonical":"https:\/\/nge.vn\/en\/product\/bo-toi-nhua-extrusion-kit-cho-may-in-3d-creality-ender-3-v3-se-ender-3-v3-ke-ender-5-s1-ender-3-s1-va-sermoon-d3\/","og_locale":"en_US","og_type":"article","og_title":"B\u1ed9 t\u1eddi nh\u1ef1a Extrusion Kit cho m\u00e1y in 3d Creality Ender 3 V3 SE, Ender 3 V3 KE, Ender 5 S1, Ender 3 S1 v\u00e0 Sermoon D3...","og_description":"B\u1ed9 t\u1eddi nh\u1ef1a Creality Extrusion Kit \u2013 thi\u1ebft k\u1ebf nh\u1ecf g\u1ecdn, m\u00f4-men xo\u1eafn cao, c\u1ea5p li\u1ec7u \u1ed5n \u0111\u1ecbnh, t\u01b0\u01a1ng th\u00edch nhi\u1ec1u d\u00f2ng m\u00e1y nh\u01b0 Ender-3 S1, Ender-5 S1, Sermoon V2.","og_url":"https:\/\/nge.vn\/en\/product\/bo-toi-nhua-extrusion-kit-cho-may-in-3d-creality-ender-3-v3-se-ender-3-v3-ke-ender-5-s1-ender-3-s1-va-sermoon-d3\/","og_site_name":"NGE 3D Printers Services","article_modified_time":"2025-08-08T07:28:37+00:00","og_image":[{"width":320,"height":320,"url":"https:\/\/nge.vn\/wp-content\/uploads\/2025\/08\/sg-11134201-7rdve-md4whzvnwnnb71_tn.jpg","type":"image\/jpeg"}],"twitter_card":"summary_large_image","twitter_misc":{"Est. reading time":"3 minutes"},"schema":{"@context":"https:\/\/schema.org","@graph":[{"@type":"WebPage","@id":"https:\/\/nge.vn\/san-pham\/bo-toi-nhua-extrusion-kit-cho-may-in-3d-creality-ender-3-v3-se-ender-3-v3-ke-ender-5-s1-ender-3-s1-va-sermoon-d3\/","url":"https:\/\/nge.vn\/san-pham\/bo-toi-nhua-extrusion-kit-cho-may-in-3d-creality-ender-3-v3-se-ender-3-v3-ke-ender-5-s1-ender-3-s1-va-sermoon-d3\/","name":"B\u1ed9 t\u1eddi nh\u1ef1a Extrusion Kit cho m\u00e1y in 3d Creality Ender 3 V3 SE, Ender 3 V3 KE, Ender 5 S1, Ender 3 S1 v\u00e0 Sermoon D3... - NGE 3D Printers Services","isPartOf":{"@id":"https:\/\/nge.vn\/#website"},"primaryImageOfPage":{"@id":"https:\/\/nge.vn\/san-pham\/bo-toi-nhua-extrusion-kit-cho-may-in-3d-creality-ender-3-v3-se-ender-3-v3-ke-ender-5-s1-ender-3-s1-va-sermoon-d3\/#primaryimage"},"image":{"@id":"https:\/\/nge.vn\/san-pham\/bo-toi-nhua-extrusion-kit-cho-may-in-3d-creality-ender-3-v3-se-ender-3-v3-ke-ender-5-s1-ender-3-s1-va-sermoon-d3\/#primaryimage"},"thumbnailUrl":"https:\/\/nge.vn\/wp-content\/uploads\/2025\/08\/sg-11134201-7rdve-md4whzvnwnnb71_tn.jpg","datePublished":"2025-08-08T07:28:36+00:00","dateModified":"2025-08-08T07:28:37+00:00","description":"B\u1ed9 t\u1eddi nh\u1ef1a Creality Extrusion Kit \u2013 thi\u1ebft k\u1ebf nh\u1ecf g\u1ecdn, m\u00f4-men xo\u1eafn cao, c\u1ea5p li\u1ec7u \u1ed5n \u0111\u1ecbnh, t\u01b0\u01a1ng th\u00edch nhi\u1ec1u d\u00f2ng m\u00e1y nh\u01b0 Ender-3 S1, Ender-5 S1, Sermoon V2.","breadcrumb":{"@id":"https:\/\/nge.vn\/san-pham\/bo-toi-nhua-extrusion-kit-cho-may-in-3d-creality-ender-3-v3-se-ender-3-v3-ke-ender-5-s1-ender-3-s1-va-sermoon-d3\/#breadcrumb"},"inLanguage":"en-US","potentialAction":[{"@type":"ReadAction","target":["https:\/\/nge.vn\/san-pham\/bo-toi-nhua-extrusion-kit-cho-may-in-3d-creality-ender-3-v3-se-ender-3-v3-ke-ender-5-s1-ender-3-s1-va-sermoon-d3\/"]}]},{"@type":"ImageObject","inLanguage":"en-US","@id":"https:\/\/nge.vn\/san-pham\/bo-toi-nhua-extrusion-kit-cho-may-in-3d-creality-ender-3-v3-se-ender-3-v3-ke-ender-5-s1-ender-3-s1-va-sermoon-d3\/#primaryimage","url":"https:\/\/nge.vn\/wp-content\/uploads\/2025\/08\/sg-11134201-7rdve-md4whzvnwnnb71_tn.jpg","contentUrl":"https:\/\/nge.vn\/wp-content\/uploads\/2025\/08\/sg-11134201-7rdve-md4whzvnwnnb71_tn.jpg","width":320,"height":320},{"@type":"BreadcrumbList","@id":"https:\/\/nge.vn\/san-pham\/bo-toi-nhua-extrusion-kit-cho-may-in-3d-creality-ender-3-v3-se-ender-3-v3-ke-ender-5-s1-ender-3-s1-va-sermoon-d3\/#breadcrumb","itemListElement":[{"@type":"ListItem","position":1,"name":"Trang ch\u1ee7","item":"https:\/\/nge.vn\/"},{"@type":"ListItem","position":2,"name":"S\u1ea3n ph\u1ea9m","item":"https:\/\/nge.vn\/san-pham\/"},{"@type":"ListItem","position":3,"name":"B\u1ed9 t\u1eddi nh\u1ef1a Extrusion Kit cho m\u00e1y in 3d Creality Ender 3 V3 SE, Ender 3 V3 KE, Ender 5 S1, Ender 3 S1 v\u00e0 Sermoon D3&#8230;"}]},{"@type":"WebSite","@id":"https:\/\/nge.vn\/#website","url":"https:\/\/nge.vn\/","name":"NGE 3D Printers Services","description":"","potentialAction":[{"@type":"SearchAction","target":{"@type":"EntryPoint","urlTemplate":"https:\/\/nge.vn\/?s={search_term_string}"},"query-input":{"@type":"PropertyValueSpecification","valueRequired":true,"valueName":"search_term_string"}}],"inLanguage":"en-US"}]}},"_links":{"self":[{"href":"https:\/\/nge.vn\/en\/wp-json\/wp\/v2\/product\/6629","targetHints":{"allow":["GET"]}}],"collection":[{"href":"https:\/\/nge.vn\/en\/wp-json\/wp\/v2\/product"}],"about":[{"href":"https:\/\/nge.vn\/en\/wp-json\/wp\/v2\/types\/product"}],"replies":[{"embeddable":true,"href":"https:\/\/nge.vn\/en\/wp-json\/wp\/v2\/comments?post=6629"}],"wp:featuredmedia":[{"embeddable":true,"href":"https:\/\/nge.vn\/en\/wp-json\/wp\/v2\/media\/6630"}],"wp:attachment":[{"href":"https:\/\/nge.vn\/en\/wp-json\/wp\/v2\/media?parent=6629"}],"wp:term":[{"taxonomy":"product_brand","embeddable":true,"href":"https:\/\/nge.vn\/en\/wp-json\/wp\/v2\/product_brand?post=6629"},{"taxonomy":"product_cat","embeddable":true,"href":"https:\/\/nge.vn\/en\/wp-json\/wp\/v2\/product_cat?post=6629"},{"taxonomy":"product_tag","embeddable":true,"href":"https:\/\/nge.vn\/en\/wp-json\/wp\/v2\/product_tag?post=6629"}],"curies":[{"name":"wp","href":"https:\/\/api.w.org\/{rel}","templated":true}]}}