{"id":6506,"date":"2025-08-07T16:07:22","date_gmt":"2025-08-07T09:07:22","guid":{"rendered":"https:\/\/nge.vn\/?post_type=product&#038;p=6506"},"modified":"2025-08-28T10:18:10","modified_gmt":"2025-08-28T03:18:10","slug":"esun-eabs-cf-carbon","status":"publish","type":"product","link":"https:\/\/nge.vn\/en\/product\/esun-eabs-cf-carbon\/","title":{"rendered":"Nh\u1ef1a In 3D eSun eABS-CF Carbon \u2013 S\u1ee3i Carbon Gia C\u1ed1, \u0110\u1ed9 B\u1ec1n Cao"},"content":{"rendered":"<h3 data-start=\"753\" data-end=\"836\">\ud83e\uddf5 <strong data-start=\"760\" data-end=\"836\">Nh\u1ef1a In 3D eSun eABS-CF \u2013 C\u1ee9ng, Nh\u1eb9, Hi\u1ec7u N\u0103ng Cao Cho \u1ee8ng D\u1ee5ng K\u1ef9 Thu\u1eadt<\/strong><\/h3>\n<p data-start=\"838\" data-end=\"1052\">Nh\u1ef1a <strong data-start=\"843\" data-end=\"854\">eABS-CF<\/strong> l\u00e0 d\u00f2ng filament cao c\u1ea5p t\u1eeb eSun, k\u1ebft h\u1ee3p <strong data-start=\"897\" data-end=\"932\">ABS truy\u1ec1n th\u1ed1ng v\u1edbi s\u1ee3i carbon<\/strong> \u0111\u1ec3 t\u0103ng c\u01b0\u1eddng <strong data-start=\"947\" data-end=\"994\">\u0111\u1ed9 c\u1ee9ng, ch\u1ed1ng va \u0111\u1eadp, ch\u1ed1ng \u0103n m\u00f2n h\u00f3a h\u1ecdc<\/strong> v\u00e0 kh\u1ea3 n\u0103ng ho\u1ea1t \u0111\u1ed9ng b\u1ec1n b\u1ec9 trong \u0111i\u1ec1u ki\u1ec7n kh\u1eafc nghi\u1ec7t.<\/p>\n<hr data-start=\"1054\" data-end=\"1057\" \/>\n<h3 data-start=\"1059\" data-end=\"1086\">\u2705 <strong data-start=\"1065\" data-end=\"1086\">\u0110\u1eb7c \u0111i\u1ec3m n\u1ed5i b\u1eadt:<\/strong><\/h3>\n<ul data-start=\"1088\" data-end=\"1523\">\n<li data-start=\"1088\" data-end=\"1218\">\n<p data-start=\"1090\" data-end=\"1218\"><strong data-start=\"1090\" data-end=\"1125\">C\u01b0\u1eddng \u0111\u1ed9 cao, \u0111\u1ed9 b\u1ec1n v\u01b0\u1ee3t tr\u1ed9i:<\/strong><br data-start=\"1125\" data-end=\"1128\" \/>Nh\u1edd \u0111\u01b0\u1ee3c gia c\u1ed1 b\u1eb1ng s\u1ee3i carbon, v\u1eadt li\u1ec7u n\u00e0y <strong data-start=\"1176\" data-end=\"1192\">ch\u1ecbu l\u1ef1c t\u1ed1t<\/strong> v\u00e0 ch\u1ed1ng n\u1ee9t v\u1ee1 hi\u1ec7u qu\u1ea3.<\/p>\n<\/li>\n<li data-start=\"1220\" data-end=\"1315\">\n<p data-start=\"1222\" data-end=\"1315\"><strong data-start=\"1222\" data-end=\"1250\">Ch\u1ed1ng m\u00e0i m\u00f2n v\u00e0 va \u0111\u1eadp:<\/strong><br data-start=\"1250\" data-end=\"1253\" \/>Th\u00edch h\u1ee3p cho c\u00e1c m\u00f4 h\u00ecnh ch\u1ecbu l\u1ef1c ho\u1eb7c ma s\u00e1t th\u01b0\u1eddng xuy\u00ean.<\/p>\n<\/li>\n<li data-start=\"1317\" data-end=\"1419\">\n<p data-start=\"1319\" data-end=\"1419\"><strong data-start=\"1319\" data-end=\"1339\">Tr\u1ecdng l\u01b0\u1ee3ng nh\u1eb9:<\/strong><br data-start=\"1339\" data-end=\"1342\" \/>S\u1ee3i carbon gi\u00fap gi\u1ea3m kh\u1ed1i l\u01b0\u1ee3ng t\u1ed5ng th\u1ec3 m\u00e0 v\u1eabn gi\u1eef \u0111\u01b0\u1ee3c \u0111\u1ed9 c\u1ee9ng c\u1ea7n thi\u1ebft.<\/p>\n<\/li>\n<li data-start=\"1421\" data-end=\"1523\">\n<p data-start=\"1423\" data-end=\"1523\"><strong data-start=\"1423\" data-end=\"1442\">Ch\u1ecbu nhi\u1ec7t cao:<\/strong><br data-start=\"1442\" data-end=\"1445\" \/>C\u00f3 th\u1ec3 s\u1eed d\u1ee5ng trong m\u00f4i tr\u01b0\u1eddng c\u00f4ng nghi\u1ec7p v\u1edbi nhi\u1ec7t \u0111\u1ed9 cao v\u00e0 va \u0111\u1eadp m\u1ea1nh.<\/p>\n<\/li>\n<\/ul>\n<hr data-start=\"1525\" data-end=\"1528\" \/>\n<h3 data-start=\"1530\" data-end=\"1560\">\ud83d\udee0\ufe0f <strong data-start=\"1538\" data-end=\"1560\">Th\u00f4ng s\u1ed1 k\u1ef9 thu\u1eadt:<\/strong><\/h3>\n<div class=\"_tableContainer_16hzy_1\">\n<div class=\"_tableWrapper_16hzy_14 group flex w-fit flex-col-reverse\" tabindex=\"-1\">\n<table class=\"w-fit min-w-(--thread-content-width)\" data-start=\"1562\" data-end=\"2814\">\n<thead data-start=\"1562\" data-end=\"1631\">\n<tr data-start=\"1562\" data-end=\"1631\">\n<th data-start=\"1562\" data-end=\"1602\" data-col-size=\"sm\"><strong data-start=\"1564\" data-end=\"1576\">Th\u00f4ng s\u1ed1<\/strong><\/th>\n<th data-start=\"1602\" data-end=\"1631\" data-col-size=\"sm\"><strong data-start=\"1604\" data-end=\"1615\">Gi\u00e1 tr\u1ecb<\/strong><\/th>\n<\/tr>\n<\/thead>\n<tbody data-start=\"1701\" data-end=\"2814\">\n<tr data-start=\"1701\" data-end=\"1769\">\n<td data-start=\"1701\" data-end=\"1740\" data-col-size=\"sm\">Lo\u1ea1i nh\u1ef1a<\/td>\n<td data-col-size=\"sm\" data-start=\"1740\" data-end=\"1769\">eABS-CF<\/td>\n<\/tr>\n<tr data-start=\"1770\" data-end=\"1838\">\n<td data-start=\"1770\" data-end=\"1809\" data-col-size=\"sm\">Tr\u1ecdng l\u01b0\u1ee3ng<\/td>\n<td data-col-size=\"sm\" data-start=\"1809\" data-end=\"1838\">1kg\/cu\u1ed9n<\/td>\n<\/tr>\n<tr data-start=\"1839\" data-end=\"1907\">\n<td data-start=\"1839\" data-end=\"1878\" data-col-size=\"sm\">T\u1ec9 tr\u1ecdng<\/td>\n<td data-col-size=\"sm\" data-start=\"1878\" data-end=\"1907\">1.06 g\/cm\u00b3<\/td>\n<\/tr>\n<tr data-start=\"1908\" data-end=\"1976\">\n<td data-start=\"1908\" data-end=\"1947\" data-col-size=\"sm\">Nhi\u1ec7t bi\u1ebfn d\u1ea1ng (0.45MPa)<\/td>\n<td data-col-size=\"sm\" data-start=\"1947\" data-end=\"1976\">94.9\u00b0C<\/td>\n<\/tr>\n<tr data-start=\"1977\" data-end=\"2045\">\n<td data-start=\"1977\" data-end=\"2016\" data-col-size=\"sm\">MFI (220\u00b0C\/10KG)<\/td>\n<td data-col-size=\"sm\" data-start=\"2016\" data-end=\"2045\">14.2 g\/10min<\/td>\n<\/tr>\n<tr data-start=\"2046\" data-end=\"2114\">\n<td data-start=\"2046\" data-end=\"2085\" data-col-size=\"sm\">\u0110\u1ed9 b\u1ec1n k\u00e9o (Z-axis)<\/td>\n<td data-col-size=\"sm\" data-start=\"2085\" data-end=\"2114\">29.9 MPa<\/td>\n<\/tr>\n<tr data-start=\"2115\" data-end=\"2183\">\n<td data-start=\"2115\" data-end=\"2154\" data-col-size=\"sm\">\u0110\u1ed9 gi\u00e3n d\u00e0i khi \u0111\u1ee9t (Z-axis)<\/td>\n<td data-col-size=\"sm\" data-start=\"2154\" data-end=\"2183\">5.7%<\/td>\n<\/tr>\n<tr data-start=\"2184\" data-end=\"2252\">\n<td data-start=\"2184\" data-end=\"2223\" data-col-size=\"sm\">\u0110\u1ed9 b\u1ec1n u\u1ed1n (XY)<\/td>\n<td data-col-size=\"sm\" data-start=\"2223\" data-end=\"2252\">76.2 MPa<\/td>\n<\/tr>\n<tr data-start=\"2253\" data-end=\"2321\">\n<td data-start=\"2253\" data-end=\"2292\" data-col-size=\"sm\">M\u00f4 \u0111un u\u1ed1n (XY)<\/td>\n<td data-col-size=\"sm\" data-start=\"2292\" data-end=\"2321\">2694 MPa<\/td>\n<\/tr>\n<tr data-start=\"2322\" data-end=\"2390\">\n<td data-start=\"2322\" data-end=\"2361\" data-col-size=\"sm\">\u0110\u1ed9 b\u1ec1n va \u0111\u1eadp IZOD (XY)<\/td>\n<td data-col-size=\"sm\" data-start=\"2361\" data-end=\"2390\">3.5 kJ\/m\u00b2<\/td>\n<\/tr>\n<tr data-start=\"2391\" data-end=\"2459\">\n<td data-start=\"2391\" data-end=\"2430\" data-col-size=\"sm\">Nhi\u1ec7t \u0111\u1ed9 \u0111\u1ea7u \u0111\u00f9n khuy\u00ean d\u00f9ng<\/td>\n<td data-col-size=\"sm\" data-start=\"2430\" data-end=\"2459\">240\u2013270\u00b0C<\/td>\n<\/tr>\n<tr data-start=\"2460\" data-end=\"2529\">\n<td data-start=\"2460\" data-end=\"2500\" data-col-size=\"sm\">Nhi\u1ec7t \u0111\u1ed9 b\u00e0n in<\/td>\n<td data-col-size=\"sm\" data-start=\"2500\" data-end=\"2529\">100\u2013110\u00b0C<\/td>\n<\/tr>\n<tr data-start=\"2530\" data-end=\"2599\">\n<td data-start=\"2530\" data-end=\"2570\" data-col-size=\"sm\">T\u1ed1c \u0111\u1ed9 in<\/td>\n<td data-col-size=\"sm\" data-start=\"2570\" data-end=\"2599\">40\u2013300mm\/s<\/td>\n<\/tr>\n<tr data-start=\"2600\" data-end=\"2668\">\n<td data-start=\"2600\" data-end=\"2639\" data-col-size=\"sm\">Qu\u1ea1t l\u00e0m m\u00e1t<\/td>\n<td data-col-size=\"sm\" data-start=\"2639\" data-end=\"2668\">0% (n\u00ean t\u1eaft)<\/td>\n<\/tr>\n<tr data-start=\"2669\" data-end=\"2744\">\n<td data-start=\"2669\" data-end=\"2708\" data-col-size=\"sm\">B\u1ec1 m\u1eb7t in khuy\u00ean d\u00f9ng<\/td>\n<td data-col-size=\"sm\" data-start=\"2708\" data-end=\"2744\">Keo PVP ho\u1eb7c b\u0103ng keo ch\u1ecbu nhi\u1ec7t<\/td>\n<\/tr>\n<tr data-start=\"2745\" data-end=\"2814\">\n<td data-start=\"2745\" data-end=\"2785\" data-col-size=\"sm\">B\u00e0n in nhi\u1ec7t<\/td>\n<td data-col-size=\"sm\" data-start=\"2785\" data-end=\"2814\">B\u1eaft bu\u1ed9c<\/td>\n<\/tr>\n<\/tbody>\n<\/table>\n<div class=\"sticky end-(--thread-content-margin) h-0 self-end select-none\">\n<div class=\"absolute end-0 flex items-end\"><\/div>\n<\/div>\n<\/div>\n<\/div>\n<hr data-start=\"2816\" data-end=\"2819\" \/>\n<h3 data-start=\"2821\" data-end=\"2845\">\ud83d\udccc <strong data-start=\"2828\" data-end=\"2845\">L\u01b0u \u00fd khi in:<\/strong><\/h3>\n<ol data-start=\"2847\" data-end=\"3057\">\n<li data-start=\"2847\" data-end=\"2936\">\n<p data-start=\"2850\" data-end=\"2936\"><strong data-start=\"2850\" data-end=\"2878\">eABS-CF c\u00f3 \u0111\u1ed9 co r\u00fat l\u1edbn<\/strong>, c\u1ea7n s\u1eed d\u1ee5ng <strong data-start=\"2892\" data-end=\"2912\">m\u00e1y in bu\u1ed3ng k\u00edn<\/strong> \u0111\u1ec3 h\u1ea1n ch\u1ebf cong v\u00eanh.<\/p>\n<\/li>\n<li data-start=\"2937\" data-end=\"3057\">\n<p data-start=\"2940\" data-end=\"3057\">C\u00f3 th\u1ec3 b\u1eadt qu\u1ea1t nh\u1eb9 \u0111\u1ec3 l\u00e0m m\u00e1t ho\u1eb7c gi\u1ea3m g\u00f3c nh\u00f4 c\u1ee7a m\u00f4 h\u00ecnh, ho\u1eb7c gi\u1ea3m t\u1ed1c \u0111\u1ed9 in \u0111\u1ec3 c\u1ea3i thi\u1ec7n \u0111\u1ed9 b\u00e1m v\u00e0 ch\u00ednh x\u00e1c.<\/p>\n<\/li>\n<\/ol>\n<hr data-start=\"3059\" data-end=\"3062\" \/>\n<h3 data-start=\"3064\" data-end=\"3092\">\ud83d\ude80 <strong data-start=\"3071\" data-end=\"3092\">\u1ee8ng d\u1ee5ng n\u1ed5i b\u1eadt:<\/strong><\/h3>\n<ul data-start=\"3094\" data-end=\"3238\">\n<li data-start=\"3094\" data-end=\"3125\">\n<p data-start=\"3096\" data-end=\"3125\"><strong data-start=\"3096\" data-end=\"3123\">Ng\u00e0nh h\u00e0ng kh\u00f4ng v\u0169 tr\u1ee5<\/strong><\/p>\n<\/li>\n<li data-start=\"3126\" data-end=\"3150\">\n<p data-start=\"3128\" data-end=\"3150\"><strong data-start=\"3128\" data-end=\"3148\">C\u00f4ng nghi\u1ec7p \u00f4 t\u00f4<\/strong><\/p>\n<\/li>\n<li data-start=\"3151\" data-end=\"3200\">\n<p data-start=\"3153\" data-end=\"3200\"><strong data-start=\"3153\" data-end=\"3198\">K\u1ef9 thu\u1eadt, c\u01a1 kh\u00ed, s\u1ea3n xu\u1ea5t \u0111\u1ed3 g\u00e1, d\u1ee5ng c\u1ee5<\/strong><\/p>\n<\/li>\n<li data-start=\"3201\" data-end=\"3238\">\n<p data-start=\"3203\" data-end=\"3238\"><strong data-start=\"3203\" data-end=\"3238\">M\u00f4 h\u00ecnh k\u1ef9 thu\u1eadt c\u1ea7n \u0111\u1ed9 b\u1ec1n cao<\/strong><\/p>\n<\/li>\n<\/ul>\n<hr data-start=\"3240\" data-end=\"3243\" \/>\n<p data-start=\"3245\" data-end=\"3343\">\ud83d\udce6 <strong data-start=\"3248\" data-end=\"3264\">Tr\u1ecdng l\u01b0\u1ee3ng:<\/strong> 1kg\/cu\u1ed9n<\/p>\n<blockquote class=\"wp-embedded-content\" data-secret=\"abQSEhmg7f\"><p><a href=\"https:\/\/nge.vn\/en\/product\/nhua-in-3d-2-mau-esun-epla-silk-magic-1kg-cuon\/\">Nh\u1ef1a in 3d 2 m\u00e0u eSun ePLA-Silk Magic 1kg\/Cu\u1ed9n<\/a><\/p><\/blockquote>\n<p><iframe loading=\"lazy\" class=\"wp-embedded-content\" sandbox=\"allow-scripts\" security=\"restricted\" style=\"position: absolute; visibility: hidden;\" title=\"&#8220;Nh\u1ef1a in 3d 2 m\u00e0u eSun ePLA-Silk Magic 1kg\/Cu\u1ed9n&#8221; &#8212; NGE 3D Printers Services\" src=\"https:\/\/nge.vn\/san-pham\/nhua-in-3d-2-mau-esun-epla-silk-magic-1kg-cuon\/embed\/#?secret=8JbZmR64iC#?secret=abQSEhmg7f\" data-secret=\"abQSEhmg7f\" width=\"600\" height=\"338\" frameborder=\"0\" marginwidth=\"0\" marginheight=\"0\" scrolling=\"no\"><\/iframe><\/p>\n<p data-start=\"3245\" data-end=\"3343\">-\u0110\u00e2y l\u00e0 c\u00e1c trang b\u00e1n h\u00e0ng b\u00ean m\u00ecnh NGE 3D Printer Services chuy\u00ean cung c\u1ea5p Nh\u1ef1a in 3D v\u00e0 M\u00e1y in 3D c\u1ee7a H\u00e3ng ESUN, Flsun, BIQU, Creality, eMake3d&#8230;<br \/>\n\ud83d\uded2Shopee =&gt; https:\/\/shopee.vn\/nge3dprinter<br \/>\n\ud83d\uded2Shopee =&gt; https:\/\/shopee.vn\/nge3dservices<br \/>\n\ud83d\uded2Shopee Voron v\u00e0 eMake3D =&gt; https:\/\/shopee.vn\/3dmasterpower<br \/>\n\ud83d\uded2Shopee eMake3D =&gt; https:\/\/shopee.vn\/nge3dprinting<br \/>\n\ud83d\uded2Lazada =&gt; https:\/\/www.lazada.vn\/shop\/nge-3d-printer<br \/>\n\ud83d\uded2Lazada =&gt; https:\/\/www.lazada.vn\/shop\/nge-3d-printer-services<br \/>\n\ud83d\uded2Lazada =&gt; https:\/\/www.lazada.vn\/shop\/emake3d-vn<br \/>\n\ud83d\uded2Webslite Th\u1ebf H\u1ec7 K\u1ebf Ti\u1ebfp =&gt;https:\/\/www.theheketiep.com\/<br \/>\n\ud83d\uded2Webslite NGE.VN =&gt;https:\/\/www.nge.vn\/<br \/>\nHo\u1eb7c b\u1ea1n g\u1ecdi 094.144.0951 g\u1eb7p m\u00ecnh<br \/>\nHo\u1eb7c 0913939775 g\u1eb7p anh Qu\u00e2n<br \/>\n** Price does not include VAT (+8 or 10% if VAT invoice is issued)<\/p>","protected":false},"excerpt":{"rendered":"<p data-start=\"267\" data-end=\"423\">Filament eSun eABS-CF l\u00e0 nh\u1ef1a ABS \u0111\u01b0\u1ee3c gia c\u1ed1 s\u1ee3i carbon, c\u1ee9ng c\u00e1p, nh\u1eb9, ch\u1ecbu va \u0111\u1eadp v\u00e0 ch\u1ed1ng m\u00e0i m\u00f2n t\u1ed1t. L\u00fd t\u01b0\u1edfng cho ng\u00e0nh c\u00f4ng nghi\u1ec7p, \u00f4 t\u00f4, h\u00e0ng kh\u00f4ng.<\/p>","protected":false},"featured_media":6507,"comment_status":"open","ping_status":"closed","template":"","meta":{"inline_featured_image":false},"product_brand":[],"product_cat":[455,456,466],"product_tag":[863,881,619,829,663],"class_list":{"0":"post-6506","1":"product","2":"type-product","3":"status-publish","4":"has-post-thumbnail","6":"product_cat-nhua-in-3d","7":"product_cat-nhua-in-3d-fdm","8":"product_cat-soi-nhua-esun-fdm","9":"product_tag-abs","10":"product_tag-carbon","11":"product_tag-esun","12":"product_tag-in3d","13":"product_tag-nge3d","15":"first","16":"instock","17":"sale","18":"taxable","19":"shipping-taxable","20":"purchasable","21":"product-type-variable"},"yoast_head":"<!-- This site is optimized with the Yoast SEO Premium plugin v22.8 (Yoast SEO v26.9) - https:\/\/yoast.com\/product\/yoast-seo-premium-wordpress\/ -->\n<title>Nh\u1ef1a In 3D eSun eABS-CF Carbon \u2013 S\u1ee3i Carbon Gia C\u1ed1, \u0110\u1ed9 B\u1ec1n Cao - NGE 3D Printers Services<\/title>\n<meta name=\"description\" content=\"Filament eSun eABS-CF l\u00e0 nh\u1ef1a ABS \u0111\u01b0\u1ee3c gia c\u1ed1 s\u1ee3i carbon, c\u1ee9ng c\u00e1p, nh\u1eb9, ch\u1ecbu va \u0111\u1eadp v\u00e0 ch\u1ed1ng m\u00e0i m\u00f2n t\u1ed1t. L\u00fd t\u01b0\u1edfng cho ng\u00e0nh c\u00f4ng nghi\u1ec7p, \u00f4 t\u00f4, h\u00e0ng kh\u00f4ng.\" \/>\n<meta name=\"robots\" content=\"index, follow, max-snippet:-1, max-image-preview:large, max-video-preview:-1\" \/>\n<link rel=\"canonical\" href=\"https:\/\/nge.vn\/en\/product\/esun-eabs-cf-carbon\/\" \/>\n<meta property=\"og:locale\" content=\"en_US\" \/>\n<meta property=\"og:type\" content=\"article\" \/>\n<meta property=\"og:title\" content=\"Nh\u1ef1a In 3D eSun eABS-CF Carbon \u2013 S\u1ee3i Carbon Gia C\u1ed1, \u0110\u1ed9 B\u1ec1n Cao\" \/>\n<meta property=\"og:description\" content=\"Filament eSun eABS-CF l\u00e0 nh\u1ef1a ABS \u0111\u01b0\u1ee3c gia c\u1ed1 s\u1ee3i carbon, c\u1ee9ng c\u00e1p, nh\u1eb9, ch\u1ecbu va \u0111\u1eadp v\u00e0 ch\u1ed1ng m\u00e0i m\u00f2n t\u1ed1t. L\u00fd t\u01b0\u1edfng cho ng\u00e0nh c\u00f4ng nghi\u1ec7p, \u00f4 t\u00f4, h\u00e0ng kh\u00f4ng.\" \/>\n<meta property=\"og:url\" content=\"https:\/\/nge.vn\/en\/product\/esun-eabs-cf-carbon\/\" \/>\n<meta property=\"og:site_name\" content=\"NGE 3D Printers Services\" \/>\n<meta property=\"article:modified_time\" content=\"2025-08-28T03:18:10+00:00\" \/>\n<meta property=\"og:image\" content=\"https:\/\/nge.vn\/wp-content\/uploads\/2025\/08\/vn-11134207-7ras8-m31vv22gulty4b_tn.jpeg\" \/>\n\t<meta property=\"og:image:width\" content=\"320\" \/>\n\t<meta property=\"og:image:height\" content=\"320\" \/>\n\t<meta property=\"og:image:type\" content=\"image\/jpeg\" \/>\n<meta name=\"twitter:card\" content=\"summary_large_image\" \/>\n<meta name=\"twitter:label1\" content=\"Est. reading time\" \/>\n\t<meta name=\"twitter:data1\" content=\"3 minutes\" \/>\n<script type=\"application\/ld+json\" class=\"yoast-schema-graph\">{\"@context\":\"https:\/\/schema.org\",\"@graph\":[{\"@type\":\"WebPage\",\"@id\":\"https:\/\/nge.vn\/san-pham\/esun-eabs-cf-carbon\/\",\"url\":\"https:\/\/nge.vn\/san-pham\/esun-eabs-cf-carbon\/\",\"name\":\"Nh\u1ef1a In 3D eSun eABS-CF Carbon \u2013 S\u1ee3i Carbon Gia C\u1ed1, \u0110\u1ed9 B\u1ec1n Cao - NGE 3D Printers Services\",\"isPartOf\":{\"@id\":\"https:\/\/nge.vn\/#website\"},\"primaryImageOfPage\":{\"@id\":\"https:\/\/nge.vn\/san-pham\/esun-eabs-cf-carbon\/#primaryimage\"},\"image\":{\"@id\":\"https:\/\/nge.vn\/san-pham\/esun-eabs-cf-carbon\/#primaryimage\"},\"thumbnailUrl\":\"https:\/\/nge.vn\/wp-content\/uploads\/2025\/08\/vn-11134207-7ras8-m31vv22gulty4b_tn.jpeg\",\"datePublished\":\"2025-08-07T09:07:22+00:00\",\"dateModified\":\"2025-08-28T03:18:10+00:00\",\"description\":\"Filament eSun eABS-CF l\u00e0 nh\u1ef1a ABS \u0111\u01b0\u1ee3c gia c\u1ed1 s\u1ee3i carbon, c\u1ee9ng c\u00e1p, nh\u1eb9, ch\u1ecbu va \u0111\u1eadp v\u00e0 ch\u1ed1ng m\u00e0i m\u00f2n t\u1ed1t. L\u00fd t\u01b0\u1edfng cho ng\u00e0nh c\u00f4ng nghi\u1ec7p, \u00f4 t\u00f4, h\u00e0ng kh\u00f4ng.\",\"breadcrumb\":{\"@id\":\"https:\/\/nge.vn\/san-pham\/esun-eabs-cf-carbon\/#breadcrumb\"},\"inLanguage\":\"en-US\",\"potentialAction\":[{\"@type\":\"ReadAction\",\"target\":[\"https:\/\/nge.vn\/san-pham\/esun-eabs-cf-carbon\/\"]}]},{\"@type\":\"ImageObject\",\"inLanguage\":\"en-US\",\"@id\":\"https:\/\/nge.vn\/san-pham\/esun-eabs-cf-carbon\/#primaryimage\",\"url\":\"https:\/\/nge.vn\/wp-content\/uploads\/2025\/08\/vn-11134207-7ras8-m31vv22gulty4b_tn.jpeg\",\"contentUrl\":\"https:\/\/nge.vn\/wp-content\/uploads\/2025\/08\/vn-11134207-7ras8-m31vv22gulty4b_tn.jpeg\",\"width\":320,\"height\":320},{\"@type\":\"BreadcrumbList\",\"@id\":\"https:\/\/nge.vn\/san-pham\/esun-eabs-cf-carbon\/#breadcrumb\",\"itemListElement\":[{\"@type\":\"ListItem\",\"position\":1,\"name\":\"Trang ch\u1ee7\",\"item\":\"https:\/\/nge.vn\/\"},{\"@type\":\"ListItem\",\"position\":2,\"name\":\"S\u1ea3n ph\u1ea9m\",\"item\":\"https:\/\/nge.vn\/san-pham\/\"},{\"@type\":\"ListItem\",\"position\":3,\"name\":\"Nh\u1ef1a In 3D eSun eABS-CF Carbon \u2013 S\u1ee3i Carbon Gia C\u1ed1, \u0110\u1ed9 B\u1ec1n Cao\"}]},{\"@type\":\"WebSite\",\"@id\":\"https:\/\/nge.vn\/#website\",\"url\":\"https:\/\/nge.vn\/\",\"name\":\"NGE 3D Printers Services\",\"description\":\"\",\"potentialAction\":[{\"@type\":\"SearchAction\",\"target\":{\"@type\":\"EntryPoint\",\"urlTemplate\":\"https:\/\/nge.vn\/?s={search_term_string}\"},\"query-input\":{\"@type\":\"PropertyValueSpecification\",\"valueRequired\":true,\"valueName\":\"search_term_string\"}}],\"inLanguage\":\"en-US\"}]}<\/script>\n<!-- \/ Yoast SEO Premium plugin. -->","yoast_head_json":{"title":"Nh\u1ef1a In 3D eSun eABS-CF Carbon \u2013 S\u1ee3i Carbon Gia C\u1ed1, \u0110\u1ed9 B\u1ec1n Cao - NGE 3D Printers Services","description":"Filament eSun eABS-CF l\u00e0 nh\u1ef1a ABS \u0111\u01b0\u1ee3c gia c\u1ed1 s\u1ee3i carbon, c\u1ee9ng c\u00e1p, nh\u1eb9, ch\u1ecbu va \u0111\u1eadp v\u00e0 ch\u1ed1ng m\u00e0i m\u00f2n t\u1ed1t. L\u00fd t\u01b0\u1edfng cho ng\u00e0nh c\u00f4ng nghi\u1ec7p, \u00f4 t\u00f4, h\u00e0ng kh\u00f4ng.","robots":{"index":"index","follow":"follow","max-snippet":"max-snippet:-1","max-image-preview":"max-image-preview:large","max-video-preview":"max-video-preview:-1"},"canonical":"https:\/\/nge.vn\/en\/product\/esun-eabs-cf-carbon\/","og_locale":"en_US","og_type":"article","og_title":"Nh\u1ef1a In 3D eSun eABS-CF Carbon \u2013 S\u1ee3i Carbon Gia C\u1ed1, \u0110\u1ed9 B\u1ec1n Cao","og_description":"Filament eSun eABS-CF l\u00e0 nh\u1ef1a ABS \u0111\u01b0\u1ee3c gia c\u1ed1 s\u1ee3i carbon, c\u1ee9ng c\u00e1p, nh\u1eb9, ch\u1ecbu va \u0111\u1eadp v\u00e0 ch\u1ed1ng m\u00e0i m\u00f2n t\u1ed1t. L\u00fd t\u01b0\u1edfng cho ng\u00e0nh c\u00f4ng nghi\u1ec7p, \u00f4 t\u00f4, h\u00e0ng kh\u00f4ng.","og_url":"https:\/\/nge.vn\/en\/product\/esun-eabs-cf-carbon\/","og_site_name":"NGE 3D Printers Services","article_modified_time":"2025-08-28T03:18:10+00:00","og_image":[{"width":320,"height":320,"url":"https:\/\/nge.vn\/wp-content\/uploads\/2025\/08\/vn-11134207-7ras8-m31vv22gulty4b_tn.jpeg","type":"image\/jpeg"}],"twitter_card":"summary_large_image","twitter_misc":{"Est. reading time":"3 minutes"},"schema":{"@context":"https:\/\/schema.org","@graph":[{"@type":"WebPage","@id":"https:\/\/nge.vn\/san-pham\/esun-eabs-cf-carbon\/","url":"https:\/\/nge.vn\/san-pham\/esun-eabs-cf-carbon\/","name":"Nh\u1ef1a In 3D eSun eABS-CF Carbon \u2013 S\u1ee3i Carbon Gia C\u1ed1, \u0110\u1ed9 B\u1ec1n Cao - NGE 3D Printers Services","isPartOf":{"@id":"https:\/\/nge.vn\/#website"},"primaryImageOfPage":{"@id":"https:\/\/nge.vn\/san-pham\/esun-eabs-cf-carbon\/#primaryimage"},"image":{"@id":"https:\/\/nge.vn\/san-pham\/esun-eabs-cf-carbon\/#primaryimage"},"thumbnailUrl":"https:\/\/nge.vn\/wp-content\/uploads\/2025\/08\/vn-11134207-7ras8-m31vv22gulty4b_tn.jpeg","datePublished":"2025-08-07T09:07:22+00:00","dateModified":"2025-08-28T03:18:10+00:00","description":"Filament eSun eABS-CF l\u00e0 nh\u1ef1a ABS \u0111\u01b0\u1ee3c gia c\u1ed1 s\u1ee3i carbon, c\u1ee9ng c\u00e1p, nh\u1eb9, ch\u1ecbu va \u0111\u1eadp v\u00e0 ch\u1ed1ng m\u00e0i m\u00f2n t\u1ed1t. L\u00fd t\u01b0\u1edfng cho ng\u00e0nh c\u00f4ng nghi\u1ec7p, \u00f4 t\u00f4, h\u00e0ng kh\u00f4ng.","breadcrumb":{"@id":"https:\/\/nge.vn\/san-pham\/esun-eabs-cf-carbon\/#breadcrumb"},"inLanguage":"en-US","potentialAction":[{"@type":"ReadAction","target":["https:\/\/nge.vn\/san-pham\/esun-eabs-cf-carbon\/"]}]},{"@type":"ImageObject","inLanguage":"en-US","@id":"https:\/\/nge.vn\/san-pham\/esun-eabs-cf-carbon\/#primaryimage","url":"https:\/\/nge.vn\/wp-content\/uploads\/2025\/08\/vn-11134207-7ras8-m31vv22gulty4b_tn.jpeg","contentUrl":"https:\/\/nge.vn\/wp-content\/uploads\/2025\/08\/vn-11134207-7ras8-m31vv22gulty4b_tn.jpeg","width":320,"height":320},{"@type":"BreadcrumbList","@id":"https:\/\/nge.vn\/san-pham\/esun-eabs-cf-carbon\/#breadcrumb","itemListElement":[{"@type":"ListItem","position":1,"name":"Trang ch\u1ee7","item":"https:\/\/nge.vn\/"},{"@type":"ListItem","position":2,"name":"S\u1ea3n ph\u1ea9m","item":"https:\/\/nge.vn\/san-pham\/"},{"@type":"ListItem","position":3,"name":"Nh\u1ef1a In 3D eSun eABS-CF Carbon \u2013 S\u1ee3i Carbon Gia C\u1ed1, \u0110\u1ed9 B\u1ec1n Cao"}]},{"@type":"WebSite","@id":"https:\/\/nge.vn\/#website","url":"https:\/\/nge.vn\/","name":"NGE 3D Printers Services","description":"","potentialAction":[{"@type":"SearchAction","target":{"@type":"EntryPoint","urlTemplate":"https:\/\/nge.vn\/?s={search_term_string}"},"query-input":{"@type":"PropertyValueSpecification","valueRequired":true,"valueName":"search_term_string"}}],"inLanguage":"en-US"}]}},"_links":{"self":[{"href":"https:\/\/nge.vn\/en\/wp-json\/wp\/v2\/product\/6506","targetHints":{"allow":["GET"]}}],"collection":[{"href":"https:\/\/nge.vn\/en\/wp-json\/wp\/v2\/product"}],"about":[{"href":"https:\/\/nge.vn\/en\/wp-json\/wp\/v2\/types\/product"}],"replies":[{"embeddable":true,"href":"https:\/\/nge.vn\/en\/wp-json\/wp\/v2\/comments?post=6506"}],"wp:featuredmedia":[{"embeddable":true,"href":"https:\/\/nge.vn\/en\/wp-json\/wp\/v2\/media\/6507"}],"wp:attachment":[{"href":"https:\/\/nge.vn\/en\/wp-json\/wp\/v2\/media?parent=6506"}],"wp:term":[{"taxonomy":"product_brand","embeddable":true,"href":"https:\/\/nge.vn\/en\/wp-json\/wp\/v2\/product_brand?post=6506"},{"taxonomy":"product_cat","embeddable":true,"href":"https:\/\/nge.vn\/en\/wp-json\/wp\/v2\/product_cat?post=6506"},{"taxonomy":"product_tag","embeddable":true,"href":"https:\/\/nge.vn\/en\/wp-json\/wp\/v2\/product_tag?post=6506"}],"curies":[{"name":"wp","href":"https:\/\/api.w.org\/{rel}","templated":true}]}}