{"id":6495,"date":"2025-08-07T15:24:44","date_gmt":"2025-08-07T08:24:44","guid":{"rendered":"https:\/\/nge.vn\/?post_type=product&#038;p=6495"},"modified":"2025-08-07T15:24:45","modified_gmt":"2025-08-07T08:24:45","slug":"bo-nang-cap-truc-z-vitme-doi-dual-screw-rod-upgrade-kit-cho-dong-may-in-3d-creality-ender-3","status":"publish","type":"product","link":"https:\/\/nge.vn\/en\/product\/bo-nang-cap-truc-z-vitme-doi-dual-screw-rod-upgrade-kit-cho-dong-may-in-3d-creality-ender-3\/","title":{"rendered":"B\u1ed9 n\u00e2ng c\u1ea5p tr\u1ee5c Z vitme \u0111\u00f4i Dual Screw Rod Upgrade Kit cho d\u00f2ng m\u00e1y in 3d Creality Ender 3"},"content":{"rendered":"<h3 data-start=\"894\" data-end=\"997\">\ud83d\udd27 <strong data-start=\"901\" data-end=\"997\">B\u1ed9 N\u00e2ng C\u1ea5p Tr\u1ee5c Vitme K\u00e9p Cho M\u00e1y In 3D Creality Ender Series \u2013 \u1ed4n \u0110\u1ecbnh, Ch\u00ednh X\u00e1c, M\u01b0\u1ee3t M\u00e0<\/strong><\/h3>\n<p data-start=\"999\" data-end=\"1201\">B\u1ed9 <strong data-start=\"1002\" data-end=\"1032\">Dual Screw Rod Upgrade Kit<\/strong> \u0111\u01b0\u1ee3c thi\u1ebft k\u1ebf \u0111\u1ec3 n\u00e2ng c\u1ea5p h\u1ec7 th\u1ed1ng Z-axis c\u1ee7a c\u00e1c d\u00f2ng m\u00e1y in 3D <strong data-start=\"1098\" data-end=\"1118\">Creality Ender-3<\/strong>, gi\u00fap c\u1ea3i thi\u1ec7n \u0111\u1ed9 \u1ed5n \u0111\u1ecbnh, gi\u1ea3m rung l\u1eafc, v\u00e0 n\u00e2ng cao ch\u1ea5t l\u01b0\u1ee3ng b\u1ea3n in t\u1ed5ng th\u1ec3.<\/p>\n<hr data-start=\"1203\" data-end=\"1206\" \/>\n<h3 data-start=\"1208\" data-end=\"1235\">\u2705 <strong data-start=\"1214\" data-end=\"1235\">\u0110\u1eb7c \u0111i\u1ec3m n\u1ed5i b\u1eadt:<\/strong><\/h3>\n<ul data-start=\"1237\" data-end=\"1835\">\n<li data-start=\"1237\" data-end=\"1415\">\n<p data-start=\"1239\" data-end=\"1415\"><strong data-start=\"1239\" data-end=\"1265\">Tr\u1ee5c v\u00edt ch\u00ednh x\u00e1c cao<\/strong><br data-start=\"1265\" data-end=\"1268\" \/>\u0110\u01b0\u1ee3c gia c\u00f4ng v\u1edbi \u0111\u1ed9 ch\u00ednh x\u00e1c d\u1eabn h\u01b0\u1edbng \u0111\u1ea1t ti\u00eau chu\u1ea9n <strong data-start=\"1326\" data-end=\"1335\">P3\u2013P7<\/strong>, gi\u00fap v\u1ecb tr\u00ed l\u1eb7p l\u1ea1i \u0111\u1ea1t <strong data-start=\"1361\" data-end=\"1371\">0.01mm<\/strong> \u2013 \u0111\u1ea3m b\u1ea3o chuy\u1ec3n \u0111\u1ed9ng m\u01b0\u1ee3t m\u00e0 v\u00e0 ch\u00ednh x\u00e1c.<\/p>\n<\/li>\n<li data-start=\"1419\" data-end=\"1535\">\n<p data-start=\"1421\" data-end=\"1535\"><strong data-start=\"1421\" data-end=\"1454\">Thi\u1ebft k\u1ebf ch\u1ed1ng b\u1ee5i &amp; ch\u1ed1ng \u1ed3n<\/strong><br data-start=\"1454\" data-end=\"1457\" \/>C\u01a1 ch\u1ebf v\u1eadn h\u00e0nh y\u00ean t\u0129nh nh\u1edd v\u1eadt li\u1ec7u tr\u01b0\u1ee3t v\u00e0 h\u1ec7 th\u1ed1ng ch\u1ed1ng rung hi\u1ec7u qu\u1ea3.<\/p>\n<\/li>\n<li data-start=\"1537\" data-end=\"1680\">\n<p data-start=\"1539\" data-end=\"1680\"><strong data-start=\"1539\" data-end=\"1584\">Ch\u1ea5t li\u1ec7u cao c\u1ea5p \u2013 b\u1ec1n b\u1ec9 theo th\u1eddi gian<\/strong><br data-start=\"1584\" data-end=\"1587\" \/>T\u1ea5t c\u1ea3 c\u00e1c chi ti\u1ebft c\u01a1 kh\u00ed \u0111\u1ec1u s\u1eed d\u1ee5ng v\u1eadt li\u1ec7u ch\u1ed1ng m\u00e0i m\u00f2n, t\u1ea3i tr\u1ecdng cao, ch\u1ecbu l\u1ef1c t\u1ed1t.<\/p>\n<\/li>\n<li data-start=\"1682\" data-end=\"1835\">\n<p data-start=\"1684\" data-end=\"1835\"><strong data-start=\"1684\" data-end=\"1708\">T\u01b0\u01a1ng th\u00edch ho\u00e0n h\u1ea3o<\/strong><br data-start=\"1708\" data-end=\"1711\" \/>Thi\u1ebft k\u1ebf ph\u00f9 h\u1ee3p cho nhi\u1ec1u d\u00f2ng m\u00e1y in FDM DIY tr\u00ean th\u1ecb tr\u01b0\u1eddng, \u0111\u1eb7c bi\u1ec7t l\u00e0 c\u00e1c m\u00e1y <strong data-start=\"1797\" data-end=\"1835\">Creality Ender-3, V2, Neo, Pro,&#8230;<\/strong><\/p>\n<\/li>\n<\/ul>\n<hr data-start=\"1837\" data-end=\"1840\" \/>\n<h3 data-start=\"1842\" data-end=\"1872\">\ud83d\udee0\ufe0f <strong data-start=\"1850\" data-end=\"1872\">Th\u00f4ng s\u1ed1 k\u1ef9 thu\u1eadt:<\/strong><\/h3>\n<div class=\"_tableContainer_16hzy_1\">\n<div class=\"_tableWrapper_16hzy_14 group flex w-fit flex-col-reverse\" tabindex=\"-1\">\n<table class=\"w-fit min-w-(--thread-content-width)\" data-start=\"1874\" data-end=\"2497\">\n<thead data-start=\"1874\" data-end=\"1951\">\n<tr data-start=\"1874\" data-end=\"1951\">\n<th data-start=\"1874\" data-end=\"1904\" data-col-size=\"sm\"><strong data-start=\"1876\" data-end=\"1889\">Th\u00f4ng tin<\/strong><\/th>\n<th data-start=\"1904\" data-end=\"1951\" data-col-size=\"sm\"><strong data-start=\"1906\" data-end=\"1918\">Chi ti\u1ebft<\/strong><\/th>\n<\/tr>\n<\/thead>\n<tbody data-start=\"2030\" data-end=\"2497\">\n<tr data-start=\"2030\" data-end=\"2107\">\n<td data-start=\"2030\" data-end=\"2059\" data-col-size=\"sm\">T\u00ean s\u1ea3n ph\u1ea9m<\/td>\n<td data-start=\"2059\" data-end=\"2107\" data-col-size=\"sm\">Dual Screw Rod Upgrade Kit<\/td>\n<\/tr>\n<tr data-start=\"2108\" data-end=\"2185\">\n<td data-start=\"2108\" data-end=\"2137\" data-col-size=\"sm\">K\u00edch th\u01b0\u1edbc \u0111\u00f3ng g\u00f3i<\/td>\n<td data-start=\"2137\" data-end=\"2185\" data-col-size=\"sm\">400 \u00d7 100 \u00d7 70 mm<\/td>\n<\/tr>\n<tr data-start=\"2186\" data-end=\"2263\">\n<td data-start=\"2186\" data-end=\"2215\" data-col-size=\"sm\">Tr\u1ecdng l\u01b0\u1ee3ng t\u1ecbnh (N.W.)<\/td>\n<td data-start=\"2215\" data-end=\"2263\" data-col-size=\"sm\">750g<\/td>\n<\/tr>\n<tr data-start=\"2264\" data-end=\"2341\">\n<td data-start=\"2264\" data-end=\"2293\" data-col-size=\"sm\">Tr\u1ecdng l\u01b0\u1ee3ng \u0111\u00f3ng g\u00f3i (G.W.)<\/td>\n<td data-start=\"2293\" data-end=\"2341\" data-col-size=\"sm\">955g<\/td>\n<\/tr>\n<tr data-start=\"2342\" data-end=\"2419\">\n<td data-start=\"2342\" data-end=\"2371\" data-col-size=\"sm\">\u0110\u1ed9 ch\u00ednh x\u00e1c ray d\u1eabn h\u01b0\u1edbng<\/td>\n<td data-start=\"2371\" data-end=\"2419\" data-col-size=\"sm\">P3\u2013P7<\/td>\n<\/tr>\n<tr data-start=\"2420\" data-end=\"2497\">\n<td data-start=\"2420\" data-end=\"2449\" data-col-size=\"sm\">\u0110\u1ed9 ch\u00ednh x\u00e1c l\u1eb7p l\u1ea1i<\/td>\n<td data-start=\"2449\" data-end=\"2497\" data-col-size=\"sm\">0.01mm<\/td>\n<\/tr>\n<\/tbody>\n<\/table>\n<div class=\"sticky end-(--thread-content-margin) h-0 self-end select-none\">\n<div class=\"absolute end-0 flex items-end\"><\/div>\n<\/div>\n<\/div>\n<\/div>\n<hr data-start=\"2499\" data-end=\"2502\" \/>\n<h3 data-start=\"2504\" data-end=\"2526\">\ud83c\udfaf <strong data-start=\"2511\" data-end=\"2524\">\u1ee8ng d\u1ee5ng:<\/strong><\/h3>\n<p data-start=\"2527\" data-end=\"2697\">T\u01b0\u01a1ng th\u00edch v\u1edbi c\u00e1c d\u00f2ng m\u00e1y in 3D ph\u1ed5 bi\u1ebfn nh\u01b0:<br data-start=\"2575\" data-end=\"2578\" \/><strong data-start=\"2578\" data-end=\"2656\">Creality Ender-3 \/ Ender-3 Pro \/ Ender-3 V2 \/ Ender-3 Neo \/ Ender-3 V2 Neo<\/strong><br data-start=\"2656\" data-end=\"2659\" \/>v\u00e0 c\u00e1c d\u00f2ng m\u00e1y FDM DIY t\u01b0\u01a1ng t\u1ef1 kh\u00e1c.<\/p>\n<p data-start=\"2527\" data-end=\"2697\">\n<p data-start=\"2527\" data-end=\"2697\">-\u0110\u00e2y l\u00e0 c\u00e1c trang b\u00e1n h\u00e0ng b\u00ean m\u00ecnh NGE 3D Printer Services chuy\u00ean cung c\u1ea5p Nh\u1ef1a in 3D v\u00e0 M\u00e1y in 3D c\u1ee7a H\u00e3ng ESUN, Flsun, BIQU, Creality, eMake3d&#8230;<br \/>\n\ud83d\uded2Shopee =&gt; https:\/\/shopee.vn\/nge3dprinter<br \/>\n\ud83d\uded2Shopee =&gt; https:\/\/shopee.vn\/nge3dservices<br \/>\n\ud83d\uded2Shopee Voron v\u00e0 eMake3D =&gt; https:\/\/shopee.vn\/3dmasterpower<br \/>\n\ud83d\uded2Shopee eMake3D =&gt; https:\/\/shopee.vn\/nge3dprinting<br \/>\n\ud83d\uded2Lazada =&gt; https:\/\/www.lazada.vn\/shop\/nge-3d-printer<br \/>\n\ud83d\uded2Lazada =&gt; https:\/\/www.lazada.vn\/shop\/nge-3d-printer-services<br \/>\n\ud83d\uded2Lazada =&gt; https:\/\/www.lazada.vn\/shop\/emake3d-vn<br \/>\n\ud83d\uded2Webslite Th\u1ebf H\u1ec7 K\u1ebf Ti\u1ebfp =&gt;https:\/\/www.theheketiep.com\/<br \/>\n\ud83d\uded2Webslite NGE.VN =&gt;https:\/\/www.nge.vn\/<br \/>\nHo\u1eb7c b\u1ea1n g\u1ecdi 094.144.0951 g\u1eb7p m\u00ecnh<br \/>\nHo\u1eb7c 0913939775 g\u1eb7p anh Qu\u00e2n<br \/>\n** Price does not include VAT (+8 or 10% if VAT invoice is issued)<\/p>","protected":false},"excerpt":{"rendered":"<p data-start=\"382\" data-end=\"544\">N\u00e2ng c\u1ea5p \u0111\u1ed9 \u1ed5n \u0111\u1ecbnh v\u00e0 ch\u00ednh x\u00e1c cho m\u00e1y in 3D Creality Ender-3 v\u1edbi b\u1ed9 tr\u1ee5c vitme k\u00e9p. Thi\u1ebft k\u1ebf ch\u1eafc ch\u1eafn, ch\u1ed1ng \u1ed3n, \u0111\u1ed9 ch\u00ednh x\u00e1c cao, t\u01b0\u01a1ng th\u00edch nhi\u1ec1u d\u00f2ng FDM.<\/p>","protected":false},"featured_media":6496,"comment_status":"open","ping_status":"closed","template":"","meta":{"inline_featured_image":false},"product_brand":[],"product_cat":[40,56],"product_tag":[495,780,829,663,876],"class_list":{"0":"post-6495","1":"product","2":"type-product","3":"status-publish","4":"has-post-thumbnail","6":"product_cat-linh-kien-va-phu-kien","7":"product_cat-linh-phu-kien-may-in-3d-creality","8":"product_tag-creality","9":"product_tag-ender3","10":"product_tag-in3d","11":"product_tag-nge3d","12":"product_tag-zupgrade","14":"first","15":"instock","16":"taxable","17":"shipping-taxable","18":"purchasable","19":"product-type-simple"},"yoast_head":"<!-- This site is optimized with the Yoast SEO Premium plugin v22.8 (Yoast SEO v26.9) - https:\/\/yoast.com\/product\/yoast-seo-premium-wordpress\/ -->\n<title>B\u1ed9 n\u00e2ng c\u1ea5p tr\u1ee5c Z vitme \u0111\u00f4i Dual Screw Rod Upgrade Kit cho d\u00f2ng m\u00e1y in 3d Creality Ender 3 - NGE 3D Printers Services<\/title>\n<meta name=\"description\" content=\"N\u00e2ng c\u1ea5p \u0111\u1ed9 \u1ed5n \u0111\u1ecbnh v\u00e0 ch\u00ednh x\u00e1c cho m\u00e1y in 3D Creality Ender-3 v\u1edbi b\u1ed9 tr\u1ee5c vitme k\u00e9p. Thi\u1ebft k\u1ebf ch\u1eafc ch\u1eafn, ch\u1ed1ng \u1ed3n, \u0111\u1ed9 ch\u00ednh x\u00e1c cao.\" \/>\n<meta name=\"robots\" content=\"index, follow, max-snippet:-1, max-image-preview:large, max-video-preview:-1\" \/>\n<link rel=\"canonical\" href=\"https:\/\/nge.vn\/en\/product\/bo-nang-cap-truc-z-vitme-doi-dual-screw-rod-upgrade-kit-cho-dong-may-in-3d-creality-ender-3\/\" \/>\n<meta property=\"og:locale\" content=\"en_US\" \/>\n<meta property=\"og:type\" content=\"article\" \/>\n<meta property=\"og:title\" content=\"B\u1ed9 n\u00e2ng c\u1ea5p tr\u1ee5c Z vitme \u0111\u00f4i Dual Screw Rod Upgrade Kit cho d\u00f2ng m\u00e1y in 3d Creality Ender 3\" \/>\n<meta property=\"og:description\" content=\"N\u00e2ng c\u1ea5p \u0111\u1ed9 \u1ed5n \u0111\u1ecbnh v\u00e0 ch\u00ednh x\u00e1c cho m\u00e1y in 3D Creality Ender-3 v\u1edbi b\u1ed9 tr\u1ee5c vitme k\u00e9p. Thi\u1ebft k\u1ebf ch\u1eafc ch\u1eafn, ch\u1ed1ng \u1ed3n, \u0111\u1ed9 ch\u00ednh x\u00e1c cao.\" \/>\n<meta property=\"og:url\" content=\"https:\/\/nge.vn\/en\/product\/bo-nang-cap-truc-z-vitme-doi-dual-screw-rod-upgrade-kit-cho-dong-may-in-3d-creality-ender-3\/\" \/>\n<meta property=\"og:site_name\" content=\"NGE 3D Printers Services\" \/>\n<meta property=\"article:modified_time\" content=\"2025-08-07T08:24:45+00:00\" \/>\n<meta property=\"og:image\" content=\"https:\/\/nge.vn\/wp-content\/uploads\/2025\/08\/807bc703d1694977890b1db59e0e8e68_tn.jpeg\" \/>\n\t<meta property=\"og:image:width\" content=\"320\" \/>\n\t<meta property=\"og:image:height\" content=\"320\" \/>\n\t<meta property=\"og:image:type\" content=\"image\/jpeg\" \/>\n<meta name=\"twitter:card\" content=\"summary_large_image\" \/>\n<meta name=\"twitter:label1\" content=\"Est. reading time\" \/>\n\t<meta name=\"twitter:data1\" content=\"3 minutes\" \/>\n<script type=\"application\/ld+json\" class=\"yoast-schema-graph\">{\"@context\":\"https:\/\/schema.org\",\"@graph\":[{\"@type\":\"WebPage\",\"@id\":\"https:\/\/nge.vn\/san-pham\/bo-nang-cap-truc-z-vitme-doi-dual-screw-rod-upgrade-kit-cho-dong-may-in-3d-creality-ender-3\/\",\"url\":\"https:\/\/nge.vn\/san-pham\/bo-nang-cap-truc-z-vitme-doi-dual-screw-rod-upgrade-kit-cho-dong-may-in-3d-creality-ender-3\/\",\"name\":\"B\u1ed9 n\u00e2ng c\u1ea5p tr\u1ee5c Z vitme \u0111\u00f4i Dual Screw Rod Upgrade Kit cho d\u00f2ng m\u00e1y in 3d Creality Ender 3 - NGE 3D Printers Services\",\"isPartOf\":{\"@id\":\"https:\/\/nge.vn\/#website\"},\"primaryImageOfPage\":{\"@id\":\"https:\/\/nge.vn\/san-pham\/bo-nang-cap-truc-z-vitme-doi-dual-screw-rod-upgrade-kit-cho-dong-may-in-3d-creality-ender-3\/#primaryimage\"},\"image\":{\"@id\":\"https:\/\/nge.vn\/san-pham\/bo-nang-cap-truc-z-vitme-doi-dual-screw-rod-upgrade-kit-cho-dong-may-in-3d-creality-ender-3\/#primaryimage\"},\"thumbnailUrl\":\"https:\/\/nge.vn\/wp-content\/uploads\/2025\/08\/807bc703d1694977890b1db59e0e8e68_tn.jpeg\",\"datePublished\":\"2025-08-07T08:24:44+00:00\",\"dateModified\":\"2025-08-07T08:24:45+00:00\",\"description\":\"N\u00e2ng c\u1ea5p \u0111\u1ed9 \u1ed5n \u0111\u1ecbnh v\u00e0 ch\u00ednh x\u00e1c cho m\u00e1y in 3D Creality Ender-3 v\u1edbi b\u1ed9 tr\u1ee5c vitme k\u00e9p. Thi\u1ebft k\u1ebf ch\u1eafc ch\u1eafn, ch\u1ed1ng \u1ed3n, \u0111\u1ed9 ch\u00ednh x\u00e1c cao.\",\"breadcrumb\":{\"@id\":\"https:\/\/nge.vn\/san-pham\/bo-nang-cap-truc-z-vitme-doi-dual-screw-rod-upgrade-kit-cho-dong-may-in-3d-creality-ender-3\/#breadcrumb\"},\"inLanguage\":\"en-US\",\"potentialAction\":[{\"@type\":\"ReadAction\",\"target\":[\"https:\/\/nge.vn\/san-pham\/bo-nang-cap-truc-z-vitme-doi-dual-screw-rod-upgrade-kit-cho-dong-may-in-3d-creality-ender-3\/\"]}]},{\"@type\":\"ImageObject\",\"inLanguage\":\"en-US\",\"@id\":\"https:\/\/nge.vn\/san-pham\/bo-nang-cap-truc-z-vitme-doi-dual-screw-rod-upgrade-kit-cho-dong-may-in-3d-creality-ender-3\/#primaryimage\",\"url\":\"https:\/\/nge.vn\/wp-content\/uploads\/2025\/08\/807bc703d1694977890b1db59e0e8e68_tn.jpeg\",\"contentUrl\":\"https:\/\/nge.vn\/wp-content\/uploads\/2025\/08\/807bc703d1694977890b1db59e0e8e68_tn.jpeg\",\"width\":320,\"height\":320},{\"@type\":\"BreadcrumbList\",\"@id\":\"https:\/\/nge.vn\/san-pham\/bo-nang-cap-truc-z-vitme-doi-dual-screw-rod-upgrade-kit-cho-dong-may-in-3d-creality-ender-3\/#breadcrumb\",\"itemListElement\":[{\"@type\":\"ListItem\",\"position\":1,\"name\":\"Trang ch\u1ee7\",\"item\":\"https:\/\/nge.vn\/\"},{\"@type\":\"ListItem\",\"position\":2,\"name\":\"S\u1ea3n ph\u1ea9m\",\"item\":\"https:\/\/nge.vn\/san-pham\/\"},{\"@type\":\"ListItem\",\"position\":3,\"name\":\"B\u1ed9 n\u00e2ng c\u1ea5p tr\u1ee5c Z vitme \u0111\u00f4i Dual Screw Rod Upgrade Kit cho d\u00f2ng m\u00e1y in 3d Creality Ender 3\"}]},{\"@type\":\"WebSite\",\"@id\":\"https:\/\/nge.vn\/#website\",\"url\":\"https:\/\/nge.vn\/\",\"name\":\"NGE 3D Printers Services\",\"description\":\"\",\"potentialAction\":[{\"@type\":\"SearchAction\",\"target\":{\"@type\":\"EntryPoint\",\"urlTemplate\":\"https:\/\/nge.vn\/?s={search_term_string}\"},\"query-input\":{\"@type\":\"PropertyValueSpecification\",\"valueRequired\":true,\"valueName\":\"search_term_string\"}}],\"inLanguage\":\"en-US\"}]}<\/script>\n<!-- \/ Yoast SEO Premium plugin. -->","yoast_head_json":{"title":"B\u1ed9 n\u00e2ng c\u1ea5p tr\u1ee5c Z vitme \u0111\u00f4i Dual Screw Rod Upgrade Kit cho d\u00f2ng m\u00e1y in 3d Creality Ender 3 - NGE 3D Printers Services","description":"N\u00e2ng c\u1ea5p \u0111\u1ed9 \u1ed5n \u0111\u1ecbnh v\u00e0 ch\u00ednh x\u00e1c cho m\u00e1y in 3D Creality Ender-3 v\u1edbi b\u1ed9 tr\u1ee5c vitme k\u00e9p. Thi\u1ebft k\u1ebf ch\u1eafc ch\u1eafn, ch\u1ed1ng \u1ed3n, \u0111\u1ed9 ch\u00ednh x\u00e1c cao.","robots":{"index":"index","follow":"follow","max-snippet":"max-snippet:-1","max-image-preview":"max-image-preview:large","max-video-preview":"max-video-preview:-1"},"canonical":"https:\/\/nge.vn\/en\/product\/bo-nang-cap-truc-z-vitme-doi-dual-screw-rod-upgrade-kit-cho-dong-may-in-3d-creality-ender-3\/","og_locale":"en_US","og_type":"article","og_title":"B\u1ed9 n\u00e2ng c\u1ea5p tr\u1ee5c Z vitme \u0111\u00f4i Dual Screw Rod Upgrade Kit cho d\u00f2ng m\u00e1y in 3d Creality Ender 3","og_description":"N\u00e2ng c\u1ea5p \u0111\u1ed9 \u1ed5n \u0111\u1ecbnh v\u00e0 ch\u00ednh x\u00e1c cho m\u00e1y in 3D Creality Ender-3 v\u1edbi b\u1ed9 tr\u1ee5c vitme k\u00e9p. Thi\u1ebft k\u1ebf ch\u1eafc ch\u1eafn, ch\u1ed1ng \u1ed3n, \u0111\u1ed9 ch\u00ednh x\u00e1c cao.","og_url":"https:\/\/nge.vn\/en\/product\/bo-nang-cap-truc-z-vitme-doi-dual-screw-rod-upgrade-kit-cho-dong-may-in-3d-creality-ender-3\/","og_site_name":"NGE 3D Printers Services","article_modified_time":"2025-08-07T08:24:45+00:00","og_image":[{"width":320,"height":320,"url":"https:\/\/nge.vn\/wp-content\/uploads\/2025\/08\/807bc703d1694977890b1db59e0e8e68_tn.jpeg","type":"image\/jpeg"}],"twitter_card":"summary_large_image","twitter_misc":{"Est. reading time":"3 minutes"},"schema":{"@context":"https:\/\/schema.org","@graph":[{"@type":"WebPage","@id":"https:\/\/nge.vn\/san-pham\/bo-nang-cap-truc-z-vitme-doi-dual-screw-rod-upgrade-kit-cho-dong-may-in-3d-creality-ender-3\/","url":"https:\/\/nge.vn\/san-pham\/bo-nang-cap-truc-z-vitme-doi-dual-screw-rod-upgrade-kit-cho-dong-may-in-3d-creality-ender-3\/","name":"B\u1ed9 n\u00e2ng c\u1ea5p tr\u1ee5c Z vitme \u0111\u00f4i Dual Screw Rod Upgrade Kit cho d\u00f2ng m\u00e1y in 3d Creality Ender 3 - NGE 3D Printers Services","isPartOf":{"@id":"https:\/\/nge.vn\/#website"},"primaryImageOfPage":{"@id":"https:\/\/nge.vn\/san-pham\/bo-nang-cap-truc-z-vitme-doi-dual-screw-rod-upgrade-kit-cho-dong-may-in-3d-creality-ender-3\/#primaryimage"},"image":{"@id":"https:\/\/nge.vn\/san-pham\/bo-nang-cap-truc-z-vitme-doi-dual-screw-rod-upgrade-kit-cho-dong-may-in-3d-creality-ender-3\/#primaryimage"},"thumbnailUrl":"https:\/\/nge.vn\/wp-content\/uploads\/2025\/08\/807bc703d1694977890b1db59e0e8e68_tn.jpeg","datePublished":"2025-08-07T08:24:44+00:00","dateModified":"2025-08-07T08:24:45+00:00","description":"N\u00e2ng c\u1ea5p \u0111\u1ed9 \u1ed5n \u0111\u1ecbnh v\u00e0 ch\u00ednh x\u00e1c cho m\u00e1y in 3D Creality Ender-3 v\u1edbi b\u1ed9 tr\u1ee5c vitme k\u00e9p. Thi\u1ebft k\u1ebf ch\u1eafc ch\u1eafn, ch\u1ed1ng \u1ed3n, \u0111\u1ed9 ch\u00ednh x\u00e1c cao.","breadcrumb":{"@id":"https:\/\/nge.vn\/san-pham\/bo-nang-cap-truc-z-vitme-doi-dual-screw-rod-upgrade-kit-cho-dong-may-in-3d-creality-ender-3\/#breadcrumb"},"inLanguage":"en-US","potentialAction":[{"@type":"ReadAction","target":["https:\/\/nge.vn\/san-pham\/bo-nang-cap-truc-z-vitme-doi-dual-screw-rod-upgrade-kit-cho-dong-may-in-3d-creality-ender-3\/"]}]},{"@type":"ImageObject","inLanguage":"en-US","@id":"https:\/\/nge.vn\/san-pham\/bo-nang-cap-truc-z-vitme-doi-dual-screw-rod-upgrade-kit-cho-dong-may-in-3d-creality-ender-3\/#primaryimage","url":"https:\/\/nge.vn\/wp-content\/uploads\/2025\/08\/807bc703d1694977890b1db59e0e8e68_tn.jpeg","contentUrl":"https:\/\/nge.vn\/wp-content\/uploads\/2025\/08\/807bc703d1694977890b1db59e0e8e68_tn.jpeg","width":320,"height":320},{"@type":"BreadcrumbList","@id":"https:\/\/nge.vn\/san-pham\/bo-nang-cap-truc-z-vitme-doi-dual-screw-rod-upgrade-kit-cho-dong-may-in-3d-creality-ender-3\/#breadcrumb","itemListElement":[{"@type":"ListItem","position":1,"name":"Trang ch\u1ee7","item":"https:\/\/nge.vn\/"},{"@type":"ListItem","position":2,"name":"S\u1ea3n ph\u1ea9m","item":"https:\/\/nge.vn\/san-pham\/"},{"@type":"ListItem","position":3,"name":"B\u1ed9 n\u00e2ng c\u1ea5p tr\u1ee5c Z vitme \u0111\u00f4i Dual Screw Rod Upgrade Kit cho d\u00f2ng m\u00e1y in 3d Creality Ender 3"}]},{"@type":"WebSite","@id":"https:\/\/nge.vn\/#website","url":"https:\/\/nge.vn\/","name":"NGE 3D Printers Services","description":"","potentialAction":[{"@type":"SearchAction","target":{"@type":"EntryPoint","urlTemplate":"https:\/\/nge.vn\/?s={search_term_string}"},"query-input":{"@type":"PropertyValueSpecification","valueRequired":true,"valueName":"search_term_string"}}],"inLanguage":"en-US"}]}},"_links":{"self":[{"href":"https:\/\/nge.vn\/en\/wp-json\/wp\/v2\/product\/6495","targetHints":{"allow":["GET"]}}],"collection":[{"href":"https:\/\/nge.vn\/en\/wp-json\/wp\/v2\/product"}],"about":[{"href":"https:\/\/nge.vn\/en\/wp-json\/wp\/v2\/types\/product"}],"replies":[{"embeddable":true,"href":"https:\/\/nge.vn\/en\/wp-json\/wp\/v2\/comments?post=6495"}],"wp:featuredmedia":[{"embeddable":true,"href":"https:\/\/nge.vn\/en\/wp-json\/wp\/v2\/media\/6496"}],"wp:attachment":[{"href":"https:\/\/nge.vn\/en\/wp-json\/wp\/v2\/media?parent=6495"}],"wp:term":[{"taxonomy":"product_brand","embeddable":true,"href":"https:\/\/nge.vn\/en\/wp-json\/wp\/v2\/product_brand?post=6495"},{"taxonomy":"product_cat","embeddable":true,"href":"https:\/\/nge.vn\/en\/wp-json\/wp\/v2\/product_cat?post=6495"},{"taxonomy":"product_tag","embeddable":true,"href":"https:\/\/nge.vn\/en\/wp-json\/wp\/v2\/product_tag?post=6495"}],"curies":[{"name":"wp","href":"https:\/\/api.w.org\/{rel}","templated":true}]}}