{"id":6488,"date":"2025-08-07T14:05:07","date_gmt":"2025-08-07T07:05:07","guid":{"rendered":"https:\/\/nge.vn\/?post_type=product&#038;p=6488"},"modified":"2025-08-07T14:05:08","modified_gmt":"2025-08-07T07:05:08","slug":"bo-gat-lau-dau-phun-creality-hi-nozzle-wiper-module-combo-pack","status":"publish","type":"product","link":"https:\/\/nge.vn\/en\/product\/bo-gat-lau-dau-phun-creality-hi-nozzle-wiper-module-combo-pack\/","title":{"rendered":"B\u1ed9 G\u1ea1t Lau \u0110\u1ea7u Phun Creality Hi \u2013 Nozzle Wiper Module Combo Pack"},"content":{"rendered":"<h3 data-start=\"864\" data-end=\"956\">\ud83e\uddfc <strong data-start=\"871\" data-end=\"956\">B\u1ed9 G\u1ea1t Lau Nh\u1ef1a \u0110\u1ea7u Phun Creality Hi \u2013 Gi\u1ea3i Ph\u00e1p L\u00e0m S\u1ea1ch Hi\u1ec7u Qu\u1ea3 Cho M\u1ed7i L\u1ea7n In<\/strong><\/h3>\n<p data-start=\"958\" data-end=\"1201\"><strong data-start=\"958\" data-end=\"992\">Nozzle Wiper Module Combo Pack<\/strong> l\u00e0 ph\u1ee5 ki\u1ec7n chuy\u00ean d\u1ee5ng d\u00e0nh cho m\u00e1y in 3D <strong data-start=\"1036\" data-end=\"1051\">Creality Hi<\/strong>, gi\u00fap l\u00e0m s\u1ea1ch ph\u1ea7n nh\u1ef1a th\u1eeba b\u00e1m tr\u00ean \u0111\u1ea7u \u0111\u00f9n sau m\u1ed7i l\u1ea7n in. S\u1ea3n ph\u1ea9m gi\u00fap duy tr\u00ec \u0111\u1ed9 ch\u00ednh x\u00e1c khi in, tr\u00e1nh sai l\u1ec7ch l\u1edbp \u0111\u1ea7u ti\u00ean do nh\u1ef1a t\u1ed3n d\u01b0.<\/p>\n<hr data-start=\"1203\" data-end=\"1206\" \/>\n<h3 data-start=\"1208\" data-end=\"1235\">\u2705 <strong data-start=\"1214\" data-end=\"1235\">\u0110\u1eb7c \u0111i\u1ec3m n\u1ed5i b\u1eadt:<\/strong><\/h3>\n<ul data-start=\"1237\" data-end=\"1602\">\n<li data-start=\"1237\" data-end=\"1348\">\n<p data-start=\"1239\" data-end=\"1348\"><strong data-start=\"1239\" data-end=\"1269\">G\u1ea1t s\u1ea1ch \u0111\u1ea7u \u0111\u00f9n hi\u1ec7u qu\u1ea3:<\/strong> Lo\u1ea1i b\u1ecf nh\u1ef1a d\u01b0 th\u1eeba kh\u1ecfi \u0111\u1ea7u phun, gi\u1eef cho qu\u00e1 tr\u00ecnh in ch\u00ednh x\u00e1c v\u00e0 \u1ed5n \u0111\u1ecbnh.<\/p>\n<\/li>\n<li data-start=\"1349\" data-end=\"1436\">\n<p data-start=\"1351\" data-end=\"1436\"><strong data-start=\"1351\" data-end=\"1378\">Thi\u1ebft k\u1ebf nh\u1eb9, t\u1ed1i gi\u1ea3n:<\/strong> Tr\u1ecdng l\u01b0\u1ee3ng ch\u1ec9 <strong data-start=\"1395\" data-end=\"1401\">6g<\/strong>, kh\u00f4ng \u1ea3nh h\u01b0\u1edfng \u0111\u1ebfn hi\u1ec7u su\u1ea5t in.<\/p>\n<\/li>\n<li data-start=\"1437\" data-end=\"1518\">\n<p data-start=\"1439\" data-end=\"1518\"><strong data-start=\"1439\" data-end=\"1459\">L\u1eafp \u0111\u1eb7t d\u1ec5 d\u00e0ng:<\/strong> Thi\u1ebft k\u1ebf t\u1ed1i \u01b0u, t\u01b0\u01a1ng th\u00edch ho\u00e0n h\u1ea3o v\u1edbi <strong data-start=\"1502\" data-end=\"1517\">Creality Hi<\/strong>.<\/p>\n<\/li>\n<li data-start=\"1519\" data-end=\"1602\">\n<p data-start=\"1521\" data-end=\"1602\"><strong data-start=\"1521\" data-end=\"1548\">T\u0103ng tu\u1ed5i th\u1ecd \u0111\u1ea7u phun:<\/strong> Gi\u1ea3m c\u1eb7n t\u00edch t\u1ee5, tr\u00e1nh t\u1eafc ngh\u1ebdn v\u00e0 hao m\u00f2n \u0111\u1ea7u \u0111\u00f9n.<\/p>\n<\/li>\n<\/ul>\n<hr data-start=\"1604\" data-end=\"1607\" \/>\n<h3 data-start=\"1609\" data-end=\"1638\">\ud83d\udce6 <strong data-start=\"1616\" data-end=\"1638\">Th\u00f4ng s\u1ed1 s\u1ea3n ph\u1ea9m:<\/strong><\/h3>\n<div class=\"_tableContainer_16hzy_1\">\n<div class=\"_tableWrapper_16hzy_14 group flex w-fit flex-col-reverse\" tabindex=\"-1\">\n<table class=\"w-fit min-w-(--thread-content-width)\" data-start=\"1640\" data-end=\"2197\">\n<thead data-start=\"1640\" data-end=\"1708\">\n<tr data-start=\"1640\" data-end=\"1708\">\n<th data-start=\"1640\" data-end=\"1667\" data-col-size=\"sm\"><strong data-start=\"1642\" data-end=\"1656\">Thu\u1ed9c t\u00ednh<\/strong><\/th>\n<th data-start=\"1667\" data-end=\"1708\" data-col-size=\"sm\"><strong data-start=\"1669\" data-end=\"1681\">Chi ti\u1ebft<\/strong><\/th>\n<\/tr>\n<\/thead>\n<tbody data-start=\"1779\" data-end=\"2197\">\n<tr data-start=\"1779\" data-end=\"1848\">\n<td data-start=\"1779\" data-end=\"1806\" data-col-size=\"sm\">T\u00ean s\u1ea3n ph\u1ea9m<\/td>\n<td data-start=\"1806\" data-end=\"1848\" data-col-size=\"sm\">Nozzle Wiper Module Combo Pack<\/td>\n<\/tr>\n<tr data-start=\"1849\" data-end=\"1918\">\n<td data-start=\"1849\" data-end=\"1876\" data-col-size=\"sm\">M\u00e3 s\u1ea3n ph\u1ea9m<\/td>\n<td data-start=\"1876\" data-end=\"1918\" data-col-size=\"sm\">4007010221<\/td>\n<\/tr>\n<tr data-start=\"1919\" data-end=\"1987\">\n<td data-start=\"1919\" data-end=\"1946\" data-col-size=\"sm\">T\u01b0\u01a1ng th\u00edch<\/td>\n<td data-start=\"1946\" data-end=\"1987\" data-col-size=\"sm\">3D Printer <strong data-start=\"1958\" data-end=\"1973\">Creality Hi<\/strong><\/td>\n<\/tr>\n<tr data-start=\"1988\" data-end=\"2057\">\n<td data-start=\"1988\" data-end=\"2015\" data-col-size=\"sm\">K\u00edch th\u01b0\u1edbc \u0111\u00f3ng g\u00f3i<\/td>\n<td data-start=\"2015\" data-end=\"2057\" data-col-size=\"sm\">190 \u00d7 80 \u00d7 3.7 mm<\/td>\n<\/tr>\n<tr data-start=\"2058\" data-end=\"2127\">\n<td data-start=\"2058\" data-end=\"2085\" data-col-size=\"sm\">Tr\u1ecdng l\u01b0\u1ee3ng t\u1ecbnh (N.W.)<\/td>\n<td data-start=\"2085\" data-end=\"2127\" data-col-size=\"sm\">6g<\/td>\n<\/tr>\n<tr data-start=\"2128\" data-end=\"2197\">\n<td data-start=\"2128\" data-end=\"2155\" data-col-size=\"sm\">Tr\u1ecdng l\u01b0\u1ee3ng \u0111\u00f3ng g\u00f3i<\/td>\n<td data-start=\"2155\" data-end=\"2197\" data-col-size=\"sm\">8g<\/td>\n<\/tr>\n<\/tbody>\n<\/table>\n<div class=\"sticky end-(--thread-content-margin) h-0 self-end select-none\">\n<div class=\"absolute end-0 flex items-end\"><\/div>\n<\/div>\n<\/div>\n<\/div>\n<hr data-start=\"2199\" data-end=\"2202\" \/>\n<h3 data-start=\"2204\" data-end=\"2224\">\ud83d\udd27 <strong data-start=\"2211\" data-end=\"2224\">\u1ee8ng d\u1ee5ng:<\/strong><\/h3>\n<p data-start=\"2225\" data-end=\"2377\">Ph\u00f9 h\u1ee3p v\u1edbi m\u1ecdi quy tr\u00ecnh in 3D chuy\u00ean nghi\u1ec7p s\u1eed d\u1ee5ng m\u00e1y <strong data-start=\"2283\" data-end=\"2298\">Creality Hi<\/strong>, \u0111\u1ea3m b\u1ea3o \u0111\u1ea7u phun lu\u00f4n s\u1ea1ch s\u1ebd, in \u1ed5n \u0111\u1ecbnh t\u1eeb l\u1edbp \u0111\u1ea7u ti\u00ean \u0111\u1ebfn khi ho\u00e0n th\u00e0nh.<\/p>\n<blockquote class=\"wp-embedded-content\" data-secret=\"Q208DExaGt\"><p><a href=\"https:\/\/nge.vn\/en\/product\/may-in-3d-fdm-creality-hi-combo\/\">M\u00e1y in 3d FDM Creality Hi Combo t\u1ed1c \u0111\u1ed9 in max 500mm\/s<\/a><\/p><\/blockquote>\n<p><iframe loading=\"lazy\" class=\"wp-embedded-content\" sandbox=\"allow-scripts\" security=\"restricted\" style=\"position: absolute; visibility: hidden;\" title=\"&#8220;M\u00e1y in 3d FDM Creality Hi Combo t\u1ed1c \u0111\u1ed9 in max 500mm\/s&#8221; &#8212; NGE 3D Printers Services\" src=\"https:\/\/nge.vn\/san-pham\/may-in-3d-fdm-creality-hi-combo\/embed\/#?secret=CUSNhyDUDJ#?secret=Q208DExaGt\" data-secret=\"Q208DExaGt\" width=\"600\" height=\"338\" frameborder=\"0\" marginwidth=\"0\" marginheight=\"0\" scrolling=\"no\"><\/iframe><\/p>\n<p>-\u0110\u00e2y l\u00e0 c\u00e1c trang b\u00e1n h\u00e0ng b\u00ean m\u00ecnh NGE 3D Printer Services chuy\u00ean cung c\u1ea5p Nh\u1ef1a in 3D v\u00e0 M\u00e1y in 3D c\u1ee7a H\u00e3ng ESUN, Flsun, BIQU, Creality, eMake3d&#8230;<br \/>\n\ud83d\uded2Shopee =&gt; https:\/\/shopee.vn\/nge3dprinter<br \/>\n\ud83d\uded2Shopee =&gt; https:\/\/shopee.vn\/nge3dservices<br \/>\n\ud83d\uded2Shopee Voron v\u00e0 eMake3D =&gt; https:\/\/shopee.vn\/3dmasterpower<br \/>\n\ud83d\uded2Shopee eMake3D =&gt; https:\/\/shopee.vn\/nge3dprinting<br \/>\n\ud83d\uded2Lazada =&gt; https:\/\/www.lazada.vn\/shop\/nge-3d-printer<br \/>\n\ud83d\uded2Lazada =&gt; https:\/\/www.lazada.vn\/shop\/nge-3d-printer-services<br \/>\n\ud83d\uded2Lazada =&gt; https:\/\/www.lazada.vn\/shop\/emake3d-vn<br \/>\n\ud83d\uded2Webslite Th\u1ebf H\u1ec7 K\u1ebf Ti\u1ebfp =&gt;https:\/\/www.theheketiep.com\/<br \/>\n\ud83d\uded2Webslite NGE.VN =&gt;https:\/\/www.nge.vn\/<br \/>\nHo\u1eb7c b\u1ea1n g\u1ecdi 094.144.0951 g\u1eb7p m\u00ecnh<br \/>\nHo\u1eb7c 0913939775 g\u1eb7p anh Qu\u00e2n<br \/>\n** Price does not include VAT (+8 or 10% if VAT invoice is issued)<\/p>","protected":false},"excerpt":{"rendered":"<p>B\u1ed9 g\u1ea1t lau \u0111\u1ea7u phun cho m\u00e1y in 3D Creality Hi gi\u00fap l\u00e0m s\u1ea1ch nh\u1ef1a d\u01b0 kh\u1ecfi \u0111\u1ea7u \u0111\u00f9n, duy tr\u00ec ch\u1ea5t l\u01b0\u1ee3ng in \u1ed5n \u0111\u1ecbnh. G\u1ecdn nh\u1eb9, d\u1ec5 l\u1eafp \u0111\u1eb7t, d\u1ec5 thao t\u00e1c!<\/p>","protected":false},"featured_media":6490,"comment_status":"open","ping_status":"closed","template":"","meta":{"inline_featured_image":false},"product_brand":[],"product_cat":[40,56],"product_tag":[873,875,497,871,872,874],"class_list":{"0":"post-6488","1":"product","2":"type-product","3":"status-publish","4":"has-post-thumbnail","6":"product_cat-linh-kien-va-phu-kien","7":"product_cat-linh-phu-kien-may-in-3d-creality","8":"product_tag-3dprintercleaner","9":"product_tag-3dprintingaccessories","10":"product_tag-crealityhi","11":"product_tag-crealityupgrade","12":"product_tag-nozzlewiper","13":"product_tag-wipermodule","15":"first","16":"instock","17":"taxable","18":"shipping-taxable","19":"purchasable","20":"product-type-simple"},"yoast_head":"<!-- This site is optimized with the Yoast SEO Premium plugin v22.8 (Yoast SEO v26.9) - https:\/\/yoast.com\/product\/yoast-seo-premium-wordpress\/ -->\n<title>B\u1ed9 G\u1ea1t Lau \u0110\u1ea7u Phun Creality Hi \u2013 Nozzle Wiper Module Combo Pack - NGE 3D Printers Services<\/title>\n<meta name=\"description\" content=\"B\u1ed9 g\u1ea1t lau \u0111\u1ea7u phun cho m\u00e1y in 3D Creality Hi gi\u00fap l\u00e0m s\u1ea1ch nh\u1ef1a d\u01b0 kh\u1ecfi \u0111\u1ea7u \u0111\u00f9n, duy tr\u00ec ch\u1ea5t l\u01b0\u1ee3ng in \u1ed5n \u0111\u1ecbnh. G\u1ecdn nh\u1eb9, d\u1ec5 l\u1eafp \u0111\u1eb7t, d\u1ec5 thao t\u00e1c!\" \/>\n<meta name=\"robots\" content=\"index, follow, max-snippet:-1, max-image-preview:large, max-video-preview:-1\" \/>\n<link rel=\"canonical\" href=\"https:\/\/nge.vn\/en\/product\/bo-gat-lau-dau-phun-creality-hi-nozzle-wiper-module-combo-pack\/\" \/>\n<meta property=\"og:locale\" content=\"en_US\" \/>\n<meta property=\"og:type\" content=\"article\" \/>\n<meta property=\"og:title\" content=\"B\u1ed9 G\u1ea1t Lau \u0110\u1ea7u Phun Creality Hi \u2013 Nozzle Wiper Module Combo Pack\" \/>\n<meta property=\"og:description\" content=\"B\u1ed9 g\u1ea1t lau \u0111\u1ea7u phun cho m\u00e1y in 3D Creality Hi gi\u00fap l\u00e0m s\u1ea1ch nh\u1ef1a d\u01b0 kh\u1ecfi \u0111\u1ea7u \u0111\u00f9n, duy tr\u00ec ch\u1ea5t l\u01b0\u1ee3ng in \u1ed5n \u0111\u1ecbnh. G\u1ecdn nh\u1eb9, d\u1ec5 l\u1eafp \u0111\u1eb7t, d\u1ec5 thao t\u00e1c!\" \/>\n<meta property=\"og:url\" content=\"https:\/\/nge.vn\/en\/product\/bo-gat-lau-dau-phun-creality-hi-nozzle-wiper-module-combo-pack\/\" \/>\n<meta property=\"og:site_name\" content=\"NGE 3D Printers Services\" \/>\n<meta property=\"article:modified_time\" content=\"2025-08-07T07:05:08+00:00\" \/>\n<meta property=\"og:image\" content=\"https:\/\/nge.vn\/wp-content\/uploads\/2025\/08\/sg-11134201-7rdwq-md34pfcuzi066e_tn.jpeg\" \/>\n\t<meta property=\"og:image:width\" content=\"320\" \/>\n\t<meta property=\"og:image:height\" content=\"320\" \/>\n\t<meta property=\"og:image:type\" content=\"image\/jpeg\" \/>\n<meta name=\"twitter:card\" content=\"summary_large_image\" \/>\n<meta name=\"twitter:label1\" content=\"Est. reading time\" \/>\n\t<meta name=\"twitter:data1\" content=\"2 minutes\" \/>\n<script type=\"application\/ld+json\" class=\"yoast-schema-graph\">{\"@context\":\"https:\/\/schema.org\",\"@graph\":[{\"@type\":\"WebPage\",\"@id\":\"https:\/\/nge.vn\/san-pham\/bo-gat-lau-dau-phun-creality-hi-nozzle-wiper-module-combo-pack\/\",\"url\":\"https:\/\/nge.vn\/san-pham\/bo-gat-lau-dau-phun-creality-hi-nozzle-wiper-module-combo-pack\/\",\"name\":\"B\u1ed9 G\u1ea1t Lau \u0110\u1ea7u Phun Creality Hi \u2013 Nozzle Wiper Module Combo Pack - NGE 3D Printers Services\",\"isPartOf\":{\"@id\":\"https:\/\/nge.vn\/#website\"},\"primaryImageOfPage\":{\"@id\":\"https:\/\/nge.vn\/san-pham\/bo-gat-lau-dau-phun-creality-hi-nozzle-wiper-module-combo-pack\/#primaryimage\"},\"image\":{\"@id\":\"https:\/\/nge.vn\/san-pham\/bo-gat-lau-dau-phun-creality-hi-nozzle-wiper-module-combo-pack\/#primaryimage\"},\"thumbnailUrl\":\"https:\/\/nge.vn\/wp-content\/uploads\/2025\/08\/sg-11134201-7rdwq-md34pfcuzi066e_tn.jpeg\",\"datePublished\":\"2025-08-07T07:05:07+00:00\",\"dateModified\":\"2025-08-07T07:05:08+00:00\",\"description\":\"B\u1ed9 g\u1ea1t lau \u0111\u1ea7u phun cho m\u00e1y in 3D Creality Hi gi\u00fap l\u00e0m s\u1ea1ch nh\u1ef1a d\u01b0 kh\u1ecfi \u0111\u1ea7u \u0111\u00f9n, duy tr\u00ec ch\u1ea5t l\u01b0\u1ee3ng in \u1ed5n \u0111\u1ecbnh. G\u1ecdn nh\u1eb9, d\u1ec5 l\u1eafp \u0111\u1eb7t, d\u1ec5 thao t\u00e1c!\",\"breadcrumb\":{\"@id\":\"https:\/\/nge.vn\/san-pham\/bo-gat-lau-dau-phun-creality-hi-nozzle-wiper-module-combo-pack\/#breadcrumb\"},\"inLanguage\":\"en-US\",\"potentialAction\":[{\"@type\":\"ReadAction\",\"target\":[\"https:\/\/nge.vn\/san-pham\/bo-gat-lau-dau-phun-creality-hi-nozzle-wiper-module-combo-pack\/\"]}]},{\"@type\":\"ImageObject\",\"inLanguage\":\"en-US\",\"@id\":\"https:\/\/nge.vn\/san-pham\/bo-gat-lau-dau-phun-creality-hi-nozzle-wiper-module-combo-pack\/#primaryimage\",\"url\":\"https:\/\/nge.vn\/wp-content\/uploads\/2025\/08\/sg-11134201-7rdwq-md34pfcuzi066e_tn.jpeg\",\"contentUrl\":\"https:\/\/nge.vn\/wp-content\/uploads\/2025\/08\/sg-11134201-7rdwq-md34pfcuzi066e_tn.jpeg\",\"width\":320,\"height\":320},{\"@type\":\"BreadcrumbList\",\"@id\":\"https:\/\/nge.vn\/san-pham\/bo-gat-lau-dau-phun-creality-hi-nozzle-wiper-module-combo-pack\/#breadcrumb\",\"itemListElement\":[{\"@type\":\"ListItem\",\"position\":1,\"name\":\"Trang ch\u1ee7\",\"item\":\"https:\/\/nge.vn\/\"},{\"@type\":\"ListItem\",\"position\":2,\"name\":\"S\u1ea3n ph\u1ea9m\",\"item\":\"https:\/\/nge.vn\/san-pham\/\"},{\"@type\":\"ListItem\",\"position\":3,\"name\":\"B\u1ed9 G\u1ea1t Lau \u0110\u1ea7u Phun Creality Hi \u2013 Nozzle Wiper Module Combo Pack\"}]},{\"@type\":\"WebSite\",\"@id\":\"https:\/\/nge.vn\/#website\",\"url\":\"https:\/\/nge.vn\/\",\"name\":\"NGE 3D Printers Services\",\"description\":\"\",\"potentialAction\":[{\"@type\":\"SearchAction\",\"target\":{\"@type\":\"EntryPoint\",\"urlTemplate\":\"https:\/\/nge.vn\/?s={search_term_string}\"},\"query-input\":{\"@type\":\"PropertyValueSpecification\",\"valueRequired\":true,\"valueName\":\"search_term_string\"}}],\"inLanguage\":\"en-US\"}]}<\/script>\n<!-- \/ Yoast SEO Premium plugin. -->","yoast_head_json":{"title":"B\u1ed9 G\u1ea1t Lau \u0110\u1ea7u Phun Creality Hi \u2013 Nozzle Wiper Module Combo Pack - NGE 3D Printers Services","description":"B\u1ed9 g\u1ea1t lau \u0111\u1ea7u phun cho m\u00e1y in 3D Creality Hi gi\u00fap l\u00e0m s\u1ea1ch nh\u1ef1a d\u01b0 kh\u1ecfi \u0111\u1ea7u \u0111\u00f9n, duy tr\u00ec ch\u1ea5t l\u01b0\u1ee3ng in \u1ed5n \u0111\u1ecbnh. G\u1ecdn nh\u1eb9, d\u1ec5 l\u1eafp \u0111\u1eb7t, d\u1ec5 thao t\u00e1c!","robots":{"index":"index","follow":"follow","max-snippet":"max-snippet:-1","max-image-preview":"max-image-preview:large","max-video-preview":"max-video-preview:-1"},"canonical":"https:\/\/nge.vn\/en\/product\/bo-gat-lau-dau-phun-creality-hi-nozzle-wiper-module-combo-pack\/","og_locale":"en_US","og_type":"article","og_title":"B\u1ed9 G\u1ea1t Lau \u0110\u1ea7u Phun Creality Hi \u2013 Nozzle Wiper Module Combo Pack","og_description":"B\u1ed9 g\u1ea1t lau \u0111\u1ea7u phun cho m\u00e1y in 3D Creality Hi gi\u00fap l\u00e0m s\u1ea1ch nh\u1ef1a d\u01b0 kh\u1ecfi \u0111\u1ea7u \u0111\u00f9n, duy tr\u00ec ch\u1ea5t l\u01b0\u1ee3ng in \u1ed5n \u0111\u1ecbnh. G\u1ecdn nh\u1eb9, d\u1ec5 l\u1eafp \u0111\u1eb7t, d\u1ec5 thao t\u00e1c!","og_url":"https:\/\/nge.vn\/en\/product\/bo-gat-lau-dau-phun-creality-hi-nozzle-wiper-module-combo-pack\/","og_site_name":"NGE 3D Printers Services","article_modified_time":"2025-08-07T07:05:08+00:00","og_image":[{"width":320,"height":320,"url":"https:\/\/nge.vn\/wp-content\/uploads\/2025\/08\/sg-11134201-7rdwq-md34pfcuzi066e_tn.jpeg","type":"image\/jpeg"}],"twitter_card":"summary_large_image","twitter_misc":{"Est. reading time":"2 minutes"},"schema":{"@context":"https:\/\/schema.org","@graph":[{"@type":"WebPage","@id":"https:\/\/nge.vn\/san-pham\/bo-gat-lau-dau-phun-creality-hi-nozzle-wiper-module-combo-pack\/","url":"https:\/\/nge.vn\/san-pham\/bo-gat-lau-dau-phun-creality-hi-nozzle-wiper-module-combo-pack\/","name":"B\u1ed9 G\u1ea1t Lau \u0110\u1ea7u Phun Creality Hi \u2013 Nozzle Wiper Module Combo Pack - NGE 3D Printers Services","isPartOf":{"@id":"https:\/\/nge.vn\/#website"},"primaryImageOfPage":{"@id":"https:\/\/nge.vn\/san-pham\/bo-gat-lau-dau-phun-creality-hi-nozzle-wiper-module-combo-pack\/#primaryimage"},"image":{"@id":"https:\/\/nge.vn\/san-pham\/bo-gat-lau-dau-phun-creality-hi-nozzle-wiper-module-combo-pack\/#primaryimage"},"thumbnailUrl":"https:\/\/nge.vn\/wp-content\/uploads\/2025\/08\/sg-11134201-7rdwq-md34pfcuzi066e_tn.jpeg","datePublished":"2025-08-07T07:05:07+00:00","dateModified":"2025-08-07T07:05:08+00:00","description":"B\u1ed9 g\u1ea1t lau \u0111\u1ea7u phun cho m\u00e1y in 3D Creality Hi gi\u00fap l\u00e0m s\u1ea1ch nh\u1ef1a d\u01b0 kh\u1ecfi \u0111\u1ea7u \u0111\u00f9n, duy tr\u00ec ch\u1ea5t l\u01b0\u1ee3ng in \u1ed5n \u0111\u1ecbnh. G\u1ecdn nh\u1eb9, d\u1ec5 l\u1eafp \u0111\u1eb7t, d\u1ec5 thao t\u00e1c!","breadcrumb":{"@id":"https:\/\/nge.vn\/san-pham\/bo-gat-lau-dau-phun-creality-hi-nozzle-wiper-module-combo-pack\/#breadcrumb"},"inLanguage":"en-US","potentialAction":[{"@type":"ReadAction","target":["https:\/\/nge.vn\/san-pham\/bo-gat-lau-dau-phun-creality-hi-nozzle-wiper-module-combo-pack\/"]}]},{"@type":"ImageObject","inLanguage":"en-US","@id":"https:\/\/nge.vn\/san-pham\/bo-gat-lau-dau-phun-creality-hi-nozzle-wiper-module-combo-pack\/#primaryimage","url":"https:\/\/nge.vn\/wp-content\/uploads\/2025\/08\/sg-11134201-7rdwq-md34pfcuzi066e_tn.jpeg","contentUrl":"https:\/\/nge.vn\/wp-content\/uploads\/2025\/08\/sg-11134201-7rdwq-md34pfcuzi066e_tn.jpeg","width":320,"height":320},{"@type":"BreadcrumbList","@id":"https:\/\/nge.vn\/san-pham\/bo-gat-lau-dau-phun-creality-hi-nozzle-wiper-module-combo-pack\/#breadcrumb","itemListElement":[{"@type":"ListItem","position":1,"name":"Trang ch\u1ee7","item":"https:\/\/nge.vn\/"},{"@type":"ListItem","position":2,"name":"S\u1ea3n ph\u1ea9m","item":"https:\/\/nge.vn\/san-pham\/"},{"@type":"ListItem","position":3,"name":"B\u1ed9 G\u1ea1t Lau \u0110\u1ea7u Phun Creality Hi \u2013 Nozzle Wiper Module Combo Pack"}]},{"@type":"WebSite","@id":"https:\/\/nge.vn\/#website","url":"https:\/\/nge.vn\/","name":"NGE 3D Printers Services","description":"","potentialAction":[{"@type":"SearchAction","target":{"@type":"EntryPoint","urlTemplate":"https:\/\/nge.vn\/?s={search_term_string}"},"query-input":{"@type":"PropertyValueSpecification","valueRequired":true,"valueName":"search_term_string"}}],"inLanguage":"en-US"}]}},"_links":{"self":[{"href":"https:\/\/nge.vn\/en\/wp-json\/wp\/v2\/product\/6488","targetHints":{"allow":["GET"]}}],"collection":[{"href":"https:\/\/nge.vn\/en\/wp-json\/wp\/v2\/product"}],"about":[{"href":"https:\/\/nge.vn\/en\/wp-json\/wp\/v2\/types\/product"}],"replies":[{"embeddable":true,"href":"https:\/\/nge.vn\/en\/wp-json\/wp\/v2\/comments?post=6488"}],"wp:featuredmedia":[{"embeddable":true,"href":"https:\/\/nge.vn\/en\/wp-json\/wp\/v2\/media\/6490"}],"wp:attachment":[{"href":"https:\/\/nge.vn\/en\/wp-json\/wp\/v2\/media?parent=6488"}],"wp:term":[{"taxonomy":"product_brand","embeddable":true,"href":"https:\/\/nge.vn\/en\/wp-json\/wp\/v2\/product_brand?post=6488"},{"taxonomy":"product_cat","embeddable":true,"href":"https:\/\/nge.vn\/en\/wp-json\/wp\/v2\/product_cat?post=6488"},{"taxonomy":"product_tag","embeddable":true,"href":"https:\/\/nge.vn\/en\/wp-json\/wp\/v2\/product_tag?post=6488"}],"curies":[{"name":"wp","href":"https:\/\/api.w.org\/{rel}","templated":true}]}}