{"id":648,"date":"2024-10-25T13:11:00","date_gmt":"2024-10-25T06:11:00","guid":{"rendered":"https:\/\/nge.123websitedev.com\/san-pham\/man-hinh-lcd-4k-monochorme-for-anycubic-photon-mono-x\/"},"modified":"2024-10-29T17:19:40","modified_gmt":"2024-10-29T10:19:40","slug":"man-hinh-lcd-4k-monochorme-for-anycubic-photon-mono-x","status":"publish","type":"product","link":"https:\/\/nge.vn\/en\/product\/man-hinh-lcd-4k-monochorme-for-anycubic-photon-mono-x\/","title":{"rendered":"M\u00e0n h\u00ecnh LCD 4K Monochorme for Anycubic Photon Mono X"},"content":{"rendered":"<p>M\u00e0n h\u00ecnh LCD 4K Monochorme for Anycubic Photon Mono X<br \/>\n**L\u01afU \u00dd: Anycubic Photon Mono X s\u1eed d\u1ee5ng 2 lo\u1ea1i m\u00e0n h\u00ecnh tr\u00ean c\u00e1c l\u00f4 kh\u00e1c nhau, ch\u00fang \u0111\u1ec1u l\u00e0 8.9inch 4K mono LCD. M\u1ed9t l\u00e0 TM089CFSP01 M\u1ed9t c\u00e1i kh\u00e1c l\u00e0 PJ089Y2V5. Vui l\u00f2ng ch\u1ecdn \u0111\u00fang lo\u1ea1i theo m\u00e0n m\u00e0n h\u00ecnh g\u1ed1c m\u00e1y in c\u1ee7a b\u1ea1n n\u1ebfu kh\u00f4ng n\u00f3 s\u1ebd kh\u00f4ng t\u01b0\u01a1ng th\u00edch v\u00e0 kh\u00f4ng ho\u1ea1t \u0111\u1ed9ng.<\/p>\n<p>***Vui l\u00f2ng ki\u1ec3m tra tr\u01b0\u1edbc khi \u0111\u1eb7t h\u00e0ng, m\u00e0n h\u00ecnh \u0111\u00e3 m\u1edf ra n\u1ebfu kh\u00f4ng c\u00f3 quay video s\u1ebd kh\u00f4ng \u0111\u01b0\u1ee3c \u0111\u1ed5i tr\u1ea3. Xin c\u1ea3m \u01a1n<\/p>\n<p>**Video h\u01b0\u1edbng d\u1eabn thay m\u00e0n h\u00ecnh (c\u1ea3 2 m\u00e0n h\u00ecnh \u0111\u1ec1u c\u00f3 c\u00e1ch thay t\u01b0\u01a1ng t\u1ef1 nhau):<br \/>\n<iframe loading=\"lazy\" title=\"Replace monochrome  LCD screen for Photon Mono X\" width=\"1020\" height=\"574\" src=\"https:\/\/www.youtube.com\/embed\/txO2IKfG548?start=44&#038;feature=oembed\" frameborder=\"0\" allow=\"accelerometer; autoplay; clipboard-write; encrypted-media; gyroscope; picture-in-picture; web-share\" referrerpolicy=\"strict-origin-when-cross-origin\" allowfullscreen><\/iframe><\/p>\n<p>**\u0110\u1ec3 \u0111\u01b0\u1ee3c nh\u1eadn h\u1ed9 tr\u1ee3 th\u00eam v\u1ec1 Gi\u00e1 v\u00e0 Th\u00f4ng tin c\u1ee7a s\u1ea3n ph\u1ea9m, vui l\u00f2ng li\u00ean h\u1ec7:<br \/>\n0913.939.775 g\u1eb7p A. Qu\u00e2n (for English)<br \/>\n094.144.0951 contact A.Quynh<br \/>\n**Selling price does not include VAT (+10% if VAT invoice is issued)<\/p>","protected":false},"excerpt":{"rendered":"<p>M\u00e0n h\u00ecnh LCD 4K Monochorme for Anycubic Photon Mono X<\/p>","protected":false},"featured_media":639,"comment_status":"open","ping_status":"closed","template":"","meta":{"inline_featured_image":false},"product_brand":[],"product_cat":[462,40],"product_tag":[],"class_list":{"0":"post-648","1":"product","2":"type-product","3":"status-publish","4":"has-post-thumbnail","6":"product_cat-board-va-man-hinh-dieu-khien","7":"product_cat-linh-kien-va-phu-kien","9":"first","10":"instock","11":"taxable","12":"shipping-taxable","13":"purchasable","14":"product-type-variable"},"yoast_head":"<!-- This site is optimized with the Yoast SEO Premium plugin v22.8 (Yoast SEO v26.9) - https:\/\/yoast.com\/product\/yoast-seo-premium-wordpress\/ -->\n<title>M\u00e0n h\u00ecnh LCD 4K Monochorme for Anycubic Photon Mono X - NGE 3D Printers Services<\/title>\n<meta name=\"robots\" content=\"index, follow, max-snippet:-1, max-image-preview:large, max-video-preview:-1\" \/>\n<link rel=\"canonical\" href=\"https:\/\/nge.vn\/en\/product\/man-hinh-lcd-4k-monochorme-for-anycubic-photon-mono-x\/\" \/>\n<meta property=\"og:locale\" content=\"en_US\" \/>\n<meta property=\"og:type\" content=\"article\" \/>\n<meta property=\"og:title\" content=\"M\u00e0n h\u00ecnh LCD 4K Monochorme for Anycubic Photon Mono X\" \/>\n<meta property=\"og:description\" content=\"M\u00e0n h\u00ecnh LCD 4K Monochorme for Anycubic Photon Mono X\" \/>\n<meta property=\"og:url\" content=\"https:\/\/nge.vn\/en\/product\/man-hinh-lcd-4k-monochorme-for-anycubic-photon-mono-x\/\" \/>\n<meta property=\"og:site_name\" content=\"NGE 3D Printers Services\" \/>\n<meta property=\"article:modified_time\" content=\"2024-10-29T10:19:40+00:00\" \/>\n<meta property=\"og:image\" content=\"https:\/\/nge.vn\/wp-content\/uploads\/2024\/10\/images-upload-woo2Fdd2391b8629679ba8e6e27bb1d44e6a6.jpg\" \/>\n\t<meta property=\"og:image:width\" content=\"650\" \/>\n\t<meta property=\"og:image:height\" content=\"650\" \/>\n\t<meta property=\"og:image:type\" content=\"image\/jpeg\" \/>\n<meta name=\"twitter:card\" content=\"summary_large_image\" \/>\n<meta name=\"twitter:label1\" content=\"Est. reading time\" \/>\n\t<meta name=\"twitter:data1\" content=\"1 minute\" \/>\n<script type=\"application\/ld+json\" class=\"yoast-schema-graph\">{\"@context\":\"https:\/\/schema.org\",\"@graph\":[{\"@type\":\"WebPage\",\"@id\":\"https:\/\/nge.vn\/san-pham\/man-hinh-lcd-4k-monochorme-for-anycubic-photon-mono-x\/\",\"url\":\"https:\/\/nge.vn\/san-pham\/man-hinh-lcd-4k-monochorme-for-anycubic-photon-mono-x\/\",\"name\":\"M\u00e0n h\u00ecnh LCD 4K Monochorme for Anycubic Photon Mono X - NGE 3D Printers Services\",\"isPartOf\":{\"@id\":\"https:\/\/nge.vn\/#website\"},\"primaryImageOfPage\":{\"@id\":\"https:\/\/nge.vn\/san-pham\/man-hinh-lcd-4k-monochorme-for-anycubic-photon-mono-x\/#primaryimage\"},\"image\":{\"@id\":\"https:\/\/nge.vn\/san-pham\/man-hinh-lcd-4k-monochorme-for-anycubic-photon-mono-x\/#primaryimage\"},\"thumbnailUrl\":\"https:\/\/nge.vn\/wp-content\/uploads\/2024\/10\/images-upload-woo2Fdd2391b8629679ba8e6e27bb1d44e6a6.jpg\",\"datePublished\":\"2024-10-25T06:11:00+00:00\",\"dateModified\":\"2024-10-29T10:19:40+00:00\",\"breadcrumb\":{\"@id\":\"https:\/\/nge.vn\/san-pham\/man-hinh-lcd-4k-monochorme-for-anycubic-photon-mono-x\/#breadcrumb\"},\"inLanguage\":\"en-US\",\"potentialAction\":[{\"@type\":\"ReadAction\",\"target\":[\"https:\/\/nge.vn\/san-pham\/man-hinh-lcd-4k-monochorme-for-anycubic-photon-mono-x\/\"]}]},{\"@type\":\"ImageObject\",\"inLanguage\":\"en-US\",\"@id\":\"https:\/\/nge.vn\/san-pham\/man-hinh-lcd-4k-monochorme-for-anycubic-photon-mono-x\/#primaryimage\",\"url\":\"https:\/\/nge.vn\/wp-content\/uploads\/2024\/10\/images-upload-woo2Fdd2391b8629679ba8e6e27bb1d44e6a6.jpg\",\"contentUrl\":\"https:\/\/nge.vn\/wp-content\/uploads\/2024\/10\/images-upload-woo2Fdd2391b8629679ba8e6e27bb1d44e6a6.jpg\",\"width\":650,\"height\":650},{\"@type\":\"BreadcrumbList\",\"@id\":\"https:\/\/nge.vn\/san-pham\/man-hinh-lcd-4k-monochorme-for-anycubic-photon-mono-x\/#breadcrumb\",\"itemListElement\":[{\"@type\":\"ListItem\",\"position\":1,\"name\":\"Trang ch\u1ee7\",\"item\":\"https:\/\/nge.vn\/\"},{\"@type\":\"ListItem\",\"position\":2,\"name\":\"S\u1ea3n ph\u1ea9m\",\"item\":\"https:\/\/nge.vn\/san-pham\/\"},{\"@type\":\"ListItem\",\"position\":3,\"name\":\"M\u00e0n h\u00ecnh LCD 4K Monochorme for Anycubic Photon Mono X\"}]},{\"@type\":\"WebSite\",\"@id\":\"https:\/\/nge.vn\/#website\",\"url\":\"https:\/\/nge.vn\/\",\"name\":\"NGE 3D Printers Services\",\"description\":\"\",\"potentialAction\":[{\"@type\":\"SearchAction\",\"target\":{\"@type\":\"EntryPoint\",\"urlTemplate\":\"https:\/\/nge.vn\/?s={search_term_string}\"},\"query-input\":{\"@type\":\"PropertyValueSpecification\",\"valueRequired\":true,\"valueName\":\"search_term_string\"}}],\"inLanguage\":\"en-US\"}]}<\/script>\n<!-- \/ Yoast SEO Premium plugin. -->","yoast_head_json":{"title":"M\u00e0n h\u00ecnh LCD 4K Monochorme for Anycubic Photon Mono X - NGE 3D Printers Services","robots":{"index":"index","follow":"follow","max-snippet":"max-snippet:-1","max-image-preview":"max-image-preview:large","max-video-preview":"max-video-preview:-1"},"canonical":"https:\/\/nge.vn\/en\/product\/man-hinh-lcd-4k-monochorme-for-anycubic-photon-mono-x\/","og_locale":"en_US","og_type":"article","og_title":"M\u00e0n h\u00ecnh LCD 4K Monochorme for Anycubic Photon Mono X","og_description":"M\u00e0n h\u00ecnh LCD 4K Monochorme for Anycubic Photon Mono X","og_url":"https:\/\/nge.vn\/en\/product\/man-hinh-lcd-4k-monochorme-for-anycubic-photon-mono-x\/","og_site_name":"NGE 3D Printers Services","article_modified_time":"2024-10-29T10:19:40+00:00","og_image":[{"width":650,"height":650,"url":"https:\/\/nge.vn\/wp-content\/uploads\/2024\/10\/images-upload-woo2Fdd2391b8629679ba8e6e27bb1d44e6a6.jpg","type":"image\/jpeg"}],"twitter_card":"summary_large_image","twitter_misc":{"Est. reading time":"1 minute"},"schema":{"@context":"https:\/\/schema.org","@graph":[{"@type":"WebPage","@id":"https:\/\/nge.vn\/san-pham\/man-hinh-lcd-4k-monochorme-for-anycubic-photon-mono-x\/","url":"https:\/\/nge.vn\/san-pham\/man-hinh-lcd-4k-monochorme-for-anycubic-photon-mono-x\/","name":"M\u00e0n h\u00ecnh LCD 4K Monochorme for Anycubic Photon Mono X - NGE 3D Printers Services","isPartOf":{"@id":"https:\/\/nge.vn\/#website"},"primaryImageOfPage":{"@id":"https:\/\/nge.vn\/san-pham\/man-hinh-lcd-4k-monochorme-for-anycubic-photon-mono-x\/#primaryimage"},"image":{"@id":"https:\/\/nge.vn\/san-pham\/man-hinh-lcd-4k-monochorme-for-anycubic-photon-mono-x\/#primaryimage"},"thumbnailUrl":"https:\/\/nge.vn\/wp-content\/uploads\/2024\/10\/images-upload-woo2Fdd2391b8629679ba8e6e27bb1d44e6a6.jpg","datePublished":"2024-10-25T06:11:00+00:00","dateModified":"2024-10-29T10:19:40+00:00","breadcrumb":{"@id":"https:\/\/nge.vn\/san-pham\/man-hinh-lcd-4k-monochorme-for-anycubic-photon-mono-x\/#breadcrumb"},"inLanguage":"en-US","potentialAction":[{"@type":"ReadAction","target":["https:\/\/nge.vn\/san-pham\/man-hinh-lcd-4k-monochorme-for-anycubic-photon-mono-x\/"]}]},{"@type":"ImageObject","inLanguage":"en-US","@id":"https:\/\/nge.vn\/san-pham\/man-hinh-lcd-4k-monochorme-for-anycubic-photon-mono-x\/#primaryimage","url":"https:\/\/nge.vn\/wp-content\/uploads\/2024\/10\/images-upload-woo2Fdd2391b8629679ba8e6e27bb1d44e6a6.jpg","contentUrl":"https:\/\/nge.vn\/wp-content\/uploads\/2024\/10\/images-upload-woo2Fdd2391b8629679ba8e6e27bb1d44e6a6.jpg","width":650,"height":650},{"@type":"BreadcrumbList","@id":"https:\/\/nge.vn\/san-pham\/man-hinh-lcd-4k-monochorme-for-anycubic-photon-mono-x\/#breadcrumb","itemListElement":[{"@type":"ListItem","position":1,"name":"Trang ch\u1ee7","item":"https:\/\/nge.vn\/"},{"@type":"ListItem","position":2,"name":"S\u1ea3n ph\u1ea9m","item":"https:\/\/nge.vn\/san-pham\/"},{"@type":"ListItem","position":3,"name":"M\u00e0n h\u00ecnh LCD 4K Monochorme for Anycubic Photon Mono X"}]},{"@type":"WebSite","@id":"https:\/\/nge.vn\/#website","url":"https:\/\/nge.vn\/","name":"NGE 3D Printers Services","description":"","potentialAction":[{"@type":"SearchAction","target":{"@type":"EntryPoint","urlTemplate":"https:\/\/nge.vn\/?s={search_term_string}"},"query-input":{"@type":"PropertyValueSpecification","valueRequired":true,"valueName":"search_term_string"}}],"inLanguage":"en-US"}]}},"_links":{"self":[{"href":"https:\/\/nge.vn\/en\/wp-json\/wp\/v2\/product\/648","targetHints":{"allow":["GET"]}}],"collection":[{"href":"https:\/\/nge.vn\/en\/wp-json\/wp\/v2\/product"}],"about":[{"href":"https:\/\/nge.vn\/en\/wp-json\/wp\/v2\/types\/product"}],"replies":[{"embeddable":true,"href":"https:\/\/nge.vn\/en\/wp-json\/wp\/v2\/comments?post=648"}],"wp:featuredmedia":[{"embeddable":true,"href":"https:\/\/nge.vn\/en\/wp-json\/wp\/v2\/media\/639"}],"wp:attachment":[{"href":"https:\/\/nge.vn\/en\/wp-json\/wp\/v2\/media?parent=648"}],"wp:term":[{"taxonomy":"product_brand","embeddable":true,"href":"https:\/\/nge.vn\/en\/wp-json\/wp\/v2\/product_brand?post=648"},{"taxonomy":"product_cat","embeddable":true,"href":"https:\/\/nge.vn\/en\/wp-json\/wp\/v2\/product_cat?post=648"},{"taxonomy":"product_tag","embeddable":true,"href":"https:\/\/nge.vn\/en\/wp-json\/wp\/v2\/product_tag?post=648"}],"curies":[{"name":"wp","href":"https:\/\/api.w.org\/{rel}","templated":true}]}}