{"id":6478,"date":"2025-08-07T11:58:51","date_gmt":"2025-08-07T04:58:51","guid":{"rendered":"https:\/\/nge.vn\/?post_type=product&#038;p=6478"},"modified":"2025-08-16T10:27:47","modified_gmt":"2025-08-16T03:27:47","slug":"bo-khoi-gia-nhiet-gom-ceramic-heating-block-kit-cho-may-in-3d-creality-hi","status":"publish","type":"product","link":"https:\/\/nge.vn\/en\/product\/bo-khoi-gia-nhiet-gom-ceramic-heating-block-kit-cho-may-in-3d-creality-hi\/","title":{"rendered":"B\u1ed9 kh\u1ed1i gia nhi\u1ec7t g\u1ed1m Ceramic Heating Block Kit cho m\u00e1y in 3d Creality Hi"},"content":{"rendered":"<h3 data-start=\"957\" data-end=\"1060\">\ud83d\udd25 <strong data-start=\"964\" data-end=\"1060\">B\u1ed9 Kh\u1ed1i Gia Nhi\u1ec7t G\u1ed1m Ceramic Heating Block Kit \u2013 T\u1ed1i \u01afu Hi\u1ec7u Su\u1ea5t In 3D Cho M\u00e1y Creality Hi<\/strong><\/h3>\n<p data-start=\"1062\" data-end=\"1281\"><strong data-start=\"1062\" data-end=\"1091\">Ceramic Heating Block Kit<\/strong> l\u00e0 b\u1ed9 n\u00e2ng c\u1ea5p nhi\u1ec7t l\u00fd t\u01b0\u1edfng d\u00e0nh cho m\u00e1y in 3D <strong data-start=\"1141\" data-end=\"1156\">Creality Hi<\/strong>, gi\u00fap t\u0103ng c\u01b0\u1eddng \u0111\u1ed9 \u1ed5n \u0111\u1ecbnh in, c\u1ea3i thi\u1ec7n t\u1ed1c \u0111\u1ed9 l\u00e0m n\u00f3ng v\u00e0 m\u1edf r\u1ed9ng kh\u1ea3 n\u0103ng in \u0111a v\u1eadt li\u1ec7u v\u1edbi nhi\u1ec7t \u0111\u1ed9 l\u00ean t\u1edbi <strong data-start=\"1271\" data-end=\"1280\">300\u00b0C<\/strong>.<\/p>\n<hr data-start=\"1283\" data-end=\"1286\" \/>\n<h3 data-start=\"1288\" data-end=\"1315\">\u2705 <strong data-start=\"1294\" data-end=\"1315\">\u0110\u1eb7c \u0111i\u1ec3m n\u1ed5i b\u1eadt:<\/strong><\/h3>\n<ul data-start=\"1317\" data-end=\"2100\">\n<li data-start=\"1317\" data-end=\"1438\">\n<p data-start=\"1319\" data-end=\"1438\"><strong data-start=\"1319\" data-end=\"1344\">D\u1eabn nhi\u1ec7t nhanh, \u0111\u1ec1u:<\/strong> Thi\u1ebft k\u1ebf <strong data-start=\"1354\" data-end=\"1372\">bao quanh 360\u00b0<\/strong> gi\u00fap truy\u1ec1n nhi\u1ec7t \u1ed5n \u0111\u1ecbnh, gi\u1ea3m t\u00ecnh tr\u1ea1ng gia nhi\u1ec7t kh\u00f4ng \u0111\u1ec1u.<\/p>\n<\/li>\n<li data-start=\"1439\" data-end=\"1547\">\n<p data-start=\"1441\" data-end=\"1547\"><strong data-start=\"1441\" data-end=\"1466\">Ch\u1ecbu nhi\u1ec7t cao 300\u00b0C:<\/strong> T\u01b0\u01a1ng th\u00edch v\u1edbi c\u00e1c v\u1eadt li\u1ec7u y\u00eau c\u1ea7u nhi\u1ec7t \u0111\u1ed9 cao nh\u01b0 <strong data-start=\"1521\" data-end=\"1542\">PA-CF, PET-CF, PC<\/strong>&#8230;<\/p>\n<\/li>\n<li data-start=\"1548\" data-end=\"1853\">\n<p data-start=\"1550\" data-end=\"1587\"><strong data-start=\"1550\" data-end=\"1585\">T\u00edch h\u1ee3p \u0111\u1ea7u phun &amp; ng\u1eaft nhi\u1ec7t:<\/strong><\/p>\n<ul data-start=\"1590\" data-end=\"1853\">\n<li data-start=\"1590\" data-end=\"1673\">\n<p data-start=\"1592\" data-end=\"1673\">\u0110\u1ea7u phun l\u00e0m b\u1eb1ng <strong data-start=\"1610\" data-end=\"1628\">th\u00e9p t\u00f4i SKD11<\/strong>, \u0111\u1ed9 c\u1ee9ng <strong data-start=\"1638\" data-end=\"1650\">Mohs 7.8<\/strong>, tu\u1ed5i th\u1ecd g\u1ea5p 6 l\u1ea7n.<\/p>\n<\/li>\n<li data-start=\"1676\" data-end=\"1765\">\n<p data-start=\"1678\" data-end=\"1765\">B\u1ed9 ng\u1eaft nhi\u1ec7t b\u1eb1ng <strong data-start=\"1697\" data-end=\"1714\">h\u1ee3p kim titan<\/strong>, h\u1ea1n ch\u1ebf truy\u1ec1n nhi\u1ec7t ng\u01b0\u1ee3c, gi\u1eef nhi\u1ec7t hi\u1ec7u qu\u1ea3.<\/p>\n<\/li>\n<li data-start=\"1768\" data-end=\"1853\">\n<p data-start=\"1770\" data-end=\"1853\">H\u1ee3p kim \u0111\u1ed3ng c\u00f3 h\u1ec7 s\u1ed1 d\u1eabn nhi\u1ec7t cao <strong data-start=\"1806\" data-end=\"1819\">330 W\/m-K<\/strong> gi\u00fap ph\u00e2n b\u1ed1 nhi\u1ec7t nhanh ch\u00f3ng.<\/p>\n<\/li>\n<\/ul>\n<\/li>\n<li data-start=\"1854\" data-end=\"2100\">\n<p data-start=\"1856\" data-end=\"1896\"><strong data-start=\"1856\" data-end=\"1894\">C\u01a1 kh\u00ed ch\u00ednh x\u00e1c, l\u1eafp \u0111\u1eb7t d\u1ec5 d\u00e0ng:<\/strong><\/p>\n<ul data-start=\"1899\" data-end=\"2100\">\n<li data-start=\"1899\" data-end=\"1959\">\n<p data-start=\"1901\" data-end=\"1959\">L\u1ed7 m\u1ecbn Ra &lt;0.4 gi\u00fap <strong data-start=\"1921\" data-end=\"1957\">c\u1ea5p s\u1ee3i nh\u1ef1a tr\u01a1n tru, kh\u00f4ng k\u1eb9t<\/strong><\/p>\n<\/li>\n<li data-start=\"1962\" data-end=\"2024\">\n<p data-start=\"1964\" data-end=\"2024\">C\u00e1c kh\u1edbp n\u1ed1i <strong data-start=\"1977\" data-end=\"2003\">kh\u00edt ch\u1eb7t, ch\u1ed1ng r\u00f2 r\u1ec9<\/strong> trong qu\u00e1 tr\u00ecnh in<\/p>\n<\/li>\n<li data-start=\"2027\" data-end=\"2100\">\n<p data-start=\"2029\" data-end=\"2100\">D\u00e2y gia nhi\u1ec7t <strong data-start=\"2043\" data-end=\"2065\">ba chi\u1ec1u bao quanh<\/strong>, \u1ed5n \u0111\u1ecbnh h\u01a1n c\u00e1c lo\u1ea1i th\u00f4ng th\u01b0\u1eddng<\/p>\n<\/li>\n<\/ul>\n<\/li>\n<\/ul>\n<hr data-start=\"2102\" data-end=\"2105\" \/>\n<h3 data-start=\"2107\" data-end=\"2145\">\ud83d\udce6 <strong data-start=\"2114\" data-end=\"2145\">Th\u00f4ng s\u1ed1 k\u1ef9 thu\u1eadt s\u1ea3n ph\u1ea9m:<\/strong><\/h3>\n<div class=\"_tableContainer_16hzy_1\">\n<div class=\"_tableWrapper_16hzy_14 group flex w-fit flex-col-reverse\" tabindex=\"-1\">\n<table class=\"w-fit min-w-(--thread-content-width)\" data-start=\"2147\" data-end=\"3205\">\n<thead data-start=\"2147\" data-end=\"2226\">\n<tr data-start=\"2147\" data-end=\"2226\">\n<th data-start=\"2147\" data-end=\"2182\" data-col-size=\"sm\"><strong data-start=\"2149\" data-end=\"2163\">Thu\u1ed9c t\u00ednh<\/strong><\/th>\n<th data-start=\"2182\" data-end=\"2226\" data-col-size=\"md\"><strong data-start=\"2184\" data-end=\"2196\">Chi ti\u1ebft<\/strong><\/th>\n<\/tr>\n<\/thead>\n<tbody data-start=\"2308\" data-end=\"3205\">\n<tr data-start=\"2308\" data-end=\"2388\">\n<td data-start=\"2308\" data-end=\"2343\" data-col-size=\"sm\">T\u00ean s\u1ea3n ph\u1ea9m<\/td>\n<td data-start=\"2343\" data-end=\"2388\" data-col-size=\"md\">Ceramic Heating Block Kit<\/td>\n<\/tr>\n<tr data-start=\"2389\" data-end=\"2469\">\n<td data-start=\"2389\" data-end=\"2424\" data-col-size=\"sm\">M\u00e3 s\u1ea3n ph\u1ea9m<\/td>\n<td data-start=\"2424\" data-end=\"2469\" data-col-size=\"md\">4001030150<\/td>\n<\/tr>\n<tr data-start=\"2470\" data-end=\"2549\">\n<td data-start=\"2470\" data-end=\"2505\" data-col-size=\"sm\">T\u01b0\u01a1ng th\u00edch<\/td>\n<td data-start=\"2505\" data-end=\"2549\" data-col-size=\"md\">3D Printer <strong data-start=\"2517\" data-end=\"2532\">Creality Hi<\/strong><\/td>\n<\/tr>\n<tr data-start=\"2550\" data-end=\"2630\">\n<td data-start=\"2550\" data-end=\"2585\" data-col-size=\"sm\">\u0110\u1ea7u phun<\/td>\n<td data-start=\"2585\" data-end=\"2630\" data-col-size=\"md\">0.4mm \u00d7 1 (th\u00e9p t\u00f4i SKD11)<\/td>\n<\/tr>\n<tr data-start=\"2631\" data-end=\"2711\">\n<td data-start=\"2631\" data-end=\"2666\" data-col-size=\"sm\">C\u00f4ng su\u1ea5t gia nhi\u1ec7t<\/td>\n<td data-start=\"2666\" data-end=\"2711\" data-col-size=\"md\">50W<\/td>\n<\/tr>\n<tr data-start=\"2712\" data-end=\"2792\">\n<td data-start=\"2712\" data-end=\"2747\" data-col-size=\"sm\">Nhi\u1ec7t \u0111\u1ed9 t\u1ed1i \u0111a<\/td>\n<td data-start=\"2747\" data-end=\"2792\" data-col-size=\"md\">300\u00b0C<\/td>\n<\/tr>\n<tr data-start=\"2793\" data-end=\"2873\">\n<td data-start=\"2793\" data-end=\"2828\" data-col-size=\"sm\">Tr\u1ecdng l\u01b0\u1ee3ng s\u1ea3n ph\u1ea9m<\/td>\n<td data-start=\"2828\" data-end=\"2873\" data-col-size=\"md\">45g<\/td>\n<\/tr>\n<tr data-start=\"2874\" data-end=\"2954\">\n<td data-start=\"2874\" data-end=\"2909\" data-col-size=\"sm\">K\u00edch th\u01b0\u1edbc \u0111\u00f3ng g\u00f3i<\/td>\n<td data-start=\"2909\" data-end=\"2954\" data-col-size=\"md\">150 \u00d7 90 \u00d7 30mm<\/td>\n<\/tr>\n<tr data-start=\"2955\" data-end=\"3035\">\n<td data-start=\"2955\" data-end=\"2990\" data-col-size=\"sm\">Tr\u1ecdng l\u01b0\u1ee3ng \u0111\u00f3ng g\u00f3i<\/td>\n<td data-start=\"2990\" data-end=\"3035\" data-col-size=\"md\">0.05kg<\/td>\n<\/tr>\n<tr data-start=\"3036\" data-end=\"3115\">\n<td data-start=\"3036\" data-end=\"3070\" data-col-size=\"sm\">\u0110\u01b0\u1eddng k\u00ednh s\u1ee3i nh\u1ef1a h\u1ed7 tr\u1ee3<\/td>\n<td data-start=\"3070\" data-end=\"3115\" data-col-size=\"md\">\u00d81.75 \u00b1 0.05mm<\/td>\n<\/tr>\n<tr data-start=\"3116\" data-end=\"3205\">\n<td data-start=\"3116\" data-end=\"3151\" data-col-size=\"sm\">V\u1eadt li\u1ec7u t\u01b0\u01a1ng th\u00edch<\/td>\n<td data-start=\"3151\" data-end=\"3205\" data-col-size=\"md\">PLA, ABS, PETG, TPU, PA, PC, PLA-CF, PA-CF, PET-CF<\/td>\n<\/tr>\n<\/tbody>\n<\/table>\n<div class=\"sticky end-(--thread-content-margin) h-0 self-end select-none\">\n<div class=\"absolute end-0 flex items-end\"><\/div>\n<\/div>\n<\/div>\n<\/div>\n<hr data-start=\"3207\" data-end=\"3210\" \/>\n<h3 data-start=\"3212\" data-end=\"3252\">\ud83d\udda8\ufe0f <strong data-start=\"3220\" data-end=\"3252\">Kh\u1ea3 n\u0103ng \u1ee9ng d\u1ee5ng v\u01b0\u1ee3t tr\u1ed9i:<\/strong><\/h3>\n<p data-start=\"3253\" data-end=\"3430\">Ph\u00f9 h\u1ee3p cho c\u1ea3 in m\u1eabu c\u01a1 b\u1ea3n v\u00e0 in k\u1ef9 thu\u1eadt, y\u00eau c\u1ea7u ch\u00ednh x\u00e1c, nhi\u1ec7t cao, t\u1ed1c \u0111\u1ed9 \u1ed5n \u0111\u1ecbnh. S\u1ea3n ph\u1ea9m l\u00fd t\u01b0\u1edfng cho ng\u01b0\u1eddi d\u00f9ng c\u1ea7n hi\u1ec7u su\u1ea5t cao, \u0111\u1ed9 b\u1ec1n l\u00e2u v\u00e0 in \u0111a d\u1ea1ng v\u1eadt li\u1ec7u.<\/p>\n<blockquote class=\"wp-embedded-content\" data-secret=\"761Q6Ll62y\"><p><a href=\"https:\/\/nge.vn\/en\/product\/may-in-3d-fdm-creality-hi-combo\/\">M\u00e1y in 3d FDM Creality Hi Combo t\u1ed1c \u0111\u1ed9 in max 500mm\/s<\/a><\/p><\/blockquote>\n<p><iframe loading=\"lazy\" class=\"wp-embedded-content\" sandbox=\"allow-scripts\" security=\"restricted\" style=\"position: absolute; visibility: hidden;\" title=\"&#8220;M\u00e1y in 3d FDM Creality Hi Combo t\u1ed1c \u0111\u1ed9 in max 500mm\/s&#8221; &#8212; NGE 3D Printers Services\" src=\"https:\/\/nge.vn\/san-pham\/may-in-3d-fdm-creality-hi-combo\/embed\/#?secret=2eiJ74tobG#?secret=761Q6Ll62y\" data-secret=\"761Q6Ll62y\" width=\"600\" height=\"338\" frameborder=\"0\" marginwidth=\"0\" marginheight=\"0\" scrolling=\"no\"><\/iframe><\/p>\n<p>_\u0110\u00e2y l\u00e0 c\u00e1c trang b\u00e1n h\u00e0ng b\u00ean m\u00ecnh NGE 3D Printer Services chuy\u00ean cung c\u1ea5p Nh\u1ef1a in 3D v\u00e0 M\u00e1y in 3D c\u1ee7a H\u00e3ng ESUN, Flsun, BIQU, Creality, eMake3d&#8230;<br \/>\n\ud83d\uded2Shopee =&gt; https:\/\/shopee.vn\/nge3dprinter<br \/>\n\ud83d\uded2Shopee =&gt; https:\/\/shopee.vn\/nge3dservices<br \/>\n\ud83d\uded2Shopee Voron v\u00e0 eMake3D =&gt; https:\/\/shopee.vn\/3dmasterpower<br \/>\n\ud83d\uded2Shopee eMake3D =&gt; https:\/\/shopee.vn\/nge3dprinting<br \/>\n\ud83d\uded2Lazada =&gt; https:\/\/www.lazada.vn\/shop\/nge-3d-printer<br \/>\n\ud83d\uded2Lazada =&gt; https:\/\/www.lazada.vn\/shop\/nge-3d-printer-services<br \/>\n\ud83d\uded2Lazada =&gt; https:\/\/www.lazada.vn\/shop\/emake3d-vn<br \/>\n\ud83d\uded2Webslite Th\u1ebf H\u1ec7 K\u1ebf Ti\u1ebfp =&gt;https:\/\/www.theheketiep.com\/<br \/>\n\ud83d\uded2Webslite NGE.VN =&gt;https:\/\/www.nge.vn\/<br \/>\nHo\u1eb7c b\u1ea1n g\u1ecdi 094.144.0951 g\u1eb7p m\u00ecnh<br \/>\nHo\u1eb7c 0913939775 g\u1eb7p anh Qu\u00e2n<br \/>\n** Price does not include VAT (+8 or 10% if VAT invoice is issued)<\/p>","protected":false},"excerpt":{"rendered":"<p data-start=\"361\" data-end=\"534\">Ceramic Heating Block Kit d\u00f9ng cho m\u00e1y in 3D Creality Hi, ch\u1ecbu nhi\u1ec7t 300\u00b0C, \u0111\u1ea7u phun SKD11, truy\u1ec1n nhi\u1ec7t nhanh, in \u1ed5n \u0111\u1ecbnh, h\u1ed7 tr\u1ee3 \u0111a d\u1ea1ng v\u1eadt li\u1ec7u nh\u01b0 PLA, ABS, PETG, CF&#8230;<\/p>","protected":false},"featured_media":6479,"comment_status":"open","ping_status":"closed","template":"","meta":{"inline_featured_image":false},"product_brand":[],"product_cat":[461,40,56],"product_tag":[752,870,497,871,868,869],"class_list":{"0":"post-6478","1":"product","2":"type-product","3":"status-publish","4":"has-post-thumbnail","6":"product_cat-linh-kien-cum-dun-va-cam-bien","7":"product_cat-linh-kien-va-phu-kien","8":"product_cat-linh-phu-kien-may-in-3d-creality","9":"product_tag-3dprinterparts","10":"product_tag-ceramicheatingkit","11":"product_tag-crealityhi","12":"product_tag-crealityupgrade","13":"product_tag-heatingblock3d","14":"product_tag-nozzleupgrade","16":"first","17":"instock","18":"sale","19":"taxable","20":"shipping-taxable","21":"purchasable","22":"product-type-simple"},"yoast_head":"<!-- This site is optimized with the Yoast SEO Premium plugin v22.8 (Yoast SEO v26.9) - https:\/\/yoast.com\/product\/yoast-seo-premium-wordpress\/ -->\n<title>B\u1ed9 kh\u1ed1i gia nhi\u1ec7t g\u1ed1m Ceramic Heating Block Kit cho m\u00e1y in 3d Creality Hi - NGE 3D Printers Services<\/title>\n<meta name=\"description\" content=\"Ceramic Heating Block Kit d\u00f9ng cho m\u00e1y in 3D Creality Hi, ch\u1ecbu nhi\u1ec7t 300\u00b0C, \u0111\u1ea7u phun SKD11, truy\u1ec1n nhi\u1ec7t nhanh, in \u1ed5n \u0111\u1ecbnh.\" \/>\n<meta name=\"robots\" content=\"index, follow, max-snippet:-1, max-image-preview:large, max-video-preview:-1\" \/>\n<link rel=\"canonical\" href=\"https:\/\/nge.vn\/en\/product\/bo-khoi-gia-nhiet-gom-ceramic-heating-block-kit-cho-may-in-3d-creality-hi\/\" \/>\n<meta property=\"og:locale\" content=\"en_US\" \/>\n<meta property=\"og:type\" content=\"article\" \/>\n<meta property=\"og:title\" content=\"B\u1ed9 kh\u1ed1i gia nhi\u1ec7t g\u1ed1m Ceramic Heating Block Kit cho m\u00e1y in 3d Creality Hi\" \/>\n<meta property=\"og:description\" content=\"Ceramic Heating Block Kit d\u00f9ng cho m\u00e1y in 3D Creality Hi, ch\u1ecbu nhi\u1ec7t 300\u00b0C, \u0111\u1ea7u phun SKD11, truy\u1ec1n nhi\u1ec7t nhanh, in \u1ed5n \u0111\u1ecbnh.\" \/>\n<meta property=\"og:url\" content=\"https:\/\/nge.vn\/en\/product\/bo-khoi-gia-nhiet-gom-ceramic-heating-block-kit-cho-may-in-3d-creality-hi\/\" \/>\n<meta property=\"og:site_name\" content=\"NGE 3D Printers Services\" \/>\n<meta property=\"article:modified_time\" content=\"2025-08-16T03:27:47+00:00\" \/>\n<meta property=\"og:image\" content=\"https:\/\/nge.vn\/wp-content\/uploads\/2025\/08\/sg-11134201-7rdxi-md33judrnzgu53_tn.jpeg\" \/>\n\t<meta property=\"og:image:width\" content=\"320\" \/>\n\t<meta property=\"og:image:height\" content=\"320\" \/>\n\t<meta property=\"og:image:type\" content=\"image\/jpeg\" \/>\n<meta name=\"twitter:card\" content=\"summary_large_image\" \/>\n<meta name=\"twitter:label1\" content=\"Est. reading time\" \/>\n\t<meta name=\"twitter:data1\" content=\"3 minutes\" \/>\n<script type=\"application\/ld+json\" class=\"yoast-schema-graph\">{\"@context\":\"https:\/\/schema.org\",\"@graph\":[{\"@type\":\"WebPage\",\"@id\":\"https:\/\/nge.vn\/san-pham\/bo-khoi-gia-nhiet-gom-ceramic-heating-block-kit-cho-may-in-3d-creality-hi\/\",\"url\":\"https:\/\/nge.vn\/san-pham\/bo-khoi-gia-nhiet-gom-ceramic-heating-block-kit-cho-may-in-3d-creality-hi\/\",\"name\":\"B\u1ed9 kh\u1ed1i gia nhi\u1ec7t g\u1ed1m Ceramic Heating Block Kit cho m\u00e1y in 3d Creality Hi - NGE 3D Printers Services\",\"isPartOf\":{\"@id\":\"https:\/\/nge.vn\/#website\"},\"primaryImageOfPage\":{\"@id\":\"https:\/\/nge.vn\/san-pham\/bo-khoi-gia-nhiet-gom-ceramic-heating-block-kit-cho-may-in-3d-creality-hi\/#primaryimage\"},\"image\":{\"@id\":\"https:\/\/nge.vn\/san-pham\/bo-khoi-gia-nhiet-gom-ceramic-heating-block-kit-cho-may-in-3d-creality-hi\/#primaryimage\"},\"thumbnailUrl\":\"https:\/\/nge.vn\/wp-content\/uploads\/2025\/08\/sg-11134201-7rdxi-md33judrnzgu53_tn.jpeg\",\"datePublished\":\"2025-08-07T04:58:51+00:00\",\"dateModified\":\"2025-08-16T03:27:47+00:00\",\"description\":\"Ceramic Heating Block Kit d\u00f9ng cho m\u00e1y in 3D Creality Hi, ch\u1ecbu nhi\u1ec7t 300\u00b0C, \u0111\u1ea7u phun SKD11, truy\u1ec1n nhi\u1ec7t nhanh, in \u1ed5n \u0111\u1ecbnh.\",\"breadcrumb\":{\"@id\":\"https:\/\/nge.vn\/san-pham\/bo-khoi-gia-nhiet-gom-ceramic-heating-block-kit-cho-may-in-3d-creality-hi\/#breadcrumb\"},\"inLanguage\":\"en-US\",\"potentialAction\":[{\"@type\":\"ReadAction\",\"target\":[\"https:\/\/nge.vn\/san-pham\/bo-khoi-gia-nhiet-gom-ceramic-heating-block-kit-cho-may-in-3d-creality-hi\/\"]}]},{\"@type\":\"ImageObject\",\"inLanguage\":\"en-US\",\"@id\":\"https:\/\/nge.vn\/san-pham\/bo-khoi-gia-nhiet-gom-ceramic-heating-block-kit-cho-may-in-3d-creality-hi\/#primaryimage\",\"url\":\"https:\/\/nge.vn\/wp-content\/uploads\/2025\/08\/sg-11134201-7rdxi-md33judrnzgu53_tn.jpeg\",\"contentUrl\":\"https:\/\/nge.vn\/wp-content\/uploads\/2025\/08\/sg-11134201-7rdxi-md33judrnzgu53_tn.jpeg\",\"width\":320,\"height\":320},{\"@type\":\"BreadcrumbList\",\"@id\":\"https:\/\/nge.vn\/san-pham\/bo-khoi-gia-nhiet-gom-ceramic-heating-block-kit-cho-may-in-3d-creality-hi\/#breadcrumb\",\"itemListElement\":[{\"@type\":\"ListItem\",\"position\":1,\"name\":\"Trang ch\u1ee7\",\"item\":\"https:\/\/nge.vn\/\"},{\"@type\":\"ListItem\",\"position\":2,\"name\":\"S\u1ea3n ph\u1ea9m\",\"item\":\"https:\/\/nge.vn\/san-pham\/\"},{\"@type\":\"ListItem\",\"position\":3,\"name\":\"B\u1ed9 kh\u1ed1i gia nhi\u1ec7t g\u1ed1m Ceramic Heating Block Kit cho m\u00e1y in 3d Creality Hi\"}]},{\"@type\":\"WebSite\",\"@id\":\"https:\/\/nge.vn\/#website\",\"url\":\"https:\/\/nge.vn\/\",\"name\":\"NGE 3D Printers Services\",\"description\":\"\",\"potentialAction\":[{\"@type\":\"SearchAction\",\"target\":{\"@type\":\"EntryPoint\",\"urlTemplate\":\"https:\/\/nge.vn\/?s={search_term_string}\"},\"query-input\":{\"@type\":\"PropertyValueSpecification\",\"valueRequired\":true,\"valueName\":\"search_term_string\"}}],\"inLanguage\":\"en-US\"}]}<\/script>\n<!-- \/ Yoast SEO Premium plugin. -->","yoast_head_json":{"title":"B\u1ed9 kh\u1ed1i gia nhi\u1ec7t g\u1ed1m Ceramic Heating Block Kit cho m\u00e1y in 3d Creality Hi - NGE 3D Printers Services","description":"Ceramic Heating Block Kit d\u00f9ng cho m\u00e1y in 3D Creality Hi, ch\u1ecbu nhi\u1ec7t 300\u00b0C, \u0111\u1ea7u phun SKD11, truy\u1ec1n nhi\u1ec7t nhanh, in \u1ed5n \u0111\u1ecbnh.","robots":{"index":"index","follow":"follow","max-snippet":"max-snippet:-1","max-image-preview":"max-image-preview:large","max-video-preview":"max-video-preview:-1"},"canonical":"https:\/\/nge.vn\/en\/product\/bo-khoi-gia-nhiet-gom-ceramic-heating-block-kit-cho-may-in-3d-creality-hi\/","og_locale":"en_US","og_type":"article","og_title":"B\u1ed9 kh\u1ed1i gia nhi\u1ec7t g\u1ed1m Ceramic Heating Block Kit cho m\u00e1y in 3d Creality Hi","og_description":"Ceramic Heating Block Kit d\u00f9ng cho m\u00e1y in 3D Creality Hi, ch\u1ecbu nhi\u1ec7t 300\u00b0C, \u0111\u1ea7u phun SKD11, truy\u1ec1n nhi\u1ec7t nhanh, in \u1ed5n \u0111\u1ecbnh.","og_url":"https:\/\/nge.vn\/en\/product\/bo-khoi-gia-nhiet-gom-ceramic-heating-block-kit-cho-may-in-3d-creality-hi\/","og_site_name":"NGE 3D Printers Services","article_modified_time":"2025-08-16T03:27:47+00:00","og_image":[{"width":320,"height":320,"url":"https:\/\/nge.vn\/wp-content\/uploads\/2025\/08\/sg-11134201-7rdxi-md33judrnzgu53_tn.jpeg","type":"image\/jpeg"}],"twitter_card":"summary_large_image","twitter_misc":{"Est. reading time":"3 minutes"},"schema":{"@context":"https:\/\/schema.org","@graph":[{"@type":"WebPage","@id":"https:\/\/nge.vn\/san-pham\/bo-khoi-gia-nhiet-gom-ceramic-heating-block-kit-cho-may-in-3d-creality-hi\/","url":"https:\/\/nge.vn\/san-pham\/bo-khoi-gia-nhiet-gom-ceramic-heating-block-kit-cho-may-in-3d-creality-hi\/","name":"B\u1ed9 kh\u1ed1i gia nhi\u1ec7t g\u1ed1m Ceramic Heating Block Kit cho m\u00e1y in 3d Creality Hi - NGE 3D Printers Services","isPartOf":{"@id":"https:\/\/nge.vn\/#website"},"primaryImageOfPage":{"@id":"https:\/\/nge.vn\/san-pham\/bo-khoi-gia-nhiet-gom-ceramic-heating-block-kit-cho-may-in-3d-creality-hi\/#primaryimage"},"image":{"@id":"https:\/\/nge.vn\/san-pham\/bo-khoi-gia-nhiet-gom-ceramic-heating-block-kit-cho-may-in-3d-creality-hi\/#primaryimage"},"thumbnailUrl":"https:\/\/nge.vn\/wp-content\/uploads\/2025\/08\/sg-11134201-7rdxi-md33judrnzgu53_tn.jpeg","datePublished":"2025-08-07T04:58:51+00:00","dateModified":"2025-08-16T03:27:47+00:00","description":"Ceramic Heating Block Kit d\u00f9ng cho m\u00e1y in 3D Creality Hi, ch\u1ecbu nhi\u1ec7t 300\u00b0C, \u0111\u1ea7u phun SKD11, truy\u1ec1n nhi\u1ec7t nhanh, in \u1ed5n \u0111\u1ecbnh.","breadcrumb":{"@id":"https:\/\/nge.vn\/san-pham\/bo-khoi-gia-nhiet-gom-ceramic-heating-block-kit-cho-may-in-3d-creality-hi\/#breadcrumb"},"inLanguage":"en-US","potentialAction":[{"@type":"ReadAction","target":["https:\/\/nge.vn\/san-pham\/bo-khoi-gia-nhiet-gom-ceramic-heating-block-kit-cho-may-in-3d-creality-hi\/"]}]},{"@type":"ImageObject","inLanguage":"en-US","@id":"https:\/\/nge.vn\/san-pham\/bo-khoi-gia-nhiet-gom-ceramic-heating-block-kit-cho-may-in-3d-creality-hi\/#primaryimage","url":"https:\/\/nge.vn\/wp-content\/uploads\/2025\/08\/sg-11134201-7rdxi-md33judrnzgu53_tn.jpeg","contentUrl":"https:\/\/nge.vn\/wp-content\/uploads\/2025\/08\/sg-11134201-7rdxi-md33judrnzgu53_tn.jpeg","width":320,"height":320},{"@type":"BreadcrumbList","@id":"https:\/\/nge.vn\/san-pham\/bo-khoi-gia-nhiet-gom-ceramic-heating-block-kit-cho-may-in-3d-creality-hi\/#breadcrumb","itemListElement":[{"@type":"ListItem","position":1,"name":"Trang ch\u1ee7","item":"https:\/\/nge.vn\/"},{"@type":"ListItem","position":2,"name":"S\u1ea3n ph\u1ea9m","item":"https:\/\/nge.vn\/san-pham\/"},{"@type":"ListItem","position":3,"name":"B\u1ed9 kh\u1ed1i gia nhi\u1ec7t g\u1ed1m Ceramic Heating Block Kit cho m\u00e1y in 3d Creality Hi"}]},{"@type":"WebSite","@id":"https:\/\/nge.vn\/#website","url":"https:\/\/nge.vn\/","name":"NGE 3D Printers Services","description":"","potentialAction":[{"@type":"SearchAction","target":{"@type":"EntryPoint","urlTemplate":"https:\/\/nge.vn\/?s={search_term_string}"},"query-input":{"@type":"PropertyValueSpecification","valueRequired":true,"valueName":"search_term_string"}}],"inLanguage":"en-US"}]}},"_links":{"self":[{"href":"https:\/\/nge.vn\/en\/wp-json\/wp\/v2\/product\/6478","targetHints":{"allow":["GET"]}}],"collection":[{"href":"https:\/\/nge.vn\/en\/wp-json\/wp\/v2\/product"}],"about":[{"href":"https:\/\/nge.vn\/en\/wp-json\/wp\/v2\/types\/product"}],"replies":[{"embeddable":true,"href":"https:\/\/nge.vn\/en\/wp-json\/wp\/v2\/comments?post=6478"}],"wp:featuredmedia":[{"embeddable":true,"href":"https:\/\/nge.vn\/en\/wp-json\/wp\/v2\/media\/6479"}],"wp:attachment":[{"href":"https:\/\/nge.vn\/en\/wp-json\/wp\/v2\/media?parent=6478"}],"wp:term":[{"taxonomy":"product_brand","embeddable":true,"href":"https:\/\/nge.vn\/en\/wp-json\/wp\/v2\/product_brand?post=6478"},{"taxonomy":"product_cat","embeddable":true,"href":"https:\/\/nge.vn\/en\/wp-json\/wp\/v2\/product_cat?post=6478"},{"taxonomy":"product_tag","embeddable":true,"href":"https:\/\/nge.vn\/en\/wp-json\/wp\/v2\/product_tag?post=6478"}],"curies":[{"name":"wp","href":"https:\/\/api.w.org\/{rel}","templated":true}]}}