{"id":6470,"date":"2025-08-07T11:30:56","date_gmt":"2025-08-07T04:30:56","guid":{"rendered":"https:\/\/nge.vn\/?post_type=product&#038;p=6470"},"modified":"2025-08-07T11:30:57","modified_gmt":"2025-08-07T04:30:57","slug":"bo-toi-nhua-cua-bo-nang-cap-nhieu-mau-cho-dong-may-in-3d-fdm-creality-k1-series-multicolor-upgrade-pack-extrusion-kit","status":"publish","type":"product","link":"https:\/\/nge.vn\/en\/product\/bo-toi-nhua-cua-bo-nang-cap-nhieu-mau-cho-dong-may-in-3d-fdm-creality-k1-series-multicolor-upgrade-pack-extrusion-kit\/","title":{"rendered":"B\u1ed9 t\u1eddi nh\u1ef1a c\u1ee7a b\u1ed9 n\u00e2ng c\u1ea5p nhi\u1ec1u m\u00e0u cho d\u00f2ng m\u00e1y in 3d FDM Creality K1 Series Multicolor Upgrade Pack Extrusion Kit"},"content":{"rendered":"<h4 data-start=\"925\" data-end=\"1018\">\ud83e\udde9 <strong data-start=\"933\" data-end=\"1018\">B\u1ed9 T\u1eddi Nh\u1ef1a Creality K1 Series \u2013 Ph\u1ee5 ki\u1ec7n d\u00e0nh ri\u00eang cho B\u1ed9 n\u00e2ng c\u1ea5p in nhi\u1ec1u m\u00e0u<\/strong><\/h4>\n<p data-start=\"1020\" data-end=\"1312\"><strong data-start=\"1020\" data-end=\"1080\">Creality K1 Series Multicolor Upgrade Pack Extrusion Kit<\/strong> l\u00e0 b\u1ed9 t\u1eddi nh\u1ef1a <strong data-start=\"1096\" data-end=\"1111\">chuy\u00ean d\u1ee5ng<\/strong> \u0111\u01b0\u1ee3c thi\u1ebft k\u1ebf \u0111\u1ec3 h\u1ed7 tr\u1ee3 h\u1ec7 th\u1ed1ng <strong data-start=\"1145\" data-end=\"1169\">in nhi\u1ec1u m\u00e0u t\u1ef1 \u0111\u1ed9ng<\/strong> cho d\u00f2ng m\u00e1y in 3D <strong data-start=\"1189\" data-end=\"1219\">Creality K1 \/ K1C \/ K1 Max<\/strong>. Gi\u00fap t\u0103ng c\u01b0\u1eddng kh\u1ea3 n\u0103ng in \u0111a s\u1eafc, h\u1ed7 tr\u1ee3 vi\u1ec7c thay \u0111\u1ed5i filament m\u01b0\u1ee3t m\u00e0 v\u00e0 ch\u00ednh x\u00e1c h\u01a1n.<\/p>\n<hr data-start=\"1314\" data-end=\"1317\" \/>\n<h4 data-start=\"1319\" data-end=\"1347\">\u2705 <strong data-start=\"1326\" data-end=\"1347\">\u0110\u1eb7c \u0111i\u1ec3m n\u1ed5i b\u1eadt:<\/strong><\/h4>\n<ul data-start=\"1348\" data-end=\"1777\">\n<li data-start=\"1348\" data-end=\"1437\">\n<p data-start=\"1350\" data-end=\"1437\"><strong data-start=\"1350\" data-end=\"1370\">Thi\u1ebft k\u1ebf g\u1ecdn nh\u1eb9<\/strong> \u2013 K\u00edch th\u01b0\u1edbc ch\u1ec9 38 \u00d7 40 \u00d7 21mm, d\u1ec5 l\u1eafp \u0111\u1eb7t trong kh\u00f4ng gian m\u00e1y<\/p>\n<\/li>\n<li data-start=\"1438\" data-end=\"1535\">\n<p data-start=\"1440\" data-end=\"1535\"><strong data-start=\"1440\" data-end=\"1459\">K\u1ebft n\u1ed1i \u1ed5n \u0111\u1ecbnh<\/strong> \u2013 D\u00e2y 3 pin d\u00e0i 17cm, d\u1ec5 d\u00e0ng t\u00edch h\u1ee3p v\u1edbi c\u00e1c thi\u1ebft b\u1ecb trong b\u1ed9 n\u00e2ng c\u1ea5p<\/p>\n<\/li>\n<li data-start=\"1536\" data-end=\"1619\">\n<p data-start=\"1538\" data-end=\"1619\"><strong data-start=\"1538\" data-end=\"1563\">T\u01b0\u01a1ng th\u00edch tuy\u1ec7t \u0111\u1ed1i<\/strong> \u2013 D\u00e0nh ri\u00eang cho <strong data-start=\"1581\" data-end=\"1617\">Creality Multicolor Upgrade Pack<\/strong><\/p>\n<\/li>\n<li data-start=\"1620\" data-end=\"1699\">\n<p data-start=\"1622\" data-end=\"1645\"><strong data-start=\"1622\" data-end=\"1642\">S\u1ea3n ph\u1ea9m bao g\u1ed3m<\/strong>:<\/p>\n<ul data-start=\"1648\" data-end=\"1699\">\n<li data-start=\"1648\" data-end=\"1677\">\n<p data-start=\"1650\" data-end=\"1677\">01 B\u1ed9 t\u1eddi nh\u1ef1a (Extruder)<\/p>\n<\/li>\n<li data-start=\"1680\" data-end=\"1699\">\n<p data-start=\"1682\" data-end=\"1699\">02 \u1ed1c M3 x 23mm<\/p>\n<\/li>\n<\/ul>\n<\/li>\n<li data-start=\"1700\" data-end=\"1777\">\n<p data-start=\"1702\" data-end=\"1777\"><strong data-start=\"1702\" data-end=\"1718\">\u0110\u00f3ng g\u00f3i nh\u1eb9<\/strong> \u2013 T\u1ed5ng tr\u1ecdng l\u01b0\u1ee3ng c\u1ea3 g\u00f3i: 59g (tr\u1ecdng l\u01b0\u1ee3ng thi\u1ebft b\u1ecb: 52g)<\/p>\n<\/li>\n<\/ul>\n<hr data-start=\"1779\" data-end=\"1782\" \/>\n<h4 data-start=\"1784\" data-end=\"1814\">\ud83d\udccc <strong data-start=\"1792\" data-end=\"1814\">Th\u00f4ng s\u1ed1 k\u1ef9 thu\u1eadt:<\/strong><\/h4>\n<ul data-start=\"1815\" data-end=\"2043\">\n<li data-start=\"1815\" data-end=\"1874\">\n<p data-start=\"1817\" data-end=\"1874\"><strong data-start=\"1817\" data-end=\"1833\">T\u00ean s\u1ea3n ph\u1ea9m<\/strong>: Multicolor Upgrade Pack Extrusion Kit<\/p>\n<\/li>\n<li data-start=\"1875\" data-end=\"1906\">\n<p data-start=\"1877\" data-end=\"1906\"><strong data-start=\"1877\" data-end=\"1892\">M\u00e3 s\u1ea3n ph\u1ea9m<\/strong>: 4001020084<\/p>\n<\/li>\n<li data-start=\"1907\" data-end=\"1944\">\n<p data-start=\"1909\" data-end=\"1944\"><strong data-start=\"1909\" data-end=\"1924\">D\u00e2y k\u1ebft n\u1ed1i<\/strong>: 3 pin \u2013 d\u00e0i 17cm<\/p>\n<\/li>\n<li data-start=\"1945\" data-end=\"1979\">\n<p data-start=\"1947\" data-end=\"1979\"><strong data-start=\"1947\" data-end=\"1961\">K\u00edch th\u01b0\u1edbc<\/strong>: 38 \u00d7 40 \u00d7 21mm<\/p>\n<\/li>\n<li data-start=\"1980\" data-end=\"2009\">\n<p data-start=\"1982\" data-end=\"2009\"><strong data-start=\"1982\" data-end=\"2002\">Tr\u1ecdng l\u01b0\u1ee3ng t\u1ecbnh<\/strong>: 52g<\/p>\n<\/li>\n<li data-start=\"2010\" data-end=\"2043\">\n<p data-start=\"2012\" data-end=\"2043\"><strong data-start=\"2012\" data-end=\"2036\">Tr\u1ecdng l\u01b0\u1ee3ng \u0111\u00f3ng g\u00f3i<\/strong>: 59g<\/p>\n<\/li>\n<\/ul>\n<hr data-start=\"2045\" data-end=\"2048\" \/>\n<h4 data-start=\"2050\" data-end=\"2094\">\ud83d\udda8\ufe0f <strong data-start=\"2059\" data-end=\"2094\">T\u01b0\u01a1ng th\u00edch v\u1edbi d\u00f2ng m\u00e1y in 3D:<\/strong><\/h4>\n<ul data-start=\"2095\" data-end=\"2163\">\n<li data-start=\"2095\" data-end=\"2116\">\n<p data-start=\"2097\" data-end=\"2116\">\u2705 <strong data-start=\"2099\" data-end=\"2114\">Creality K1<\/strong><\/p>\n<\/li>\n<li data-start=\"2117\" data-end=\"2139\">\n<p data-start=\"2119\" data-end=\"2139\">\u2705 <strong data-start=\"2121\" data-end=\"2137\">Creality K1C<\/strong><\/p>\n<\/li>\n<li data-start=\"2140\" data-end=\"2163\">\n<p data-start=\"2142\" data-end=\"2163\">\u2705 <strong data-start=\"2144\" data-end=\"2163\">Creality K1 Max<\/strong><\/p>\n<\/li>\n<\/ul>\n<blockquote class=\"wp-embedded-content\" data-secret=\"jNULgbXgCo\"><p><a href=\"https:\/\/nge.vn\/en\/product\/may-in-3d-creality-k1c-chuyen-in-soi-carbon-toc-do-max-600mm-s-prinitng-size-222225cm\/\">Creality K1C 3D printer specializes in printing Carbon fiber with a maximum speed of 600mm\/s, printing size 22*22*25cm<\/a><\/p><\/blockquote>\n<p><iframe loading=\"lazy\" class=\"wp-embedded-content\" sandbox=\"allow-scripts\" security=\"restricted\" style=\"position: absolute; visibility: hidden;\" title=\"&#8220;M\u00e1y in 3d Creality K1C chuy\u00ean in s\u1ee3i Carbon t\u1ed1c \u0111\u1ed9 max 600mm\/s prinitng size 22*22*25cm&#8221; &#8212; NGE 3D Printers Services\" src=\"https:\/\/nge.vn\/san-pham\/may-in-3d-creality-k1c-chuyen-in-soi-carbon-toc-do-max-600mm-s-prinitng-size-222225cm\/embed\/#?secret=kL1cBaA2VL#?secret=jNULgbXgCo\" data-secret=\"jNULgbXgCo\" width=\"600\" height=\"338\" frameborder=\"0\" marginwidth=\"0\" marginheight=\"0\" scrolling=\"no\"><\/iframe><\/p>\n<p>-\u0110\u00e2y l\u00e0 c\u00e1c trang b\u00e1n h\u00e0ng b\u00ean m\u00ecnh NGE 3D Printer Services chuy\u00ean cung c\u1ea5p Nh\u1ef1a in 3D v\u00e0 M\u00e1y in 3D c\u1ee7a H\u00e3ng ESUN, Flsun, BIQU, Creality, eMake3d&#8230;<br \/>\n\ud83d\uded2Shopee =&gt; https:\/\/shopee.vn\/nge3dprinter<br \/>\n\ud83d\uded2Shopee =&gt; https:\/\/shopee.vn\/nge3dservices<br \/>\n\ud83d\uded2Shopee Voron v\u00e0 eMake3D =&gt; https:\/\/shopee.vn\/3dmasterpower<br \/>\n\ud83d\uded2Shopee eMake3D =&gt; https:\/\/shopee.vn\/nge3dprinting<br \/>\n\ud83d\uded2Lazada =&gt; https:\/\/www.lazada.vn\/shop\/nge-3d-printer<br \/>\n\ud83d\uded2Lazada =&gt; https:\/\/www.lazada.vn\/shop\/nge-3d-printer-services<br \/>\n\ud83d\uded2Lazada =&gt; https:\/\/www.lazada.vn\/shop\/emake3d-vn<br \/>\n\ud83d\uded2Webslite Th\u1ebf H\u1ec7 K\u1ebf Ti\u1ebfp =&gt;https:\/\/www.theheketiep.com\/<br \/>\n\ud83d\uded2Webslite NGE.VN =&gt;https:\/\/www.nge.vn\/<br \/>\nHo\u1eb7c b\u1ea1n g\u1ecdi 094.144.0951 g\u1eb7p m\u00ecnh<br \/>\nHo\u1eb7c 0913939775 g\u1eb7p anh Qu\u00e2n<br \/>\n** Price does not include VAT (+8 or 10% if VAT invoice is issued)<\/p>","protected":false},"excerpt":{"rendered":"<p data-start=\"354\" data-end=\"519\">B\u1ed9 t\u1eddi nh\u1ef1a (Extrusion Kit) d\u00f9ng trong b\u1ed9 n\u00e2ng c\u1ea5p in nhi\u1ec1u m\u00e0u cho Creality K1 Series. T\u01b0\u01a1ng th\u00edch K1, K1C, K1 Max. Thi\u1ebft k\u1ebf nh\u1ecf g\u1ecdn, k\u1ebft n\u1ed1i 3pin 17cm, d\u1ec5 l\u1eafp \u0111\u1eb7t.<\/p>","protected":false},"featured_media":6471,"comment_status":"open","ping_status":"closed","template":"","meta":{"inline_featured_image":false},"product_brand":[],"product_cat":[461,40,56],"product_tag":[495,867,774,776,515,663,480],"class_list":{"0":"post-6470","1":"product","2":"type-product","3":"status-publish","4":"has-post-thumbnail","6":"product_cat-linh-kien-cum-dun-va-cam-bien","7":"product_cat-linh-kien-va-phu-kien","8":"product_cat-linh-phu-kien-may-in-3d-creality","9":"product_tag-creality","10":"product_tag-extruder","11":"product_tag-k1","12":"product_tag-k1c","13":"product_tag-k1max","14":"product_tag-nge3d","15":"product_tag-cfs","17":"first","18":"instock","19":"taxable","20":"shipping-taxable","21":"purchasable","22":"product-type-simple"},"yoast_head":"<!-- This site is optimized with the Yoast SEO Premium plugin v22.8 (Yoast SEO v26.9) - https:\/\/yoast.com\/product\/yoast-seo-premium-wordpress\/ -->\n<title>B\u1ed9 t\u1eddi nh\u1ef1a c\u1ee7a b\u1ed9 n\u00e2ng c\u1ea5p nhi\u1ec1u m\u00e0u cho d\u00f2ng m\u00e1y in 3d FDM Creality K1 Series Multicolor Upgrade Pack Extrusion Kit - NGE 3D Printers Services<\/title>\n<meta name=\"description\" content=\"B\u1ed9 t\u1eddi nh\u1ef1a (Extrusion Kit) d\u00f9ng trong b\u1ed9 n\u00e2ng c\u1ea5p in nhi\u1ec1u m\u00e0u cho Creality K1 Series. T\u01b0\u01a1ng th\u00edch K1, K1C, K1 Max. Thi\u1ebft k\u1ebf nh\u1ecf g\u1ecdn, k\u1ebft n\u1ed1i 3pin 17cm.\" \/>\n<meta name=\"robots\" content=\"index, follow, max-snippet:-1, max-image-preview:large, max-video-preview:-1\" \/>\n<link rel=\"canonical\" href=\"https:\/\/nge.vn\/en\/product\/bo-toi-nhua-cua-bo-nang-cap-nhieu-mau-cho-dong-may-in-3d-fdm-creality-k1-series-multicolor-upgrade-pack-extrusion-kit\/\" \/>\n<meta property=\"og:locale\" content=\"en_US\" \/>\n<meta property=\"og:type\" content=\"article\" \/>\n<meta property=\"og:title\" content=\"B\u1ed9 t\u1eddi nh\u1ef1a c\u1ee7a b\u1ed9 n\u00e2ng c\u1ea5p nhi\u1ec1u m\u00e0u cho d\u00f2ng m\u00e1y in 3d FDM Creality K1 Series Multicolor Upgrade Pack Extrusion Kit\" \/>\n<meta property=\"og:description\" content=\"B\u1ed9 t\u1eddi nh\u1ef1a (Extrusion Kit) d\u00f9ng trong b\u1ed9 n\u00e2ng c\u1ea5p in nhi\u1ec1u m\u00e0u cho Creality K1 Series. T\u01b0\u01a1ng th\u00edch K1, K1C, K1 Max. Thi\u1ebft k\u1ebf nh\u1ecf g\u1ecdn, k\u1ebft n\u1ed1i 3pin 17cm.\" \/>\n<meta property=\"og:url\" content=\"https:\/\/nge.vn\/en\/product\/bo-toi-nhua-cua-bo-nang-cap-nhieu-mau-cho-dong-may-in-3d-fdm-creality-k1-series-multicolor-upgrade-pack-extrusion-kit\/\" \/>\n<meta property=\"og:site_name\" content=\"NGE 3D Printers Services\" \/>\n<meta property=\"article:modified_time\" content=\"2025-08-07T04:30:57+00:00\" \/>\n<meta property=\"og:image\" content=\"https:\/\/nge.vn\/wp-content\/uploads\/2025\/08\/sg-11134201-7rdyp-md30cck83fnkd2_tn.jpeg\" \/>\n\t<meta property=\"og:image:width\" content=\"320\" \/>\n\t<meta property=\"og:image:height\" content=\"320\" \/>\n\t<meta property=\"og:image:type\" content=\"image\/jpeg\" \/>\n<meta name=\"twitter:card\" content=\"summary_large_image\" \/>\n<meta name=\"twitter:label1\" content=\"Est. reading time\" \/>\n\t<meta name=\"twitter:data1\" content=\"2 minutes\" \/>\n<script type=\"application\/ld+json\" class=\"yoast-schema-graph\">{\"@context\":\"https:\/\/schema.org\",\"@graph\":[{\"@type\":\"WebPage\",\"@id\":\"https:\/\/nge.vn\/san-pham\/bo-toi-nhua-cua-bo-nang-cap-nhieu-mau-cho-dong-may-in-3d-fdm-creality-k1-series-multicolor-upgrade-pack-extrusion-kit\/\",\"url\":\"https:\/\/nge.vn\/san-pham\/bo-toi-nhua-cua-bo-nang-cap-nhieu-mau-cho-dong-may-in-3d-fdm-creality-k1-series-multicolor-upgrade-pack-extrusion-kit\/\",\"name\":\"B\u1ed9 t\u1eddi nh\u1ef1a c\u1ee7a b\u1ed9 n\u00e2ng c\u1ea5p nhi\u1ec1u m\u00e0u cho d\u00f2ng m\u00e1y in 3d FDM Creality K1 Series Multicolor Upgrade Pack Extrusion Kit - NGE 3D Printers Services\",\"isPartOf\":{\"@id\":\"https:\/\/nge.vn\/#website\"},\"primaryImageOfPage\":{\"@id\":\"https:\/\/nge.vn\/san-pham\/bo-toi-nhua-cua-bo-nang-cap-nhieu-mau-cho-dong-may-in-3d-fdm-creality-k1-series-multicolor-upgrade-pack-extrusion-kit\/#primaryimage\"},\"image\":{\"@id\":\"https:\/\/nge.vn\/san-pham\/bo-toi-nhua-cua-bo-nang-cap-nhieu-mau-cho-dong-may-in-3d-fdm-creality-k1-series-multicolor-upgrade-pack-extrusion-kit\/#primaryimage\"},\"thumbnailUrl\":\"https:\/\/nge.vn\/wp-content\/uploads\/2025\/08\/sg-11134201-7rdyp-md30cck83fnkd2_tn.jpeg\",\"datePublished\":\"2025-08-07T04:30:56+00:00\",\"dateModified\":\"2025-08-07T04:30:57+00:00\",\"description\":\"B\u1ed9 t\u1eddi nh\u1ef1a (Extrusion Kit) d\u00f9ng trong b\u1ed9 n\u00e2ng c\u1ea5p in nhi\u1ec1u m\u00e0u cho Creality K1 Series. T\u01b0\u01a1ng th\u00edch K1, K1C, K1 Max. Thi\u1ebft k\u1ebf nh\u1ecf g\u1ecdn, k\u1ebft n\u1ed1i 3pin 17cm.\",\"breadcrumb\":{\"@id\":\"https:\/\/nge.vn\/san-pham\/bo-toi-nhua-cua-bo-nang-cap-nhieu-mau-cho-dong-may-in-3d-fdm-creality-k1-series-multicolor-upgrade-pack-extrusion-kit\/#breadcrumb\"},\"inLanguage\":\"en-US\",\"potentialAction\":[{\"@type\":\"ReadAction\",\"target\":[\"https:\/\/nge.vn\/san-pham\/bo-toi-nhua-cua-bo-nang-cap-nhieu-mau-cho-dong-may-in-3d-fdm-creality-k1-series-multicolor-upgrade-pack-extrusion-kit\/\"]}]},{\"@type\":\"ImageObject\",\"inLanguage\":\"en-US\",\"@id\":\"https:\/\/nge.vn\/san-pham\/bo-toi-nhua-cua-bo-nang-cap-nhieu-mau-cho-dong-may-in-3d-fdm-creality-k1-series-multicolor-upgrade-pack-extrusion-kit\/#primaryimage\",\"url\":\"https:\/\/nge.vn\/wp-content\/uploads\/2025\/08\/sg-11134201-7rdyp-md30cck83fnkd2_tn.jpeg\",\"contentUrl\":\"https:\/\/nge.vn\/wp-content\/uploads\/2025\/08\/sg-11134201-7rdyp-md30cck83fnkd2_tn.jpeg\",\"width\":320,\"height\":320},{\"@type\":\"BreadcrumbList\",\"@id\":\"https:\/\/nge.vn\/san-pham\/bo-toi-nhua-cua-bo-nang-cap-nhieu-mau-cho-dong-may-in-3d-fdm-creality-k1-series-multicolor-upgrade-pack-extrusion-kit\/#breadcrumb\",\"itemListElement\":[{\"@type\":\"ListItem\",\"position\":1,\"name\":\"Trang ch\u1ee7\",\"item\":\"https:\/\/nge.vn\/\"},{\"@type\":\"ListItem\",\"position\":2,\"name\":\"S\u1ea3n ph\u1ea9m\",\"item\":\"https:\/\/nge.vn\/san-pham\/\"},{\"@type\":\"ListItem\",\"position\":3,\"name\":\"B\u1ed9 t\u1eddi nh\u1ef1a c\u1ee7a b\u1ed9 n\u00e2ng c\u1ea5p nhi\u1ec1u m\u00e0u cho d\u00f2ng m\u00e1y in 3d FDM Creality K1 Series Multicolor Upgrade Pack Extrusion Kit\"}]},{\"@type\":\"WebSite\",\"@id\":\"https:\/\/nge.vn\/#website\",\"url\":\"https:\/\/nge.vn\/\",\"name\":\"NGE 3D Printers Services\",\"description\":\"\",\"potentialAction\":[{\"@type\":\"SearchAction\",\"target\":{\"@type\":\"EntryPoint\",\"urlTemplate\":\"https:\/\/nge.vn\/?s={search_term_string}\"},\"query-input\":{\"@type\":\"PropertyValueSpecification\",\"valueRequired\":true,\"valueName\":\"search_term_string\"}}],\"inLanguage\":\"en-US\"}]}<\/script>\n<!-- \/ Yoast SEO Premium plugin. -->","yoast_head_json":{"title":"B\u1ed9 t\u1eddi nh\u1ef1a c\u1ee7a b\u1ed9 n\u00e2ng c\u1ea5p nhi\u1ec1u m\u00e0u cho d\u00f2ng m\u00e1y in 3d FDM Creality K1 Series Multicolor Upgrade Pack Extrusion Kit - NGE 3D Printers Services","description":"B\u1ed9 t\u1eddi nh\u1ef1a (Extrusion Kit) d\u00f9ng trong b\u1ed9 n\u00e2ng c\u1ea5p in nhi\u1ec1u m\u00e0u cho Creality K1 Series. T\u01b0\u01a1ng th\u00edch K1, K1C, K1 Max. Thi\u1ebft k\u1ebf nh\u1ecf g\u1ecdn, k\u1ebft n\u1ed1i 3pin 17cm.","robots":{"index":"index","follow":"follow","max-snippet":"max-snippet:-1","max-image-preview":"max-image-preview:large","max-video-preview":"max-video-preview:-1"},"canonical":"https:\/\/nge.vn\/en\/product\/bo-toi-nhua-cua-bo-nang-cap-nhieu-mau-cho-dong-may-in-3d-fdm-creality-k1-series-multicolor-upgrade-pack-extrusion-kit\/","og_locale":"en_US","og_type":"article","og_title":"B\u1ed9 t\u1eddi nh\u1ef1a c\u1ee7a b\u1ed9 n\u00e2ng c\u1ea5p nhi\u1ec1u m\u00e0u cho d\u00f2ng m\u00e1y in 3d FDM Creality K1 Series Multicolor Upgrade Pack Extrusion Kit","og_description":"B\u1ed9 t\u1eddi nh\u1ef1a (Extrusion Kit) d\u00f9ng trong b\u1ed9 n\u00e2ng c\u1ea5p in nhi\u1ec1u m\u00e0u cho Creality K1 Series. T\u01b0\u01a1ng th\u00edch K1, K1C, K1 Max. Thi\u1ebft k\u1ebf nh\u1ecf g\u1ecdn, k\u1ebft n\u1ed1i 3pin 17cm.","og_url":"https:\/\/nge.vn\/en\/product\/bo-toi-nhua-cua-bo-nang-cap-nhieu-mau-cho-dong-may-in-3d-fdm-creality-k1-series-multicolor-upgrade-pack-extrusion-kit\/","og_site_name":"NGE 3D Printers Services","article_modified_time":"2025-08-07T04:30:57+00:00","og_image":[{"width":320,"height":320,"url":"https:\/\/nge.vn\/wp-content\/uploads\/2025\/08\/sg-11134201-7rdyp-md30cck83fnkd2_tn.jpeg","type":"image\/jpeg"}],"twitter_card":"summary_large_image","twitter_misc":{"Est. reading time":"2 minutes"},"schema":{"@context":"https:\/\/schema.org","@graph":[{"@type":"WebPage","@id":"https:\/\/nge.vn\/san-pham\/bo-toi-nhua-cua-bo-nang-cap-nhieu-mau-cho-dong-may-in-3d-fdm-creality-k1-series-multicolor-upgrade-pack-extrusion-kit\/","url":"https:\/\/nge.vn\/san-pham\/bo-toi-nhua-cua-bo-nang-cap-nhieu-mau-cho-dong-may-in-3d-fdm-creality-k1-series-multicolor-upgrade-pack-extrusion-kit\/","name":"B\u1ed9 t\u1eddi nh\u1ef1a c\u1ee7a b\u1ed9 n\u00e2ng c\u1ea5p nhi\u1ec1u m\u00e0u cho d\u00f2ng m\u00e1y in 3d FDM Creality K1 Series Multicolor Upgrade Pack Extrusion Kit - NGE 3D Printers Services","isPartOf":{"@id":"https:\/\/nge.vn\/#website"},"primaryImageOfPage":{"@id":"https:\/\/nge.vn\/san-pham\/bo-toi-nhua-cua-bo-nang-cap-nhieu-mau-cho-dong-may-in-3d-fdm-creality-k1-series-multicolor-upgrade-pack-extrusion-kit\/#primaryimage"},"image":{"@id":"https:\/\/nge.vn\/san-pham\/bo-toi-nhua-cua-bo-nang-cap-nhieu-mau-cho-dong-may-in-3d-fdm-creality-k1-series-multicolor-upgrade-pack-extrusion-kit\/#primaryimage"},"thumbnailUrl":"https:\/\/nge.vn\/wp-content\/uploads\/2025\/08\/sg-11134201-7rdyp-md30cck83fnkd2_tn.jpeg","datePublished":"2025-08-07T04:30:56+00:00","dateModified":"2025-08-07T04:30:57+00:00","description":"B\u1ed9 t\u1eddi nh\u1ef1a (Extrusion Kit) d\u00f9ng trong b\u1ed9 n\u00e2ng c\u1ea5p in nhi\u1ec1u m\u00e0u cho Creality K1 Series. T\u01b0\u01a1ng th\u00edch K1, K1C, K1 Max. Thi\u1ebft k\u1ebf nh\u1ecf g\u1ecdn, k\u1ebft n\u1ed1i 3pin 17cm.","breadcrumb":{"@id":"https:\/\/nge.vn\/san-pham\/bo-toi-nhua-cua-bo-nang-cap-nhieu-mau-cho-dong-may-in-3d-fdm-creality-k1-series-multicolor-upgrade-pack-extrusion-kit\/#breadcrumb"},"inLanguage":"en-US","potentialAction":[{"@type":"ReadAction","target":["https:\/\/nge.vn\/san-pham\/bo-toi-nhua-cua-bo-nang-cap-nhieu-mau-cho-dong-may-in-3d-fdm-creality-k1-series-multicolor-upgrade-pack-extrusion-kit\/"]}]},{"@type":"ImageObject","inLanguage":"en-US","@id":"https:\/\/nge.vn\/san-pham\/bo-toi-nhua-cua-bo-nang-cap-nhieu-mau-cho-dong-may-in-3d-fdm-creality-k1-series-multicolor-upgrade-pack-extrusion-kit\/#primaryimage","url":"https:\/\/nge.vn\/wp-content\/uploads\/2025\/08\/sg-11134201-7rdyp-md30cck83fnkd2_tn.jpeg","contentUrl":"https:\/\/nge.vn\/wp-content\/uploads\/2025\/08\/sg-11134201-7rdyp-md30cck83fnkd2_tn.jpeg","width":320,"height":320},{"@type":"BreadcrumbList","@id":"https:\/\/nge.vn\/san-pham\/bo-toi-nhua-cua-bo-nang-cap-nhieu-mau-cho-dong-may-in-3d-fdm-creality-k1-series-multicolor-upgrade-pack-extrusion-kit\/#breadcrumb","itemListElement":[{"@type":"ListItem","position":1,"name":"Trang ch\u1ee7","item":"https:\/\/nge.vn\/"},{"@type":"ListItem","position":2,"name":"S\u1ea3n ph\u1ea9m","item":"https:\/\/nge.vn\/san-pham\/"},{"@type":"ListItem","position":3,"name":"B\u1ed9 t\u1eddi nh\u1ef1a c\u1ee7a b\u1ed9 n\u00e2ng c\u1ea5p nhi\u1ec1u m\u00e0u cho d\u00f2ng m\u00e1y in 3d FDM Creality K1 Series Multicolor Upgrade Pack Extrusion Kit"}]},{"@type":"WebSite","@id":"https:\/\/nge.vn\/#website","url":"https:\/\/nge.vn\/","name":"NGE 3D Printers Services","description":"","potentialAction":[{"@type":"SearchAction","target":{"@type":"EntryPoint","urlTemplate":"https:\/\/nge.vn\/?s={search_term_string}"},"query-input":{"@type":"PropertyValueSpecification","valueRequired":true,"valueName":"search_term_string"}}],"inLanguage":"en-US"}]}},"_links":{"self":[{"href":"https:\/\/nge.vn\/en\/wp-json\/wp\/v2\/product\/6470","targetHints":{"allow":["GET"]}}],"collection":[{"href":"https:\/\/nge.vn\/en\/wp-json\/wp\/v2\/product"}],"about":[{"href":"https:\/\/nge.vn\/en\/wp-json\/wp\/v2\/types\/product"}],"replies":[{"embeddable":true,"href":"https:\/\/nge.vn\/en\/wp-json\/wp\/v2\/comments?post=6470"}],"wp:featuredmedia":[{"embeddable":true,"href":"https:\/\/nge.vn\/en\/wp-json\/wp\/v2\/media\/6471"}],"wp:attachment":[{"href":"https:\/\/nge.vn\/en\/wp-json\/wp\/v2\/media?parent=6470"}],"wp:term":[{"taxonomy":"product_brand","embeddable":true,"href":"https:\/\/nge.vn\/en\/wp-json\/wp\/v2\/product_brand?post=6470"},{"taxonomy":"product_cat","embeddable":true,"href":"https:\/\/nge.vn\/en\/wp-json\/wp\/v2\/product_cat?post=6470"},{"taxonomy":"product_tag","embeddable":true,"href":"https:\/\/nge.vn\/en\/wp-json\/wp\/v2\/product_tag?post=6470"}],"curies":[{"name":"wp","href":"https:\/\/api.w.org\/{rel}","templated":true}]}}