{"id":6458,"date":"2025-08-06T19:17:33","date_gmt":"2025-08-06T12:17:33","guid":{"rendered":"https:\/\/nge.vn\/?post_type=product&#038;p=6458"},"modified":"2025-08-06T19:17:34","modified_gmt":"2025-08-06T12:17:34","slug":"heating-tube-24v-40w-60w","status":"publish","type":"product","link":"https:\/\/nge.vn\/en\/product\/heating-tube-24v-40w-60w\/","title":{"rendered":"D\u00e2y D\u1eabn Nhi\u1ec7t Heating Tube 24V 40W"},"content":{"rendered":"<h4 data-start=\"941\" data-end=\"1034\">\ud83d\udd27 <strong data-start=\"949\" data-end=\"1034\">D\u00e2y D\u1eabn Nhi\u1ec7t Heating Tube 24V 40W \u2013 Gi\u1ea3i ph\u00e1p s\u01b0\u1edfi \u1ed5n \u0111\u1ecbnh cho \u0111\u1ea7u \u0111\u00f9n m\u00e1y in 3D<\/strong><\/h4>\n<p data-start=\"1036\" data-end=\"1348\"><strong data-start=\"1036\" data-end=\"1060\">Heating Tube 24V 40W<\/strong> l\u00e0 <strong data-start=\"1064\" data-end=\"1092\">d\u00e2y d\u1eabn nhi\u1ec7t ti\u00eau chu\u1ea9n<\/strong> d\u00e0nh cho \u0111\u1ea7u \u0111\u00f9n nh\u1ef1a c\u1ee7a m\u00e1y in 3D, gi\u00fap duy tr\u00ec nhi\u1ec7t \u0111\u1ed9 \u1ed5n \u0111\u1ecbnh v\u00e0 n\u00e2ng cao hi\u1ec7u su\u1ea5t in. V\u1edbi kh\u1ea3 n\u0103ng <strong data-start=\"1199\" data-end=\"1216\">k\u1ebft n\u1ed1i nhanh<\/strong>, <strong data-start=\"1218\" data-end=\"1237\">d\u1ec5 d\u00e0ng l\u1eafp \u0111\u1eb7t<\/strong>, v\u00e0 <strong data-start=\"1242\" data-end=\"1274\">t\u01b0\u01a1ng th\u00edch \u0111a d\u1ea1ng d\u00f2ng m\u00e1y<\/strong>, \u0111\u00e2y l\u00e0 linh ki\u1ec7n kh\u00f4ng th\u1ec3 thi\u1ebfu trong h\u1ec7 th\u1ed1ng \u0111\u1ea7u n\u00f3ng c\u1ee7a m\u00e1y in FDM.<\/p>\n<hr data-start=\"1350\" data-end=\"1353\" \/>\n<h4 data-start=\"1355\" data-end=\"1383\">\u2705 <strong data-start=\"1362\" data-end=\"1383\">\u0110\u1eb7c \u0111i\u1ec3m n\u1ed5i b\u1eadt:<\/strong><\/h4>\n<ul data-start=\"1384\" data-end=\"1667\">\n<li data-start=\"1384\" data-end=\"1448\">\n<p data-start=\"1386\" data-end=\"1448\"><strong data-start=\"1386\" data-end=\"1415\">K\u1ebft n\u1ed1i nhanh &amp; ch\u1eafc ch\u1eafn<\/strong> \u2013 Ti\u1ebft ki\u1ec7m th\u1eddi gian thao t\u00e1c<\/p>\n<\/li>\n<li data-start=\"1449\" data-end=\"1518\">\n<p data-start=\"1451\" data-end=\"1518\"><strong data-start=\"1451\" data-end=\"1471\">L\u1eafp \u0111\u1eb7t \u0111\u01a1n gi\u1ea3n<\/strong> \u2013 Thi\u1ebft k\u1ebf ph\u00f9 h\u1ee3p v\u1edbi \u0111a s\u1ed1 \u0111\u1ea7u n\u00f3ng m\u00e1y in<\/p>\n<\/li>\n<li data-start=\"1519\" data-end=\"1594\">\n<p data-start=\"1521\" data-end=\"1594\"><strong data-start=\"1521\" data-end=\"1548\">Nhi\u1ec7t \u1ed5n \u0111\u1ecbnh &amp; an to\u00e0n<\/strong> \u2013 Hi\u1ec7u su\u1ea5t gia nhi\u1ec7t m\u1ea1nh m\u1ebd, \u0111\u00e1ng tin c\u1eady<\/p>\n<\/li>\n<li data-start=\"1595\" data-end=\"1667\">\n<p data-start=\"1597\" data-end=\"1667\"><strong data-start=\"1597\" data-end=\"1617\">\u00c1p d\u1ee5ng r\u1ed9ng r\u00e3i<\/strong> \u2013 S\u1eed d\u1ee5ng linh ho\u1ea1t cho nhi\u1ec1u d\u00f2ng m\u00e1y Creality<\/p>\n<\/li>\n<\/ul>\n<hr data-start=\"1669\" data-end=\"1672\" \/>\n<h4 data-start=\"1674\" data-end=\"1704\">\ud83d\udccc <strong data-start=\"1682\" data-end=\"1704\">Th\u00f4ng s\u1ed1 k\u1ef9 thu\u1eadt:<\/strong><\/h4>\n<ul data-start=\"1705\" data-end=\"2015\">\n<li data-start=\"1705\" data-end=\"1756\">\n<p data-start=\"1707\" data-end=\"1756\"><strong data-start=\"1707\" data-end=\"1724\">Lo\u1ea1i s\u1ea3n ph\u1ea9m<\/strong>: D\u00e2y d\u1eabn nhi\u1ec7t \/ Heating Tube<\/p>\n<\/li>\n<li data-start=\"1757\" data-end=\"1780\">\n<p data-start=\"1759\" data-end=\"1780\"><strong data-start=\"1759\" data-end=\"1773\">Ngu\u1ed3n \u0111i\u1ec7n<\/strong>: 24V<\/p>\n<\/li>\n<li data-start=\"1781\" data-end=\"1832\">\n<p data-start=\"1783\" data-end=\"1832\"><strong data-start=\"1783\" data-end=\"1796\">C\u00f4ng su\u1ea5t<\/strong>: 40W ho\u1eb7c 60W (ch\u1ecdn theo nhu c\u1ea7u)<\/p>\n<\/li>\n<li data-start=\"1833\" data-end=\"1862\">\n<p data-start=\"1835\" data-end=\"1862\"><strong data-start=\"1835\" data-end=\"1852\">Chi\u1ec1u d\u00e0i d\u00e2y<\/strong>: 1500mm<\/p>\n<\/li>\n<li data-start=\"1863\" data-end=\"1892\">\n<p data-start=\"1865\" data-end=\"1892\"><strong data-start=\"1865\" data-end=\"1885\">Tr\u1ecdng l\u01b0\u1ee3ng t\u1ecbnh<\/strong>: 36g<\/p>\n<\/li>\n<li data-start=\"1893\" data-end=\"1926\">\n<p data-start=\"1895\" data-end=\"1926\"><strong data-start=\"1895\" data-end=\"1919\">Tr\u1ecdng l\u01b0\u1ee3ng \u0111\u00f3ng g\u00f3i<\/strong>: 38g<\/p>\n<\/li>\n<li data-start=\"1927\" data-end=\"1970\">\n<p data-start=\"1929\" data-end=\"1970\"><strong data-start=\"1929\" data-end=\"1957\">K\u00edch th\u01b0\u1edbc \u0111\u1ea7u gia nhi\u1ec7t<\/strong>: \u03c66 \u00d7 20mm<\/p>\n<\/li>\n<li data-start=\"1971\" data-end=\"2015\">\n<p data-start=\"1973\" data-end=\"2015\"><strong data-start=\"1973\" data-end=\"1996\">K\u00edch th\u01b0\u1edbc \u0111\u00f3ng g\u00f3i<\/strong>: 140 \u00d7 50 \u00d7 80mm<\/p>\n<\/li>\n<\/ul>\n<hr data-start=\"2017\" data-end=\"2020\" \/>\n<h4 data-start=\"2022\" data-end=\"2051\">\ud83d\udda8\ufe0f <strong data-start=\"2031\" data-end=\"2051\">T\u01b0\u01a1ng th\u00edch v\u1edbi:<\/strong><\/h4>\n<p data-start=\"2053\" data-end=\"2115\"><strong data-start=\"2053\" data-end=\"2077\">\u27a1\ufe0f Phi\u00ean b\u1ea3n 24V 40W<\/strong> d\u00f9ng cho \u0111a s\u1ed1 m\u00e1y in 3D ph\u1ed5 th\u00f4ng:<\/p>\n<ul data-start=\"2116\" data-end=\"2358\">\n<li data-start=\"2116\" data-end=\"2149\">\n<p data-start=\"2118\" data-end=\"2149\">Ender-6, CR-200B, Ender-3 Max<\/p>\n<\/li>\n<li data-start=\"2150\" data-end=\"2189\">\n<p data-start=\"2152\" data-end=\"2189\">CR-5 Pro, CR-10S Pro, CR-10S Pro V2<\/p>\n<\/li>\n<li data-start=\"2190\" data-end=\"2231\">\n<p data-start=\"2192\" data-end=\"2231\">CR-10 V2, CR-10 V3, CR-6 SE, CR-6 MAX<\/p>\n<\/li>\n<li data-start=\"2232\" data-end=\"2268\">\n<p data-start=\"2234\" data-end=\"2268\">Ender-3, Ender-3 Pro, Ender-3 V2<\/p>\n<\/li>\n<li data-start=\"2269\" data-end=\"2307\">\n<p data-start=\"2271\" data-end=\"2307\">Ender-5, Ender-5 Pro, Ender-5 Plus<\/p>\n<\/li>\n<li data-start=\"2308\" data-end=\"2358\">\n<p data-start=\"2310\" data-end=\"2358\">CR-10 MAX, CR-X, CR-X Pro, Sermoon D1, CT-228&#8230;<\/p>\n<\/li>\n<\/ul>\n<p data-start=\"2360\" data-end=\"2434\"><strong data-start=\"2360\" data-end=\"2384\">\u27a1\ufe0f Phi\u00ean b\u1ea3n 24V 60W<\/strong> d\u00f9ng cho c\u00e1c m\u00e1y c\u00f4ng nghi\u1ec7p v\u00e0 k\u00edch th\u01b0\u1edbc l\u1edbn:<\/p>\n<ul data-start=\"2435\" data-end=\"2479\">\n<li data-start=\"2435\" data-end=\"2479\">\n<p data-start=\"2437\" data-end=\"2479\">CR-5060 Pro, CT-380, CR-3040 Pro, CR-30&#8230;<\/p>\n<\/li>\n<\/ul>\n<hr data-start=\"2481\" data-end=\"2484\" \/>\n<p data-start=\"2486\" data-end=\"2597\">\ud83d\udccc <strong data-start=\"2489\" data-end=\"2498\">L\u01b0u \u00fd<\/strong>: Vui l\u00f2ng ch\u1ecdn \u0111\u00fang c\u00f4ng su\u1ea5t 40W ho\u1eb7c 60W t\u00f9y thu\u1ed9c v\u00e0o d\u00f2ng m\u00e1y \u0111\u1ec3 \u0111\u1ea3m b\u1ea3o hi\u1ec7u su\u1ea5t v\u00e0 an to\u00e0n.<\/p>\n<blockquote class=\"wp-embedded-content\" data-secret=\"AkKhA8R0h5\"><p><a href=\"https:\/\/nge.vn\/en\/product\/may-in-3d-creality-ender-3-v3-se-do-chinh-xac-va-toc-do-cao-250mm-s\/\">M\u00e1y in 3d Creality Ender 3 V3 SE \u0111\u1ed9 ch\u00ednh x\u00e1c v\u00e0 t\u1ed1c \u0111\u1ed9 cao 250mm\/s<\/a><\/p><\/blockquote>\n<p><iframe loading=\"lazy\" class=\"wp-embedded-content\" sandbox=\"allow-scripts\" security=\"restricted\" style=\"position: absolute; visibility: hidden;\" title=\"&#8220;M\u00e1y in 3d Creality Ender 3 V3 SE \u0111\u1ed9 ch\u00ednh x\u00e1c v\u00e0 t\u1ed1c \u0111\u1ed9 cao 250mm\/s&#8221; &#8212; NGE 3D Printers Services\" src=\"https:\/\/nge.vn\/san-pham\/may-in-3d-creality-ender-3-v3-se-do-chinh-xac-va-toc-do-cao-250mm-s\/embed\/#?secret=aD5PygAKQH#?secret=AkKhA8R0h5\" data-secret=\"AkKhA8R0h5\" width=\"600\" height=\"338\" frameborder=\"0\" marginwidth=\"0\" marginheight=\"0\" scrolling=\"no\"><\/iframe><\/p>\n<p data-start=\"2486\" data-end=\"2597\">\n<p data-start=\"2486\" data-end=\"2597\">-\u0110\u00e2y l\u00e0 c\u00e1c trang b\u00e1n h\u00e0ng b\u00ean m\u00ecnh NGE 3D Printer Services chuy\u00ean cung c\u1ea5p Nh\u1ef1a in 3D v\u00e0 M\u00e1y in 3D c\u1ee7a H\u00e3ng ESUN, Flsun, BIQU, Creality, eMake3d&#8230;<br \/>\n\ud83d\uded2Shopee =&gt; https:\/\/shopee.vn\/nge3dprinter<br \/>\n\ud83d\uded2Shopee =&gt; https:\/\/shopee.vn\/nge3dservices<br \/>\n\ud83d\uded2Shopee Voron v\u00e0 eMake3D =&gt; https:\/\/shopee.vn\/3dmasterpower<br \/>\n\ud83d\uded2Shopee eMake3D =&gt; https:\/\/shopee.vn\/nge3dprinting<br \/>\n\ud83d\uded2Lazada =&gt; https:\/\/www.lazada.vn\/shop\/nge-3d-printer<br \/>\n\ud83d\uded2Lazada =&gt; https:\/\/www.lazada.vn\/shop\/nge-3d-printer-services<br \/>\n\ud83d\uded2Lazada =&gt; https:\/\/www.lazada.vn\/shop\/emake3d-vn<br \/>\n\ud83d\uded2Webslite Th\u1ebf H\u1ec7 K\u1ebf Ti\u1ebfp =&gt;https:\/\/www.theheketiep.com\/<br \/>\n\ud83d\uded2Webslite NGE.VN =&gt;https:\/\/www.nge.vn\/<br \/>\nHo\u1eb7c b\u1ea1n g\u1ecdi 094.144.0951 g\u1eb7p m\u00ecnh<br \/>\nHo\u1eb7c 0913939775 g\u1eb7p anh Qu\u00e2n<br \/>\n** Price does not include VAT (+8 or 10% if VAT invoice is issued)<\/p>","protected":false},"excerpt":{"rendered":"<p data-start=\"333\" data-end=\"503\">Heating Tube 24V 40W \u2013 D\u00e2y d\u1eabn nhi\u1ec7t cho \u0111\u1ea7u \u0111\u00f9n m\u00e1y in 3D, \u1ed5n \u0111\u1ecbnh, k\u1ebft n\u1ed1i nhanh, d\u1ec5 l\u1eafp \u0111\u1eb7t. T\u01b0\u01a1ng th\u00edch nhi\u1ec1u d\u00f2ng m\u00e1y nh\u01b0 Ender-3, CR-10, CR-6 SE, Ender-5, v.v.<\/p>","protected":false},"featured_media":6459,"comment_status":"open","ping_status":"closed","template":"","meta":{"inline_featured_image":false},"product_brand":[],"product_cat":[40,56],"product_tag":[866,829,663],"class_list":{"0":"post-6458","1":"product","2":"type-product","3":"status-publish","4":"has-post-thumbnail","6":"product_cat-linh-kien-va-phu-kien","7":"product_cat-linh-phu-kien-may-in-3d-creality","8":"product_tag-heatingtube","9":"product_tag-in3d","10":"product_tag-nge3d","12":"first","13":"instock","14":"taxable","15":"shipping-taxable","16":"purchasable","17":"product-type-variable"},"yoast_head":"<!-- This site is optimized with the Yoast SEO Premium plugin v22.8 (Yoast SEO v26.9) - https:\/\/yoast.com\/product\/yoast-seo-premium-wordpress\/ -->\n<title>D\u00e2y D\u1eabn Nhi\u1ec7t Heating Tube 24V 40W - NGE 3D Printers Services<\/title>\n<meta name=\"description\" content=\"Heating Tube 24V 40W \u2013 D\u00e2y d\u1eabn nhi\u1ec7t cho \u0111\u1ea7u \u0111\u00f9n m\u00e1y in 3D, \u1ed5n \u0111\u1ecbnh, k\u1ebft n\u1ed1i nhanh, d\u1ec5 l\u1eafp \u0111\u1eb7t. T\u01b0\u01a1ng th\u00edch c\u00e1c d\u00f2ng m\u00e1y nh\u01b0 Ender-3, CR-10, Ender-5, v.v.\" \/>\n<meta name=\"robots\" content=\"index, follow, max-snippet:-1, max-image-preview:large, max-video-preview:-1\" \/>\n<link rel=\"canonical\" href=\"https:\/\/nge.vn\/en\/product\/heating-tube-24v-40w-60w\/\" \/>\n<meta property=\"og:locale\" content=\"en_US\" \/>\n<meta property=\"og:type\" content=\"article\" \/>\n<meta property=\"og:title\" content=\"D\u00e2y D\u1eabn Nhi\u1ec7t Heating Tube 24V 40W\" \/>\n<meta property=\"og:description\" content=\"Heating Tube 24V 40W \u2013 D\u00e2y d\u1eabn nhi\u1ec7t cho \u0111\u1ea7u \u0111\u00f9n m\u00e1y in 3D, \u1ed5n \u0111\u1ecbnh, k\u1ebft n\u1ed1i nhanh, d\u1ec5 l\u1eafp \u0111\u1eb7t. T\u01b0\u01a1ng th\u00edch c\u00e1c d\u00f2ng m\u00e1y nh\u01b0 Ender-3, CR-10, Ender-5, v.v.\" \/>\n<meta property=\"og:url\" content=\"https:\/\/nge.vn\/en\/product\/heating-tube-24v-40w-60w\/\" \/>\n<meta property=\"og:site_name\" content=\"NGE 3D Printers Services\" \/>\n<meta property=\"article:modified_time\" content=\"2025-08-06T12:17:34+00:00\" \/>\n<meta property=\"og:image\" content=\"https:\/\/nge.vn\/wp-content\/uploads\/2025\/08\/22a352ef3cd1e2ff1dad6f90d7eb7d20_tn.jpeg\" \/>\n\t<meta property=\"og:image:width\" content=\"320\" \/>\n\t<meta property=\"og:image:height\" content=\"320\" \/>\n\t<meta property=\"og:image:type\" content=\"image\/jpeg\" \/>\n<meta name=\"twitter:card\" content=\"summary_large_image\" \/>\n<meta name=\"twitter:label1\" content=\"Est. reading time\" \/>\n\t<meta name=\"twitter:data1\" content=\"3 minutes\" \/>\n<script type=\"application\/ld+json\" class=\"yoast-schema-graph\">{\"@context\":\"https:\/\/schema.org\",\"@graph\":[{\"@type\":\"WebPage\",\"@id\":\"https:\/\/nge.vn\/san-pham\/heating-tube-24v-40w-60w\/\",\"url\":\"https:\/\/nge.vn\/san-pham\/heating-tube-24v-40w-60w\/\",\"name\":\"D\u00e2y D\u1eabn Nhi\u1ec7t Heating Tube 24V 40W - NGE 3D Printers Services\",\"isPartOf\":{\"@id\":\"https:\/\/nge.vn\/#website\"},\"primaryImageOfPage\":{\"@id\":\"https:\/\/nge.vn\/san-pham\/heating-tube-24v-40w-60w\/#primaryimage\"},\"image\":{\"@id\":\"https:\/\/nge.vn\/san-pham\/heating-tube-24v-40w-60w\/#primaryimage\"},\"thumbnailUrl\":\"https:\/\/nge.vn\/wp-content\/uploads\/2025\/08\/22a352ef3cd1e2ff1dad6f90d7eb7d20_tn.jpeg\",\"datePublished\":\"2025-08-06T12:17:33+00:00\",\"dateModified\":\"2025-08-06T12:17:34+00:00\",\"description\":\"Heating Tube 24V 40W \u2013 D\u00e2y d\u1eabn nhi\u1ec7t cho \u0111\u1ea7u \u0111\u00f9n m\u00e1y in 3D, \u1ed5n \u0111\u1ecbnh, k\u1ebft n\u1ed1i nhanh, d\u1ec5 l\u1eafp \u0111\u1eb7t. T\u01b0\u01a1ng th\u00edch c\u00e1c d\u00f2ng m\u00e1y nh\u01b0 Ender-3, CR-10, Ender-5, v.v.\",\"breadcrumb\":{\"@id\":\"https:\/\/nge.vn\/san-pham\/heating-tube-24v-40w-60w\/#breadcrumb\"},\"inLanguage\":\"en-US\",\"potentialAction\":[{\"@type\":\"ReadAction\",\"target\":[\"https:\/\/nge.vn\/san-pham\/heating-tube-24v-40w-60w\/\"]}]},{\"@type\":\"ImageObject\",\"inLanguage\":\"en-US\",\"@id\":\"https:\/\/nge.vn\/san-pham\/heating-tube-24v-40w-60w\/#primaryimage\",\"url\":\"https:\/\/nge.vn\/wp-content\/uploads\/2025\/08\/22a352ef3cd1e2ff1dad6f90d7eb7d20_tn.jpeg\",\"contentUrl\":\"https:\/\/nge.vn\/wp-content\/uploads\/2025\/08\/22a352ef3cd1e2ff1dad6f90d7eb7d20_tn.jpeg\",\"width\":320,\"height\":320},{\"@type\":\"BreadcrumbList\",\"@id\":\"https:\/\/nge.vn\/san-pham\/heating-tube-24v-40w-60w\/#breadcrumb\",\"itemListElement\":[{\"@type\":\"ListItem\",\"position\":1,\"name\":\"Trang ch\u1ee7\",\"item\":\"https:\/\/nge.vn\/\"},{\"@type\":\"ListItem\",\"position\":2,\"name\":\"S\u1ea3n ph\u1ea9m\",\"item\":\"https:\/\/nge.vn\/san-pham\/\"},{\"@type\":\"ListItem\",\"position\":3,\"name\":\"D\u00e2y D\u1eabn Nhi\u1ec7t Heating Tube 24V 40W\"}]},{\"@type\":\"WebSite\",\"@id\":\"https:\/\/nge.vn\/#website\",\"url\":\"https:\/\/nge.vn\/\",\"name\":\"NGE 3D Printers Services\",\"description\":\"\",\"potentialAction\":[{\"@type\":\"SearchAction\",\"target\":{\"@type\":\"EntryPoint\",\"urlTemplate\":\"https:\/\/nge.vn\/?s={search_term_string}\"},\"query-input\":{\"@type\":\"PropertyValueSpecification\",\"valueRequired\":true,\"valueName\":\"search_term_string\"}}],\"inLanguage\":\"en-US\"}]}<\/script>\n<!-- \/ Yoast SEO Premium plugin. -->","yoast_head_json":{"title":"D\u00e2y D\u1eabn Nhi\u1ec7t Heating Tube 24V 40W - NGE 3D Printers Services","description":"Heating Tube 24V 40W \u2013 D\u00e2y d\u1eabn nhi\u1ec7t cho \u0111\u1ea7u \u0111\u00f9n m\u00e1y in 3D, \u1ed5n \u0111\u1ecbnh, k\u1ebft n\u1ed1i nhanh, d\u1ec5 l\u1eafp \u0111\u1eb7t. T\u01b0\u01a1ng th\u00edch c\u00e1c d\u00f2ng m\u00e1y nh\u01b0 Ender-3, CR-10, Ender-5, v.v.","robots":{"index":"index","follow":"follow","max-snippet":"max-snippet:-1","max-image-preview":"max-image-preview:large","max-video-preview":"max-video-preview:-1"},"canonical":"https:\/\/nge.vn\/en\/product\/heating-tube-24v-40w-60w\/","og_locale":"en_US","og_type":"article","og_title":"D\u00e2y D\u1eabn Nhi\u1ec7t Heating Tube 24V 40W","og_description":"Heating Tube 24V 40W \u2013 D\u00e2y d\u1eabn nhi\u1ec7t cho \u0111\u1ea7u \u0111\u00f9n m\u00e1y in 3D, \u1ed5n \u0111\u1ecbnh, k\u1ebft n\u1ed1i nhanh, d\u1ec5 l\u1eafp \u0111\u1eb7t. T\u01b0\u01a1ng th\u00edch c\u00e1c d\u00f2ng m\u00e1y nh\u01b0 Ender-3, CR-10, Ender-5, v.v.","og_url":"https:\/\/nge.vn\/en\/product\/heating-tube-24v-40w-60w\/","og_site_name":"NGE 3D Printers Services","article_modified_time":"2025-08-06T12:17:34+00:00","og_image":[{"width":320,"height":320,"url":"https:\/\/nge.vn\/wp-content\/uploads\/2025\/08\/22a352ef3cd1e2ff1dad6f90d7eb7d20_tn.jpeg","type":"image\/jpeg"}],"twitter_card":"summary_large_image","twitter_misc":{"Est. reading time":"3 minutes"},"schema":{"@context":"https:\/\/schema.org","@graph":[{"@type":"WebPage","@id":"https:\/\/nge.vn\/san-pham\/heating-tube-24v-40w-60w\/","url":"https:\/\/nge.vn\/san-pham\/heating-tube-24v-40w-60w\/","name":"D\u00e2y D\u1eabn Nhi\u1ec7t Heating Tube 24V 40W - NGE 3D Printers Services","isPartOf":{"@id":"https:\/\/nge.vn\/#website"},"primaryImageOfPage":{"@id":"https:\/\/nge.vn\/san-pham\/heating-tube-24v-40w-60w\/#primaryimage"},"image":{"@id":"https:\/\/nge.vn\/san-pham\/heating-tube-24v-40w-60w\/#primaryimage"},"thumbnailUrl":"https:\/\/nge.vn\/wp-content\/uploads\/2025\/08\/22a352ef3cd1e2ff1dad6f90d7eb7d20_tn.jpeg","datePublished":"2025-08-06T12:17:33+00:00","dateModified":"2025-08-06T12:17:34+00:00","description":"Heating Tube 24V 40W \u2013 D\u00e2y d\u1eabn nhi\u1ec7t cho \u0111\u1ea7u \u0111\u00f9n m\u00e1y in 3D, \u1ed5n \u0111\u1ecbnh, k\u1ebft n\u1ed1i nhanh, d\u1ec5 l\u1eafp \u0111\u1eb7t. T\u01b0\u01a1ng th\u00edch c\u00e1c d\u00f2ng m\u00e1y nh\u01b0 Ender-3, CR-10, Ender-5, v.v.","breadcrumb":{"@id":"https:\/\/nge.vn\/san-pham\/heating-tube-24v-40w-60w\/#breadcrumb"},"inLanguage":"en-US","potentialAction":[{"@type":"ReadAction","target":["https:\/\/nge.vn\/san-pham\/heating-tube-24v-40w-60w\/"]}]},{"@type":"ImageObject","inLanguage":"en-US","@id":"https:\/\/nge.vn\/san-pham\/heating-tube-24v-40w-60w\/#primaryimage","url":"https:\/\/nge.vn\/wp-content\/uploads\/2025\/08\/22a352ef3cd1e2ff1dad6f90d7eb7d20_tn.jpeg","contentUrl":"https:\/\/nge.vn\/wp-content\/uploads\/2025\/08\/22a352ef3cd1e2ff1dad6f90d7eb7d20_tn.jpeg","width":320,"height":320},{"@type":"BreadcrumbList","@id":"https:\/\/nge.vn\/san-pham\/heating-tube-24v-40w-60w\/#breadcrumb","itemListElement":[{"@type":"ListItem","position":1,"name":"Trang ch\u1ee7","item":"https:\/\/nge.vn\/"},{"@type":"ListItem","position":2,"name":"S\u1ea3n ph\u1ea9m","item":"https:\/\/nge.vn\/san-pham\/"},{"@type":"ListItem","position":3,"name":"D\u00e2y D\u1eabn Nhi\u1ec7t Heating Tube 24V 40W"}]},{"@type":"WebSite","@id":"https:\/\/nge.vn\/#website","url":"https:\/\/nge.vn\/","name":"NGE 3D Printers Services","description":"","potentialAction":[{"@type":"SearchAction","target":{"@type":"EntryPoint","urlTemplate":"https:\/\/nge.vn\/?s={search_term_string}"},"query-input":{"@type":"PropertyValueSpecification","valueRequired":true,"valueName":"search_term_string"}}],"inLanguage":"en-US"}]}},"_links":{"self":[{"href":"https:\/\/nge.vn\/en\/wp-json\/wp\/v2\/product\/6458","targetHints":{"allow":["GET"]}}],"collection":[{"href":"https:\/\/nge.vn\/en\/wp-json\/wp\/v2\/product"}],"about":[{"href":"https:\/\/nge.vn\/en\/wp-json\/wp\/v2\/types\/product"}],"replies":[{"embeddable":true,"href":"https:\/\/nge.vn\/en\/wp-json\/wp\/v2\/comments?post=6458"}],"wp:featuredmedia":[{"embeddable":true,"href":"https:\/\/nge.vn\/en\/wp-json\/wp\/v2\/media\/6459"}],"wp:attachment":[{"href":"https:\/\/nge.vn\/en\/wp-json\/wp\/v2\/media?parent=6458"}],"wp:term":[{"taxonomy":"product_brand","embeddable":true,"href":"https:\/\/nge.vn\/en\/wp-json\/wp\/v2\/product_brand?post=6458"},{"taxonomy":"product_cat","embeddable":true,"href":"https:\/\/nge.vn\/en\/wp-json\/wp\/v2\/product_cat?post=6458"},{"taxonomy":"product_tag","embeddable":true,"href":"https:\/\/nge.vn\/en\/wp-json\/wp\/v2\/product_tag?post=6458"}],"curies":[{"name":"wp","href":"https:\/\/api.w.org\/{rel}","templated":true}]}}