{"id":6444,"date":"2025-08-06T17:45:37","date_gmt":"2025-08-06T10:45:37","guid":{"rendered":"https:\/\/nge.vn\/?post_type=product&#038;p=6444"},"modified":"2025-08-06T17:45:37","modified_gmt":"2025-08-06T10:45:37","slug":"nhua-in-3d-resin-esun-a200-eresin-abs-pro-0-5kg","status":"publish","type":"product","link":"https:\/\/nge.vn\/en\/product\/nhua-in-3d-resin-esun-a200-eresin-abs-pro-0-5kg\/","title":{"rendered":"Nh\u1ef1a in 3d resin eSun A200 eResin-ABS Pro 0.5kg"},"content":{"rendered":"<h4 data-start=\"904\" data-end=\"996\">\ud83d\udee0\ufe0f <strong data-start=\"913\" data-end=\"996\">eSun A200 eResin-ABS Pro \u2013 Nh\u1ef1a k\u1ef9 thu\u1eadt b\u1ec1n b\u1ec9 nh\u01b0 ABS cho in 3D chuy\u00ean nghi\u1ec7p<\/strong><\/h4>\n<p data-start=\"998\" data-end=\"1241\">eResin-ABS Pro l\u00e0 d\u00f2ng nh\u1ef1a in 3D k\u1ef9 thu\u1eadt \u0111\u01b0\u1ee3c <strong data-start=\"1046\" data-end=\"1069\">ph\u00e1t tri\u1ec3n b\u1edfi eSun<\/strong>, n\u1ed5i b\u1eadt v\u1edbi \u0111\u1ed9 b\u1ec1n c\u01a1 h\u1ecdc v\u01b0\u1ee3t tr\u1ed9i, kh\u1ea3 n\u0103ng <strong data-start=\"1117\" data-end=\"1133\">ch\u1ed1ng va \u0111\u1eadp<\/strong>, <strong data-start=\"1135\" data-end=\"1147\">ch\u1ecbu l\u1ef1c<\/strong>, v\u00e0 <strong data-start=\"1152\" data-end=\"1166\">\u0111\u1ed9 co th\u1ea5p<\/strong>, l\u00fd t\u01b0\u1edfng cho c\u00e1c b\u1ea3n in c\u00f3 t\u00ednh n\u0103ng k\u1ef9 thu\u1eadt v\u00e0 y\u00eau c\u1ea7u s\u1eed d\u1ee5ng l\u00e2u d\u00e0i.<\/p>\n<p data-start=\"1243\" data-end=\"1420\">Lo\u1ea1i nh\u1ef1a n\u00e0y m\u00f4 ph\u1ecfng \u0111\u1eb7c t\u00ednh c\u1ee7a ABS, r\u1ea5t th\u00edch h\u1ee3p \u0111\u1ec3 in <strong data-start=\"1304\" data-end=\"1322\">v\u1ecf nh\u1ef1a b\u1ea3o v\u1ec7<\/strong>, <strong data-start=\"1324\" data-end=\"1345\">b\u1ea3n m\u1eabu ch\u1ee9c n\u0103ng<\/strong>, ho\u1eb7c <strong data-start=\"1352\" data-end=\"1377\">c\u00e1c chi ti\u1ebft k\u1ef9 thu\u1eadt<\/strong> trong l\u0129nh v\u1ef1c c\u01a1 kh\u00ed, \u0111i\u1ec7n t\u1eed v\u00e0 ch\u1ebf t\u1ea1o.<\/p>\n<hr data-start=\"1422\" data-end=\"1425\" \/>\n<h4 data-start=\"1427\" data-end=\"1455\">\u2705 <strong data-start=\"1434\" data-end=\"1455\">\u0110\u1eb7c \u0111i\u1ec3m n\u1ed5i b\u1eadt:<\/strong><\/h4>\n<ul data-start=\"1456\" data-end=\"1742\">\n<li data-start=\"1456\" data-end=\"1491\">\n<p data-start=\"1458\" data-end=\"1491\"><strong data-start=\"1458\" data-end=\"1489\">C\u01b0\u1eddng \u0111\u1ed9 cao \u2013 Ch\u1ecbu l\u1ef1c t\u1ed1t<\/strong><\/p>\n<\/li>\n<li data-start=\"1492\" data-end=\"1538\">\n<p data-start=\"1494\" data-end=\"1538\"><strong data-start=\"1494\" data-end=\"1536\">Ch\u1ed1ng va \u0111\u1eadp \u2013 C\u00f3 th\u1ec3 g\u00f5 nh\u1eb9 kh\u00f4ng n\u1ee9t<\/strong><\/p>\n<\/li>\n<li data-start=\"1539\" data-end=\"1587\">\n<p data-start=\"1541\" data-end=\"1587\"><strong data-start=\"1541\" data-end=\"1585\">\u0110\u1ed9 co th\u1ea5p \u2013 In \u1ed5n \u0111\u1ecbnh, kh\u00f4ng bi\u1ebfn d\u1ea1ng<\/strong><\/p>\n<\/li>\n<li data-start=\"1588\" data-end=\"1644\">\n<p data-start=\"1590\" data-end=\"1644\"><strong data-start=\"1590\" data-end=\"1642\">\u0110\u1ed9 ch\u00ednh x\u00e1c cao \u2013 \u0110\u00e1p \u1ee9ng c\u00e1c chi ti\u1ebft k\u1ef9 thu\u1eadt<\/strong><\/p>\n<\/li>\n<li data-start=\"1645\" data-end=\"1698\">\n<p data-start=\"1647\" data-end=\"1698\"><strong data-start=\"1647\" data-end=\"1696\">D\u1ec5 gia c\u00f4ng \u2013 C\u00f3 th\u1ec3 khoan, c\u1eaft, x\u1eed l\u00fd sau in<\/strong><\/p>\n<\/li>\n<li data-start=\"1699\" data-end=\"1742\">\n<p data-start=\"1701\" data-end=\"1742\"><strong data-start=\"1701\" data-end=\"1740\">T\u01b0\u01a1ng th\u00edch v\u1edbi m\u00e1y in 3D LCD &amp; DLP<\/strong><\/p>\n<\/li>\n<\/ul>\n<hr data-start=\"1744\" data-end=\"1747\" \/>\n<h4 data-start=\"1749\" data-end=\"1780\">\ud83d\udccc <strong data-start=\"1757\" data-end=\"1780\">\u1ee8ng d\u1ee5ng th\u1ef1c ti\u1ec5n:<\/strong><\/h4>\n<ul data-start=\"1781\" data-end=\"1989\">\n<li data-start=\"1781\" data-end=\"1823\">\n<p data-start=\"1783\" data-end=\"1823\"><strong data-start=\"1783\" data-end=\"1821\">C\u00f4ng nghi\u1ec7p k\u1ef9 thu\u1eadt (Engineering)<\/strong><\/p>\n<\/li>\n<li data-start=\"1824\" data-end=\"1892\">\n<p data-start=\"1826\" data-end=\"1892\"><strong data-start=\"1826\" data-end=\"1890\">Ch\u1ebf t\u1ea1o v\u00e0 s\u1ea3n xu\u1ea5t th\u1eed nghi\u1ec7m (Manufacturing &amp; Prototyping)<\/strong><\/p>\n<\/li>\n<li data-start=\"1893\" data-end=\"1946\">\n<p data-start=\"1895\" data-end=\"1946\"><strong data-start=\"1895\" data-end=\"1944\">Garage kit, m\u00f4 h\u00ecnh nh\u00e2n v\u1eadt, ph\u1ee5 ki\u1ec7n c\u01a1 kh\u00ed<\/strong><\/p>\n<\/li>\n<li data-start=\"1947\" data-end=\"1989\">\n<p data-start=\"1949\" data-end=\"1989\"><strong data-start=\"1949\" data-end=\"1987\">V\u1ecf b\u1ecdc thi\u1ebft b\u1ecb, linh ki\u1ec7n \u0111i\u1ec7n t\u1eed<\/strong><\/p>\n<\/li>\n<\/ul>\n<hr data-start=\"1991\" data-end=\"1994\" \/>\n<h4 data-start=\"1996\" data-end=\"2027\">\ud83d\udce6 <strong data-start=\"2004\" data-end=\"2027\">Th\u00f4ng tin s\u1ea3n ph\u1ea9m:<\/strong><\/h4>\n<ul data-start=\"2028\" data-end=\"2253\">\n<li data-start=\"2028\" data-end=\"2074\">\n<p data-start=\"2030\" data-end=\"2074\"><strong data-start=\"2030\" data-end=\"2046\">T\u00ean s\u1ea3n ph\u1ea9m<\/strong>: eSun A200 eResin-ABS Pro<\/p>\n<\/li>\n<li data-start=\"2075\" data-end=\"2099\">\n<p data-start=\"2077\" data-end=\"2099\"><strong data-start=\"2077\" data-end=\"2090\">Dung t\u00edch<\/strong>: 500ml<\/p>\n<\/li>\n<li data-start=\"2100\" data-end=\"2140\">\n<p data-start=\"2102\" data-end=\"2140\"><strong data-start=\"2102\" data-end=\"2110\">Lo\u1ea1i<\/strong>: Nh\u1ef1a k\u1ef9 thu\u1eadt m\u00f4 ph\u1ecfng ABS<\/p>\n<\/li>\n<li data-start=\"2141\" data-end=\"2208\">\n<p data-start=\"2143\" data-end=\"2208\"><strong data-start=\"2143\" data-end=\"2154\">M\u00e0u s\u1eafc<\/strong>: (T\u00f9y theo phi\u00ean b\u1ea3n \u2013 c\u00f3 th\u1ec3 c\u1eadp nh\u1eadt m\u00e0u khi c\u1ea7n)<\/p>\n<\/li>\n<li data-start=\"2209\" data-end=\"2253\">\n<p data-start=\"2211\" data-end=\"2253\"><strong data-start=\"2211\" data-end=\"2226\">T\u01b0\u01a1ng th\u00edch<\/strong>: M\u00e1y in 3D LCD\/DLP 405nm<\/p>\n<\/li>\n<\/ul>\n<hr data-start=\"2255\" data-end=\"2258\" \/>\n<h4 data-start=\"2260\" data-end=\"2290\">\u26a0\ufe0f <strong data-start=\"2268\" data-end=\"2290\">L\u01b0u \u00fd khi s\u1eed d\u1ee5ng:<\/strong><\/h4>\n<ul data-start=\"2291\" data-end=\"2419\">\n<li data-start=\"2291\" data-end=\"2361\">\n<p data-start=\"2293\" data-end=\"2361\"><strong data-start=\"2293\" data-end=\"2322\">L\u1eafc \u0111\u1ec1u chai tr\u01b0\u1edbc khi in<\/strong> \u0111\u1ec3 \u0111\u1ea3m b\u1ea3o ch\u1ea5t l\u01b0\u1ee3ng resin \u1ed5n \u0111\u1ecbnh.<\/p>\n<\/li>\n<li data-start=\"2362\" data-end=\"2419\">\n<p data-start=\"2364\" data-end=\"2419\">N\u00ean b\u1ea3o qu\u1ea3n \u1edf n\u01a1i kh\u00f4 m\u00e1t, tr\u00e1nh \u00e1nh s\u00e1ng tr\u1ef1c ti\u1ebfp.<\/p>\n<\/li>\n<\/ul>\n<p>&nbsp;<\/p>\n<blockquote class=\"wp-embedded-content\" data-secret=\"8h139odnHw\"><p><a href=\"https:\/\/nge.vn\/en\/product\/may-in-3d-resin-creality-halot-mage-pro-8k-10-3-inch-toc-do-va-do-chinh-xac-cao-chuyen-dung-cho-nha-khoa-va-nu-trang\/\">Creality Halot Mage Pro 8K 10.3 inch high speed and precision resin 3d printer for Dentistry and Jewelry<\/a><\/p><\/blockquote>\n<p><iframe loading=\"lazy\" class=\"wp-embedded-content\" sandbox=\"allow-scripts\" security=\"restricted\" style=\"position: absolute; visibility: hidden;\" title=\"&#8220;M\u00e1y in 3d resin Creality Halot Mage Pro 8K 10.3 inch t\u1ed1c \u0111\u1ed9 v\u00e0 \u0111\u1ed9 ch\u00ednh x\u00e1c cao chuy\u00ean d\u00f9ng cho Nha Khoa v\u00e0 N\u1eef Trang&#8221; &#8212; NGE 3D Printers Services\" src=\"https:\/\/nge.vn\/san-pham\/may-in-3d-resin-creality-halot-mage-pro-8k-10-3-inch-toc-do-va-do-chinh-xac-cao-chuyen-dung-cho-nha-khoa-va-nu-trang\/embed\/#?secret=TOmkDyjiKx#?secret=8h139odnHw\" data-secret=\"8h139odnHw\" width=\"600\" height=\"338\" frameborder=\"0\" marginwidth=\"0\" marginheight=\"0\" scrolling=\"no\"><\/iframe><\/p>\n<p>&nbsp;<\/p>\n<p>-\u0110\u00e2y l\u00e0 c\u00e1c trang b\u00e1n h\u00e0ng b\u00ean m\u00ecnh NGE 3D Printer Services chuy\u00ean cung c\u1ea5p Nh\u1ef1a in 3D v\u00e0 M\u00e1y in 3D c\u1ee7a H\u00e3ng ESUN, Flsun, BIQU, Creality, eMake3d&#8230;<br \/>\n\ud83d\uded2Shopee =&gt; https:\/\/shopee.vn\/nge3dprinter<br \/>\n\ud83d\uded2Shopee =&gt; https:\/\/shopee.vn\/nge3dservices<br \/>\n\ud83d\uded2Shopee Voron v\u00e0 eMake3D =&gt; https:\/\/shopee.vn\/3dmasterpower<br \/>\n\ud83d\uded2Shopee eMake3D =&gt; https:\/\/shopee.vn\/nge3dprinting<br \/>\n\ud83d\uded2Lazada =&gt; https:\/\/www.lazada.vn\/shop\/nge-3d-printer<br \/>\n\ud83d\uded2Lazada =&gt; https:\/\/www.lazada.vn\/shop\/nge-3d-printer-services<br \/>\n\ud83d\uded2Lazada =&gt; https:\/\/www.lazada.vn\/shop\/emake3d-vn<br \/>\n\ud83d\uded2Webslite Th\u1ebf H\u1ec7 K\u1ebf Ti\u1ebfp =&gt;https:\/\/www.theheketiep.com\/<br \/>\n\ud83d\uded2Webslite NGE.VN =&gt;https:\/\/www.nge.vn\/<br \/>\nHo\u1eb7c b\u1ea1n g\u1ecdi 094.144.0951 g\u1eb7p m\u00ecnh<br \/>\nHo\u1eb7c 0913939775 g\u1eb7p anh Qu\u00e2n<br \/>\n** Price does not include VAT (+8 or 10% if VAT invoice is issued)<\/p>","protected":false},"excerpt":{"rendered":"<p data-start=\"299\" data-end=\"487\">Nh\u1ef1a in eSun A200 eResin-ABS Pro l\u00e0 nh\u1ef1a in 3D k\u1ef9 thu\u1eadt v\u1edbi \u0111\u1ed9 b\u1ec1n cao, ch\u1ed1ng va \u0111\u1eadp, co ng\u00f3t th\u1ea5p v\u00e0 \u0111\u1ed9 ch\u00ednh x\u00e1c cao. L\u00fd t\u01b0\u1edfng cho in m\u1eabu c\u00e1c k\u1ef9 thu\u1eadt.<\/p>","protected":false},"featured_media":6446,"comment_status":"open","ping_status":"closed","template":"","meta":{"inline_featured_image":false},"product_brand":[],"product_cat":[455,43,464],"product_tag":[863,619,829,663,697,613],"class_list":{"0":"post-6444","1":"product","2":"type-product","3":"status-publish","4":"has-post-thumbnail","6":"product_cat-nhua-in-3d","7":"product_cat-nhua-in-3d-resin","8":"product_cat-nhua-in-3d-resin-esun","9":"product_tag-abs","10":"product_tag-esun","11":"product_tag-in3d","12":"product_tag-nge3d","13":"product_tag-nhuain3d","14":"product_tag-resin","16":"first","17":"instock","18":"taxable","19":"shipping-taxable","20":"purchasable","21":"product-type-variable"},"yoast_head":"<!-- This site is optimized with the Yoast SEO Premium plugin v22.8 (Yoast SEO v26.9) - https:\/\/yoast.com\/product\/yoast-seo-premium-wordpress\/ -->\n<title>Nh\u1ef1a in 3d resin eSun A200 eResin-ABS Pro 0.5kg - NGE 3D Printers Services<\/title>\n<meta name=\"description\" content=\"Nh\u1ef1a in eSun A200 eResin-ABS Pro l\u00e0 nh\u1ef1a in 3D k\u1ef9 thu\u1eadt v\u1edbi \u0111\u1ed9 b\u1ec1n cao, ch\u1ed1ng va \u0111\u1eadp, co ng\u00f3t th\u1ea5p v\u00e0 \u0111\u1ed9 ch\u00ednh x\u00e1c cao. L\u00fd t\u01b0\u1edfng cho in m\u1eabu c\u00e1c k\u1ef9 thu\u1eadt.\" \/>\n<meta name=\"robots\" content=\"index, follow, max-snippet:-1, max-image-preview:large, max-video-preview:-1\" \/>\n<link rel=\"canonical\" href=\"https:\/\/nge.vn\/en\/product\/nhua-in-3d-resin-esun-a200-eresin-abs-pro-0-5kg\/\" \/>\n<meta property=\"og:locale\" content=\"en_US\" \/>\n<meta property=\"og:type\" content=\"article\" \/>\n<meta property=\"og:title\" content=\"Nh\u1ef1a in 3d resin eSun A200 eResin-ABS Pro 0.5kg\" \/>\n<meta property=\"og:description\" content=\"Nh\u1ef1a in eSun A200 eResin-ABS Pro l\u00e0 nh\u1ef1a in 3D k\u1ef9 thu\u1eadt v\u1edbi \u0111\u1ed9 b\u1ec1n cao, ch\u1ed1ng va \u0111\u1eadp, co ng\u00f3t th\u1ea5p v\u00e0 \u0111\u1ed9 ch\u00ednh x\u00e1c cao. L\u00fd t\u01b0\u1edfng cho in m\u1eabu c\u00e1c k\u1ef9 thu\u1eadt.\" \/>\n<meta property=\"og:url\" content=\"https:\/\/nge.vn\/en\/product\/nhua-in-3d-resin-esun-a200-eresin-abs-pro-0-5kg\/\" \/>\n<meta property=\"og:site_name\" content=\"NGE 3D Printers Services\" \/>\n<meta property=\"og:image\" content=\"https:\/\/nge.vn\/wp-content\/uploads\/2025\/08\/vn-11134207-7r98o-ll5vjcuxbzxyfe_tn.jpeg\" \/>\n\t<meta property=\"og:image:width\" content=\"320\" \/>\n\t<meta property=\"og:image:height\" content=\"320\" \/>\n\t<meta property=\"og:image:type\" content=\"image\/jpeg\" \/>\n<meta name=\"twitter:card\" content=\"summary_large_image\" \/>\n<meta name=\"twitter:label1\" content=\"Est. reading time\" \/>\n\t<meta name=\"twitter:data1\" content=\"3 minutes\" \/>\n<script type=\"application\/ld+json\" class=\"yoast-schema-graph\">{\"@context\":\"https:\/\/schema.org\",\"@graph\":[{\"@type\":\"WebPage\",\"@id\":\"https:\/\/nge.vn\/san-pham\/nhua-in-3d-resin-esun-a200-eresin-abs-pro-0-5kg\/\",\"url\":\"https:\/\/nge.vn\/san-pham\/nhua-in-3d-resin-esun-a200-eresin-abs-pro-0-5kg\/\",\"name\":\"Nh\u1ef1a in 3d resin eSun A200 eResin-ABS Pro 0.5kg - NGE 3D Printers Services\",\"isPartOf\":{\"@id\":\"https:\/\/nge.vn\/#website\"},\"primaryImageOfPage\":{\"@id\":\"https:\/\/nge.vn\/san-pham\/nhua-in-3d-resin-esun-a200-eresin-abs-pro-0-5kg\/#primaryimage\"},\"image\":{\"@id\":\"https:\/\/nge.vn\/san-pham\/nhua-in-3d-resin-esun-a200-eresin-abs-pro-0-5kg\/#primaryimage\"},\"thumbnailUrl\":\"https:\/\/nge.vn\/wp-content\/uploads\/2025\/08\/vn-11134207-7r98o-ll5vjcuxbzxyfe_tn.jpeg\",\"datePublished\":\"2025-08-06T10:45:37+00:00\",\"description\":\"Nh\u1ef1a in eSun A200 eResin-ABS Pro l\u00e0 nh\u1ef1a in 3D k\u1ef9 thu\u1eadt v\u1edbi \u0111\u1ed9 b\u1ec1n cao, ch\u1ed1ng va \u0111\u1eadp, co ng\u00f3t th\u1ea5p v\u00e0 \u0111\u1ed9 ch\u00ednh x\u00e1c cao. L\u00fd t\u01b0\u1edfng cho in m\u1eabu c\u00e1c k\u1ef9 thu\u1eadt.\",\"breadcrumb\":{\"@id\":\"https:\/\/nge.vn\/san-pham\/nhua-in-3d-resin-esun-a200-eresin-abs-pro-0-5kg\/#breadcrumb\"},\"inLanguage\":\"en-US\",\"potentialAction\":[{\"@type\":\"ReadAction\",\"target\":[\"https:\/\/nge.vn\/san-pham\/nhua-in-3d-resin-esun-a200-eresin-abs-pro-0-5kg\/\"]}]},{\"@type\":\"ImageObject\",\"inLanguage\":\"en-US\",\"@id\":\"https:\/\/nge.vn\/san-pham\/nhua-in-3d-resin-esun-a200-eresin-abs-pro-0-5kg\/#primaryimage\",\"url\":\"https:\/\/nge.vn\/wp-content\/uploads\/2025\/08\/vn-11134207-7r98o-ll5vjcuxbzxyfe_tn.jpeg\",\"contentUrl\":\"https:\/\/nge.vn\/wp-content\/uploads\/2025\/08\/vn-11134207-7r98o-ll5vjcuxbzxyfe_tn.jpeg\",\"width\":320,\"height\":320},{\"@type\":\"BreadcrumbList\",\"@id\":\"https:\/\/nge.vn\/san-pham\/nhua-in-3d-resin-esun-a200-eresin-abs-pro-0-5kg\/#breadcrumb\",\"itemListElement\":[{\"@type\":\"ListItem\",\"position\":1,\"name\":\"Trang ch\u1ee7\",\"item\":\"https:\/\/nge.vn\/\"},{\"@type\":\"ListItem\",\"position\":2,\"name\":\"S\u1ea3n ph\u1ea9m\",\"item\":\"https:\/\/nge.vn\/san-pham\/\"},{\"@type\":\"ListItem\",\"position\":3,\"name\":\"Nh\u1ef1a in 3d resin eSun A200 eResin-ABS Pro 0.5kg\"}]},{\"@type\":\"WebSite\",\"@id\":\"https:\/\/nge.vn\/#website\",\"url\":\"https:\/\/nge.vn\/\",\"name\":\"NGE 3D Printers Services\",\"description\":\"\",\"potentialAction\":[{\"@type\":\"SearchAction\",\"target\":{\"@type\":\"EntryPoint\",\"urlTemplate\":\"https:\/\/nge.vn\/?s={search_term_string}\"},\"query-input\":{\"@type\":\"PropertyValueSpecification\",\"valueRequired\":true,\"valueName\":\"search_term_string\"}}],\"inLanguage\":\"en-US\"}]}<\/script>\n<!-- \/ Yoast SEO Premium plugin. -->","yoast_head_json":{"title":"Nh\u1ef1a in 3d resin eSun A200 eResin-ABS Pro 0.5kg - NGE 3D Printers Services","description":"Nh\u1ef1a in eSun A200 eResin-ABS Pro l\u00e0 nh\u1ef1a in 3D k\u1ef9 thu\u1eadt v\u1edbi \u0111\u1ed9 b\u1ec1n cao, ch\u1ed1ng va \u0111\u1eadp, co ng\u00f3t th\u1ea5p v\u00e0 \u0111\u1ed9 ch\u00ednh x\u00e1c cao. L\u00fd t\u01b0\u1edfng cho in m\u1eabu c\u00e1c k\u1ef9 thu\u1eadt.","robots":{"index":"index","follow":"follow","max-snippet":"max-snippet:-1","max-image-preview":"max-image-preview:large","max-video-preview":"max-video-preview:-1"},"canonical":"https:\/\/nge.vn\/en\/product\/nhua-in-3d-resin-esun-a200-eresin-abs-pro-0-5kg\/","og_locale":"en_US","og_type":"article","og_title":"Nh\u1ef1a in 3d resin eSun A200 eResin-ABS Pro 0.5kg","og_description":"Nh\u1ef1a in eSun A200 eResin-ABS Pro l\u00e0 nh\u1ef1a in 3D k\u1ef9 thu\u1eadt v\u1edbi \u0111\u1ed9 b\u1ec1n cao, ch\u1ed1ng va \u0111\u1eadp, co ng\u00f3t th\u1ea5p v\u00e0 \u0111\u1ed9 ch\u00ednh x\u00e1c cao. L\u00fd t\u01b0\u1edfng cho in m\u1eabu c\u00e1c k\u1ef9 thu\u1eadt.","og_url":"https:\/\/nge.vn\/en\/product\/nhua-in-3d-resin-esun-a200-eresin-abs-pro-0-5kg\/","og_site_name":"NGE 3D Printers Services","og_image":[{"width":320,"height":320,"url":"https:\/\/nge.vn\/wp-content\/uploads\/2025\/08\/vn-11134207-7r98o-ll5vjcuxbzxyfe_tn.jpeg","type":"image\/jpeg"}],"twitter_card":"summary_large_image","twitter_misc":{"Est. reading time":"3 minutes"},"schema":{"@context":"https:\/\/schema.org","@graph":[{"@type":"WebPage","@id":"https:\/\/nge.vn\/san-pham\/nhua-in-3d-resin-esun-a200-eresin-abs-pro-0-5kg\/","url":"https:\/\/nge.vn\/san-pham\/nhua-in-3d-resin-esun-a200-eresin-abs-pro-0-5kg\/","name":"Nh\u1ef1a in 3d resin eSun A200 eResin-ABS Pro 0.5kg - NGE 3D Printers Services","isPartOf":{"@id":"https:\/\/nge.vn\/#website"},"primaryImageOfPage":{"@id":"https:\/\/nge.vn\/san-pham\/nhua-in-3d-resin-esun-a200-eresin-abs-pro-0-5kg\/#primaryimage"},"image":{"@id":"https:\/\/nge.vn\/san-pham\/nhua-in-3d-resin-esun-a200-eresin-abs-pro-0-5kg\/#primaryimage"},"thumbnailUrl":"https:\/\/nge.vn\/wp-content\/uploads\/2025\/08\/vn-11134207-7r98o-ll5vjcuxbzxyfe_tn.jpeg","datePublished":"2025-08-06T10:45:37+00:00","description":"Nh\u1ef1a in eSun A200 eResin-ABS Pro l\u00e0 nh\u1ef1a in 3D k\u1ef9 thu\u1eadt v\u1edbi \u0111\u1ed9 b\u1ec1n cao, ch\u1ed1ng va \u0111\u1eadp, co ng\u00f3t th\u1ea5p v\u00e0 \u0111\u1ed9 ch\u00ednh x\u00e1c cao. L\u00fd t\u01b0\u1edfng cho in m\u1eabu c\u00e1c k\u1ef9 thu\u1eadt.","breadcrumb":{"@id":"https:\/\/nge.vn\/san-pham\/nhua-in-3d-resin-esun-a200-eresin-abs-pro-0-5kg\/#breadcrumb"},"inLanguage":"en-US","potentialAction":[{"@type":"ReadAction","target":["https:\/\/nge.vn\/san-pham\/nhua-in-3d-resin-esun-a200-eresin-abs-pro-0-5kg\/"]}]},{"@type":"ImageObject","inLanguage":"en-US","@id":"https:\/\/nge.vn\/san-pham\/nhua-in-3d-resin-esun-a200-eresin-abs-pro-0-5kg\/#primaryimage","url":"https:\/\/nge.vn\/wp-content\/uploads\/2025\/08\/vn-11134207-7r98o-ll5vjcuxbzxyfe_tn.jpeg","contentUrl":"https:\/\/nge.vn\/wp-content\/uploads\/2025\/08\/vn-11134207-7r98o-ll5vjcuxbzxyfe_tn.jpeg","width":320,"height":320},{"@type":"BreadcrumbList","@id":"https:\/\/nge.vn\/san-pham\/nhua-in-3d-resin-esun-a200-eresin-abs-pro-0-5kg\/#breadcrumb","itemListElement":[{"@type":"ListItem","position":1,"name":"Trang ch\u1ee7","item":"https:\/\/nge.vn\/"},{"@type":"ListItem","position":2,"name":"S\u1ea3n ph\u1ea9m","item":"https:\/\/nge.vn\/san-pham\/"},{"@type":"ListItem","position":3,"name":"Nh\u1ef1a in 3d resin eSun A200 eResin-ABS Pro 0.5kg"}]},{"@type":"WebSite","@id":"https:\/\/nge.vn\/#website","url":"https:\/\/nge.vn\/","name":"NGE 3D Printers Services","description":"","potentialAction":[{"@type":"SearchAction","target":{"@type":"EntryPoint","urlTemplate":"https:\/\/nge.vn\/?s={search_term_string}"},"query-input":{"@type":"PropertyValueSpecification","valueRequired":true,"valueName":"search_term_string"}}],"inLanguage":"en-US"}]}},"_links":{"self":[{"href":"https:\/\/nge.vn\/en\/wp-json\/wp\/v2\/product\/6444","targetHints":{"allow":["GET"]}}],"collection":[{"href":"https:\/\/nge.vn\/en\/wp-json\/wp\/v2\/product"}],"about":[{"href":"https:\/\/nge.vn\/en\/wp-json\/wp\/v2\/types\/product"}],"replies":[{"embeddable":true,"href":"https:\/\/nge.vn\/en\/wp-json\/wp\/v2\/comments?post=6444"}],"wp:featuredmedia":[{"embeddable":true,"href":"https:\/\/nge.vn\/en\/wp-json\/wp\/v2\/media\/6446"}],"wp:attachment":[{"href":"https:\/\/nge.vn\/en\/wp-json\/wp\/v2\/media?parent=6444"}],"wp:term":[{"taxonomy":"product_brand","embeddable":true,"href":"https:\/\/nge.vn\/en\/wp-json\/wp\/v2\/product_brand?post=6444"},{"taxonomy":"product_cat","embeddable":true,"href":"https:\/\/nge.vn\/en\/wp-json\/wp\/v2\/product_cat?post=6444"},{"taxonomy":"product_tag","embeddable":true,"href":"https:\/\/nge.vn\/en\/wp-json\/wp\/v2\/product_tag?post=6444"}],"curies":[{"name":"wp","href":"https:\/\/api.w.org\/{rel}","templated":true}]}}